{"id":1026,"date":"2015-04-08T06:59:41","date_gmt":"2015-04-08T06:59:41","guid":{"rendered":"http:\/\/lux.www2.realat.lv\/wordpress\/?page_id=1026"},"modified":"2020-01-22T20:42:27","modified_gmt":"2020-01-22T18:42:27","slug":"sakums","status":"publish","type":"page","link":"https:\/\/www2.realat.lv\/en\/","title":{"rendered":"Home"},"content":{"rendered":"<p><\/p>\n<p><div class=\"prop-count-bg\"><div class=\"center-block pt40 mobpt\"><h1 class=\"center osLight pt20\" style=\"color:#9D9FA2;font-size:30px;\">Real estate in Latvia<\/h1><div class=\"underline\"><img decoding=\"async\" src=\"https:\/\/www2.realat.lv\/wp-content\/themes\/realeswp\/images\/line.png\"\/><\/div><div class=\"row pb40\"><div class=\"prop-count\"><div class=\"col-md-2 col-sm-4 col-xs-4 text-center mob-stype bt br bl bb desktop-hidden\"><a href=\"https:\/\/www2.realat.lv\/url.php?scat=1481&view=rezgis&lang=en\"><img decoding=\"async\" src=\"https:\/\/www2.realat.lv\/wp-content\/themes\/realeswp\/images\/3.png\"\/><div class=\"ico-home-title mob-stype-tilte\">Houses<\/div><\/a><div class=\"prop-count-font\"><span class=\"counter\">183<\/span><\/div><\/div><div class=\"col-md-2 col-sm-4 col-xs-4 text-center mob-stype bt br bl bb mob-hidden\"><a href=\"https:\/\/www2.realat.lv\/url.php?scat=1481&view=saraksts&lang=en\"><img decoding=\"async\" src=\"https:\/\/www2.realat.lv\/wp-content\/themes\/realeswp\/images\/3.png\"\/><div class=\"ico-home-title mob-stype-tilte\">Houses<\/div><\/a><div class=\"prop-count-font\"><span class=\"counter\">183<\/span><\/div><\/div><div class=\"col-md-2 col-sm-4 col-xs-4 text-center mob-stype bt br bl bb\"><a href=\"https:\/\/www2.realat.lv\/en\/new-projects\/?newproj=1599&view=rezgis\"><img decoding=\"async\" src=\"https:\/\/www2.realat.lv\/wp-content\/themes\/realeswp\/images\/Jaunie_projekti.png\"\/><div class=\"ico-home-title mob-stype-tilte\">New projects<\/div><\/a><div class=\"prop-count-font\"><span class=\"counter\">529<\/span><\/div><\/div><div class=\"col-md-2 col-sm-4 col-xs-4 text-center mob-stype bt br bl bb desktop-hidden\"><a href=\"https:\/\/www2.realat.lv\/url.php?scat=1483&view=rezgis&lang=en\"><img decoding=\"async\" src=\"https:\/\/www2.realat.lv\/wp-content\/themes\/realeswp\/images\/1.png\"\/><div class=\"ico-home-title mob-stype-tilte\">Flats<\/div><\/a><div class=\"prop-count-font\"><span class=\"counter\">436<\/span><\/div><\/div><div class=\"col-md-2 col-sm-4 col-xs-4 text-center mob-stype bt br bl bb mob-hidden\"><a href=\"https:\/\/www2.realat.lv\/url.php?scat=1483&view=saraksts&lang=en\"><img decoding=\"async\" src=\"https:\/\/www2.realat.lv\/wp-content\/themes\/realeswp\/images\/1.png\"\/><div class=\"ico-home-title mob-stype-tilte\">Flats<\/div><\/a><div class=\"prop-count-font\"><span class=\"counter\">436<\/span><\/div><\/div><div class=\"col-md-2 col-sm-4 col-xs-4 text-center mob-stype bt br bl bb desktop-hidden\"><a href=\"https:\/\/www2.realat.lv\/url.php?scat=1501&view=rezgis&lang=en\"><img decoding=\"async\" src=\"https:\/\/www2.realat.lv\/wp-content\/themes\/realeswp\/images\/8.png\"\/><div class=\"ico-home-title mob-stype-tilte\">Land<\/div><\/a><div class=\"prop-count-font\"><span class=\"counter\">87<\/span><\/div><\/div><div class=\"col-md-2 col-sm-4 col-xs-4 text-center mob-stype bt br bl bb mob-hidden\"><a href=\"https:\/\/www2.realat.lv\/url.php?scat=1501&view=saraksts&lang=en\"><img decoding=\"async\" src=\"https:\/\/www2.realat.lv\/wp-content\/themes\/realeswp\/images\/8.png\"\/><div class=\"ico-home-title mob-stype-tilte\">Land<\/div><\/a><div class=\"prop-count-font\"><span class=\"counter\">87<\/span><\/div><\/div><div class=\"col-md-2 col-sm-4 col-xs-4 text-center mob-stype bt br bl bb desktop-hidden\"><a href=\"https:\/\/www2.realat.lv\/url.php?scat=1514&view=rezgis&lang=en\"><img decoding=\"async\" src=\"https:\/\/www2.realat.lv\/wp-content\/themes\/realeswp\/images\/4.png\"\/><div class=\"ico-home-title mob-stype-tilte\">Commercial premises<\/div><\/a><div class=\"prop-count-font\"><span class=\"counter\">647<\/span><\/div><\/div><div class=\"col-md-2 col-sm-4 col-xs-4 text-center mob-stype bt br bl bb mob-hidden\"><a href=\"https:\/\/www2.realat.lv\/url.php?scat=1514&view=saraksts&lang=en\"><img decoding=\"async\" src=\"https:\/\/www2.realat.lv\/wp-content\/themes\/realeswp\/images\/4.png\"\/><div class=\"ico-home-title mob-stype-tilte\">Commercial premises<\/div><\/a><div class=\"prop-count-font\"><span class=\"counter\">647<\/span><\/div><\/div><div class=\"col-md-2 col-sm-4 col-xs-4 text-center mob-stype bt br bl bb desktop-hidden\"><a href=\"https:\/\/www2.realat.lv\/url.php?scat=1538&view=rezgis&lang=en\"><img decoding=\"async\" src=\"https:\/\/www2.realat.lv\/wp-content\/themes\/realeswp\/images\/9.png\"\/><div class=\"ico-home-title mob-stype-tilte\">Investment projects<\/div><\/a><div class=\"prop-count-font\"><span class=\"counter\">11<\/span><\/div><\/div><div class=\"col-md-2 col-sm-4 col-xs-4 text-center mob-stype bt br bl bb mob-hidden\"><a href=\"https:\/\/www2.realat.lv\/url.php?scat=1538&view=saraksts&lang=en\"><img decoding=\"async\" src=\"https:\/\/www2.realat.lv\/wp-content\/themes\/realeswp\/images\/9.png\"\/><div class=\"ico-home-title mob-stype-tilte\">Investment projects<\/div><\/a><div class=\"prop-count-font\"><span class=\"counter\">11<\/span><\/div><\/div><\/div><\/div><\/div><\/div> <div class=\"bg hidden-xs hidden-sm\">\r\n    <div class=\"cont-nav\">\r\n        <div class=\"center-block\">\r\n            <div class=\"cont-nav-pic\">\r\n                <a id=\"content_menu_link\" href=\"\" target=\"_blank\">\r\n                    <img decoding=\"async\" id=\"content_menu_img\" src=\"\" alt=\"image\" \/>\r\n                <\/a>\r\n            <\/div>\r\n            <div class=\"cont-nav-links\">\r\n                <div class=\"row\">\r\n                    <div class=\"col-xs-12 col-sm-8 col-md-4 col-lg-4 s-menu-item2\">\r\n                        <a href=\"https:\/\/www2.realat.lv\/en\/jaunumi\/?news=1\">\r\n                            <span class=\"icon-news s-icon3\"><\/span>\r\n                            <div class=\"s-content\">\r\n                                <h2 class=\"centered s-main2 osLight\">News<\/h2>\r\n                            <\/div>\r\n                        <\/a>\r\n                    <\/div>\r\n                    <div class=\"col-xs-12 col-sm-8 col-md-4 col-lg-4 s-menu-item2\">\r\n                        <a href=\"https:\/\/www2.realat.lv\/en\/search\/?newproj=1601&view=rezgis\">\r\n                            <span class=\"icon-business s-icon3\"><\/span>\r\n                            <div class=\"s-content\">\r\n                                <h2 class=\"centered s-main2 osLight\">Business centers<\/h2>\r\n                            <\/div>\r\n                        <\/a>\r\n                    <\/div>\r\n                    <div class=\"col-xs-12 col-sm-8 col-md-4 col-lg-4 s-menu-item2\">\r\n                        <a href=\"https:\/\/www2.realat.lv\/en\/search\/?newproj=1598&view=rezgis\">\r\n                            <span class=\"icon-office s-icon3\" style=\"font-size: 45px\"><\/span>\r\n                            <div class=\"s-content\">\r\n                                <h2 class=\"centered s-main2 osLight\"><\/h2>\r\n                            <\/div>\r\n                        <\/a>\r\n                    <\/div>\r\n                    <div class=\"col-xs-12 col-sm-8 col-md-4 col-lg-4 s-menu-item2\">\r\n                        <a href=\"https:\/\/www2.realat.lv\/en\/dizains\/\">\r\n                            <span class=\"icon-design s-icon3\"><\/span>\r\n                            <div class=\"s-content\">\r\n                                <h2 class=\"centered s-main2 osLight\">Design<\/h2>\r\n                            <\/div>\r\n                        <\/a>\r\n                    <\/div>\r\n                    <div class=\"col-xs-12 col-sm-8 col-md-4 col-lg-4 s-menu-item2\">\r\n                        <a href=\"https:\/\/www2.realat.lv\/en\/remonts\/\">\r\n                            <span class=\"icon-repair s-icon3\"><\/span>\r\n                            <div class=\"s-content\">\r\n                                <h2 class=\"centered s-main2 osLight\">Repair<\/h2>\r\n                            <\/div>\r\n                        <\/a>\r\n                    <\/div>\r\n                    <div class=\"col-xs-12 col-sm-8 col-md-4 col-lg-4 s-menu-item2\">\r\n                        <a href=\"https:\/\/www2.realat.lv\/en\/parvaksanas-pakalpojumi\/\">\r\n                            <span class=\"icon-moving s-icon3\"><\/span>\r\n                            <div class=\"s-content\">\r\n                                <h2 class=\"centered s-main2 osLight\">Removals services<\/h2>\r\n                            <\/div>\r\n                        <\/a>\r\n                    <\/div>\r\n                <\/div>\r\n            <\/div>\r\n        <\/div>\r\n    <\/div>\r\n<\/div>\r\n    \r\n<script language=\"javascript\">\r\nvar banners = [\r\n    {\"url\":\"https:\\\/\\\/bit.ly\\\/2S3Tlta\",\"img\":\"https:\\\/\\\/img.www2.realat.lv\\\/wp\\\/images\\\/banner3.jpg\"}\r\n];\r\nvar id = parseInt(Math.random() * (banners.length) + 1);\r\nvar banner = banners[id - 1];\r\ndocument.getElementById('content_menu_img').src = banner.img;\r\ndocument.getElementById('content_menu_link').href = banner.url;\r\n<\/script> <div class=\"center-block\"><h2 class=\"center osLight pt20\" style=\"color:#9D9FA2;font-size:30px;\">Feedback<\/h2><div class=\"underline\"><img decoding=\"async\" src=\"https:\/\/www.www2.realat.lv\/wp-content\/themes\/realeswp\/images\/line.png\"\/><\/div><div class=\"row pb40\"><div id=\"home-testimonials\" class=\"carousel slide carousel-wb mb20\" data-ride=\"carousel\"><ol class=\"carousel-indicators\"><li data-target=\"#home-testimonials\" data-slide-to=\"0\"class=\"active\" ><\/li><li data-target=\"#home-testimonials\" data-slide-to=\"1\" ><\/li><li data-target=\"#home-testimonials\" data-slide-to=\"2\" ><\/li><\/ol><div class=\"carousel-inner\" style=\"padding-left:20px;padding-right:20px;height:100px\"><div class=\"item active\"><div style=\"background-size:100px;position:absolute;background-image:url(https:\/\/www2.realat.lv\/wp-content\/themes\/realeswp\/images\/avatar.png);background-position:center;background-repeat:no-repeat;\"><img decoding=\"async\" src=\"https:\/\/www2.realat.lv\/wp-content\/themes\/realeswp\/images\/big_agent_frame.png\" alt=\"Anastasija Stokmane\" class=\"home-testim-avatar\" style=\"height:100px;\"><\/div><div class=\"home-testim\" style=\"padding-bottom:20px;\"><div class=\"home-testim-text\">Labdien! Pateicos REALAT m\u0101klerei par pal\u012bdz\u012bbu dz\u012bvok\u013ca p\u0101rdo\u0161an\u0101. Tas ietaup\u012bja manu laiku un atbr\u012bvoja no liekiem uztraukumiem (dokumentu pareiza sagatavo\u0161ana, juridiskie jaut\u0101jumi), jo zin\u0101ju, ka esmu uztic\u0113jusies zino\u0161am speci\u0101listam. Darbs ar klientiem nav viegls, bet&hellip; <strong><a class=\"read-more\" href=\"https:\/\/www2.realat.lv\/en\/testimonials\/anastasija-stokmane\/\">Read more<\/a><\/strong><\/div><div class=\"home-testim-name\">Anastasija Stokmane<\/div><\/div><\/div><div class=\"item\"><div style=\"background-size:auto 100%;position:absolute;background-image:url(https:\/\/www2.realat.lv\/wp-content\/uploads\/2026\/02\/Screenshot-2026-02-04-at-11.19.16.png);background-position:center;background-repeat:no-repeat;\"><img decoding=\"async\" src=\"https:\/\/www2.realat.lv\/wp-content\/themes\/realeswp\/images\/big_agent_frame.png\" alt=\"Ervins Strautins\" class=\"home-testim-avatar\" style=\"height:100px;\"><\/div><div class=\"home-testim\" style=\"padding-bottom:20px;\"><div class=\"home-testim-text\">Liene P\u013cavi\u0146a \u2013 a top-level real estate specialist. I am confident she will not disappoint any transaction partner \u2014 whether seller or buyer. Super positive attitude! She does more than expected. <strong><a class=\"read-more\" href=\"https:\/\/www2.realat.lv\/en\/testimonials\/ervins-strautins\/\">Read more<\/a><\/strong><\/div><div class=\"home-testim-name\">Ervins Strautins<\/div><\/div><\/div><div class=\"item\"><div style=\"background-size:100px;position:absolute;background-image:url(https:\/\/www2.realat.lv\/wp-content\/themes\/realeswp\/images\/avatar.png);background-position:center;background-repeat:no-repeat;\"><img decoding=\"async\" src=\"https:\/\/www2.realat.lv\/wp-content\/themes\/realeswp\/images\/big_agent_frame.png\" alt=\"Eduards\" class=\"home-testim-avatar\" style=\"height:100px;\"><\/div><div class=\"home-testim\" style=\"padding-bottom:20px;\"><div class=\"home-testim-text\">Grib\u0113tu izteikt pateic\u012bbu Laurim par apzin\u012bgu darbu. \u013boti v\u0113r\u012bgs un cent\u012bgs cilv\u0113ks. Ziben\u012bgi risina probl\u0113mas, organiz\u0113 tik\u0161an\u0101s, sagatavo dokumentus. Proces\u0101 vienm\u0113r pied\u0101v\u0101 da\u017e\u0101dus risin\u0101jumus, proti, kad tas ir iesp\u0113jams. Sadarbojoties visvair\u0101k iepatik\u0101s, ka Lauris ne&hellip; <strong><a class=\"read-more\" href=\"https:\/\/www2.realat.lv\/en\/testimonials\/eduards\/\">Read more<\/a><\/strong><\/div><div class=\"home-testim-name\">Eduards<\/div><\/div><\/div><\/div><\/div><\/div><\/div> <div class=\"agent-block\" style=\"width:100%;position:relative;\"><div class=\"center-block\"><h2 class=\"center osLight pt20\" style=\"color:#9D9FA2;font-size:30px;\">Find your Agent<\/h2><div class=\"underline\"><img decoding=\"async\" src=\"https:\/\/www.www2.realat.lv\/wp-content\/themes\/realeswp\/images\/line.png\"\/><\/div><div class=\"row\" style=\"width:100%\"><div id=\"home-agents\" class=\"carousel slide carousel-wb\" ><div class=\"carousel-inner\"><div class=\"item active\"><div class=\"agent\"><div class=\"agent-avat col-md-6 col-lg-6 col-sm-12 col-xs-12 hidden-xs\"><div class=\"agent-mind\"><img decoding=\"async\" class=\"lazy2\" src=\"\" data-src=\"https:\/\/www.www2.realat.lv\/wp-content\/themes\/realeswp\/images\/agent_mind.png\"\/><\/div><div class=\"agent-pencil\"><\/div><a href=\"https:\/\/www2.realat.lv\/lv\/agents\/liga\/\" ><img decoding=\"async\"  class=\"lazy\" src=\"\" data-src=\"https:\/\/img.realat.lv\/users\/wp_team_1539898347.jpg\"  style=\"padding-left:10px;width:441px;height:auto;display: block;\"  alt=\"L\u012bga Up\u012bte\"\/><\/a><\/div><div class=\"agent-info col-md-6 col-lg-6 col-sm-12 col-xs-12\"><div class=\"agent-name\">L\u012bga Up\u012bte<\/div><div class=\"agent-about\">Residential Property consultant<\/div><div class=\"agent-contact\"><div>Tel.: (+371) 67210010<\/div><div>Mob.: (+371) 26368834<\/div><div>E-mail: liga@www2.realat.lv<\/div><\/div><a class=\"btn btn-default morebutton\" href=\"https:\/\/www2.realat.lv\/lv\/agents\/liga\/\" role=\"button\">Peruse more<\/a><\/div><\/div><\/div><\/div><\/div><\/div><\/div><\/div> <div class=\"services-milda\"><div class=\"services-milda-color\"><div class=\"center-block pt40\"><h2 class=\"osLight centered white pt20\">Management services<\/h2><div class=\"row\" style=\"width:100%;\"><div class=\"row\"><div class=\"milda-serv\"><div class=\"col-xs-12 col-sm-6 col-lg-3 s-menu-item2\"><a href=\"\/offer-a-property\/\"><span class=\"icon-announce s-icon3\"><\/span><div class=\"s-content\"><h2 class=\"centered s-main2 osLight\">Offer a property<\/h2><h3 class=\"s-sub2 osLight\">Trust your real estate professionals<\/h3><\/div><\/a><\/div><div class=\"col-xs-12 col-sm-6 col-lg-3 s-menu-item2\"><a href=\"\/team\/\"><span class=\"icon-agent s-icon3\"><\/span><div class=\"s-content\"><h2 class=\"centered s-main2 osLight\">Choose your agent<\/h2><h3 class=\"s-sub2 osLight\">Professionals from different sectors, will help and advise<\/h3><\/div><\/a><\/div><div class=\"col-xs-12 col-sm-6 col-lg-3 s-menu-item2\"><a href=\"\/real-estate-evaluation\/\"><span class=\"icon-Vertejuma_pasutisana s-icon3\"><\/span><div class=\"s-content\"><h2 class=\"centered s-main2 osLight\">Order valuation<\/h2><h3 class=\"s-sub2 osLight\">Learn predictable valuation in couple hours<\/h3><\/div><\/a><\/div><div class=\"col-xs-12 col-sm-6 col-lg-3 s-menu-item2\"><a href=\"\/management-and-administration\/\"><span class=\"icon-manage s-icon3\"><\/span><div class=\"s-content\"><h2 class=\"centered s-main2 osLight\">Property management services<\/h2><h3 class=\"s-sub2 osLight\">Provide full management service cycle<\/h3><\/div><\/a><\/div><\/div><\/div><\/div><\/div><\/div><\/p>\n<p><\/p>","protected":false},"excerpt":{"rendered":"","protected":false},"author":2,"featured_media":0,"parent":0,"menu_order":0,"comment_status":"closed","ping_status":"closed","template":"fullwidth.php","meta":{"footnotes":""},"class_list":["post-1026","page","type-page","status-publish","hentry"],"yoast_head":"<!-- This site is optimized with the Yoast SEO plugin v26.9 - https:\/\/yoast.com\/product\/yoast-seo-wordpress\/ -->\n<title>REALAT.lv Real Estate | Apartments, Houses, Premises | Sale and Rent<\/title>\n<meta name=\"description\" content=\"Full Service Real Estate Agency in Latvia With Over 10 Years of Experience. Real Estate in Latvia - Apartments, Houses and Premises for Sale and Rent.\" \/>\n<meta name=\"robots\" content=\"index, follow, max-snippet:-1, max-image-preview:large, max-video-preview:-1\" \/>\n<meta name=\"twitter:card\" content=\"summary_large_image\" \/>\n<meta name=\"twitter:title\" content=\"REALAT.lv Real Estate | Apartments, Houses, Premises | Sale and Rent\" \/>\n<meta name=\"twitter:description\" content=\"Full Service Real Estate Agency in Latvia With Over 10 Years of Experience. Real Estate in Latvia - Apartments, Houses and Premises for Sale and Rent.\" \/>\n<meta name=\"twitter:label1\" content=\"Est. reading time\" \/>\n\t<meta name=\"twitter:data1\" content=\"2 minutes\" \/>\n<script type=\"application\/ld+json\" class=\"yoast-schema-graph\">{\"@context\":\"https:\/\/schema.org\",\"@graph\":[{\"@type\":\"WebPage\",\"@id\":\"https:\/\/www2.realat.lv\/en\/\",\"url\":\"https:\/\/www2.realat.lv\/en\/\",\"name\":\"REALAT.lv Real Estate | Apartments, Houses, Premises | Sale and Rent\",\"isPartOf\":{\"@id\":\"https:\/\/www2.realat.lv\/en\/#website\"},\"datePublished\":\"2015-04-08T06:59:41+00:00\",\"dateModified\":\"2020-01-22T18:42:27+00:00\",\"description\":\"Full Service Real Estate Agency in Latvia With Over 10 Years of Experience. Real Estate in Latvia - Apartments, Houses and Premises for Sale and Rent.\",\"breadcrumb\":{\"@id\":\"https:\/\/www2.realat.lv\/en\/#breadcrumb\"},\"inLanguage\":\"en-US\",\"potentialAction\":[{\"@type\":\"ReadAction\",\"target\":[\"https:\/\/www2.realat.lv\/en\/\"]}]},{\"@type\":\"BreadcrumbList\",\"@id\":\"https:\/\/www2.realat.lv\/en\/#breadcrumb\",\"itemListElement\":[{\"@type\":\"ListItem\",\"position\":1,\"name\":\"Home\",\"item\":\"https:\/\/www2.realat.lv\/en\/\"},{\"@type\":\"ListItem\",\"position\":2,\"name\":\"Home\"}]},{\"@type\":\"WebSite\",\"@id\":\"https:\/\/www2.realat.lv\/en\/#website\",\"url\":\"https:\/\/www2.realat.lv\/en\/\",\"name\":\"REALAT.lv\",\"description\":\"Nekustamie \u012bpa\u0161umi, iz\u012br\u0113, iznom\u0101 un p\u0101rdod, dz\u012bvok\u013ci, m\u0101jas, zemes, komerc\u012bpa\u0161umi, invest\u012bciju projekti, starpniec\u012bbas pakalpojumi.\",\"potentialAction\":[{\"@type\":\"SearchAction\",\"target\":{\"@type\":\"EntryPoint\",\"urlTemplate\":\"https:\/\/www2.realat.lv\/en\/?s={search_term_string}\"},\"query-input\":{\"@type\":\"PropertyValueSpecification\",\"valueRequired\":true,\"valueName\":\"search_term_string\"}}],\"inLanguage\":\"en-US\"}]}<\/script>\n<!-- \/ Yoast SEO plugin. -->","yoast_head_json":{"title":"REALAT.lv Real Estate | Apartments, Houses, Premises | Sale and Rent","description":"Full Service Real Estate Agency in Latvia With Over 10 Years of Experience. Real Estate in Latvia - Apartments, Houses and Premises for Sale and Rent.","robots":{"index":"index","follow":"follow","max-snippet":"max-snippet:-1","max-image-preview":"max-image-preview:large","max-video-preview":"max-video-preview:-1"},"twitter_card":"summary_large_image","twitter_title":"REALAT.lv Real Estate | Apartments, Houses, Premises | Sale and Rent","twitter_description":"Full Service Real Estate Agency in Latvia With Over 10 Years of Experience. Real Estate in Latvia - Apartments, Houses and Premises for Sale and Rent.","twitter_misc":{"Est. reading time":"2 minutes"},"schema":{"@context":"https:\/\/schema.org","@graph":[{"@type":"WebPage","@id":"https:\/\/www2.realat.lv\/en\/","url":"https:\/\/www2.realat.lv\/en\/","name":"REALAT.lv Real Estate | Apartments, Houses, Premises | Sale and Rent","isPartOf":{"@id":"https:\/\/www2.realat.lv\/en\/#website"},"datePublished":"2015-04-08T06:59:41+00:00","dateModified":"2020-01-22T18:42:27+00:00","description":"Full Service Real Estate Agency in Latvia With Over 10 Years of Experience. Real Estate in Latvia - Apartments, Houses and Premises for Sale and Rent.","breadcrumb":{"@id":"https:\/\/www2.realat.lv\/en\/#breadcrumb"},"inLanguage":"en-US","potentialAction":[{"@type":"ReadAction","target":["https:\/\/www2.realat.lv\/en\/"]}]},{"@type":"BreadcrumbList","@id":"https:\/\/www2.realat.lv\/en\/#breadcrumb","itemListElement":[{"@type":"ListItem","position":1,"name":"Home","item":"https:\/\/www2.realat.lv\/en\/"},{"@type":"ListItem","position":2,"name":"Home"}]},{"@type":"WebSite","@id":"https:\/\/www2.realat.lv\/en\/#website","url":"https:\/\/www2.realat.lv\/en\/","name":"REALAT.lv","description":"Nekustamie \u012bpa\u0161umi, iz\u012br\u0113, iznom\u0101 un p\u0101rdod, dz\u012bvok\u013ci, m\u0101jas, zemes, komerc\u012bpa\u0161umi, invest\u012bciju projekti, starpniec\u012bbas pakalpojumi.","potentialAction":[{"@type":"SearchAction","target":{"@type":"EntryPoint","urlTemplate":"https:\/\/www2.realat.lv\/en\/?s={search_term_string}"},"query-input":{"@type":"PropertyValueSpecification","valueRequired":true,"valueName":"search_term_string"}}],"inLanguage":"en-US"}]}},"post_mailing_queue_ids":[],"_links":{"self":[{"href":"https:\/\/www2.realat.lv\/en\/wp-json\/wp\/v2\/pages\/1026","targetHints":{"allow":["GET"]}}],"collection":[{"href":"https:\/\/www2.realat.lv\/en\/wp-json\/wp\/v2\/pages"}],"about":[{"href":"https:\/\/www2.realat.lv\/en\/wp-json\/wp\/v2\/types\/page"}],"author":[{"embeddable":true,"href":"https:\/\/www2.realat.lv\/en\/wp-json\/wp\/v2\/users\/2"}],"replies":[{"embeddable":true,"href":"https:\/\/www2.realat.lv\/en\/wp-json\/wp\/v2\/comments?post=1026"}],"version-history":[{"count":0,"href":"https:\/\/www2.realat.lv\/en\/wp-json\/wp\/v2\/pages\/1026\/revisions"}],"wp:attachment":[{"href":"https:\/\/www2.realat.lv\/en\/wp-json\/wp\/v2\/media?parent=1026"}],"curies":[{"name":"wp","href":"https:\/\/api.w.org\/{rel}","templated":true}]}}