{"id":1363905,"date":"2016-05-06T22:43:19","date_gmt":"2016-05-06T20:43:19","guid":{"rendered":"http:\/\/www2.realat.lv\/lv\/?page_id=1363905"},"modified":"2021-08-30T22:20:26","modified_gmt":"2021-08-30T20:20:26","slug":"nopirksim-jusu-nekustamo-ipasumu-dzivokli-maju-vai-zemi","status":"publish","type":"page","link":"https:\/\/www2.realat.lv\/en\/buy-your-property\/","title":{"rendered":"Buy your property"},"content":{"rendered":"<p><\/p>\n<blockquote>\n<p><span style=\"font-size: 24pt;\">NEED TO SELL YOUR PROPERTY FAST?<\/span><\/p>\n<p>WE CAN <strong>BUY YOUR PROPERTY<\/strong>\u00a0\u2013 and pay within 3 days.<\/p>\n<\/blockquote>\n<p>Ltd. REALAT buys real estate in Riga, Riga district and Jurmala.<\/p>\n<ul>\n<li>Apartments<\/li>\n<li>Houses<\/li>\n<li>Investment projects<\/li>\n<li>Commercial properties\u00a0<\/li>\n<\/ul>\n<p>&nbsp;<\/p>\n<p><strong>Real estates can be encumbered:<\/strong><\/p>\n<blockquote>\n<p>Open-ended rental agreements<\/p>\n<p>Tax and utility debts<\/p>\n<p>Unarranged documents<\/p>\n<\/blockquote>\n<p>We are considering a variety of property types and situations.<\/p>\n<p>&nbsp;<\/p>\n<p><strong>We will help you:<\/strong><\/p>\n<blockquote>\n<p>Buy new property<\/p>\n<p>Formalize deal<\/p>\n<p>Sort permits for property renovation<\/p>\n<p>Organize and control construction works during the renovation<\/p>\n<\/blockquote>\n<p>We will be able to agree on all.<\/p>\n<p>&nbsp;<\/p>\n<p><span style=\"font-size: 18pt;\">Have offer \u2013 have deal<\/span><\/p>\n<p>Offers send to <a href=\"mailto:realat@www2.realat.lv\">realat@www2.realat.lv<\/a>, or call + 371 2230 4489<\/p>\n<p>See you!<\/p>\n<p><\/p>","protected":false},"excerpt":{"rendered":"<p>NEED TO SELL YOUR PROPERTY FAST? WE CAN BUY YOUR PROPERTY\u00a0\u2013 and pay within 3 days. Ltd. REALAT buys real estate in Riga, Riga district and Jurmala. Apartments Houses Investment&#8230; <\/p>\n","protected":false},"author":2,"featured_media":1365786,"parent":0,"menu_order":0,"comment_status":"closed","ping_status":"closed","template":"single.php","meta":{"footnotes":""},"class_list":["post-1363905","page","type-page","status-publish","has-post-thumbnail","hentry"],"yoast_head":"<!-- This site is optimized with the Yoast SEO plugin v26.9 - https:\/\/yoast.com\/product\/yoast-seo-wordpress\/ -->\n<title>Nopirksim J\u016bsu nekustamo \u012bpa\u0161umu - dz\u012bvokli, m\u0101ju, zemi, komerc\u012bpa\u0161umu<\/title>\n<meta name=\"description\" content=\"Nopirksim J\u016bsu nekustamo \u012bpa\u0161umu R\u012bg\u0101, Pier\u012bg\u0101 vai J\u016brmal\u0101 - dz\u012bvokli, m\u0101ju, zemi vai komerc\u012bpa\u0161umu. Aizpildi pieteikumu un m\u0113s sazin\u0101simies.\" \/>\n<meta name=\"robots\" content=\"index, follow, max-snippet:-1, max-image-preview:large, max-video-preview:-1\" \/>\n<meta name=\"twitter:card\" content=\"summary_large_image\" \/>\n<meta name=\"twitter:title\" content=\"Nopirksim J\u016bsu nekustamo \u012bpa\u0161umu - dz\u012bvokli, m\u0101ju, zemi, komerc\u012bpa\u0161umu\" \/>\n<meta name=\"twitter:description\" content=\"Nopirksim J\u016bsu nekustamo \u012bpa\u0161umu R\u012bg\u0101, Pier\u012bg\u0101 vai J\u016brmal\u0101 - dz\u012bvokli, m\u0101ju, zemi vai komerc\u012bpa\u0161umu. Aizpildi pieteikumu un m\u0113s sazin\u0101simies.\" \/>\n<meta name=\"twitter:image\" content=\"https:\/\/www2.realat.lv\/wp-content\/uploads\/2015\/12\/22.jpg\" \/>\n<meta name=\"twitter:label1\" content=\"Est. reading time\" \/>\n\t<meta name=\"twitter:data1\" content=\"1 minute\" \/>\n<script type=\"application\/ld+json\" class=\"yoast-schema-graph\">{\"@context\":\"https:\/\/schema.org\",\"@graph\":[{\"@type\":\"WebPage\",\"@id\":\"https:\/\/www2.realat.lv\/lv\/perkam-jusu-ipasumu\/\",\"url\":\"https:\/\/www2.realat.lv\/lv\/perkam-jusu-ipasumu\/\",\"name\":\"Nopirksim J\u016bsu nekustamo \u012bpa\u0161umu - dz\u012bvokli, m\u0101ju, zemi, komerc\u012bpa\u0161umu\",\"isPartOf\":{\"@id\":\"https:\/\/www2.realat.lv\/en\/#website\"},\"primaryImageOfPage\":{\"@id\":\"https:\/\/www2.realat.lv\/lv\/perkam-jusu-ipasumu\/#primaryimage\"},\"image\":{\"@id\":\"https:\/\/www2.realat.lv\/lv\/perkam-jusu-ipasumu\/#primaryimage\"},\"thumbnailUrl\":\"https:\/\/www2.realat.lv\/wp-content\/uploads\/2015\/12\/22.jpg\",\"datePublished\":\"2016-05-06T20:43:19+00:00\",\"dateModified\":\"2021-08-30T20:20:26+00:00\",\"description\":\"Nopirksim J\u016bsu nekustamo \u012bpa\u0161umu R\u012bg\u0101, Pier\u012bg\u0101 vai J\u016brmal\u0101 - dz\u012bvokli, m\u0101ju, zemi vai komerc\u012bpa\u0161umu. Aizpildi pieteikumu un m\u0113s sazin\u0101simies.\",\"breadcrumb\":{\"@id\":\"https:\/\/www2.realat.lv\/lv\/perkam-jusu-ipasumu\/#breadcrumb\"},\"inLanguage\":\"en-US\",\"potentialAction\":[{\"@type\":\"ReadAction\",\"target\":[\"https:\/\/www2.realat.lv\/lv\/perkam-jusu-ipasumu\/\"]}]},{\"@type\":\"ImageObject\",\"inLanguage\":\"en-US\",\"@id\":\"https:\/\/www2.realat.lv\/lv\/perkam-jusu-ipasumu\/#primaryimage\",\"url\":\"https:\/\/www2.realat.lv\/wp-content\/uploads\/2015\/12\/22.jpg\",\"contentUrl\":\"https:\/\/www2.realat.lv\/wp-content\/uploads\/2015\/12\/22.jpg\",\"width\":1920,\"height\":802,\"caption\":\"P\u0113rkam J\u016bsu \u012bpa\u0161umu - dz\u012bvokli, m\u0101ju, zemi, komerc\u012bpa\u0161umu\"},{\"@type\":\"BreadcrumbList\",\"@id\":\"https:\/\/www2.realat.lv\/lv\/perkam-jusu-ipasumu\/#breadcrumb\",\"itemListElement\":[{\"@type\":\"ListItem\",\"position\":1,\"name\":\"Home\",\"item\":\"https:\/\/www2.realat.lv\/en\/\"},{\"@type\":\"ListItem\",\"position\":2,\"name\":\"P\u0113rkam J\u016bsu \u012bpa\u0161umu\"}]},{\"@type\":\"WebSite\",\"@id\":\"https:\/\/www2.realat.lv\/en\/#website\",\"url\":\"https:\/\/www2.realat.lv\/en\/\",\"name\":\"REALAT.lv\",\"description\":\"Nekustamie \u012bpa\u0161umi, iz\u012br\u0113, iznom\u0101 un p\u0101rdod, dz\u012bvok\u013ci, m\u0101jas, zemes, komerc\u012bpa\u0161umi, invest\u012bciju projekti, starpniec\u012bbas pakalpojumi.\",\"potentialAction\":[{\"@type\":\"SearchAction\",\"target\":{\"@type\":\"EntryPoint\",\"urlTemplate\":\"https:\/\/www2.realat.lv\/en\/?s={search_term_string}\"},\"query-input\":{\"@type\":\"PropertyValueSpecification\",\"valueRequired\":true,\"valueName\":\"search_term_string\"}}],\"inLanguage\":\"en-US\"}]}<\/script>\n<!-- \/ Yoast SEO plugin. -->","yoast_head_json":{"title":"Nopirksim J\u016bsu nekustamo \u012bpa\u0161umu - dz\u012bvokli, m\u0101ju, zemi, komerc\u012bpa\u0161umu","description":"Nopirksim J\u016bsu nekustamo \u012bpa\u0161umu R\u012bg\u0101, Pier\u012bg\u0101 vai J\u016brmal\u0101 - dz\u012bvokli, m\u0101ju, zemi vai komerc\u012bpa\u0161umu. Aizpildi pieteikumu un m\u0113s sazin\u0101simies.","robots":{"index":"index","follow":"follow","max-snippet":"max-snippet:-1","max-image-preview":"max-image-preview:large","max-video-preview":"max-video-preview:-1"},"twitter_card":"summary_large_image","twitter_title":"Nopirksim J\u016bsu nekustamo \u012bpa\u0161umu - dz\u012bvokli, m\u0101ju, zemi, komerc\u012bpa\u0161umu","twitter_description":"Nopirksim J\u016bsu nekustamo \u012bpa\u0161umu R\u012bg\u0101, Pier\u012bg\u0101 vai J\u016brmal\u0101 - dz\u012bvokli, m\u0101ju, zemi vai komerc\u012bpa\u0161umu. Aizpildi pieteikumu un m\u0113s sazin\u0101simies.","twitter_image":"https:\/\/www2.realat.lv\/wp-content\/uploads\/2015\/12\/22.jpg","twitter_misc":{"Est. reading time":"1 minute"},"schema":{"@context":"https:\/\/schema.org","@graph":[{"@type":"WebPage","@id":"https:\/\/www2.realat.lv\/lv\/perkam-jusu-ipasumu\/","url":"https:\/\/www2.realat.lv\/lv\/perkam-jusu-ipasumu\/","name":"Nopirksim J\u016bsu nekustamo \u012bpa\u0161umu - dz\u012bvokli, m\u0101ju, zemi, komerc\u012bpa\u0161umu","isPartOf":{"@id":"https:\/\/www2.realat.lv\/en\/#website"},"primaryImageOfPage":{"@id":"https:\/\/www2.realat.lv\/lv\/perkam-jusu-ipasumu\/#primaryimage"},"image":{"@id":"https:\/\/www2.realat.lv\/lv\/perkam-jusu-ipasumu\/#primaryimage"},"thumbnailUrl":"https:\/\/www2.realat.lv\/wp-content\/uploads\/2015\/12\/22.jpg","datePublished":"2016-05-06T20:43:19+00:00","dateModified":"2021-08-30T20:20:26+00:00","description":"Nopirksim J\u016bsu nekustamo \u012bpa\u0161umu R\u012bg\u0101, Pier\u012bg\u0101 vai J\u016brmal\u0101 - dz\u012bvokli, m\u0101ju, zemi vai komerc\u012bpa\u0161umu. Aizpildi pieteikumu un m\u0113s sazin\u0101simies.","breadcrumb":{"@id":"https:\/\/www2.realat.lv\/lv\/perkam-jusu-ipasumu\/#breadcrumb"},"inLanguage":"en-US","potentialAction":[{"@type":"ReadAction","target":["https:\/\/www2.realat.lv\/lv\/perkam-jusu-ipasumu\/"]}]},{"@type":"ImageObject","inLanguage":"en-US","@id":"https:\/\/www2.realat.lv\/lv\/perkam-jusu-ipasumu\/#primaryimage","url":"https:\/\/www2.realat.lv\/wp-content\/uploads\/2015\/12\/22.jpg","contentUrl":"https:\/\/www2.realat.lv\/wp-content\/uploads\/2015\/12\/22.jpg","width":1920,"height":802,"caption":"P\u0113rkam J\u016bsu \u012bpa\u0161umu - dz\u012bvokli, m\u0101ju, zemi, komerc\u012bpa\u0161umu"},{"@type":"BreadcrumbList","@id":"https:\/\/www2.realat.lv\/lv\/perkam-jusu-ipasumu\/#breadcrumb","itemListElement":[{"@type":"ListItem","position":1,"name":"Home","item":"https:\/\/www2.realat.lv\/en\/"},{"@type":"ListItem","position":2,"name":"P\u0113rkam J\u016bsu \u012bpa\u0161umu"}]},{"@type":"WebSite","@id":"https:\/\/www2.realat.lv\/en\/#website","url":"https:\/\/www2.realat.lv\/en\/","name":"REALAT.lv","description":"Nekustamie \u012bpa\u0161umi, iz\u012br\u0113, iznom\u0101 un p\u0101rdod, dz\u012bvok\u013ci, m\u0101jas, zemes, komerc\u012bpa\u0161umi, invest\u012bciju projekti, starpniec\u012bbas pakalpojumi.","potentialAction":[{"@type":"SearchAction","target":{"@type":"EntryPoint","urlTemplate":"https:\/\/www2.realat.lv\/en\/?s={search_term_string}"},"query-input":{"@type":"PropertyValueSpecification","valueRequired":true,"valueName":"search_term_string"}}],"inLanguage":"en-US"}]}},"post_mailing_queue_ids":[],"_links":{"self":[{"href":"https:\/\/www2.realat.lv\/en\/wp-json\/wp\/v2\/pages\/1363905","targetHints":{"allow":["GET"]}}],"collection":[{"href":"https:\/\/www2.realat.lv\/en\/wp-json\/wp\/v2\/pages"}],"about":[{"href":"https:\/\/www2.realat.lv\/en\/wp-json\/wp\/v2\/types\/page"}],"author":[{"embeddable":true,"href":"https:\/\/www2.realat.lv\/en\/wp-json\/wp\/v2\/users\/2"}],"replies":[{"embeddable":true,"href":"https:\/\/www2.realat.lv\/en\/wp-json\/wp\/v2\/comments?post=1363905"}],"version-history":[{"count":0,"href":"https:\/\/www2.realat.lv\/en\/wp-json\/wp\/v2\/pages\/1363905\/revisions"}],"wp:featuredmedia":[{"embeddable":true,"href":"https:\/\/www2.realat.lv\/en\/wp-json\/wp\/v2\/media\/1365786"}],"wp:attachment":[{"href":"https:\/\/www2.realat.lv\/en\/wp-json\/wp\/v2\/media?parent=1363905"}],"curies":[{"name":"wp","href":"https:\/\/api.w.org\/{rel}","templated":true}]}}