{"id":4104,"date":"2015-05-21T17:57:29","date_gmt":"2015-05-21T17:57:29","guid":{"rendered":"http:\/\/lux.www2.realat.lv\/wordpress\/?page_id=4104"},"modified":"2022-11-06T20:41:19","modified_gmt":"2022-11-06T18:41:19","slug":"vertesana","status":"publish","type":"page","link":"https:\/\/www2.realat.lv\/en\/real-estate-valuation\/","title":{"rendered":"Real estate valuation"},"content":{"rendered":"<p><\/p>\n<p>Property evaluation is necessary in order to get a loan secured by real property. Thus, the bank can be sure about a market value of real estate, so valuating is one of the parameters used to determine the amount of the loan.<\/p>\n<p>When evaluating the property \u2013 the location of the building, the technical condition of the house or apartment (or a whole building), location of the apartment\/house are also being taken into account. Also a company serving the property is being specified.<\/p>\n<p><span style=\"font-size: 14pt;\">Approximate cost estimates:<\/span><\/p>\n<blockquote>\n<p>\nApartment &#8211; from Eur\u00a0140 &#8211; Eur\u00a0160<\/p>\n<p>Home &#8211; from Eur 240 &#8211; Eur\u00a0300<\/p>\n<\/blockquote>\n<p>&nbsp;<\/p>\n<p>Would you like to know the value of your property?<\/p>\n<p>Send us a request and we will answer you very soon!<\/p>\n<p><\/p>","protected":false},"excerpt":{"rendered":"<p>Property evaluation is necessary in order to get a loan secured by real property. Thus, the bank can be sure about a market value of real estate, so valuating is&#8230; <\/p>\n","protected":false},"author":2,"featured_media":1373988,"parent":0,"menu_order":0,"comment_status":"closed","ping_status":"closed","template":"single.php","meta":{"footnotes":""},"class_list":["post-4104","page","type-page","status-publish","has-post-thumbnail","hentry"],"yoast_head":"<!-- This site is optimized with the Yoast SEO plugin v26.9 - https:\/\/yoast.com\/product\/yoast-seo-wordpress\/ -->\n<title>Real estate valuation - REALAT.lv<\/title>\n<meta name=\"description\" content=\"Nekustam\u0101 \u012bpa\u0161uma v\u0113rt\u0113jums ir nepiecie\u0161ams, lai sa\u0146emtu kred\u012btu pret nekustam\u0101 \u012bpa\u0161uma \u0137\u012blu. V\u0113rt\u0113jumu atz\u012bst visas Latvijas komercbankas. Piesaki \u0161eit!\" \/>\n<meta name=\"robots\" content=\"index, follow, max-snippet:-1, max-image-preview:large, max-video-preview:-1\" \/>\n<meta name=\"twitter:card\" content=\"summary_large_image\" \/>\n<meta name=\"twitter:title\" content=\"Real estate valuation - REALAT.lv\" \/>\n<meta name=\"twitter:description\" content=\"{:lv}Nekustam\u0101 \u012bpa\u0161uma v\u0113rt\u0113jums ir nepiecie\u0161ams, lai sa\u0146emtu kred\u012btu pret nekustam\u0101 \u012bpa\u0161uma \u0137\u012blu. V\u0113rt\u0113jumu atz\u012bst visas Latvijas komercbankas. Piesaki \u0161eit!{:}\" \/>\n<meta name=\"twitter:image\" content=\"https:\/\/www2.realat.lv\/wp-content\/uploads\/2015\/05\/borrow-step3-visual.jpg\" \/>\n<meta name=\"twitter:label1\" content=\"Est. reading time\" \/>\n\t<meta name=\"twitter:data1\" content=\"2 minutes\" \/>\n<script type=\"application\/ld+json\" class=\"yoast-schema-graph\">{\"@context\":\"https:\/\/schema.org\",\"@graph\":[{\"@type\":\"WebPage\",\"@id\":\"https:\/\/www2.realat.lv\/lv\/nekustama-ipasuma-vertesana\/\",\"url\":\"https:\/\/www2.realat.lv\/lv\/nekustama-ipasuma-vertesana\/\",\"name\":\"Real estate valuation - REALAT.lv\",\"isPartOf\":{\"@id\":\"https:\/\/www2.realat.lv\/en\/#website\"},\"primaryImageOfPage\":{\"@id\":\"https:\/\/www2.realat.lv\/lv\/nekustama-ipasuma-vertesana\/#primaryimage\"},\"image\":{\"@id\":\"https:\/\/www2.realat.lv\/lv\/nekustama-ipasuma-vertesana\/#primaryimage\"},\"thumbnailUrl\":\"https:\/\/www2.realat.lv\/wp-content\/uploads\/2015\/05\/borrow-step3-visual.jpg\",\"datePublished\":\"2015-05-21T17:57:29+00:00\",\"dateModified\":\"2022-11-06T18:41:19+00:00\",\"description\":\"{:lv}Nekustam\u0101 \u012bpa\u0161uma v\u0113rt\u0113jums ir nepiecie\u0161ams, lai sa\u0146emtu kred\u012btu pret nekustam\u0101 \u012bpa\u0161uma \u0137\u012blu. V\u0113rt\u0113jumu atz\u012bst visas Latvijas komercbankas. Piesaki \u0161eit!{:}\",\"breadcrumb\":{\"@id\":\"https:\/\/www2.realat.lv\/lv\/nekustama-ipasuma-vertesana\/#breadcrumb\"},\"inLanguage\":\"en-US\",\"potentialAction\":[{\"@type\":\"ReadAction\",\"target\":[\"https:\/\/www2.realat.lv\/lv\/nekustama-ipasuma-vertesana\/\"]}]},{\"@type\":\"ImageObject\",\"inLanguage\":\"en-US\",\"@id\":\"https:\/\/www2.realat.lv\/lv\/nekustama-ipasuma-vertesana\/#primaryimage\",\"url\":\"https:\/\/www2.realat.lv\/wp-content\/uploads\/2015\/05\/borrow-step3-visual.jpg\",\"contentUrl\":\"https:\/\/www2.realat.lv\/wp-content\/uploads\/2015\/05\/borrow-step3-visual.jpg\",\"width\":1580,\"height\":350},{\"@type\":\"BreadcrumbList\",\"@id\":\"https:\/\/www2.realat.lv\/lv\/nekustama-ipasuma-vertesana\/#breadcrumb\",\"itemListElement\":[{\"@type\":\"ListItem\",\"position\":1,\"name\":\"Home\",\"item\":\"https:\/\/www2.realat.lv\/en\/\"},{\"@type\":\"ListItem\",\"position\":2,\"name\":\"Nekustam\u0101 \u012bpa\u0161uma v\u0113rt\u0113\u0161ana\"}]},{\"@type\":\"WebSite\",\"@id\":\"https:\/\/www2.realat.lv\/en\/#website\",\"url\":\"https:\/\/www2.realat.lv\/en\/\",\"name\":\"REALAT.lv\",\"description\":\"Nekustamie \u012bpa\u0161umi, iz\u012br\u0113, iznom\u0101 un p\u0101rdod, dz\u012bvok\u013ci, m\u0101jas, zemes, komerc\u012bpa\u0161umi, invest\u012bciju projekti, starpniec\u012bbas pakalpojumi.\",\"potentialAction\":[{\"@type\":\"SearchAction\",\"target\":{\"@type\":\"EntryPoint\",\"urlTemplate\":\"https:\/\/www2.realat.lv\/en\/?s={search_term_string}\"},\"query-input\":{\"@type\":\"PropertyValueSpecification\",\"valueRequired\":true,\"valueName\":\"search_term_string\"}}],\"inLanguage\":\"en-US\"}]}<\/script>\n<!-- \/ Yoast SEO plugin. -->","yoast_head_json":{"title":"Real estate valuation - REALAT.lv","description":"Nekustam\u0101 \u012bpa\u0161uma v\u0113rt\u0113jums ir nepiecie\u0161ams, lai sa\u0146emtu kred\u012btu pret nekustam\u0101 \u012bpa\u0161uma \u0137\u012blu. V\u0113rt\u0113jumu atz\u012bst visas Latvijas komercbankas. Piesaki \u0161eit!","robots":{"index":"index","follow":"follow","max-snippet":"max-snippet:-1","max-image-preview":"max-image-preview:large","max-video-preview":"max-video-preview:-1"},"twitter_card":"summary_large_image","twitter_title":"Real estate valuation - REALAT.lv","twitter_description":"{:lv}Nekustam\u0101 \u012bpa\u0161uma v\u0113rt\u0113jums ir nepiecie\u0161ams, lai sa\u0146emtu kred\u012btu pret nekustam\u0101 \u012bpa\u0161uma \u0137\u012blu. V\u0113rt\u0113jumu atz\u012bst visas Latvijas komercbankas. Piesaki \u0161eit!{:}","twitter_image":"https:\/\/www2.realat.lv\/wp-content\/uploads\/2015\/05\/borrow-step3-visual.jpg","twitter_misc":{"Est. reading time":"2 minutes"},"schema":{"@context":"https:\/\/schema.org","@graph":[{"@type":"WebPage","@id":"https:\/\/www2.realat.lv\/lv\/nekustama-ipasuma-vertesana\/","url":"https:\/\/www2.realat.lv\/lv\/nekustama-ipasuma-vertesana\/","name":"Real estate valuation - REALAT.lv","isPartOf":{"@id":"https:\/\/www2.realat.lv\/en\/#website"},"primaryImageOfPage":{"@id":"https:\/\/www2.realat.lv\/lv\/nekustama-ipasuma-vertesana\/#primaryimage"},"image":{"@id":"https:\/\/www2.realat.lv\/lv\/nekustama-ipasuma-vertesana\/#primaryimage"},"thumbnailUrl":"https:\/\/www2.realat.lv\/wp-content\/uploads\/2015\/05\/borrow-step3-visual.jpg","datePublished":"2015-05-21T17:57:29+00:00","dateModified":"2022-11-06T18:41:19+00:00","description":"{:lv}Nekustam\u0101 \u012bpa\u0161uma v\u0113rt\u0113jums ir nepiecie\u0161ams, lai sa\u0146emtu kred\u012btu pret nekustam\u0101 \u012bpa\u0161uma \u0137\u012blu. V\u0113rt\u0113jumu atz\u012bst visas Latvijas komercbankas. Piesaki \u0161eit!{:}","breadcrumb":{"@id":"https:\/\/www2.realat.lv\/lv\/nekustama-ipasuma-vertesana\/#breadcrumb"},"inLanguage":"en-US","potentialAction":[{"@type":"ReadAction","target":["https:\/\/www2.realat.lv\/lv\/nekustama-ipasuma-vertesana\/"]}]},{"@type":"ImageObject","inLanguage":"en-US","@id":"https:\/\/www2.realat.lv\/lv\/nekustama-ipasuma-vertesana\/#primaryimage","url":"https:\/\/www2.realat.lv\/wp-content\/uploads\/2015\/05\/borrow-step3-visual.jpg","contentUrl":"https:\/\/www2.realat.lv\/wp-content\/uploads\/2015\/05\/borrow-step3-visual.jpg","width":1580,"height":350},{"@type":"BreadcrumbList","@id":"https:\/\/www2.realat.lv\/lv\/nekustama-ipasuma-vertesana\/#breadcrumb","itemListElement":[{"@type":"ListItem","position":1,"name":"Home","item":"https:\/\/www2.realat.lv\/en\/"},{"@type":"ListItem","position":2,"name":"Nekustam\u0101 \u012bpa\u0161uma v\u0113rt\u0113\u0161ana"}]},{"@type":"WebSite","@id":"https:\/\/www2.realat.lv\/en\/#website","url":"https:\/\/www2.realat.lv\/en\/","name":"REALAT.lv","description":"Nekustamie \u012bpa\u0161umi, iz\u012br\u0113, iznom\u0101 un p\u0101rdod, dz\u012bvok\u013ci, m\u0101jas, zemes, komerc\u012bpa\u0161umi, invest\u012bciju projekti, starpniec\u012bbas pakalpojumi.","potentialAction":[{"@type":"SearchAction","target":{"@type":"EntryPoint","urlTemplate":"https:\/\/www2.realat.lv\/en\/?s={search_term_string}"},"query-input":{"@type":"PropertyValueSpecification","valueRequired":true,"valueName":"search_term_string"}}],"inLanguage":"en-US"}]}},"post_mailing_queue_ids":[],"_links":{"self":[{"href":"https:\/\/www2.realat.lv\/en\/wp-json\/wp\/v2\/pages\/4104","targetHints":{"allow":["GET"]}}],"collection":[{"href":"https:\/\/www2.realat.lv\/en\/wp-json\/wp\/v2\/pages"}],"about":[{"href":"https:\/\/www2.realat.lv\/en\/wp-json\/wp\/v2\/types\/page"}],"author":[{"embeddable":true,"href":"https:\/\/www2.realat.lv\/en\/wp-json\/wp\/v2\/users\/2"}],"replies":[{"embeddable":true,"href":"https:\/\/www2.realat.lv\/en\/wp-json\/wp\/v2\/comments?post=4104"}],"version-history":[{"count":0,"href":"https:\/\/www2.realat.lv\/en\/wp-json\/wp\/v2\/pages\/4104\/revisions"}],"wp:featuredmedia":[{"embeddable":true,"href":"https:\/\/www2.realat.lv\/en\/wp-json\/wp\/v2\/media\/1373988"}],"wp:attachment":[{"href":"https:\/\/www2.realat.lv\/en\/wp-json\/wp\/v2\/media?parent=4104"}],"curies":[{"name":"wp","href":"https:\/\/api.w.org\/{rel}","templated":true}]}}