{"id":4253,"date":"2015-06-11T12:24:57","date_gmt":"2015-06-11T12:24:57","guid":{"rendered":"http:\/\/lux.www2.realat.lv\/wordpress\/?page_id=4253"},"modified":"2025-07-29T10:58:38","modified_gmt":"2025-07-29T07:58:38","slug":"kapec-realat","status":"publish","type":"page","link":"https:\/\/www2.realat.lv\/en\/why-realat\/","title":{"rendered":"Why REALAT"},"content":{"rendered":"<p><\/p>\n<p><strong>We are the enterprise with many years of experience and stable name on the Latvian real estate market. Our company has managed to succesfully unite the best known professionals of the sphere and created the effective service platform.<\/strong><\/p>\n<p>Not by chance our motto is \u201cMORE THAN JUST REA ESTATE\u201d, as our office is a place of birth of the vision about real estate deals, its direction strategy and the place of final signing.\u00a0Our data base is a kind of home for the property in that period while its being on sales: we take pictures of it, we take care about the proper description of the place, creating the added value and strategy of selling. Definately we manage to find the best appropriate potential owner by the means and forces of our team of experts.\u00a0Our team consists of energetic, efficient, attractive and knowing-how professionals, which form the feeling of safety and reliability in the field.<\/p>\n<p>We\u2019ll help you to sell your property, not just because its our job, but due to the reason that its our kind of life <em>(passion).<\/em><\/p>\n<blockquote>\n<p><span style=\"font-size: 14pt;\"><strong>The priority for our agents is to clearly understand the wish of the customer so that to find the best appropriate kind of transaction strategy.<\/strong><\/span><\/p>\n<\/blockquote>\n<p>&nbsp;<\/p>\n<p><strong>We are completely aware of the fact that the real estate sales and deals are quite responsible step and that is why we are capable to provide the service on the highest quality level.<\/strong><\/p>\n<p>You will be able to sell and to arrange any other deal wth your property with the support of our professional team, saving your time and <em>money.<\/em><\/p>\n<p>&nbsp;<\/p>\n<blockquote>\n<p><strong><span style=\"font-size: 14pt;\">The sucessful deals are usually based on and supported by the professionalism and loyalty.<\/span><\/strong><\/p>\n<\/blockquote>\n<p><\/p>","protected":false},"excerpt":{"rendered":"<p>We are the enterprise with many years of experience and stable name on the Latvian real estate market. Our company has managed to succesfully unite the best known professionals of&#8230; <\/p>\n","protected":false},"author":2,"featured_media":2029080,"parent":0,"menu_order":0,"comment_status":"closed","ping_status":"closed","template":"single.php","meta":{"footnotes":""},"class_list":["post-4253","page","type-page","status-publish","has-post-thumbnail","hentry"],"yoast_head":"<!-- This site is optimized with the Yoast SEO plugin v26.9 - https:\/\/yoast.com\/product\/yoast-seo-wordpress\/ -->\n<title>Kap\u0113c REALAT - REALAT.lv<\/title>\n<meta name=\"description\" content=\"REALAT ir\u00a0uz\u0146\u0113mums ar ilggad\u0113ju pieredzi un stabilu v\u0101rdu Latvijas nekustamo \u012bpa\u0161umu tirg\u016b, kur\u0161 sp\u0113jis veiksm\u012bgi apvienot zino\u0161\u0101kos nozares speci\u0101listus.\" \/>\n<meta name=\"robots\" content=\"index, follow, max-snippet:-1, max-image-preview:large, max-video-preview:-1\" \/>\n<meta name=\"twitter:card\" content=\"summary_large_image\" \/>\n<meta name=\"twitter:title\" content=\"[:lv]K\u0101p\u0113c REALAT - REALAT.lv[:en]Kap\u0113c REALAT - REALAT.lv[:ru]K\u0101p\u0113c REALAT - REALAT.lv[:]\" \/>\n<meta name=\"twitter:description\" content=\"REALAT ir\u00a0uz\u0146\u0113mums ar ilggad\u0113ju pieredzi un stabilu v\u0101rdu Latvijas nekustamo \u012bpa\u0161umu tirg\u016b, kur\u0161 sp\u0113jis veiksm\u012bgi apvienot zino\u0161\u0101kos nozares speci\u0101listus.\" \/>\n<meta name=\"twitter:image\" content=\"https:\/\/www2.realat.lv\/wp-content\/uploads\/2021\/05\/2_1_2468958462.jpg\" \/>\n<meta name=\"twitter:label1\" content=\"Est. reading time\" \/>\n\t<meta name=\"twitter:data1\" content=\"2 minutes\" \/>\n<script type=\"application\/ld+json\" class=\"yoast-schema-graph\">{\"@context\":\"https:\/\/schema.org\",\"@graph\":[{\"@type\":\"WebPage\",\"@id\":\"https:\/\/www2.realat.lv\/lv\/kapec-realat\/\",\"url\":\"https:\/\/www2.realat.lv\/lv\/kapec-realat\/\",\"name\":\"[:lv]K\u0101p\u0113c REALAT - REALAT.lv[:en]Kap\u0113c REALAT - REALAT.lv[:ru]K\u0101p\u0113c REALAT - REALAT.lv[:]\",\"isPartOf\":{\"@id\":\"https:\/\/www2.realat.lv\/en\/#website\"},\"primaryImageOfPage\":{\"@id\":\"https:\/\/www2.realat.lv\/lv\/kapec-realat\/#primaryimage\"},\"image\":{\"@id\":\"https:\/\/www2.realat.lv\/lv\/kapec-realat\/#primaryimage\"},\"thumbnailUrl\":\"https:\/\/www2.realat.lv\/wp-content\/uploads\/2021\/05\/2_1_2468958462.jpg\",\"datePublished\":\"2015-06-11T12:24:57+00:00\",\"dateModified\":\"2025-07-29T07:58:38+00:00\",\"description\":\"REALAT ir\u00a0uz\u0146\u0113mums ar ilggad\u0113ju pieredzi un stabilu v\u0101rdu Latvijas nekustamo \u012bpa\u0161umu tirg\u016b, kur\u0161 sp\u0113jis veiksm\u012bgi apvienot zino\u0161\u0101kos nozares speci\u0101listus.\",\"breadcrumb\":{\"@id\":\"https:\/\/www2.realat.lv\/lv\/kapec-realat\/#breadcrumb\"},\"inLanguage\":\"en-US\",\"potentialAction\":[{\"@type\":\"ReadAction\",\"target\":[\"https:\/\/www2.realat.lv\/lv\/kapec-realat\/\"]}]},{\"@type\":\"ImageObject\",\"inLanguage\":\"en-US\",\"@id\":\"https:\/\/www2.realat.lv\/lv\/kapec-realat\/#primaryimage\",\"url\":\"https:\/\/www2.realat.lv\/wp-content\/uploads\/2021\/05\/2_1_2468958462.jpg\",\"contentUrl\":\"https:\/\/www2.realat.lv\/wp-content\/uploads\/2021\/05\/2_1_2468958462.jpg\",\"width\":1500,\"height\":1000},{\"@type\":\"BreadcrumbList\",\"@id\":\"https:\/\/www2.realat.lv\/lv\/kapec-realat\/#breadcrumb\",\"itemListElement\":[{\"@type\":\"ListItem\",\"position\":1,\"name\":\"Home\",\"item\":\"https:\/\/www2.realat.lv\/en\/\"},{\"@type\":\"ListItem\",\"position\":2,\"name\":\"K\u0101p\u0113c REALAT\"}]},{\"@type\":\"WebSite\",\"@id\":\"https:\/\/www2.realat.lv\/en\/#website\",\"url\":\"https:\/\/www2.realat.lv\/en\/\",\"name\":\"REALAT.lv\",\"description\":\"Nekustamie \u012bpa\u0161umi, iz\u012br\u0113, iznom\u0101 un p\u0101rdod, dz\u012bvok\u013ci, m\u0101jas, zemes, komerc\u012bpa\u0161umi, invest\u012bciju projekti, starpniec\u012bbas pakalpojumi.\",\"potentialAction\":[{\"@type\":\"SearchAction\",\"target\":{\"@type\":\"EntryPoint\",\"urlTemplate\":\"https:\/\/www2.realat.lv\/en\/?s={search_term_string}\"},\"query-input\":{\"@type\":\"PropertyValueSpecification\",\"valueRequired\":true,\"valueName\":\"search_term_string\"}}],\"inLanguage\":\"en-US\"}]}<\/script>\n<!-- \/ Yoast SEO plugin. -->","yoast_head_json":{"title":"Kap\u0113c REALAT - REALAT.lv","description":"REALAT ir\u00a0uz\u0146\u0113mums ar ilggad\u0113ju pieredzi un stabilu v\u0101rdu Latvijas nekustamo \u012bpa\u0161umu tirg\u016b, kur\u0161 sp\u0113jis veiksm\u012bgi apvienot zino\u0161\u0101kos nozares speci\u0101listus.","robots":{"index":"index","follow":"follow","max-snippet":"max-snippet:-1","max-image-preview":"max-image-preview:large","max-video-preview":"max-video-preview:-1"},"twitter_card":"summary_large_image","twitter_title":"[:lv]K\u0101p\u0113c REALAT - REALAT.lv[:en]Kap\u0113c REALAT - REALAT.lv[:ru]K\u0101p\u0113c REALAT - REALAT.lv[:]","twitter_description":"REALAT ir\u00a0uz\u0146\u0113mums ar ilggad\u0113ju pieredzi un stabilu v\u0101rdu Latvijas nekustamo \u012bpa\u0161umu tirg\u016b, kur\u0161 sp\u0113jis veiksm\u012bgi apvienot zino\u0161\u0101kos nozares speci\u0101listus.","twitter_image":"https:\/\/www2.realat.lv\/wp-content\/uploads\/2021\/05\/2_1_2468958462.jpg","twitter_misc":{"Est. reading time":"2 minutes"},"schema":{"@context":"https:\/\/schema.org","@graph":[{"@type":"WebPage","@id":"https:\/\/www2.realat.lv\/lv\/kapec-realat\/","url":"https:\/\/www2.realat.lv\/lv\/kapec-realat\/","name":"[:lv]K\u0101p\u0113c REALAT - REALAT.lv[:en]Kap\u0113c REALAT - REALAT.lv[:ru]K\u0101p\u0113c REALAT - REALAT.lv[:]","isPartOf":{"@id":"https:\/\/www2.realat.lv\/en\/#website"},"primaryImageOfPage":{"@id":"https:\/\/www2.realat.lv\/lv\/kapec-realat\/#primaryimage"},"image":{"@id":"https:\/\/www2.realat.lv\/lv\/kapec-realat\/#primaryimage"},"thumbnailUrl":"https:\/\/www2.realat.lv\/wp-content\/uploads\/2021\/05\/2_1_2468958462.jpg","datePublished":"2015-06-11T12:24:57+00:00","dateModified":"2025-07-29T07:58:38+00:00","description":"REALAT ir\u00a0uz\u0146\u0113mums ar ilggad\u0113ju pieredzi un stabilu v\u0101rdu Latvijas nekustamo \u012bpa\u0161umu tirg\u016b, kur\u0161 sp\u0113jis veiksm\u012bgi apvienot zino\u0161\u0101kos nozares speci\u0101listus.","breadcrumb":{"@id":"https:\/\/www2.realat.lv\/lv\/kapec-realat\/#breadcrumb"},"inLanguage":"en-US","potentialAction":[{"@type":"ReadAction","target":["https:\/\/www2.realat.lv\/lv\/kapec-realat\/"]}]},{"@type":"ImageObject","inLanguage":"en-US","@id":"https:\/\/www2.realat.lv\/lv\/kapec-realat\/#primaryimage","url":"https:\/\/www2.realat.lv\/wp-content\/uploads\/2021\/05\/2_1_2468958462.jpg","contentUrl":"https:\/\/www2.realat.lv\/wp-content\/uploads\/2021\/05\/2_1_2468958462.jpg","width":1500,"height":1000},{"@type":"BreadcrumbList","@id":"https:\/\/www2.realat.lv\/lv\/kapec-realat\/#breadcrumb","itemListElement":[{"@type":"ListItem","position":1,"name":"Home","item":"https:\/\/www2.realat.lv\/en\/"},{"@type":"ListItem","position":2,"name":"K\u0101p\u0113c REALAT"}]},{"@type":"WebSite","@id":"https:\/\/www2.realat.lv\/en\/#website","url":"https:\/\/www2.realat.lv\/en\/","name":"REALAT.lv","description":"Nekustamie \u012bpa\u0161umi, iz\u012br\u0113, iznom\u0101 un p\u0101rdod, dz\u012bvok\u013ci, m\u0101jas, zemes, komerc\u012bpa\u0161umi, invest\u012bciju projekti, starpniec\u012bbas pakalpojumi.","potentialAction":[{"@type":"SearchAction","target":{"@type":"EntryPoint","urlTemplate":"https:\/\/www2.realat.lv\/en\/?s={search_term_string}"},"query-input":{"@type":"PropertyValueSpecification","valueRequired":true,"valueName":"search_term_string"}}],"inLanguage":"en-US"}]}},"post_mailing_queue_ids":[],"_links":{"self":[{"href":"https:\/\/www2.realat.lv\/en\/wp-json\/wp\/v2\/pages\/4253","targetHints":{"allow":["GET"]}}],"collection":[{"href":"https:\/\/www2.realat.lv\/en\/wp-json\/wp\/v2\/pages"}],"about":[{"href":"https:\/\/www2.realat.lv\/en\/wp-json\/wp\/v2\/types\/page"}],"author":[{"embeddable":true,"href":"https:\/\/www2.realat.lv\/en\/wp-json\/wp\/v2\/users\/2"}],"replies":[{"embeddable":true,"href":"https:\/\/www2.realat.lv\/en\/wp-json\/wp\/v2\/comments?post=4253"}],"version-history":[{"count":0,"href":"https:\/\/www2.realat.lv\/en\/wp-json\/wp\/v2\/pages\/4253\/revisions"}],"wp:featuredmedia":[{"embeddable":true,"href":"https:\/\/www2.realat.lv\/en\/wp-json\/wp\/v2\/media\/2029080"}],"wp:attachment":[{"href":"https:\/\/www2.realat.lv\/en\/wp-json\/wp\/v2\/media?parent=4253"}],"curies":[{"name":"wp","href":"https:\/\/api.w.org\/{rel}","templated":true}]}}