{"id":4255,"date":"2015-06-11T12:25:29","date_gmt":"2015-06-11T12:25:29","guid":{"rendered":"http:\/\/lux.www2.realat.lv\/wordpress\/?page_id=4255"},"modified":"2024-07-09T17:47:08","modified_gmt":"2024-07-09T14:47:08","slug":"ipasuma-pardosana-7-soli","status":"publish","type":"page","link":"https:\/\/www2.realat.lv\/en\/property-for-sale-in-7-steps\/","title":{"rendered":"7 steps of the property sales process"},"content":{"rendered":"<p><\/p>\n<ol>\n<li><span style=\"font-size: 14pt;\"><strong>REALAT<\/strong><\/span><\/li>\n<\/ol>\n<p>Either the property is big or small, having decided to sell it, that kind of decision is always highly responsible and emotional.\u00a0Do not trust just your own individual point of view about how to proceed in this important matter.\u00a0Check what are the property prices on the market, what are the tendencies, what your close people think about it and ask about the experience of your friends. This will help you to understand the market situation and to take the mostly correct decision. We \u2013 REALAT \u2013 can be your friend and support in taking this essential decision.\u00a0Our professionals will be happy to provide the necessary consultations to you, regarding all your questions, connected with the property, so that you feel safety in every next step you take that way.\u00a0The choice of the right partner is the integral parts of any succesfull cooperation.<\/p>\n<p>&nbsp;<\/p>\n<ol start=\"2\">\n<li><span style=\"font-size: 14pt;\"><strong>DOCUMENTATION<\/strong><\/span><\/li>\n<\/ol>\n<p>The property is connected with the long line of numerous documentation flow, which nevertheless are important and necessary for making the deal properly in a smooth way without any delays and misleadings.\u00a0This is the reason why it is necessary to be sure that all necessary documents and paperwork is on hands. In case if not, you\u2019ll have to collect all the papers again and again. The most essential documentation, which is necessary to begin the property sale transaction:<\/p>\n<blockquote>\n<p>You will have to get the certification of the property in the Land Registry, as well as to get the information if there are any pledges or other kind of burdening on your property.<\/p>\n<p>Notarized Allowance from the Creditor (in case if the property is a pledge).<\/p>\n<p>Notarized Accord from the Spouse for the selling of property (in case you are married).<\/p>\n<p>The Land Registry should provide on request the Inventory File the plan of the land boarders.<\/p>\n<p>On the web-site <a href=\"http:\/\/www.latvija.lv\">www.latvija.lv<\/a> or in the local municipality it is possible to get the information about status of paid taxes. The property can be sold only after all taxes and duties are paid and if there are no debts on taxes!<\/p>\n<p>In case, the buyer is a non-resident, he\/she might be interested in the property\u2019s cadastral value. That can be easily found on <a href=\"http:\/\/www.kadastrs.lv\">www.kadastrs.lv<\/a><\/p>\n<\/blockquote>\n<p>If you still do not find the replies to all your questions, please do not hesitate to call the experts of REALAT and they will be glad to explain about not only the list of necessary documentation needed for the deal, but also advise on where it is possibe to get those even if they are lost due to some reasons.<\/p>\n<p>&nbsp;<\/p>\n<ol start=\"3\">\n<li><span style=\"font-size: 14pt;\"><strong>INDICATION OF THE PRICES<\/strong><\/span><\/li>\n<\/ol>\n<p>If you feel unsure which price to define for your property, please turn to the help of REALAT experts. We\u2019ll arrange the sertificated expert valuation officer for your property, who will probably dtermine the most precise actual price.\u00a0Simultaneusly, please look at the market situation in your area (city), so that you get the idea on the prices per sq meter, evaluate yourself the condition of your property in comparison to the other offers on the market, etc.\u00a0You should take into consideration the fact that the advertised prices are usually 10-20% higher that the real transcation bids.<\/p>\n<p>&nbsp;<\/p>\n<ol start=\"4\">\n<li><span style=\"font-size: 14pt;\"><strong>QUALITATIVE PICTURES<\/strong><\/span><\/li>\n<\/ol>\n<p>It is already well known that the buyer buys by eyes, therefore one of the most essential attention catching keys are the qualitative pictures of your property as well as qualitative presentation. If you are endowed by photograph potential yourself, please pay your attention on the following useful points:<\/p>\n<blockquote>\n<p>Wake away all personal items, make the premises clean and feel yourself an artist;<\/p>\n<p>Use wide angle lense and place in the picture at least three walls of the room, so that the most part of the premises is visible. Horyzontal pictures are better for the view of premises.<\/p>\n<p>Try to keep straight horizont to the line of the floor and make the photo on the eyes level.<\/p>\n<p>The light is important. Do your best to use day light. Avoid making pictures opposite to window.<\/p>\n<p>Demonstrate totally all added value of your property \u2013 parking, playground, a garden, access path, smiling neighbours and the sunrise.<\/p>\n<\/blockquote>\n<p>If you fell unsure to do all the above mentioned yourselves, we will be glad to involve our \u201ckeen on eyes\u201d specialists with the huge experience of the property exhibiting and the appropriate photo equipment.<\/p>\n<p>&nbsp;<\/p>\n<ol start=\"5\">\n<li><span style=\"font-size: 14pt;\"><strong>OFFER<\/strong><\/span><\/li>\n<\/ol>\n<p>Even if today marketing is generally based on internet resources, don\u2019t forget also about the magazines and newspapers concerning real estate. On the real estate market the envolvement of social networks (like Facebook, Twitter, etc) is getting more and more power. The wider your audience is, the more chances you have to sell your property. You have to take a valuable amount of patience, because you\u2019ll face the same huge amount of phone calls, messages, comments, tweets and critics. Also you will face quite a lot of potential \u201clookers\u201d, but never know who can be the real buyer, you have to treat every potential customer as the right one. Creation of the description has the same importance value as the photos, that is why do not miss the essential details (bonus), that will need to be marked out. Put accent on them and emphasize them as a special value for the new potential owner. In case you need creative ideas for the creation of your property\u2019s description, please find us here ready to assist. \u00a0\u00a0\u00a0<\/p>\n<p>&nbsp;<\/p>\n<ol start=\"6\">\n<li><span style=\"font-size: 14pt;\"><strong>THIS IS HOW IT GOES<\/strong><\/span><\/li>\n<\/ol>\n<p>It is necessary to realize, that no one property can be appropriate for everyone, therefore there will always be someone criticizing, someone being silent, but also someone feeling totally delight. Same with the numerous times of \u201cshowing\u201d \u2013 these are going to be quite bright and multi-coloured. Someone willing to spend his\/her weekend for watching a new potential house, another one will catch some part of the lunch time, right in the middle of the working day. Try to adjust your time accordingly, which is going to serve as the proof of your good intention and respect for the potential buyer.<\/p>\n<p>Nevertheless, if you are too busy with your work and private things and you just can\u2019t afford much time for qualitative property presentation \u2013 do not hesitate to entrust this job to us!<\/p>\n<p>&nbsp;<\/p>\n<ol start=\"7\">\n<li><strong><span style=\"font-size: 14pt;\">SOME MORE IMPORTANT NUANCES<\/span><\/strong><\/li>\n<\/ol>\n<p>In a moment your property will become the possession of another owner, so do not forget to announce the necessary service companies, such as community services company, Latvenergo, Latvijas G\u0101ze, R\u012bgas Siltums, and others involved. It is necessary to inform them on the fact that as from now on all the payments will be proceeded by the new owner. Otherwise you might continue to get the invoices for community services for a long time further.<\/p>\n<p>If you feel in need of the support during all this new experience, do not hesitate to call REALAT professionals! We will proceed your dream property ecquisition process easier and more understandable, making You happier.<\/p>\n<p><\/p>","protected":false},"excerpt":{"rendered":"<p>REALAT Either the property is big or small, having decided to sell it, that kind of decision is always highly responsible and emotional.\u00a0Do not trust just your own individual point&#8230; <\/p>\n","protected":false},"author":2,"featured_media":7592,"parent":0,"menu_order":0,"comment_status":"closed","ping_status":"closed","template":"single.php","meta":{"footnotes":""},"class_list":["post-4255","page","type-page","status-publish","has-post-thumbnail","hentry"],"yoast_head":"<!-- This site is optimized with the Yoast SEO plugin v26.9 - https:\/\/yoast.com\/product\/yoast-seo-wordpress\/ -->\n<title>\u012apa\u0161uma p\u0101rdo\u0161ana - 7 so\u013ci<\/title>\n<meta name=\"description\" content=\"\u012apa\u0161uma p\u0101rdo\u0161ana - 7 so\u013ci.\u00a0Lai ar\u012b cik liels vai mazs b\u016btu \u012bpa\u0161ums, kuru esat nol\u0113mis p\u0101rdot, \u0161is l\u0113mums ir \u013coti atbild\u012bgs un emocion\u0101ls. Nepa\u013caujies tikai uz savu individu\u0101lo viedokli par to, k\u0101dam ir j\u0101b\u016bt \u0161im noz\u012bm\u012bgajam procesam. Painteres\u0113jies, k\u0101das ir \u012bpa\u0161umu cenas, k\u0101das ir tendences, ko par to dom\u0101 tuv\u0101kie cilv\u0113ki un k\u0101da ir bijusi J\u016bsu draugu pieredze.\" \/>\n<meta name=\"robots\" content=\"index, follow, max-snippet:-1, max-image-preview:large, max-video-preview:-1\" \/>\n<meta name=\"twitter:card\" content=\"summary_large_image\" \/>\n<meta name=\"twitter:title\" content=\"[:lv]Nekustam\u0101 \u012bpa\u0161uma p\u0101rdo\u0161ana - 7 so\u013ci - REALAT.lv [:en]\u012apa\u0161uma p\u0101rdo\u0161ana - 7 so\u013ci[:ru]\u012apa\u0161uma p\u0101rdo\u0161ana - 7 so\u013ci[:]\" \/>\n<meta name=\"twitter:description\" content=\"{:lv}Nekustam\u0101 \u012bpa\u0161uma p\u0101rdo\u0161ana atbild\u012bgs un emocion\u0101ls l\u0113mums. Esam apkopoju\u0161i svar\u012bg\u0101kos 7 so\u013cus, lai \u0161is process norit\u0113tu veiksm\u012bgi. Iepaz\u012bsties ar tiem!{:en}\u012apa\u0161uma p\u0101rdo\u0161ana - 7 so\u013ci.\u00a0Lai ar\u012b cik liels vai mazs b\u016btu \u012bpa\u0161ums, kuru esat nol\u0113mis p\u0101rdot, \u0161is l\u0113mums ir \u013coti atbild\u012bgs un emocion\u0101ls. Nepa\u013caujies tikai uz savu individu\u0101lo viedokli par to, k\u0101dam ir j\u0101b\u016bt \u0161im noz\u012bm\u012bgajam procesam. Painteres\u0113jies, k\u0101das ir \u012bpa\u0161umu cenas, k\u0101das ir tendences, ko par to dom\u0101 tuv\u0101kie cilv\u0113ki un k\u0101da ir bijusi J\u016bsu draugu pieredze.{:ru}\u012apa\u0161uma p\u0101rdo\u0161ana - 7 so\u013ci.\u00a0Lai ar\u012b cik liels vai mazs b\u016btu \u012bpa\u0161ums, kuru esat nol\u0113mis p\u0101rdot, \u0161is l\u0113mums ir \u013coti atbild\u012bgs un emocion\u0101ls. Nepa\u013caujies tikai uz savu individu\u0101lo viedokli par to, k\u0101dam ir j\u0101b\u016bt \u0161im noz\u012bm\u012bgajam procesam. Painteres\u0113jies, k\u0101das ir \u012bpa\u0161umu cenas, k\u0101das ir tendences, ko par to dom\u0101 tuv\u0101kie cilv\u0113ki un k\u0101da ir bijusi J\u016bsu draugu pieredze.{:}\" \/>\n<meta name=\"twitter:image\" content=\"https:\/\/www2.realat.lv\/wp-content\/uploads\/2015\/06\/1_business-tie-e1450733232496.jpg\" \/>\n<meta name=\"twitter:label1\" content=\"Est. reading time\" \/>\n\t<meta name=\"twitter:data1\" content=\"6 minutes\" \/>\n<script type=\"application\/ld+json\" class=\"yoast-schema-graph\">{\"@context\":\"https:\/\/schema.org\",\"@graph\":[{\"@type\":\"WebPage\",\"@id\":\"https:\/\/www2.realat.lv\/lv\/7-ipasumu-pardosanas-soli\/\",\"url\":\"https:\/\/www2.realat.lv\/lv\/7-ipasumu-pardosanas-soli\/\",\"name\":\"[:lv]Nekustam\u0101 \u012bpa\u0161uma p\u0101rdo\u0161ana - 7 so\u013ci - REALAT.lv [:en]\u012apa\u0161uma p\u0101rdo\u0161ana - 7 so\u013ci[:ru]\u012apa\u0161uma p\u0101rdo\u0161ana - 7 so\u013ci[:]\",\"isPartOf\":{\"@id\":\"https:\/\/www2.realat.lv\/en\/#website\"},\"primaryImageOfPage\":{\"@id\":\"https:\/\/www2.realat.lv\/lv\/7-ipasumu-pardosanas-soli\/#primaryimage\"},\"image\":{\"@id\":\"https:\/\/www2.realat.lv\/lv\/7-ipasumu-pardosanas-soli\/#primaryimage\"},\"thumbnailUrl\":\"https:\/\/www2.realat.lv\/wp-content\/uploads\/2015\/06\/1_business-tie-e1450733232496.jpg\",\"datePublished\":\"2015-06-11T12:25:29+00:00\",\"dateModified\":\"2024-07-09T14:47:08+00:00\",\"description\":\"{:lv}Nekustam\u0101 \u012bpa\u0161uma p\u0101rdo\u0161ana atbild\u012bgs un emocion\u0101ls l\u0113mums. Esam apkopoju\u0161i svar\u012bg\u0101kos 7 so\u013cus, lai \u0161is process norit\u0113tu veiksm\u012bgi. Iepaz\u012bsties ar tiem!{:en}\u012apa\u0161uma p\u0101rdo\u0161ana - 7 so\u013ci.\u00a0Lai ar\u012b cik liels vai mazs b\u016btu \u012bpa\u0161ums, kuru esat nol\u0113mis p\u0101rdot, \u0161is l\u0113mums ir \u013coti atbild\u012bgs un emocion\u0101ls. Nepa\u013caujies tikai uz savu individu\u0101lo viedokli par to, k\u0101dam ir j\u0101b\u016bt \u0161im noz\u012bm\u012bgajam procesam. Painteres\u0113jies, k\u0101das ir \u012bpa\u0161umu cenas, k\u0101das ir tendences, ko par to dom\u0101 tuv\u0101kie cilv\u0113ki un k\u0101da ir bijusi J\u016bsu draugu pieredze.{:ru}\u012apa\u0161uma p\u0101rdo\u0161ana - 7 so\u013ci.\u00a0Lai ar\u012b cik liels vai mazs b\u016btu \u012bpa\u0161ums, kuru esat nol\u0113mis p\u0101rdot, \u0161is l\u0113mums ir \u013coti atbild\u012bgs un emocion\u0101ls. Nepa\u013caujies tikai uz savu individu\u0101lo viedokli par to, k\u0101dam ir j\u0101b\u016bt \u0161im noz\u012bm\u012bgajam procesam. Painteres\u0113jies, k\u0101das ir \u012bpa\u0161umu cenas, k\u0101das ir tendences, ko par to dom\u0101 tuv\u0101kie cilv\u0113ki un k\u0101da ir bijusi J\u016bsu draugu pieredze.{:}\",\"breadcrumb\":{\"@id\":\"https:\/\/www2.realat.lv\/lv\/7-ipasumu-pardosanas-soli\/#breadcrumb\"},\"inLanguage\":\"en-US\",\"potentialAction\":[{\"@type\":\"ReadAction\",\"target\":[\"https:\/\/www2.realat.lv\/lv\/7-ipasumu-pardosanas-soli\/\"]}]},{\"@type\":\"ImageObject\",\"inLanguage\":\"en-US\",\"@id\":\"https:\/\/www2.realat.lv\/lv\/7-ipasumu-pardosanas-soli\/#primaryimage\",\"url\":\"https:\/\/www2.realat.lv\/wp-content\/uploads\/2015\/06\/1_business-tie-e1450733232496.jpg\",\"contentUrl\":\"https:\/\/www2.realat.lv\/wp-content\/uploads\/2015\/06\/1_business-tie-e1450733232496.jpg\",\"width\":2048,\"height\":660},{\"@type\":\"BreadcrumbList\",\"@id\":\"https:\/\/www2.realat.lv\/lv\/7-ipasumu-pardosanas-soli\/#breadcrumb\",\"itemListElement\":[{\"@type\":\"ListItem\",\"position\":1,\"name\":\"Home\",\"item\":\"https:\/\/www2.realat.lv\/en\/\"},{\"@type\":\"ListItem\",\"position\":2,\"name\":\"\u012apa\u0161uma p\u0101rdo\u0161ana &#8211; 7 so\u013ci\"}]},{\"@type\":\"WebSite\",\"@id\":\"https:\/\/www2.realat.lv\/en\/#website\",\"url\":\"https:\/\/www2.realat.lv\/en\/\",\"name\":\"REALAT.lv\",\"description\":\"Nekustamie \u012bpa\u0161umi, iz\u012br\u0113, iznom\u0101 un p\u0101rdod, dz\u012bvok\u013ci, m\u0101jas, zemes, komerc\u012bpa\u0161umi, invest\u012bciju projekti, starpniec\u012bbas pakalpojumi.\",\"potentialAction\":[{\"@type\":\"SearchAction\",\"target\":{\"@type\":\"EntryPoint\",\"urlTemplate\":\"https:\/\/www2.realat.lv\/en\/?s={search_term_string}\"},\"query-input\":{\"@type\":\"PropertyValueSpecification\",\"valueRequired\":true,\"valueName\":\"search_term_string\"}}],\"inLanguage\":\"en-US\"}]}<\/script>\n<!-- \/ Yoast SEO plugin. -->","yoast_head_json":{"title":"\u012apa\u0161uma p\u0101rdo\u0161ana - 7 so\u013ci","description":"\u012apa\u0161uma p\u0101rdo\u0161ana - 7 so\u013ci.\u00a0Lai ar\u012b cik liels vai mazs b\u016btu \u012bpa\u0161ums, kuru esat nol\u0113mis p\u0101rdot, \u0161is l\u0113mums ir \u013coti atbild\u012bgs un emocion\u0101ls. Nepa\u013caujies tikai uz savu individu\u0101lo viedokli par to, k\u0101dam ir j\u0101b\u016bt \u0161im noz\u012bm\u012bgajam procesam. Painteres\u0113jies, k\u0101das ir \u012bpa\u0161umu cenas, k\u0101das ir tendences, ko par to dom\u0101 tuv\u0101kie cilv\u0113ki un k\u0101da ir bijusi J\u016bsu draugu pieredze.","robots":{"index":"index","follow":"follow","max-snippet":"max-snippet:-1","max-image-preview":"max-image-preview:large","max-video-preview":"max-video-preview:-1"},"twitter_card":"summary_large_image","twitter_title":"[:lv]Nekustam\u0101 \u012bpa\u0161uma p\u0101rdo\u0161ana - 7 so\u013ci - REALAT.lv [:en]\u012apa\u0161uma p\u0101rdo\u0161ana - 7 so\u013ci[:ru]\u012apa\u0161uma p\u0101rdo\u0161ana - 7 so\u013ci[:]","twitter_description":"{:lv}Nekustam\u0101 \u012bpa\u0161uma p\u0101rdo\u0161ana atbild\u012bgs un emocion\u0101ls l\u0113mums. Esam apkopoju\u0161i svar\u012bg\u0101kos 7 so\u013cus, lai \u0161is process norit\u0113tu veiksm\u012bgi. Iepaz\u012bsties ar tiem!{:en}\u012apa\u0161uma p\u0101rdo\u0161ana - 7 so\u013ci.\u00a0Lai ar\u012b cik liels vai mazs b\u016btu \u012bpa\u0161ums, kuru esat nol\u0113mis p\u0101rdot, \u0161is l\u0113mums ir \u013coti atbild\u012bgs un emocion\u0101ls. Nepa\u013caujies tikai uz savu individu\u0101lo viedokli par to, k\u0101dam ir j\u0101b\u016bt \u0161im noz\u012bm\u012bgajam procesam. Painteres\u0113jies, k\u0101das ir \u012bpa\u0161umu cenas, k\u0101das ir tendences, ko par to dom\u0101 tuv\u0101kie cilv\u0113ki un k\u0101da ir bijusi J\u016bsu draugu pieredze.{:ru}\u012apa\u0161uma p\u0101rdo\u0161ana - 7 so\u013ci.\u00a0Lai ar\u012b cik liels vai mazs b\u016btu \u012bpa\u0161ums, kuru esat nol\u0113mis p\u0101rdot, \u0161is l\u0113mums ir \u013coti atbild\u012bgs un emocion\u0101ls. Nepa\u013caujies tikai uz savu individu\u0101lo viedokli par to, k\u0101dam ir j\u0101b\u016bt \u0161im noz\u012bm\u012bgajam procesam. Painteres\u0113jies, k\u0101das ir \u012bpa\u0161umu cenas, k\u0101das ir tendences, ko par to dom\u0101 tuv\u0101kie cilv\u0113ki un k\u0101da ir bijusi J\u016bsu draugu pieredze.{:}","twitter_image":"https:\/\/www2.realat.lv\/wp-content\/uploads\/2015\/06\/1_business-tie-e1450733232496.jpg","twitter_misc":{"Est. reading time":"6 minutes"},"schema":{"@context":"https:\/\/schema.org","@graph":[{"@type":"WebPage","@id":"https:\/\/www2.realat.lv\/lv\/7-ipasumu-pardosanas-soli\/","url":"https:\/\/www2.realat.lv\/lv\/7-ipasumu-pardosanas-soli\/","name":"[:lv]Nekustam\u0101 \u012bpa\u0161uma p\u0101rdo\u0161ana - 7 so\u013ci - REALAT.lv [:en]\u012apa\u0161uma p\u0101rdo\u0161ana - 7 so\u013ci[:ru]\u012apa\u0161uma p\u0101rdo\u0161ana - 7 so\u013ci[:]","isPartOf":{"@id":"https:\/\/www2.realat.lv\/en\/#website"},"primaryImageOfPage":{"@id":"https:\/\/www2.realat.lv\/lv\/7-ipasumu-pardosanas-soli\/#primaryimage"},"image":{"@id":"https:\/\/www2.realat.lv\/lv\/7-ipasumu-pardosanas-soli\/#primaryimage"},"thumbnailUrl":"https:\/\/www2.realat.lv\/wp-content\/uploads\/2015\/06\/1_business-tie-e1450733232496.jpg","datePublished":"2015-06-11T12:25:29+00:00","dateModified":"2024-07-09T14:47:08+00:00","description":"{:lv}Nekustam\u0101 \u012bpa\u0161uma p\u0101rdo\u0161ana atbild\u012bgs un emocion\u0101ls l\u0113mums. Esam apkopoju\u0161i svar\u012bg\u0101kos 7 so\u013cus, lai \u0161is process norit\u0113tu veiksm\u012bgi. Iepaz\u012bsties ar tiem!{:en}\u012apa\u0161uma p\u0101rdo\u0161ana - 7 so\u013ci.\u00a0Lai ar\u012b cik liels vai mazs b\u016btu \u012bpa\u0161ums, kuru esat nol\u0113mis p\u0101rdot, \u0161is l\u0113mums ir \u013coti atbild\u012bgs un emocion\u0101ls. Nepa\u013caujies tikai uz savu individu\u0101lo viedokli par to, k\u0101dam ir j\u0101b\u016bt \u0161im noz\u012bm\u012bgajam procesam. Painteres\u0113jies, k\u0101das ir \u012bpa\u0161umu cenas, k\u0101das ir tendences, ko par to dom\u0101 tuv\u0101kie cilv\u0113ki un k\u0101da ir bijusi J\u016bsu draugu pieredze.{:ru}\u012apa\u0161uma p\u0101rdo\u0161ana - 7 so\u013ci.\u00a0Lai ar\u012b cik liels vai mazs b\u016btu \u012bpa\u0161ums, kuru esat nol\u0113mis p\u0101rdot, \u0161is l\u0113mums ir \u013coti atbild\u012bgs un emocion\u0101ls. Nepa\u013caujies tikai uz savu individu\u0101lo viedokli par to, k\u0101dam ir j\u0101b\u016bt \u0161im noz\u012bm\u012bgajam procesam. Painteres\u0113jies, k\u0101das ir \u012bpa\u0161umu cenas, k\u0101das ir tendences, ko par to dom\u0101 tuv\u0101kie cilv\u0113ki un k\u0101da ir bijusi J\u016bsu draugu pieredze.{:}","breadcrumb":{"@id":"https:\/\/www2.realat.lv\/lv\/7-ipasumu-pardosanas-soli\/#breadcrumb"},"inLanguage":"en-US","potentialAction":[{"@type":"ReadAction","target":["https:\/\/www2.realat.lv\/lv\/7-ipasumu-pardosanas-soli\/"]}]},{"@type":"ImageObject","inLanguage":"en-US","@id":"https:\/\/www2.realat.lv\/lv\/7-ipasumu-pardosanas-soli\/#primaryimage","url":"https:\/\/www2.realat.lv\/wp-content\/uploads\/2015\/06\/1_business-tie-e1450733232496.jpg","contentUrl":"https:\/\/www2.realat.lv\/wp-content\/uploads\/2015\/06\/1_business-tie-e1450733232496.jpg","width":2048,"height":660},{"@type":"BreadcrumbList","@id":"https:\/\/www2.realat.lv\/lv\/7-ipasumu-pardosanas-soli\/#breadcrumb","itemListElement":[{"@type":"ListItem","position":1,"name":"Home","item":"https:\/\/www2.realat.lv\/en\/"},{"@type":"ListItem","position":2,"name":"\u012apa\u0161uma p\u0101rdo\u0161ana &#8211; 7 so\u013ci"}]},{"@type":"WebSite","@id":"https:\/\/www2.realat.lv\/en\/#website","url":"https:\/\/www2.realat.lv\/en\/","name":"REALAT.lv","description":"Nekustamie \u012bpa\u0161umi, iz\u012br\u0113, iznom\u0101 un p\u0101rdod, dz\u012bvok\u013ci, m\u0101jas, zemes, komerc\u012bpa\u0161umi, invest\u012bciju projekti, starpniec\u012bbas pakalpojumi.","potentialAction":[{"@type":"SearchAction","target":{"@type":"EntryPoint","urlTemplate":"https:\/\/www2.realat.lv\/en\/?s={search_term_string}"},"query-input":{"@type":"PropertyValueSpecification","valueRequired":true,"valueName":"search_term_string"}}],"inLanguage":"en-US"}]}},"post_mailing_queue_ids":[],"_links":{"self":[{"href":"https:\/\/www2.realat.lv\/en\/wp-json\/wp\/v2\/pages\/4255","targetHints":{"allow":["GET"]}}],"collection":[{"href":"https:\/\/www2.realat.lv\/en\/wp-json\/wp\/v2\/pages"}],"about":[{"href":"https:\/\/www2.realat.lv\/en\/wp-json\/wp\/v2\/types\/page"}],"author":[{"embeddable":true,"href":"https:\/\/www2.realat.lv\/en\/wp-json\/wp\/v2\/users\/2"}],"replies":[{"embeddable":true,"href":"https:\/\/www2.realat.lv\/en\/wp-json\/wp\/v2\/comments?post=4255"}],"version-history":[{"count":0,"href":"https:\/\/www2.realat.lv\/en\/wp-json\/wp\/v2\/pages\/4255\/revisions"}],"wp:featuredmedia":[{"embeddable":true,"href":"https:\/\/www2.realat.lv\/en\/wp-json\/wp\/v2\/media\/7592"}],"wp:attachment":[{"href":"https:\/\/www2.realat.lv\/en\/wp-json\/wp\/v2\/media?parent=4255"}],"curies":[{"name":"wp","href":"https:\/\/api.w.org\/{rel}","templated":true}]}}