{"id":4257,"date":"2015-06-11T12:25:44","date_gmt":"2015-06-11T12:25:44","guid":{"rendered":"http:\/\/lux.www2.realat.lv\/wordpress\/?page_id=4257"},"modified":"2022-09-19T11:43:12","modified_gmt":"2022-09-19T08:43:12","slug":"piedavat-ipasumu","status":"publish","type":"page","link":"https:\/\/www2.realat.lv\/en\/offer-a-property\/","title":{"rendered":"Offer a property"},"content":{"rendered":"<p><\/p>\n<p>REALAT is a reliable partner in providing intermediate and other services!<\/p>\n<p><span style=\"font-size: 14pt;\"><strong>Our priorities are to provide you with:<\/strong><\/span><\/p>\n<blockquote>\n<p>the best tenants\/lessors<\/p>\n<p>real buyers of your property<\/p>\n<p>professional consultations concerning the real estate<\/p>\n<p>the succesfull results in effective compaign;<\/p>\n<\/blockquote>\n<p>&nbsp;<\/p>\n<p>Do you already imagine, how easily and comfortably you can get the additional income from your owned real estate?<\/p>\n<blockquote>\n<p><span style=\"font-size: 14pt;\">Please offer us your property and you will see how it works.<\/span><\/p>\n<\/blockquote>\n<p><\/p>","protected":false},"excerpt":{"rendered":"<p>REALAT is a reliable partner in providing intermediate and other services! Our priorities are to provide you with: the best tenants\/lessors real buyers of your property professional consultations concerning the&#8230; <\/p>\n","protected":false},"author":2,"featured_media":1365792,"parent":0,"menu_order":0,"comment_status":"closed","ping_status":"closed","template":"pieteikt-ipasumu.php","meta":{"footnotes":""},"class_list":["post-4257","page","type-page","status-publish","has-post-thumbnail","hentry"],"yoast_head":"<!-- This site is optimized with the Yoast SEO plugin v26.9 - https:\/\/yoast.com\/product\/yoast-seo-wordpress\/ -->\n<title>Pied\u0101v\u0101t \u012bpa\u0161umu - REALAT.lv<\/title>\n<meta name=\"description\" content=\"REALAT ir uzticams partneris starpniec\u012bbu un citu pakalpojumu snieg\u0161an\u0101!\u00a0Pied\u0101v\u0101jiet mums savu nekustamo \u012bpa\u0161umu un\u00a0J\u016bs\u00a0p\u0101rliecin\u0101sieties, k\u0101 tas darbojas.\" \/>\n<meta name=\"robots\" content=\"index, follow, max-snippet:-1, max-image-preview:large, max-video-preview:-1\" \/>\n<meta name=\"twitter:card\" content=\"summary_large_image\" \/>\n<meta name=\"twitter:title\" content=\"Pied\u0101v\u0101t \u012bpa\u0161umu - REALAT.lv\" \/>\n<meta name=\"twitter:description\" content=\"REALAT ir uzticams partneris starpniec\u012bbu un citu pakalpojumu snieg\u0161an\u0101!\u00a0Pied\u0101v\u0101jiet mums savu nekustamo \u012bpa\u0161umu un\u00a0J\u016bs\u00a0p\u0101rliecin\u0101sieties, k\u0101 tas darbojas.\" \/>\n<meta name=\"twitter:image\" content=\"https:\/\/www2.realat.lv\/wp-content\/uploads\/2015\/06\/11112222.jpg\" \/>\n<meta name=\"twitter:label1\" content=\"Est. reading time\" \/>\n\t<meta name=\"twitter:data1\" content=\"1 minute\" \/>\n<script type=\"application\/ld+json\" class=\"yoast-schema-graph\">{\"@context\":\"https:\/\/schema.org\",\"@graph\":[{\"@type\":\"WebPage\",\"@id\":\"https:\/\/www2.realat.lv\/en\/offer-a-property\/\",\"url\":\"https:\/\/www2.realat.lv\/en\/offer-a-property\/\",\"name\":\"Pied\u0101v\u0101t \u012bpa\u0161umu - REALAT.lv\",\"isPartOf\":{\"@id\":\"https:\/\/www2.realat.lv\/en\/#website\"},\"primaryImageOfPage\":{\"@id\":\"https:\/\/www2.realat.lv\/en\/offer-a-property\/#primaryimage\"},\"image\":{\"@id\":\"https:\/\/www2.realat.lv\/en\/offer-a-property\/#primaryimage\"},\"thumbnailUrl\":\"https:\/\/www2.realat.lv\/wp-content\/uploads\/2015\/06\/11112222.jpg\",\"datePublished\":\"2015-06-11T12:25:44+00:00\",\"dateModified\":\"2022-09-19T08:43:12+00:00\",\"description\":\"REALAT ir uzticams partneris starpniec\u012bbu un citu pakalpojumu snieg\u0161an\u0101!\u00a0Pied\u0101v\u0101jiet mums savu nekustamo \u012bpa\u0161umu un\u00a0J\u016bs\u00a0p\u0101rliecin\u0101sieties, k\u0101 tas darbojas.\",\"breadcrumb\":{\"@id\":\"https:\/\/www2.realat.lv\/en\/offer-a-property\/#breadcrumb\"},\"inLanguage\":\"en-US\",\"potentialAction\":[{\"@type\":\"ReadAction\",\"target\":[\"https:\/\/www2.realat.lv\/en\/offer-a-property\/\"]}]},{\"@type\":\"ImageObject\",\"inLanguage\":\"en-US\",\"@id\":\"https:\/\/www2.realat.lv\/en\/offer-a-property\/#primaryimage\",\"url\":\"https:\/\/www2.realat.lv\/wp-content\/uploads\/2015\/06\/11112222.jpg\",\"contentUrl\":\"https:\/\/www2.realat.lv\/wp-content\/uploads\/2015\/06\/11112222.jpg\",\"width\":1920,\"height\":1200},{\"@type\":\"BreadcrumbList\",\"@id\":\"https:\/\/www2.realat.lv\/en\/offer-a-property\/#breadcrumb\",\"itemListElement\":[{\"@type\":\"ListItem\",\"position\":1,\"name\":\"Home\",\"item\":\"https:\/\/www2.realat.lv\/en\/\"},{\"@type\":\"ListItem\",\"position\":2,\"name\":\"Offer a property\"}]},{\"@type\":\"WebSite\",\"@id\":\"https:\/\/www2.realat.lv\/en\/#website\",\"url\":\"https:\/\/www2.realat.lv\/en\/\",\"name\":\"REALAT.lv\",\"description\":\"Nekustamie \u012bpa\u0161umi, iz\u012br\u0113, iznom\u0101 un p\u0101rdod, dz\u012bvok\u013ci, m\u0101jas, zemes, komerc\u012bpa\u0161umi, invest\u012bciju projekti, starpniec\u012bbas pakalpojumi.\",\"potentialAction\":[{\"@type\":\"SearchAction\",\"target\":{\"@type\":\"EntryPoint\",\"urlTemplate\":\"https:\/\/www2.realat.lv\/en\/?s={search_term_string}\"},\"query-input\":{\"@type\":\"PropertyValueSpecification\",\"valueRequired\":true,\"valueName\":\"search_term_string\"}}],\"inLanguage\":\"en-US\"}]}<\/script>\n<!-- \/ Yoast SEO plugin. -->","yoast_head_json":{"title":"Pied\u0101v\u0101t \u012bpa\u0161umu - REALAT.lv","description":"REALAT ir uzticams partneris starpniec\u012bbu un citu pakalpojumu snieg\u0161an\u0101!\u00a0Pied\u0101v\u0101jiet mums savu nekustamo \u012bpa\u0161umu un\u00a0J\u016bs\u00a0p\u0101rliecin\u0101sieties, k\u0101 tas darbojas.","robots":{"index":"index","follow":"follow","max-snippet":"max-snippet:-1","max-image-preview":"max-image-preview:large","max-video-preview":"max-video-preview:-1"},"twitter_card":"summary_large_image","twitter_title":"Pied\u0101v\u0101t \u012bpa\u0161umu - REALAT.lv","twitter_description":"REALAT ir uzticams partneris starpniec\u012bbu un citu pakalpojumu snieg\u0161an\u0101!\u00a0Pied\u0101v\u0101jiet mums savu nekustamo \u012bpa\u0161umu un\u00a0J\u016bs\u00a0p\u0101rliecin\u0101sieties, k\u0101 tas darbojas.","twitter_image":"https:\/\/www2.realat.lv\/wp-content\/uploads\/2015\/06\/11112222.jpg","twitter_misc":{"Est. reading time":"1 minute"},"schema":{"@context":"https:\/\/schema.org","@graph":[{"@type":"WebPage","@id":"https:\/\/www2.realat.lv\/en\/offer-a-property\/","url":"https:\/\/www2.realat.lv\/en\/offer-a-property\/","name":"Pied\u0101v\u0101t \u012bpa\u0161umu - REALAT.lv","isPartOf":{"@id":"https:\/\/www2.realat.lv\/en\/#website"},"primaryImageOfPage":{"@id":"https:\/\/www2.realat.lv\/en\/offer-a-property\/#primaryimage"},"image":{"@id":"https:\/\/www2.realat.lv\/en\/offer-a-property\/#primaryimage"},"thumbnailUrl":"https:\/\/www2.realat.lv\/wp-content\/uploads\/2015\/06\/11112222.jpg","datePublished":"2015-06-11T12:25:44+00:00","dateModified":"2022-09-19T08:43:12+00:00","description":"REALAT ir uzticams partneris starpniec\u012bbu un citu pakalpojumu snieg\u0161an\u0101!\u00a0Pied\u0101v\u0101jiet mums savu nekustamo \u012bpa\u0161umu un\u00a0J\u016bs\u00a0p\u0101rliecin\u0101sieties, k\u0101 tas darbojas.","breadcrumb":{"@id":"https:\/\/www2.realat.lv\/en\/offer-a-property\/#breadcrumb"},"inLanguage":"en-US","potentialAction":[{"@type":"ReadAction","target":["https:\/\/www2.realat.lv\/en\/offer-a-property\/"]}]},{"@type":"ImageObject","inLanguage":"en-US","@id":"https:\/\/www2.realat.lv\/en\/offer-a-property\/#primaryimage","url":"https:\/\/www2.realat.lv\/wp-content\/uploads\/2015\/06\/11112222.jpg","contentUrl":"https:\/\/www2.realat.lv\/wp-content\/uploads\/2015\/06\/11112222.jpg","width":1920,"height":1200},{"@type":"BreadcrumbList","@id":"https:\/\/www2.realat.lv\/en\/offer-a-property\/#breadcrumb","itemListElement":[{"@type":"ListItem","position":1,"name":"Home","item":"https:\/\/www2.realat.lv\/en\/"},{"@type":"ListItem","position":2,"name":"Offer a property"}]},{"@type":"WebSite","@id":"https:\/\/www2.realat.lv\/en\/#website","url":"https:\/\/www2.realat.lv\/en\/","name":"REALAT.lv","description":"Nekustamie \u012bpa\u0161umi, iz\u012br\u0113, iznom\u0101 un p\u0101rdod, dz\u012bvok\u013ci, m\u0101jas, zemes, komerc\u012bpa\u0161umi, invest\u012bciju projekti, starpniec\u012bbas pakalpojumi.","potentialAction":[{"@type":"SearchAction","target":{"@type":"EntryPoint","urlTemplate":"https:\/\/www2.realat.lv\/en\/?s={search_term_string}"},"query-input":{"@type":"PropertyValueSpecification","valueRequired":true,"valueName":"search_term_string"}}],"inLanguage":"en-US"}]}},"post_mailing_queue_ids":[],"_links":{"self":[{"href":"https:\/\/www2.realat.lv\/en\/wp-json\/wp\/v2\/pages\/4257","targetHints":{"allow":["GET"]}}],"collection":[{"href":"https:\/\/www2.realat.lv\/en\/wp-json\/wp\/v2\/pages"}],"about":[{"href":"https:\/\/www2.realat.lv\/en\/wp-json\/wp\/v2\/types\/page"}],"author":[{"embeddable":true,"href":"https:\/\/www2.realat.lv\/en\/wp-json\/wp\/v2\/users\/2"}],"replies":[{"embeddable":true,"href":"https:\/\/www2.realat.lv\/en\/wp-json\/wp\/v2\/comments?post=4257"}],"version-history":[{"count":0,"href":"https:\/\/www2.realat.lv\/en\/wp-json\/wp\/v2\/pages\/4257\/revisions"}],"wp:featuredmedia":[{"embeddable":true,"href":"https:\/\/www2.realat.lv\/en\/wp-json\/wp\/v2\/media\/1365792"}],"wp:attachment":[{"href":"https:\/\/www2.realat.lv\/en\/wp-json\/wp\/v2\/media?parent=4257"}],"curies":[{"name":"wp","href":"https:\/\/api.w.org\/{rel}","templated":true}]}}