{"id":4263,"date":"2015-06-11T12:28:03","date_gmt":"2015-06-11T12:28:03","guid":{"rendered":"http:\/\/lux.www2.realat.lv\/wordpress\/?page_id=4263"},"modified":"2019-02-18T12:51:45","modified_gmt":"2019-02-18T10:51:45","slug":"tirgus-analize","status":"publish","type":"page","link":"https:\/\/www2.realat.lv\/en\/market-analysis\/","title":{"rendered":"Market Research"},"content":{"rendered":"<p><\/p>\n<p><span style=\"font-size: 18pt;\">The research of Latvian real estate market<\/span><\/p>\n<p>Upon your request, REALAT will prepare the detailed overview of the real estate market in Latvia.<\/p>\n<p>We monitor the market tendences, arrange the market research, profitability analysis and the sales strategy. We are your support in all the questions concerning the Latvian real estate market.<\/p>\n<blockquote>\n<p><strong>Our key to success is the SATISFIED CUSTOMER<\/strong><\/p>\n<\/blockquote>\n<p>&nbsp;<\/p>\n<p><span style=\"font-size: 18pt;\">Market research for the investment projects<\/span><\/p>\n<p>REALAT team of experts will prepare the detailed reseach of the market according to your demands and targets.<\/p>\n<blockquote>\n<p>Monitoring of the market<\/p>\n<p>Overview of the real estate market<\/p>\n<p>Research of the competitive offers<\/p>\n<p>Economic and demographic research<\/p>\n<p>Market forecasts<\/p>\n<p>Analysis of the location<\/p>\n<p>Research of demand<\/p>\n<\/blockquote>\n<p><\/p>","protected":false},"excerpt":{"rendered":"<p>The research of Latvian real estate market Upon your request, REALAT will prepare the detailed overview of the real estate market in Latvia. We monitor the market tendences, arrange the&#8230; <\/p>\n","protected":false},"author":2,"featured_media":7434,"parent":0,"menu_order":0,"comment_status":"closed","ping_status":"closed","template":"single.php","meta":{"footnotes":""},"class_list":["post-4263","page","type-page","status-publish","has-post-thumbnail","hentry"],"yoast_head":"<!-- This site is optimized with the Yoast SEO plugin v26.9 - https:\/\/yoast.com\/product\/yoast-seo-wordpress\/ -->\n<title>Latvijas nekustamo \u012bpa\u0161umu tirgus anal\u012bze - REALAT.lv<\/title>\n<meta name=\"description\" content=\"Latvijas nekustamo \u012bpa\u0161umu tirgus anal\u012bze. P\u0113c J\u016bsu piepras\u012bjuma Realat sagatavos detaliz\u0113tu p\u0101rskatu\u00a0par nekustam\u0101 \u012bpa\u0161umu tirgu Latvij\u0101.\" \/>\n<meta name=\"robots\" content=\"index, follow, max-snippet:-1, max-image-preview:large, max-video-preview:-1\" \/>\n<meta name=\"twitter:card\" content=\"summary_large_image\" \/>\n<meta name=\"twitter:title\" content=\"Latvijas nekustamo \u012bpa\u0161umu tirgus anal\u012bze - REALAT.lv\" \/>\n<meta name=\"twitter:description\" content=\"Latvijas nekustamo \u012bpa\u0161umu tirgus anal\u012bze. P\u0113c J\u016bsu piepras\u012bjuma Realat sagatavos detaliz\u0113tu p\u0101rskatu\u00a0par nekustam\u0101 \u012bpa\u0161umu tirgu Latvij\u0101.\" \/>\n<meta name=\"twitter:image\" content=\"https:\/\/www2.realat.lv\/wp-content\/uploads\/2015\/06\/1234.jpg\" \/>\n<meta name=\"twitter:label1\" content=\"Est. reading time\" \/>\n\t<meta name=\"twitter:data1\" content=\"1 minute\" \/>\n<script type=\"application\/ld+json\" class=\"yoast-schema-graph\">{\"@context\":\"https:\/\/schema.org\",\"@graph\":[{\"@type\":\"WebPage\",\"@id\":\"https:\/\/www2.realat.lv\/lv\/tirgus-analize\/\",\"url\":\"https:\/\/www2.realat.lv\/lv\/tirgus-analize\/\",\"name\":\"Latvijas nekustamo \u012bpa\u0161umu tirgus anal\u012bze - REALAT.lv\",\"isPartOf\":{\"@id\":\"https:\/\/www2.realat.lv\/en\/#website\"},\"primaryImageOfPage\":{\"@id\":\"https:\/\/www2.realat.lv\/lv\/tirgus-analize\/#primaryimage\"},\"image\":{\"@id\":\"https:\/\/www2.realat.lv\/lv\/tirgus-analize\/#primaryimage\"},\"thumbnailUrl\":\"https:\/\/www2.realat.lv\/wp-content\/uploads\/2015\/06\/1234.jpg\",\"datePublished\":\"2015-06-11T12:28:03+00:00\",\"dateModified\":\"2019-02-18T10:51:45+00:00\",\"description\":\"Latvijas nekustamo \u012bpa\u0161umu tirgus anal\u012bze. P\u0113c J\u016bsu piepras\u012bjuma Realat sagatavos detaliz\u0113tu p\u0101rskatu\u00a0par nekustam\u0101 \u012bpa\u0161umu tirgu Latvij\u0101.\",\"breadcrumb\":{\"@id\":\"https:\/\/www2.realat.lv\/lv\/tirgus-analize\/#breadcrumb\"},\"inLanguage\":\"en-US\",\"potentialAction\":[{\"@type\":\"ReadAction\",\"target\":[\"https:\/\/www2.realat.lv\/lv\/tirgus-analize\/\"]}]},{\"@type\":\"ImageObject\",\"inLanguage\":\"en-US\",\"@id\":\"https:\/\/www2.realat.lv\/lv\/tirgus-analize\/#primaryimage\",\"url\":\"https:\/\/www2.realat.lv\/wp-content\/uploads\/2015\/06\/1234.jpg\",\"contentUrl\":\"https:\/\/www2.realat.lv\/wp-content\/uploads\/2015\/06\/1234.jpg\",\"width\":1732,\"height\":517,\"caption\":\"Hands of businesswoman working with electronic document in touchpad\"},{\"@type\":\"BreadcrumbList\",\"@id\":\"https:\/\/www2.realat.lv\/lv\/tirgus-analize\/#breadcrumb\",\"itemListElement\":[{\"@type\":\"ListItem\",\"position\":1,\"name\":\"Home\",\"item\":\"https:\/\/www2.realat.lv\/en\/\"},{\"@type\":\"ListItem\",\"position\":2,\"name\":\"Tirgus anal\u012bze\"}]},{\"@type\":\"WebSite\",\"@id\":\"https:\/\/www2.realat.lv\/en\/#website\",\"url\":\"https:\/\/www2.realat.lv\/en\/\",\"name\":\"REALAT.lv\",\"description\":\"Nekustamie \u012bpa\u0161umi, iz\u012br\u0113, iznom\u0101 un p\u0101rdod, dz\u012bvok\u013ci, m\u0101jas, zemes, komerc\u012bpa\u0161umi, invest\u012bciju projekti, starpniec\u012bbas pakalpojumi.\",\"potentialAction\":[{\"@type\":\"SearchAction\",\"target\":{\"@type\":\"EntryPoint\",\"urlTemplate\":\"https:\/\/www2.realat.lv\/en\/?s={search_term_string}\"},\"query-input\":{\"@type\":\"PropertyValueSpecification\",\"valueRequired\":true,\"valueName\":\"search_term_string\"}}],\"inLanguage\":\"en-US\"}]}<\/script>\n<!-- \/ Yoast SEO plugin. -->","yoast_head_json":{"title":"Latvijas nekustamo \u012bpa\u0161umu tirgus anal\u012bze - REALAT.lv","description":"Latvijas nekustamo \u012bpa\u0161umu tirgus anal\u012bze. P\u0113c J\u016bsu piepras\u012bjuma Realat sagatavos detaliz\u0113tu p\u0101rskatu\u00a0par nekustam\u0101 \u012bpa\u0161umu tirgu Latvij\u0101.","robots":{"index":"index","follow":"follow","max-snippet":"max-snippet:-1","max-image-preview":"max-image-preview:large","max-video-preview":"max-video-preview:-1"},"twitter_card":"summary_large_image","twitter_title":"Latvijas nekustamo \u012bpa\u0161umu tirgus anal\u012bze - REALAT.lv","twitter_description":"Latvijas nekustamo \u012bpa\u0161umu tirgus anal\u012bze. P\u0113c J\u016bsu piepras\u012bjuma Realat sagatavos detaliz\u0113tu p\u0101rskatu\u00a0par nekustam\u0101 \u012bpa\u0161umu tirgu Latvij\u0101.","twitter_image":"https:\/\/www2.realat.lv\/wp-content\/uploads\/2015\/06\/1234.jpg","twitter_misc":{"Est. reading time":"1 minute"},"schema":{"@context":"https:\/\/schema.org","@graph":[{"@type":"WebPage","@id":"https:\/\/www2.realat.lv\/lv\/tirgus-analize\/","url":"https:\/\/www2.realat.lv\/lv\/tirgus-analize\/","name":"Latvijas nekustamo \u012bpa\u0161umu tirgus anal\u012bze - REALAT.lv","isPartOf":{"@id":"https:\/\/www2.realat.lv\/en\/#website"},"primaryImageOfPage":{"@id":"https:\/\/www2.realat.lv\/lv\/tirgus-analize\/#primaryimage"},"image":{"@id":"https:\/\/www2.realat.lv\/lv\/tirgus-analize\/#primaryimage"},"thumbnailUrl":"https:\/\/www2.realat.lv\/wp-content\/uploads\/2015\/06\/1234.jpg","datePublished":"2015-06-11T12:28:03+00:00","dateModified":"2019-02-18T10:51:45+00:00","description":"Latvijas nekustamo \u012bpa\u0161umu tirgus anal\u012bze. P\u0113c J\u016bsu piepras\u012bjuma Realat sagatavos detaliz\u0113tu p\u0101rskatu\u00a0par nekustam\u0101 \u012bpa\u0161umu tirgu Latvij\u0101.","breadcrumb":{"@id":"https:\/\/www2.realat.lv\/lv\/tirgus-analize\/#breadcrumb"},"inLanguage":"en-US","potentialAction":[{"@type":"ReadAction","target":["https:\/\/www2.realat.lv\/lv\/tirgus-analize\/"]}]},{"@type":"ImageObject","inLanguage":"en-US","@id":"https:\/\/www2.realat.lv\/lv\/tirgus-analize\/#primaryimage","url":"https:\/\/www2.realat.lv\/wp-content\/uploads\/2015\/06\/1234.jpg","contentUrl":"https:\/\/www2.realat.lv\/wp-content\/uploads\/2015\/06\/1234.jpg","width":1732,"height":517,"caption":"Hands of businesswoman working with electronic document in touchpad"},{"@type":"BreadcrumbList","@id":"https:\/\/www2.realat.lv\/lv\/tirgus-analize\/#breadcrumb","itemListElement":[{"@type":"ListItem","position":1,"name":"Home","item":"https:\/\/www2.realat.lv\/en\/"},{"@type":"ListItem","position":2,"name":"Tirgus anal\u012bze"}]},{"@type":"WebSite","@id":"https:\/\/www2.realat.lv\/en\/#website","url":"https:\/\/www2.realat.lv\/en\/","name":"REALAT.lv","description":"Nekustamie \u012bpa\u0161umi, iz\u012br\u0113, iznom\u0101 un p\u0101rdod, dz\u012bvok\u013ci, m\u0101jas, zemes, komerc\u012bpa\u0161umi, invest\u012bciju projekti, starpniec\u012bbas pakalpojumi.","potentialAction":[{"@type":"SearchAction","target":{"@type":"EntryPoint","urlTemplate":"https:\/\/www2.realat.lv\/en\/?s={search_term_string}"},"query-input":{"@type":"PropertyValueSpecification","valueRequired":true,"valueName":"search_term_string"}}],"inLanguage":"en-US"}]}},"post_mailing_queue_ids":[],"_links":{"self":[{"href":"https:\/\/www2.realat.lv\/en\/wp-json\/wp\/v2\/pages\/4263","targetHints":{"allow":["GET"]}}],"collection":[{"href":"https:\/\/www2.realat.lv\/en\/wp-json\/wp\/v2\/pages"}],"about":[{"href":"https:\/\/www2.realat.lv\/en\/wp-json\/wp\/v2\/types\/page"}],"author":[{"embeddable":true,"href":"https:\/\/www2.realat.lv\/en\/wp-json\/wp\/v2\/users\/2"}],"replies":[{"embeddable":true,"href":"https:\/\/www2.realat.lv\/en\/wp-json\/wp\/v2\/comments?post=4263"}],"version-history":[{"count":0,"href":"https:\/\/www2.realat.lv\/en\/wp-json\/wp\/v2\/pages\/4263\/revisions"}],"wp:featuredmedia":[{"embeddable":true,"href":"https:\/\/www2.realat.lv\/en\/wp-json\/wp\/v2\/media\/7434"}],"wp:attachment":[{"href":"https:\/\/www2.realat.lv\/en\/wp-json\/wp\/v2\/media?parent=4263"}],"curies":[{"name":"wp","href":"https:\/\/api.w.org\/{rel}","templated":true}]}}