{"id":4267,"date":"2015-06-11T12:29:20","date_gmt":"2015-06-11T12:29:20","guid":{"rendered":"http:\/\/lux.www2.realat.lv\/wordpress\/?page_id=4267"},"modified":"2021-01-11T23:55:44","modified_gmt":"2021-01-11T21:55:44","slug":"juridiskiais-atbalsts","status":"publish","type":"page","link":"https:\/\/www2.realat.lv\/en\/legal-aid\/","title":{"rendered":"Legal aid"},"content":{"rendered":"<p><\/p>\n<p>One of the most important part of any transaction are documentation and legal issues. To avoid difficulties and complications, we suggest to entrust these issues to the appropriate specialists.<\/p>\n<p>&nbsp;<\/p>\n<p><span style=\"font-size: 14pt;\">Support:<\/span><\/p>\n<blockquote>\n<p><em>Consulting on legal questions, connected with real estate transactions;<\/em><\/p>\n<p><em>Formulation and preparation of the agreements (purchase, lease, rent, etc) and other documents; <\/em><\/p>\n<p><em>Solving all legal matters and issues;<\/em><\/p>\n<\/blockquote>\n<p>&nbsp;<\/p>\n<p><\/p>","protected":false},"excerpt":{"rendered":"<p>One of the most important part of any transaction are documentation and legal issues. To avoid difficulties and complications, we suggest to entrust these issues to the appropriate specialists. &nbsp;&#8230; <\/p>\n","protected":false},"author":2,"featured_media":7438,"parent":0,"menu_order":0,"comment_status":"closed","ping_status":"closed","template":"single.php","meta":{"footnotes":""},"class_list":["post-4267","page","type-page","status-publish","has-post-thumbnail","hentry"],"yoast_head":"<!-- This site is optimized with the Yoast SEO plugin v26.9 - https:\/\/yoast.com\/product\/yoast-seo-wordpress\/ -->\n<title>Juridiskais atbalsts - REALAT.lv<\/title>\n<meta name=\"description\" content=\"Viena no svar\u012bg\u0101kaj\u0101m dar\u012bjumu sast\u0101vda\u013c\u0101m ir dokument\u0101cija un da\u017e\u0101di juridiskie jaut\u0101jumi, lai nerastos p\u0101rpratumi un sare\u017e\u0123\u012bjumi, tos vislab\u0101k uztic\u0113t \u0161\u012bs jomas speci\u0101listiem.\" \/>\n<meta name=\"robots\" content=\"index, follow, max-snippet:-1, max-image-preview:large, max-video-preview:-1\" \/>\n<meta name=\"twitter:card\" content=\"summary_large_image\" \/>\n<meta name=\"twitter:title\" content=\"Juridiskais atbalsts - REALAT.lv\" \/>\n<meta name=\"twitter:description\" content=\"Viena no svar\u012bg\u0101kaj\u0101m dar\u012bjumu sast\u0101vda\u013c\u0101m ir dokument\u0101cija un da\u017e\u0101di juridiskie jaut\u0101jumi, lai nerastos p\u0101rpratumi un sare\u017e\u0123\u012bjumi, tos vislab\u0101k uztic\u0113t \u0161\u012bs jomas speci\u0101listiem.\" \/>\n<meta name=\"twitter:image\" content=\"https:\/\/www2.realat.lv\/wp-content\/uploads\/2015\/06\/default-header.jpg\" \/>\n<meta name=\"twitter:label1\" content=\"Est. reading time\" \/>\n\t<meta name=\"twitter:data1\" content=\"1 minute\" \/>\n<script type=\"application\/ld+json\" class=\"yoast-schema-graph\">{\"@context\":\"https:\/\/schema.org\",\"@graph\":[{\"@type\":\"WebPage\",\"@id\":\"https:\/\/www2.realat.lv\/ru\/%d1%8e%d1%80%d0%b8%d0%b4%d0%b8%d1%87%d0%b5%d1%81%d0%ba%d0%b0%d1%8f-%d0%bf%d0%be%d0%b4%d0%b4%d0%b5%d1%80%d0%b6%d0%ba%d0%b0\/\",\"url\":\"https:\/\/www2.realat.lv\/ru\/%d1%8e%d1%80%d0%b8%d0%b4%d0%b8%d1%87%d0%b5%d1%81%d0%ba%d0%b0%d1%8f-%d0%bf%d0%be%d0%b4%d0%b4%d0%b5%d1%80%d0%b6%d0%ba%d0%b0\/\",\"name\":\"Juridiskais atbalsts - REALAT.lv\",\"isPartOf\":{\"@id\":\"https:\/\/www2.realat.lv\/en\/#website\"},\"primaryImageOfPage\":{\"@id\":\"https:\/\/www2.realat.lv\/ru\/%d1%8e%d1%80%d0%b8%d0%b4%d0%b8%d1%87%d0%b5%d1%81%d0%ba%d0%b0%d1%8f-%d0%bf%d0%be%d0%b4%d0%b4%d0%b5%d1%80%d0%b6%d0%ba%d0%b0\/#primaryimage\"},\"image\":{\"@id\":\"https:\/\/www2.realat.lv\/ru\/%d1%8e%d1%80%d0%b8%d0%b4%d0%b8%d1%87%d0%b5%d1%81%d0%ba%d0%b0%d1%8f-%d0%bf%d0%be%d0%b4%d0%b4%d0%b5%d1%80%d0%b6%d0%ba%d0%b0\/#primaryimage\"},\"thumbnailUrl\":\"https:\/\/www2.realat.lv\/wp-content\/uploads\/2015\/06\/default-header.jpg\",\"datePublished\":\"2015-06-11T12:29:20+00:00\",\"dateModified\":\"2021-01-11T21:55:44+00:00\",\"description\":\"Viena no svar\u012bg\u0101kaj\u0101m dar\u012bjumu sast\u0101vda\u013c\u0101m ir dokument\u0101cija un da\u017e\u0101di juridiskie jaut\u0101jumi, lai nerastos p\u0101rpratumi un sare\u017e\u0123\u012bjumi, tos vislab\u0101k uztic\u0113t \u0161\u012bs jomas speci\u0101listiem.\",\"breadcrumb\":{\"@id\":\"https:\/\/www2.realat.lv\/ru\/%d1%8e%d1%80%d0%b8%d0%b4%d0%b8%d1%87%d0%b5%d1%81%d0%ba%d0%b0%d1%8f-%d0%bf%d0%be%d0%b4%d0%b4%d0%b5%d1%80%d0%b6%d0%ba%d0%b0\/#breadcrumb\"},\"inLanguage\":\"en-US\",\"potentialAction\":[{\"@type\":\"ReadAction\",\"target\":[\"https:\/\/www2.realat.lv\/ru\/%d1%8e%d1%80%d0%b8%d0%b4%d0%b8%d1%87%d0%b5%d1%81%d0%ba%d0%b0%d1%8f-%d0%bf%d0%be%d0%b4%d0%b4%d0%b5%d1%80%d0%b6%d0%ba%d0%b0\/\"]}]},{\"@type\":\"ImageObject\",\"inLanguage\":\"en-US\",\"@id\":\"https:\/\/www2.realat.lv\/ru\/%d1%8e%d1%80%d0%b8%d0%b4%d0%b8%d1%87%d0%b5%d1%81%d0%ba%d0%b0%d1%8f-%d0%bf%d0%be%d0%b4%d0%b4%d0%b5%d1%80%d0%b6%d0%ba%d0%b0\/#primaryimage\",\"url\":\"https:\/\/www2.realat.lv\/wp-content\/uploads\/2015\/06\/default-header.jpg\",\"contentUrl\":\"https:\/\/www2.realat.lv\/wp-content\/uploads\/2015\/06\/default-header.jpg\",\"width\":2048,\"height\":538},{\"@type\":\"BreadcrumbList\",\"@id\":\"https:\/\/www2.realat.lv\/ru\/%d1%8e%d1%80%d0%b8%d0%b4%d0%b8%d1%87%d0%b5%d1%81%d0%ba%d0%b0%d1%8f-%d0%bf%d0%be%d0%b4%d0%b4%d0%b5%d1%80%d0%b6%d0%ba%d0%b0\/#breadcrumb\",\"itemListElement\":[{\"@type\":\"ListItem\",\"position\":1,\"name\":\"Home\",\"item\":\"https:\/\/www2.realat.lv\/en\/\"},{\"@type\":\"ListItem\",\"position\":2,\"name\":\"\u042e\u0440\u0438\u0434\u0438\u0447\u0435\u0441\u043a\u0430\u044f \u043f\u043e\u0434\u0434\u0435\u0440\u0436\u043a\u0430\"}]},{\"@type\":\"WebSite\",\"@id\":\"https:\/\/www2.realat.lv\/en\/#website\",\"url\":\"https:\/\/www2.realat.lv\/en\/\",\"name\":\"REALAT.lv\",\"description\":\"Nekustamie \u012bpa\u0161umi, iz\u012br\u0113, iznom\u0101 un p\u0101rdod, dz\u012bvok\u013ci, m\u0101jas, zemes, komerc\u012bpa\u0161umi, invest\u012bciju projekti, starpniec\u012bbas pakalpojumi.\",\"potentialAction\":[{\"@type\":\"SearchAction\",\"target\":{\"@type\":\"EntryPoint\",\"urlTemplate\":\"https:\/\/www2.realat.lv\/en\/?s={search_term_string}\"},\"query-input\":{\"@type\":\"PropertyValueSpecification\",\"valueRequired\":true,\"valueName\":\"search_term_string\"}}],\"inLanguage\":\"en-US\"}]}<\/script>\n<!-- \/ Yoast SEO plugin. -->","yoast_head_json":{"title":"Juridiskais atbalsts - REALAT.lv","description":"Viena no svar\u012bg\u0101kaj\u0101m dar\u012bjumu sast\u0101vda\u013c\u0101m ir dokument\u0101cija un da\u017e\u0101di juridiskie jaut\u0101jumi, lai nerastos p\u0101rpratumi un sare\u017e\u0123\u012bjumi, tos vislab\u0101k uztic\u0113t \u0161\u012bs jomas speci\u0101listiem.","robots":{"index":"index","follow":"follow","max-snippet":"max-snippet:-1","max-image-preview":"max-image-preview:large","max-video-preview":"max-video-preview:-1"},"twitter_card":"summary_large_image","twitter_title":"Juridiskais atbalsts - REALAT.lv","twitter_description":"Viena no svar\u012bg\u0101kaj\u0101m dar\u012bjumu sast\u0101vda\u013c\u0101m ir dokument\u0101cija un da\u017e\u0101di juridiskie jaut\u0101jumi, lai nerastos p\u0101rpratumi un sare\u017e\u0123\u012bjumi, tos vislab\u0101k uztic\u0113t \u0161\u012bs jomas speci\u0101listiem.","twitter_image":"https:\/\/www2.realat.lv\/wp-content\/uploads\/2015\/06\/default-header.jpg","twitter_misc":{"Est. reading time":"1 minute"},"schema":{"@context":"https:\/\/schema.org","@graph":[{"@type":"WebPage","@id":"https:\/\/www2.realat.lv\/ru\/%d1%8e%d1%80%d0%b8%d0%b4%d0%b8%d1%87%d0%b5%d1%81%d0%ba%d0%b0%d1%8f-%d0%bf%d0%be%d0%b4%d0%b4%d0%b5%d1%80%d0%b6%d0%ba%d0%b0\/","url":"https:\/\/www2.realat.lv\/ru\/%d1%8e%d1%80%d0%b8%d0%b4%d0%b8%d1%87%d0%b5%d1%81%d0%ba%d0%b0%d1%8f-%d0%bf%d0%be%d0%b4%d0%b4%d0%b5%d1%80%d0%b6%d0%ba%d0%b0\/","name":"Juridiskais atbalsts - REALAT.lv","isPartOf":{"@id":"https:\/\/www2.realat.lv\/en\/#website"},"primaryImageOfPage":{"@id":"https:\/\/www2.realat.lv\/ru\/%d1%8e%d1%80%d0%b8%d0%b4%d0%b8%d1%87%d0%b5%d1%81%d0%ba%d0%b0%d1%8f-%d0%bf%d0%be%d0%b4%d0%b4%d0%b5%d1%80%d0%b6%d0%ba%d0%b0\/#primaryimage"},"image":{"@id":"https:\/\/www2.realat.lv\/ru\/%d1%8e%d1%80%d0%b8%d0%b4%d0%b8%d1%87%d0%b5%d1%81%d0%ba%d0%b0%d1%8f-%d0%bf%d0%be%d0%b4%d0%b4%d0%b5%d1%80%d0%b6%d0%ba%d0%b0\/#primaryimage"},"thumbnailUrl":"https:\/\/www2.realat.lv\/wp-content\/uploads\/2015\/06\/default-header.jpg","datePublished":"2015-06-11T12:29:20+00:00","dateModified":"2021-01-11T21:55:44+00:00","description":"Viena no svar\u012bg\u0101kaj\u0101m dar\u012bjumu sast\u0101vda\u013c\u0101m ir dokument\u0101cija un da\u017e\u0101di juridiskie jaut\u0101jumi, lai nerastos p\u0101rpratumi un sare\u017e\u0123\u012bjumi, tos vislab\u0101k uztic\u0113t \u0161\u012bs jomas speci\u0101listiem.","breadcrumb":{"@id":"https:\/\/www2.realat.lv\/ru\/%d1%8e%d1%80%d0%b8%d0%b4%d0%b8%d1%87%d0%b5%d1%81%d0%ba%d0%b0%d1%8f-%d0%bf%d0%be%d0%b4%d0%b4%d0%b5%d1%80%d0%b6%d0%ba%d0%b0\/#breadcrumb"},"inLanguage":"en-US","potentialAction":[{"@type":"ReadAction","target":["https:\/\/www2.realat.lv\/ru\/%d1%8e%d1%80%d0%b8%d0%b4%d0%b8%d1%87%d0%b5%d1%81%d0%ba%d0%b0%d1%8f-%d0%bf%d0%be%d0%b4%d0%b4%d0%b5%d1%80%d0%b6%d0%ba%d0%b0\/"]}]},{"@type":"ImageObject","inLanguage":"en-US","@id":"https:\/\/www2.realat.lv\/ru\/%d1%8e%d1%80%d0%b8%d0%b4%d0%b8%d1%87%d0%b5%d1%81%d0%ba%d0%b0%d1%8f-%d0%bf%d0%be%d0%b4%d0%b4%d0%b5%d1%80%d0%b6%d0%ba%d0%b0\/#primaryimage","url":"https:\/\/www2.realat.lv\/wp-content\/uploads\/2015\/06\/default-header.jpg","contentUrl":"https:\/\/www2.realat.lv\/wp-content\/uploads\/2015\/06\/default-header.jpg","width":2048,"height":538},{"@type":"BreadcrumbList","@id":"https:\/\/www2.realat.lv\/ru\/%d1%8e%d1%80%d0%b8%d0%b4%d0%b8%d1%87%d0%b5%d1%81%d0%ba%d0%b0%d1%8f-%d0%bf%d0%be%d0%b4%d0%b4%d0%b5%d1%80%d0%b6%d0%ba%d0%b0\/#breadcrumb","itemListElement":[{"@type":"ListItem","position":1,"name":"Home","item":"https:\/\/www2.realat.lv\/en\/"},{"@type":"ListItem","position":2,"name":"\u042e\u0440\u0438\u0434\u0438\u0447\u0435\u0441\u043a\u0430\u044f \u043f\u043e\u0434\u0434\u0435\u0440\u0436\u043a\u0430"}]},{"@type":"WebSite","@id":"https:\/\/www2.realat.lv\/en\/#website","url":"https:\/\/www2.realat.lv\/en\/","name":"REALAT.lv","description":"Nekustamie \u012bpa\u0161umi, iz\u012br\u0113, iznom\u0101 un p\u0101rdod, dz\u012bvok\u013ci, m\u0101jas, zemes, komerc\u012bpa\u0161umi, invest\u012bciju projekti, starpniec\u012bbas pakalpojumi.","potentialAction":[{"@type":"SearchAction","target":{"@type":"EntryPoint","urlTemplate":"https:\/\/www2.realat.lv\/en\/?s={search_term_string}"},"query-input":{"@type":"PropertyValueSpecification","valueRequired":true,"valueName":"search_term_string"}}],"inLanguage":"en-US"}]}},"post_mailing_queue_ids":[],"_links":{"self":[{"href":"https:\/\/www2.realat.lv\/en\/wp-json\/wp\/v2\/pages\/4267","targetHints":{"allow":["GET"]}}],"collection":[{"href":"https:\/\/www2.realat.lv\/en\/wp-json\/wp\/v2\/pages"}],"about":[{"href":"https:\/\/www2.realat.lv\/en\/wp-json\/wp\/v2\/types\/page"}],"author":[{"embeddable":true,"href":"https:\/\/www2.realat.lv\/en\/wp-json\/wp\/v2\/users\/2"}],"replies":[{"embeddable":true,"href":"https:\/\/www2.realat.lv\/en\/wp-json\/wp\/v2\/comments?post=4267"}],"version-history":[{"count":0,"href":"https:\/\/www2.realat.lv\/en\/wp-json\/wp\/v2\/pages\/4267\/revisions"}],"wp:featuredmedia":[{"embeddable":true,"href":"https:\/\/www2.realat.lv\/en\/wp-json\/wp\/v2\/media\/7438"}],"wp:attachment":[{"href":"https:\/\/www2.realat.lv\/en\/wp-json\/wp\/v2\/media?parent=4267"}],"curies":[{"name":"wp","href":"https:\/\/api.w.org\/{rel}","templated":true}]}}