{"id":4269,"date":"2015-06-11T12:29:36","date_gmt":"2015-06-11T12:29:36","guid":{"rendered":"http:\/\/lux.www2.realat.lv\/wordpress\/?page_id=4269"},"modified":"2021-08-02T12:26:38","modified_gmt":"2021-08-02T10:26:38","slug":"ipasuma-pardosana","status":"publish","type":"page","link":"https:\/\/www2.realat.lv\/en\/residential-brokerage\/","title":{"rendered":"Intermediary Services in Living Space Deals"},"content":{"rendered":"<p><\/p>\n<p><strong>Nowadays the most important factor of the succesfull business, cooperation or communication is trust.<\/strong><\/p>\n<p>That is in the human\u2019s nature: trust &#8211; the most essential part of any deal. If we meet any kind of unknown aspect or the thing which we do not understand fully, we automatically take a risk making the first step to the unsafety direction.<\/p>\n<p>Of course we fully realize that for trust it is not enough just with the correct words to be said or wide smiling applied.<\/p>\n<p>The actions speak more loudly than words. During the long years period we have obtained a numerous amount of satisfied customers and their trust, trust in us as in the stable and professional partner in the sphere of real estate sales and purchase.<\/p>\n<blockquote>\n<p><span style=\"font-size: 14pt;\">Please see our customers\u2019 reviews<\/span><\/p>\n<\/blockquote>\n<p>If the time and safety of the deal is important for you, we will be proud to meet your expectations for 100 %.<\/p>\n<p>&nbsp;<\/p>\n<p><strong><span style=\"font-size: 14pt;\">REALAT guarantee:<\/span><\/strong><\/p>\n<blockquote>\n<p><em>Confidentiality, accuracy and competence in the deals;<\/em><\/p>\n<p><em>Wide customers data base with more than 1000 potential buyers\/tenants\/investors<\/em><em> \u2013 75% residents and 25% non-residents;<\/em><\/p>\n<p><em>Timely information on the deal <\/em><em>state and its structure;<\/em><\/p>\n<p><em>Recommendations of the professional consultants and advices in non clear matters;<\/em><\/p>\n<\/blockquote>\n<p>&nbsp;<\/p>\n<p>We will appreaciate if your first choice in the real estate sales\/lease will be REALAT.<\/p>\n<p>Trust your property to us and we guarantee the succesfull result.<\/p>\n<p>For more information, <strong>please contact our agents.<\/strong><\/p>\n<p>&nbsp;<\/p>\n<p><\/p>","protected":false},"excerpt":{"rendered":"<p>Nowadays the most important factor of the succesfull business, cooperation or communication is trust. That is in the human\u2019s nature: trust &#8211; the most essential part of any deal. If&#8230; <\/p>\n","protected":false},"author":2,"featured_media":1373993,"parent":0,"menu_order":0,"comment_status":"closed","ping_status":"open","template":"single.php","meta":{"footnotes":""},"class_list":["post-4269","page","type-page","status-publish","has-post-thumbnail","hentry"],"yoast_head":"<!-- This site is optimized with the Yoast SEO plugin v26.9 - https:\/\/yoast.com\/product\/yoast-seo-wordpress\/ -->\n<title>Dz\u012bvojamo plat\u012bbu starpniec\u012bba - REALAT.lv<\/title>\n<meta name=\"description\" content=\"\u0160odien pats svar\u012bg\u0101kais faktors veiksm\u012bga biznesa, sadarb\u012bbas vai komunik\u0101cijas uzs\u0101k\u0161anai ir uztic\u0113\u0161an\u0101s. T\u0101, p\u0113c cilv\u0113ka b\u016bt\u012bbas, ir noz\u012bm\u012bg\u0101k\u0101 jebkura dar\u012bjuma sast\u0101vda\u013ca. Ja neizprotam kaut k\u0101das lietas l\u012bdz galam, m\u0113s autom\u0101tiski pak\u013caujam sevi riskam spert k\u0101du soli piln\u012bgi sve\u0161\u0101 un nedro\u0161\u0101 virzien\u0101.\" \/>\n<meta name=\"robots\" content=\"index, follow, max-snippet:-1, max-image-preview:large, max-video-preview:-1\" \/>\n<meta name=\"twitter:card\" content=\"summary_large_image\" \/>\n<meta name=\"twitter:title\" content=\"Dz\u012bvojamo plat\u012bbu starpniec\u012bba - REALAT.lv\" \/>\n<meta name=\"twitter:description\" content=\"\u0160odien pats svar\u012bg\u0101kais faktors veiksm\u012bga biznesa, sadarb\u012bbas vai komunik\u0101cijas uzs\u0101k\u0161anai ir uztic\u0113\u0161an\u0101s. T\u0101, p\u0113c cilv\u0113ka b\u016bt\u012bbas, ir noz\u012bm\u012bg\u0101k\u0101 jebkura dar\u012bjuma sast\u0101vda\u013ca. Ja neizprotam kaut k\u0101das lietas l\u012bdz galam, m\u0113s autom\u0101tiski pak\u013caujam sevi riskam spert k\u0101du soli piln\u012bgi sve\u0161\u0101 un nedro\u0161\u0101 virzien\u0101.\" \/>\n<meta name=\"twitter:image\" content=\"https:\/\/www2.realat.lv\/wp-content\/uploads\/2015\/06\/minimalist-low-profile-furniture.jpg\" \/>\n<meta name=\"twitter:label1\" content=\"Est. reading time\" \/>\n\t<meta name=\"twitter:data1\" content=\"1 minute\" \/>\n<script type=\"application\/ld+json\" class=\"yoast-schema-graph\">{\"@context\":\"https:\/\/schema.org\",\"@graph\":[{\"@type\":\"WebPage\",\"@id\":\"https:\/\/www2.realat.lv\/en\/residential-brokerage\/\",\"url\":\"https:\/\/www2.realat.lv\/en\/residential-brokerage\/\",\"name\":\"Dz\u012bvojamo plat\u012bbu starpniec\u012bba - REALAT.lv\",\"isPartOf\":{\"@id\":\"https:\/\/www2.realat.lv\/en\/#website\"},\"primaryImageOfPage\":{\"@id\":\"https:\/\/www2.realat.lv\/en\/residential-brokerage\/#primaryimage\"},\"image\":{\"@id\":\"https:\/\/www2.realat.lv\/en\/residential-brokerage\/#primaryimage\"},\"thumbnailUrl\":\"https:\/\/www2.realat.lv\/wp-content\/uploads\/2015\/06\/minimalist-low-profile-furniture.jpg\",\"datePublished\":\"2015-06-11T12:29:36+00:00\",\"dateModified\":\"2021-08-02T10:26:38+00:00\",\"description\":\"\u0160odien pats svar\u012bg\u0101kais faktors veiksm\u012bga biznesa, sadarb\u012bbas vai komunik\u0101cijas uzs\u0101k\u0161anai ir uztic\u0113\u0161an\u0101s. T\u0101, p\u0113c cilv\u0113ka b\u016bt\u012bbas, ir noz\u012bm\u012bg\u0101k\u0101 jebkura dar\u012bjuma sast\u0101vda\u013ca. Ja neizprotam kaut k\u0101das lietas l\u012bdz galam, m\u0113s autom\u0101tiski pak\u013caujam sevi riskam spert k\u0101du soli piln\u012bgi sve\u0161\u0101 un nedro\u0161\u0101 virzien\u0101.\",\"breadcrumb\":{\"@id\":\"https:\/\/www2.realat.lv\/en\/residential-brokerage\/#breadcrumb\"},\"inLanguage\":\"en-US\",\"potentialAction\":[{\"@type\":\"ReadAction\",\"target\":[\"https:\/\/www2.realat.lv\/en\/residential-brokerage\/\"]}]},{\"@type\":\"ImageObject\",\"inLanguage\":\"en-US\",\"@id\":\"https:\/\/www2.realat.lv\/en\/residential-brokerage\/#primaryimage\",\"url\":\"https:\/\/www2.realat.lv\/wp-content\/uploads\/2015\/06\/minimalist-low-profile-furniture.jpg\",\"contentUrl\":\"https:\/\/www2.realat.lv\/wp-content\/uploads\/2015\/06\/minimalist-low-profile-furniture.jpg\",\"width\":1200,\"height\":676},{\"@type\":\"BreadcrumbList\",\"@id\":\"https:\/\/www2.realat.lv\/en\/residential-brokerage\/#breadcrumb\",\"itemListElement\":[{\"@type\":\"ListItem\",\"position\":1,\"name\":\"Home\",\"item\":\"https:\/\/www2.realat.lv\/en\/\"},{\"@type\":\"ListItem\",\"position\":2,\"name\":\"Intermediary Services in Living Space Deals\"}]},{\"@type\":\"WebSite\",\"@id\":\"https:\/\/www2.realat.lv\/en\/#website\",\"url\":\"https:\/\/www2.realat.lv\/en\/\",\"name\":\"REALAT.lv\",\"description\":\"Nekustamie \u012bpa\u0161umi, iz\u012br\u0113, iznom\u0101 un p\u0101rdod, dz\u012bvok\u013ci, m\u0101jas, zemes, komerc\u012bpa\u0161umi, invest\u012bciju projekti, starpniec\u012bbas pakalpojumi.\",\"potentialAction\":[{\"@type\":\"SearchAction\",\"target\":{\"@type\":\"EntryPoint\",\"urlTemplate\":\"https:\/\/www2.realat.lv\/en\/?s={search_term_string}\"},\"query-input\":{\"@type\":\"PropertyValueSpecification\",\"valueRequired\":true,\"valueName\":\"search_term_string\"}}],\"inLanguage\":\"en-US\"}]}<\/script>\n<!-- \/ Yoast SEO plugin. -->","yoast_head_json":{"title":"Dz\u012bvojamo plat\u012bbu starpniec\u012bba - REALAT.lv","description":"\u0160odien pats svar\u012bg\u0101kais faktors veiksm\u012bga biznesa, sadarb\u012bbas vai komunik\u0101cijas uzs\u0101k\u0161anai ir uztic\u0113\u0161an\u0101s. T\u0101, p\u0113c cilv\u0113ka b\u016bt\u012bbas, ir noz\u012bm\u012bg\u0101k\u0101 jebkura dar\u012bjuma sast\u0101vda\u013ca. Ja neizprotam kaut k\u0101das lietas l\u012bdz galam, m\u0113s autom\u0101tiski pak\u013caujam sevi riskam spert k\u0101du soli piln\u012bgi sve\u0161\u0101 un nedro\u0161\u0101 virzien\u0101.","robots":{"index":"index","follow":"follow","max-snippet":"max-snippet:-1","max-image-preview":"max-image-preview:large","max-video-preview":"max-video-preview:-1"},"twitter_card":"summary_large_image","twitter_title":"Dz\u012bvojamo plat\u012bbu starpniec\u012bba - REALAT.lv","twitter_description":"\u0160odien pats svar\u012bg\u0101kais faktors veiksm\u012bga biznesa, sadarb\u012bbas vai komunik\u0101cijas uzs\u0101k\u0161anai ir uztic\u0113\u0161an\u0101s. T\u0101, p\u0113c cilv\u0113ka b\u016bt\u012bbas, ir noz\u012bm\u012bg\u0101k\u0101 jebkura dar\u012bjuma sast\u0101vda\u013ca. Ja neizprotam kaut k\u0101das lietas l\u012bdz galam, m\u0113s autom\u0101tiski pak\u013caujam sevi riskam spert k\u0101du soli piln\u012bgi sve\u0161\u0101 un nedro\u0161\u0101 virzien\u0101.","twitter_image":"https:\/\/www2.realat.lv\/wp-content\/uploads\/2015\/06\/minimalist-low-profile-furniture.jpg","twitter_misc":{"Est. reading time":"1 minute"},"schema":{"@context":"https:\/\/schema.org","@graph":[{"@type":"WebPage","@id":"https:\/\/www2.realat.lv\/en\/residential-brokerage\/","url":"https:\/\/www2.realat.lv\/en\/residential-brokerage\/","name":"Dz\u012bvojamo plat\u012bbu starpniec\u012bba - REALAT.lv","isPartOf":{"@id":"https:\/\/www2.realat.lv\/en\/#website"},"primaryImageOfPage":{"@id":"https:\/\/www2.realat.lv\/en\/residential-brokerage\/#primaryimage"},"image":{"@id":"https:\/\/www2.realat.lv\/en\/residential-brokerage\/#primaryimage"},"thumbnailUrl":"https:\/\/www2.realat.lv\/wp-content\/uploads\/2015\/06\/minimalist-low-profile-furniture.jpg","datePublished":"2015-06-11T12:29:36+00:00","dateModified":"2021-08-02T10:26:38+00:00","description":"\u0160odien pats svar\u012bg\u0101kais faktors veiksm\u012bga biznesa, sadarb\u012bbas vai komunik\u0101cijas uzs\u0101k\u0161anai ir uztic\u0113\u0161an\u0101s. T\u0101, p\u0113c cilv\u0113ka b\u016bt\u012bbas, ir noz\u012bm\u012bg\u0101k\u0101 jebkura dar\u012bjuma sast\u0101vda\u013ca. Ja neizprotam kaut k\u0101das lietas l\u012bdz galam, m\u0113s autom\u0101tiski pak\u013caujam sevi riskam spert k\u0101du soli piln\u012bgi sve\u0161\u0101 un nedro\u0161\u0101 virzien\u0101.","breadcrumb":{"@id":"https:\/\/www2.realat.lv\/en\/residential-brokerage\/#breadcrumb"},"inLanguage":"en-US","potentialAction":[{"@type":"ReadAction","target":["https:\/\/www2.realat.lv\/en\/residential-brokerage\/"]}]},{"@type":"ImageObject","inLanguage":"en-US","@id":"https:\/\/www2.realat.lv\/en\/residential-brokerage\/#primaryimage","url":"https:\/\/www2.realat.lv\/wp-content\/uploads\/2015\/06\/minimalist-low-profile-furniture.jpg","contentUrl":"https:\/\/www2.realat.lv\/wp-content\/uploads\/2015\/06\/minimalist-low-profile-furniture.jpg","width":1200,"height":676},{"@type":"BreadcrumbList","@id":"https:\/\/www2.realat.lv\/en\/residential-brokerage\/#breadcrumb","itemListElement":[{"@type":"ListItem","position":1,"name":"Home","item":"https:\/\/www2.realat.lv\/en\/"},{"@type":"ListItem","position":2,"name":"Intermediary Services in Living Space Deals"}]},{"@type":"WebSite","@id":"https:\/\/www2.realat.lv\/en\/#website","url":"https:\/\/www2.realat.lv\/en\/","name":"REALAT.lv","description":"Nekustamie \u012bpa\u0161umi, iz\u012br\u0113, iznom\u0101 un p\u0101rdod, dz\u012bvok\u013ci, m\u0101jas, zemes, komerc\u012bpa\u0161umi, invest\u012bciju projekti, starpniec\u012bbas pakalpojumi.","potentialAction":[{"@type":"SearchAction","target":{"@type":"EntryPoint","urlTemplate":"https:\/\/www2.realat.lv\/en\/?s={search_term_string}"},"query-input":{"@type":"PropertyValueSpecification","valueRequired":true,"valueName":"search_term_string"}}],"inLanguage":"en-US"}]}},"post_mailing_queue_ids":[],"_links":{"self":[{"href":"https:\/\/www2.realat.lv\/en\/wp-json\/wp\/v2\/pages\/4269","targetHints":{"allow":["GET"]}}],"collection":[{"href":"https:\/\/www2.realat.lv\/en\/wp-json\/wp\/v2\/pages"}],"about":[{"href":"https:\/\/www2.realat.lv\/en\/wp-json\/wp\/v2\/types\/page"}],"author":[{"embeddable":true,"href":"https:\/\/www2.realat.lv\/en\/wp-json\/wp\/v2\/users\/2"}],"replies":[{"embeddable":true,"href":"https:\/\/www2.realat.lv\/en\/wp-json\/wp\/v2\/comments?post=4269"}],"version-history":[{"count":0,"href":"https:\/\/www2.realat.lv\/en\/wp-json\/wp\/v2\/pages\/4269\/revisions"}],"wp:featuredmedia":[{"embeddable":true,"href":"https:\/\/www2.realat.lv\/en\/wp-json\/wp\/v2\/media\/1373993"}],"wp:attachment":[{"href":"https:\/\/www2.realat.lv\/en\/wp-json\/wp\/v2\/media?parent=4269"}],"curies":[{"name":"wp","href":"https:\/\/api.w.org\/{rel}","templated":true}]}}