{"id":4285,"date":"2015-06-11T12:35:44","date_gmt":"2015-06-11T12:35:44","guid":{"rendered":"http:\/\/lux.www2.realat.lv\/wordpress\/?page_id=4285"},"modified":"2026-01-08T19:37:52","modified_gmt":"2026-01-08T17:37:52","slug":"par-mums","status":"publish","type":"page","link":"https:\/\/www2.realat.lv\/en\/about-us\/","title":{"rendered":"About us"},"content":{"rendered":"<p><\/p>\n<p>REALAT is the enterprise aiming at the successful result in the real estate transactions. We are able to support and arrange any kind of services requested for the purchase of the property, sales, rent, lease and other deals execution. Our goal is to provide the Customer with the highest quality of service, connected in the real estate sphere.<\/p>\n<blockquote>\n<p><span style=\"font-size: 14pt;\"><strong><em>Our priority is to safe Your time!<\/em><\/strong><\/span><\/p>\n<p>&nbsp;<\/p>\n<\/blockquote>\n<p style=\"text-align: center;\"><span style=\"font-size: 14pt;\"><strong>Competence<\/strong><\/span><\/p>\n<p style=\"text-align: center;\">Quality \u2013 Accuracy \u2013 Professionalism<\/p>\n<blockquote>\n<p><strong>Experience<\/strong> \u2013 more than 10 years of collecting tacit and explicit knowledge and 10 years of experience in the execution of various kinds of the deals. This makes our agents competent enough in different questions regarding real estate and are able to find the most appropriate solutions.<\/p>\n<p><strong>Team work<\/strong> \u2013 REALAT is represented by \u2013 specialists of different specific spheres, that are working in a team sharing the knowledge.<\/p>\n<p><strong>Satisfied customers<\/strong> \u2013 each time when the Customer is thankfull for the services and job done, we feel a new wave of inspiration, because our aim is to make the life of our customers easier, saving his\/her time and providing with the maximum effect and profit.<\/p>\n<\/blockquote>\n<p>&nbsp;<\/p>\n<p><strong>Innovative tools, approach and solutions:<\/strong><\/p>\n<ul>\n<li>Professional photo sessions;<\/li>\n<li>Video material filming and editing;<\/li>\n<li>360 panoramic views;<\/li>\n<li>Aerophotography and video;<\/li>\n<li>3D visual effects;<\/li>\n<\/ul>\n<p><strong>VISION<\/strong><\/p>\n<p><em>The real estate sphere consists of wide range of different <\/em><em>specifics \u2013 living areas, commercial premises, investment projects, etc. We organize our work the way, so that to involve the professionals of each separate spectrum in one team, to be able to research and monitor the market tendencies, and to follow the customers demand. When the wishes of our customers become true, we get the inspiration and strive for the highest results in Latvia, Baltic States, Eastern Europe and the West.<\/em><\/p>\n<p>&nbsp;<\/p>\n<p><strong>VALUES \u2013 experience, professionalism, innovative approach, energy moved to the right direction, listening to the customer and offering the best solution.<\/strong><\/p>\n<p><\/p>","protected":false},"excerpt":{"rendered":"<p>REALAT is the enterprise aiming at the successful result in the real estate transactions. We are able to support and arrange any kind of services requested for the purchase of&#8230; <\/p>\n","protected":false},"author":2,"featured_media":1373991,"parent":0,"menu_order":0,"comment_status":"closed","ping_status":"closed","template":"single.php","meta":{"footnotes":""},"class_list":["post-4285","page","type-page","status-publish","has-post-thumbnail","hentry"],"yoast_head":"<!-- This site is optimized with the Yoast SEO plugin v26.9 - https:\/\/yoast.com\/product\/yoast-seo-wordpress\/ -->\n<title>About us - REALAT.lv<\/title>\n<meta name=\"description\" content=\"Realat - pilna servisa nekustamo \u012bpa\u0161umu a\u0123ent\u016bra, kas pozicion\u0113ta uz veiksm\u012bgu rezult\u0101tu sasnieg\u0161anu dar\u012bjumos ar nekustamo \u012bpa\u0161umu.\" \/>\n<meta name=\"robots\" content=\"index, follow, max-snippet:-1, max-image-preview:large, max-video-preview:-1\" \/>\n<meta name=\"twitter:card\" content=\"summary_large_image\" \/>\n<meta name=\"twitter:title\" content=\"About us - REALAT.lv\" \/>\n<meta name=\"twitter:description\" content=\"{:lv}Realat - pilna servisa nekustamo \u012bpa\u0161umu a\u0123ent\u016bra, kas pozicion\u0113ta uz veiksm\u012bgu rezult\u0101tu sasnieg\u0161anu dar\u012bjumos ar nekustamo \u012bpa\u0161umu.{:}\" \/>\n<meta name=\"twitter:image\" content=\"https:\/\/www2.realat.lv\/wp-content\/uploads\/2015\/06\/6a58461e91d52112369c3cf736607bc1-e1485387859311.jpg\" \/>\n<meta name=\"twitter:label1\" content=\"Est. reading time\" \/>\n\t<meta name=\"twitter:data1\" content=\"2 minutes\" \/>\n<script type=\"application\/ld+json\" class=\"yoast-schema-graph\">{\"@context\":\"https:\/\/schema.org\",\"@graph\":[{\"@type\":\"WebPage\",\"@id\":\"https:\/\/www2.realat.lv\/lv\/par-mums\/\",\"url\":\"https:\/\/www2.realat.lv\/lv\/par-mums\/\",\"name\":\"About us - REALAT.lv\",\"isPartOf\":{\"@id\":\"https:\/\/www2.realat.lv\/en\/#website\"},\"primaryImageOfPage\":{\"@id\":\"https:\/\/www2.realat.lv\/lv\/par-mums\/#primaryimage\"},\"image\":{\"@id\":\"https:\/\/www2.realat.lv\/lv\/par-mums\/#primaryimage\"},\"thumbnailUrl\":\"https:\/\/www2.realat.lv\/wp-content\/uploads\/2015\/06\/6a58461e91d52112369c3cf736607bc1-e1485387859311.jpg\",\"datePublished\":\"2015-06-11T12:35:44+00:00\",\"dateModified\":\"2026-01-08T17:37:52+00:00\",\"description\":\"{:lv}Realat - pilna servisa nekustamo \u012bpa\u0161umu a\u0123ent\u016bra, kas pozicion\u0113ta uz veiksm\u012bgu rezult\u0101tu sasnieg\u0161anu dar\u012bjumos ar nekustamo \u012bpa\u0161umu.{:}\",\"breadcrumb\":{\"@id\":\"https:\/\/www2.realat.lv\/lv\/par-mums\/#breadcrumb\"},\"inLanguage\":\"en-US\",\"potentialAction\":[{\"@type\":\"ReadAction\",\"target\":[\"https:\/\/www2.realat.lv\/lv\/par-mums\/\"]}]},{\"@type\":\"ImageObject\",\"inLanguage\":\"en-US\",\"@id\":\"https:\/\/www2.realat.lv\/lv\/par-mums\/#primaryimage\",\"url\":\"https:\/\/www2.realat.lv\/wp-content\/uploads\/2015\/06\/6a58461e91d52112369c3cf736607bc1-e1485387859311.jpg\",\"contentUrl\":\"https:\/\/www2.realat.lv\/wp-content\/uploads\/2015\/06\/6a58461e91d52112369c3cf736607bc1-e1485387859311.jpg\",\"width\":2000,\"height\":872},{\"@type\":\"BreadcrumbList\",\"@id\":\"https:\/\/www2.realat.lv\/lv\/par-mums\/#breadcrumb\",\"itemListElement\":[{\"@type\":\"ListItem\",\"position\":1,\"name\":\"Home\",\"item\":\"https:\/\/www2.realat.lv\/en\/\"},{\"@type\":\"ListItem\",\"position\":2,\"name\":\"Par mums\"}]},{\"@type\":\"WebSite\",\"@id\":\"https:\/\/www2.realat.lv\/en\/#website\",\"url\":\"https:\/\/www2.realat.lv\/en\/\",\"name\":\"REALAT.lv\",\"description\":\"Nekustamie \u012bpa\u0161umi, iz\u012br\u0113, iznom\u0101 un p\u0101rdod, dz\u012bvok\u013ci, m\u0101jas, zemes, komerc\u012bpa\u0161umi, invest\u012bciju projekti, starpniec\u012bbas pakalpojumi.\",\"potentialAction\":[{\"@type\":\"SearchAction\",\"target\":{\"@type\":\"EntryPoint\",\"urlTemplate\":\"https:\/\/www2.realat.lv\/en\/?s={search_term_string}\"},\"query-input\":{\"@type\":\"PropertyValueSpecification\",\"valueRequired\":true,\"valueName\":\"search_term_string\"}}],\"inLanguage\":\"en-US\"}]}<\/script>\n<!-- \/ Yoast SEO plugin. -->","yoast_head_json":{"title":"About us - REALAT.lv","description":"Realat - pilna servisa nekustamo \u012bpa\u0161umu a\u0123ent\u016bra, kas pozicion\u0113ta uz veiksm\u012bgu rezult\u0101tu sasnieg\u0161anu dar\u012bjumos ar nekustamo \u012bpa\u0161umu.","robots":{"index":"index","follow":"follow","max-snippet":"max-snippet:-1","max-image-preview":"max-image-preview:large","max-video-preview":"max-video-preview:-1"},"twitter_card":"summary_large_image","twitter_title":"About us - REALAT.lv","twitter_description":"{:lv}Realat - pilna servisa nekustamo \u012bpa\u0161umu a\u0123ent\u016bra, kas pozicion\u0113ta uz veiksm\u012bgu rezult\u0101tu sasnieg\u0161anu dar\u012bjumos ar nekustamo \u012bpa\u0161umu.{:}","twitter_image":"https:\/\/www2.realat.lv\/wp-content\/uploads\/2015\/06\/6a58461e91d52112369c3cf736607bc1-e1485387859311.jpg","twitter_misc":{"Est. reading time":"2 minutes"},"schema":{"@context":"https:\/\/schema.org","@graph":[{"@type":"WebPage","@id":"https:\/\/www2.realat.lv\/lv\/par-mums\/","url":"https:\/\/www2.realat.lv\/lv\/par-mums\/","name":"About us - REALAT.lv","isPartOf":{"@id":"https:\/\/www2.realat.lv\/en\/#website"},"primaryImageOfPage":{"@id":"https:\/\/www2.realat.lv\/lv\/par-mums\/#primaryimage"},"image":{"@id":"https:\/\/www2.realat.lv\/lv\/par-mums\/#primaryimage"},"thumbnailUrl":"https:\/\/www2.realat.lv\/wp-content\/uploads\/2015\/06\/6a58461e91d52112369c3cf736607bc1-e1485387859311.jpg","datePublished":"2015-06-11T12:35:44+00:00","dateModified":"2026-01-08T17:37:52+00:00","description":"{:lv}Realat - pilna servisa nekustamo \u012bpa\u0161umu a\u0123ent\u016bra, kas pozicion\u0113ta uz veiksm\u012bgu rezult\u0101tu sasnieg\u0161anu dar\u012bjumos ar nekustamo \u012bpa\u0161umu.{:}","breadcrumb":{"@id":"https:\/\/www2.realat.lv\/lv\/par-mums\/#breadcrumb"},"inLanguage":"en-US","potentialAction":[{"@type":"ReadAction","target":["https:\/\/www2.realat.lv\/lv\/par-mums\/"]}]},{"@type":"ImageObject","inLanguage":"en-US","@id":"https:\/\/www2.realat.lv\/lv\/par-mums\/#primaryimage","url":"https:\/\/www2.realat.lv\/wp-content\/uploads\/2015\/06\/6a58461e91d52112369c3cf736607bc1-e1485387859311.jpg","contentUrl":"https:\/\/www2.realat.lv\/wp-content\/uploads\/2015\/06\/6a58461e91d52112369c3cf736607bc1-e1485387859311.jpg","width":2000,"height":872},{"@type":"BreadcrumbList","@id":"https:\/\/www2.realat.lv\/lv\/par-mums\/#breadcrumb","itemListElement":[{"@type":"ListItem","position":1,"name":"Home","item":"https:\/\/www2.realat.lv\/en\/"},{"@type":"ListItem","position":2,"name":"Par mums"}]},{"@type":"WebSite","@id":"https:\/\/www2.realat.lv\/en\/#website","url":"https:\/\/www2.realat.lv\/en\/","name":"REALAT.lv","description":"Nekustamie \u012bpa\u0161umi, iz\u012br\u0113, iznom\u0101 un p\u0101rdod, dz\u012bvok\u013ci, m\u0101jas, zemes, komerc\u012bpa\u0161umi, invest\u012bciju projekti, starpniec\u012bbas pakalpojumi.","potentialAction":[{"@type":"SearchAction","target":{"@type":"EntryPoint","urlTemplate":"https:\/\/www2.realat.lv\/en\/?s={search_term_string}"},"query-input":{"@type":"PropertyValueSpecification","valueRequired":true,"valueName":"search_term_string"}}],"inLanguage":"en-US"}]}},"post_mailing_queue_ids":[],"_links":{"self":[{"href":"https:\/\/www2.realat.lv\/en\/wp-json\/wp\/v2\/pages\/4285","targetHints":{"allow":["GET"]}}],"collection":[{"href":"https:\/\/www2.realat.lv\/en\/wp-json\/wp\/v2\/pages"}],"about":[{"href":"https:\/\/www2.realat.lv\/en\/wp-json\/wp\/v2\/types\/page"}],"author":[{"embeddable":true,"href":"https:\/\/www2.realat.lv\/en\/wp-json\/wp\/v2\/users\/2"}],"replies":[{"embeddable":true,"href":"https:\/\/www2.realat.lv\/en\/wp-json\/wp\/v2\/comments?post=4285"}],"version-history":[{"count":0,"href":"https:\/\/www2.realat.lv\/en\/wp-json\/wp\/v2\/pages\/4285\/revisions"}],"wp:featuredmedia":[{"embeddable":true,"href":"https:\/\/www2.realat.lv\/en\/wp-json\/wp\/v2\/media\/1373991"}],"wp:attachment":[{"href":"https:\/\/www2.realat.lv\/en\/wp-json\/wp\/v2\/media?parent=4285"}],"curies":[{"name":"wp","href":"https:\/\/api.w.org\/{rel}","templated":true}]}}