{"id":4289,"date":"2015-06-11T12:37:03","date_gmt":"2015-06-11T12:37:03","guid":{"rendered":"http:\/\/lux.www2.realat.lv\/wordpress\/?page_id=4289"},"modified":"2026-01-09T18:29:21","modified_gmt":"2026-01-09T16:29:21","slug":"karjera-nekustamo-ipasumu-agents","status":"publish","type":"page","link":"https:\/\/www2.realat.lv\/en\/career\/","title":{"rendered":"Your Potential is Measurable. Our Results are Proven."},"content":{"rendered":"<blockquote>\r\n<p><span style=\"font-size: 14pt;\"><strong>Take Decisions and Direct your Energy Towards the Results Achievement<\/strong><\/span><\/p>\r\n<\/blockquote>\r\n<p>Striving for the fulfillment of the demands and wishes of our customers, we would like to welcome in our team the best professionals in the sphere of real estate. We elcome those people, who feel and take responsibility for their work and are not afraid of the personal independent development.<\/p>\r\n<p>If you have a strog personality, talent, leadership features and if you like to work with and for customers, being honest, accurate, having high level of responsibility in difficult situations \u2013 welcome to our team!<\/p>\r\n<p>We offer work with potential growth possibilities in the company with 10 years of explicit knowledge and experience on the real estate market. Flexible working hours and competitive payment according to the results.<\/p>\r\n<p>You have to be purposeful, with excellent communication skills, the highest result oriented, self-disciplined person with the ability to work independently.<\/p>\r\n<p>Please send your CV and Motivation Letter to <a href=\"mailto:cv@www2.realat.lv\">cv@www2.realat.lv<\/a><\/p>\r\n<p>&nbsp;<\/p>\r\n<blockquote>\r\n<p><strong><em>Your Tomorrow is being created Today. <\/em><\/strong><\/p>\r\n<\/blockquote>\r\n<p>&nbsp;<\/p>\r\n<p><strong>Team Work + Aim + <\/strong><strong>Enthusiasm<\/strong><strong> = <\/strong><strong>Achievements<\/strong><\/p>","protected":false},"excerpt":{"rendered":"<p>Take Decisions and Direct your Energy Towards the Results Achievement Striving for the fulfillment of the demands and wishes of our customers, we would like to welcome in our team&#8230; <\/p>\n","protected":false},"author":2,"featured_media":2048679,"parent":0,"menu_order":0,"comment_status":"closed","ping_status":"closed","template":"single.php","meta":{"footnotes":""},"class_list":["post-4289","page","type-page","status-publish","has-post-thumbnail","hentry"],"yoast_head":"<!-- This site is optimized with the Yoast SEO plugin v26.9 - https:\/\/yoast.com\/product\/yoast-seo-wordpress\/ -->\n<title>Career in Real Estate | Earn. Learn. Achieve. | REALATKarjera - REALAT pied\u0101v\u0101 iesp\u0113ju att\u012bst\u012bt sevi N\u012a p\u0101rdo\u0161an\u0101Career in Real Estate | Earn. Learn. Achieve. | REALATKarjera - REALAT pied\u0101v\u0101 iesp\u0113ju att\u012bst\u012bt sevi N\u012a p\u0101rdo\u0161an\u0101<\/title>\n<meta name=\"description\" content=\"Join the REALAT team! 20 years of experience, a record-breaking \u20ac109K commission and a training academy. Start your career in a company where properties are sold 22% above market value.Veiksm\u012bga karjera dod cilv\u0113kam iesp\u0113ju \u012bstenot sp\u0113jas un intereses person\u012bgaj\u0101, profesion\u0101laj\u0101 un soci\u0101laj\u0101 zi\u0146\u0101. REALAT mekl\u0113 motiv\u0113tus N\u012a a\u0123entus. %Veiksm\u012bga karjera dod cilv\u0113kam iesp\u0113ju \u012bstenot sp\u0113jas un intereses person\u012bgaj\u0101, profesion\u0101laj\u0101 un soci\u0101laj\u0101 zi\u0146\u0101. REALAT mekl\u0113 motiv\u0113tus N\u012a a\u0123entus.\" \/>\n<meta name=\"robots\" content=\"index, follow, max-snippet:-1, max-image-preview:large, max-video-preview:-1\" \/>\n<meta name=\"twitter:card\" content=\"summary_large_image\" \/>\n<meta name=\"twitter:title\" content=\"[:lv]Karjera Nekustamajos \u012apa\u0161umos | Peln\u012bt. M\u0101c\u012bties. Sasniegt. | REALAT[:en]Career in Real Estate | Earn. Learn. Achieve. | REALATKarjera - REALAT pied\u0101v\u0101 iesp\u0113ju att\u012bst\u012bt sevi N\u012a p\u0101rdo\u0161an\u0101Career in Real Estate | Earn. Learn. Achieve. | REALATKarjera - REALAT pied\u0101v\u0101 iesp\u0113ju att\u012bst\u012bt sevi N\u012a p\u0101rdo\u0161an\u0101[:ru]\u041a\u0430\u0440\u044c\u0435\u0440\u0430 \u0432 \u0441\u0444\u0435\u0440\u0435 \u043d\u0435\u0434\u0432\u0438\u0436\u0438\u043c\u043e\u0441\u0442\u0438 | \u0417\u0430\u0440\u0430\u0431\u0430\u0442\u044b\u0432\u0430\u0439\u0442\u0435. \u0423\u0447\u0438\u0442\u0435\u0441\u044c. \u0414\u043e\u0441\u0442\u0438\u0433\u0430\u0439\u0442\u0435. | REALATKarjera - REALAT pied\u0101v\u0101 iesp\u0113ju peln\u012bt ar nekustamo \u012bpa\u0161umiem\u041a\u0430\u0440\u044c\u0435\u0440\u0430 \u0432 \u0441\u0444\u0435\u0440\u0435 \u043d\u0435\u0434\u0432\u0438\u0436\u0438\u043c\u043e\u0441\u0442\u0438 | \u0417\u0430\u0440\u0430\u0431\u0430\u0442\u044b\u0432\u0430\u0439\u0442\u0435. \u0423\u0447\u0438\u0442\u0435\u0441\u044c. \u0414\u043e\u0441\u0442\u0438\u0433\u0430\u0439\u0442\u0435. | REALATKarjera - REALAT pied\u0101v\u0101 iesp\u0113ju peln\u012bt ar nekustamo \u012bpa\u0161umiem[:]\" \/>\n<meta name=\"twitter:description\" content=\"{:lv}Pievienojies REALAT komandai! 20 gadu pieredze, 109K \u20ac rekordliela komisija un apm\u0101c\u012bbu akad\u0113mija. S\u0101c karjeru uz\u0146\u0113mum\u0101, kur \u012bpa\u0161umus p\u0101rdod 22% virs tirgus v\u0113rt\u012bbas.{:en}Join the REALAT team! 20 years of experience, a record-breaking \u20ac109K commission and a training academy. Start your career in a company where properties are sold 22% above market value.Veiksm\u012bga karjera dod cilv\u0113kam iesp\u0113ju \u012bstenot sp\u0113jas un intereses person\u012bgaj\u0101, profesion\u0101laj\u0101 un soci\u0101laj\u0101 zi\u0146\u0101. REALAT mekl\u0113 motiv\u0113tus N\u012a a\u0123entus. %Veiksm\u012bga karjera dod cilv\u0113kam iesp\u0113ju \u012bstenot sp\u0113jas un intereses person\u012bgaj\u0101, profesion\u0101laj\u0101 un soci\u0101laj\u0101 zi\u0146\u0101. REALAT mekl\u0113 motiv\u0113tus N\u012a a\u0123entus.{:ru}\u041f\u0440\u0438\u0441\u043e\u0435\u0434\u0438\u043d\u044f\u0439\u0442\u0435\u0441\u044c \u043a \u043a\u043e\u043c\u0430\u043d\u0434\u0435 REALAT! 20 \u043b\u0435\u0442 \u043e\u043f\u044b\u0442\u0430, \u0440\u0435\u043a\u043e\u0440\u0434\u043d\u0430\u044f \u043a\u043e\u043c\u0438\u0441\u0441\u0438\u044f \u0432 \u0440\u0430\u0437\u043c\u0435\u0440\u0435 109 000 \u0435\u0432\u0440\u043e \u0438 \u0430\u043a\u0430\u0434\u0435\u043c\u0438\u044f \u043e\u0431\u0443\u0447\u0435\u043d\u0438\u044f. \u041d\u0430\u0447\u043d\u0438\u0442\u0435 \u0441\u0432\u043e\u044e \u043a\u0430\u0440\u044c\u0435\u0440\u0443 \u0432 \u043a\u043e\u043c\u043f\u0430\u043d\u0438\u0438, \u0433\u0434\u0435 \u043d\u0435\u0434\u0432\u0438\u0436\u0438\u043c\u043e\u0441\u0442\u044c \u043f\u0440\u043e\u0434\u0430\u0435\u0442\u0441\u044f \u043d\u0430 22% \u0432\u044b\u0448\u0435 \u0440\u044b\u043d\u043e\u0447\u043d\u043e\u0439 \u0441\u0442\u043e\u0438\u043c\u043e\u0441\u0442\u0438.Veiksm\u012bga karjera dod cilv\u0113kam iesp\u0113ju \u012bstenot sp\u0113jas un intereses person\u012bgaj\u0101, profesion\u0101laj\u0101 un soci\u0101laj\u0101 zi\u0146\u0101. REALAT mekl\u0113 motiv\u0113tus N\u012a a\u0123entus. %Veiksm\u012bga karjera dod cilv\u0113kam iesp\u0113ju \u012bstenot sp\u0113jas un intereses person\u012bgaj\u0101, profesion\u0101laj\u0101 un soci\u0101laj\u0101 zi\u0146\u0101. REALAT mekl\u0113 motiv\u0113tus N\u012a a\u0123entus.{:}\" \/>\n<meta name=\"twitter:image\" content=\"https:\/\/www2.realat.lv\/wp-content\/uploads\/2025\/12\/FB-cover-REALAT.webp\" \/>\n<meta name=\"twitter:label1\" content=\"Est. reading time\" \/>\n\t<meta name=\"twitter:data1\" content=\"3 minutes\" \/>\n<script type=\"application\/ld+json\" class=\"yoast-schema-graph\">{\"@context\":\"https:\/\/schema.org\",\"@graph\":[{\"@type\":[\"WebPage\",\"AboutPage\"],\"@id\":\"https:\/\/www2.realat.lv\/lv\/karjera\/\",\"url\":\"https:\/\/www2.realat.lv\/lv\/karjera\/\",\"name\":\"[:lv]Karjera Nekustamajos \u012apa\u0161umos | Peln\u012bt. M\u0101c\u012bties. Sasniegt. | REALAT[:en]Career in Real Estate | Earn. Learn. Achieve. | REALATKarjera - REALAT pied\u0101v\u0101 iesp\u0113ju att\u012bst\u012bt sevi N\u012a p\u0101rdo\u0161an\u0101Career in Real Estate | Earn. Learn. Achieve. | REALATKarjera - REALAT pied\u0101v\u0101 iesp\u0113ju att\u012bst\u012bt sevi N\u012a p\u0101rdo\u0161an\u0101[:ru]\u041a\u0430\u0440\u044c\u0435\u0440\u0430 \u0432 \u0441\u0444\u0435\u0440\u0435 \u043d\u0435\u0434\u0432\u0438\u0436\u0438\u043c\u043e\u0441\u0442\u0438 | \u0417\u0430\u0440\u0430\u0431\u0430\u0442\u044b\u0432\u0430\u0439\u0442\u0435. \u0423\u0447\u0438\u0442\u0435\u0441\u044c. \u0414\u043e\u0441\u0442\u0438\u0433\u0430\u0439\u0442\u0435. | REALATKarjera - REALAT pied\u0101v\u0101 iesp\u0113ju peln\u012bt ar nekustamo \u012bpa\u0161umiem\u041a\u0430\u0440\u044c\u0435\u0440\u0430 \u0432 \u0441\u0444\u0435\u0440\u0435 \u043d\u0435\u0434\u0432\u0438\u0436\u0438\u043c\u043e\u0441\u0442\u0438 | \u0417\u0430\u0440\u0430\u0431\u0430\u0442\u044b\u0432\u0430\u0439\u0442\u0435. \u0423\u0447\u0438\u0442\u0435\u0441\u044c. \u0414\u043e\u0441\u0442\u0438\u0433\u0430\u0439\u0442\u0435. | REALATKarjera - REALAT pied\u0101v\u0101 iesp\u0113ju peln\u012bt ar nekustamo \u012bpa\u0161umiem[:]\",\"isPartOf\":{\"@id\":\"https:\/\/www2.realat.lv\/en\/#website\"},\"primaryImageOfPage\":{\"@id\":\"https:\/\/www2.realat.lv\/lv\/karjera\/#primaryimage\"},\"image\":{\"@id\":\"https:\/\/www2.realat.lv\/lv\/karjera\/#primaryimage\"},\"thumbnailUrl\":\"https:\/\/www2.realat.lv\/wp-content\/uploads\/2025\/12\/FB-cover-REALAT.webp\",\"datePublished\":\"2015-06-11T12:37:03+00:00\",\"dateModified\":\"2026-01-09T16:29:21+00:00\",\"description\":\"{:lv}Pievienojies REALAT komandai! 20 gadu pieredze, 109K \u20ac rekordliela komisija un apm\u0101c\u012bbu akad\u0113mija. S\u0101c karjeru uz\u0146\u0113mum\u0101, kur \u012bpa\u0161umus p\u0101rdod 22% virs tirgus v\u0113rt\u012bbas.{:en}Join the REALAT team! 20 years of experience, a record-breaking \u20ac109K commission and a training academy. Start your career in a company where properties are sold 22% above market value.Veiksm\u012bga karjera dod cilv\u0113kam iesp\u0113ju \u012bstenot sp\u0113jas un intereses person\u012bgaj\u0101, profesion\u0101laj\u0101 un soci\u0101laj\u0101 zi\u0146\u0101. REALAT mekl\u0113 motiv\u0113tus N\u012a a\u0123entus. %Veiksm\u012bga karjera dod cilv\u0113kam iesp\u0113ju \u012bstenot sp\u0113jas un intereses person\u012bgaj\u0101, profesion\u0101laj\u0101 un soci\u0101laj\u0101 zi\u0146\u0101. REALAT mekl\u0113 motiv\u0113tus N\u012a a\u0123entus.{:ru}\u041f\u0440\u0438\u0441\u043e\u0435\u0434\u0438\u043d\u044f\u0439\u0442\u0435\u0441\u044c \u043a \u043a\u043e\u043c\u0430\u043d\u0434\u0435 REALAT! 20 \u043b\u0435\u0442 \u043e\u043f\u044b\u0442\u0430, \u0440\u0435\u043a\u043e\u0440\u0434\u043d\u0430\u044f \u043a\u043e\u043c\u0438\u0441\u0441\u0438\u044f \u0432 \u0440\u0430\u0437\u043c\u0435\u0440\u0435 109 000 \u0435\u0432\u0440\u043e \u0438 \u0430\u043a\u0430\u0434\u0435\u043c\u0438\u044f \u043e\u0431\u0443\u0447\u0435\u043d\u0438\u044f. \u041d\u0430\u0447\u043d\u0438\u0442\u0435 \u0441\u0432\u043e\u044e \u043a\u0430\u0440\u044c\u0435\u0440\u0443 \u0432 \u043a\u043e\u043c\u043f\u0430\u043d\u0438\u0438, \u0433\u0434\u0435 \u043d\u0435\u0434\u0432\u0438\u0436\u0438\u043c\u043e\u0441\u0442\u044c \u043f\u0440\u043e\u0434\u0430\u0435\u0442\u0441\u044f \u043d\u0430 22% \u0432\u044b\u0448\u0435 \u0440\u044b\u043d\u043e\u0447\u043d\u043e\u0439 \u0441\u0442\u043e\u0438\u043c\u043e\u0441\u0442\u0438.Veiksm\u012bga karjera dod cilv\u0113kam iesp\u0113ju \u012bstenot sp\u0113jas un intereses person\u012bgaj\u0101, profesion\u0101laj\u0101 un soci\u0101laj\u0101 zi\u0146\u0101. REALAT mekl\u0113 motiv\u0113tus N\u012a a\u0123entus. %Veiksm\u012bga karjera dod cilv\u0113kam iesp\u0113ju \u012bstenot sp\u0113jas un intereses person\u012bgaj\u0101, profesion\u0101laj\u0101 un soci\u0101laj\u0101 zi\u0146\u0101. REALAT mekl\u0113 motiv\u0113tus N\u012a a\u0123entus.{:}\",\"breadcrumb\":{\"@id\":\"https:\/\/www2.realat.lv\/lv\/karjera\/#breadcrumb\"},\"inLanguage\":\"en-US\",\"potentialAction\":[{\"@type\":\"ReadAction\",\"target\":[\"https:\/\/www2.realat.lv\/lv\/karjera\/\"]}]},{\"@type\":\"ImageObject\",\"inLanguage\":\"en-US\",\"@id\":\"https:\/\/www2.realat.lv\/lv\/karjera\/#primaryimage\",\"url\":\"https:\/\/www2.realat.lv\/wp-content\/uploads\/2025\/12\/FB-cover-REALAT.webp\",\"contentUrl\":\"https:\/\/www2.realat.lv\/wp-content\/uploads\/2025\/12\/FB-cover-REALAT.webp\",\"width\":1400,\"height\":549},{\"@type\":\"BreadcrumbList\",\"@id\":\"https:\/\/www2.realat.lv\/lv\/karjera\/#breadcrumb\",\"itemListElement\":[{\"@type\":\"ListItem\",\"position\":1,\"name\":\"Home\",\"item\":\"https:\/\/www2.realat.lv\/en\/\"},{\"@type\":\"ListItem\",\"position\":2,\"name\":\"N\u012a A\u0123enta karjera\"}]},{\"@type\":\"WebSite\",\"@id\":\"https:\/\/www2.realat.lv\/en\/#website\",\"url\":\"https:\/\/www2.realat.lv\/en\/\",\"name\":\"REALAT.lv\",\"description\":\"Nekustamie \u012bpa\u0161umi, iz\u012br\u0113, iznom\u0101 un p\u0101rdod, dz\u012bvok\u013ci, m\u0101jas, zemes, komerc\u012bpa\u0161umi, invest\u012bciju projekti, starpniec\u012bbas pakalpojumi.\",\"potentialAction\":[{\"@type\":\"SearchAction\",\"target\":{\"@type\":\"EntryPoint\",\"urlTemplate\":\"https:\/\/www2.realat.lv\/en\/?s={search_term_string}\"},\"query-input\":{\"@type\":\"PropertyValueSpecification\",\"valueRequired\":true,\"valueName\":\"search_term_string\"}}],\"inLanguage\":\"en-US\"}]}<\/script>\n<!-- \/ Yoast SEO plugin. -->","yoast_head_json":{"title":"Career in Real Estate | Earn. Learn. Achieve. | REALATKarjera - REALAT pied\u0101v\u0101 iesp\u0113ju att\u012bst\u012bt sevi N\u012a p\u0101rdo\u0161an\u0101Career in Real Estate | Earn. Learn. Achieve. | REALATKarjera - REALAT pied\u0101v\u0101 iesp\u0113ju att\u012bst\u012bt sevi N\u012a p\u0101rdo\u0161an\u0101","description":"Join the REALAT team! 20 years of experience, a record-breaking \u20ac109K commission and a training academy. Start your career in a company where properties are sold 22% above market value.Veiksm\u012bga karjera dod cilv\u0113kam iesp\u0113ju \u012bstenot sp\u0113jas un intereses person\u012bgaj\u0101, profesion\u0101laj\u0101 un soci\u0101laj\u0101 zi\u0146\u0101. REALAT mekl\u0113 motiv\u0113tus N\u012a a\u0123entus. %Veiksm\u012bga karjera dod cilv\u0113kam iesp\u0113ju \u012bstenot sp\u0113jas un intereses person\u012bgaj\u0101, profesion\u0101laj\u0101 un soci\u0101laj\u0101 zi\u0146\u0101. REALAT mekl\u0113 motiv\u0113tus N\u012a a\u0123entus.","robots":{"index":"index","follow":"follow","max-snippet":"max-snippet:-1","max-image-preview":"max-image-preview:large","max-video-preview":"max-video-preview:-1"},"twitter_card":"summary_large_image","twitter_title":"[:lv]Karjera Nekustamajos \u012apa\u0161umos | Peln\u012bt. M\u0101c\u012bties. Sasniegt. | REALAT[:en]Career in Real Estate | Earn. Learn. Achieve. | REALATKarjera - REALAT pied\u0101v\u0101 iesp\u0113ju att\u012bst\u012bt sevi N\u012a p\u0101rdo\u0161an\u0101Career in Real Estate | Earn. Learn. Achieve. | REALATKarjera - REALAT pied\u0101v\u0101 iesp\u0113ju att\u012bst\u012bt sevi N\u012a p\u0101rdo\u0161an\u0101[:ru]\u041a\u0430\u0440\u044c\u0435\u0440\u0430 \u0432 \u0441\u0444\u0435\u0440\u0435 \u043d\u0435\u0434\u0432\u0438\u0436\u0438\u043c\u043e\u0441\u0442\u0438 | \u0417\u0430\u0440\u0430\u0431\u0430\u0442\u044b\u0432\u0430\u0439\u0442\u0435. \u0423\u0447\u0438\u0442\u0435\u0441\u044c. \u0414\u043e\u0441\u0442\u0438\u0433\u0430\u0439\u0442\u0435. | REALATKarjera - REALAT pied\u0101v\u0101 iesp\u0113ju peln\u012bt ar nekustamo \u012bpa\u0161umiem\u041a\u0430\u0440\u044c\u0435\u0440\u0430 \u0432 \u0441\u0444\u0435\u0440\u0435 \u043d\u0435\u0434\u0432\u0438\u0436\u0438\u043c\u043e\u0441\u0442\u0438 | \u0417\u0430\u0440\u0430\u0431\u0430\u0442\u044b\u0432\u0430\u0439\u0442\u0435. \u0423\u0447\u0438\u0442\u0435\u0441\u044c. \u0414\u043e\u0441\u0442\u0438\u0433\u0430\u0439\u0442\u0435. | REALATKarjera - REALAT pied\u0101v\u0101 iesp\u0113ju peln\u012bt ar nekustamo \u012bpa\u0161umiem[:]","twitter_description":"{:lv}Pievienojies REALAT komandai! 20 gadu pieredze, 109K \u20ac rekordliela komisija un apm\u0101c\u012bbu akad\u0113mija. S\u0101c karjeru uz\u0146\u0113mum\u0101, kur \u012bpa\u0161umus p\u0101rdod 22% virs tirgus v\u0113rt\u012bbas.{:en}Join the REALAT team! 20 years of experience, a record-breaking \u20ac109K commission and a training academy. Start your career in a company where properties are sold 22% above market value.Veiksm\u012bga karjera dod cilv\u0113kam iesp\u0113ju \u012bstenot sp\u0113jas un intereses person\u012bgaj\u0101, profesion\u0101laj\u0101 un soci\u0101laj\u0101 zi\u0146\u0101. REALAT mekl\u0113 motiv\u0113tus N\u012a a\u0123entus. %Veiksm\u012bga karjera dod cilv\u0113kam iesp\u0113ju \u012bstenot sp\u0113jas un intereses person\u012bgaj\u0101, profesion\u0101laj\u0101 un soci\u0101laj\u0101 zi\u0146\u0101. REALAT mekl\u0113 motiv\u0113tus N\u012a a\u0123entus.{:ru}\u041f\u0440\u0438\u0441\u043e\u0435\u0434\u0438\u043d\u044f\u0439\u0442\u0435\u0441\u044c \u043a \u043a\u043e\u043c\u0430\u043d\u0434\u0435 REALAT! 20 \u043b\u0435\u0442 \u043e\u043f\u044b\u0442\u0430, \u0440\u0435\u043a\u043e\u0440\u0434\u043d\u0430\u044f \u043a\u043e\u043c\u0438\u0441\u0441\u0438\u044f \u0432 \u0440\u0430\u0437\u043c\u0435\u0440\u0435 109 000 \u0435\u0432\u0440\u043e \u0438 \u0430\u043a\u0430\u0434\u0435\u043c\u0438\u044f \u043e\u0431\u0443\u0447\u0435\u043d\u0438\u044f. \u041d\u0430\u0447\u043d\u0438\u0442\u0435 \u0441\u0432\u043e\u044e \u043a\u0430\u0440\u044c\u0435\u0440\u0443 \u0432 \u043a\u043e\u043c\u043f\u0430\u043d\u0438\u0438, \u0433\u0434\u0435 \u043d\u0435\u0434\u0432\u0438\u0436\u0438\u043c\u043e\u0441\u0442\u044c \u043f\u0440\u043e\u0434\u0430\u0435\u0442\u0441\u044f \u043d\u0430 22% \u0432\u044b\u0448\u0435 \u0440\u044b\u043d\u043e\u0447\u043d\u043e\u0439 \u0441\u0442\u043e\u0438\u043c\u043e\u0441\u0442\u0438.Veiksm\u012bga karjera dod cilv\u0113kam iesp\u0113ju \u012bstenot sp\u0113jas un intereses person\u012bgaj\u0101, profesion\u0101laj\u0101 un soci\u0101laj\u0101 zi\u0146\u0101. REALAT mekl\u0113 motiv\u0113tus N\u012a a\u0123entus. %Veiksm\u012bga karjera dod cilv\u0113kam iesp\u0113ju \u012bstenot sp\u0113jas un intereses person\u012bgaj\u0101, profesion\u0101laj\u0101 un soci\u0101laj\u0101 zi\u0146\u0101. REALAT mekl\u0113 motiv\u0113tus N\u012a a\u0123entus.{:}","twitter_image":"https:\/\/www2.realat.lv\/wp-content\/uploads\/2025\/12\/FB-cover-REALAT.webp","twitter_misc":{"Est. reading time":"3 minutes"},"schema":{"@context":"https:\/\/schema.org","@graph":[{"@type":["WebPage","AboutPage"],"@id":"https:\/\/www2.realat.lv\/lv\/karjera\/","url":"https:\/\/www2.realat.lv\/lv\/karjera\/","name":"[:lv]Karjera Nekustamajos \u012apa\u0161umos | Peln\u012bt. M\u0101c\u012bties. Sasniegt. | REALAT[:en]Career in Real Estate | Earn. Learn. Achieve. | REALATKarjera - REALAT pied\u0101v\u0101 iesp\u0113ju att\u012bst\u012bt sevi N\u012a p\u0101rdo\u0161an\u0101Career in Real Estate | Earn. Learn. Achieve. | REALATKarjera - REALAT pied\u0101v\u0101 iesp\u0113ju att\u012bst\u012bt sevi N\u012a p\u0101rdo\u0161an\u0101[:ru]\u041a\u0430\u0440\u044c\u0435\u0440\u0430 \u0432 \u0441\u0444\u0435\u0440\u0435 \u043d\u0435\u0434\u0432\u0438\u0436\u0438\u043c\u043e\u0441\u0442\u0438 | \u0417\u0430\u0440\u0430\u0431\u0430\u0442\u044b\u0432\u0430\u0439\u0442\u0435. \u0423\u0447\u0438\u0442\u0435\u0441\u044c. \u0414\u043e\u0441\u0442\u0438\u0433\u0430\u0439\u0442\u0435. | REALATKarjera - REALAT pied\u0101v\u0101 iesp\u0113ju peln\u012bt ar nekustamo \u012bpa\u0161umiem\u041a\u0430\u0440\u044c\u0435\u0440\u0430 \u0432 \u0441\u0444\u0435\u0440\u0435 \u043d\u0435\u0434\u0432\u0438\u0436\u0438\u043c\u043e\u0441\u0442\u0438 | \u0417\u0430\u0440\u0430\u0431\u0430\u0442\u044b\u0432\u0430\u0439\u0442\u0435. \u0423\u0447\u0438\u0442\u0435\u0441\u044c. \u0414\u043e\u0441\u0442\u0438\u0433\u0430\u0439\u0442\u0435. | REALATKarjera - REALAT pied\u0101v\u0101 iesp\u0113ju peln\u012bt ar nekustamo \u012bpa\u0161umiem[:]","isPartOf":{"@id":"https:\/\/www2.realat.lv\/en\/#website"},"primaryImageOfPage":{"@id":"https:\/\/www2.realat.lv\/lv\/karjera\/#primaryimage"},"image":{"@id":"https:\/\/www2.realat.lv\/lv\/karjera\/#primaryimage"},"thumbnailUrl":"https:\/\/www2.realat.lv\/wp-content\/uploads\/2025\/12\/FB-cover-REALAT.webp","datePublished":"2015-06-11T12:37:03+00:00","dateModified":"2026-01-09T16:29:21+00:00","description":"{:lv}Pievienojies REALAT komandai! 20 gadu pieredze, 109K \u20ac rekordliela komisija un apm\u0101c\u012bbu akad\u0113mija. S\u0101c karjeru uz\u0146\u0113mum\u0101, kur \u012bpa\u0161umus p\u0101rdod 22% virs tirgus v\u0113rt\u012bbas.{:en}Join the REALAT team! 20 years of experience, a record-breaking \u20ac109K commission and a training academy. Start your career in a company where properties are sold 22% above market value.Veiksm\u012bga karjera dod cilv\u0113kam iesp\u0113ju \u012bstenot sp\u0113jas un intereses person\u012bgaj\u0101, profesion\u0101laj\u0101 un soci\u0101laj\u0101 zi\u0146\u0101. REALAT mekl\u0113 motiv\u0113tus N\u012a a\u0123entus. %Veiksm\u012bga karjera dod cilv\u0113kam iesp\u0113ju \u012bstenot sp\u0113jas un intereses person\u012bgaj\u0101, profesion\u0101laj\u0101 un soci\u0101laj\u0101 zi\u0146\u0101. REALAT mekl\u0113 motiv\u0113tus N\u012a a\u0123entus.{:ru}\u041f\u0440\u0438\u0441\u043e\u0435\u0434\u0438\u043d\u044f\u0439\u0442\u0435\u0441\u044c \u043a \u043a\u043e\u043c\u0430\u043d\u0434\u0435 REALAT! 20 \u043b\u0435\u0442 \u043e\u043f\u044b\u0442\u0430, \u0440\u0435\u043a\u043e\u0440\u0434\u043d\u0430\u044f \u043a\u043e\u043c\u0438\u0441\u0441\u0438\u044f \u0432 \u0440\u0430\u0437\u043c\u0435\u0440\u0435 109 000 \u0435\u0432\u0440\u043e \u0438 \u0430\u043a\u0430\u0434\u0435\u043c\u0438\u044f \u043e\u0431\u0443\u0447\u0435\u043d\u0438\u044f. \u041d\u0430\u0447\u043d\u0438\u0442\u0435 \u0441\u0432\u043e\u044e \u043a\u0430\u0440\u044c\u0435\u0440\u0443 \u0432 \u043a\u043e\u043c\u043f\u0430\u043d\u0438\u0438, \u0433\u0434\u0435 \u043d\u0435\u0434\u0432\u0438\u0436\u0438\u043c\u043e\u0441\u0442\u044c \u043f\u0440\u043e\u0434\u0430\u0435\u0442\u0441\u044f \u043d\u0430 22% \u0432\u044b\u0448\u0435 \u0440\u044b\u043d\u043e\u0447\u043d\u043e\u0439 \u0441\u0442\u043e\u0438\u043c\u043e\u0441\u0442\u0438.Veiksm\u012bga karjera dod cilv\u0113kam iesp\u0113ju \u012bstenot sp\u0113jas un intereses person\u012bgaj\u0101, profesion\u0101laj\u0101 un soci\u0101laj\u0101 zi\u0146\u0101. REALAT mekl\u0113 motiv\u0113tus N\u012a a\u0123entus. %Veiksm\u012bga karjera dod cilv\u0113kam iesp\u0113ju \u012bstenot sp\u0113jas un intereses person\u012bgaj\u0101, profesion\u0101laj\u0101 un soci\u0101laj\u0101 zi\u0146\u0101. REALAT mekl\u0113 motiv\u0113tus N\u012a a\u0123entus.{:}","breadcrumb":{"@id":"https:\/\/www2.realat.lv\/lv\/karjera\/#breadcrumb"},"inLanguage":"en-US","potentialAction":[{"@type":"ReadAction","target":["https:\/\/www2.realat.lv\/lv\/karjera\/"]}]},{"@type":"ImageObject","inLanguage":"en-US","@id":"https:\/\/www2.realat.lv\/lv\/karjera\/#primaryimage","url":"https:\/\/www2.realat.lv\/wp-content\/uploads\/2025\/12\/FB-cover-REALAT.webp","contentUrl":"https:\/\/www2.realat.lv\/wp-content\/uploads\/2025\/12\/FB-cover-REALAT.webp","width":1400,"height":549},{"@type":"BreadcrumbList","@id":"https:\/\/www2.realat.lv\/lv\/karjera\/#breadcrumb","itemListElement":[{"@type":"ListItem","position":1,"name":"Home","item":"https:\/\/www2.realat.lv\/en\/"},{"@type":"ListItem","position":2,"name":"N\u012a A\u0123enta karjera"}]},{"@type":"WebSite","@id":"https:\/\/www2.realat.lv\/en\/#website","url":"https:\/\/www2.realat.lv\/en\/","name":"REALAT.lv","description":"Nekustamie \u012bpa\u0161umi, iz\u012br\u0113, iznom\u0101 un p\u0101rdod, dz\u012bvok\u013ci, m\u0101jas, zemes, komerc\u012bpa\u0161umi, invest\u012bciju projekti, starpniec\u012bbas pakalpojumi.","potentialAction":[{"@type":"SearchAction","target":{"@type":"EntryPoint","urlTemplate":"https:\/\/www2.realat.lv\/en\/?s={search_term_string}"},"query-input":{"@type":"PropertyValueSpecification","valueRequired":true,"valueName":"search_term_string"}}],"inLanguage":"en-US"}]}},"post_mailing_queue_ids":[],"_links":{"self":[{"href":"https:\/\/www2.realat.lv\/en\/wp-json\/wp\/v2\/pages\/4289","targetHints":{"allow":["GET"]}}],"collection":[{"href":"https:\/\/www2.realat.lv\/en\/wp-json\/wp\/v2\/pages"}],"about":[{"href":"https:\/\/www2.realat.lv\/en\/wp-json\/wp\/v2\/types\/page"}],"author":[{"embeddable":true,"href":"https:\/\/www2.realat.lv\/en\/wp-json\/wp\/v2\/users\/2"}],"replies":[{"embeddable":true,"href":"https:\/\/www2.realat.lv\/en\/wp-json\/wp\/v2\/comments?post=4289"}],"version-history":[{"count":0,"href":"https:\/\/www2.realat.lv\/en\/wp-json\/wp\/v2\/pages\/4289\/revisions"}],"wp:featuredmedia":[{"embeddable":true,"href":"https:\/\/www2.realat.lv\/en\/wp-json\/wp\/v2\/media\/2048679"}],"wp:attachment":[{"href":"https:\/\/www2.realat.lv\/en\/wp-json\/wp\/v2\/media?parent=4289"}],"curies":[{"name":"wp","href":"https:\/\/api.w.org\/{rel}","templated":true}]}}