{"id":4300,"date":"2015-06-11T12:47:46","date_gmt":"2015-06-11T12:47:46","guid":{"rendered":"http:\/\/lux.www2.realat.lv\/wordpress\/?page_id=4300"},"modified":"2026-02-04T10:15:19","modified_gmt":"2026-02-04T08:15:19","slug":"klientu-atsauksmes","status":"publish","type":"page","link":"https:\/\/www2.realat.lv\/en\/client-testimonials\/","title":{"rendered":"Testimonials"},"content":{"rendered":"<p><\/p>\n<p style=\"text-align: center;\">The opinion of our customer is very important for us, to work with the full energy and strive for the highest results. This is why we summarize all the reviews and we are proud of those as if of golden medals gained in the very important sport competition event.<\/p>\n<p><\/p>","protected":false},"excerpt":{"rendered":"<p>The opinion of our customer is very important for us, to work with the full energy and strive for the highest results. This is why we summarize all the reviews&#8230; <\/p>\n","protected":false},"author":2,"featured_media":2048842,"parent":0,"menu_order":0,"comment_status":"closed","ping_status":"closed","template":"atsauksmes.php","meta":{"footnotes":""},"class_list":["post-4300","page","type-page","status-publish","has-post-thumbnail","hentry"],"yoast_head":"<!-- This site is optimized with the Yoast SEO plugin v26.9 - https:\/\/yoast.com\/product\/yoast-seo-wordpress\/ -->\n<title>Testimonials - REALAT.lv<\/title>\n<meta name=\"description\" content=\"Mums ir svar\u012bgs klientu viedoklis, lai varam str\u0101d\u0101t ar pilnu atdevi un tiekties p\u0113c visaugst\u0101kajiem rezult\u0101tiem. Iepaz\u012bstieties ar to atsauksm\u0113m \u0161eit.\" \/>\n<meta name=\"robots\" content=\"index, follow, max-snippet:-1, max-image-preview:large, max-video-preview:-1\" \/>\n<meta name=\"twitter:card\" content=\"summary_large_image\" \/>\n<meta name=\"twitter:title\" content=\"Testimonials - REALAT.lv\" \/>\n<meta name=\"twitter:description\" content=\"{:lv}Mums ir svar\u012bgs klientu viedoklis, lai varam str\u0101d\u0101t ar pilnu atdevi un tiekties p\u0113c visaugst\u0101kajiem rezult\u0101tiem. Iepaz\u012bstieties ar to atsauksm\u0113m \u0161eit.{:}\" \/>\n<meta name=\"twitter:image\" content=\"https:\/\/www2.realat.lv\/wp-content\/uploads\/2026\/02\/Screenshot-2026-02-04-at-10.05.07.webp\" \/>\n<meta name=\"twitter:label1\" content=\"Est. reading time\" \/>\n\t<meta name=\"twitter:data1\" content=\"1 minute\" \/>\n<script type=\"application\/ld+json\" class=\"yoast-schema-graph\">{\"@context\":\"https:\/\/schema.org\",\"@graph\":[{\"@type\":\"WebPage\",\"@id\":\"https:\/\/www2.realat.lv\/lv\/klientu-atsauksmes\/\",\"url\":\"https:\/\/www2.realat.lv\/lv\/klientu-atsauksmes\/\",\"name\":\"Testimonials - REALAT.lv\",\"isPartOf\":{\"@id\":\"https:\/\/www2.realat.lv\/en\/#website\"},\"primaryImageOfPage\":{\"@id\":\"https:\/\/www2.realat.lv\/lv\/klientu-atsauksmes\/#primaryimage\"},\"image\":{\"@id\":\"https:\/\/www2.realat.lv\/lv\/klientu-atsauksmes\/#primaryimage\"},\"thumbnailUrl\":\"https:\/\/www2.realat.lv\/wp-content\/uploads\/2026\/02\/Screenshot-2026-02-04-at-10.05.07.webp\",\"datePublished\":\"2015-06-11T12:47:46+00:00\",\"dateModified\":\"2026-02-04T08:15:19+00:00\",\"description\":\"{:lv}Mums ir svar\u012bgs klientu viedoklis, lai varam str\u0101d\u0101t ar pilnu atdevi un tiekties p\u0113c visaugst\u0101kajiem rezult\u0101tiem. Iepaz\u012bstieties ar to atsauksm\u0113m \u0161eit.{:}\",\"breadcrumb\":{\"@id\":\"https:\/\/www2.realat.lv\/lv\/klientu-atsauksmes\/#breadcrumb\"},\"inLanguage\":\"en-US\",\"potentialAction\":[{\"@type\":\"ReadAction\",\"target\":[\"https:\/\/www2.realat.lv\/lv\/klientu-atsauksmes\/\"]}]},{\"@type\":\"ImageObject\",\"inLanguage\":\"en-US\",\"@id\":\"https:\/\/www2.realat.lv\/lv\/klientu-atsauksmes\/#primaryimage\",\"url\":\"https:\/\/www2.realat.lv\/wp-content\/uploads\/2026\/02\/Screenshot-2026-02-04-at-10.05.07.webp\",\"contentUrl\":\"https:\/\/www2.realat.lv\/wp-content\/uploads\/2026\/02\/Screenshot-2026-02-04-at-10.05.07.webp\",\"width\":2048,\"height\":746},{\"@type\":\"BreadcrumbList\",\"@id\":\"https:\/\/www2.realat.lv\/lv\/klientu-atsauksmes\/#breadcrumb\",\"itemListElement\":[{\"@type\":\"ListItem\",\"position\":1,\"name\":\"Home\",\"item\":\"https:\/\/www2.realat.lv\/en\/\"},{\"@type\":\"ListItem\",\"position\":2,\"name\":\"Klientu atsauksmes\"}]},{\"@type\":\"WebSite\",\"@id\":\"https:\/\/www2.realat.lv\/en\/#website\",\"url\":\"https:\/\/www2.realat.lv\/en\/\",\"name\":\"REALAT.lv\",\"description\":\"Nekustamie \u012bpa\u0161umi, iz\u012br\u0113, iznom\u0101 un p\u0101rdod, dz\u012bvok\u013ci, m\u0101jas, zemes, komerc\u012bpa\u0161umi, invest\u012bciju projekti, starpniec\u012bbas pakalpojumi.\",\"potentialAction\":[{\"@type\":\"SearchAction\",\"target\":{\"@type\":\"EntryPoint\",\"urlTemplate\":\"https:\/\/www2.realat.lv\/en\/?s={search_term_string}\"},\"query-input\":{\"@type\":\"PropertyValueSpecification\",\"valueRequired\":true,\"valueName\":\"search_term_string\"}}],\"inLanguage\":\"en-US\"}]}<\/script>\n<!-- \/ Yoast SEO plugin. -->","yoast_head_json":{"title":"Testimonials - REALAT.lv","description":"Mums ir svar\u012bgs klientu viedoklis, lai varam str\u0101d\u0101t ar pilnu atdevi un tiekties p\u0113c visaugst\u0101kajiem rezult\u0101tiem. Iepaz\u012bstieties ar to atsauksm\u0113m \u0161eit.","robots":{"index":"index","follow":"follow","max-snippet":"max-snippet:-1","max-image-preview":"max-image-preview:large","max-video-preview":"max-video-preview:-1"},"twitter_card":"summary_large_image","twitter_title":"Testimonials - REALAT.lv","twitter_description":"{:lv}Mums ir svar\u012bgs klientu viedoklis, lai varam str\u0101d\u0101t ar pilnu atdevi un tiekties p\u0113c visaugst\u0101kajiem rezult\u0101tiem. Iepaz\u012bstieties ar to atsauksm\u0113m \u0161eit.{:}","twitter_image":"https:\/\/www2.realat.lv\/wp-content\/uploads\/2026\/02\/Screenshot-2026-02-04-at-10.05.07.webp","twitter_misc":{"Est. reading time":"1 minute"},"schema":{"@context":"https:\/\/schema.org","@graph":[{"@type":"WebPage","@id":"https:\/\/www2.realat.lv\/lv\/klientu-atsauksmes\/","url":"https:\/\/www2.realat.lv\/lv\/klientu-atsauksmes\/","name":"Testimonials - REALAT.lv","isPartOf":{"@id":"https:\/\/www2.realat.lv\/en\/#website"},"primaryImageOfPage":{"@id":"https:\/\/www2.realat.lv\/lv\/klientu-atsauksmes\/#primaryimage"},"image":{"@id":"https:\/\/www2.realat.lv\/lv\/klientu-atsauksmes\/#primaryimage"},"thumbnailUrl":"https:\/\/www2.realat.lv\/wp-content\/uploads\/2026\/02\/Screenshot-2026-02-04-at-10.05.07.webp","datePublished":"2015-06-11T12:47:46+00:00","dateModified":"2026-02-04T08:15:19+00:00","description":"{:lv}Mums ir svar\u012bgs klientu viedoklis, lai varam str\u0101d\u0101t ar pilnu atdevi un tiekties p\u0113c visaugst\u0101kajiem rezult\u0101tiem. Iepaz\u012bstieties ar to atsauksm\u0113m \u0161eit.{:}","breadcrumb":{"@id":"https:\/\/www2.realat.lv\/lv\/klientu-atsauksmes\/#breadcrumb"},"inLanguage":"en-US","potentialAction":[{"@type":"ReadAction","target":["https:\/\/www2.realat.lv\/lv\/klientu-atsauksmes\/"]}]},{"@type":"ImageObject","inLanguage":"en-US","@id":"https:\/\/www2.realat.lv\/lv\/klientu-atsauksmes\/#primaryimage","url":"https:\/\/www2.realat.lv\/wp-content\/uploads\/2026\/02\/Screenshot-2026-02-04-at-10.05.07.webp","contentUrl":"https:\/\/www2.realat.lv\/wp-content\/uploads\/2026\/02\/Screenshot-2026-02-04-at-10.05.07.webp","width":2048,"height":746},{"@type":"BreadcrumbList","@id":"https:\/\/www2.realat.lv\/lv\/klientu-atsauksmes\/#breadcrumb","itemListElement":[{"@type":"ListItem","position":1,"name":"Home","item":"https:\/\/www2.realat.lv\/en\/"},{"@type":"ListItem","position":2,"name":"Klientu atsauksmes"}]},{"@type":"WebSite","@id":"https:\/\/www2.realat.lv\/en\/#website","url":"https:\/\/www2.realat.lv\/en\/","name":"REALAT.lv","description":"Nekustamie \u012bpa\u0161umi, iz\u012br\u0113, iznom\u0101 un p\u0101rdod, dz\u012bvok\u013ci, m\u0101jas, zemes, komerc\u012bpa\u0161umi, invest\u012bciju projekti, starpniec\u012bbas pakalpojumi.","potentialAction":[{"@type":"SearchAction","target":{"@type":"EntryPoint","urlTemplate":"https:\/\/www2.realat.lv\/en\/?s={search_term_string}"},"query-input":{"@type":"PropertyValueSpecification","valueRequired":true,"valueName":"search_term_string"}}],"inLanguage":"en-US"}]}},"post_mailing_queue_ids":[],"_links":{"self":[{"href":"https:\/\/www2.realat.lv\/en\/wp-json\/wp\/v2\/pages\/4300","targetHints":{"allow":["GET"]}}],"collection":[{"href":"https:\/\/www2.realat.lv\/en\/wp-json\/wp\/v2\/pages"}],"about":[{"href":"https:\/\/www2.realat.lv\/en\/wp-json\/wp\/v2\/types\/page"}],"author":[{"embeddable":true,"href":"https:\/\/www2.realat.lv\/en\/wp-json\/wp\/v2\/users\/2"}],"replies":[{"embeddable":true,"href":"https:\/\/www2.realat.lv\/en\/wp-json\/wp\/v2\/comments?post=4300"}],"version-history":[{"count":0,"href":"https:\/\/www2.realat.lv\/en\/wp-json\/wp\/v2\/pages\/4300\/revisions"}],"wp:featuredmedia":[{"embeddable":true,"href":"https:\/\/www2.realat.lv\/en\/wp-json\/wp\/v2\/media\/2048842"}],"wp:attachment":[{"href":"https:\/\/www2.realat.lv\/en\/wp-json\/wp\/v2\/media?parent=4300"}],"curies":[{"name":"wp","href":"https:\/\/api.w.org\/{rel}","templated":true}]}}