{"id":1026,"date":"2015-04-08T06:59:41","date_gmt":"2015-04-08T06:59:41","guid":{"rendered":"http:\/\/lux.www2.realat.lv\/wordpress\/?page_id=1026"},"modified":"2020-01-22T20:42:27","modified_gmt":"2020-01-22T18:42:27","slug":"sakums","status":"publish","type":"page","link":"https:\/\/www2.realat.lv\/lv\/","title":{"rendered":"S\u0101kums"},"content":{"rendered":"<p><\/p>\n<p><div class=\"prop-count-bg\"><div class=\"center-block pt40 mobpt\"><h1 class=\"center osLight pt20\" style=\"color:#9D9FA2;font-size:30px;\">Nekustamie \u012bpa\u0161umi Latvij\u0101<\/h1><div class=\"underline\"><img decoding=\"async\" src=\"https:\/\/www2.realat.lv\/wp-content\/themes\/realeswp\/images\/line.png\"\/><\/div><div class=\"row pb40\"><div class=\"prop-count\"><div class=\"col-md-2 col-sm-4 col-xs-4 text-center mob-stype bt br bl bb desktop-hidden\"><a href=\"https:\/\/www2.realat.lv\/url.php?scat=1481&view=rezgis&lang=lv\"><img decoding=\"async\" src=\"https:\/\/www2.realat.lv\/wp-content\/themes\/realeswp\/images\/3.png\"\/><div class=\"ico-home-title mob-stype-tilte\">M\u0101jas<\/div><\/a><div class=\"prop-count-font\"><span class=\"counter\">183<\/span><\/div><\/div><div class=\"col-md-2 col-sm-4 col-xs-4 text-center mob-stype bt br bl bb mob-hidden\"><a href=\"https:\/\/www2.realat.lv\/url.php?scat=1481&view=saraksts&lang=lv\"><img decoding=\"async\" src=\"https:\/\/www2.realat.lv\/wp-content\/themes\/realeswp\/images\/3.png\"\/><div class=\"ico-home-title mob-stype-tilte\">M\u0101jas<\/div><\/a><div class=\"prop-count-font\"><span class=\"counter\">183<\/span><\/div><\/div><div class=\"col-md-2 col-sm-4 col-xs-4 text-center mob-stype bt br bl bb\"><a href=\"https:\/\/www2.realat.lv\/lv\/jaunie-projekti\/pardod-dzivoklus-un-jaunbuves\/\/?newproj=1599&view=rezgis\"><img decoding=\"async\" src=\"https:\/\/www2.realat.lv\/wp-content\/themes\/realeswp\/images\/Jaunie_projekti.png\"\/><div class=\"ico-home-title mob-stype-tilte\">Jaunie projekti<\/div><\/a><div class=\"prop-count-font\"><span class=\"counter\">529<\/span><\/div><\/div><div class=\"col-md-2 col-sm-4 col-xs-4 text-center mob-stype bt br bl bb desktop-hidden\"><a href=\"https:\/\/www2.realat.lv\/url.php?scat=1483&view=rezgis&lang=lv\"><img decoding=\"async\" src=\"https:\/\/www2.realat.lv\/wp-content\/themes\/realeswp\/images\/1.png\"\/><div class=\"ico-home-title mob-stype-tilte\">Dz\u012bvok\u013ci<\/div><\/a><div class=\"prop-count-font\"><span class=\"counter\">436<\/span><\/div><\/div><div class=\"col-md-2 col-sm-4 col-xs-4 text-center mob-stype bt br bl bb mob-hidden\"><a href=\"https:\/\/www2.realat.lv\/url.php?scat=1483&view=saraksts&lang=lv\"><img decoding=\"async\" src=\"https:\/\/www2.realat.lv\/wp-content\/themes\/realeswp\/images\/1.png\"\/><div class=\"ico-home-title mob-stype-tilte\">Dz\u012bvok\u013ci<\/div><\/a><div class=\"prop-count-font\"><span class=\"counter\">436<\/span><\/div><\/div><div class=\"col-md-2 col-sm-4 col-xs-4 text-center mob-stype bt br bl bb desktop-hidden\"><a href=\"https:\/\/www2.realat.lv\/url.php?scat=1501&view=rezgis&lang=lv\"><img decoding=\"async\" src=\"https:\/\/www2.realat.lv\/wp-content\/themes\/realeswp\/images\/8.png\"\/><div class=\"ico-home-title mob-stype-tilte\">Zeme<\/div><\/a><div class=\"prop-count-font\"><span class=\"counter\">87<\/span><\/div><\/div><div class=\"col-md-2 col-sm-4 col-xs-4 text-center mob-stype bt br bl bb mob-hidden\"><a href=\"https:\/\/www2.realat.lv\/url.php?scat=1501&view=saraksts&lang=lv\"><img decoding=\"async\" src=\"https:\/\/www2.realat.lv\/wp-content\/themes\/realeswp\/images\/8.png\"\/><div class=\"ico-home-title mob-stype-tilte\">Zeme<\/div><\/a><div class=\"prop-count-font\"><span class=\"counter\">87<\/span><\/div><\/div><div class=\"col-md-2 col-sm-4 col-xs-4 text-center mob-stype bt br bl bb desktop-hidden\"><a href=\"https:\/\/www2.realat.lv\/url.php?scat=1514&view=rezgis&lang=lv\"><img decoding=\"async\" src=\"https:\/\/www2.realat.lv\/wp-content\/themes\/realeswp\/images\/4.png\"\/><div class=\"ico-home-title mob-stype-tilte\">Telpas<\/div><\/a><div class=\"prop-count-font\"><span class=\"counter\">647<\/span><\/div><\/div><div class=\"col-md-2 col-sm-4 col-xs-4 text-center mob-stype bt br bl bb mob-hidden\"><a href=\"https:\/\/www2.realat.lv\/url.php?scat=1514&view=saraksts&lang=lv\"><img decoding=\"async\" src=\"https:\/\/www2.realat.lv\/wp-content\/themes\/realeswp\/images\/4.png\"\/><div class=\"ico-home-title mob-stype-tilte\">Telpas<\/div><\/a><div class=\"prop-count-font\"><span class=\"counter\">647<\/span><\/div><\/div><div class=\"col-md-2 col-sm-4 col-xs-4 text-center mob-stype bt br bl bb desktop-hidden\"><a href=\"https:\/\/www2.realat.lv\/url.php?scat=1538&view=rezgis&lang=lv\"><img decoding=\"async\" src=\"https:\/\/www2.realat.lv\/wp-content\/themes\/realeswp\/images\/9.png\"\/><div class=\"ico-home-title mob-stype-tilte\">Invest\u012bciju projekti<\/div><\/a><div class=\"prop-count-font\"><span class=\"counter\">11<\/span><\/div><\/div><div class=\"col-md-2 col-sm-4 col-xs-4 text-center mob-stype bt br bl bb mob-hidden\"><a href=\"https:\/\/www2.realat.lv\/url.php?scat=1538&view=saraksts&lang=lv\"><img decoding=\"async\" src=\"https:\/\/www2.realat.lv\/wp-content\/themes\/realeswp\/images\/9.png\"\/><div class=\"ico-home-title mob-stype-tilte\">Invest\u012bciju projekti<\/div><\/a><div class=\"prop-count-font\"><span class=\"counter\">11<\/span><\/div><\/div><\/div><\/div><\/div><\/div><div class=\"bg hidden-xs hidden-sm\">\r\n    <div class=\"cont-nav\">\r\n        <div class=\"center-block\">\r\n            <div class=\"cont-nav-pic\">\r\n                <a id=\"content_menu_link\" href=\"\" target=\"_blank\">\r\n                    <img decoding=\"async\" id=\"content_menu_img\" src=\"\" alt=\"image\" \/>\r\n                <\/a>\r\n            <\/div>\r\n            <div class=\"cont-nav-links\">\r\n                <div class=\"row\">\r\n                    <div class=\"col-xs-12 col-sm-8 col-md-4 col-lg-4 s-menu-item2\">\r\n                        <a href=\"https:\/\/www2.realat.lv\/lv\/jaunumi\/?news=1\">\r\n                            <span class=\"icon-news s-icon3\"><\/span>\r\n                            <div class=\"s-content\">\r\n                                <h2 class=\"centered s-main2 osLight\">Zi\u0146as<\/h2>\r\n                            <\/div>\r\n                        <\/a>\r\n                    <\/div>\r\n                    <div class=\"col-xs-12 col-sm-8 col-md-4 col-lg-4 s-menu-item2\">\r\n                        <a href=\"https:\/\/www2.realat.lv\/lv\/meklet\/?newproj=1601&view=rezgis\">\r\n                            <span class=\"icon-business s-icon3\"><\/span>\r\n                            <div class=\"s-content\">\r\n                                <h2 class=\"centered s-main2 osLight\">Biznesa centri<\/h2>\r\n                            <\/div>\r\n                        <\/a>\r\n                    <\/div>\r\n                    <div class=\"col-xs-12 col-sm-8 col-md-4 col-lg-4 s-menu-item2\">\r\n                        <a href=\"https:\/\/www2.realat.lv\/lv\/meklet\/?newproj=1598&view=rezgis\">\r\n                            <span class=\"icon-office s-icon3\" style=\"font-size: 45px\"><\/span>\r\n                            <div class=\"s-content\">\r\n                                <h2 class=\"centered s-main2 osLight\">\u012ares nami<\/h2>\r\n                            <\/div>\r\n                        <\/a>\r\n                    <\/div>\r\n                    <div class=\"col-xs-12 col-sm-8 col-md-4 col-lg-4 s-menu-item2\">\r\n                        <a href=\"https:\/\/www2.realat.lv\/lv\/dizains\/\">\r\n                            <span class=\"icon-design s-icon3\"><\/span>\r\n                            <div class=\"s-content\">\r\n                                <h2 class=\"centered s-main2 osLight\">Dizains<\/h2>\r\n                            <\/div>\r\n                        <\/a>\r\n                    <\/div>\r\n                    <div class=\"col-xs-12 col-sm-8 col-md-4 col-lg-4 s-menu-item2\">\r\n                        <a href=\"https:\/\/www2.realat.lv\/lv\/remonts\/\">\r\n                            <span class=\"icon-repair s-icon3\"><\/span>\r\n                            <div class=\"s-content\">\r\n                                <h2 class=\"centered s-main2 osLight\">Remonts<\/h2>\r\n                            <\/div>\r\n                        <\/a>\r\n                    <\/div>\r\n                    <div class=\"col-xs-12 col-sm-8 col-md-4 col-lg-4 s-menu-item2\">\r\n                        <a href=\"https:\/\/www2.realat.lv\/lv\/parvaksanas-pakalpojumi\/\">\r\n                            <span class=\"icon-moving s-icon3\"><\/span>\r\n                            <div class=\"s-content\">\r\n                                <h2 class=\"centered s-main2 osLight\">P\u0101rv\u0101k\u0161an\u0101s pakalpojumi<\/h2>\r\n                            <\/div>\r\n                        <\/a>\r\n                    <\/div>\r\n                <\/div>\r\n            <\/div>\r\n        <\/div>\r\n    <\/div>\r\n<\/div>\r\n    \r\n<script language=\"javascript\">\r\nvar banners = [\r\n    {\"url\":\"https:\\\/\\\/bit.ly\\\/2S3Tlta\",\"img\":\"https:\\\/\\\/img.www2.realat.lv\\\/wp\\\/images\\\/banner3.jpg\"}\r\n];\r\nvar id = parseInt(Math.random() * (banners.length) + 1);\r\nvar banner = banners[id - 1];\r\ndocument.getElementById('content_menu_img').src = banner.img;\r\ndocument.getElementById('content_menu_link').href = banner.url;\r\n<\/script> <div class=\"center-block\"><h2 class=\"center osLight pt20\" style=\"color:#9D9FA2;font-size:30px;\">Atsauksmes no  m\u016bsu klientiem<\/h2><div class=\"underline\"><img decoding=\"async\" src=\"https:\/\/www.www2.realat.lv\/wp-content\/themes\/realeswp\/images\/line.png\"\/><\/div><div class=\"row pb40\"><div id=\"home-testimonials\" class=\"carousel slide carousel-wb mb20\" data-ride=\"carousel\"><ol class=\"carousel-indicators\"><li data-target=\"#home-testimonials\" data-slide-to=\"0\"class=\"active\" ><\/li><li data-target=\"#home-testimonials\" data-slide-to=\"1\" ><\/li><li data-target=\"#home-testimonials\" data-slide-to=\"2\" ><\/li><\/ol><div class=\"carousel-inner\" style=\"padding-left:20px;padding-right:20px;height:100px\"><div class=\"item active\"><div style=\"background-size:auto 100%;position:absolute;background-image:url(https:\/\/www2.realat.lv\/wp-content\/uploads\/2026\/02\/WhatsApp-Image-2026-02-04-at-12.01.55.jpeg);background-position:center;background-repeat:no-repeat;\"><img decoding=\"async\" src=\"https:\/\/www2.realat.lv\/wp-content\/themes\/realeswp\/images\/big_agent_frame.png\" alt=\"Daila\" class=\"home-testim-avatar\" style=\"height:100px;\"><\/div><div class=\"home-testim\" style=\"padding-bottom:20px;\"><div class=\"home-testim-text\">\u013boti pret\u012bmn\u0101ko\u0161a un atsauc\u012bga darbiniece. Milz\u012bgs paldies! <strong><a class=\"read-more\" href=\"https:\/\/www2.realat.lv\/lv\/atsauksmes\/daila\/\">Las\u012bt vair\u0101k<\/a><\/strong><\/div><div class=\"home-testim-name\">Daila<\/div><\/div><\/div><div class=\"item\"><div style=\"background-size:auto 100%;position:absolute;background-image:url(https:\/\/www2.realat.lv\/wp-content\/uploads\/2026\/02\/unnamed-1.png);background-position:center;background-repeat:no-repeat;\"><img decoding=\"async\" src=\"https:\/\/www2.realat.lv\/wp-content\/themes\/realeswp\/images\/big_agent_frame.png\" alt=\"Lasma Taurina\" class=\"home-testim-avatar\" style=\"height:100px;\"><\/div><div class=\"home-testim\" style=\"padding-bottom:20px;\"><div class=\"home-testim-text\">\u013boti laba sadarb\u012bba ar ReaLat un Zandu Kupci, regul\u0101ra inform\u0101cija par notiku\u0161aj\u0101m apskat\u0113m, patika, ka p\u0101rdev\u0113ja intereses ir tik svar\u012bgas, ka esam priorit\u0101te, cena tiek maksim\u0101li notur\u0113ta, atbilsto\u0161i \u012bpa\u0161uma v\u0113rt\u012bbai. Iesaku! Mums k\u0101 p\u0101rdev\u0113jiem bija&hellip; <strong><a class=\"read-more\" href=\"https:\/\/www2.realat.lv\/lv\/atsauksmes\/lasma-taurina\/\">Las\u012bt vair\u0101k<\/a><\/strong><\/div><div class=\"home-testim-name\">Lasma Taurina<\/div><\/div><\/div><div class=\"item\"><div style=\"background-size:100px;position:absolute;background-image:url(https:\/\/www2.realat.lv\/wp-content\/themes\/realeswp\/images\/avatar.png);background-position:center;background-repeat:no-repeat;\"><img decoding=\"async\" src=\"https:\/\/www2.realat.lv\/wp-content\/themes\/realeswp\/images\/big_agent_frame.png\" alt=\"El\u012bna\" class=\"home-testim-avatar\" style=\"height:100px;\"><\/div><div class=\"home-testim\" style=\"padding-bottom:20px;\"><div class=\"home-testim-text\">Labs a\u0123ents, rekomend\u0113ju - izpal\u012bdz\u012bgs, laipns, \u0101tri un efekt\u012bvi atbild\u0113ja uz visiem jaut\u0101jumiem un tika gal\u0101 ar vis\u0101m neskaidr\u012bb\u0101m. <strong><a class=\"read-more\" href=\"https:\/\/www2.realat.lv\/lv\/atsauksmes\/elina-kanela\/\">Las\u012bt vair\u0101k<\/a><\/strong><\/div><div class=\"home-testim-name\">El\u012bna<\/div><\/div><\/div><\/div><\/div><\/div><\/div> <div class=\"agent-block\" style=\"width:100%;position:relative;\"><div class=\"center-block\"><h2 class=\"center osLight pt20\" style=\"color:#9D9FA2;font-size:30px;\">Izv\u0113lies savu A\u0123entu<\/h2><div class=\"underline\"><img decoding=\"async\" src=\"https:\/\/www.www2.realat.lv\/wp-content\/themes\/realeswp\/images\/line.png\"\/><\/div><div class=\"row\" style=\"width:100%\"><div id=\"home-agents\" class=\"carousel slide carousel-wb\" ><div class=\"carousel-inner\"><div class=\"item active\"><div class=\"agent\"><div class=\"agent-avat col-md-6 col-lg-6 col-sm-12 col-xs-12 hidden-xs\"><div class=\"agent-mind\"><img decoding=\"async\" class=\"lazy2\" src=\"\" data-src=\"https:\/\/www.www2.realat.lv\/wp-content\/themes\/realeswp\/images\/agent_mind.png\"\/><\/div><div class=\"agent-pencil\"><\/div><a href=\"https:\/\/www2.realat.lv\/lv\/agents\/armands\/\" ><img decoding=\"async\"  class=\"lazy\" src=\"\" data-src=\"https:\/\/img.realat.lv\/users\/wp_team_1770120864122.jpg\"  style=\"padding-left:10px;width:441px;height:auto;display: block;\"  alt=\"Armands Egl\u012btis\"\/><\/a><\/div><div class=\"agent-info col-md-6 col-lg-6 col-sm-12 col-xs-12\"><div class=\"agent-name\">Armands Egl\u012btis<\/div><div class=\"agent-about\">Dz\u012bvojamo plat\u012bbu konsultants<\/div><div class=\"agent-contact\"><div>T\u0101lr.: (+371) 67210010<\/div><div>Mob.: (+371) 26950250<\/div><div>E-pasts: armands@www2.realat.lv<\/div><\/div><a class=\"btn btn-default morebutton\" href=\"https:\/\/www2.realat.lv\/lv\/agents\/armands\/\" role=\"button\">Iepaz\u012bties vair\u0101k<\/a><\/div><\/div><\/div><\/div><\/div><\/div><\/div><\/div> <div class=\"services-milda\"><div class=\"services-milda-color\"><div class=\"center-block pt40\"><h2 class=\"osLight centered white pt20\">M\u0113s dar\u0101m visu, kas nepiecie\u0161ams, lai ne tikai p\u0101rdotu j\u016bsu \u012bpa\u0161umu, bet ar\u012b lai visas ar to saist\u012bt\u0101s darb\u012bbas b\u016btu bez stresa, savuk\u0101rt process - viegli uzverams un taj\u0101 pa\u0161\u0101 laik\u0101 aizraujo\u0161s.<\/h2><div class=\"row\" style=\"width:100%;\"><div class=\"row\"><div class=\"milda-serv\"><div class=\"col-xs-12 col-sm-6 col-lg-3 s-menu-item2\"><a href=\"\/piedavat-savu-ipasumu\/\"><span class=\"icon-announce s-icon3\"><\/span><div class=\"s-content\"><h2 class=\"centered s-main2 osLight\">Pied\u0101v\u0101 mums savu \u012bpa\u0161umu<\/h2><h3 class=\"s-sub2 osLight\">Uztici savu \u012bpa\u0161umu ekspertiem, jo m\u0113s zin\u0101m, k\u0101 p\u0101rdot dz\u012bvokli, m\u0101ju vai komerc\u012bpa\u0161umu \u0101tr\u0101k, spilgt\u0101k un d\u0101rg\u0101k<\/h3><\/div><\/a><\/div><div class=\"col-xs-12 col-sm-6 col-lg-3 s-menu-item2\"><a href=\"\/komanda\/\"><span class=\"icon-agent s-icon3\"><\/span><div class=\"s-content\"><h2 class=\"centered s-main2 osLight\">Izv\u0113lies savu a\u0123entu<\/h2><h3 class=\"s-sub2 osLight\">Izv\u0113lies pieredzi un zin\u0101\u0161anas, kas pal\u012bdz\u0113s p\u0101rdot j\u016bsu nekustamo \u012bpa\u0161umu d\u0101rg\u0101k un ietaup\u012bs J\u016bsu laiku<\/h3><\/div><\/a><\/div><div class=\"col-xs-12 col-sm-6 col-lg-3 s-menu-item2\"><a href=\"\/nekustama-ipasuma-vertesana\/\"><span class=\"icon-Vertejuma_pasutisana s-icon3\"><\/span><div class=\"s-content\"><h2 class=\"centered s-main2 osLight\">Piesaki v\u0113rt\u0113jumu<\/h2><h3 class=\"s-sub2 osLight\">Noskaidro sava \u012bpa\u0161uma patieso v\u0113rt\u012bbu un uzzini prognoz\u0113jamo v\u0113rt\u0113jumu p\u0101ris stundu laik\u0101<\/h3><\/div><\/a><\/div><div class=\"col-xs-12 col-sm-6 col-lg-3 s-menu-item2\"><a href=\"\/apsaimniekosana-un-parvaldisana\/\"><span class=\"icon-manage s-icon3\"><\/span><div class=\"s-content\"><h2 class=\"centered s-main2 osLight\">P\u0101rvald\u012b\u0161ana un apsaimnieko\u0161ana<\/h2><h3 class=\"s-sub2 osLight\">Nodro\u0161in\u0101m pilnu klienta \u012bpa\u0161uma \u0113ku un teritoriju, k\u0101 ar\u012b komercplat\u012bbu apsaimnieko\u0161anas servisu<\/h3><\/div><\/a><\/div><\/div><\/div><\/div><\/div><\/div><\/p>\n<p><\/p>","protected":false},"excerpt":{"rendered":"","protected":false},"author":2,"featured_media":0,"parent":0,"menu_order":0,"comment_status":"closed","ping_status":"closed","template":"fullwidth.php","meta":{"footnotes":""},"class_list":["post-1026","page","type-page","status-publish","hentry"],"yoast_head":"<!-- This site is optimized with the Yoast SEO plugin v26.9 - https:\/\/yoast.com\/product\/yoast-seo-wordpress\/ -->\n<title>REALAT.lv Real Estate | Apartments, Houses, Premises | Sale and Rent<\/title>\n<meta name=\"description\" content=\"Full Service Real Estate Agency in Latvia With Over 10 Years of Experience. Real Estate in Latvia - Apartments, Houses and Premises for Sale and Rent.\" \/>\n<meta name=\"robots\" content=\"index, follow, max-snippet:-1, max-image-preview:large, max-video-preview:-1\" \/>\n<meta name=\"twitter:card\" content=\"summary_large_image\" \/>\n<meta name=\"twitter:title\" content=\"REALAT.lv Real Estate | Apartments, Houses, Premises | Sale and Rent\" \/>\n<meta name=\"twitter:description\" content=\"Full Service Real Estate Agency in Latvia With Over 10 Years of Experience. Real Estate in Latvia - Apartments, Houses and Premises for Sale and Rent.\" \/>\n<meta name=\"twitter:label1\" content=\"Est. reading time\" \/>\n\t<meta name=\"twitter:data1\" content=\"2 minutes\" \/>\n<script type=\"application\/ld+json\" class=\"yoast-schema-graph\">{\"@context\":\"https:\/\/schema.org\",\"@graph\":[{\"@type\":\"WebPage\",\"@id\":\"https:\/\/www2.realat.lv\/en\/\",\"url\":\"https:\/\/www2.realat.lv\/en\/\",\"name\":\"REALAT.lv Real Estate | Apartments, Houses, Premises | Sale and Rent\",\"isPartOf\":{\"@id\":\"https:\/\/www2.realat.lv\/en\/#website\"},\"datePublished\":\"2015-04-08T06:59:41+00:00\",\"dateModified\":\"2020-01-22T18:42:27+00:00\",\"description\":\"Full Service Real Estate Agency in Latvia With Over 10 Years of Experience. Real Estate in Latvia - Apartments, Houses and Premises for Sale and Rent.\",\"breadcrumb\":{\"@id\":\"https:\/\/www2.realat.lv\/en\/#breadcrumb\"},\"inLanguage\":\"lv-LV\",\"potentialAction\":[{\"@type\":\"ReadAction\",\"target\":[\"https:\/\/www2.realat.lv\/en\/\"]}]},{\"@type\":\"BreadcrumbList\",\"@id\":\"https:\/\/www2.realat.lv\/en\/#breadcrumb\",\"itemListElement\":[{\"@type\":\"ListItem\",\"position\":1,\"name\":\"Home\",\"item\":\"https:\/\/www2.realat.lv\/en\/\"},{\"@type\":\"ListItem\",\"position\":2,\"name\":\"Home\"}]},{\"@type\":\"WebSite\",\"@id\":\"https:\/\/www2.realat.lv\/en\/#website\",\"url\":\"https:\/\/www2.realat.lv\/en\/\",\"name\":\"REALAT.lv\",\"description\":\"Nekustamie \u012bpa\u0161umi, iz\u012br\u0113, iznom\u0101 un p\u0101rdod, dz\u012bvok\u013ci, m\u0101jas, zemes, komerc\u012bpa\u0161umi, invest\u012bciju projekti, starpniec\u012bbas pakalpojumi.\",\"potentialAction\":[{\"@type\":\"SearchAction\",\"target\":{\"@type\":\"EntryPoint\",\"urlTemplate\":\"https:\/\/www2.realat.lv\/en\/?s={search_term_string}\"},\"query-input\":{\"@type\":\"PropertyValueSpecification\",\"valueRequired\":true,\"valueName\":\"search_term_string\"}}],\"inLanguage\":\"lv-LV\"}]}<\/script>\n<!-- \/ Yoast SEO plugin. -->","yoast_head_json":{"title":"REALAT.lv Real Estate | Apartments, Houses, Premises | Sale and Rent","description":"Full Service Real Estate Agency in Latvia With Over 10 Years of Experience. Real Estate in Latvia - Apartments, Houses and Premises for Sale and Rent.","robots":{"index":"index","follow":"follow","max-snippet":"max-snippet:-1","max-image-preview":"max-image-preview:large","max-video-preview":"max-video-preview:-1"},"twitter_card":"summary_large_image","twitter_title":"REALAT.lv Real Estate | Apartments, Houses, Premises | Sale and Rent","twitter_description":"Full Service Real Estate Agency in Latvia With Over 10 Years of Experience. Real Estate in Latvia - Apartments, Houses and Premises for Sale and Rent.","twitter_misc":{"Est. reading time":"2 minutes"},"schema":{"@context":"https:\/\/schema.org","@graph":[{"@type":"WebPage","@id":"https:\/\/www2.realat.lv\/en\/","url":"https:\/\/www2.realat.lv\/en\/","name":"REALAT.lv Real Estate | Apartments, Houses, Premises | Sale and Rent","isPartOf":{"@id":"https:\/\/www2.realat.lv\/en\/#website"},"datePublished":"2015-04-08T06:59:41+00:00","dateModified":"2020-01-22T18:42:27+00:00","description":"Full Service Real Estate Agency in Latvia With Over 10 Years of Experience. Real Estate in Latvia - Apartments, Houses and Premises for Sale and Rent.","breadcrumb":{"@id":"https:\/\/www2.realat.lv\/en\/#breadcrumb"},"inLanguage":"lv-LV","potentialAction":[{"@type":"ReadAction","target":["https:\/\/www2.realat.lv\/en\/"]}]},{"@type":"BreadcrumbList","@id":"https:\/\/www2.realat.lv\/en\/#breadcrumb","itemListElement":[{"@type":"ListItem","position":1,"name":"Home","item":"https:\/\/www2.realat.lv\/en\/"},{"@type":"ListItem","position":2,"name":"Home"}]},{"@type":"WebSite","@id":"https:\/\/www2.realat.lv\/en\/#website","url":"https:\/\/www2.realat.lv\/en\/","name":"REALAT.lv","description":"Nekustamie \u012bpa\u0161umi, iz\u012br\u0113, iznom\u0101 un p\u0101rdod, dz\u012bvok\u013ci, m\u0101jas, zemes, komerc\u012bpa\u0161umi, invest\u012bciju projekti, starpniec\u012bbas pakalpojumi.","potentialAction":[{"@type":"SearchAction","target":{"@type":"EntryPoint","urlTemplate":"https:\/\/www2.realat.lv\/en\/?s={search_term_string}"},"query-input":{"@type":"PropertyValueSpecification","valueRequired":true,"valueName":"search_term_string"}}],"inLanguage":"lv-LV"}]}},"post_mailing_queue_ids":[],"_links":{"self":[{"href":"https:\/\/www2.realat.lv\/lv\/wp-json\/wp\/v2\/pages\/1026","targetHints":{"allow":["GET"]}}],"collection":[{"href":"https:\/\/www2.realat.lv\/lv\/wp-json\/wp\/v2\/pages"}],"about":[{"href":"https:\/\/www2.realat.lv\/lv\/wp-json\/wp\/v2\/types\/page"}],"author":[{"embeddable":true,"href":"https:\/\/www2.realat.lv\/lv\/wp-json\/wp\/v2\/users\/2"}],"replies":[{"embeddable":true,"href":"https:\/\/www2.realat.lv\/lv\/wp-json\/wp\/v2\/comments?post=1026"}],"version-history":[{"count":0,"href":"https:\/\/www2.realat.lv\/lv\/wp-json\/wp\/v2\/pages\/1026\/revisions"}],"wp:attachment":[{"href":"https:\/\/www2.realat.lv\/lv\/wp-json\/wp\/v2\/media?parent=1026"}],"curies":[{"name":"wp","href":"https:\/\/api.w.org\/{rel}","templated":true}]}}