{"id":1363905,"date":"2016-05-06T22:43:19","date_gmt":"2016-05-06T20:43:19","guid":{"rendered":"http:\/\/www2.realat.lv\/lv\/?page_id=1363905"},"modified":"2021-08-30T22:20:26","modified_gmt":"2021-08-30T20:20:26","slug":"nopirksim-jusu-nekustamo-ipasumu-dzivokli-maju-vai-zemi","status":"publish","type":"page","link":"https:\/\/www2.realat.lv\/lv\/perkam-jusu-ipasumu\/","title":{"rendered":"P\u0113rkam J\u016bsu \u012bpa\u0161umu"},"content":{"rendered":"<p><\/p>\n<p style=\"text-align: center;\"><span style=\"font-size: 18pt;\"><strong>V\u0112LATIES STEIDZAMI P\u0100RDOT SAVU \u012aPA\u0160UMU?<\/strong><\/span><\/p>\n<p style=\"text-align: center;\">\u00a0<\/p>\n<p style=\"text-align: left;\"><strong>Uzp\u0113rkam nekustamos \u012bpa\u0161umus R\u012bg\u0101, Pier\u012bg\u0101 un J\u016brmal\u0101<\/strong><\/p>\n<p style=\"text-align: left;\">&#8211; Dz\u012bvok\u013cus<\/p>\n<p style=\"text-align: left;\">&#8211; M\u0101jas<\/p>\n<p style=\"text-align: left;\">&#8211; Zemes<\/p>\n<p style=\"text-align: left;\">&#8211; Nam\u012bpa\u0161umus<\/p>\n<p style=\"text-align: left;\">&#8211; Invest\u012bciju projektus<\/p>\n<p style=\"text-align: left;\">&#8211; Komerc\u012bpa\u0161umus<a  href=\"https:\/\/www2.realat.lv\/wp-content\/uploads\/2019\/07\/3016.png\" data-rel=\"lightbox-gallery-0\" data-rl_title=\"P\u0113rkam J\u016bsu \u012bpa\u0161umu - dz\u012bvokli, m\u0101ju, zemi, komerc\u012bpa\u0161umu\" data-rl_caption=\"\" title=\"P\u0113rkam J\u016bsu \u012bpa\u0161umu - dz\u012bvokli, m\u0101ju, zemi, komerc\u012bpa\u0161umu\"><br \/>\n<\/a><\/p>\n<p style=\"text-align: left;\"><a  href=\"https:\/\/www2.realat.lv\/wp-content\/uploads\/2019\/07\/3016.png\" data-rel=\"lightbox-gallery-0\" data-rl_title=\"P\u0113rkam J\u016bsu \u012bpa\u0161umu - dz\u012bvokli, m\u0101ju, zemi, komerc\u012bpa\u0161umu\" data-rl_caption=\"\"><img decoding=\"async\" class=\"wp-image-2015159 alignnone\" title=\"P\u0113rkam J\u016bsu \u012bpa\u0161umu - dz\u012bvokli, m\u0101ju, zemi, komerc\u012bpa\u0161umu\" src=\"https:\/\/www2.realat.lv\/wp-content\/uploads\/2019\/07\/3016-300x79.png\" alt=\"P\u0113rkam J\u016bsu \u012bpa\u0161umu - dz\u012bvokli, m\u0101ju, zemi, komerc\u012bpa\u0161umu\" width=\"370\" height=\"97\" srcset=\"https:\/\/www2.realat.lv\/wp-content\/uploads\/2019\/07\/3016-300x79.png 300w, https:\/\/www2.realat.lv\/wp-content\/uploads\/2019\/07\/3016-768x202.png 768w, https:\/\/www2.realat.lv\/wp-content\/uploads\/2019\/07\/3016.png 1000w\" sizes=\"(max-width: 370px) 100vw, 370px\" \/><\/a><\/p>\n<p>&nbsp;<\/p>\n<p style=\"text-align: center;\"><span style=\"font-size: 14pt;\">Aizpildiet \u0161o pieteikuma formu, un m\u016bsu p\u0101rst\u0101vis sazin\u0101sies ar jums p\u0101ris stundu laik\u0101.<\/span><\/p>\n<p style=\"text-align: center;\">\n<div class=\"wpcf7 no-js\" id=\"wpcf7-f2033489-o1\" lang=\"lv-LV\" dir=\"ltr\" data-wpcf7-id=\"2033489\">\n<div class=\"screen-reader-response\"><p role=\"status\" aria-live=\"polite\" aria-atomic=\"true\"><\/p> <ul><\/ul><\/div>\n<form action=\"\/lv\/wp-json\/wp\/v2\/pages\/1363905#wpcf7-f2033489-o1\" method=\"post\" class=\"wpcf7-form init\" aria-label=\"Contact form\" novalidate=\"novalidate\" data-status=\"init\">\n<fieldset class=\"hidden-fields-container\"><input type=\"hidden\" name=\"_wpcf7\" value=\"2033489\" \/><input type=\"hidden\" name=\"_wpcf7_version\" value=\"6.1.5\" \/><input type=\"hidden\" name=\"_wpcf7_locale\" value=\"lv_LV\" \/><input type=\"hidden\" name=\"_wpcf7_unit_tag\" value=\"wpcf7-f2033489-o1\" \/><input type=\"hidden\" name=\"_wpcf7_container_post\" value=\"0\" \/><input type=\"hidden\" name=\"_wpcf7_posted_data_hash\" value=\"\" \/><input type=\"hidden\" name=\"_wpcf7_recaptcha_response\" value=\"\" \/>\n<\/fieldset>\n<div style=\"padding-top:50px;\">\n<\/div>\n<div class=\"row\">\n\t<div class=\"col-xs-24 col-sm-24 col-md-8 col-lg-12\" style=\"padding-top:5px;\">\n\t\t<p>Apraksts <span class=\"text-red\"><\/span>\n\t\t<\/p>\n\t\t<p><span class=\"wpcf7-form-control-wrap\" data-name=\"Apraksts\"><textarea cols=\"40\" rows=\"10\" maxlength=\"2000\" class=\"wpcf7-form-control wpcf7-textarea\" aria-invalid=\"false\" name=\"Apraksts\"><\/textarea><\/span>\n\t\t<\/p>\n\t<\/div>\n\t<div class=\"col-xs-12 col-sm-12 col-md-4 col-lg-4\" style=\"padding-top:5px;\">\n\t\t<p>V\u0101rds, Uzv\u0101rds <span class=\"text-red\">*<\/span>\n\t\t<\/p>\n\t\t<p><span class=\"wpcf7-form-control-wrap\" data-name=\"your-name\"><input size=\"40\" maxlength=\"400\" class=\"wpcf7-form-control wpcf7-text wpcf7-validates-as-required\" aria-required=\"true\" aria-invalid=\"false\" value=\"\" type=\"text\" name=\"your-name\" \/><\/span>\n\t\t<\/p>\n\t<\/div>\n\t<div class=\"col-xs-12 col-sm-12 col-md-4 col-lg-4\" style=\"padding-top:5px;\">\n\t\t<p>E-pasts <span class=\"text-red\">*<\/span>\n\t\t<\/p>\n\t\t<p><span class=\"wpcf7-form-control-wrap\" data-name=\"your-email\"><input size=\"40\" maxlength=\"400\" class=\"wpcf7-form-control wpcf7-email wpcf7-validates-as-required wpcf7-text wpcf7-validates-as-email\" aria-required=\"true\" aria-invalid=\"false\" value=\"\" type=\"email\" name=\"your-email\" \/><\/span>\n\t\t<\/p>\n\t<\/div>\n\t<div class=\"col-xs-12 col-sm-12 col-md-4 col-lg-4\" style=\"padding-top:5px;\">\n\t\t<p>T\u0101lr. <span class=\"text-red\">*<\/span>\n\t\t<\/p>\n\t\t<p><span class=\"wpcf7-form-control-wrap\" data-name=\"your-tel\"><input size=\"40\" maxlength=\"400\" class=\"wpcf7-form-control wpcf7-tel wpcf7-validates-as-required wpcf7-text wpcf7-validates-as-tel\" aria-required=\"true\" aria-invalid=\"false\" value=\"\" type=\"tel\" name=\"your-tel\" \/><\/span>\n\t\t<\/p>\n\t<\/div>\n\t<div class=\"col-xs-12 col-sm-12 col-md-12 col-lg-12\">\n\t<\/div>\n\t<div class=\"col-xs-12 col-sm-12 col-md-2 col-lg-2\" style=\"padding-top:15px;\">\n\t\t<p><input class=\"wpcf7-form-control wpcf7-submit has-spinner\" type=\"submit\" value=\"NOS\u016aT\u012aT\" \/>\n\t\t<\/p>\n\t<\/div>\n<\/div><div class=\"wpcf7-response-output\" aria-hidden=\"true\"><\/div>\n<\/form>\n<\/div>\n<\/p>\n<p style=\"text-align: left;\"><span style=\"font-size: 14pt;\"><strong>Nekustamie \u012bpa\u0161umi var b\u016bt apgr\u016btin\u0101ti:<\/strong><\/span><\/p>\n<blockquote>\n<p style=\"text-align: left;\">Beztermi\u0146a \u012brnieki<\/p>\n<p style=\"text-align: left;\">Nodok\u013ca un komun\u0101lo pakalpojumu par\u0101di<\/p>\n<p style=\"text-align: left;\">Patva\u013c\u012bga b\u016bvniec\u012bba<\/p>\n<p style=\"text-align: left;\">Dom\u0101jam\u0101s da\u013cas<\/p>\n<p style=\"text-align: left;\">Nesak\u0101rtoti dokumenti<\/p>\n<\/blockquote>\n<p style=\"text-align: left;\">\u00a0<\/p>\n<p style=\"text-align: left;\"><em><span style=\"font-size: 18pt;\">Izskat\u0101m da\u017e\u0101dus \u012bpa\u0161uma tipus un situ\u0101cijas.<\/span><\/em><\/p>\n<p style=\"text-align: left;\">\u00a0<\/p>\n<p style=\"text-align: left;\"><b>Pal\u012bdz\u0113sim Jums:<\/b><\/p>\n<blockquote>\n<p><span style=\"font-weight: 400;\">Nopirkt jaunu dz\u012bvokli, m\u0101ju vai zemi<br \/>\n<\/span><\/p>\n<p><span style=\"font-weight: 400;\">Noform\u0113t dar\u012bjumu<br \/>\n<\/span><\/p>\n<p><span style=\"font-weight: 400;\">Sak\u0101rtot at\u013caujas \u012bpa\u0161uma renov\u0101cijai<\/span><span style=\"font-weight: 400;\"><br \/>\n<\/span><\/p>\n<p><span style=\"font-weight: 400;\">Organiz\u0113t un kontrol\u0113t b\u016bvdarbus renov\u0101cijas laik\u0101<\/span><\/p>\n<\/blockquote>\n<p>&nbsp;<\/p>\n<p style=\"text-align: left;\"><span style=\"font-size: 14pt;\"><strong>M\u0113s esam p\u0101rliecin\u0101ti, Jums patiks sadarb\u012bba!<\/strong><\/span><\/p>\n<p style=\"text-align: left;\"><span style=\"font-size: 14pt;\">Vair\u0101k info &#8211; info@www2.realat.lv\u00a0<\/span><\/p>\n<p style=\"text-align: left;\"><span style=\"font-size: 14pt;\"><span style=\"font-size: 18pt;\"><strong><span style=\"color: #000000;\"><span style=\"font-size: 12pt;\">+ 371<\/span> 2230 4489<\/span><\/strong><\/span><\/span><\/p>\n<p>&nbsp;<\/p>\n<p style=\"text-align: left;\"><span style=\"font-size: 14pt;\"><span style=\"font-size: 18pt;\"><span style=\"font-size: 14pt;\">Ja v\u0113laties sa\u0146emt konsult\u0101ciju par sava \u012bpa\u0161uma p\u0101rdo\u0161anas iesp\u0113j\u0101m, l\u016bdzu sazinieties ar k\u0101du no REALAT dz\u012bvojam\u0101 fonda a\u0123entiem &gt;&gt;&gt; <a href=\"https:\/\/www2.realat.lv\/lv\/komanda\/\">komanda.<\/a><\/span><\/span><\/span><\/p>\n<p>Detaliz\u0113ta pieteikuma forma &gt;&gt;&gt; <a href=\"https:\/\/www2.realat.lv\/lv\/piedavat-savu-ipasumu\/\">Pieteikums.<\/a><\/p>\n<p><\/p>","protected":false},"excerpt":{"rendered":"<p>V\u0112LATIES STEIDZAMI P\u0100RDOT SAVU \u012aPA\u0160UMU? \u00a0 Uzp\u0113rkam nekustamos \u012bpa\u0161umus R\u012bg\u0101, Pier\u012bg\u0101 un J\u016brmal\u0101 &#8211; Dz\u012bvok\u013cus &#8211; M\u0101jas &#8211; Zemes &#8211; Nam\u012bpa\u0161umus &#8211; Invest\u012bciju projektus &#8211; Komerc\u012bpa\u0161umus &nbsp; Aizpildiet \u0161o pieteikuma&#8230; <\/p>\n","protected":false},"author":2,"featured_media":1365786,"parent":0,"menu_order":0,"comment_status":"closed","ping_status":"closed","template":"single.php","meta":{"footnotes":""},"class_list":["post-1363905","page","type-page","status-publish","has-post-thumbnail","hentry"],"yoast_head":"<!-- This site is optimized with the Yoast SEO plugin v26.9 - https:\/\/yoast.com\/product\/yoast-seo-wordpress\/ -->\n<title>Nopirksim J\u016bsu nekustamo \u012bpa\u0161umu - dz\u012bvokli, m\u0101ju, zemi, komerc\u012bpa\u0161umu<\/title>\n<meta name=\"description\" content=\"Nopirksim J\u016bsu nekustamo \u012bpa\u0161umu R\u012bg\u0101, Pier\u012bg\u0101 vai J\u016brmal\u0101 - dz\u012bvokli, m\u0101ju, zemi vai komerc\u012bpa\u0161umu. Aizpildi pieteikumu un m\u0113s sazin\u0101simies.\" \/>\n<meta name=\"robots\" content=\"index, follow, max-snippet:-1, max-image-preview:large, max-video-preview:-1\" \/>\n<meta name=\"twitter:card\" content=\"summary_large_image\" \/>\n<meta name=\"twitter:title\" content=\"Nopirksim J\u016bsu nekustamo \u012bpa\u0161umu - dz\u012bvokli, m\u0101ju, zemi, komerc\u012bpa\u0161umu\" \/>\n<meta name=\"twitter:description\" content=\"Nopirksim J\u016bsu nekustamo \u012bpa\u0161umu R\u012bg\u0101, Pier\u012bg\u0101 vai J\u016brmal\u0101 - dz\u012bvokli, m\u0101ju, zemi vai komerc\u012bpa\u0161umu. Aizpildi pieteikumu un m\u0113s sazin\u0101simies.\" \/>\n<meta name=\"twitter:image\" content=\"https:\/\/www2.realat.lv\/wp-content\/uploads\/2015\/12\/22.jpg\" \/>\n<meta name=\"twitter:label1\" content=\"Est. reading time\" \/>\n\t<meta name=\"twitter:data1\" content=\"1 minute\" \/>\n<script type=\"application\/ld+json\" class=\"yoast-schema-graph\">{\"@context\":\"https:\/\/schema.org\",\"@graph\":[{\"@type\":\"WebPage\",\"@id\":\"https:\/\/www2.realat.lv\/lv\/perkam-jusu-ipasumu\/\",\"url\":\"https:\/\/www2.realat.lv\/lv\/perkam-jusu-ipasumu\/\",\"name\":\"Nopirksim J\u016bsu nekustamo \u012bpa\u0161umu - dz\u012bvokli, m\u0101ju, zemi, komerc\u012bpa\u0161umu\",\"isPartOf\":{\"@id\":\"https:\/\/www2.realat.lv\/en\/#website\"},\"primaryImageOfPage\":{\"@id\":\"https:\/\/www2.realat.lv\/lv\/perkam-jusu-ipasumu\/#primaryimage\"},\"image\":{\"@id\":\"https:\/\/www2.realat.lv\/lv\/perkam-jusu-ipasumu\/#primaryimage\"},\"thumbnailUrl\":\"https:\/\/www2.realat.lv\/wp-content\/uploads\/2015\/12\/22.jpg\",\"datePublished\":\"2016-05-06T20:43:19+00:00\",\"dateModified\":\"2021-08-30T20:20:26+00:00\",\"description\":\"Nopirksim J\u016bsu nekustamo \u012bpa\u0161umu R\u012bg\u0101, Pier\u012bg\u0101 vai J\u016brmal\u0101 - dz\u012bvokli, m\u0101ju, zemi vai komerc\u012bpa\u0161umu. Aizpildi pieteikumu un m\u0113s sazin\u0101simies.\",\"breadcrumb\":{\"@id\":\"https:\/\/www2.realat.lv\/lv\/perkam-jusu-ipasumu\/#breadcrumb\"},\"inLanguage\":\"lv-LV\",\"potentialAction\":[{\"@type\":\"ReadAction\",\"target\":[\"https:\/\/www2.realat.lv\/lv\/perkam-jusu-ipasumu\/\"]}]},{\"@type\":\"ImageObject\",\"inLanguage\":\"lv-LV\",\"@id\":\"https:\/\/www2.realat.lv\/lv\/perkam-jusu-ipasumu\/#primaryimage\",\"url\":\"https:\/\/www2.realat.lv\/wp-content\/uploads\/2015\/12\/22.jpg\",\"contentUrl\":\"https:\/\/www2.realat.lv\/wp-content\/uploads\/2015\/12\/22.jpg\",\"width\":1920,\"height\":802,\"caption\":\"P\u0113rkam J\u016bsu \u012bpa\u0161umu - dz\u012bvokli, m\u0101ju, zemi, komerc\u012bpa\u0161umu\"},{\"@type\":\"BreadcrumbList\",\"@id\":\"https:\/\/www2.realat.lv\/lv\/perkam-jusu-ipasumu\/#breadcrumb\",\"itemListElement\":[{\"@type\":\"ListItem\",\"position\":1,\"name\":\"Home\",\"item\":\"https:\/\/www2.realat.lv\/en\/\"},{\"@type\":\"ListItem\",\"position\":2,\"name\":\"P\u0113rkam J\u016bsu \u012bpa\u0161umu\"}]},{\"@type\":\"WebSite\",\"@id\":\"https:\/\/www2.realat.lv\/en\/#website\",\"url\":\"https:\/\/www2.realat.lv\/en\/\",\"name\":\"REALAT.lv\",\"description\":\"Nekustamie \u012bpa\u0161umi, iz\u012br\u0113, iznom\u0101 un p\u0101rdod, dz\u012bvok\u013ci, m\u0101jas, zemes, komerc\u012bpa\u0161umi, invest\u012bciju projekti, starpniec\u012bbas pakalpojumi.\",\"potentialAction\":[{\"@type\":\"SearchAction\",\"target\":{\"@type\":\"EntryPoint\",\"urlTemplate\":\"https:\/\/www2.realat.lv\/en\/?s={search_term_string}\"},\"query-input\":{\"@type\":\"PropertyValueSpecification\",\"valueRequired\":true,\"valueName\":\"search_term_string\"}}],\"inLanguage\":\"lv-LV\"}]}<\/script>\n<!-- \/ Yoast SEO plugin. -->","yoast_head_json":{"title":"Nopirksim J\u016bsu nekustamo \u012bpa\u0161umu - dz\u012bvokli, m\u0101ju, zemi, komerc\u012bpa\u0161umu","description":"Nopirksim J\u016bsu nekustamo \u012bpa\u0161umu R\u012bg\u0101, Pier\u012bg\u0101 vai J\u016brmal\u0101 - dz\u012bvokli, m\u0101ju, zemi vai komerc\u012bpa\u0161umu. Aizpildi pieteikumu un m\u0113s sazin\u0101simies.","robots":{"index":"index","follow":"follow","max-snippet":"max-snippet:-1","max-image-preview":"max-image-preview:large","max-video-preview":"max-video-preview:-1"},"twitter_card":"summary_large_image","twitter_title":"Nopirksim J\u016bsu nekustamo \u012bpa\u0161umu - dz\u012bvokli, m\u0101ju, zemi, komerc\u012bpa\u0161umu","twitter_description":"Nopirksim J\u016bsu nekustamo \u012bpa\u0161umu R\u012bg\u0101, Pier\u012bg\u0101 vai J\u016brmal\u0101 - dz\u012bvokli, m\u0101ju, zemi vai komerc\u012bpa\u0161umu. Aizpildi pieteikumu un m\u0113s sazin\u0101simies.","twitter_image":"https:\/\/www2.realat.lv\/wp-content\/uploads\/2015\/12\/22.jpg","twitter_misc":{"Est. reading time":"1 minute"},"schema":{"@context":"https:\/\/schema.org","@graph":[{"@type":"WebPage","@id":"https:\/\/www2.realat.lv\/lv\/perkam-jusu-ipasumu\/","url":"https:\/\/www2.realat.lv\/lv\/perkam-jusu-ipasumu\/","name":"Nopirksim J\u016bsu nekustamo \u012bpa\u0161umu - dz\u012bvokli, m\u0101ju, zemi, komerc\u012bpa\u0161umu","isPartOf":{"@id":"https:\/\/www2.realat.lv\/en\/#website"},"primaryImageOfPage":{"@id":"https:\/\/www2.realat.lv\/lv\/perkam-jusu-ipasumu\/#primaryimage"},"image":{"@id":"https:\/\/www2.realat.lv\/lv\/perkam-jusu-ipasumu\/#primaryimage"},"thumbnailUrl":"https:\/\/www2.realat.lv\/wp-content\/uploads\/2015\/12\/22.jpg","datePublished":"2016-05-06T20:43:19+00:00","dateModified":"2021-08-30T20:20:26+00:00","description":"Nopirksim J\u016bsu nekustamo \u012bpa\u0161umu R\u012bg\u0101, Pier\u012bg\u0101 vai J\u016brmal\u0101 - dz\u012bvokli, m\u0101ju, zemi vai komerc\u012bpa\u0161umu. Aizpildi pieteikumu un m\u0113s sazin\u0101simies.","breadcrumb":{"@id":"https:\/\/www2.realat.lv\/lv\/perkam-jusu-ipasumu\/#breadcrumb"},"inLanguage":"lv-LV","potentialAction":[{"@type":"ReadAction","target":["https:\/\/www2.realat.lv\/lv\/perkam-jusu-ipasumu\/"]}]},{"@type":"ImageObject","inLanguage":"lv-LV","@id":"https:\/\/www2.realat.lv\/lv\/perkam-jusu-ipasumu\/#primaryimage","url":"https:\/\/www2.realat.lv\/wp-content\/uploads\/2015\/12\/22.jpg","contentUrl":"https:\/\/www2.realat.lv\/wp-content\/uploads\/2015\/12\/22.jpg","width":1920,"height":802,"caption":"P\u0113rkam J\u016bsu \u012bpa\u0161umu - dz\u012bvokli, m\u0101ju, zemi, komerc\u012bpa\u0161umu"},{"@type":"BreadcrumbList","@id":"https:\/\/www2.realat.lv\/lv\/perkam-jusu-ipasumu\/#breadcrumb","itemListElement":[{"@type":"ListItem","position":1,"name":"Home","item":"https:\/\/www2.realat.lv\/en\/"},{"@type":"ListItem","position":2,"name":"P\u0113rkam J\u016bsu \u012bpa\u0161umu"}]},{"@type":"WebSite","@id":"https:\/\/www2.realat.lv\/en\/#website","url":"https:\/\/www2.realat.lv\/en\/","name":"REALAT.lv","description":"Nekustamie \u012bpa\u0161umi, iz\u012br\u0113, iznom\u0101 un p\u0101rdod, dz\u012bvok\u013ci, m\u0101jas, zemes, komerc\u012bpa\u0161umi, invest\u012bciju projekti, starpniec\u012bbas pakalpojumi.","potentialAction":[{"@type":"SearchAction","target":{"@type":"EntryPoint","urlTemplate":"https:\/\/www2.realat.lv\/en\/?s={search_term_string}"},"query-input":{"@type":"PropertyValueSpecification","valueRequired":true,"valueName":"search_term_string"}}],"inLanguage":"lv-LV"}]}},"post_mailing_queue_ids":[],"_links":{"self":[{"href":"https:\/\/www2.realat.lv\/lv\/wp-json\/wp\/v2\/pages\/1363905","targetHints":{"allow":["GET"]}}],"collection":[{"href":"https:\/\/www2.realat.lv\/lv\/wp-json\/wp\/v2\/pages"}],"about":[{"href":"https:\/\/www2.realat.lv\/lv\/wp-json\/wp\/v2\/types\/page"}],"author":[{"embeddable":true,"href":"https:\/\/www2.realat.lv\/lv\/wp-json\/wp\/v2\/users\/2"}],"replies":[{"embeddable":true,"href":"https:\/\/www2.realat.lv\/lv\/wp-json\/wp\/v2\/comments?post=1363905"}],"version-history":[{"count":0,"href":"https:\/\/www2.realat.lv\/lv\/wp-json\/wp\/v2\/pages\/1363905\/revisions"}],"wp:featuredmedia":[{"embeddable":true,"href":"https:\/\/www2.realat.lv\/lv\/wp-json\/wp\/v2\/media\/1365786"}],"wp:attachment":[{"href":"https:\/\/www2.realat.lv\/lv\/wp-json\/wp\/v2\/media?parent=1363905"}],"curies":[{"name":"wp","href":"https:\/\/api.w.org\/{rel}","templated":true}]}}