{"id":4104,"date":"2015-05-21T17:57:29","date_gmt":"2015-05-21T17:57:29","guid":{"rendered":"http:\/\/lux.www2.realat.lv\/wordpress\/?page_id=4104"},"modified":"2022-11-06T20:41:19","modified_gmt":"2022-11-06T18:41:19","slug":"vertesana","status":"publish","type":"page","link":"https:\/\/www2.realat.lv\/lv\/nekustama-ipasuma-vertesana\/","title":{"rendered":"Nekustam\u0101 \u012bpa\u0161uma v\u0113rt\u0113\u0161ana"},"content":{"rendered":"<p><\/p>\n<p>Nekustam\u0101 \u012bpa\u0161uma v\u0113rt\u0113jums ir nepiecie\u0161ams, lai\u00a0sa\u0146emtu kred\u012btu pret nekustam\u0101 \u012bpa\u0161uma \u0137\u012blu.\u00a0Tas bank\u0101 j\u0101iesniedz vienlaikus ar pieteikumu kred\u012bta\u00a0sa\u0146em\u0161anai. T\u0101d\u0113j\u0101di banka var p\u0101rliecin\u0101ties par\u00a0nekustam\u0101 \u012bpa\u0161uma tirgus v\u0113rt\u012bbu, savuk\u0101rt\u00a0v\u0113rt\u0113jums ir viens no parametriem, p\u0113c k\u0101 nosaka\u00a0kred\u012bta summu.<\/p>\n<p dir=\"ltr\"><strong>V\u0113rt\u0113jumu atz\u012bst visas Latvijas komercbankas.<\/strong><\/p>\n<p dir=\"ltr\">M\u016bsu sadarb\u012bbas partneri ir labi atpaz\u012bstami v\u0113rt\u0113t\u0101ji ar lielu pieredzi \u0161aj\u0101 nozar\u0113.<\/p>\n<p dir=\"ltr\"><strong>V\u0113rt\u0113juma aptuven\u0101s izmaksas:<\/strong><\/p>\n<blockquote>\n<p dir=\"ltr\">Dz\u012bvoklis s\u0113rijveida \u0113k\u0101 R\u012bg\u0101 no 140 EUR.<\/p>\n<p dir=\"ltr\">Dz\u012bvoklis jaunaj\u0101 projekt\u0101 \/ specprojekta\u00a0\/ pirmskara \/ sta\u013cina laika \u0113k\u0101 R\u012bg\u0101 no 160 EUR.<\/p>\n<p dir=\"ltr\">Dz\u012bvoklis \u0101rpus R\u012bgas (30km r\u0101dius\u0101) no 170 EUR.\u00a0<\/p>\n<p dir=\"ltr\"><span style=\"font-size: 10pt;\"><em><strong>Izpildes termi\u0146\u0161 2-4 darba dienas, no objekta apseko\u0161anas br\u012b\u017ea<\/strong><\/em><\/span><\/p>\n<p dir=\"ltr\">\u00a0<\/p>\n<p dir=\"ltr\">Priv\u0101tm\u0101jas no 200 EUR.<\/p>\n<p dir=\"ltr\">Priv\u0101tapb\u016bves gruntsgabals R\u012bg\u0101 un 30km radius\u0101 no 240 EUR.<\/p>\n<p dir=\"ltr\">Komerctelpas &#8211; birojs, tirdzniec\u012bbas telpas, citi no 300 EUR.\u00a0<\/p>\n<p dir=\"ltr\"><span style=\"font-size: 10pt;\"><em><strong>Izpildes termi\u0146\u0161 3-4 darba dienas<\/strong><\/em><\/span><br class=\"kix-line-break\" \/><br \/>\n<br class=\"kix-line-break\" \/>\n<\/p>\n<p dir=\"ltr\">Citi objekti &#8211; nam\u012bpa\u0161umi, zeme projektu att\u012bst\u012b\u0161anai, noliktavas, ra\u017eo\u0161anas \u0113kas, \u0113ku kompleksi un citi &#8211;\u00a0P\u0113c vieno\u0161an\u0101s.<\/p>\n<\/blockquote>\n<p dir=\"ltr\">\u00a0<\/p>\n<p dir=\"ltr\">V\u0113lies pirkt, p\u0101rdot \u012bpa\u0161umu R\u012bg\u0101, R\u012bgas rajon\u0101 vai J\u016brmal\u0101 un uzzin\u0101t patieso tirgus v\u0113rt\u012bbu?<\/p>\n<p dir=\"ltr\">Saviem klientiem pied\u0101v\u0101jam bezmaksas provizorisku tirgus cenas noteik\u0161anu.<\/p>\n<p dir=\"ltr\">\u00a0<\/p>\n<p dir=\"ltr\"><em><strong><span style=\"font-size: 14pt;\">Ja mekl\u0113jat iesp\u0113ju staidzami p\u0101rdot savu nekustamo \u012bpa\u0161umu, tad iesp\u0113jams m\u0113s b\u016bsim \u012bstie pirc\u0113ji.<\/span> <\/strong><\/em><\/p>\n<p dir=\"ltr\"><em>Jums atliek vien par to pazi\u0146ot mums!<\/em><br \/>\n<strong><span style=\"font-size: 18pt;\"><span style=\"font-size: 12pt;\">+371<\/span> 22304489<\/span><\/strong><\/p>\n<p dir=\"ltr\">Vai piesaki savu \u012bpa\u0161umu \u0161eit&#8230;<br \/>\n<a href=\"https:\/\/www2.realat.lv\/lv\/piedavat-savu-ipasumu\/\">www2.realat.lv\/lv\/piedavat-savu-ipasumu<\/a><\/p>\n<p><\/p>","protected":false},"excerpt":{"rendered":"<p>Nekustam\u0101 \u012bpa\u0161uma v\u0113rt\u0113jums ir nepiecie\u0161ams, lai\u00a0sa\u0146emtu kred\u012btu pret nekustam\u0101 \u012bpa\u0161uma \u0137\u012blu.\u00a0Tas bank\u0101 j\u0101iesniedz vienlaikus ar pieteikumu kred\u012bta\u00a0sa\u0146em\u0161anai. T\u0101d\u0113j\u0101di banka var p\u0101rliecin\u0101ties par\u00a0nekustam\u0101 \u012bpa\u0161uma tirgus v\u0113rt\u012bbu, savuk\u0101rt\u00a0v\u0113rt\u0113jums ir viens no parametriem,&#8230; <\/p>\n","protected":false},"author":2,"featured_media":1373988,"parent":0,"menu_order":0,"comment_status":"closed","ping_status":"closed","template":"single.php","meta":{"footnotes":""},"class_list":["post-4104","page","type-page","status-publish","has-post-thumbnail","hentry"],"yoast_head":"<!-- This site is optimized with the Yoast SEO plugin v26.9 - https:\/\/yoast.com\/product\/yoast-seo-wordpress\/ -->\n<title>Nekustam\u0101 \u012bpa\u0161uma v\u0113rt\u0113\u0161ana - REALAT.lv<\/title>\n<meta name=\"description\" content=\"Nekustam\u0101 \u012bpa\u0161uma v\u0113rt\u0113jums ir nepiecie\u0161ams, lai sa\u0146emtu kred\u012btu pret nekustam\u0101 \u012bpa\u0161uma \u0137\u012blu. V\u0113rt\u0113jumu atz\u012bst visas Latvijas komercbankas. Piesaki \u0161eit!\" \/>\n<meta name=\"robots\" content=\"index, follow, max-snippet:-1, max-image-preview:large, max-video-preview:-1\" \/>\n<meta name=\"twitter:card\" content=\"summary_large_image\" \/>\n<meta name=\"twitter:title\" content=\"Nekustam\u0101 \u012bpa\u0161uma v\u0113rt\u0113\u0161ana - REALAT.lv\" \/>\n<meta name=\"twitter:description\" content=\"{:lv}Nekustam\u0101 \u012bpa\u0161uma v\u0113rt\u0113jums ir nepiecie\u0161ams, lai sa\u0146emtu kred\u012btu pret nekustam\u0101 \u012bpa\u0161uma \u0137\u012blu. V\u0113rt\u0113jumu atz\u012bst visas Latvijas komercbankas. Piesaki \u0161eit!{:}\" \/>\n<meta name=\"twitter:image\" content=\"https:\/\/www2.realat.lv\/wp-content\/uploads\/2015\/05\/borrow-step3-visual.jpg\" \/>\n<meta name=\"twitter:label1\" content=\"Est. reading time\" \/>\n\t<meta name=\"twitter:data1\" content=\"2 minutes\" \/>\n<script type=\"application\/ld+json\" class=\"yoast-schema-graph\">{\"@context\":\"https:\/\/schema.org\",\"@graph\":[{\"@type\":\"WebPage\",\"@id\":\"https:\/\/www2.realat.lv\/lv\/nekustama-ipasuma-vertesana\/\",\"url\":\"https:\/\/www2.realat.lv\/lv\/nekustama-ipasuma-vertesana\/\",\"name\":\"Nekustam\u0101 \u012bpa\u0161uma v\u0113rt\u0113\u0161ana - REALAT.lv\",\"isPartOf\":{\"@id\":\"https:\/\/www2.realat.lv\/en\/#website\"},\"primaryImageOfPage\":{\"@id\":\"https:\/\/www2.realat.lv\/lv\/nekustama-ipasuma-vertesana\/#primaryimage\"},\"image\":{\"@id\":\"https:\/\/www2.realat.lv\/lv\/nekustama-ipasuma-vertesana\/#primaryimage\"},\"thumbnailUrl\":\"https:\/\/www2.realat.lv\/wp-content\/uploads\/2015\/05\/borrow-step3-visual.jpg\",\"datePublished\":\"2015-05-21T17:57:29+00:00\",\"dateModified\":\"2022-11-06T18:41:19+00:00\",\"description\":\"{:lv}Nekustam\u0101 \u012bpa\u0161uma v\u0113rt\u0113jums ir nepiecie\u0161ams, lai sa\u0146emtu kred\u012btu pret nekustam\u0101 \u012bpa\u0161uma \u0137\u012blu. V\u0113rt\u0113jumu atz\u012bst visas Latvijas komercbankas. Piesaki \u0161eit!{:}\",\"breadcrumb\":{\"@id\":\"https:\/\/www2.realat.lv\/lv\/nekustama-ipasuma-vertesana\/#breadcrumb\"},\"inLanguage\":\"lv-LV\",\"potentialAction\":[{\"@type\":\"ReadAction\",\"target\":[\"https:\/\/www2.realat.lv\/lv\/nekustama-ipasuma-vertesana\/\"]}]},{\"@type\":\"ImageObject\",\"inLanguage\":\"lv-LV\",\"@id\":\"https:\/\/www2.realat.lv\/lv\/nekustama-ipasuma-vertesana\/#primaryimage\",\"url\":\"https:\/\/www2.realat.lv\/wp-content\/uploads\/2015\/05\/borrow-step3-visual.jpg\",\"contentUrl\":\"https:\/\/www2.realat.lv\/wp-content\/uploads\/2015\/05\/borrow-step3-visual.jpg\",\"width\":1580,\"height\":350},{\"@type\":\"BreadcrumbList\",\"@id\":\"https:\/\/www2.realat.lv\/lv\/nekustama-ipasuma-vertesana\/#breadcrumb\",\"itemListElement\":[{\"@type\":\"ListItem\",\"position\":1,\"name\":\"Home\",\"item\":\"https:\/\/www2.realat.lv\/en\/\"},{\"@type\":\"ListItem\",\"position\":2,\"name\":\"Nekustam\u0101 \u012bpa\u0161uma v\u0113rt\u0113\u0161ana\"}]},{\"@type\":\"WebSite\",\"@id\":\"https:\/\/www2.realat.lv\/en\/#website\",\"url\":\"https:\/\/www2.realat.lv\/en\/\",\"name\":\"REALAT.lv\",\"description\":\"Nekustamie \u012bpa\u0161umi, iz\u012br\u0113, iznom\u0101 un p\u0101rdod, dz\u012bvok\u013ci, m\u0101jas, zemes, komerc\u012bpa\u0161umi, invest\u012bciju projekti, starpniec\u012bbas pakalpojumi.\",\"potentialAction\":[{\"@type\":\"SearchAction\",\"target\":{\"@type\":\"EntryPoint\",\"urlTemplate\":\"https:\/\/www2.realat.lv\/en\/?s={search_term_string}\"},\"query-input\":{\"@type\":\"PropertyValueSpecification\",\"valueRequired\":true,\"valueName\":\"search_term_string\"}}],\"inLanguage\":\"lv-LV\"}]}<\/script>\n<!-- \/ Yoast SEO plugin. -->","yoast_head_json":{"title":"Nekustam\u0101 \u012bpa\u0161uma v\u0113rt\u0113\u0161ana - REALAT.lv","description":"Nekustam\u0101 \u012bpa\u0161uma v\u0113rt\u0113jums ir nepiecie\u0161ams, lai sa\u0146emtu kred\u012btu pret nekustam\u0101 \u012bpa\u0161uma \u0137\u012blu. V\u0113rt\u0113jumu atz\u012bst visas Latvijas komercbankas. Piesaki \u0161eit!","robots":{"index":"index","follow":"follow","max-snippet":"max-snippet:-1","max-image-preview":"max-image-preview:large","max-video-preview":"max-video-preview:-1"},"twitter_card":"summary_large_image","twitter_title":"Nekustam\u0101 \u012bpa\u0161uma v\u0113rt\u0113\u0161ana - REALAT.lv","twitter_description":"{:lv}Nekustam\u0101 \u012bpa\u0161uma v\u0113rt\u0113jums ir nepiecie\u0161ams, lai sa\u0146emtu kred\u012btu pret nekustam\u0101 \u012bpa\u0161uma \u0137\u012blu. V\u0113rt\u0113jumu atz\u012bst visas Latvijas komercbankas. Piesaki \u0161eit!{:}","twitter_image":"https:\/\/www2.realat.lv\/wp-content\/uploads\/2015\/05\/borrow-step3-visual.jpg","twitter_misc":{"Est. reading time":"2 minutes"},"schema":{"@context":"https:\/\/schema.org","@graph":[{"@type":"WebPage","@id":"https:\/\/www2.realat.lv\/lv\/nekustama-ipasuma-vertesana\/","url":"https:\/\/www2.realat.lv\/lv\/nekustama-ipasuma-vertesana\/","name":"Nekustam\u0101 \u012bpa\u0161uma v\u0113rt\u0113\u0161ana - REALAT.lv","isPartOf":{"@id":"https:\/\/www2.realat.lv\/en\/#website"},"primaryImageOfPage":{"@id":"https:\/\/www2.realat.lv\/lv\/nekustama-ipasuma-vertesana\/#primaryimage"},"image":{"@id":"https:\/\/www2.realat.lv\/lv\/nekustama-ipasuma-vertesana\/#primaryimage"},"thumbnailUrl":"https:\/\/www2.realat.lv\/wp-content\/uploads\/2015\/05\/borrow-step3-visual.jpg","datePublished":"2015-05-21T17:57:29+00:00","dateModified":"2022-11-06T18:41:19+00:00","description":"{:lv}Nekustam\u0101 \u012bpa\u0161uma v\u0113rt\u0113jums ir nepiecie\u0161ams, lai sa\u0146emtu kred\u012btu pret nekustam\u0101 \u012bpa\u0161uma \u0137\u012blu. V\u0113rt\u0113jumu atz\u012bst visas Latvijas komercbankas. Piesaki \u0161eit!{:}","breadcrumb":{"@id":"https:\/\/www2.realat.lv\/lv\/nekustama-ipasuma-vertesana\/#breadcrumb"},"inLanguage":"lv-LV","potentialAction":[{"@type":"ReadAction","target":["https:\/\/www2.realat.lv\/lv\/nekustama-ipasuma-vertesana\/"]}]},{"@type":"ImageObject","inLanguage":"lv-LV","@id":"https:\/\/www2.realat.lv\/lv\/nekustama-ipasuma-vertesana\/#primaryimage","url":"https:\/\/www2.realat.lv\/wp-content\/uploads\/2015\/05\/borrow-step3-visual.jpg","contentUrl":"https:\/\/www2.realat.lv\/wp-content\/uploads\/2015\/05\/borrow-step3-visual.jpg","width":1580,"height":350},{"@type":"BreadcrumbList","@id":"https:\/\/www2.realat.lv\/lv\/nekustama-ipasuma-vertesana\/#breadcrumb","itemListElement":[{"@type":"ListItem","position":1,"name":"Home","item":"https:\/\/www2.realat.lv\/en\/"},{"@type":"ListItem","position":2,"name":"Nekustam\u0101 \u012bpa\u0161uma v\u0113rt\u0113\u0161ana"}]},{"@type":"WebSite","@id":"https:\/\/www2.realat.lv\/en\/#website","url":"https:\/\/www2.realat.lv\/en\/","name":"REALAT.lv","description":"Nekustamie \u012bpa\u0161umi, iz\u012br\u0113, iznom\u0101 un p\u0101rdod, dz\u012bvok\u013ci, m\u0101jas, zemes, komerc\u012bpa\u0161umi, invest\u012bciju projekti, starpniec\u012bbas pakalpojumi.","potentialAction":[{"@type":"SearchAction","target":{"@type":"EntryPoint","urlTemplate":"https:\/\/www2.realat.lv\/en\/?s={search_term_string}"},"query-input":{"@type":"PropertyValueSpecification","valueRequired":true,"valueName":"search_term_string"}}],"inLanguage":"lv-LV"}]}},"post_mailing_queue_ids":[],"_links":{"self":[{"href":"https:\/\/www2.realat.lv\/lv\/wp-json\/wp\/v2\/pages\/4104","targetHints":{"allow":["GET"]}}],"collection":[{"href":"https:\/\/www2.realat.lv\/lv\/wp-json\/wp\/v2\/pages"}],"about":[{"href":"https:\/\/www2.realat.lv\/lv\/wp-json\/wp\/v2\/types\/page"}],"author":[{"embeddable":true,"href":"https:\/\/www2.realat.lv\/lv\/wp-json\/wp\/v2\/users\/2"}],"replies":[{"embeddable":true,"href":"https:\/\/www2.realat.lv\/lv\/wp-json\/wp\/v2\/comments?post=4104"}],"version-history":[{"count":0,"href":"https:\/\/www2.realat.lv\/lv\/wp-json\/wp\/v2\/pages\/4104\/revisions"}],"wp:featuredmedia":[{"embeddable":true,"href":"https:\/\/www2.realat.lv\/lv\/wp-json\/wp\/v2\/media\/1373988"}],"wp:attachment":[{"href":"https:\/\/www2.realat.lv\/lv\/wp-json\/wp\/v2\/media?parent=4104"}],"curies":[{"name":"wp","href":"https:\/\/api.w.org\/{rel}","templated":true}]}}