{"id":4110,"date":"2015-05-21T17:59:13","date_gmt":"2015-05-21T17:59:13","guid":{"rendered":"http:\/\/lux.www2.realat.lv\/wordpress\/?page_id=4110"},"modified":"2019-02-17T19:24:17","modified_gmt":"2019-02-17T17:24:17","slug":"parvaksanas-pakalpojumi","status":"publish","type":"page","link":"https:\/\/www2.realat.lv\/lv\/parvaksanas-pakalpojumi\/","title":{"rendered":"P\u0101rv\u0101k\u0161an\u0101s pakalpojumi"},"content":{"rendered":"<p><\/p>\n<p><span style=\"font-weight: 400;\">P\u0101rcel\u0161an\u0101s no viena m\u0101jok\u013ca uz otru prasa daudz p\u016b\u013cu, labu pl\u0101no\u0161anu un krietnu tiesu nervu.<\/span><\/p>\n<p><strong><span style=\"font-size: 14pt;\">Aiztaupiet sev \u0161\u012bs ne\u0113rt\u012bbas!<\/span><\/strong><\/p>\n<p><span style=\"font-weight: 400;\">Garant\u0113jam lieliski izpl\u0101notu un maksim\u0101li komfortablu p\u0101rcel\u0161anos minim\u0101l\u0101 laika period\u0101!<\/span><\/p>\n<p><span style=\"font-weight: 400;\">Pal\u012bdz\u0113sim p\u0101rcelties ar\u012b tad, ja dodaties dz\u012bvot uz citu valsti.<\/span><\/p>\n<p>&nbsp;<\/p>\n<p><span style=\"font-weight: 400;\">Konsult\u0101cijas un pl\u0101no\u0161ana!<\/span><\/p>\n<p><b>P\u0101rcel\u0161an\u0101s pakalpojumos ietilpst:<\/b><\/p>\n<blockquote>\n<p><span style=\"font-weight: 400;\">kravu p\u0101rvad\u0101jumi;<\/span><\/p>\n<p><span style=\"font-weight: 400;\">kr\u0101v\u0113ju pakalpojumi;<\/span><\/p>\n<p><span style=\"font-weight: 400;\">iepako\u0161ana;<\/span><\/p>\n<p><span style=\"font-weight: 400;\">transporta pakalpojumi;<\/span><\/p>\n<p><span style=\"font-weight: 400;\">m\u0113be\u013cu demont\u0101\u017ea un\/vai mont\u0101\u017ea;<\/span><\/p>\n<p><span style=\"font-weight: 400;\">trauslo priek\u0161metu dro\u0161a iepako\u0161ana;<\/span><\/p>\n<p><span style=\"font-weight: 400;\">konsult\u0101cijas un pl\u0101no\u0161ana;<\/span><\/p>\n<p><span style=\"font-weight: 400;\">p\u0101rcel\u0161an\u0101s pakalpojumi uz cit\u0101m valst\u012bm.<\/span><\/p>\n<\/blockquote>\n<p>&nbsp;<\/p>\n<p><span style=\"font-weight: 400;\">Aizpildiet pieteikumu un rezerv\u0113jiet savu izv\u0113l\u0113to pakalpojumu!<\/span><\/p>\n<p><\/p>","protected":false},"excerpt":{"rendered":"<p>P\u0101rcel\u0161an\u0101s no viena m\u0101jok\u013ca uz otru prasa daudz p\u016b\u013cu, labu pl\u0101no\u0161anu un krietnu tiesu nervu. Aiztaupiet sev \u0161\u012bs ne\u0113rt\u012bbas! Garant\u0113jam lieliski izpl\u0101notu un maksim\u0101li komfortablu p\u0101rcel\u0161anos minim\u0101l\u0101 laika period\u0101! Pal\u012bdz\u0113sim&#8230; <\/p>\n","protected":false},"author":2,"featured_media":7443,"parent":0,"menu_order":0,"comment_status":"closed","ping_status":"closed","template":"single.php","meta":{"footnotes":""},"class_list":["post-4110","page","type-page","status-publish","has-post-thumbnail","hentry"],"yoast_head":"<!-- This site is optimized with the Yoast SEO plugin v26.9 - https:\/\/yoast.com\/product\/yoast-seo-wordpress\/ -->\n<title>P\u0101rv\u0101k\u0161an\u0101s pakalpojumi - REALAT.lv<\/title>\n<meta name=\"description\" content=\"P\u0101rcel\u0161an\u0101s no viena m\u0101jok\u013ca uz otru prasa daudz p\u016b\u013cu, labu pl\u0101no\u0161anu un daudz nervu. Aiztaupiet sev \u0161\u012bs ne\u0113rt\u012bbas! Pal\u012bdz\u0113sim komfortabli p\u0101rcelties.\" \/>\n<meta name=\"robots\" content=\"index, follow, max-snippet:-1, max-image-preview:large, max-video-preview:-1\" \/>\n<meta name=\"twitter:card\" content=\"summary_large_image\" \/>\n<meta name=\"twitter:title\" content=\"P\u0101rv\u0101k\u0161an\u0101s pakalpojumi - REALAT.lv\" \/>\n<meta name=\"twitter:description\" content=\"P\u0101rcel\u0161an\u0101s no viena m\u0101jok\u013ca uz otru prasa daudz p\u016b\u013cu, labu pl\u0101no\u0161anu un daudz nervu. Aiztaupiet sev \u0161\u012bs ne\u0113rt\u012bbas! Pal\u012bdz\u0113sim komfortabli p\u0101rcelties.\" \/>\n<meta name=\"twitter:image\" content=\"https:\/\/www2.realat.lv\/wp-content\/uploads\/2015\/05\/123321.jpg\" \/>\n<meta name=\"twitter:label1\" content=\"Est. reading time\" \/>\n\t<meta name=\"twitter:data1\" content=\"1 minute\" \/>\n<script type=\"application\/ld+json\" class=\"yoast-schema-graph\">{\"@context\":\"https:\/\/schema.org\",\"@graph\":[{\"@type\":\"WebPage\",\"@id\":\"https:\/\/www2.realat.lv\/en\/moving-services\/\",\"url\":\"https:\/\/www2.realat.lv\/en\/moving-services\/\",\"name\":\"P\u0101rv\u0101k\u0161an\u0101s pakalpojumi - REALAT.lv\",\"isPartOf\":{\"@id\":\"https:\/\/www2.realat.lv\/en\/#website\"},\"primaryImageOfPage\":{\"@id\":\"https:\/\/www2.realat.lv\/en\/moving-services\/#primaryimage\"},\"image\":{\"@id\":\"https:\/\/www2.realat.lv\/en\/moving-services\/#primaryimage\"},\"thumbnailUrl\":\"https:\/\/www2.realat.lv\/wp-content\/uploads\/2015\/05\/123321.jpg\",\"datePublished\":\"2015-05-21T17:59:13+00:00\",\"dateModified\":\"2019-02-17T17:24:17+00:00\",\"description\":\"P\u0101rcel\u0161an\u0101s no viena m\u0101jok\u013ca uz otru prasa daudz p\u016b\u013cu, labu pl\u0101no\u0161anu un daudz nervu. Aiztaupiet sev \u0161\u012bs ne\u0113rt\u012bbas! Pal\u012bdz\u0113sim komfortabli p\u0101rcelties.\",\"breadcrumb\":{\"@id\":\"https:\/\/www2.realat.lv\/en\/moving-services\/#breadcrumb\"},\"inLanguage\":\"lv-LV\",\"potentialAction\":[{\"@type\":\"ReadAction\",\"target\":[\"https:\/\/www2.realat.lv\/en\/moving-services\/\"]}]},{\"@type\":\"ImageObject\",\"inLanguage\":\"lv-LV\",\"@id\":\"https:\/\/www2.realat.lv\/en\/moving-services\/#primaryimage\",\"url\":\"https:\/\/www2.realat.lv\/wp-content\/uploads\/2015\/05\/123321.jpg\",\"contentUrl\":\"https:\/\/www2.realat.lv\/wp-content\/uploads\/2015\/05\/123321.jpg\",\"width\":1400,\"height\":393},{\"@type\":\"BreadcrumbList\",\"@id\":\"https:\/\/www2.realat.lv\/en\/moving-services\/#breadcrumb\",\"itemListElement\":[{\"@type\":\"ListItem\",\"position\":1,\"name\":\"Home\",\"item\":\"https:\/\/www2.realat.lv\/en\/\"},{\"@type\":\"ListItem\",\"position\":2,\"name\":\"Removals Services\"}]},{\"@type\":\"WebSite\",\"@id\":\"https:\/\/www2.realat.lv\/en\/#website\",\"url\":\"https:\/\/www2.realat.lv\/en\/\",\"name\":\"REALAT.lv\",\"description\":\"Nekustamie \u012bpa\u0161umi, iz\u012br\u0113, iznom\u0101 un p\u0101rdod, dz\u012bvok\u013ci, m\u0101jas, zemes, komerc\u012bpa\u0161umi, invest\u012bciju projekti, starpniec\u012bbas pakalpojumi.\",\"potentialAction\":[{\"@type\":\"SearchAction\",\"target\":{\"@type\":\"EntryPoint\",\"urlTemplate\":\"https:\/\/www2.realat.lv\/en\/?s={search_term_string}\"},\"query-input\":{\"@type\":\"PropertyValueSpecification\",\"valueRequired\":true,\"valueName\":\"search_term_string\"}}],\"inLanguage\":\"lv-LV\"}]}<\/script>\n<!-- \/ Yoast SEO plugin. -->","yoast_head_json":{"title":"P\u0101rv\u0101k\u0161an\u0101s pakalpojumi - REALAT.lv","description":"P\u0101rcel\u0161an\u0101s no viena m\u0101jok\u013ca uz otru prasa daudz p\u016b\u013cu, labu pl\u0101no\u0161anu un daudz nervu. Aiztaupiet sev \u0161\u012bs ne\u0113rt\u012bbas! Pal\u012bdz\u0113sim komfortabli p\u0101rcelties.","robots":{"index":"index","follow":"follow","max-snippet":"max-snippet:-1","max-image-preview":"max-image-preview:large","max-video-preview":"max-video-preview:-1"},"twitter_card":"summary_large_image","twitter_title":"P\u0101rv\u0101k\u0161an\u0101s pakalpojumi - REALAT.lv","twitter_description":"P\u0101rcel\u0161an\u0101s no viena m\u0101jok\u013ca uz otru prasa daudz p\u016b\u013cu, labu pl\u0101no\u0161anu un daudz nervu. Aiztaupiet sev \u0161\u012bs ne\u0113rt\u012bbas! Pal\u012bdz\u0113sim komfortabli p\u0101rcelties.","twitter_image":"https:\/\/www2.realat.lv\/wp-content\/uploads\/2015\/05\/123321.jpg","twitter_misc":{"Est. reading time":"1 minute"},"schema":{"@context":"https:\/\/schema.org","@graph":[{"@type":"WebPage","@id":"https:\/\/www2.realat.lv\/en\/moving-services\/","url":"https:\/\/www2.realat.lv\/en\/moving-services\/","name":"P\u0101rv\u0101k\u0161an\u0101s pakalpojumi - REALAT.lv","isPartOf":{"@id":"https:\/\/www2.realat.lv\/en\/#website"},"primaryImageOfPage":{"@id":"https:\/\/www2.realat.lv\/en\/moving-services\/#primaryimage"},"image":{"@id":"https:\/\/www2.realat.lv\/en\/moving-services\/#primaryimage"},"thumbnailUrl":"https:\/\/www2.realat.lv\/wp-content\/uploads\/2015\/05\/123321.jpg","datePublished":"2015-05-21T17:59:13+00:00","dateModified":"2019-02-17T17:24:17+00:00","description":"P\u0101rcel\u0161an\u0101s no viena m\u0101jok\u013ca uz otru prasa daudz p\u016b\u013cu, labu pl\u0101no\u0161anu un daudz nervu. Aiztaupiet sev \u0161\u012bs ne\u0113rt\u012bbas! Pal\u012bdz\u0113sim komfortabli p\u0101rcelties.","breadcrumb":{"@id":"https:\/\/www2.realat.lv\/en\/moving-services\/#breadcrumb"},"inLanguage":"lv-LV","potentialAction":[{"@type":"ReadAction","target":["https:\/\/www2.realat.lv\/en\/moving-services\/"]}]},{"@type":"ImageObject","inLanguage":"lv-LV","@id":"https:\/\/www2.realat.lv\/en\/moving-services\/#primaryimage","url":"https:\/\/www2.realat.lv\/wp-content\/uploads\/2015\/05\/123321.jpg","contentUrl":"https:\/\/www2.realat.lv\/wp-content\/uploads\/2015\/05\/123321.jpg","width":1400,"height":393},{"@type":"BreadcrumbList","@id":"https:\/\/www2.realat.lv\/en\/moving-services\/#breadcrumb","itemListElement":[{"@type":"ListItem","position":1,"name":"Home","item":"https:\/\/www2.realat.lv\/en\/"},{"@type":"ListItem","position":2,"name":"Removals Services"}]},{"@type":"WebSite","@id":"https:\/\/www2.realat.lv\/en\/#website","url":"https:\/\/www2.realat.lv\/en\/","name":"REALAT.lv","description":"Nekustamie \u012bpa\u0161umi, iz\u012br\u0113, iznom\u0101 un p\u0101rdod, dz\u012bvok\u013ci, m\u0101jas, zemes, komerc\u012bpa\u0161umi, invest\u012bciju projekti, starpniec\u012bbas pakalpojumi.","potentialAction":[{"@type":"SearchAction","target":{"@type":"EntryPoint","urlTemplate":"https:\/\/www2.realat.lv\/en\/?s={search_term_string}"},"query-input":{"@type":"PropertyValueSpecification","valueRequired":true,"valueName":"search_term_string"}}],"inLanguage":"lv-LV"}]}},"post_mailing_queue_ids":[],"_links":{"self":[{"href":"https:\/\/www2.realat.lv\/lv\/wp-json\/wp\/v2\/pages\/4110","targetHints":{"allow":["GET"]}}],"collection":[{"href":"https:\/\/www2.realat.lv\/lv\/wp-json\/wp\/v2\/pages"}],"about":[{"href":"https:\/\/www2.realat.lv\/lv\/wp-json\/wp\/v2\/types\/page"}],"author":[{"embeddable":true,"href":"https:\/\/www2.realat.lv\/lv\/wp-json\/wp\/v2\/users\/2"}],"replies":[{"embeddable":true,"href":"https:\/\/www2.realat.lv\/lv\/wp-json\/wp\/v2\/comments?post=4110"}],"version-history":[{"count":0,"href":"https:\/\/www2.realat.lv\/lv\/wp-json\/wp\/v2\/pages\/4110\/revisions"}],"wp:featuredmedia":[{"embeddable":true,"href":"https:\/\/www2.realat.lv\/lv\/wp-json\/wp\/v2\/media\/7443"}],"wp:attachment":[{"href":"https:\/\/www2.realat.lv\/lv\/wp-json\/wp\/v2\/media?parent=4110"}],"curies":[{"name":"wp","href":"https:\/\/api.w.org\/{rel}","templated":true}]}}