{"id":4112,"date":"2015-05-21T17:59:57","date_gmt":"2015-05-21T17:59:57","guid":{"rendered":"http:\/\/lux.www2.realat.lv\/wordpress\/?page_id=4112"},"modified":"2019-02-17T19:28:06","modified_gmt":"2019-02-17T17:28:06","slug":"uzturesanas-atlauja","status":"publish","type":"page","link":"https:\/\/www2.realat.lv\/lv\/terminuzturesanas-atlaujas\/","title":{"rendered":"Termi\u0146uztur\u0113\u0161an\u0101s at\u013caujas"},"content":{"rendered":"<p><\/p>\n<p><span style=\"font-weight: 400;\">Jau vair\u0101ki t\u016bksto\u0161i \u0101rvalstnieku no 2010. gada 1. j\u016blija, kad st\u0101j\u0101s sp\u0113k\u0101 groz\u012bjumi \u201eImigr\u0101cijas likum\u0101\u201d, ir ieg\u0101d\u0101ju\u0161ies nekustamos \u012bpa\u0161umus Latvijas Republik\u0101 un ieguvu\u0161i termi\u0146uztur\u0113\u0161an\u0101s at\u013caujas. Pagaidu uztur\u0113\u0161an\u0101s at\u013caujas ieg\u016b\u0161ana ieg\u0101d\u0101joties nekustamo \u012bpa\u0161umu Latvijas Republik\u0101 nodro\u0161ina fiziskajai personai l\u012bdz 5 gadu bez v\u012bzu re\u017e\u012bmu uz jebkuru valsti \u0160engenas zon\u0101.<\/span><\/p>\n<p>&nbsp;<\/p>\n<p><span style=\"font-size: 14pt;\"><strong>Uztur\u0113\u0161an\u0101s at\u013caujas ieg\u016b\u0161anai j\u0101\u0146em v\u0113r\u0101 un j\u0101iev\u0113ro visi sekojo\u0161ie noteikumi:<\/strong><\/span><\/p>\n<blockquote>\n<p><span style=\"font-weight: 400;\">ieg\u0101d\u0101joties nekustamo \u012bpa\u0161umu LR teritorij\u0101, t\u0101 v\u0113rt\u012bba nedr\u012bkst b\u016bz maz\u0101ka par\u00a0<\/span>\u20ac 250 000;<\/p>\n<p><span style=\"font-weight: 400;\">ieg\u0101d\u0101t\u0101 nekustam\u0101 \u012bpa\u0161uma kadastr\u0101l\u0101 v\u0113rt\u012bba uz t\u0101 ieg\u0101des br\u012bdi ir ne maz\u0101ka par \u20ac 80 000. Ja kadastr\u0101l\u0101 v\u0113rt\u012bba ir zem\u0101ka, tad \u012bpa\u0161umam ir j\u0101veic v\u0113rt\u0113jums, ko veic sertific\u0113ts nekustam\u0101 \u012bpa\u0161uma tirgus v\u0113rt\u012bbas noteic\u0113js &#8211; eksperts. V\u0113rt\u0113jums nedr\u012bkst b\u016bt zem\u0101ks par \u20ac 250 000;<\/span><\/p>\n<p><span style=\"font-weight: 400;\">nekustam\u0101 \u012bpa\u0161uma apmaksa tiek veikta bezskaidras naudas nor\u0113\u0137inu veid\u0101 (tas ir, izmantojot \u00a0bankas kontus);<\/span><\/p>\n<p><span style=\"font-weight: 400;\">j\u0101veic iemaksa valsts kas\u0113 5% apm\u0113r\u0101 no ieg\u0101d\u0101t\u0101 \u012bpa\u0161umas summas;<\/span><\/p>\n<p><span style=\"font-weight: 400;\">nekustamais \u012bpa\u0161ums ieg\u0101d\u0101ts no Latvijas Republik\u0101 re\u0123istr\u0113tas juridiskas vai fiziskas personas, kas ir Latvijas pilsonis (-ne), nepilsonis (-ne), ES pilsonis (-ne) vai \u0101rzemnieks (-ce) un kam ir sp\u0113k\u0101 eso\u0161a uztur\u0113\u0161an\u0101s at\u013cauja Latvijas Republik\u0101;<\/span><\/p>\n<\/blockquote>\n<p>&nbsp;<\/p>\n<p><span style=\"font-size: 14pt;\"><b>Priek\u0161roc\u012bbas, kuras sniedz uztur\u0113\u0161an\u0101s at\u013caujas ieg\u016b\u0161ana Latvijas Republik\u0101:<\/b><\/span><\/p>\n<blockquote>\n<p><span style=\"font-weight: 400;\">iesp\u0113ja atrasties p\u0101r\u0113j\u0101s \u0160engenas zonas valst\u012bs ne ilg\u0101k par 90 dien\u0101m pusgada <\/span><span style=\"font-weight: 400;\">laik\u0101;<\/span><\/p>\n<p><span style=\"font-weight: 400;\">uz uztur\u0113\u0161an\u0101s at\u013caujas esam\u012bbas pamata uztur\u0113\u0161an\u0101s at\u013cauju var ieg\u016bt personas <\/span><span style=\"font-weight: 400;\">dz\u012bvesbiedre un\/vai nepilngad\u012bgi b\u0113rni.<\/span><\/p>\n<p><span style=\"font-weight: 400;\">persona, kas sa\u0146\u0113musi uztur\u0113\u0161an\u0101s at\u013cauju, var dz\u012bvot Latvijas Republik\u0101 bez <\/span><span style=\"font-weight: 400;\">ierobe\u017eojumiem visu gadu.<\/span><\/p>\n<\/blockquote>\n<p>&nbsp;<\/p>\n<p><strong><span style=\"font-size: 14pt;\">APSKATI PIED\u0100V\u0100JUMUS <a href=\"https:\/\/www2.realat.lv\/lv\/pardod\/dzivoklus\/riga\/properties-search-results\/?st=6&amp;sc=260&amp;ss=0&amp;scat=2&amp;spst=0&amp;smir=&amp;smar=&amp;smia=&amp;smaa=&amp;smif=&amp;smaf=&amp;smip=250000&amp;smap=&amp;view=saraksts\">\u0160eit&#8230;<\/a><\/span><\/strong><\/p>\n\n<div class=\"wpcf7 no-js\" id=\"wpcf7-f1366265-o1\" lang=\"lv-LV\" dir=\"ltr\" data-wpcf7-id=\"1366265\">\n<div class=\"screen-reader-response\"><p role=\"status\" aria-live=\"polite\" aria-atomic=\"true\"><\/p> <ul><\/ul><\/div>\n<form action=\"\/lv\/wp-json\/wp\/v2\/pages\/4112#wpcf7-f1366265-o1\" method=\"post\" class=\"wpcf7-form init\" aria-label=\"Contact form\" novalidate=\"novalidate\" data-status=\"init\">\n<fieldset class=\"hidden-fields-container\"><input type=\"hidden\" name=\"_wpcf7\" value=\"1366265\" \/><input type=\"hidden\" name=\"_wpcf7_version\" value=\"6.1.5\" \/><input type=\"hidden\" name=\"_wpcf7_locale\" value=\"lv_LV\" \/><input type=\"hidden\" name=\"_wpcf7_unit_tag\" value=\"wpcf7-f1366265-o1\" \/><input type=\"hidden\" name=\"_wpcf7_container_post\" value=\"0\" \/><input type=\"hidden\" name=\"_wpcf7_posted_data_hash\" value=\"\" \/><input type=\"hidden\" name=\"_wpcf7_recaptcha_response\" value=\"\" \/>\n<\/fieldset>\n<div style=\"padding-top:50px;\">\n<\/div>\n<div class=\"row\">\n\t<div class=\"col-xs-12 col-sm-12 col-md-4 col-lg-4\" style=\"padding-top:5px;\">\n\t\t<p>V\u0101rds, Uzv\u0101rds <span class=\"text-red\">*<\/span>\n\t\t<\/p>\n\t\t<p><span class=\"wpcf7-form-control-wrap\" data-name=\"your-name\"><input size=\"40\" maxlength=\"400\" class=\"wpcf7-form-control wpcf7-text wpcf7-validates-as-required\" aria-required=\"true\" aria-invalid=\"false\" value=\"\" type=\"text\" name=\"your-name\" \/><\/span>\n\t\t<\/p>\n\t<\/div>\n\t<div class=\"col-xs-12 col-sm-12 col-md-4 col-lg-4\" style=\"padding-top:5px;\">\n\t\t<p>E-pasts <span class=\"text-red\">*<\/span>\n\t\t<\/p>\n\t\t<p><span class=\"wpcf7-form-control-wrap\" data-name=\"your-email\"><input size=\"40\" maxlength=\"400\" class=\"wpcf7-form-control wpcf7-email wpcf7-validates-as-required wpcf7-text wpcf7-validates-as-email\" aria-required=\"true\" aria-invalid=\"false\" value=\"\" type=\"email\" name=\"your-email\" \/><\/span>\n\t\t<\/p>\n\t<\/div>\n\t<div class=\"col-xs-12 col-sm-12 col-md-4 col-lg-4\" style=\"padding-top:5px;\">\n\t\t<p>T\u0101lr. <span class=\"text-red\">*<\/span>\n\t\t<\/p>\n\t\t<p><span class=\"wpcf7-form-control-wrap\" data-name=\"your-tel\"><input size=\"40\" maxlength=\"400\" class=\"wpcf7-form-control wpcf7-tel wpcf7-validates-as-required wpcf7-text wpcf7-validates-as-tel\" aria-required=\"true\" aria-invalid=\"false\" value=\"\" type=\"tel\" name=\"your-tel\" \/><\/span>\n\t\t<\/p>\n\t<\/div>\n\t<div class=\"col-xs-12 col-sm-12 col-md-12 col-lg-12\">\n\t<\/div>\n\t<div class=\"col-xs-12 col-sm-12 col-md-2 col-lg-2\" style=\"padding-top:10px;\">\n\t\t<p><input class=\"wpcf7-form-control wpcf7-submit has-spinner\" type=\"submit\" value=\"Pieteikties\" \/>\n\t\t<\/p>\n\t<\/div>\n<\/div><div class=\"wpcf7-response-output\" aria-hidden=\"true\"><\/div>\n<\/form>\n<\/div>\n\n<p><\/p>","protected":false},"excerpt":{"rendered":"<p>Jau vair\u0101ki t\u016bksto\u0161i \u0101rvalstnieku no 2010. gada 1. j\u016blija, kad st\u0101j\u0101s sp\u0113k\u0101 groz\u012bjumi \u201eImigr\u0101cijas likum\u0101\u201d, ir ieg\u0101d\u0101ju\u0161ies nekustamos \u012bpa\u0161umus Latvijas Republik\u0101 un ieguvu\u0161i termi\u0146uztur\u0113\u0161an\u0101s at\u013caujas. Pagaidu uztur\u0113\u0161an\u0101s at\u013caujas ieg\u016b\u0161ana ieg\u0101d\u0101joties&#8230; <\/p>\n","protected":false},"author":2,"featured_media":7375,"parent":0,"menu_order":0,"comment_status":"closed","ping_status":"closed","template":"single.php","meta":{"footnotes":""},"class_list":["post-4112","page","type-page","status-publish","has-post-thumbnail","hentry"],"yoast_head":"<!-- This site is optimized with the Yoast SEO plugin v26.9 - https:\/\/yoast.com\/product\/yoast-seo-wordpress\/ -->\n<title>Termi\u0146uztur\u0113\u0161an\u0101s at\u013caujas - REALAT.lv<\/title>\n<meta name=\"description\" content=\"Realat pal\u012bdz\u0113s ieg\u016bt termi\u0146uztur\u0113\u0161an\u0101s at\u013cauju, ieg\u0101d\u0101joties nekustamo \u012bpa\u0161umu Latvijas Republik\u0101. Ar visiem nosac\u012bjumiem var iepaz\u012bties \u0161eit.\" \/>\n<meta name=\"robots\" content=\"index, follow, max-snippet:-1, max-image-preview:large, max-video-preview:-1\" \/>\n<meta name=\"twitter:card\" content=\"summary_large_image\" \/>\n<meta name=\"twitter:title\" content=\"Termi\u0146uztur\u0113\u0161an\u0101s at\u013caujas - REALAT.lv\" \/>\n<meta name=\"twitter:description\" content=\"Realat pal\u012bdz\u0113s ieg\u016bt termi\u0146uztur\u0113\u0161an\u0101s at\u013cauju, ieg\u0101d\u0101joties nekustamo \u012bpa\u0161umu Latvijas Republik\u0101. Ar visiem nosac\u012bjumiem var iepaz\u012bties \u0161eit.\" \/>\n<meta name=\"twitter:image\" content=\"https:\/\/www2.realat.lv\/wp-content\/uploads\/2015\/05\/Europe_map_latvia2.png\" \/>\n<meta name=\"twitter:label1\" content=\"Est. reading time\" \/>\n\t<meta name=\"twitter:data1\" content=\"3 minutes\" \/>\n<script type=\"application\/ld+json\" class=\"yoast-schema-graph\">{\"@context\":\"https:\/\/schema.org\",\"@graph\":[{\"@type\":\"WebPage\",\"@id\":\"https:\/\/www2.realat.lv\/en\/residence-permit\/\",\"url\":\"https:\/\/www2.realat.lv\/en\/residence-permit\/\",\"name\":\"Termi\u0146uztur\u0113\u0161an\u0101s at\u013caujas - REALAT.lv\",\"isPartOf\":{\"@id\":\"https:\/\/www2.realat.lv\/en\/#website\"},\"primaryImageOfPage\":{\"@id\":\"https:\/\/www2.realat.lv\/en\/residence-permit\/#primaryimage\"},\"image\":{\"@id\":\"https:\/\/www2.realat.lv\/en\/residence-permit\/#primaryimage\"},\"thumbnailUrl\":\"https:\/\/www2.realat.lv\/wp-content\/uploads\/2015\/05\/Europe_map_latvia2.png\",\"datePublished\":\"2015-05-21T17:59:57+00:00\",\"dateModified\":\"2019-02-17T17:28:06+00:00\",\"description\":\"Realat pal\u012bdz\u0113s ieg\u016bt termi\u0146uztur\u0113\u0161an\u0101s at\u013cauju, ieg\u0101d\u0101joties nekustamo \u012bpa\u0161umu Latvijas Republik\u0101. Ar visiem nosac\u012bjumiem var iepaz\u012bties \u0161eit.\",\"breadcrumb\":{\"@id\":\"https:\/\/www2.realat.lv\/en\/residence-permit\/#breadcrumb\"},\"inLanguage\":\"lv-LV\",\"potentialAction\":[{\"@type\":\"ReadAction\",\"target\":[\"https:\/\/www2.realat.lv\/en\/residence-permit\/\"]}]},{\"@type\":\"ImageObject\",\"inLanguage\":\"lv-LV\",\"@id\":\"https:\/\/www2.realat.lv\/en\/residence-permit\/#primaryimage\",\"url\":\"https:\/\/www2.realat.lv\/wp-content\/uploads\/2015\/05\/Europe_map_latvia2.png\",\"contentUrl\":\"https:\/\/www2.realat.lv\/wp-content\/uploads\/2015\/05\/Europe_map_latvia2.png\",\"width\":1231,\"height\":436},{\"@type\":\"BreadcrumbList\",\"@id\":\"https:\/\/www2.realat.lv\/en\/residence-permit\/#breadcrumb\",\"itemListElement\":[{\"@type\":\"ListItem\",\"position\":1,\"name\":\"Home\",\"item\":\"https:\/\/www2.realat.lv\/en\/\"},{\"@type\":\"ListItem\",\"position\":2,\"name\":\"Residence permit\"}]},{\"@type\":\"WebSite\",\"@id\":\"https:\/\/www2.realat.lv\/en\/#website\",\"url\":\"https:\/\/www2.realat.lv\/en\/\",\"name\":\"REALAT.lv\",\"description\":\"Nekustamie \u012bpa\u0161umi, iz\u012br\u0113, iznom\u0101 un p\u0101rdod, dz\u012bvok\u013ci, m\u0101jas, zemes, komerc\u012bpa\u0161umi, invest\u012bciju projekti, starpniec\u012bbas pakalpojumi.\",\"potentialAction\":[{\"@type\":\"SearchAction\",\"target\":{\"@type\":\"EntryPoint\",\"urlTemplate\":\"https:\/\/www2.realat.lv\/en\/?s={search_term_string}\"},\"query-input\":{\"@type\":\"PropertyValueSpecification\",\"valueRequired\":true,\"valueName\":\"search_term_string\"}}],\"inLanguage\":\"lv-LV\"}]}<\/script>\n<!-- \/ Yoast SEO plugin. -->","yoast_head_json":{"title":"Termi\u0146uztur\u0113\u0161an\u0101s at\u013caujas - REALAT.lv","description":"Realat pal\u012bdz\u0113s ieg\u016bt termi\u0146uztur\u0113\u0161an\u0101s at\u013cauju, ieg\u0101d\u0101joties nekustamo \u012bpa\u0161umu Latvijas Republik\u0101. Ar visiem nosac\u012bjumiem var iepaz\u012bties \u0161eit.","robots":{"index":"index","follow":"follow","max-snippet":"max-snippet:-1","max-image-preview":"max-image-preview:large","max-video-preview":"max-video-preview:-1"},"twitter_card":"summary_large_image","twitter_title":"Termi\u0146uztur\u0113\u0161an\u0101s at\u013caujas - REALAT.lv","twitter_description":"Realat pal\u012bdz\u0113s ieg\u016bt termi\u0146uztur\u0113\u0161an\u0101s at\u013cauju, ieg\u0101d\u0101joties nekustamo \u012bpa\u0161umu Latvijas Republik\u0101. Ar visiem nosac\u012bjumiem var iepaz\u012bties \u0161eit.","twitter_image":"https:\/\/www2.realat.lv\/wp-content\/uploads\/2015\/05\/Europe_map_latvia2.png","twitter_misc":{"Est. reading time":"3 minutes"},"schema":{"@context":"https:\/\/schema.org","@graph":[{"@type":"WebPage","@id":"https:\/\/www2.realat.lv\/en\/residence-permit\/","url":"https:\/\/www2.realat.lv\/en\/residence-permit\/","name":"Termi\u0146uztur\u0113\u0161an\u0101s at\u013caujas - REALAT.lv","isPartOf":{"@id":"https:\/\/www2.realat.lv\/en\/#website"},"primaryImageOfPage":{"@id":"https:\/\/www2.realat.lv\/en\/residence-permit\/#primaryimage"},"image":{"@id":"https:\/\/www2.realat.lv\/en\/residence-permit\/#primaryimage"},"thumbnailUrl":"https:\/\/www2.realat.lv\/wp-content\/uploads\/2015\/05\/Europe_map_latvia2.png","datePublished":"2015-05-21T17:59:57+00:00","dateModified":"2019-02-17T17:28:06+00:00","description":"Realat pal\u012bdz\u0113s ieg\u016bt termi\u0146uztur\u0113\u0161an\u0101s at\u013cauju, ieg\u0101d\u0101joties nekustamo \u012bpa\u0161umu Latvijas Republik\u0101. Ar visiem nosac\u012bjumiem var iepaz\u012bties \u0161eit.","breadcrumb":{"@id":"https:\/\/www2.realat.lv\/en\/residence-permit\/#breadcrumb"},"inLanguage":"lv-LV","potentialAction":[{"@type":"ReadAction","target":["https:\/\/www2.realat.lv\/en\/residence-permit\/"]}]},{"@type":"ImageObject","inLanguage":"lv-LV","@id":"https:\/\/www2.realat.lv\/en\/residence-permit\/#primaryimage","url":"https:\/\/www2.realat.lv\/wp-content\/uploads\/2015\/05\/Europe_map_latvia2.png","contentUrl":"https:\/\/www2.realat.lv\/wp-content\/uploads\/2015\/05\/Europe_map_latvia2.png","width":1231,"height":436},{"@type":"BreadcrumbList","@id":"https:\/\/www2.realat.lv\/en\/residence-permit\/#breadcrumb","itemListElement":[{"@type":"ListItem","position":1,"name":"Home","item":"https:\/\/www2.realat.lv\/en\/"},{"@type":"ListItem","position":2,"name":"Residence permit"}]},{"@type":"WebSite","@id":"https:\/\/www2.realat.lv\/en\/#website","url":"https:\/\/www2.realat.lv\/en\/","name":"REALAT.lv","description":"Nekustamie \u012bpa\u0161umi, iz\u012br\u0113, iznom\u0101 un p\u0101rdod, dz\u012bvok\u013ci, m\u0101jas, zemes, komerc\u012bpa\u0161umi, invest\u012bciju projekti, starpniec\u012bbas pakalpojumi.","potentialAction":[{"@type":"SearchAction","target":{"@type":"EntryPoint","urlTemplate":"https:\/\/www2.realat.lv\/en\/?s={search_term_string}"},"query-input":{"@type":"PropertyValueSpecification","valueRequired":true,"valueName":"search_term_string"}}],"inLanguage":"lv-LV"}]}},"post_mailing_queue_ids":[],"_links":{"self":[{"href":"https:\/\/www2.realat.lv\/lv\/wp-json\/wp\/v2\/pages\/4112","targetHints":{"allow":["GET"]}}],"collection":[{"href":"https:\/\/www2.realat.lv\/lv\/wp-json\/wp\/v2\/pages"}],"about":[{"href":"https:\/\/www2.realat.lv\/lv\/wp-json\/wp\/v2\/types\/page"}],"author":[{"embeddable":true,"href":"https:\/\/www2.realat.lv\/lv\/wp-json\/wp\/v2\/users\/2"}],"replies":[{"embeddable":true,"href":"https:\/\/www2.realat.lv\/lv\/wp-json\/wp\/v2\/comments?post=4112"}],"version-history":[{"count":0,"href":"https:\/\/www2.realat.lv\/lv\/wp-json\/wp\/v2\/pages\/4112\/revisions"}],"wp:featuredmedia":[{"embeddable":true,"href":"https:\/\/www2.realat.lv\/lv\/wp-json\/wp\/v2\/media\/7375"}],"wp:attachment":[{"href":"https:\/\/www2.realat.lv\/lv\/wp-json\/wp\/v2\/media?parent=4112"}],"curies":[{"name":"wp","href":"https:\/\/api.w.org\/{rel}","templated":true}]}}