{"id":4120,"date":"2015-05-21T18:05:24","date_gmt":"2015-05-21T18:05:24","guid":{"rendered":"http:\/\/lux.www2.realat.lv\/wordpress\/?page_id=4120"},"modified":"2019-02-17T18:28:05","modified_gmt":"2019-02-17T16:28:05","slug":"partneri","status":"publish","type":"page","link":"https:\/\/www2.realat.lv\/lv\/partneri\/","title":{"rendered":"Partneri"},"content":{"rendered":"","protected":false},"excerpt":{"rendered":"","protected":false},"author":2,"featured_media":1373992,"parent":0,"menu_order":0,"comment_status":"closed","ping_status":"closed","template":"partners.php","meta":{"footnotes":""},"class_list":["post-4120","page","type-page","status-publish","has-post-thumbnail","hentry"],"yoast_head":"<!-- This site is optimized with the Yoast SEO plugin v26.9 - https:\/\/yoast.com\/product\/yoast-seo-wordpress\/ -->\n<title>Partneri - REALAT.lv<\/title>\n<meta name=\"description\" content=\"Lai realiz\u0113tu dar\u012bjumus ar nekustamo \u012bpa\u0161umu nepiecie\u0161ami uzticami partneri. M\u0113s ar lepnumu sadarbojamies ar liel\u0101kaj\u0101m Latvijas bank\u0101m un apdro\u0161in\u0101tajiem.\" \/>\n<meta name=\"robots\" content=\"index, follow, max-snippet:-1, max-image-preview:large, max-video-preview:-1\" \/>\n<meta name=\"twitter:card\" content=\"summary_large_image\" \/>\n<meta name=\"twitter:title\" content=\"Partneri - REALAT.lv\" \/>\n<meta name=\"twitter:description\" content=\"Lai realiz\u0113tu dar\u012bjumus ar nekustamo \u012bpa\u0161umu nepiecie\u0161ami uzticami partneri. M\u0113s ar lepnumu sadarbojamies ar liel\u0101kaj\u0101m Latvijas bank\u0101m un apdro\u0161in\u0101tajiem.\" \/>\n<meta name=\"twitter:image\" content=\"https:\/\/www2.realat.lv\/wp-content\/uploads\/2015\/06\/71433-6065303.jpg\" \/>\n<script type=\"application\/ld+json\" class=\"yoast-schema-graph\">{\"@context\":\"https:\/\/schema.org\",\"@graph\":[{\"@type\":\"WebPage\",\"@id\":\"https:\/\/www2.realat.lv\/lv\/partneri\/\",\"url\":\"https:\/\/www2.realat.lv\/lv\/partneri\/\",\"name\":\"Partneri - REALAT.lv\",\"isPartOf\":{\"@id\":\"https:\/\/www2.realat.lv\/en\/#website\"},\"primaryImageOfPage\":{\"@id\":\"https:\/\/www2.realat.lv\/lv\/partneri\/#primaryimage\"},\"image\":{\"@id\":\"https:\/\/www2.realat.lv\/lv\/partneri\/#primaryimage\"},\"thumbnailUrl\":\"https:\/\/www2.realat.lv\/wp-content\/uploads\/2015\/06\/71433-6065303.jpg\",\"datePublished\":\"2015-05-21T18:05:24+00:00\",\"dateModified\":\"2019-02-17T16:28:05+00:00\",\"description\":\"Lai realiz\u0113tu dar\u012bjumus ar nekustamo \u012bpa\u0161umu nepiecie\u0161ami uzticami partneri. M\u0113s ar lepnumu sadarbojamies ar liel\u0101kaj\u0101m Latvijas bank\u0101m un apdro\u0161in\u0101tajiem.\",\"breadcrumb\":{\"@id\":\"https:\/\/www2.realat.lv\/lv\/partneri\/#breadcrumb\"},\"inLanguage\":\"lv-LV\",\"potentialAction\":[{\"@type\":\"ReadAction\",\"target\":[\"https:\/\/www2.realat.lv\/lv\/partneri\/\"]}]},{\"@type\":\"ImageObject\",\"inLanguage\":\"lv-LV\",\"@id\":\"https:\/\/www2.realat.lv\/lv\/partneri\/#primaryimage\",\"url\":\"https:\/\/www2.realat.lv\/wp-content\/uploads\/2015\/06\/71433-6065303.jpg\",\"contentUrl\":\"https:\/\/www2.realat.lv\/wp-content\/uploads\/2015\/06\/71433-6065303.jpg\",\"width\":1607,\"height\":1000},{\"@type\":\"BreadcrumbList\",\"@id\":\"https:\/\/www2.realat.lv\/lv\/partneri\/#breadcrumb\",\"itemListElement\":[{\"@type\":\"ListItem\",\"position\":1,\"name\":\"Home\",\"item\":\"https:\/\/www2.realat.lv\/en\/\"},{\"@type\":\"ListItem\",\"position\":2,\"name\":\"Partneri\"}]},{\"@type\":\"WebSite\",\"@id\":\"https:\/\/www2.realat.lv\/en\/#website\",\"url\":\"https:\/\/www2.realat.lv\/en\/\",\"name\":\"REALAT.lv\",\"description\":\"Nekustamie \u012bpa\u0161umi, iz\u012br\u0113, iznom\u0101 un p\u0101rdod, dz\u012bvok\u013ci, m\u0101jas, zemes, komerc\u012bpa\u0161umi, invest\u012bciju projekti, starpniec\u012bbas pakalpojumi.\",\"potentialAction\":[{\"@type\":\"SearchAction\",\"target\":{\"@type\":\"EntryPoint\",\"urlTemplate\":\"https:\/\/www2.realat.lv\/en\/?s={search_term_string}\"},\"query-input\":{\"@type\":\"PropertyValueSpecification\",\"valueRequired\":true,\"valueName\":\"search_term_string\"}}],\"inLanguage\":\"lv-LV\"}]}<\/script>\n<!-- \/ Yoast SEO plugin. -->","yoast_head_json":{"title":"Partneri - REALAT.lv","description":"Lai realiz\u0113tu dar\u012bjumus ar nekustamo \u012bpa\u0161umu nepiecie\u0161ami uzticami partneri. M\u0113s ar lepnumu sadarbojamies ar liel\u0101kaj\u0101m Latvijas bank\u0101m un apdro\u0161in\u0101tajiem.","robots":{"index":"index","follow":"follow","max-snippet":"max-snippet:-1","max-image-preview":"max-image-preview:large","max-video-preview":"max-video-preview:-1"},"twitter_card":"summary_large_image","twitter_title":"Partneri - REALAT.lv","twitter_description":"Lai realiz\u0113tu dar\u012bjumus ar nekustamo \u012bpa\u0161umu nepiecie\u0161ami uzticami partneri. M\u0113s ar lepnumu sadarbojamies ar liel\u0101kaj\u0101m Latvijas bank\u0101m un apdro\u0161in\u0101tajiem.","twitter_image":"https:\/\/www2.realat.lv\/wp-content\/uploads\/2015\/06\/71433-6065303.jpg","schema":{"@context":"https:\/\/schema.org","@graph":[{"@type":"WebPage","@id":"https:\/\/www2.realat.lv\/lv\/partneri\/","url":"https:\/\/www2.realat.lv\/lv\/partneri\/","name":"Partneri - REALAT.lv","isPartOf":{"@id":"https:\/\/www2.realat.lv\/en\/#website"},"primaryImageOfPage":{"@id":"https:\/\/www2.realat.lv\/lv\/partneri\/#primaryimage"},"image":{"@id":"https:\/\/www2.realat.lv\/lv\/partneri\/#primaryimage"},"thumbnailUrl":"https:\/\/www2.realat.lv\/wp-content\/uploads\/2015\/06\/71433-6065303.jpg","datePublished":"2015-05-21T18:05:24+00:00","dateModified":"2019-02-17T16:28:05+00:00","description":"Lai realiz\u0113tu dar\u012bjumus ar nekustamo \u012bpa\u0161umu nepiecie\u0161ami uzticami partneri. M\u0113s ar lepnumu sadarbojamies ar liel\u0101kaj\u0101m Latvijas bank\u0101m un apdro\u0161in\u0101tajiem.","breadcrumb":{"@id":"https:\/\/www2.realat.lv\/lv\/partneri\/#breadcrumb"},"inLanguage":"lv-LV","potentialAction":[{"@type":"ReadAction","target":["https:\/\/www2.realat.lv\/lv\/partneri\/"]}]},{"@type":"ImageObject","inLanguage":"lv-LV","@id":"https:\/\/www2.realat.lv\/lv\/partneri\/#primaryimage","url":"https:\/\/www2.realat.lv\/wp-content\/uploads\/2015\/06\/71433-6065303.jpg","contentUrl":"https:\/\/www2.realat.lv\/wp-content\/uploads\/2015\/06\/71433-6065303.jpg","width":1607,"height":1000},{"@type":"BreadcrumbList","@id":"https:\/\/www2.realat.lv\/lv\/partneri\/#breadcrumb","itemListElement":[{"@type":"ListItem","position":1,"name":"Home","item":"https:\/\/www2.realat.lv\/en\/"},{"@type":"ListItem","position":2,"name":"Partneri"}]},{"@type":"WebSite","@id":"https:\/\/www2.realat.lv\/en\/#website","url":"https:\/\/www2.realat.lv\/en\/","name":"REALAT.lv","description":"Nekustamie \u012bpa\u0161umi, iz\u012br\u0113, iznom\u0101 un p\u0101rdod, dz\u012bvok\u013ci, m\u0101jas, zemes, komerc\u012bpa\u0161umi, invest\u012bciju projekti, starpniec\u012bbas pakalpojumi.","potentialAction":[{"@type":"SearchAction","target":{"@type":"EntryPoint","urlTemplate":"https:\/\/www2.realat.lv\/en\/?s={search_term_string}"},"query-input":{"@type":"PropertyValueSpecification","valueRequired":true,"valueName":"search_term_string"}}],"inLanguage":"lv-LV"}]}},"post_mailing_queue_ids":[],"_links":{"self":[{"href":"https:\/\/www2.realat.lv\/lv\/wp-json\/wp\/v2\/pages\/4120","targetHints":{"allow":["GET"]}}],"collection":[{"href":"https:\/\/www2.realat.lv\/lv\/wp-json\/wp\/v2\/pages"}],"about":[{"href":"https:\/\/www2.realat.lv\/lv\/wp-json\/wp\/v2\/types\/page"}],"author":[{"embeddable":true,"href":"https:\/\/www2.realat.lv\/lv\/wp-json\/wp\/v2\/users\/2"}],"replies":[{"embeddable":true,"href":"https:\/\/www2.realat.lv\/lv\/wp-json\/wp\/v2\/comments?post=4120"}],"version-history":[{"count":0,"href":"https:\/\/www2.realat.lv\/lv\/wp-json\/wp\/v2\/pages\/4120\/revisions"}],"wp:featuredmedia":[{"embeddable":true,"href":"https:\/\/www2.realat.lv\/lv\/wp-json\/wp\/v2\/media\/1373992"}],"wp:attachment":[{"href":"https:\/\/www2.realat.lv\/lv\/wp-json\/wp\/v2\/media?parent=4120"}],"curies":[{"name":"wp","href":"https:\/\/api.w.org\/{rel}","templated":true}]}}