{"id":4253,"date":"2015-06-11T12:24:57","date_gmt":"2015-06-11T12:24:57","guid":{"rendered":"http:\/\/lux.www2.realat.lv\/wordpress\/?page_id=4253"},"modified":"2025-07-29T10:58:38","modified_gmt":"2025-07-29T07:58:38","slug":"kapec-realat","status":"publish","type":"page","link":"https:\/\/www2.realat.lv\/lv\/kapec-realat\/","title":{"rendered":"K\u0101p\u0113c REALAT"},"content":{"rendered":"<p><\/p>\n<p><strong>REALAT ir uz\u0146\u0113mums, kas nozar\u0113 darbojas jau vair\u0101k, k\u0101 12 gadus, un esam paz\u012bstami ar savu pieredzi un pan\u0101kumiem Latvijas tirg\u016b. M\u0113s esam izveidoju\u0161i sp\u0113c\u012bgu pakalpojumu platformu, kas apvieno zino\u0161us nozares profesion\u0101\u013cus, lai rad\u012btu efekt\u012bvus risin\u0101jumus m\u016bsu klientiem.<\/strong><\/p>\n<p>Ar REALAT saist\u0101s \u201cVAIR\u0100K NEK\u0100 \u012aPA\u0160UMI\u201d, m\u016bsu birojs ir vieta, kur\u0101 dzimst v\u012bzija par nekustamo \u012bpa\u0161umu dar\u012bjumiem, to virz\u012b\u0161anas strat\u0113\u0123iju un dar\u012bjuma realiz\u0113\u0161anu. M\u016bsu datu b\u0101ze ir k\u0101 pagaidu m\u0101jas \u012bpa\u0161umiem, kas non\u0101ku\u0161i tirdzniec\u012bb\u0101, m\u0113s tos iesai\u0146ojam &#8211; fotograf\u0113jam, izveidojam aprakstus, rad\u0101m tiem pievienotu v\u0113rt\u012bbu un p\u0101rdo\u0161anas strat\u0113\u0123iju, k\u0101 ar\u012b, protams, piemekl\u0113jam tiem jaunus saimniekus, bet tas viss ir iesp\u0113jams tikai un vien\u012bgi pateicoties m\u016bsu kompetencei. Pie mums str\u0101d\u0101 ener\u0123iski, atrakt\u012bvi, lieti\u0161\u0137i, zino\u0161i profesion\u0101\u013ci, kas rada pat\u012bkamu un dro\u0161u saj\u016btu m\u016bsu nozar\u0113.<\/p>\n<p>M\u0113s pal\u012bdz\u0113sim p\u0101rdot J\u016bsu \u012bpa\u0161umu, ne t\u0101p\u0113c, ka tas ir m\u016bsu darbs \u2013 bet t\u0101p\u0113c, ka tas ir m\u016bsu aicin\u0101jums un dz\u012bves veids.<\/p>\n<blockquote>\n<p>\n<span style=\"font-size: 14pt;\"><strong>M\u016bsu a\u0123entu priorit\u0101te ir skaidri saprast klienta v\u0113lmes, lai veiksm\u012bg\u0101k sp\u0113tu atrast atbilsto\u0161\u0101ko dar\u012bjuma strat\u0113\u0123iju.<\/strong><\/span><\/p>\n<\/blockquote>\n<p>&nbsp;<\/p>\n<p><strong>M\u0113s apzin\u0101mies, ka nekustam\u0101 \u012bpa\u0161uma p\u0101rdo\u0161ana\u00a0ir atbild\u012bgs solis, tie\u0161i t\u0101p\u0113c m\u0113s sp\u0113jam nodro\u0161in\u0101t maksim\u0101lu pakalpojumu kvalit\u0101ti augst\u0101kaj\u0101 l\u012bmen\u012b.<\/strong><\/p>\n<p>J\u016bs var\u0113siet p\u0101rdot\u00a0un noform\u0113t nekustamo \u012bpa\u0161umu pie mums ar profesion\u0101lu atbalstu &#8211; ietaupot\u00a0savu laiku un l\u012bdzek\u013cus.<\/p>\n<p>&nbsp;<\/p>\n<blockquote>\n<p>\n<span style=\"font-size: 14pt;\"><strong>Veiksm\u012bga dar\u012bjuma sasnieg\u0161ana ir balst\u012bta uz profesionalit\u0101ti un uztic\u012bbu.<\/strong><\/span><\/p>\n<\/blockquote>\n<p>&nbsp;<\/p>\n<p>&nbsp;<\/p>\n<p>&nbsp;<\/p>\n<p>&nbsp;<\/p>\n<div class=\"agent-block\" style=\"width:100%;position:relative;\"><div class=\"center-block\"><h2 class=\"center osLight pt20\" style=\"color:#9D9FA2;font-size:30px;\">Izv\u0113lies savu A\u0123entu<\/h2><div class=\"underline\"><img decoding=\"async\" src=\"https:\/\/www.www2.realat.lv\/wp-content\/themes\/realeswp\/images\/line.png\"\/><\/div><div class=\"row\" style=\"width:100%\"><div id=\"home-agents\" class=\"carousel slide carousel-wb\" ><div class=\"carousel-inner\"><div class=\"item active\"><div class=\"agent\"><div class=\"agent-avat col-md-6 col-lg-6 col-sm-12 col-xs-12 hidden-xs\"><div class=\"agent-mind\"><img decoding=\"async\" class=\"lazy2\" src=\"\" data-src=\"https:\/\/www.www2.realat.lv\/wp-content\/themes\/realeswp\/images\/agent_mind.png\"\/><\/div><div class=\"agent-pencil\"><\/div><a href=\"https:\/\/www2.realat.lv\/lv\/agents\/uldis\/\" ><img decoding=\"async\"  class=\"lazy\" src=\"\" data-src=\"https:\/\/img.realat.lv\/users\/wp_team_1767888645465.jpg\"  style=\"padding-left:10px;width:441px;height:auto;display: block;\"  alt=\"Reg\u012bna Janberga\"\/><\/a><\/div><div class=\"agent-info col-md-6 col-lg-6 col-sm-12 col-xs-12\"><div class=\"agent-name\">Reg\u012bna Janberga<\/div><div class=\"agent-about\">Dz\u012bvojamo plat\u012bbu konsultante<\/div><div class=\"agent-contact\"><div>T\u0101lr.: (+371) 67210010<\/div><div>Mob.: (+371) 20377735<\/div><div>E-pasts: regina@www2.realat.lv<\/div><\/div><a class=\"btn btn-default morebutton\" href=\"https:\/\/www2.realat.lv\/lv\/agents\/uldis\/\" role=\"button\">Iepaz\u012bties vair\u0101k<\/a><\/div><\/div><\/div><\/div><\/div><\/div><\/div><\/div>\n<p><\/p>","protected":false},"excerpt":{"rendered":"<p>REALAT ir uz\u0146\u0113mums, kas nozar\u0113 darbojas jau vair\u0101k, k\u0101 12 gadus, un esam paz\u012bstami ar savu pieredzi un pan\u0101kumiem Latvijas tirg\u016b. M\u0113s esam izveidoju\u0161i sp\u0113c\u012bgu pakalpojumu platformu, kas apvieno zino\u0161us&#8230; <\/p>\n","protected":false},"author":2,"featured_media":2029080,"parent":0,"menu_order":0,"comment_status":"closed","ping_status":"closed","template":"single.php","meta":{"footnotes":""},"class_list":["post-4253","page","type-page","status-publish","has-post-thumbnail","hentry"],"yoast_head":"<!-- This site is optimized with the Yoast SEO plugin v26.9 - https:\/\/yoast.com\/product\/yoast-seo-wordpress\/ -->\n<title>K\u0101p\u0113c REALAT - REALAT.lv<\/title>\n<meta name=\"description\" content=\"REALAT ir\u00a0uz\u0146\u0113mums ar ilggad\u0113ju pieredzi un stabilu v\u0101rdu Latvijas nekustamo \u012bpa\u0161umu tirg\u016b, kur\u0161 sp\u0113jis veiksm\u012bgi apvienot zino\u0161\u0101kos nozares speci\u0101listus.\" \/>\n<meta name=\"robots\" content=\"index, follow, max-snippet:-1, max-image-preview:large, max-video-preview:-1\" \/>\n<meta name=\"twitter:card\" content=\"summary_large_image\" \/>\n<meta name=\"twitter:title\" content=\"[:lv]K\u0101p\u0113c REALAT - REALAT.lv[:en]Kap\u0113c REALAT - REALAT.lv[:ru]K\u0101p\u0113c REALAT - REALAT.lv[:]\" \/>\n<meta name=\"twitter:description\" content=\"REALAT ir\u00a0uz\u0146\u0113mums ar ilggad\u0113ju pieredzi un stabilu v\u0101rdu Latvijas nekustamo \u012bpa\u0161umu tirg\u016b, kur\u0161 sp\u0113jis veiksm\u012bgi apvienot zino\u0161\u0101kos nozares speci\u0101listus.\" \/>\n<meta name=\"twitter:image\" content=\"https:\/\/www2.realat.lv\/wp-content\/uploads\/2021\/05\/2_1_2468958462.jpg\" \/>\n<meta name=\"twitter:label1\" content=\"Est. reading time\" \/>\n\t<meta name=\"twitter:data1\" content=\"2 minutes\" \/>\n<script type=\"application\/ld+json\" class=\"yoast-schema-graph\">{\"@context\":\"https:\/\/schema.org\",\"@graph\":[{\"@type\":\"WebPage\",\"@id\":\"https:\/\/www2.realat.lv\/lv\/kapec-realat\/\",\"url\":\"https:\/\/www2.realat.lv\/lv\/kapec-realat\/\",\"name\":\"[:lv]K\u0101p\u0113c REALAT - REALAT.lv[:en]Kap\u0113c REALAT - REALAT.lv[:ru]K\u0101p\u0113c REALAT - REALAT.lv[:]\",\"isPartOf\":{\"@id\":\"https:\/\/www2.realat.lv\/en\/#website\"},\"primaryImageOfPage\":{\"@id\":\"https:\/\/www2.realat.lv\/lv\/kapec-realat\/#primaryimage\"},\"image\":{\"@id\":\"https:\/\/www2.realat.lv\/lv\/kapec-realat\/#primaryimage\"},\"thumbnailUrl\":\"https:\/\/www2.realat.lv\/wp-content\/uploads\/2021\/05\/2_1_2468958462.jpg\",\"datePublished\":\"2015-06-11T12:24:57+00:00\",\"dateModified\":\"2025-07-29T07:58:38+00:00\",\"description\":\"REALAT ir\u00a0uz\u0146\u0113mums ar ilggad\u0113ju pieredzi un stabilu v\u0101rdu Latvijas nekustamo \u012bpa\u0161umu tirg\u016b, kur\u0161 sp\u0113jis veiksm\u012bgi apvienot zino\u0161\u0101kos nozares speci\u0101listus.\",\"breadcrumb\":{\"@id\":\"https:\/\/www2.realat.lv\/lv\/kapec-realat\/#breadcrumb\"},\"inLanguage\":\"lv-LV\",\"potentialAction\":[{\"@type\":\"ReadAction\",\"target\":[\"https:\/\/www2.realat.lv\/lv\/kapec-realat\/\"]}]},{\"@type\":\"ImageObject\",\"inLanguage\":\"lv-LV\",\"@id\":\"https:\/\/www2.realat.lv\/lv\/kapec-realat\/#primaryimage\",\"url\":\"https:\/\/www2.realat.lv\/wp-content\/uploads\/2021\/05\/2_1_2468958462.jpg\",\"contentUrl\":\"https:\/\/www2.realat.lv\/wp-content\/uploads\/2021\/05\/2_1_2468958462.jpg\",\"width\":1500,\"height\":1000},{\"@type\":\"BreadcrumbList\",\"@id\":\"https:\/\/www2.realat.lv\/lv\/kapec-realat\/#breadcrumb\",\"itemListElement\":[{\"@type\":\"ListItem\",\"position\":1,\"name\":\"Home\",\"item\":\"https:\/\/www2.realat.lv\/en\/\"},{\"@type\":\"ListItem\",\"position\":2,\"name\":\"K\u0101p\u0113c REALAT\"}]},{\"@type\":\"WebSite\",\"@id\":\"https:\/\/www2.realat.lv\/en\/#website\",\"url\":\"https:\/\/www2.realat.lv\/en\/\",\"name\":\"REALAT.lv\",\"description\":\"Nekustamie \u012bpa\u0161umi, iz\u012br\u0113, iznom\u0101 un p\u0101rdod, dz\u012bvok\u013ci, m\u0101jas, zemes, komerc\u012bpa\u0161umi, invest\u012bciju projekti, starpniec\u012bbas pakalpojumi.\",\"potentialAction\":[{\"@type\":\"SearchAction\",\"target\":{\"@type\":\"EntryPoint\",\"urlTemplate\":\"https:\/\/www2.realat.lv\/en\/?s={search_term_string}\"},\"query-input\":{\"@type\":\"PropertyValueSpecification\",\"valueRequired\":true,\"valueName\":\"search_term_string\"}}],\"inLanguage\":\"lv-LV\"}]}<\/script>\n<!-- \/ Yoast SEO plugin. -->","yoast_head_json":{"title":"K\u0101p\u0113c REALAT - REALAT.lv","description":"REALAT ir\u00a0uz\u0146\u0113mums ar ilggad\u0113ju pieredzi un stabilu v\u0101rdu Latvijas nekustamo \u012bpa\u0161umu tirg\u016b, kur\u0161 sp\u0113jis veiksm\u012bgi apvienot zino\u0161\u0101kos nozares speci\u0101listus.","robots":{"index":"index","follow":"follow","max-snippet":"max-snippet:-1","max-image-preview":"max-image-preview:large","max-video-preview":"max-video-preview:-1"},"twitter_card":"summary_large_image","twitter_title":"[:lv]K\u0101p\u0113c REALAT - REALAT.lv[:en]Kap\u0113c REALAT - REALAT.lv[:ru]K\u0101p\u0113c REALAT - REALAT.lv[:]","twitter_description":"REALAT ir\u00a0uz\u0146\u0113mums ar ilggad\u0113ju pieredzi un stabilu v\u0101rdu Latvijas nekustamo \u012bpa\u0161umu tirg\u016b, kur\u0161 sp\u0113jis veiksm\u012bgi apvienot zino\u0161\u0101kos nozares speci\u0101listus.","twitter_image":"https:\/\/www2.realat.lv\/wp-content\/uploads\/2021\/05\/2_1_2468958462.jpg","twitter_misc":{"Est. reading time":"2 minutes"},"schema":{"@context":"https:\/\/schema.org","@graph":[{"@type":"WebPage","@id":"https:\/\/www2.realat.lv\/lv\/kapec-realat\/","url":"https:\/\/www2.realat.lv\/lv\/kapec-realat\/","name":"[:lv]K\u0101p\u0113c REALAT - REALAT.lv[:en]Kap\u0113c REALAT - REALAT.lv[:ru]K\u0101p\u0113c REALAT - REALAT.lv[:]","isPartOf":{"@id":"https:\/\/www2.realat.lv\/en\/#website"},"primaryImageOfPage":{"@id":"https:\/\/www2.realat.lv\/lv\/kapec-realat\/#primaryimage"},"image":{"@id":"https:\/\/www2.realat.lv\/lv\/kapec-realat\/#primaryimage"},"thumbnailUrl":"https:\/\/www2.realat.lv\/wp-content\/uploads\/2021\/05\/2_1_2468958462.jpg","datePublished":"2015-06-11T12:24:57+00:00","dateModified":"2025-07-29T07:58:38+00:00","description":"REALAT ir\u00a0uz\u0146\u0113mums ar ilggad\u0113ju pieredzi un stabilu v\u0101rdu Latvijas nekustamo \u012bpa\u0161umu tirg\u016b, kur\u0161 sp\u0113jis veiksm\u012bgi apvienot zino\u0161\u0101kos nozares speci\u0101listus.","breadcrumb":{"@id":"https:\/\/www2.realat.lv\/lv\/kapec-realat\/#breadcrumb"},"inLanguage":"lv-LV","potentialAction":[{"@type":"ReadAction","target":["https:\/\/www2.realat.lv\/lv\/kapec-realat\/"]}]},{"@type":"ImageObject","inLanguage":"lv-LV","@id":"https:\/\/www2.realat.lv\/lv\/kapec-realat\/#primaryimage","url":"https:\/\/www2.realat.lv\/wp-content\/uploads\/2021\/05\/2_1_2468958462.jpg","contentUrl":"https:\/\/www2.realat.lv\/wp-content\/uploads\/2021\/05\/2_1_2468958462.jpg","width":1500,"height":1000},{"@type":"BreadcrumbList","@id":"https:\/\/www2.realat.lv\/lv\/kapec-realat\/#breadcrumb","itemListElement":[{"@type":"ListItem","position":1,"name":"Home","item":"https:\/\/www2.realat.lv\/en\/"},{"@type":"ListItem","position":2,"name":"K\u0101p\u0113c REALAT"}]},{"@type":"WebSite","@id":"https:\/\/www2.realat.lv\/en\/#website","url":"https:\/\/www2.realat.lv\/en\/","name":"REALAT.lv","description":"Nekustamie \u012bpa\u0161umi, iz\u012br\u0113, iznom\u0101 un p\u0101rdod, dz\u012bvok\u013ci, m\u0101jas, zemes, komerc\u012bpa\u0161umi, invest\u012bciju projekti, starpniec\u012bbas pakalpojumi.","potentialAction":[{"@type":"SearchAction","target":{"@type":"EntryPoint","urlTemplate":"https:\/\/www2.realat.lv\/en\/?s={search_term_string}"},"query-input":{"@type":"PropertyValueSpecification","valueRequired":true,"valueName":"search_term_string"}}],"inLanguage":"lv-LV"}]}},"post_mailing_queue_ids":[],"_links":{"self":[{"href":"https:\/\/www2.realat.lv\/lv\/wp-json\/wp\/v2\/pages\/4253","targetHints":{"allow":["GET"]}}],"collection":[{"href":"https:\/\/www2.realat.lv\/lv\/wp-json\/wp\/v2\/pages"}],"about":[{"href":"https:\/\/www2.realat.lv\/lv\/wp-json\/wp\/v2\/types\/page"}],"author":[{"embeddable":true,"href":"https:\/\/www2.realat.lv\/lv\/wp-json\/wp\/v2\/users\/2"}],"replies":[{"embeddable":true,"href":"https:\/\/www2.realat.lv\/lv\/wp-json\/wp\/v2\/comments?post=4253"}],"version-history":[{"count":0,"href":"https:\/\/www2.realat.lv\/lv\/wp-json\/wp\/v2\/pages\/4253\/revisions"}],"wp:featuredmedia":[{"embeddable":true,"href":"https:\/\/www2.realat.lv\/lv\/wp-json\/wp\/v2\/media\/2029080"}],"wp:attachment":[{"href":"https:\/\/www2.realat.lv\/lv\/wp-json\/wp\/v2\/media?parent=4253"}],"curies":[{"name":"wp","href":"https:\/\/api.w.org\/{rel}","templated":true}]}}