{"id":4259,"date":"2015-06-11T12:25:58","date_gmt":"2015-06-11T12:25:58","guid":{"rendered":"http:\/\/lux.www2.realat.lv\/wordpress\/?page_id=4259"},"modified":"2021-08-30T22:53:02","modified_gmt":"2021-08-30T20:53:02","slug":"pakalpojumi","status":"publish","type":"page","link":"https:\/\/www2.realat.lv\/lv\/investiciju-pakalpojumi\/","title":{"rendered":"Invest\u012bciju pakalpojumi"},"content":{"rendered":"<p><\/p>\n<h2 style=\"text-align: left;\">Stabilas un strat\u0113\u0123iski izdev\u012bgas invest\u012bcijas <a href=\"https:\/\/www2.realat.lv\/lv\/pardod\/investiciju-projektus\/visi\/properties-search-results\/?st=6&amp;sc=0&amp;ss=0&amp;scat=25&amp;spst=0&amp;smir=&amp;smar=&amp;smia=&amp;smaa=&amp;smif=&amp;smaf=&amp;smip=&amp;smap=&amp;view=saraksts\">nekustamaj\u0101 \u012bpa\u0161um\u0101<\/a><\/h2>\n<div style=\"text-align: left;\"><span id=\"ouHighlight__0_1TO0_2\" class=\"highlight\">REALAT zina,<\/span><span id=\"noHighlight_0.6067874659784138\">\u00a0<\/span><span id=\"ouHighlight__24_26TO28_31\" class=\"\">kur\u0161 v\u0113las<\/span><span id=\"noHighlight_0.28025252115912735\"> <\/span><span id=\"ouHighlight__31_36TO33_36\">pirkt<\/span><span id=\"noHighlight_0.9467791765928268\">,<\/span><span id=\"noHighlight_0.4726099739782512\"> <\/span><span id=\"ouHighlight__39_41TO39_42\">kur\u0161 v\u0113las<\/span><span id=\"noHighlight_0.15219885995611548\">\u00a0<\/span><span id=\"ouHighlight__46_52TO44_49\">p\u0101rdot<\/span><span id=\"noHighlight_0.13668657932430506\">\u00a0<\/span><span id=\"ouHighlight__54_56TO51_52\">un<\/span><span id=\"noHighlight_0.2555871452204883\"> <\/span><span id=\"ouHighlight__58_62TO54_56\">kur<\/span><span id=\"noHighlight_0.23004285665228963\"> <\/span><span id=\"ouHighlight__92_94TO58_60\">var<\/span><span id=\"noHighlight_0.7186359162442386\"> <\/span><span id=\"ouHighlight__99_103TO62_67\">atrast<\/span><span id=\"noHighlight_0.9248639333527535\"> <\/span><span id=\"ouHighlight__68_71TO69_77\">vislab\u0101kos<\/span><span id=\"noHighlight_0.2515589911490679\"> <\/span><span id=\"ouHighlight__84_90TO79_86\">kapit\u0101la\u00a0<\/span><span id=\"noHighlight_0.816281930077821\"><\/span><span id=\"ouHighlight__73_79TO88_93\">avotus<\/span><span id=\"noHighlight_0.39785370975732803\">.<\/span><\/div>\n<div style=\"text-align: left;\"><span id=\"ouHighlight__0_2TO0_2\">M\u0113s\u00a0<\/span><span id=\"ouHighlight__12_16TO12_21\">sadarbojamies<\/span><span id=\"noHighlight_0.18270558514632285\">\u00a0<\/span><span id=\"ouHighlight__18_21TO23_24\">ar<\/span><span id=\"noHighlight_0.1680163131095469\">\u00a0fondiem<\/span><span id=\"noHighlight_0.3521784597542137\">\u00a0<\/span><span id=\"ouHighlight__36_38TO35_36\" class=\"\">un<\/span><span id=\"noHighlight_0.722741624340415\"> <\/span><span id=\"ouHighlight__40_46TO38_46\" class=\"\">priv\u0101tiem<\/span><span id=\"noHighlight_0.9646483163814992\"> <\/span><span id=\"ouHighlight__48_56TO48_58\">investoriem<\/span><span id=\"noHighlight_0.7551374777685851\">, kas <\/span><span id=\"ouHighlight__58_67TO65_69\">v\u0113las<\/span><span id=\"noHighlight_0.20434904261492193\"> <\/span><span id=\"ouHighlight__69_76TO71_80\">palielin\u0101t<\/span><span id=\"noHighlight_0.5607804344035685\"> <\/span><span id=\"ouHighlight__78_82TO82_85\">savu\u00a0<\/span><span id=\"noHighlight_0.8431234147865325\"><\/span><span id=\"ouHighlight__84_87TO87_95\">nekustam\u0101<\/span><span id=\"noHighlight_0.4118999803904444\"> <\/span><span id=\"ouHighlight__89_94TO97_103\">\u012bpa\u0161uma portfeli.<\/span><\/div>\n<div style=\"text-align: left;\">\u00a0<\/div>\n<div style=\"text-align: left;\"><strong><span style=\"font-size: 12pt;\">Pal\u012bdzam\u00a0realiz\u0113t da\u017e\u0101da\u00a0apjoma <a href=\"https:\/\/www2.realat.lv\/lv\/nekustamo-ipasumu-katalogs\/?port=3\">invest\u012bciju projektus<\/a> vis\u0101 Latvij\u0101<\/span><\/strong><\/div>\n<blockquote>\n<h2 style=\"text-align: left;\"><span style=\"font-size: 18pt;\">Izv\u0113lies savu partneri REALAT &#8211; invest\u012bciju projektu ieg\u0101d\u0113 un realiz\u0113\u0161an\u0101<\/span><\/h2>\n<\/blockquote>\n<p style=\"text-align: left;\"><span style=\"font-size: 14pt;\">Aizpildi pietiekumu un m\u016bsu invest\u012bciju konsultants ar jums sazin\u0101sies p\u0101ris stundu laik\u0101:\u00a0<strong><br \/>\n<\/strong><\/span>\n<div class=\"wpcf7 no-js\" id=\"wpcf7-f2018611-o1\" lang=\"lv-LV\" dir=\"ltr\" data-wpcf7-id=\"2018611\">\n<div class=\"screen-reader-response\"><p role=\"status\" aria-live=\"polite\" aria-atomic=\"true\"><\/p> <ul><\/ul><\/div>\n<form action=\"\/lv\/wp-json\/wp\/v2\/pages\/4259#wpcf7-f2018611-o1\" method=\"post\" class=\"wpcf7-form init\" aria-label=\"Contact form\" novalidate=\"novalidate\" data-status=\"init\">\n<fieldset class=\"hidden-fields-container\"><input type=\"hidden\" name=\"_wpcf7\" value=\"2018611\" \/><input type=\"hidden\" name=\"_wpcf7_version\" value=\"6.1.5\" \/><input type=\"hidden\" name=\"_wpcf7_locale\" value=\"lv_LV\" \/><input type=\"hidden\" name=\"_wpcf7_unit_tag\" value=\"wpcf7-f2018611-o1\" \/><input type=\"hidden\" name=\"_wpcf7_container_post\" value=\"0\" \/><input type=\"hidden\" name=\"_wpcf7_posted_data_hash\" value=\"\" \/><input type=\"hidden\" name=\"_wpcf7_recaptcha_response\" value=\"\" \/>\n<\/fieldset>\n<div style=\"padding-top:10px;\">\n<\/div>\n<div class=\"row\">\n\t<div class=\"col-xs-12 col-sm-12 col-md-4 col-lg-12\" style=\"padding-top:5px;\">\n\t\t<p>V\u0101rds, Uzv\u0101rds <span class=\"text-red\">*<\/span>\n\t\t<\/p>\n\t\t<p><span class=\"wpcf7-form-control-wrap\" data-name=\"your-name\"><input size=\"40\" maxlength=\"400\" class=\"wpcf7-form-control wpcf7-text wpcf7-validates-as-required\" aria-required=\"true\" aria-invalid=\"false\" value=\"\" type=\"text\" name=\"your-name\" \/><\/span>\n\t\t<\/p>\n\t<\/div>\n\t<div class=\"col-xs-12 col-sm-12 col-md-4 col-lg-12\" style=\"padding-top:5px;\">\n\t\t<p>E-pasts <span class=\"text-red\">*<\/span>\n\t\t<\/p>\n\t\t<p><span class=\"wpcf7-form-control-wrap\" data-name=\"your-email\"><input size=\"40\" maxlength=\"400\" class=\"wpcf7-form-control wpcf7-email wpcf7-validates-as-required wpcf7-text wpcf7-validates-as-email\" aria-required=\"true\" aria-invalid=\"false\" value=\"\" type=\"email\" name=\"your-email\" \/><\/span>\n\t\t<\/p>\n\t<\/div>\n\t<div class=\"col-xs-12 col-sm-12 col-md-4 col-lg-12\" style=\"padding-top:5px;\">\n\t\t<p>T\u0101lr. <span class=\"text-red\">*<\/span>\n\t\t<\/p>\n\t\t<p><span class=\"wpcf7-form-control-wrap\" data-name=\"your-tel\"><input size=\"40\" maxlength=\"400\" class=\"wpcf7-form-control wpcf7-tel wpcf7-validates-as-required wpcf7-text wpcf7-validates-as-tel\" aria-required=\"true\" aria-invalid=\"false\" value=\"\" type=\"tel\" name=\"your-tel\" \/><\/span>\n\t\t<\/p>\n\t<\/div>\n\t<div class=\"col-xs-12 col-sm-12 col-md-4 col-lg-12\" style=\"padding-top:5px;\">\n\t\t<p>Apraksts <span class=\"text-red\"><\/span>\n\t\t<\/p>\n\t\t<p><span class=\"wpcf7-form-control-wrap\" data-name=\"Apraksts\"><textarea cols=\"40\" rows=\"10\" maxlength=\"2000\" class=\"wpcf7-form-control wpcf7-textarea\" aria-invalid=\"false\" name=\"Apraksts\"><\/textarea><\/span>\n\t\t<\/p>\n\t<\/div>\n\t<div class=\"col-xs-12 col-sm-12 col-md-2 col-lg-2\" style=\"padding-top:15px;\">\n\t\t<p><input class=\"wpcf7-form-control wpcf7-submit has-spinner\" type=\"submit\" value=\"NOS\u016aT\u012aT\" \/>\n\t\t<\/p>\n\t<\/div>\n<\/div><div class=\"wpcf7-response-output\" aria-hidden=\"true\"><\/div>\n<\/form>\n<\/div>\n<\/p>\n<p style=\"text-align: left;\"><strong><span style=\"font-size: 14pt;\">Kap\u0113c <span style=\"text-decoration: underline;\"><a href=\"http:\/\/www2.realat.lv\">REALAT<\/a><\/span><\/span><\/strong><\/p>\n<p style=\"text-align: left;\"><strong><span id=\"ouHighlight__0_4TO0_6\" class=\"\">Tirgus p\u0101rzin\u0101\u0161ana<\/span><\/strong><span id=\"noHighlight_0.12596788886003196\">\u00a0<\/span><span id=\"ouHighlight__16_16TO18_18\" class=\"\">&#8211;<\/span><span id=\"noHighlight_0.129680483834818\"> <\/span><span id=\"ouHighlight__18_23TO20_26\" class=\"\">sp\u0113c\u012bga<\/span><span id=\"noHighlight_0.970142757287249\"> <\/span><span id=\"ouHighlight__25_29TO28_34\">lok\u0101l\u0101 invest\u012bciju konsultanta<\/span><span id=\"noHighlight_0.10811116476543248\">\u00a0<\/span><span id=\"ouHighlight__38_46TO44_53\" class=\"\">kompetence<\/span><span id=\"noHighlight_0.37098208721727133\">\u00a0<\/span><span id=\"ouHighlight__48_49TO55_56\">ir<\/span><span id=\"noHighlight_0.6491312389262021\"> <\/span><span id=\"ouHighlight__51_59TO58_64\">b\u016btiska<\/span><span id=\"noHighlight_0.8103991935495287\">, <\/span><span id=\"ouHighlight__61_62TO67_69\">lai<\/span><span id=\"noHighlight_0.5875791523139924\"> <\/span><span id=\"ouHighlight__64_70TO71_80\">p\u0101rdo\u0161anas dar\u012bjumi b\u016btu par vis<\/span><span id=\"ouHighlight__86_88TO91_98\" class=\"\">augst\u0101ko<\/span><span id=\"noHighlight_0.7443673079833388\"> <\/span><span id=\"ouHighlight__90_95TO100_105\">tirgus<\/span><span id=\"noHighlight_0.7618694722186774\"> <\/span><span id=\"ouHighlight__97_101TO107_113\" class=\"\">v\u0113rt\u012bbu<\/span><span id=\"noHighlight_0.4698842177167535\">,<\/span><span id=\"noHighlight_0.13068565097637475\"> <\/span><span id=\"ouHighlight__104_106TO116_117\">un<\/span><span id=\"noHighlight_0.22242059605196118\"> <\/span><span id=\"ouHighlight__108_109TO119_121\">m\u0113s<\/span><span id=\"noHighlight_0.1262950289528817\"> <\/span><span id=\"ouHighlight__111_114TO123_127\">zin\u0101m<\/span><span id=\"noHighlight_0.9209435740485787\">, <\/span><span id=\"ouHighlight__120_124TO134_140\">viet\u0113j\u0101<\/span><span id=\"noHighlight_0.3837942285463214\"> <\/span><span id=\"ouHighlight__126_135TO142_146\">tirgus\u00a0<\/span><span id=\"ouHighlight__138_143TO149_153\">nomas<\/span><span id=\"noHighlight_0.030360763194039464\"> <\/span><span id=\"ouHighlight__145_149TO155_160\">maksas<\/span><span id=\"noHighlight_0.4749432143289596\">,<\/span><span id=\"noHighlight_0.9928201632574201\"> <\/span><span id=\"ouHighlight__152_157TO163_174\">piepras\u012bjumus<\/span><span id=\"noHighlight_0.5510296414140612\">,\u00a0<\/span><span id=\"noHighlight_0.2609264238271862\"><\/span><span id=\"ouHighlight__160_170TO177_186\" class=\"\">konkurenci<\/span><span id=\"noHighlight_0.6346283173188567\">\u00a0<\/span><span id=\"ouHighlight__172_174TO188_189\">un<\/span><span id=\"noHighlight_0.4199667237699032\"> <\/span><span id=\"ouHighlight__176_180TO191_197\">v\u0113rt\u012bbas<\/span><span id=\"noHighlight_0.916238673729822\">.<\/span><span id=\"noHighlight_0.7288677683100104\"> <\/span><\/p>\n<p style=\"text-align: left;\"><span id=\"ouHighlight__183_185TO200_202\">REALAT invest\u012bciju konsultanti<\/span><span id=\"noHighlight_0.8979440906550735\">\u00a0<\/span><span id=\"ouHighlight__203_206TO220_222\">ar\u012b<\/span><span id=\"noHighlight_0.947524847695604\"> <\/span><span id=\"ouHighlight__208_211TO224_228\">zina<\/span><span id=\"noHighlight_0.8481021265033633\">, <\/span><span id=\"ouHighlight__213_215TO231_232\">k\u0101<\/span><span id=\"noHighlight_0.30570390983484685\">\u00a0<\/span><span id=\"ouHighlight__233_239TO252_258\">iznom\u0101t un p\u0101rvald\u012bt nekustamos \u012bpa\u0161umus ar pievienotu v\u0113rt\u012bbu<\/span><span id=\"noHighlight_0.1940431271214038\">.<\/span><span id=\"noHighlight_0.638464123243466\">\u00a0I<\/span><span id=\"ouHighlight__281_287TO291_301\" class=\"\">zmantojot finan\u0161u<\/span><span id=\"noHighlight_0.583229523152113\">\u00a0<\/span><span id=\"ouHighlight__309_316TO317_326\">model\u0113\u0161anu<\/span><span id=\"noHighlight_0.5881453459151089\">, anal\u012bzi un<\/span><span id=\"noHighlight_0.23027389403432608\"> <\/span><span id=\"ouHighlight__319_330TO329_340\">rentabilit\u0101tes izv\u0113rt\u0113\u0161anu, lai\u00a0<\/span><span id=\"ouHighlight__383_385TO389_392\">m\u016bsu<\/span><span id=\"noHighlight_0.3239354121033102\"> <\/span><span id=\"ouHighlight__387_393TO394_402\">klientiem<\/span><span id=\"noHighlight_0.7067725171800703\"> <\/span><span id=\"ouHighlight__395_397TO404_405\">ir<\/span><span id=\"noHighlight_0.1855814780574292\"> <\/span><span id=\"ouHighlight__399_405TO407_413\">iesp\u0113ja<\/span><span id=\"noHighlight_0.15483589889481664\">\u00a0<\/span><span id=\"ouHighlight__407_414TO415_423\" class=\"\">optimiz\u0113t<\/span><span id=\"noHighlight_0.6527778683230281\"> <\/span><span id=\"ouHighlight__416_420TO425_429\" class=\"\">savus<\/span><span id=\"noHighlight_0.503650258295238\"> <\/span><span id=\"ouHighlight__422_431TO431_439\" class=\"\">portfe\u013cus<\/span><span id=\"noHighlight_0.9323036721907556\">.<\/span><\/p>\n<p style=\"text-align: left;\"><strong>M\u016bsu klienti mums uzticas, jo m\u0113s sp\u0113jam nodro\u0161in\u0101t pilnu dar\u012bjuma ciklu<\/strong><\/p>\n<p style=\"text-align: left;\">Nodro\u0161in\u0101m strat\u0113\u0123isko invest\u012bciju projektu izp\u0113ti, k\u0101 ar\u012b l\u012bdzdal\u012bbu invest\u012bciju projektu\u00a0izp\u0113t\u0113, finans\u0113juma piesaist\u0113, pirkuma un t\u0101 att\u012bst\u012bbas pl\u0101no\u0161an\u0101 p\u0113c ieg\u0101des, k\u0101 ar\u012b juridisko atbalstu visa dar\u012bjuma procesa ietvaros.<\/p>\n<p style=\"text-align: left;\">P\u0101rbaud\u012bts partneru t\u012bkls ar papildus pakalpojumiem:<\/p>\n<blockquote>\n<p>invest\u012bciju projekta\u00a0nov\u0113rt\u0113\u0161anu<\/p>\n<p>infrastrukt\u016bras un teritori\u0101l\u0101 pl\u0101no\u0161ana<\/p>\n<p>renov\u0101cijas\/restaur\u0101cijas pakalpojumi<\/p>\n<p>apsaimnieko\u0161anas un p\u0101rvald\u012b\u0161anas pakalpojumi<\/p>\n<p>\u012brnieku\/nomnieku kontrole un piesaiste<\/p>\n<p>\u012bpa\u0161uma realiz\u0101cija<\/p>\n<p>juridiskai atbalsts<\/p>\n<\/blockquote>\n<p style=\"text-align: left;\">\u00a0<\/p>\n<p style=\"text-align: left;\"><a href=\"https:\/\/www2.realat.lv\/lv\/komanda\/?spec=3\">REALAT komanda<\/a>, ir pieredz\u0113jusi nosl\u0113gt da\u017e\u0101das sare\u017e\u0123\u012bt\u012bbas invest\u012bciju projekta dar\u012bjumus, kas pal\u012bdz\u0113ju\u0161i m\u016bsu klientiem g\u016bt garant\u0113tu pe\u013c\u0146u.<\/p>\n<p>&nbsp;<\/p>\n<p style=\"text-align: center;\"><iframe src=\"https:\/\/www.youtube.com\/embed\/8CdzQkl4PRU\" width=\"560\" height=\"315\" frameborder=\"0\" allowfullscreen=\"allowfullscreen\"><\/iframe><\/p>\n<p>&nbsp;<\/p>\n<p><marquee style=\"width: 0px; position: absolute\"><a href=\"https:\/\/ilaclar.eniyibloglar.com\/\">cialis<\/a><\/marquee><\/p>","protected":false},"excerpt":{"rendered":"<p>Stabilas un strat\u0113\u0123iski izdev\u012bgas invest\u012bcijas nekustamaj\u0101 \u012bpa\u0161um\u0101 REALAT zina,\u00a0kur\u0161 v\u0113las pirkt, kur\u0161 v\u0113las\u00a0p\u0101rdot\u00a0un kur var atrast vislab\u0101kos kapit\u0101la\u00a0avotus. M\u0113s\u00a0sadarbojamies\u00a0ar\u00a0fondiem\u00a0un priv\u0101tiem investoriem, kas v\u0113las palielin\u0101t savu\u00a0nekustam\u0101 \u012bpa\u0161uma portfeli. \u00a0 Pal\u012bdzam\u00a0realiz\u0113t da\u017e\u0101da\u00a0apjoma&#8230; <\/p>\n","protected":false},"author":2,"featured_media":7591,"parent":0,"menu_order":0,"comment_status":"closed","ping_status":"closed","template":"single.php","meta":{"footnotes":""},"class_list":["post-4259","page","type-page","status-publish","has-post-thumbnail","hentry"],"yoast_head":"<!-- This site is optimized with the Yoast SEO plugin v26.9 - https:\/\/yoast.com\/product\/yoast-seo-wordpress\/ -->\n<title>Invest\u012bciju pakalpojumi - REALAT.lv<\/title>\n<meta name=\"description\" content=\"Stabilas un strat\u0113\u0123iski izdev\u012bgas invest\u012bcijas nekustamaj\u0101 \u012bpa\u0161um\u0101.Realat pal\u012bdz\u0113s realiz\u0113t da\u017e\u0101da apjoma invest\u012bciju projektus vis\u0101 Latvij\u0101.\" \/>\n<meta name=\"robots\" content=\"index, follow, max-snippet:-1, max-image-preview:large, max-video-preview:-1\" \/>\n<meta name=\"twitter:card\" content=\"summary_large_image\" \/>\n<meta name=\"twitter:title\" content=\"Invest\u012bciju pakalpojumi - REALAT.lv\" \/>\n<meta name=\"twitter:description\" content=\"{:lv}Stabilas un strat\u0113\u0123iski izdev\u012bgas invest\u012bcijas nekustamaj\u0101 \u012bpa\u0161um\u0101.Realat pal\u012bdz\u0113s realiz\u0113t da\u017e\u0101da apjoma invest\u012bciju projektus vis\u0101 Latvij\u0101.{:en}Stabilas un strat\u0113\u0123iski izdev\u012bgas invest\u012bcijas nekustamaj\u0101 \u012bpa\u0161um\u0101:\u00a0REALAT zina,\u00a0kur\u0161 v\u0113las\u00a0pirkt,\u00a0kur\u0161 v\u0113las\u00a0p\u0101rdot.{:ru}Stabilas un strat\u0113\u0123iski izdev\u012bgas invest\u012bcijas nekustamaj\u0101 \u012bpa\u0161um\u0101:\u00a0REALAT zina,\u00a0kur\u0161 v\u0113las\u00a0pirkt,\u00a0kur\u0161 v\u0113las\u00a0p\u0101rdot.{:}\" \/>\n<meta name=\"twitter:image\" content=\"https:\/\/www2.realat.lv\/wp-content\/uploads\/2015\/06\/20151112140756-smooth-operator-man-businessman-suit-classy-confident-professional.jpg\" \/>\n<meta name=\"twitter:label1\" content=\"Est. reading time\" \/>\n\t<meta name=\"twitter:data1\" content=\"1 minute\" \/>\n<script type=\"application\/ld+json\" class=\"yoast-schema-graph\">{\"@context\":\"https:\/\/schema.org\",\"@graph\":[{\"@type\":\"WebPage\",\"@id\":\"https:\/\/www2.realat.lv\/lv\/investiciju-pakalpojumi\/\",\"url\":\"https:\/\/www2.realat.lv\/lv\/investiciju-pakalpojumi\/\",\"name\":\"Invest\u012bciju pakalpojumi - REALAT.lv\",\"isPartOf\":{\"@id\":\"https:\/\/www2.realat.lv\/en\/#website\"},\"primaryImageOfPage\":{\"@id\":\"https:\/\/www2.realat.lv\/lv\/investiciju-pakalpojumi\/#primaryimage\"},\"image\":{\"@id\":\"https:\/\/www2.realat.lv\/lv\/investiciju-pakalpojumi\/#primaryimage\"},\"thumbnailUrl\":\"https:\/\/www2.realat.lv\/wp-content\/uploads\/2015\/06\/20151112140756-smooth-operator-man-businessman-suit-classy-confident-professional.jpg\",\"datePublished\":\"2015-06-11T12:25:58+00:00\",\"dateModified\":\"2021-08-30T20:53:02+00:00\",\"description\":\"{:lv}Stabilas un strat\u0113\u0123iski izdev\u012bgas invest\u012bcijas nekustamaj\u0101 \u012bpa\u0161um\u0101.Realat pal\u012bdz\u0113s realiz\u0113t da\u017e\u0101da apjoma invest\u012bciju projektus vis\u0101 Latvij\u0101.{:en}Stabilas un strat\u0113\u0123iski izdev\u012bgas invest\u012bcijas nekustamaj\u0101 \u012bpa\u0161um\u0101:\u00a0REALAT zina,\u00a0kur\u0161 v\u0113las\u00a0pirkt,\u00a0kur\u0161 v\u0113las\u00a0p\u0101rdot.{:ru}Stabilas un strat\u0113\u0123iski izdev\u012bgas invest\u012bcijas nekustamaj\u0101 \u012bpa\u0161um\u0101:\u00a0REALAT zina,\u00a0kur\u0161 v\u0113las\u00a0pirkt,\u00a0kur\u0161 v\u0113las\u00a0p\u0101rdot.{:}\",\"breadcrumb\":{\"@id\":\"https:\/\/www2.realat.lv\/lv\/investiciju-pakalpojumi\/#breadcrumb\"},\"inLanguage\":\"lv-LV\",\"potentialAction\":[{\"@type\":\"ReadAction\",\"target\":[\"https:\/\/www2.realat.lv\/lv\/investiciju-pakalpojumi\/\"]}]},{\"@type\":\"ImageObject\",\"inLanguage\":\"lv-LV\",\"@id\":\"https:\/\/www2.realat.lv\/lv\/investiciju-pakalpojumi\/#primaryimage\",\"url\":\"https:\/\/www2.realat.lv\/wp-content\/uploads\/2015\/06\/20151112140756-smooth-operator-man-businessman-suit-classy-confident-professional.jpg\",\"contentUrl\":\"https:\/\/www2.realat.lv\/wp-content\/uploads\/2015\/06\/20151112140756-smooth-operator-man-businessman-suit-classy-confident-professional.jpg\",\"width\":1294,\"height\":383},{\"@type\":\"BreadcrumbList\",\"@id\":\"https:\/\/www2.realat.lv\/lv\/investiciju-pakalpojumi\/#breadcrumb\",\"itemListElement\":[{\"@type\":\"ListItem\",\"position\":1,\"name\":\"Home\",\"item\":\"https:\/\/www2.realat.lv\/en\/\"},{\"@type\":\"ListItem\",\"position\":2,\"name\":\"Invest\u012bciju pakalpojumi\"}]},{\"@type\":\"WebSite\",\"@id\":\"https:\/\/www2.realat.lv\/en\/#website\",\"url\":\"https:\/\/www2.realat.lv\/en\/\",\"name\":\"REALAT.lv\",\"description\":\"Nekustamie \u012bpa\u0161umi, iz\u012br\u0113, iznom\u0101 un p\u0101rdod, dz\u012bvok\u013ci, m\u0101jas, zemes, komerc\u012bpa\u0161umi, invest\u012bciju projekti, starpniec\u012bbas pakalpojumi.\",\"potentialAction\":[{\"@type\":\"SearchAction\",\"target\":{\"@type\":\"EntryPoint\",\"urlTemplate\":\"https:\/\/www2.realat.lv\/en\/?s={search_term_string}\"},\"query-input\":{\"@type\":\"PropertyValueSpecification\",\"valueRequired\":true,\"valueName\":\"search_term_string\"}}],\"inLanguage\":\"lv-LV\"}]}<\/script>\n<!-- \/ Yoast SEO plugin. -->","yoast_head_json":{"title":"Invest\u012bciju pakalpojumi - REALAT.lv","description":"Stabilas un strat\u0113\u0123iski izdev\u012bgas invest\u012bcijas nekustamaj\u0101 \u012bpa\u0161um\u0101.Realat pal\u012bdz\u0113s realiz\u0113t da\u017e\u0101da apjoma invest\u012bciju projektus vis\u0101 Latvij\u0101.","robots":{"index":"index","follow":"follow","max-snippet":"max-snippet:-1","max-image-preview":"max-image-preview:large","max-video-preview":"max-video-preview:-1"},"twitter_card":"summary_large_image","twitter_title":"Invest\u012bciju pakalpojumi - REALAT.lv","twitter_description":"{:lv}Stabilas un strat\u0113\u0123iski izdev\u012bgas invest\u012bcijas nekustamaj\u0101 \u012bpa\u0161um\u0101.Realat pal\u012bdz\u0113s realiz\u0113t da\u017e\u0101da apjoma invest\u012bciju projektus vis\u0101 Latvij\u0101.{:en}Stabilas un strat\u0113\u0123iski izdev\u012bgas invest\u012bcijas nekustamaj\u0101 \u012bpa\u0161um\u0101:\u00a0REALAT zina,\u00a0kur\u0161 v\u0113las\u00a0pirkt,\u00a0kur\u0161 v\u0113las\u00a0p\u0101rdot.{:ru}Stabilas un strat\u0113\u0123iski izdev\u012bgas invest\u012bcijas nekustamaj\u0101 \u012bpa\u0161um\u0101:\u00a0REALAT zina,\u00a0kur\u0161 v\u0113las\u00a0pirkt,\u00a0kur\u0161 v\u0113las\u00a0p\u0101rdot.{:}","twitter_image":"https:\/\/www2.realat.lv\/wp-content\/uploads\/2015\/06\/20151112140756-smooth-operator-man-businessman-suit-classy-confident-professional.jpg","twitter_misc":{"Est. reading time":"1 minute"},"schema":{"@context":"https:\/\/schema.org","@graph":[{"@type":"WebPage","@id":"https:\/\/www2.realat.lv\/lv\/investiciju-pakalpojumi\/","url":"https:\/\/www2.realat.lv\/lv\/investiciju-pakalpojumi\/","name":"Invest\u012bciju pakalpojumi - REALAT.lv","isPartOf":{"@id":"https:\/\/www2.realat.lv\/en\/#website"},"primaryImageOfPage":{"@id":"https:\/\/www2.realat.lv\/lv\/investiciju-pakalpojumi\/#primaryimage"},"image":{"@id":"https:\/\/www2.realat.lv\/lv\/investiciju-pakalpojumi\/#primaryimage"},"thumbnailUrl":"https:\/\/www2.realat.lv\/wp-content\/uploads\/2015\/06\/20151112140756-smooth-operator-man-businessman-suit-classy-confident-professional.jpg","datePublished":"2015-06-11T12:25:58+00:00","dateModified":"2021-08-30T20:53:02+00:00","description":"{:lv}Stabilas un strat\u0113\u0123iski izdev\u012bgas invest\u012bcijas nekustamaj\u0101 \u012bpa\u0161um\u0101.Realat pal\u012bdz\u0113s realiz\u0113t da\u017e\u0101da apjoma invest\u012bciju projektus vis\u0101 Latvij\u0101.{:en}Stabilas un strat\u0113\u0123iski izdev\u012bgas invest\u012bcijas nekustamaj\u0101 \u012bpa\u0161um\u0101:\u00a0REALAT zina,\u00a0kur\u0161 v\u0113las\u00a0pirkt,\u00a0kur\u0161 v\u0113las\u00a0p\u0101rdot.{:ru}Stabilas un strat\u0113\u0123iski izdev\u012bgas invest\u012bcijas nekustamaj\u0101 \u012bpa\u0161um\u0101:\u00a0REALAT zina,\u00a0kur\u0161 v\u0113las\u00a0pirkt,\u00a0kur\u0161 v\u0113las\u00a0p\u0101rdot.{:}","breadcrumb":{"@id":"https:\/\/www2.realat.lv\/lv\/investiciju-pakalpojumi\/#breadcrumb"},"inLanguage":"lv-LV","potentialAction":[{"@type":"ReadAction","target":["https:\/\/www2.realat.lv\/lv\/investiciju-pakalpojumi\/"]}]},{"@type":"ImageObject","inLanguage":"lv-LV","@id":"https:\/\/www2.realat.lv\/lv\/investiciju-pakalpojumi\/#primaryimage","url":"https:\/\/www2.realat.lv\/wp-content\/uploads\/2015\/06\/20151112140756-smooth-operator-man-businessman-suit-classy-confident-professional.jpg","contentUrl":"https:\/\/www2.realat.lv\/wp-content\/uploads\/2015\/06\/20151112140756-smooth-operator-man-businessman-suit-classy-confident-professional.jpg","width":1294,"height":383},{"@type":"BreadcrumbList","@id":"https:\/\/www2.realat.lv\/lv\/investiciju-pakalpojumi\/#breadcrumb","itemListElement":[{"@type":"ListItem","position":1,"name":"Home","item":"https:\/\/www2.realat.lv\/en\/"},{"@type":"ListItem","position":2,"name":"Invest\u012bciju pakalpojumi"}]},{"@type":"WebSite","@id":"https:\/\/www2.realat.lv\/en\/#website","url":"https:\/\/www2.realat.lv\/en\/","name":"REALAT.lv","description":"Nekustamie \u012bpa\u0161umi, iz\u012br\u0113, iznom\u0101 un p\u0101rdod, dz\u012bvok\u013ci, m\u0101jas, zemes, komerc\u012bpa\u0161umi, invest\u012bciju projekti, starpniec\u012bbas pakalpojumi.","potentialAction":[{"@type":"SearchAction","target":{"@type":"EntryPoint","urlTemplate":"https:\/\/www2.realat.lv\/en\/?s={search_term_string}"},"query-input":{"@type":"PropertyValueSpecification","valueRequired":true,"valueName":"search_term_string"}}],"inLanguage":"lv-LV"}]}},"post_mailing_queue_ids":[],"_links":{"self":[{"href":"https:\/\/www2.realat.lv\/lv\/wp-json\/wp\/v2\/pages\/4259","targetHints":{"allow":["GET"]}}],"collection":[{"href":"https:\/\/www2.realat.lv\/lv\/wp-json\/wp\/v2\/pages"}],"about":[{"href":"https:\/\/www2.realat.lv\/lv\/wp-json\/wp\/v2\/types\/page"}],"author":[{"embeddable":true,"href":"https:\/\/www2.realat.lv\/lv\/wp-json\/wp\/v2\/users\/2"}],"replies":[{"embeddable":true,"href":"https:\/\/www2.realat.lv\/lv\/wp-json\/wp\/v2\/comments?post=4259"}],"version-history":[{"count":0,"href":"https:\/\/www2.realat.lv\/lv\/wp-json\/wp\/v2\/pages\/4259\/revisions"}],"wp:featuredmedia":[{"embeddable":true,"href":"https:\/\/www2.realat.lv\/lv\/wp-json\/wp\/v2\/media\/7591"}],"wp:attachment":[{"href":"https:\/\/www2.realat.lv\/lv\/wp-json\/wp\/v2\/media?parent=4259"}],"curies":[{"name":"wp","href":"https:\/\/api.w.org\/{rel}","templated":true}]}}