{"id":4265,"date":"2015-06-11T12:29:04","date_gmt":"2015-06-11T12:29:04","guid":{"rendered":"http:\/\/lux.www2.realat.lv\/wordpress\/?page_id=4265"},"modified":"2020-03-03T11:01:58","modified_gmt":"2020-03-03T09:01:58","slug":"sazinies-ar-mums","status":"publish","type":"page","link":"https:\/\/www2.realat.lv\/lv\/sazinies-ar-mums\/","title":{"rendered":"Sazinies ar mums"},"content":{"rendered":"<p><\/p>\n<p style=\"text-align: center;\"><span style=\"font-weight: 400; font-size: 14pt;\">Veiksm\u012bga sadarb\u012bba s\u0101kas ar komunik\u0101ciju, m\u0113s esam viena zvana att\u0101lum\u0101.<\/span><\/p>\n<p style=\"text-align: center;\"><span style=\"font-size: 14pt;\">Mob. +371 2230 4489<\/span><\/p>\n<p style=\"text-align: center;\">\u00a0<\/p>\n<p><\/p>","protected":false},"excerpt":{"rendered":"<p>Veiksm\u012bga sadarb\u012bba s\u0101kas ar komunik\u0101ciju, m\u0113s esam viena zvana att\u0101lum\u0101. Mob. +371 2230 4489 \u00a0<\/p>\n","protected":false},"author":2,"featured_media":7437,"parent":0,"menu_order":0,"comment_status":"closed","ping_status":"closed","template":"sazinaties.php","meta":{"footnotes":""},"class_list":["post-4265","page","type-page","status-publish","has-post-thumbnail","hentry"],"yoast_head":"<!-- This site is optimized with the Yoast SEO plugin v26.9 - https:\/\/yoast.com\/product\/yoast-seo-wordpress\/ -->\n<title>Sazinies ar mums - REALAT..lv<\/title>\n<meta name=\"description\" content=\"Veiksm\u012bga sadarb\u012bba s\u0101kas ar komunik\u0101ciju, m\u0113s esam viena zvana att\u0101lum\u0101. T\u0101lr. +371 6766 3499; \u00a0 Mob. +371 2230 4489. Vai ar\u012b rakstiet - info@www2.realat.lv\" \/>\n<meta name=\"robots\" content=\"index, follow, max-snippet:-1, max-image-preview:large, max-video-preview:-1\" \/>\n<meta name=\"twitter:card\" content=\"summary_large_image\" \/>\n<meta name=\"twitter:title\" content=\"Sazinies ar mums - REALAT..lv\" \/>\n<meta name=\"twitter:description\" content=\"Veiksm\u012bga sadarb\u012bba s\u0101kas ar komunik\u0101ciju, m\u0113s esam viena zvana att\u0101lum\u0101. T\u0101lr. +371 6766 3499; \u00a0 Mob. +371 2230 4489. Vai ar\u012b rakstiet - info@www2.realat.lv\" \/>\n<meta name=\"twitter:image\" content=\"https:\/\/www2.realat.lv\/wp-content\/uploads\/2015\/06\/contact-us.jpg\" \/>\n<script type=\"application\/ld+json\" class=\"yoast-schema-graph\">{\"@context\":\"https:\/\/schema.org\",\"@graph\":[{\"@type\":\"WebPage\",\"@id\":\"https:\/\/www2.realat.lv\/lv\/sazinies-ar-mums\/\",\"url\":\"https:\/\/www2.realat.lv\/lv\/sazinies-ar-mums\/\",\"name\":\"Sazinies ar mums - REALAT..lv\",\"isPartOf\":{\"@id\":\"https:\/\/www2.realat.lv\/en\/#website\"},\"primaryImageOfPage\":{\"@id\":\"https:\/\/www2.realat.lv\/lv\/sazinies-ar-mums\/#primaryimage\"},\"image\":{\"@id\":\"https:\/\/www2.realat.lv\/lv\/sazinies-ar-mums\/#primaryimage\"},\"thumbnailUrl\":\"https:\/\/www2.realat.lv\/wp-content\/uploads\/2015\/06\/contact-us.jpg\",\"datePublished\":\"2015-06-11T12:29:04+00:00\",\"dateModified\":\"2020-03-03T09:01:58+00:00\",\"description\":\"Veiksm\u012bga sadarb\u012bba s\u0101kas ar komunik\u0101ciju, m\u0113s esam viena zvana att\u0101lum\u0101. T\u0101lr. +371 6766 3499; \u00a0 Mob. +371 2230 4489. Vai ar\u012b rakstiet - info@www2.realat.lv\",\"breadcrumb\":{\"@id\":\"https:\/\/www2.realat.lv\/lv\/sazinies-ar-mums\/#breadcrumb\"},\"inLanguage\":\"lv-LV\",\"potentialAction\":[{\"@type\":\"ReadAction\",\"target\":[\"https:\/\/www2.realat.lv\/lv\/sazinies-ar-mums\/\"]}]},{\"@type\":\"ImageObject\",\"inLanguage\":\"lv-LV\",\"@id\":\"https:\/\/www2.realat.lv\/lv\/sazinies-ar-mums\/#primaryimage\",\"url\":\"https:\/\/www2.realat.lv\/wp-content\/uploads\/2015\/06\/contact-us.jpg\",\"contentUrl\":\"https:\/\/www2.realat.lv\/wp-content\/uploads\/2015\/06\/contact-us.jpg\",\"width\":1170,\"height\":310},{\"@type\":\"BreadcrumbList\",\"@id\":\"https:\/\/www2.realat.lv\/lv\/sazinies-ar-mums\/#breadcrumb\",\"itemListElement\":[{\"@type\":\"ListItem\",\"position\":1,\"name\":\"Home\",\"item\":\"https:\/\/www2.realat.lv\/en\/\"},{\"@type\":\"ListItem\",\"position\":2,\"name\":\"Sazinies ar mums\"}]},{\"@type\":\"WebSite\",\"@id\":\"https:\/\/www2.realat.lv\/en\/#website\",\"url\":\"https:\/\/www2.realat.lv\/en\/\",\"name\":\"REALAT.lv\",\"description\":\"Nekustamie \u012bpa\u0161umi, iz\u012br\u0113, iznom\u0101 un p\u0101rdod, dz\u012bvok\u013ci, m\u0101jas, zemes, komerc\u012bpa\u0161umi, invest\u012bciju projekti, starpniec\u012bbas pakalpojumi.\",\"potentialAction\":[{\"@type\":\"SearchAction\",\"target\":{\"@type\":\"EntryPoint\",\"urlTemplate\":\"https:\/\/www2.realat.lv\/en\/?s={search_term_string}\"},\"query-input\":{\"@type\":\"PropertyValueSpecification\",\"valueRequired\":true,\"valueName\":\"search_term_string\"}}],\"inLanguage\":\"lv-LV\"}]}<\/script>\n<!-- \/ Yoast SEO plugin. -->","yoast_head_json":{"title":"Sazinies ar mums - REALAT..lv","description":"Veiksm\u012bga sadarb\u012bba s\u0101kas ar komunik\u0101ciju, m\u0113s esam viena zvana att\u0101lum\u0101. T\u0101lr. +371 6766 3499; \u00a0 Mob. +371 2230 4489. Vai ar\u012b rakstiet - info@www2.realat.lv","robots":{"index":"index","follow":"follow","max-snippet":"max-snippet:-1","max-image-preview":"max-image-preview:large","max-video-preview":"max-video-preview:-1"},"twitter_card":"summary_large_image","twitter_title":"Sazinies ar mums - REALAT..lv","twitter_description":"Veiksm\u012bga sadarb\u012bba s\u0101kas ar komunik\u0101ciju, m\u0113s esam viena zvana att\u0101lum\u0101. T\u0101lr. +371 6766 3499; \u00a0 Mob. +371 2230 4489. Vai ar\u012b rakstiet - info@www2.realat.lv","twitter_image":"https:\/\/www2.realat.lv\/wp-content\/uploads\/2015\/06\/contact-us.jpg","schema":{"@context":"https:\/\/schema.org","@graph":[{"@type":"WebPage","@id":"https:\/\/www2.realat.lv\/lv\/sazinies-ar-mums\/","url":"https:\/\/www2.realat.lv\/lv\/sazinies-ar-mums\/","name":"Sazinies ar mums - REALAT..lv","isPartOf":{"@id":"https:\/\/www2.realat.lv\/en\/#website"},"primaryImageOfPage":{"@id":"https:\/\/www2.realat.lv\/lv\/sazinies-ar-mums\/#primaryimage"},"image":{"@id":"https:\/\/www2.realat.lv\/lv\/sazinies-ar-mums\/#primaryimage"},"thumbnailUrl":"https:\/\/www2.realat.lv\/wp-content\/uploads\/2015\/06\/contact-us.jpg","datePublished":"2015-06-11T12:29:04+00:00","dateModified":"2020-03-03T09:01:58+00:00","description":"Veiksm\u012bga sadarb\u012bba s\u0101kas ar komunik\u0101ciju, m\u0113s esam viena zvana att\u0101lum\u0101. T\u0101lr. +371 6766 3499; \u00a0 Mob. +371 2230 4489. Vai ar\u012b rakstiet - info@www2.realat.lv","breadcrumb":{"@id":"https:\/\/www2.realat.lv\/lv\/sazinies-ar-mums\/#breadcrumb"},"inLanguage":"lv-LV","potentialAction":[{"@type":"ReadAction","target":["https:\/\/www2.realat.lv\/lv\/sazinies-ar-mums\/"]}]},{"@type":"ImageObject","inLanguage":"lv-LV","@id":"https:\/\/www2.realat.lv\/lv\/sazinies-ar-mums\/#primaryimage","url":"https:\/\/www2.realat.lv\/wp-content\/uploads\/2015\/06\/contact-us.jpg","contentUrl":"https:\/\/www2.realat.lv\/wp-content\/uploads\/2015\/06\/contact-us.jpg","width":1170,"height":310},{"@type":"BreadcrumbList","@id":"https:\/\/www2.realat.lv\/lv\/sazinies-ar-mums\/#breadcrumb","itemListElement":[{"@type":"ListItem","position":1,"name":"Home","item":"https:\/\/www2.realat.lv\/en\/"},{"@type":"ListItem","position":2,"name":"Sazinies ar mums"}]},{"@type":"WebSite","@id":"https:\/\/www2.realat.lv\/en\/#website","url":"https:\/\/www2.realat.lv\/en\/","name":"REALAT.lv","description":"Nekustamie \u012bpa\u0161umi, iz\u012br\u0113, iznom\u0101 un p\u0101rdod, dz\u012bvok\u013ci, m\u0101jas, zemes, komerc\u012bpa\u0161umi, invest\u012bciju projekti, starpniec\u012bbas pakalpojumi.","potentialAction":[{"@type":"SearchAction","target":{"@type":"EntryPoint","urlTemplate":"https:\/\/www2.realat.lv\/en\/?s={search_term_string}"},"query-input":{"@type":"PropertyValueSpecification","valueRequired":true,"valueName":"search_term_string"}}],"inLanguage":"lv-LV"}]}},"post_mailing_queue_ids":[],"_links":{"self":[{"href":"https:\/\/www2.realat.lv\/lv\/wp-json\/wp\/v2\/pages\/4265","targetHints":{"allow":["GET"]}}],"collection":[{"href":"https:\/\/www2.realat.lv\/lv\/wp-json\/wp\/v2\/pages"}],"about":[{"href":"https:\/\/www2.realat.lv\/lv\/wp-json\/wp\/v2\/types\/page"}],"author":[{"embeddable":true,"href":"https:\/\/www2.realat.lv\/lv\/wp-json\/wp\/v2\/users\/2"}],"replies":[{"embeddable":true,"href":"https:\/\/www2.realat.lv\/lv\/wp-json\/wp\/v2\/comments?post=4265"}],"version-history":[{"count":0,"href":"https:\/\/www2.realat.lv\/lv\/wp-json\/wp\/v2\/pages\/4265\/revisions"}],"wp:featuredmedia":[{"embeddable":true,"href":"https:\/\/www2.realat.lv\/lv\/wp-json\/wp\/v2\/media\/7437"}],"wp:attachment":[{"href":"https:\/\/www2.realat.lv\/lv\/wp-json\/wp\/v2\/media?parent=4265"}],"curies":[{"name":"wp","href":"https:\/\/api.w.org\/{rel}","templated":true}]}}