{"id":4269,"date":"2015-06-11T12:29:36","date_gmt":"2015-06-11T12:29:36","guid":{"rendered":"http:\/\/lux.www2.realat.lv\/wordpress\/?page_id=4269"},"modified":"2021-08-02T12:26:38","modified_gmt":"2021-08-02T10:26:38","slug":"ipasuma-pardosana","status":"publish","type":"page","link":"https:\/\/www2.realat.lv\/lv\/dzivojamo-platibu-starpnieciba\/","title":{"rendered":"Dz\u012bvojamo plat\u012bbu starpniec\u012bba"},"content":{"rendered":"<p><\/p>\n<p>\u0160odien pats svar\u012bg\u0101kais faktors veiksm\u012bga biznesa, sadarb\u012bbas vai komunik\u0101cijas uzs\u0101k\u0161anai ir uztic\u0113\u0161an\u0101s. T\u0101, p\u0113c cilv\u0113ka b\u016bt\u012bbas, ir noz\u012bm\u012bg\u0101k\u0101 jebkura dar\u012bjuma sast\u0101vda\u013ca. Ja neizprotam kaut k\u0101das lietas l\u012bdz galam, m\u0113s autom\u0101tiski pak\u013caujam sevi riskam spert k\u0101du soli piln\u012bgi sve\u0161\u0101 un nedro\u0161\u0101 virzien\u0101.<\/p>\n<p>Apzin\u0101mies, ka ar vienu pareizi pateiktu v\u0101rdu vai skaistu smaidu nepietiks, lai cilv\u0113ks uztic\u0113tos.<\/p>\n<p>Ska\u013c\u0101k par v\u0101rdiem run\u0101 cilv\u0113ka darbi. Vair\u0101ku gadu garum\u0101, intens\u012bva darba rezult\u0101t\u0101 esam iemantojo\u0161i neskait\u0101mu apmierin\u0101tu klientu atzin\u012bbu un t\u0101tad ar\u012b uztic\u0113\u0161anos k\u0101 stabilam un profesion\u0101lam partnerim \u012bpa\u0161umu realiz\u0101cij\u0101 un ieg\u0101d\u0113.<\/p>\n<blockquote>\n<p><span style=\"font-size: 14pt; color: #000000;\"><a style=\"color: #000000;\" href=\"http:\/\/www2.realat.lv\/lv\/klientu-atsauksmes\/\" target=\"_blank\" rel=\"noopener\">Apskati m\u016bsu klientu atsauksmes<\/a><\/span><\/p>\n<\/blockquote>\n<p>Ja Jums ir svar\u012bgs laiks un dar\u012bjuma dro\u0161\u012bba, tad b\u016bsim pagodin\u0101ti attaisnot uz sevi likt\u0101s cer\u012bbas par visiem 100%.<\/p>\n<p>&nbsp;<\/p>\n<p><span style=\"font-size: 14pt;\">REALAT garant\u0113:<\/span><\/p>\n<blockquote>\n<p><span style=\"color: #000000;\">Konfidencialit\u0101ti, precizit\u0101ti un kompetenci dar\u012bjumos;<\/span><\/p>\n<p><span style=\"color: #000000;\">Pla\u0161u klientu datub\u0101zi ar vair\u0101k, k\u0101 1000 potenci\u0101liem pirc\u0113jiem\/nomniekiem\/investoriem \u2013 75% Rezidenti un 25% Nerezidenti;<\/span><\/p>\n<p><span style=\"color: #000000;\">Savlaic\u012bgu inform\u0101ciju par dar\u012bjuma norisi un t\u0101s strukt\u016bru;<\/span><\/p>\n<p><span style=\"color: #000000;\">Profesion\u0101lu konsultantu ieteikumus un padomus neskaidros jaut\u0101jumos;<\/span><\/p>\n<\/blockquote>\n<p>&nbsp;<\/p>\n<p>M\u0113s b\u016bsim pateic\u012bgi, ja J\u016bsu pirm\u0101 izv\u0113le \u012bpa\u0161uma p\u0101rdo\u0161an\u0101\/iz\u012br\u0113\u0161an\u0101 b\u016bs REALAT.<\/p>\n<p>Uztici mums savu \u012bpa\u0161umu, un m\u0113s garant\u0113sim Jums lab\u0101ko rezult\u0101tu.<\/p>\n<p>Lai ieg\u016btu pla\u0161\u0101ku inform\u0101ciju, <span style=\"color: #000000;\"><strong><a style=\"color: #000000;\" href=\"http:\/\/www2.realat.lv\/lv\/karjera\/\" target=\"_blank\" rel=\"noopener\">sazinieties ar m\u016bsu a\u0123entiem<\/a>.<\/strong><\/span><\/p>\n<p dir=\"ltr\">\u00a0<\/p>\n<p dir=\"ltr\">\u00a0<div class=\"agent-block\" style=\"width:100%;position:relative;\"><div class=\"center-block\"><h2 class=\"center osLight pt20\" style=\"color:#9D9FA2;font-size:30px;\">Izv\u0113lies savu A\u0123entu<\/h2><div class=\"underline\"><img decoding=\"async\" src=\"https:\/\/www.www2.realat.lv\/wp-content\/themes\/realeswp\/images\/line.png\"\/><\/div><div class=\"row\" style=\"width:100%\"><div id=\"home-agents\" class=\"carousel slide carousel-wb\" ><div class=\"carousel-inner\"><div class=\"item active\"><div class=\"agent\"><div class=\"agent-avat col-md-6 col-lg-6 col-sm-12 col-xs-12 hidden-xs\"><div class=\"agent-mind\"><img decoding=\"async\" class=\"lazy2\" src=\"\" data-src=\"https:\/\/www.www2.realat.lv\/wp-content\/themes\/realeswp\/images\/agent_mind.png\"\/><\/div><div class=\"agent-pencil\"><\/div><a href=\"https:\/\/www2.realat.lv\/lv\/agents\/uldis\/\" ><img decoding=\"async\"  class=\"lazy\" src=\"\" data-src=\"https:\/\/img.realat.lv\/users\/wp_team_1767888645465.jpg\"  style=\"padding-left:10px;width:441px;height:auto;display: block;\"  alt=\"Reg\u012bna Janberga\"\/><\/a><\/div><div class=\"agent-info col-md-6 col-lg-6 col-sm-12 col-xs-12\"><div class=\"agent-name\">Reg\u012bna Janberga<\/div><div class=\"agent-about\">Dz\u012bvojamo plat\u012bbu konsultante<\/div><div class=\"agent-contact\"><div>T\u0101lr.: (+371) 67210010<\/div><div>Mob.: (+371) 20377735<\/div><div>E-pasts: regina@www2.realat.lv<\/div><\/div><a class=\"btn btn-default morebutton\" href=\"https:\/\/www2.realat.lv\/lv\/agents\/uldis\/\" role=\"button\">Iepaz\u012bties vair\u0101k<\/a><\/div><\/div><\/div><\/div><\/div><\/div><\/div><\/div><\/p>\n<p><\/p>","protected":false},"excerpt":{"rendered":"<p>\u0160odien pats svar\u012bg\u0101kais faktors veiksm\u012bga biznesa, sadarb\u012bbas vai komunik\u0101cijas uzs\u0101k\u0161anai ir uztic\u0113\u0161an\u0101s. T\u0101, p\u0113c cilv\u0113ka b\u016bt\u012bbas, ir noz\u012bm\u012bg\u0101k\u0101 jebkura dar\u012bjuma sast\u0101vda\u013ca. Ja neizprotam kaut k\u0101das lietas l\u012bdz galam, m\u0113s autom\u0101tiski&#8230; <\/p>\n","protected":false},"author":2,"featured_media":1373993,"parent":0,"menu_order":0,"comment_status":"closed","ping_status":"open","template":"single.php","meta":{"footnotes":""},"class_list":["post-4269","page","type-page","status-publish","has-post-thumbnail","hentry"],"yoast_head":"<!-- This site is optimized with the Yoast SEO plugin v26.9 - https:\/\/yoast.com\/product\/yoast-seo-wordpress\/ -->\n<title>Dz\u012bvojamo plat\u012bbu starpniec\u012bba - REALAT.lv<\/title>\n<meta name=\"description\" content=\"\u0160odien pats svar\u012bg\u0101kais faktors veiksm\u012bga biznesa, sadarb\u012bbas vai komunik\u0101cijas uzs\u0101k\u0161anai ir uztic\u0113\u0161an\u0101s. T\u0101, p\u0113c cilv\u0113ka b\u016bt\u012bbas, ir noz\u012bm\u012bg\u0101k\u0101 jebkura dar\u012bjuma sast\u0101vda\u013ca. Ja neizprotam kaut k\u0101das lietas l\u012bdz galam, m\u0113s autom\u0101tiski pak\u013caujam sevi riskam spert k\u0101du soli piln\u012bgi sve\u0161\u0101 un nedro\u0161\u0101 virzien\u0101.\" \/>\n<meta name=\"robots\" content=\"index, follow, max-snippet:-1, max-image-preview:large, max-video-preview:-1\" \/>\n<meta name=\"twitter:card\" content=\"summary_large_image\" \/>\n<meta name=\"twitter:title\" content=\"Dz\u012bvojamo plat\u012bbu starpniec\u012bba - REALAT.lv\" \/>\n<meta name=\"twitter:description\" content=\"\u0160odien pats svar\u012bg\u0101kais faktors veiksm\u012bga biznesa, sadarb\u012bbas vai komunik\u0101cijas uzs\u0101k\u0161anai ir uztic\u0113\u0161an\u0101s. T\u0101, p\u0113c cilv\u0113ka b\u016bt\u012bbas, ir noz\u012bm\u012bg\u0101k\u0101 jebkura dar\u012bjuma sast\u0101vda\u013ca. Ja neizprotam kaut k\u0101das lietas l\u012bdz galam, m\u0113s autom\u0101tiski pak\u013caujam sevi riskam spert k\u0101du soli piln\u012bgi sve\u0161\u0101 un nedro\u0161\u0101 virzien\u0101.\" \/>\n<meta name=\"twitter:image\" content=\"https:\/\/www2.realat.lv\/wp-content\/uploads\/2015\/06\/minimalist-low-profile-furniture.jpg\" \/>\n<meta name=\"twitter:label1\" content=\"Est. reading time\" \/>\n\t<meta name=\"twitter:data1\" content=\"1 minute\" \/>\n<script type=\"application\/ld+json\" class=\"yoast-schema-graph\">{\"@context\":\"https:\/\/schema.org\",\"@graph\":[{\"@type\":\"WebPage\",\"@id\":\"https:\/\/www2.realat.lv\/en\/residential-brokerage\/\",\"url\":\"https:\/\/www2.realat.lv\/en\/residential-brokerage\/\",\"name\":\"Dz\u012bvojamo plat\u012bbu starpniec\u012bba - REALAT.lv\",\"isPartOf\":{\"@id\":\"https:\/\/www2.realat.lv\/en\/#website\"},\"primaryImageOfPage\":{\"@id\":\"https:\/\/www2.realat.lv\/en\/residential-brokerage\/#primaryimage\"},\"image\":{\"@id\":\"https:\/\/www2.realat.lv\/en\/residential-brokerage\/#primaryimage\"},\"thumbnailUrl\":\"https:\/\/www2.realat.lv\/wp-content\/uploads\/2015\/06\/minimalist-low-profile-furniture.jpg\",\"datePublished\":\"2015-06-11T12:29:36+00:00\",\"dateModified\":\"2021-08-02T10:26:38+00:00\",\"description\":\"\u0160odien pats svar\u012bg\u0101kais faktors veiksm\u012bga biznesa, sadarb\u012bbas vai komunik\u0101cijas uzs\u0101k\u0161anai ir uztic\u0113\u0161an\u0101s. T\u0101, p\u0113c cilv\u0113ka b\u016bt\u012bbas, ir noz\u012bm\u012bg\u0101k\u0101 jebkura dar\u012bjuma sast\u0101vda\u013ca. Ja neizprotam kaut k\u0101das lietas l\u012bdz galam, m\u0113s autom\u0101tiski pak\u013caujam sevi riskam spert k\u0101du soli piln\u012bgi sve\u0161\u0101 un nedro\u0161\u0101 virzien\u0101.\",\"breadcrumb\":{\"@id\":\"https:\/\/www2.realat.lv\/en\/residential-brokerage\/#breadcrumb\"},\"inLanguage\":\"lv-LV\",\"potentialAction\":[{\"@type\":\"ReadAction\",\"target\":[\"https:\/\/www2.realat.lv\/en\/residential-brokerage\/\"]}]},{\"@type\":\"ImageObject\",\"inLanguage\":\"lv-LV\",\"@id\":\"https:\/\/www2.realat.lv\/en\/residential-brokerage\/#primaryimage\",\"url\":\"https:\/\/www2.realat.lv\/wp-content\/uploads\/2015\/06\/minimalist-low-profile-furniture.jpg\",\"contentUrl\":\"https:\/\/www2.realat.lv\/wp-content\/uploads\/2015\/06\/minimalist-low-profile-furniture.jpg\",\"width\":1200,\"height\":676},{\"@type\":\"BreadcrumbList\",\"@id\":\"https:\/\/www2.realat.lv\/en\/residential-brokerage\/#breadcrumb\",\"itemListElement\":[{\"@type\":\"ListItem\",\"position\":1,\"name\":\"Home\",\"item\":\"https:\/\/www2.realat.lv\/en\/\"},{\"@type\":\"ListItem\",\"position\":2,\"name\":\"Intermediary Services in Living Space Deals\"}]},{\"@type\":\"WebSite\",\"@id\":\"https:\/\/www2.realat.lv\/en\/#website\",\"url\":\"https:\/\/www2.realat.lv\/en\/\",\"name\":\"REALAT.lv\",\"description\":\"Nekustamie \u012bpa\u0161umi, iz\u012br\u0113, iznom\u0101 un p\u0101rdod, dz\u012bvok\u013ci, m\u0101jas, zemes, komerc\u012bpa\u0161umi, invest\u012bciju projekti, starpniec\u012bbas pakalpojumi.\",\"potentialAction\":[{\"@type\":\"SearchAction\",\"target\":{\"@type\":\"EntryPoint\",\"urlTemplate\":\"https:\/\/www2.realat.lv\/en\/?s={search_term_string}\"},\"query-input\":{\"@type\":\"PropertyValueSpecification\",\"valueRequired\":true,\"valueName\":\"search_term_string\"}}],\"inLanguage\":\"lv-LV\"}]}<\/script>\n<!-- \/ Yoast SEO plugin. -->","yoast_head_json":{"title":"Dz\u012bvojamo plat\u012bbu starpniec\u012bba - REALAT.lv","description":"\u0160odien pats svar\u012bg\u0101kais faktors veiksm\u012bga biznesa, sadarb\u012bbas vai komunik\u0101cijas uzs\u0101k\u0161anai ir uztic\u0113\u0161an\u0101s. T\u0101, p\u0113c cilv\u0113ka b\u016bt\u012bbas, ir noz\u012bm\u012bg\u0101k\u0101 jebkura dar\u012bjuma sast\u0101vda\u013ca. Ja neizprotam kaut k\u0101das lietas l\u012bdz galam, m\u0113s autom\u0101tiski pak\u013caujam sevi riskam spert k\u0101du soli piln\u012bgi sve\u0161\u0101 un nedro\u0161\u0101 virzien\u0101.","robots":{"index":"index","follow":"follow","max-snippet":"max-snippet:-1","max-image-preview":"max-image-preview:large","max-video-preview":"max-video-preview:-1"},"twitter_card":"summary_large_image","twitter_title":"Dz\u012bvojamo plat\u012bbu starpniec\u012bba - REALAT.lv","twitter_description":"\u0160odien pats svar\u012bg\u0101kais faktors veiksm\u012bga biznesa, sadarb\u012bbas vai komunik\u0101cijas uzs\u0101k\u0161anai ir uztic\u0113\u0161an\u0101s. T\u0101, p\u0113c cilv\u0113ka b\u016bt\u012bbas, ir noz\u012bm\u012bg\u0101k\u0101 jebkura dar\u012bjuma sast\u0101vda\u013ca. Ja neizprotam kaut k\u0101das lietas l\u012bdz galam, m\u0113s autom\u0101tiski pak\u013caujam sevi riskam spert k\u0101du soli piln\u012bgi sve\u0161\u0101 un nedro\u0161\u0101 virzien\u0101.","twitter_image":"https:\/\/www2.realat.lv\/wp-content\/uploads\/2015\/06\/minimalist-low-profile-furniture.jpg","twitter_misc":{"Est. reading time":"1 minute"},"schema":{"@context":"https:\/\/schema.org","@graph":[{"@type":"WebPage","@id":"https:\/\/www2.realat.lv\/en\/residential-brokerage\/","url":"https:\/\/www2.realat.lv\/en\/residential-brokerage\/","name":"Dz\u012bvojamo plat\u012bbu starpniec\u012bba - REALAT.lv","isPartOf":{"@id":"https:\/\/www2.realat.lv\/en\/#website"},"primaryImageOfPage":{"@id":"https:\/\/www2.realat.lv\/en\/residential-brokerage\/#primaryimage"},"image":{"@id":"https:\/\/www2.realat.lv\/en\/residential-brokerage\/#primaryimage"},"thumbnailUrl":"https:\/\/www2.realat.lv\/wp-content\/uploads\/2015\/06\/minimalist-low-profile-furniture.jpg","datePublished":"2015-06-11T12:29:36+00:00","dateModified":"2021-08-02T10:26:38+00:00","description":"\u0160odien pats svar\u012bg\u0101kais faktors veiksm\u012bga biznesa, sadarb\u012bbas vai komunik\u0101cijas uzs\u0101k\u0161anai ir uztic\u0113\u0161an\u0101s. T\u0101, p\u0113c cilv\u0113ka b\u016bt\u012bbas, ir noz\u012bm\u012bg\u0101k\u0101 jebkura dar\u012bjuma sast\u0101vda\u013ca. Ja neizprotam kaut k\u0101das lietas l\u012bdz galam, m\u0113s autom\u0101tiski pak\u013caujam sevi riskam spert k\u0101du soli piln\u012bgi sve\u0161\u0101 un nedro\u0161\u0101 virzien\u0101.","breadcrumb":{"@id":"https:\/\/www2.realat.lv\/en\/residential-brokerage\/#breadcrumb"},"inLanguage":"lv-LV","potentialAction":[{"@type":"ReadAction","target":["https:\/\/www2.realat.lv\/en\/residential-brokerage\/"]}]},{"@type":"ImageObject","inLanguage":"lv-LV","@id":"https:\/\/www2.realat.lv\/en\/residential-brokerage\/#primaryimage","url":"https:\/\/www2.realat.lv\/wp-content\/uploads\/2015\/06\/minimalist-low-profile-furniture.jpg","contentUrl":"https:\/\/www2.realat.lv\/wp-content\/uploads\/2015\/06\/minimalist-low-profile-furniture.jpg","width":1200,"height":676},{"@type":"BreadcrumbList","@id":"https:\/\/www2.realat.lv\/en\/residential-brokerage\/#breadcrumb","itemListElement":[{"@type":"ListItem","position":1,"name":"Home","item":"https:\/\/www2.realat.lv\/en\/"},{"@type":"ListItem","position":2,"name":"Intermediary Services in Living Space Deals"}]},{"@type":"WebSite","@id":"https:\/\/www2.realat.lv\/en\/#website","url":"https:\/\/www2.realat.lv\/en\/","name":"REALAT.lv","description":"Nekustamie \u012bpa\u0161umi, iz\u012br\u0113, iznom\u0101 un p\u0101rdod, dz\u012bvok\u013ci, m\u0101jas, zemes, komerc\u012bpa\u0161umi, invest\u012bciju projekti, starpniec\u012bbas pakalpojumi.","potentialAction":[{"@type":"SearchAction","target":{"@type":"EntryPoint","urlTemplate":"https:\/\/www2.realat.lv\/en\/?s={search_term_string}"},"query-input":{"@type":"PropertyValueSpecification","valueRequired":true,"valueName":"search_term_string"}}],"inLanguage":"lv-LV"}]}},"post_mailing_queue_ids":[],"_links":{"self":[{"href":"https:\/\/www2.realat.lv\/lv\/wp-json\/wp\/v2\/pages\/4269","targetHints":{"allow":["GET"]}}],"collection":[{"href":"https:\/\/www2.realat.lv\/lv\/wp-json\/wp\/v2\/pages"}],"about":[{"href":"https:\/\/www2.realat.lv\/lv\/wp-json\/wp\/v2\/types\/page"}],"author":[{"embeddable":true,"href":"https:\/\/www2.realat.lv\/lv\/wp-json\/wp\/v2\/users\/2"}],"replies":[{"embeddable":true,"href":"https:\/\/www2.realat.lv\/lv\/wp-json\/wp\/v2\/comments?post=4269"}],"version-history":[{"count":0,"href":"https:\/\/www2.realat.lv\/lv\/wp-json\/wp\/v2\/pages\/4269\/revisions"}],"wp:featuredmedia":[{"embeddable":true,"href":"https:\/\/www2.realat.lv\/lv\/wp-json\/wp\/v2\/media\/1373993"}],"wp:attachment":[{"href":"https:\/\/www2.realat.lv\/lv\/wp-json\/wp\/v2\/media?parent=4269"}],"curies":[{"name":"wp","href":"https:\/\/api.w.org\/{rel}","templated":true}]}}