{"id":4273,"date":"2015-06-11T12:30:08","date_gmt":"2015-06-11T12:30:08","guid":{"rendered":"http:\/\/lux.www2.realat.lv\/wordpress\/?page_id=4273"},"modified":"2019-02-11T15:27:28","modified_gmt":"2019-02-11T13:27:28","slug":"apsaimniekosana-un-parvaldisana","status":"publish","type":"page","link":"https:\/\/www2.realat.lv\/lv\/apsaimniekosana-un-parvaldisana\/","title":{"rendered":"Apsaimnieko\u0161ana un p\u0101rvald\u012b\u0161ana"},"content":{"rendered":"<p><\/p>\n<p>Ir tik pat\u012bkami p\u0113c gr\u016btas darba dienas atgriezties silt\u0101, sakopt\u0101 m\u0101j\u0101, aizv\u0113rt aiz sevis durvis, un visas r\u016bpes un nedienas atst\u0101t aiz t\u0101m. Nedom\u0101t ne par ko citu, bet gan izbaud\u012bt m\u0101jas mieru un savu m\u012b\u013coto cilv\u0113ku kl\u0101tb\u016btni. T\u0101 nav pasaka. Tas ir m\u016bsu moto \u2013 pied\u0101v\u0101t klientam visu, lai vi\u0146\u0161 var\u0113tu justies dro\u0161i, \u0113rti un komfortabli.<\/p>\n<p>&nbsp;<\/p>\n<blockquote>\n<p><strong><span style=\"font-size: 14pt;\">M\u0113s esam gatavi uz\u0146emties j\u016bsu r\u016bpes un atrisin\u0101t j\u016bsu probl\u0113mas.<\/span><\/strong><\/p>\n<\/blockquote>\n<p>&nbsp;<\/p>\n<p>Uzticot sava \u012bpa\u0161uma p\u0101rvald\u012b\u0161anu un apsaimnieko\u0161anu \u201e<strong>REALAT PROPERTY MANAGEMENT<\/strong>\u201d apsaimniekot\u0101jam, J\u016bs var\u0113siet pilnv\u0113rt\u012bgi baud\u012bt t\u0101s priek\u0161roc\u012bbas, ko sniedz uztur\u0113\u0161an\u0101s sakopt\u0101 un pat\u012bkam\u0101 dz\u012bves vid\u0113. Par nama uztur\u0113\u0161anu un apsaimnieko\u0161anu r\u016bp\u0113sies profesion\u0101la komanda, kas \u013caus jums ietaup\u012bt un baud\u012bt laiku m\u0101j\u0101s.<\/p>\n<p>Nodro\u0161in\u0101m pilnu klienta \u012bpa\u0161uma \u0113ku un teritoriju, k\u0101 ar\u012b komercplat\u012bbu apsaimnieko\u0161anas servisu un operat\u012bvo pal\u012bdz\u012bbu 24 stundas diennakt\u012b \u00a07 dienas ned\u0113\u013c\u0101:<\/p>\n<blockquote>\n<p>\u0113ku p\u0101rvald\u012b\u0161ana<\/p>\n<p>in\u017eenierkomunik\u0101ciju apsaimnieko\u0161ana<\/p>\n<p>telpu un teritorijas uzkop\u0161ana<\/p>\n<p>telpu remonts un p\u0101rb\u016bve<\/p>\n<p>apsardze<\/p>\n<p>individu\u0101las \u0113ku apsaimnieko\u0161anas koncepcijas izstr\u0101de<\/p>\n<p>p\u0101rvalde un administrat\u012bvie darbi<\/p>\n<\/blockquote>\n<p>&nbsp;<\/p>\n<p>&nbsp;<\/p>\n\n<div class=\"wpcf7 no-js\" id=\"wpcf7-f2011108-o1\" lang=\"lv-LV\" dir=\"ltr\" data-wpcf7-id=\"2011108\">\n<div class=\"screen-reader-response\"><p role=\"status\" aria-live=\"polite\" aria-atomic=\"true\"><\/p> <ul><\/ul><\/div>\n<form action=\"\/lv\/wp-json\/wp\/v2\/pages\/4273#wpcf7-f2011108-o1\" method=\"post\" class=\"wpcf7-form init\" aria-label=\"Contact form\" novalidate=\"novalidate\" data-status=\"init\">\n<fieldset class=\"hidden-fields-container\"><input type=\"hidden\" name=\"_wpcf7\" value=\"2011108\" \/><input type=\"hidden\" name=\"_wpcf7_version\" value=\"6.1.5\" \/><input type=\"hidden\" name=\"_wpcf7_locale\" value=\"lv_LV\" \/><input type=\"hidden\" name=\"_wpcf7_unit_tag\" value=\"wpcf7-f2011108-o1\" \/><input type=\"hidden\" name=\"_wpcf7_container_post\" value=\"0\" \/><input type=\"hidden\" name=\"_wpcf7_posted_data_hash\" value=\"\" \/><input type=\"hidden\" name=\"_wpcf7_recaptcha_response\" value=\"\" \/>\n<\/fieldset>\n<div style=\"padding-top:50px;\">\n<\/div>\n<div class=\"row\">\n\t<div class=\"col-xs-12 col-sm-12 col-md-4 col-lg-4\" style=\"padding-top:5px;\">\n\t\t<p>V\u0101rds, Uzv\u0101rds <span class=\"text-red\">*<\/span>\n\t\t<\/p>\n\t\t<p><span class=\"wpcf7-form-control-wrap\" data-name=\"your-name\"><input size=\"40\" maxlength=\"400\" class=\"wpcf7-form-control wpcf7-text wpcf7-validates-as-required\" aria-required=\"true\" aria-invalid=\"false\" value=\"\" type=\"text\" name=\"your-name\" \/><\/span>\n\t\t<\/p>\n\t<\/div>\n\t<div class=\"col-xs-12 col-sm-12 col-md-4 col-lg-4\" style=\"padding-top:5px;\">\n\t\t<p>E-pasts <span class=\"text-red\">*<\/span>\n\t\t<\/p>\n\t\t<p><span class=\"wpcf7-form-control-wrap\" data-name=\"your-email\"><input size=\"40\" maxlength=\"400\" class=\"wpcf7-form-control wpcf7-email wpcf7-validates-as-required wpcf7-text wpcf7-validates-as-email\" aria-required=\"true\" aria-invalid=\"false\" value=\"\" type=\"email\" name=\"your-email\" \/><\/span>\n\t\t<\/p>\n\t<\/div>\n\t<div class=\"col-xs-12 col-sm-12 col-md-4 col-lg-4\" style=\"padding-top:5px;\">\n\t\t<p>T\u0101lr. <span class=\"text-red\">*<\/span>\n\t\t<\/p>\n\t\t<p><span class=\"wpcf7-form-control-wrap\" data-name=\"your-tel\"><input size=\"40\" maxlength=\"400\" class=\"wpcf7-form-control wpcf7-tel wpcf7-validates-as-required wpcf7-text wpcf7-validates-as-tel\" aria-required=\"true\" aria-invalid=\"false\" value=\"\" type=\"tel\" name=\"your-tel\" \/><\/span>\n\t\t<\/p>\n\t<\/div>\n\t<div class=\"col-xs-12 col-sm-12 col-md-12 col-lg-12\">\n\t<\/div>\n\t<div class=\"col-xs-12 col-sm-12 col-md-2 col-lg-2\" style=\"padding-top:10px;\">\n\t\t<p><input class=\"wpcf7-form-control wpcf7-submit has-spinner\" type=\"submit\" value=\"Pieteikties\" \/>\n\t\t<\/p>\n\t<\/div>\n<\/div><div class=\"wpcf7-response-output\" aria-hidden=\"true\"><\/div>\n<\/form>\n<\/div>\n\n<p><\/p>","protected":false},"excerpt":{"rendered":"<p>Ir tik pat\u012bkami p\u0113c gr\u016btas darba dienas atgriezties silt\u0101, sakopt\u0101 m\u0101j\u0101, aizv\u0113rt aiz sevis durvis, un visas r\u016bpes un nedienas atst\u0101t aiz t\u0101m. Nedom\u0101t ne par ko citu, bet gan&#8230; <\/p>\n","protected":false},"author":2,"featured_media":7439,"parent":0,"menu_order":0,"comment_status":"closed","ping_status":"closed","template":"single.php","meta":{"footnotes":""},"class_list":["post-4273","page","type-page","status-publish","has-post-thumbnail","hentry"],"yoast_head":"<!-- This site is optimized with the Yoast SEO plugin v26.9 - https:\/\/yoast.com\/product\/yoast-seo-wordpress\/ -->\n<title>\u0412\u0435\u0434\u0435\u043d\u0438\u0435 \u0445\u043e\u0437\u044f\u0439\u0441\u0442\u0432\u0430 \u0438 \u0443\u043f\u0440\u0430\u0432\u043b\u0435\u043d\u0438\u0435 - REALAT.lv<\/title>\n<meta name=\"description\" content=\"\u041e\u0431\u0435\u0441\u043f\u0435\u0447\u0438\u0432\u0430\u0435\u043c \u043f\u043e\u043b\u043d\u043e\u0435 \u043e\u0431\u0441\u043b\u0443\u0436\u0438\u0432\u0430\u043d\u0438\u0435 \u043a\u043e\u043c\u043c\u0435\u0440\u0447\u0435\u0441\u043a\u043e\u0439 \u0441\u043e\u0431\u0441\u0442\u0432\u0435\u043d\u043d\u043e\u0441\u0442\u0438 \u0437\u0434\u0430\u043d\u0438\u0439 \u0438 \u043f\u0440\u0438\u043b\u0435\u0433\u0430\u044e\u0449\u0435\u0439 \u0442\u0435\u0440\u0440\u0438\u0442\u043e\u0440\u0438\u0438 \u0438 \u043e\u043f\u0435\u0440\u0430\u0442\u0438\u0432\u043d\u0443\u044e \u043f\u043e\u043c\u043e\u0449\u044c 24 \u0447\u0430\u0441\u0430 \u0432 \u0441\u0443\u0442\u043a\u0438 7 \u0434\u043d\u0435\u0439 \u0432 \u043d\u0435\u0434\u0435\u043b\u044e.\" \/>\n<meta name=\"robots\" content=\"index, follow, max-snippet:-1, max-image-preview:large, max-video-preview:-1\" \/>\n<meta name=\"twitter:card\" content=\"summary_large_image\" \/>\n<meta name=\"twitter:title\" content=\"\u0412\u0435\u0434\u0435\u043d\u0438\u0435 \u0445\u043e\u0437\u044f\u0439\u0441\u0442\u0432\u0430 \u0438 \u0443\u043f\u0440\u0430\u0432\u043b\u0435\u043d\u0438\u0435 - REALAT.lv\" \/>\n<meta name=\"twitter:description\" content=\"\u041e\u0431\u0435\u0441\u043f\u0435\u0447\u0438\u0432\u0430\u0435\u043c \u043f\u043e\u043b\u043d\u043e\u0435 \u043e\u0431\u0441\u043b\u0443\u0436\u0438\u0432\u0430\u043d\u0438\u0435 \u043a\u043e\u043c\u043c\u0435\u0440\u0447\u0435\u0441\u043a\u043e\u0439 \u0441\u043e\u0431\u0441\u0442\u0432\u0435\u043d\u043d\u043e\u0441\u0442\u0438 \u0437\u0434\u0430\u043d\u0438\u0439 \u0438 \u043f\u0440\u0438\u043b\u0435\u0433\u0430\u044e\u0449\u0435\u0439 \u0442\u0435\u0440\u0440\u0438\u0442\u043e\u0440\u0438\u0438 \u0438 \u043e\u043f\u0435\u0440\u0430\u0442\u0438\u0432\u043d\u0443\u044e \u043f\u043e\u043c\u043e\u0449\u044c 24 \u0447\u0430\u0441\u0430 \u0432 \u0441\u0443\u0442\u043a\u0438 7 \u0434\u043d\u0435\u0439 \u0432 \u043d\u0435\u0434\u0435\u043b\u044e.\" \/>\n<meta name=\"twitter:image\" content=\"https:\/\/www2.realat.lv\/wp-content\/uploads\/2015\/06\/12354.jpg\" \/>\n<meta name=\"twitter:label1\" content=\"Est. reading time\" \/>\n\t<meta name=\"twitter:data1\" content=\"2 minutes\" \/>\n<script type=\"application\/ld+json\" class=\"yoast-schema-graph\">{\"@context\":\"https:\/\/schema.org\",\"@graph\":[{\"@type\":\"WebPage\",\"@id\":\"https:\/\/www2.realat.lv\/ru\/%d0%b2%d0%b5%d0%b4%d0%b5%d0%bd%d0%b8%d0%b5-%d1%85%d0%be%d0%b7%d1%8f%d0%b8%d1%81%d1%82%d0%b2%d0%b0-%d0%b8-%d1%83%d0%bf%d1%80%d0%b0%d0%b2%d0%bb%d0%b5%d0%bd%d0%b8%d0%b5\/\",\"url\":\"https:\/\/www2.realat.lv\/ru\/%d0%b2%d0%b5%d0%b4%d0%b5%d0%bd%d0%b8%d0%b5-%d1%85%d0%be%d0%b7%d1%8f%d0%b8%d1%81%d1%82%d0%b2%d0%b0-%d0%b8-%d1%83%d0%bf%d1%80%d0%b0%d0%b2%d0%bb%d0%b5%d0%bd%d0%b8%d0%b5\/\",\"name\":\"\u0412\u0435\u0434\u0435\u043d\u0438\u0435 \u0445\u043e\u0437\u044f\u0439\u0441\u0442\u0432\u0430 \u0438 \u0443\u043f\u0440\u0430\u0432\u043b\u0435\u043d\u0438\u0435 - REALAT.lv\",\"isPartOf\":{\"@id\":\"https:\/\/www2.realat.lv\/en\/#website\"},\"primaryImageOfPage\":{\"@id\":\"https:\/\/www2.realat.lv\/ru\/%d0%b2%d0%b5%d0%b4%d0%b5%d0%bd%d0%b8%d0%b5-%d1%85%d0%be%d0%b7%d1%8f%d0%b8%d1%81%d1%82%d0%b2%d0%b0-%d0%b8-%d1%83%d0%bf%d1%80%d0%b0%d0%b2%d0%bb%d0%b5%d0%bd%d0%b8%d0%b5\/#primaryimage\"},\"image\":{\"@id\":\"https:\/\/www2.realat.lv\/ru\/%d0%b2%d0%b5%d0%b4%d0%b5%d0%bd%d0%b8%d0%b5-%d1%85%d0%be%d0%b7%d1%8f%d0%b8%d1%81%d1%82%d0%b2%d0%b0-%d0%b8-%d1%83%d0%bf%d1%80%d0%b0%d0%b2%d0%bb%d0%b5%d0%bd%d0%b8%d0%b5\/#primaryimage\"},\"thumbnailUrl\":\"https:\/\/www2.realat.lv\/wp-content\/uploads\/2015\/06\/12354.jpg\",\"datePublished\":\"2015-06-11T12:30:08+00:00\",\"dateModified\":\"2019-02-11T13:27:28+00:00\",\"description\":\"\u041e\u0431\u0435\u0441\u043f\u0435\u0447\u0438\u0432\u0430\u0435\u043c \u043f\u043e\u043b\u043d\u043e\u0435 \u043e\u0431\u0441\u043b\u0443\u0436\u0438\u0432\u0430\u043d\u0438\u0435 \u043a\u043e\u043c\u043c\u0435\u0440\u0447\u0435\u0441\u043a\u043e\u0439 \u0441\u043e\u0431\u0441\u0442\u0432\u0435\u043d\u043d\u043e\u0441\u0442\u0438 \u0437\u0434\u0430\u043d\u0438\u0439 \u0438 \u043f\u0440\u0438\u043b\u0435\u0433\u0430\u044e\u0449\u0435\u0439 \u0442\u0435\u0440\u0440\u0438\u0442\u043e\u0440\u0438\u0438 \u0438 \u043e\u043f\u0435\u0440\u0430\u0442\u0438\u0432\u043d\u0443\u044e \u043f\u043e\u043c\u043e\u0449\u044c 24 \u0447\u0430\u0441\u0430 \u0432 \u0441\u0443\u0442\u043a\u0438 7 \u0434\u043d\u0435\u0439 \u0432 \u043d\u0435\u0434\u0435\u043b\u044e.\",\"breadcrumb\":{\"@id\":\"https:\/\/www2.realat.lv\/ru\/%d0%b2%d0%b5%d0%b4%d0%b5%d0%bd%d0%b8%d0%b5-%d1%85%d0%be%d0%b7%d1%8f%d0%b8%d1%81%d1%82%d0%b2%d0%b0-%d0%b8-%d1%83%d0%bf%d1%80%d0%b0%d0%b2%d0%bb%d0%b5%d0%bd%d0%b8%d0%b5\/#breadcrumb\"},\"inLanguage\":\"lv-LV\",\"potentialAction\":[{\"@type\":\"ReadAction\",\"target\":[\"https:\/\/www2.realat.lv\/ru\/%d0%b2%d0%b5%d0%b4%d0%b5%d0%bd%d0%b8%d0%b5-%d1%85%d0%be%d0%b7%d1%8f%d0%b8%d1%81%d1%82%d0%b2%d0%b0-%d0%b8-%d1%83%d0%bf%d1%80%d0%b0%d0%b2%d0%bb%d0%b5%d0%bd%d0%b8%d0%b5\/\"]}]},{\"@type\":\"ImageObject\",\"inLanguage\":\"lv-LV\",\"@id\":\"https:\/\/www2.realat.lv\/ru\/%d0%b2%d0%b5%d0%b4%d0%b5%d0%bd%d0%b8%d0%b5-%d1%85%d0%be%d0%b7%d1%8f%d0%b8%d1%81%d1%82%d0%b2%d0%b0-%d0%b8-%d1%83%d0%bf%d1%80%d0%b0%d0%b2%d0%bb%d0%b5%d0%bd%d0%b8%d0%b5\/#primaryimage\",\"url\":\"https:\/\/www2.realat.lv\/wp-content\/uploads\/2015\/06\/12354.jpg\",\"contentUrl\":\"https:\/\/www2.realat.lv\/wp-content\/uploads\/2015\/06\/12354.jpg\",\"width\":2048,\"height\":561},{\"@type\":\"BreadcrumbList\",\"@id\":\"https:\/\/www2.realat.lv\/ru\/%d0%b2%d0%b5%d0%b4%d0%b5%d0%bd%d0%b8%d0%b5-%d1%85%d0%be%d0%b7%d1%8f%d0%b8%d1%81%d1%82%d0%b2%d0%b0-%d0%b8-%d1%83%d0%bf%d1%80%d0%b0%d0%b2%d0%bb%d0%b5%d0%bd%d0%b8%d0%b5\/#breadcrumb\",\"itemListElement\":[{\"@type\":\"ListItem\",\"position\":1,\"name\":\"Home\",\"item\":\"https:\/\/www2.realat.lv\/en\/\"},{\"@type\":\"ListItem\",\"position\":2,\"name\":\"\u0412\u0435\u0434\u0435\u043d\u0438\u0435 \u0445\u043e\u0437\u044f\u0439\u0441\u0442\u0432\u0430 \u0438 \u0443\u043f\u0440\u0430\u0432\u043b\u0435\u043d\u0438\u0435\"}]},{\"@type\":\"WebSite\",\"@id\":\"https:\/\/www2.realat.lv\/en\/#website\",\"url\":\"https:\/\/www2.realat.lv\/en\/\",\"name\":\"REALAT.lv\",\"description\":\"Nekustamie \u012bpa\u0161umi, iz\u012br\u0113, iznom\u0101 un p\u0101rdod, dz\u012bvok\u013ci, m\u0101jas, zemes, komerc\u012bpa\u0161umi, invest\u012bciju projekti, starpniec\u012bbas pakalpojumi.\",\"potentialAction\":[{\"@type\":\"SearchAction\",\"target\":{\"@type\":\"EntryPoint\",\"urlTemplate\":\"https:\/\/www2.realat.lv\/en\/?s={search_term_string}\"},\"query-input\":{\"@type\":\"PropertyValueSpecification\",\"valueRequired\":true,\"valueName\":\"search_term_string\"}}],\"inLanguage\":\"lv-LV\"}]}<\/script>\n<!-- \/ Yoast SEO plugin. -->","yoast_head_json":{"title":"\u0412\u0435\u0434\u0435\u043d\u0438\u0435 \u0445\u043e\u0437\u044f\u0439\u0441\u0442\u0432\u0430 \u0438 \u0443\u043f\u0440\u0430\u0432\u043b\u0435\u043d\u0438\u0435 - REALAT.lv","description":"\u041e\u0431\u0435\u0441\u043f\u0435\u0447\u0438\u0432\u0430\u0435\u043c \u043f\u043e\u043b\u043d\u043e\u0435 \u043e\u0431\u0441\u043b\u0443\u0436\u0438\u0432\u0430\u043d\u0438\u0435 \u043a\u043e\u043c\u043c\u0435\u0440\u0447\u0435\u0441\u043a\u043e\u0439 \u0441\u043e\u0431\u0441\u0442\u0432\u0435\u043d\u043d\u043e\u0441\u0442\u0438 \u0437\u0434\u0430\u043d\u0438\u0439 \u0438 \u043f\u0440\u0438\u043b\u0435\u0433\u0430\u044e\u0449\u0435\u0439 \u0442\u0435\u0440\u0440\u0438\u0442\u043e\u0440\u0438\u0438 \u0438 \u043e\u043f\u0435\u0440\u0430\u0442\u0438\u0432\u043d\u0443\u044e \u043f\u043e\u043c\u043e\u0449\u044c 24 \u0447\u0430\u0441\u0430 \u0432 \u0441\u0443\u0442\u043a\u0438 7 \u0434\u043d\u0435\u0439 \u0432 \u043d\u0435\u0434\u0435\u043b\u044e.","robots":{"index":"index","follow":"follow","max-snippet":"max-snippet:-1","max-image-preview":"max-image-preview:large","max-video-preview":"max-video-preview:-1"},"twitter_card":"summary_large_image","twitter_title":"\u0412\u0435\u0434\u0435\u043d\u0438\u0435 \u0445\u043e\u0437\u044f\u0439\u0441\u0442\u0432\u0430 \u0438 \u0443\u043f\u0440\u0430\u0432\u043b\u0435\u043d\u0438\u0435 - REALAT.lv","twitter_description":"\u041e\u0431\u0435\u0441\u043f\u0435\u0447\u0438\u0432\u0430\u0435\u043c \u043f\u043e\u043b\u043d\u043e\u0435 \u043e\u0431\u0441\u043b\u0443\u0436\u0438\u0432\u0430\u043d\u0438\u0435 \u043a\u043e\u043c\u043c\u0435\u0440\u0447\u0435\u0441\u043a\u043e\u0439 \u0441\u043e\u0431\u0441\u0442\u0432\u0435\u043d\u043d\u043e\u0441\u0442\u0438 \u0437\u0434\u0430\u043d\u0438\u0439 \u0438 \u043f\u0440\u0438\u043b\u0435\u0433\u0430\u044e\u0449\u0435\u0439 \u0442\u0435\u0440\u0440\u0438\u0442\u043e\u0440\u0438\u0438 \u0438 \u043e\u043f\u0435\u0440\u0430\u0442\u0438\u0432\u043d\u0443\u044e \u043f\u043e\u043c\u043e\u0449\u044c 24 \u0447\u0430\u0441\u0430 \u0432 \u0441\u0443\u0442\u043a\u0438 7 \u0434\u043d\u0435\u0439 \u0432 \u043d\u0435\u0434\u0435\u043b\u044e.","twitter_image":"https:\/\/www2.realat.lv\/wp-content\/uploads\/2015\/06\/12354.jpg","twitter_misc":{"Est. reading time":"2 minutes"},"schema":{"@context":"https:\/\/schema.org","@graph":[{"@type":"WebPage","@id":"https:\/\/www2.realat.lv\/ru\/%d0%b2%d0%b5%d0%b4%d0%b5%d0%bd%d0%b8%d0%b5-%d1%85%d0%be%d0%b7%d1%8f%d0%b8%d1%81%d1%82%d0%b2%d0%b0-%d0%b8-%d1%83%d0%bf%d1%80%d0%b0%d0%b2%d0%bb%d0%b5%d0%bd%d0%b8%d0%b5\/","url":"https:\/\/www2.realat.lv\/ru\/%d0%b2%d0%b5%d0%b4%d0%b5%d0%bd%d0%b8%d0%b5-%d1%85%d0%be%d0%b7%d1%8f%d0%b8%d1%81%d1%82%d0%b2%d0%b0-%d0%b8-%d1%83%d0%bf%d1%80%d0%b0%d0%b2%d0%bb%d0%b5%d0%bd%d0%b8%d0%b5\/","name":"\u0412\u0435\u0434\u0435\u043d\u0438\u0435 \u0445\u043e\u0437\u044f\u0439\u0441\u0442\u0432\u0430 \u0438 \u0443\u043f\u0440\u0430\u0432\u043b\u0435\u043d\u0438\u0435 - REALAT.lv","isPartOf":{"@id":"https:\/\/www2.realat.lv\/en\/#website"},"primaryImageOfPage":{"@id":"https:\/\/www2.realat.lv\/ru\/%d0%b2%d0%b5%d0%b4%d0%b5%d0%bd%d0%b8%d0%b5-%d1%85%d0%be%d0%b7%d1%8f%d0%b8%d1%81%d1%82%d0%b2%d0%b0-%d0%b8-%d1%83%d0%bf%d1%80%d0%b0%d0%b2%d0%bb%d0%b5%d0%bd%d0%b8%d0%b5\/#primaryimage"},"image":{"@id":"https:\/\/www2.realat.lv\/ru\/%d0%b2%d0%b5%d0%b4%d0%b5%d0%bd%d0%b8%d0%b5-%d1%85%d0%be%d0%b7%d1%8f%d0%b8%d1%81%d1%82%d0%b2%d0%b0-%d0%b8-%d1%83%d0%bf%d1%80%d0%b0%d0%b2%d0%bb%d0%b5%d0%bd%d0%b8%d0%b5\/#primaryimage"},"thumbnailUrl":"https:\/\/www2.realat.lv\/wp-content\/uploads\/2015\/06\/12354.jpg","datePublished":"2015-06-11T12:30:08+00:00","dateModified":"2019-02-11T13:27:28+00:00","description":"\u041e\u0431\u0435\u0441\u043f\u0435\u0447\u0438\u0432\u0430\u0435\u043c \u043f\u043e\u043b\u043d\u043e\u0435 \u043e\u0431\u0441\u043b\u0443\u0436\u0438\u0432\u0430\u043d\u0438\u0435 \u043a\u043e\u043c\u043c\u0435\u0440\u0447\u0435\u0441\u043a\u043e\u0439 \u0441\u043e\u0431\u0441\u0442\u0432\u0435\u043d\u043d\u043e\u0441\u0442\u0438 \u0437\u0434\u0430\u043d\u0438\u0439 \u0438 \u043f\u0440\u0438\u043b\u0435\u0433\u0430\u044e\u0449\u0435\u0439 \u0442\u0435\u0440\u0440\u0438\u0442\u043e\u0440\u0438\u0438 \u0438 \u043e\u043f\u0435\u0440\u0430\u0442\u0438\u0432\u043d\u0443\u044e \u043f\u043e\u043c\u043e\u0449\u044c 24 \u0447\u0430\u0441\u0430 \u0432 \u0441\u0443\u0442\u043a\u0438 7 \u0434\u043d\u0435\u0439 \u0432 \u043d\u0435\u0434\u0435\u043b\u044e.","breadcrumb":{"@id":"https:\/\/www2.realat.lv\/ru\/%d0%b2%d0%b5%d0%b4%d0%b5%d0%bd%d0%b8%d0%b5-%d1%85%d0%be%d0%b7%d1%8f%d0%b8%d1%81%d1%82%d0%b2%d0%b0-%d0%b8-%d1%83%d0%bf%d1%80%d0%b0%d0%b2%d0%bb%d0%b5%d0%bd%d0%b8%d0%b5\/#breadcrumb"},"inLanguage":"lv-LV","potentialAction":[{"@type":"ReadAction","target":["https:\/\/www2.realat.lv\/ru\/%d0%b2%d0%b5%d0%b4%d0%b5%d0%bd%d0%b8%d0%b5-%d1%85%d0%be%d0%b7%d1%8f%d0%b8%d1%81%d1%82%d0%b2%d0%b0-%d0%b8-%d1%83%d0%bf%d1%80%d0%b0%d0%b2%d0%bb%d0%b5%d0%bd%d0%b8%d0%b5\/"]}]},{"@type":"ImageObject","inLanguage":"lv-LV","@id":"https:\/\/www2.realat.lv\/ru\/%d0%b2%d0%b5%d0%b4%d0%b5%d0%bd%d0%b8%d0%b5-%d1%85%d0%be%d0%b7%d1%8f%d0%b8%d1%81%d1%82%d0%b2%d0%b0-%d0%b8-%d1%83%d0%bf%d1%80%d0%b0%d0%b2%d0%bb%d0%b5%d0%bd%d0%b8%d0%b5\/#primaryimage","url":"https:\/\/www2.realat.lv\/wp-content\/uploads\/2015\/06\/12354.jpg","contentUrl":"https:\/\/www2.realat.lv\/wp-content\/uploads\/2015\/06\/12354.jpg","width":2048,"height":561},{"@type":"BreadcrumbList","@id":"https:\/\/www2.realat.lv\/ru\/%d0%b2%d0%b5%d0%b4%d0%b5%d0%bd%d0%b8%d0%b5-%d1%85%d0%be%d0%b7%d1%8f%d0%b8%d1%81%d1%82%d0%b2%d0%b0-%d0%b8-%d1%83%d0%bf%d1%80%d0%b0%d0%b2%d0%bb%d0%b5%d0%bd%d0%b8%d0%b5\/#breadcrumb","itemListElement":[{"@type":"ListItem","position":1,"name":"Home","item":"https:\/\/www2.realat.lv\/en\/"},{"@type":"ListItem","position":2,"name":"\u0412\u0435\u0434\u0435\u043d\u0438\u0435 \u0445\u043e\u0437\u044f\u0439\u0441\u0442\u0432\u0430 \u0438 \u0443\u043f\u0440\u0430\u0432\u043b\u0435\u043d\u0438\u0435"}]},{"@type":"WebSite","@id":"https:\/\/www2.realat.lv\/en\/#website","url":"https:\/\/www2.realat.lv\/en\/","name":"REALAT.lv","description":"Nekustamie \u012bpa\u0161umi, iz\u012br\u0113, iznom\u0101 un p\u0101rdod, dz\u012bvok\u013ci, m\u0101jas, zemes, komerc\u012bpa\u0161umi, invest\u012bciju projekti, starpniec\u012bbas pakalpojumi.","potentialAction":[{"@type":"SearchAction","target":{"@type":"EntryPoint","urlTemplate":"https:\/\/www2.realat.lv\/en\/?s={search_term_string}"},"query-input":{"@type":"PropertyValueSpecification","valueRequired":true,"valueName":"search_term_string"}}],"inLanguage":"lv-LV"}]}},"post_mailing_queue_ids":[],"_links":{"self":[{"href":"https:\/\/www2.realat.lv\/lv\/wp-json\/wp\/v2\/pages\/4273","targetHints":{"allow":["GET"]}}],"collection":[{"href":"https:\/\/www2.realat.lv\/lv\/wp-json\/wp\/v2\/pages"}],"about":[{"href":"https:\/\/www2.realat.lv\/lv\/wp-json\/wp\/v2\/types\/page"}],"author":[{"embeddable":true,"href":"https:\/\/www2.realat.lv\/lv\/wp-json\/wp\/v2\/users\/2"}],"replies":[{"embeddable":true,"href":"https:\/\/www2.realat.lv\/lv\/wp-json\/wp\/v2\/comments?post=4273"}],"version-history":[{"count":0,"href":"https:\/\/www2.realat.lv\/lv\/wp-json\/wp\/v2\/pages\/4273\/revisions"}],"wp:featuredmedia":[{"embeddable":true,"href":"https:\/\/www2.realat.lv\/lv\/wp-json\/wp\/v2\/media\/7439"}],"wp:attachment":[{"href":"https:\/\/www2.realat.lv\/lv\/wp-json\/wp\/v2\/media?parent=4273"}],"curies":[{"name":"wp","href":"https:\/\/api.w.org\/{rel}","templated":true}]}}