{"id":4277,"date":"2015-06-11T12:32:02","date_gmt":"2015-06-11T12:32:02","guid":{"rendered":"http:\/\/lux.www2.realat.lv\/wordpress\/?page_id=4277"},"modified":"2019-02-17T19:18:13","modified_gmt":"2019-02-17T17:18:13","slug":"foto-un-video","status":"publish","type":"page","link":"https:\/\/www2.realat.lv\/lv\/foto-un-video\/","title":{"rendered":"Foto un video"},"content":{"rendered":"<p><\/p>\n<p><strong><span style=\"font-size: 14pt;\">FOTO<\/span><\/strong><\/p>\n<p>Kvalitat\u012bvas interjera, arhitekt\u016bras vai dizaina fotogr\u0101fijas uzrun\u0101 auditoriju daudz vair\u0101k par jebkuru rekl\u0101mas tekstu. \u0160odienas tirgus apst\u0101k\u013cos 80-90% klientu vispirms pakalpojumus atrad\u012bs internet\u0101 vai tas ir dz\u012bvoklis, m\u0101ja, restor\u0101ns vai viesn\u012bca, ko v\u0113laties p\u0101rdot. Profesion\u0101las fotogr\u0101fijas sp\u0113j iedot un rad\u012bt cilv\u0113kam noska\u0146as, ko ir centies pan\u0101kt dizaineris vai arhitekts, k\u0101 ar\u012b iedot kl\u0101tb\u016btnes efektu, pateicoties virtu\u0101l\u0101m t\u016br\u0113m jeb 360 video.<\/p>\n<p><a  href=\"http:\/\/www2.realat.lv\/wp-content\/uploads\/2015\/06\/Real-Estate-Photographers-Orange-County-360-Virtual-Tour-Photographer-Los-Angeles-Matterport-3D-Tour-Service-Provider-San-Diego-Aerial-Photography-Services-Seattle_016.jpg\" data-rel=\"lightbox-gallery-0\" data-rl_title=\"\" data-rl_caption=\"\" title=\"\"><img fetchpriority=\"high\" decoding=\"async\" class=\"wp-image-1371986 alignleft\" src=\"http:\/\/www2.realat.lv\/wp-content\/uploads\/2015\/06\/Real-Estate-Photographers-Orange-County-360-Virtual-Tour-Photographer-Los-Angeles-Matterport-3D-Tour-Service-Provider-San-Diego-Aerial-Photography-Services-Seattle_016-1024x503.jpg\" alt=\"Real-Estate-Photographers-Orange-County-360-Virtual-Tour-Photographer-Los-Angeles-Matterport-3D-Tour-Service-Provider-San-Diego-Aerial-Photography-Services-Seattle_016\" width=\"749\" height=\"368\" srcset=\"https:\/\/www2.realat.lv\/wp-content\/uploads\/2015\/06\/Real-Estate-Photographers-Orange-County-360-Virtual-Tour-Photographer-Los-Angeles-Matterport-3D-Tour-Service-Provider-San-Diego-Aerial-Photography-Services-Seattle_016-1024x503.jpg 1024w, https:\/\/www2.realat.lv\/wp-content\/uploads\/2015\/06\/Real-Estate-Photographers-Orange-County-360-Virtual-Tour-Photographer-Los-Angeles-Matterport-3D-Tour-Service-Provider-San-Diego-Aerial-Photography-Services-Seattle_016-300x147.jpg 300w, https:\/\/www2.realat.lv\/wp-content\/uploads\/2015\/06\/Real-Estate-Photographers-Orange-County-360-Virtual-Tour-Photographer-Los-Angeles-Matterport-3D-Tour-Service-Provider-San-Diego-Aerial-Photography-Services-Seattle_016.jpg 1595w\" sizes=\"(max-width: 749px) 100vw, 749px\" \/><\/a><\/p>\n<p>&nbsp;<\/p>\n<p>&nbsp;<\/p>\n<p>&nbsp;<\/p>\n<p>&nbsp;<\/p>\n<p>&nbsp;<\/p>\n<p>&nbsp;<\/p>\n<p>&nbsp;<\/p>\n<p>&nbsp;<\/p>\n<p>&nbsp;<\/p>\n<p>&nbsp;<\/p>\n<p>&nbsp;<\/p>\n<p>&nbsp;<\/p>\n<p>&nbsp;<\/p>\n<p>Lieliska fotogr\u0101fija, protams, nep\u0101rdos J\u016bsu \u012bpa\u0161umu, ja J\u016bs to b\u016bsiet p\u0101rv\u0113rt\u0113jis un nor\u0101d\u012bjis p\u0101r\u0101k augstu cenu, ta\u010du statistika r\u0101da, ka p\u0101rdot \u012bpa\u0161umu vai piesaist\u012bt klientus ir par 30% viegl\u0101k, ja tiek izmantoti kvalitat\u012bvi interjera foto.<\/p>\n<p>&nbsp;<\/p>\n<blockquote>\n<p><span style=\"font-size: 14pt;\">Foto sesija ir saj\u016btu mirklis, k\u0101 neliels mijiedarb\u012bbas br\u012bnums starp cilv\u0113ku aiz kameras un to, kas kameras priek\u0161\u0101. Tas ir vienreiz\u0113js notikums, kur\u0101 tiek ietverts tikai taj\u0101 mirkl\u012b piedz\u012bvotais, izjustais, izpaustais un izt\u0113lotais.\u00a0<\/span><\/p>\n<\/blockquote>\n<p>&nbsp;<\/p>\n<p><strong><span style=\"font-size: 14pt;\">Pied\u0101v\u0101jam:<\/span><\/strong><\/p>\n<p>&#8211; Arhitekt\u016bras un interjera foto<\/p>\n<p>&#8211; Celtniec\u012bbas etapu foto<\/p>\n<p>&#8211; Panor\u0101mas foto<\/p>\n<p>&#8211; Aerofoto<\/p>\n<p>&nbsp;<\/p>\n<p>PAS\u016aTI SAVA \u012aPA\u0160UMA FOTOSESIJU \u00a0+371 2230 4489 \u00a0\/ \u00a0info@www2.realat.lv \u00a0<\/p>\n<p><img decoding=\"async\" class=\"wp-image-1371990 size-medium alignleft\" src=\"http:\/\/www2.realat.lv\/wp-content\/uploads\/2015\/06\/1462929092213-300x214.png\" alt=\"1462929092213\" width=\"300\" height=\"214\" srcset=\"https:\/\/www2.realat.lv\/wp-content\/uploads\/2015\/06\/1462929092213-300x214.png 300w, https:\/\/www2.realat.lv\/wp-content\/uploads\/2015\/06\/1462929092213.png 1000w\" sizes=\"(max-width: 300px) 100vw, 300px\" \/><\/p>\n<p>&nbsp;<\/p>\n<p>&nbsp;<\/p>\n<p>&nbsp;<\/p>\n<p>&nbsp;<\/p>\n<p>&nbsp;<\/p>\n<p>&nbsp;<\/p>\n<p>&nbsp;<\/p>\n<p><strong><span style=\"font-size: 14pt;\">VIDEO<\/span><\/strong><\/p>\n<p>Video rekl\u0101ma tiek uzskat\u012bta par vis uzticam\u0101ko un p\u0101rbaud\u012bt\u0101ko veidu, k\u0101 pieteikt nekustamo \u012bpa\u0161umu.<\/p>\n<p>Rekl\u0101mas rull\u012b\u0161u rad\u012b\u0161ana ir visefekt\u012bv\u0101kais un dro\u0161\u0101kais virz\u012b\u0161anas veids.<\/p>\n<p>Atrisin\u0101t \u0161o uzdevumu sp\u0113j profesion\u0101la video uz\u0146em\u0161ana.<\/p>\n<p><a  href=\"http:\/\/www2.realat.lv\/wp-content\/uploads\/2015\/06\/Slider03.png\" data-rel=\"lightbox-gallery-0\" data-rl_title=\"\" data-rl_caption=\"\" title=\"\"><img decoding=\"async\" class=\"size-thumbnail wp-image-1371989 alignright\" src=\"http:\/\/www2.realat.lv\/wp-content\/uploads\/2015\/06\/Slider03-150x150.png\" alt=\"Slider03\" width=\"150\" height=\"150\" \/><\/a><\/p>\n<p>&nbsp;<\/p>\n<p>PAS\u016aTI SAVA \u012aPA\u0160UMA VIDEO PREZENT\u0100CIJU PIE MUMS\u00a0 +371 2230 4489 \u00a0\/ \u00a0info@www2.realat.lv \u00a0<\/p>\n<p>&nbsp;<\/p>\n<p><strong><span style=\"font-size: 14pt;\">Pied\u0101v\u0101jam:<\/span><\/strong><\/p>\n<p>&#8211; Virtu\u0101l\u0101s t\u016bres (VR)<\/p>\n<p>&#8211; 360 gr\u0101du video<\/p>\n<p>&#8211; Arhitekt\u016bras un interjera video<\/p>\n<p>&#8211; Celtniec\u012bbas etapu\u00a0video<\/p>\n<p>&#8211; Aerovideo\u00a0<\/p>\n<p><a  href=\"http:\/\/www2.realat.lv\/wp-content\/uploads\/2015\/06\/img-explore-01.png\" data-rel=\"lightbox-gallery-0\" data-rl_title=\"\" data-rl_caption=\"\" title=\"\"><img loading=\"lazy\" decoding=\"async\" class=\"alignnone wp-image-1371995 size-full\" src=\"http:\/\/www2.realat.lv\/wp-content\/uploads\/2015\/06\/img-explore-01.png\" alt=\"img-explore-01\" width=\"743\" height=\"436\" srcset=\"https:\/\/www2.realat.lv\/wp-content\/uploads\/2015\/06\/img-explore-01.png 743w, https:\/\/www2.realat.lv\/wp-content\/uploads\/2015\/06\/img-explore-01-300x176.png 300w\" sizes=\"(max-width: 743px) 100vw, 743px\" \/><\/a><\/p>\n<h2>GALVEN\u0100S SADARB\u012aBAS PRIEK\u0160ROC\u012aBAS<\/h2>\n<ol class=\"square\">\n<li>Augsta darba kvalit\u0101te un m\u016bsdien\u012bga pieeja;<\/li>\n<li>Operativit\u0101te un augsts profesionalit\u0101tes l\u012bmenis;<\/li>\n<li>At\u0161\u0137ir\u012bgi sare\u017e\u0123\u012bt\u012bbas l\u012bme\u0146i;<\/li>\n<\/ol>\n<p><a  href=\"http:\/\/www2.realat.lv\/wp-content\/uploads\/2015\/06\/3-1.jpg\" data-rel=\"lightbox-gallery-0\" data-rl_title=\"\" data-rl_caption=\"\" title=\"\"><img loading=\"lazy\" decoding=\"async\" class=\"alignnone wp-image-1371994 size-full\" src=\"http:\/\/www2.realat.lv\/wp-content\/uploads\/2015\/06\/3-1.jpg\" alt=\"3-1\" width=\"749\" height=\"343\" srcset=\"https:\/\/www2.realat.lv\/wp-content\/uploads\/2015\/06\/3-1.jpg 749w, https:\/\/www2.realat.lv\/wp-content\/uploads\/2015\/06\/3-1-300x137.jpg 300w\" sizes=\"(max-width: 749px) 100vw, 749px\" \/><\/a><\/p>\n<p>&nbsp;<\/p>\n<p>PAS\u016aTI SAVA \u012aPA\u0160UMA VIRTU\u0100LO T\u016aRI\u00a0 +371 2230 4489 \u00a0\/ \u00a0info@www2.realat.lv \u00a0<\/p>\n<p>&nbsp;<\/p>\n<blockquote>\n<p><span style=\"font-size: 14pt;\">Uzticiet rekl\u0101mas video uz\u0146em\u0161anu profesion\u0101\u013ciem, un sa\u0146emiet lab\u0101ko\u00a0rezult\u0101tu.<\/span><\/p>\n<\/blockquote>\n<p>&nbsp;<\/p>\n<p>&nbsp;<\/p>\n<p><\/p>","protected":false},"excerpt":{"rendered":"<p>FOTO Kvalitat\u012bvas interjera, arhitekt\u016bras vai dizaina fotogr\u0101fijas uzrun\u0101 auditoriju daudz vair\u0101k par jebkuru rekl\u0101mas tekstu. \u0160odienas tirgus apst\u0101k\u013cos 80-90% klientu vispirms pakalpojumus atrad\u012bs internet\u0101 vai tas ir dz\u012bvoklis, m\u0101ja, restor\u0101ns&#8230; <\/p>\n","protected":false},"author":2,"featured_media":1371997,"parent":0,"menu_order":0,"comment_status":"closed","ping_status":"closed","template":"single.php","meta":{"footnotes":""},"class_list":["post-4277","page","type-page","status-publish","has-post-thumbnail","hentry"],"yoast_head":"<!-- This site is optimized with the Yoast SEO plugin v26.9 - https:\/\/yoast.com\/product\/yoast-seo-wordpress\/ -->\n<title>Foto un video - REALAT.lv<\/title>\n<meta name=\"description\" content=\"Kvalitat\u012bvu interjera, arhitekt\u016bras, vai dizaina fotogr\u0101fiju un video izveide, aeorofoto, panor\u0101mas foto, \u012bpa\u0161uma fotosesija\" \/>\n<meta name=\"robots\" content=\"index, follow, max-snippet:-1, max-image-preview:large, max-video-preview:-1\" \/>\n<meta name=\"twitter:card\" content=\"summary_large_image\" \/>\n<meta name=\"twitter:title\" content=\"Foto un video - REALAT.lv\" \/>\n<meta name=\"twitter:description\" content=\"Kvalitat\u012bvu interjera, arhitekt\u016bras, vai dizaina fotogr\u0101fiju un video izveide, aeorofoto, panor\u0101mas foto, \u012bpa\u0161uma fotosesija\" \/>\n<meta name=\"twitter:image\" content=\"https:\/\/www2.realat.lv\/wp-content\/uploads\/2015\/06\/vr_gear_samsung2.png\" \/>\n<meta name=\"twitter:label1\" content=\"Est. reading time\" \/>\n\t<meta name=\"twitter:data1\" content=\"3 minutes\" \/>\n<script type=\"application\/ld+json\" class=\"yoast-schema-graph\">{\"@context\":\"https:\/\/schema.org\",\"@graph\":[{\"@type\":\"WebPage\",\"@id\":\"https:\/\/www2.realat.lv\/en\/foto-un-video\/\",\"url\":\"https:\/\/www2.realat.lv\/en\/foto-un-video\/\",\"name\":\"Foto un video - REALAT.lv\",\"isPartOf\":{\"@id\":\"https:\/\/www2.realat.lv\/en\/#website\"},\"primaryImageOfPage\":{\"@id\":\"https:\/\/www2.realat.lv\/en\/foto-un-video\/#primaryimage\"},\"image\":{\"@id\":\"https:\/\/www2.realat.lv\/en\/foto-un-video\/#primaryimage\"},\"thumbnailUrl\":\"https:\/\/www2.realat.lv\/wp-content\/uploads\/2015\/06\/vr_gear_samsung2.png\",\"datePublished\":\"2015-06-11T12:32:02+00:00\",\"dateModified\":\"2019-02-17T17:18:13+00:00\",\"description\":\"Kvalitat\u012bvu interjera, arhitekt\u016bras, vai dizaina fotogr\u0101fiju un video izveide, aeorofoto, panor\u0101mas foto, \u012bpa\u0161uma fotosesija\",\"breadcrumb\":{\"@id\":\"https:\/\/www2.realat.lv\/en\/foto-un-video\/#breadcrumb\"},\"inLanguage\":\"lv-LV\",\"potentialAction\":[{\"@type\":\"ReadAction\",\"target\":[\"https:\/\/www2.realat.lv\/en\/foto-un-video\/\"]}]},{\"@type\":\"ImageObject\",\"inLanguage\":\"lv-LV\",\"@id\":\"https:\/\/www2.realat.lv\/en\/foto-un-video\/#primaryimage\",\"url\":\"https:\/\/www2.realat.lv\/wp-content\/uploads\/2015\/06\/vr_gear_samsung2.png\",\"contentUrl\":\"https:\/\/www2.realat.lv\/wp-content\/uploads\/2015\/06\/vr_gear_samsung2.png\",\"width\":975,\"height\":356},{\"@type\":\"BreadcrumbList\",\"@id\":\"https:\/\/www2.realat.lv\/en\/foto-un-video\/#breadcrumb\",\"itemListElement\":[{\"@type\":\"ListItem\",\"position\":1,\"name\":\"Home\",\"item\":\"https:\/\/www2.realat.lv\/en\/\"},{\"@type\":\"ListItem\",\"position\":2,\"name\":\"Photo and Video\"}]},{\"@type\":\"WebSite\",\"@id\":\"https:\/\/www2.realat.lv\/en\/#website\",\"url\":\"https:\/\/www2.realat.lv\/en\/\",\"name\":\"REALAT.lv\",\"description\":\"Nekustamie \u012bpa\u0161umi, iz\u012br\u0113, iznom\u0101 un p\u0101rdod, dz\u012bvok\u013ci, m\u0101jas, zemes, komerc\u012bpa\u0161umi, invest\u012bciju projekti, starpniec\u012bbas pakalpojumi.\",\"potentialAction\":[{\"@type\":\"SearchAction\",\"target\":{\"@type\":\"EntryPoint\",\"urlTemplate\":\"https:\/\/www2.realat.lv\/en\/?s={search_term_string}\"},\"query-input\":{\"@type\":\"PropertyValueSpecification\",\"valueRequired\":true,\"valueName\":\"search_term_string\"}}],\"inLanguage\":\"lv-LV\"}]}<\/script>\n<!-- \/ Yoast SEO plugin. -->","yoast_head_json":{"title":"Foto un video - REALAT.lv","description":"Kvalitat\u012bvu interjera, arhitekt\u016bras, vai dizaina fotogr\u0101fiju un video izveide, aeorofoto, panor\u0101mas foto, \u012bpa\u0161uma fotosesija","robots":{"index":"index","follow":"follow","max-snippet":"max-snippet:-1","max-image-preview":"max-image-preview:large","max-video-preview":"max-video-preview:-1"},"twitter_card":"summary_large_image","twitter_title":"Foto un video - REALAT.lv","twitter_description":"Kvalitat\u012bvu interjera, arhitekt\u016bras, vai dizaina fotogr\u0101fiju un video izveide, aeorofoto, panor\u0101mas foto, \u012bpa\u0161uma fotosesija","twitter_image":"https:\/\/www2.realat.lv\/wp-content\/uploads\/2015\/06\/vr_gear_samsung2.png","twitter_misc":{"Est. reading time":"3 minutes"},"schema":{"@context":"https:\/\/schema.org","@graph":[{"@type":"WebPage","@id":"https:\/\/www2.realat.lv\/en\/foto-un-video\/","url":"https:\/\/www2.realat.lv\/en\/foto-un-video\/","name":"Foto un video - REALAT.lv","isPartOf":{"@id":"https:\/\/www2.realat.lv\/en\/#website"},"primaryImageOfPage":{"@id":"https:\/\/www2.realat.lv\/en\/foto-un-video\/#primaryimage"},"image":{"@id":"https:\/\/www2.realat.lv\/en\/foto-un-video\/#primaryimage"},"thumbnailUrl":"https:\/\/www2.realat.lv\/wp-content\/uploads\/2015\/06\/vr_gear_samsung2.png","datePublished":"2015-06-11T12:32:02+00:00","dateModified":"2019-02-17T17:18:13+00:00","description":"Kvalitat\u012bvu interjera, arhitekt\u016bras, vai dizaina fotogr\u0101fiju un video izveide, aeorofoto, panor\u0101mas foto, \u012bpa\u0161uma fotosesija","breadcrumb":{"@id":"https:\/\/www2.realat.lv\/en\/foto-un-video\/#breadcrumb"},"inLanguage":"lv-LV","potentialAction":[{"@type":"ReadAction","target":["https:\/\/www2.realat.lv\/en\/foto-un-video\/"]}]},{"@type":"ImageObject","inLanguage":"lv-LV","@id":"https:\/\/www2.realat.lv\/en\/foto-un-video\/#primaryimage","url":"https:\/\/www2.realat.lv\/wp-content\/uploads\/2015\/06\/vr_gear_samsung2.png","contentUrl":"https:\/\/www2.realat.lv\/wp-content\/uploads\/2015\/06\/vr_gear_samsung2.png","width":975,"height":356},{"@type":"BreadcrumbList","@id":"https:\/\/www2.realat.lv\/en\/foto-un-video\/#breadcrumb","itemListElement":[{"@type":"ListItem","position":1,"name":"Home","item":"https:\/\/www2.realat.lv\/en\/"},{"@type":"ListItem","position":2,"name":"Photo and Video"}]},{"@type":"WebSite","@id":"https:\/\/www2.realat.lv\/en\/#website","url":"https:\/\/www2.realat.lv\/en\/","name":"REALAT.lv","description":"Nekustamie \u012bpa\u0161umi, iz\u012br\u0113, iznom\u0101 un p\u0101rdod, dz\u012bvok\u013ci, m\u0101jas, zemes, komerc\u012bpa\u0161umi, invest\u012bciju projekti, starpniec\u012bbas pakalpojumi.","potentialAction":[{"@type":"SearchAction","target":{"@type":"EntryPoint","urlTemplate":"https:\/\/www2.realat.lv\/en\/?s={search_term_string}"},"query-input":{"@type":"PropertyValueSpecification","valueRequired":true,"valueName":"search_term_string"}}],"inLanguage":"lv-LV"}]}},"post_mailing_queue_ids":[],"_links":{"self":[{"href":"https:\/\/www2.realat.lv\/lv\/wp-json\/wp\/v2\/pages\/4277","targetHints":{"allow":["GET"]}}],"collection":[{"href":"https:\/\/www2.realat.lv\/lv\/wp-json\/wp\/v2\/pages"}],"about":[{"href":"https:\/\/www2.realat.lv\/lv\/wp-json\/wp\/v2\/types\/page"}],"author":[{"embeddable":true,"href":"https:\/\/www2.realat.lv\/lv\/wp-json\/wp\/v2\/users\/2"}],"replies":[{"embeddable":true,"href":"https:\/\/www2.realat.lv\/lv\/wp-json\/wp\/v2\/comments?post=4277"}],"version-history":[{"count":0,"href":"https:\/\/www2.realat.lv\/lv\/wp-json\/wp\/v2\/pages\/4277\/revisions"}],"wp:featuredmedia":[{"embeddable":true,"href":"https:\/\/www2.realat.lv\/lv\/wp-json\/wp\/v2\/media\/1371997"}],"wp:attachment":[{"href":"https:\/\/www2.realat.lv\/lv\/wp-json\/wp\/v2\/media?parent=4277"}],"curies":[{"name":"wp","href":"https:\/\/api.w.org\/{rel}","templated":true}]}}