{"id":4281,"date":"2015-06-11T12:34:04","date_gmt":"2015-06-11T12:34:04","guid":{"rendered":"http:\/\/lux.www2.realat.lv\/wordpress\/?page_id=4281"},"modified":"2019-01-24T22:53:14","modified_gmt":"2019-01-24T20:53:14","slug":"dizains","status":"publish","type":"page","link":"https:\/\/www2.realat.lv\/lv\/interjera-dizains\/","title":{"rendered":"Interjera dizains"},"content":{"rendered":"<p><\/p>\n<p><span style=\"font-weight: 400;\">Protams, ka interjers ir svar\u012bgs m\u0101jas auras rad\u012b\u0161anas elements, citam interjers ir tas, kas rada miera saj\u016btu, citam dod iedvesmu, bet citam tas rada gandar\u012bjuma saj\u016btu. Starp m\u016bsu partneriem ir vair\u0101ki\u00a0interjera eksperti, k\u0101s p\u0101rzina savu jomu. K\u013c\u016bstot par m\u016bsu sadarb\u012bbas partneriem, J\u016bs uzreiz ar\u012b k\u013c\u016bstat par partneriem vi\u0146iem, m\u0113s dar\u012bsim savu darbu, bet vi\u0146i sav\u0113jo, lai kop\u012bgiem sp\u0113kiem rad\u012btu to, ko J\u016bs esat izt\u0113loju\u0161ies. <\/span><\/p>\n<p>&nbsp;<\/p>\n<p><strong>Pirm\u0101 konsult\u0101cija<\/strong><\/p>\n<p>Dizainera un\u00a0Klienta pirm\u0101\u00a0konsult\u0101cija ir viens no noz\u012bm\u012bg\u0101kajiem projekta etapiem. Sarunas laik\u0101 ab\u0101m pus\u0113m svar\u012bgi ir saprast,\u00a0vai\u00a0izdosies abpus\u0113ja sadarb\u012bba, vai Klientam izveidosies\u00a0uztic\u012bba izv\u0113l\u0113tajam profesion\u0101lim, kas ir svar\u012bga visa projekta laik\u0101. Klientam pirms tik\u0161an\u0101s ar Dizaineru vispirms pa\u0161am sev ir j\u0101defin\u0113 savas v\u0113lmes. Ieteicams, ja pirmaj\u0101 tik\u0161an\u0101s reiz\u0113\u00a0ar Dizaineri\u00a0Klientam jau ir idejas un nojausma par to k\u0101ds stils, kr\u0101sas vi\u0146am ir tuv\u0101kas, k\u0101d\u0101 cenu l\u012bmen\u012b vi\u0146\u0161 v\u0113las iek\u013cauties. Tas ir nepiecie\u0161ams, lai Dizaineris, p\u0113c iesp\u0113jas lab\u0101k, izprastu pas\u016bt\u012bt\u0101ja dz\u012bves stilu, ieradumus un raksturu.\u00a0<\/p>\n<p>Dizainerim &#8220;iepaz\u012b\u0161an\u0101s darbu&#8221; atvieglos, ja Klients b\u016bs\u00a0atnesis bildes\u00a0vai \u017eurn\u0101lus ar\u00a0sev t\u012bkamo\u00a0interjeru fotogr\u0101fij\u0101m, vai ar\u012b\u00a0bildes, kur\u0101s redzami Klientam\u00a0nepie\u0146emami varianti.<\/p>\n<p>Pirm\u0101 konsult\u0101cija var b\u016bt gan biroj\u0101, gan ar\u012b objekt\u0101.\u00a0Parasti pirmaj\u0101\u00a0konsult\u0101cij\u0101 Klients n\u0101k\u00a0ar sava dz\u012bvok\u013ca, m\u0101jas vai biroja tehnisko dokument\u0101ciju\u00a0&#8211; inventariz\u0101cijas pl\u0101nu, aprakst\u012btu eso\u0161o in\u017eenieru komunik\u0101ciju st\u0101vokli (\u016bdensapg\u0101des un siltuma sist\u0113mu, kanaliz\u0101cijas sist\u0113mu, v\u0113din\u0101\u0161anu).<\/p>\n<p><b>L\u012bguma parakst\u012b\u0161ana.<\/b><\/p>\n<p>Vispirms iesak\u0101m Jums uzman\u012bgi iepaz\u012bties ar dokumentiem. L\u012bgum\u0101 min\u0113ti ne tikai visi darba apst\u0101k\u013ci, bet ar\u012b finansi\u0101l\u0101s sadarb\u012bbas sh\u0113ma. Par interjera dizaina projektu samaksa tiek veikta divos etapos: 50% &#8211; l\u012bguma sl\u0113g\u0161anas br\u012bd\u012b un 50% &#8211; nododot maketa projektu, iev\u0113rojot L\u012bgum\u0101 min\u0113tos termi\u0146us.\u00a0<\/p>\n<p><b>L\u0113mums par apjoma pl\u0101nojumu.<\/b><\/p>\n<p>Reti kur\u0161 objekts, kaut ar\u012b tas ir neliels, var iztikt bez p\u0101rpl\u0101no\u0161anas. Jebkuras starpsienas var demont\u0113t vai p\u0101rb\u012bd\u012bt v\u0113lamaj\u0101s viet\u0101. Iz\u0146\u0113mums ir neso\u0161\u0101s sienas &#8211; iejaukties taj\u0101s un t\u0101s lauzt dr\u012bkst tikai ar kontrol\u0113jo\u0161u iest\u0101\u017eu at\u013cauju, r\u016bp\u012bgi apr\u0113\u0137inot slodzi. Izstr\u0101d\u0101jot p\u0101rpl\u0101nojumu, tiek \u0146emts v\u0113r\u0101 vajadz\u012bgais funkcion\u0101lo zonu skaits, tehnisko mezglu izvietojums, patst\u0101v\u012bgo iedz\u012bvot\u0101ju skaits un dz\u012bves ritms. \u0160\u012b etapa darba rezult\u0101ts ir J\u016bsu apstiprin\u0101ts pl\u0101ns ar telpu eksplik\u0101ciju un m\u0113be\u013cu izvietojumu.<\/p>\n<p><b>P\u0101rpl\u0101no\u0161anas saska\u0146o\u0161ana.<\/b><\/p>\n<p>P\u0101rpl\u0101no\u0161anas saska\u0146o\u0161anu veic pils\u0113tas B\u016bvvald\u0113, p\u0101rsvar\u0101 visas idejas ir realiz\u0113jamas.<\/p>\n<p>&nbsp;<\/p>\n<p>Dizaineru kompetence:<\/p>\n<p>&#8211; Dz\u012bvojamo plat\u012bbu interjera dizains<\/p>\n<p>&#8211; Sabiedrisko telpu interjera dizains<\/p>\n<p>&#8211; M\u0113be\u013cu dizains<\/p>\n<p>&#8211; 3D vizualiz\u0101cijas<\/p>\n<p>&nbsp;<\/p>\n<p>Piesaki dizaina pakalpojumu:<\/p>\n<p>&nbsp;<\/p>\n\n<div class=\"wpcf7 no-js\" id=\"wpcf7-f2011076-o1\" lang=\"lv-LV\" dir=\"ltr\" data-wpcf7-id=\"2011076\">\n<div class=\"screen-reader-response\"><p role=\"status\" aria-live=\"polite\" aria-atomic=\"true\"><\/p> <ul><\/ul><\/div>\n<form action=\"\/lv\/wp-json\/wp\/v2\/pages\/4281#wpcf7-f2011076-o1\" method=\"post\" class=\"wpcf7-form init\" aria-label=\"Contact form\" novalidate=\"novalidate\" data-status=\"init\">\n<fieldset class=\"hidden-fields-container\"><input type=\"hidden\" name=\"_wpcf7\" value=\"2011076\" \/><input type=\"hidden\" name=\"_wpcf7_version\" value=\"6.1.5\" \/><input type=\"hidden\" name=\"_wpcf7_locale\" value=\"lv_LV\" \/><input type=\"hidden\" name=\"_wpcf7_unit_tag\" value=\"wpcf7-f2011076-o1\" \/><input type=\"hidden\" name=\"_wpcf7_container_post\" value=\"0\" \/><input type=\"hidden\" name=\"_wpcf7_posted_data_hash\" value=\"\" \/><input type=\"hidden\" name=\"_wpcf7_recaptcha_response\" value=\"\" \/>\n<\/fieldset>\n<div style=\"padding-top:50px;\">\n<\/div>\n<div class=\"row\">\n\t<div class=\"col-xs-12 col-sm-12 col-md-4 col-lg-4\" style=\"padding-top:5px;\">\n\t\t<p>V\u0101rds, Uzv\u0101rds <span class=\"text-red\">*<\/span>\n\t\t<\/p>\n\t\t<p><span class=\"wpcf7-form-control-wrap\" data-name=\"your-name\"><input size=\"40\" maxlength=\"400\" class=\"wpcf7-form-control wpcf7-text wpcf7-validates-as-required\" aria-required=\"true\" aria-invalid=\"false\" value=\"\" type=\"text\" name=\"your-name\" \/><\/span>\n\t\t<\/p>\n\t<\/div>\n\t<div class=\"col-xs-12 col-sm-12 col-md-4 col-lg-4\" style=\"padding-top:5px;\">\n\t\t<p>E-pasts <span class=\"text-red\">*<\/span>\n\t\t<\/p>\n\t\t<p><span class=\"wpcf7-form-control-wrap\" data-name=\"your-email\"><input size=\"40\" maxlength=\"400\" class=\"wpcf7-form-control wpcf7-email wpcf7-validates-as-required wpcf7-text wpcf7-validates-as-email\" aria-required=\"true\" aria-invalid=\"false\" value=\"\" type=\"email\" name=\"your-email\" \/><\/span>\n\t\t<\/p>\n\t<\/div>\n\t<div class=\"col-xs-12 col-sm-12 col-md-4 col-lg-4\" style=\"padding-top:5px;\">\n\t\t<p>T\u0101lr. <span class=\"text-red\">*<\/span>\n\t\t<\/p>\n\t\t<p><span class=\"wpcf7-form-control-wrap\" data-name=\"your-tel\"><input size=\"40\" maxlength=\"400\" class=\"wpcf7-form-control wpcf7-tel wpcf7-validates-as-required wpcf7-text wpcf7-validates-as-tel\" aria-required=\"true\" aria-invalid=\"false\" value=\"\" type=\"tel\" name=\"your-tel\" \/><\/span>\n\t\t<\/p>\n\t<\/div>\n\t<div class=\"col-xs-12 col-sm-12 col-md-12 col-lg-12\">\n\t<\/div>\n\t<div class=\"col-xs-12 col-sm-12 col-md-2 col-lg-2\" style=\"padding-top:10px;\">\n\t\t<p><input class=\"wpcf7-form-control wpcf7-submit has-spinner\" type=\"submit\" value=\"Pieteikties\" \/>\n\t\t<\/p>\n\t<\/div>\n<\/div><div class=\"wpcf7-response-output\" aria-hidden=\"true\"><\/div>\n<\/form>\n<\/div>\n\n<p><\/p>","protected":false},"excerpt":{"rendered":"<p>Protams, ka interjers ir svar\u012bgs m\u0101jas auras rad\u012b\u0161anas elements, citam interjers ir tas, kas rada miera saj\u016btu, citam dod iedvesmu, bet citam tas rada gandar\u012bjuma saj\u016btu. Starp m\u016bsu partneriem ir&#8230; <\/p>\n","protected":false},"author":2,"featured_media":7310,"parent":0,"menu_order":0,"comment_status":"closed","ping_status":"closed","template":"single.php","meta":{"footnotes":""},"class_list":["post-4281","page","type-page","status-publish","has-post-thumbnail","hentry"],"yoast_head":"<!-- This site is optimized with the Yoast SEO plugin v26.9 - https:\/\/yoast.com\/product\/yoast-seo-wordpress\/ -->\n<title>Interjera dizains - REALAT.lv<\/title>\n<meta name=\"robots\" content=\"index, follow, max-snippet:-1, max-image-preview:large, max-video-preview:-1\" \/>\n<meta name=\"twitter:card\" content=\"summary_large_image\" \/>\n<meta name=\"twitter:title\" content=\"Interjera dizains - REALAT.lv\" \/>\n<meta name=\"twitter:description\" content=\"Protams, ka interjers ir svar\u012bgs m\u0101jas auras rad\u012b\u0161anas elements, citam interjers ir tas, kas rada miera saj\u016btu, citam dod iedvesmu, bet citam tas rada gandar\u012bjuma saj\u016btu. Starp m\u016bsu partneriem ir...\" \/>\n<meta name=\"twitter:image\" content=\"https:\/\/www2.realat.lv\/wp-content\/uploads\/2015\/06\/Designer-with-Colors1.jpg\" \/>\n<meta name=\"twitter:label1\" content=\"Est. reading time\" \/>\n\t<meta name=\"twitter:data1\" content=\"5 minutes\" \/>\n<script type=\"application\/ld+json\" class=\"yoast-schema-graph\">{\"@context\":\"https:\/\/schema.org\",\"@graph\":[{\"@type\":\"WebPage\",\"@id\":\"https:\/\/www2.realat.lv\/lv\/interjera-dizains\/\",\"url\":\"https:\/\/www2.realat.lv\/lv\/interjera-dizains\/\",\"name\":\"Interjera dizains - REALAT.lv\",\"isPartOf\":{\"@id\":\"https:\/\/www2.realat.lv\/en\/#website\"},\"primaryImageOfPage\":{\"@id\":\"https:\/\/www2.realat.lv\/lv\/interjera-dizains\/#primaryimage\"},\"image\":{\"@id\":\"https:\/\/www2.realat.lv\/lv\/interjera-dizains\/#primaryimage\"},\"thumbnailUrl\":\"https:\/\/www2.realat.lv\/wp-content\/uploads\/2015\/06\/Designer-with-Colors1.jpg\",\"datePublished\":\"2015-06-11T12:34:04+00:00\",\"dateModified\":\"2019-01-24T20:53:14+00:00\",\"breadcrumb\":{\"@id\":\"https:\/\/www2.realat.lv\/lv\/interjera-dizains\/#breadcrumb\"},\"inLanguage\":\"lv-LV\",\"potentialAction\":[{\"@type\":\"ReadAction\",\"target\":[\"https:\/\/www2.realat.lv\/lv\/interjera-dizains\/\"]}]},{\"@type\":\"ImageObject\",\"inLanguage\":\"lv-LV\",\"@id\":\"https:\/\/www2.realat.lv\/lv\/interjera-dizains\/#primaryimage\",\"url\":\"https:\/\/www2.realat.lv\/wp-content\/uploads\/2015\/06\/Designer-with-Colors1.jpg\",\"contentUrl\":\"https:\/\/www2.realat.lv\/wp-content\/uploads\/2015\/06\/Designer-with-Colors1.jpg\",\"width\":1918,\"height\":584},{\"@type\":\"BreadcrumbList\",\"@id\":\"https:\/\/www2.realat.lv\/lv\/interjera-dizains\/#breadcrumb\",\"itemListElement\":[{\"@type\":\"ListItem\",\"position\":1,\"name\":\"Home\",\"item\":\"https:\/\/www2.realat.lv\/en\/\"},{\"@type\":\"ListItem\",\"position\":2,\"name\":\"Interjera dizains\"}]},{\"@type\":\"WebSite\",\"@id\":\"https:\/\/www2.realat.lv\/en\/#website\",\"url\":\"https:\/\/www2.realat.lv\/en\/\",\"name\":\"REALAT.lv\",\"description\":\"Nekustamie \u012bpa\u0161umi, iz\u012br\u0113, iznom\u0101 un p\u0101rdod, dz\u012bvok\u013ci, m\u0101jas, zemes, komerc\u012bpa\u0161umi, invest\u012bciju projekti, starpniec\u012bbas pakalpojumi.\",\"potentialAction\":[{\"@type\":\"SearchAction\",\"target\":{\"@type\":\"EntryPoint\",\"urlTemplate\":\"https:\/\/www2.realat.lv\/en\/?s={search_term_string}\"},\"query-input\":{\"@type\":\"PropertyValueSpecification\",\"valueRequired\":true,\"valueName\":\"search_term_string\"}}],\"inLanguage\":\"lv-LV\"}]}<\/script>\n<!-- \/ Yoast SEO plugin. -->","yoast_head_json":{"title":"Interjera dizains - REALAT.lv","robots":{"index":"index","follow":"follow","max-snippet":"max-snippet:-1","max-image-preview":"max-image-preview:large","max-video-preview":"max-video-preview:-1"},"twitter_card":"summary_large_image","twitter_title":"Interjera dizains - REALAT.lv","twitter_description":"Protams, ka interjers ir svar\u012bgs m\u0101jas auras rad\u012b\u0161anas elements, citam interjers ir tas, kas rada miera saj\u016btu, citam dod iedvesmu, bet citam tas rada gandar\u012bjuma saj\u016btu. Starp m\u016bsu partneriem ir...","twitter_image":"https:\/\/www2.realat.lv\/wp-content\/uploads\/2015\/06\/Designer-with-Colors1.jpg","twitter_misc":{"Est. reading time":"5 minutes"},"schema":{"@context":"https:\/\/schema.org","@graph":[{"@type":"WebPage","@id":"https:\/\/www2.realat.lv\/lv\/interjera-dizains\/","url":"https:\/\/www2.realat.lv\/lv\/interjera-dizains\/","name":"Interjera dizains - REALAT.lv","isPartOf":{"@id":"https:\/\/www2.realat.lv\/en\/#website"},"primaryImageOfPage":{"@id":"https:\/\/www2.realat.lv\/lv\/interjera-dizains\/#primaryimage"},"image":{"@id":"https:\/\/www2.realat.lv\/lv\/interjera-dizains\/#primaryimage"},"thumbnailUrl":"https:\/\/www2.realat.lv\/wp-content\/uploads\/2015\/06\/Designer-with-Colors1.jpg","datePublished":"2015-06-11T12:34:04+00:00","dateModified":"2019-01-24T20:53:14+00:00","breadcrumb":{"@id":"https:\/\/www2.realat.lv\/lv\/interjera-dizains\/#breadcrumb"},"inLanguage":"lv-LV","potentialAction":[{"@type":"ReadAction","target":["https:\/\/www2.realat.lv\/lv\/interjera-dizains\/"]}]},{"@type":"ImageObject","inLanguage":"lv-LV","@id":"https:\/\/www2.realat.lv\/lv\/interjera-dizains\/#primaryimage","url":"https:\/\/www2.realat.lv\/wp-content\/uploads\/2015\/06\/Designer-with-Colors1.jpg","contentUrl":"https:\/\/www2.realat.lv\/wp-content\/uploads\/2015\/06\/Designer-with-Colors1.jpg","width":1918,"height":584},{"@type":"BreadcrumbList","@id":"https:\/\/www2.realat.lv\/lv\/interjera-dizains\/#breadcrumb","itemListElement":[{"@type":"ListItem","position":1,"name":"Home","item":"https:\/\/www2.realat.lv\/en\/"},{"@type":"ListItem","position":2,"name":"Interjera dizains"}]},{"@type":"WebSite","@id":"https:\/\/www2.realat.lv\/en\/#website","url":"https:\/\/www2.realat.lv\/en\/","name":"REALAT.lv","description":"Nekustamie \u012bpa\u0161umi, iz\u012br\u0113, iznom\u0101 un p\u0101rdod, dz\u012bvok\u013ci, m\u0101jas, zemes, komerc\u012bpa\u0161umi, invest\u012bciju projekti, starpniec\u012bbas pakalpojumi.","potentialAction":[{"@type":"SearchAction","target":{"@type":"EntryPoint","urlTemplate":"https:\/\/www2.realat.lv\/en\/?s={search_term_string}"},"query-input":{"@type":"PropertyValueSpecification","valueRequired":true,"valueName":"search_term_string"}}],"inLanguage":"lv-LV"}]}},"post_mailing_queue_ids":[],"_links":{"self":[{"href":"https:\/\/www2.realat.lv\/lv\/wp-json\/wp\/v2\/pages\/4281","targetHints":{"allow":["GET"]}}],"collection":[{"href":"https:\/\/www2.realat.lv\/lv\/wp-json\/wp\/v2\/pages"}],"about":[{"href":"https:\/\/www2.realat.lv\/lv\/wp-json\/wp\/v2\/types\/page"}],"author":[{"embeddable":true,"href":"https:\/\/www2.realat.lv\/lv\/wp-json\/wp\/v2\/users\/2"}],"replies":[{"embeddable":true,"href":"https:\/\/www2.realat.lv\/lv\/wp-json\/wp\/v2\/comments?post=4281"}],"version-history":[{"count":0,"href":"https:\/\/www2.realat.lv\/lv\/wp-json\/wp\/v2\/pages\/4281\/revisions"}],"wp:featuredmedia":[{"embeddable":true,"href":"https:\/\/www2.realat.lv\/lv\/wp-json\/wp\/v2\/media\/7310"}],"wp:attachment":[{"href":"https:\/\/www2.realat.lv\/lv\/wp-json\/wp\/v2\/media?parent=4281"}],"curies":[{"name":"wp","href":"https:\/\/api.w.org\/{rel}","templated":true}]}}