{"id":4283,"date":"2015-06-11T12:34:37","date_gmt":"2015-06-11T12:34:37","guid":{"rendered":"http:\/\/lux.www2.realat.lv\/wordpress\/?page_id=4283"},"modified":"2016-04-22T09:46:28","modified_gmt":"2016-04-22T07:46:28","slug":"remonts","status":"publish","type":"page","link":"https:\/\/www2.realat.lv\/lv\/celtnieciba-un-remonts\/","title":{"rendered":"Celtniec\u012bba un remonts"},"content":{"rendered":"<p><\/p>\n<p><span style=\"font-weight: 400;\">Nop\u0113rkot nekustamo \u012bpa\u0161umu, bie\u017ei vien taj\u0101 b\u016bs nepiecie\u0161ams k\u0101ds ieguld\u012bjums, atkar\u012bb\u0101 no \u012bpa\u0161uma st\u0101vok\u013ca. M\u0113s varam priec\u0101ties, ka esam dzimu\u0161i \u00a0iesp\u0113ju laikmet\u0101,\u00a0kur J\u016bs par l\u012bdzek\u013ciem varat bez piep\u016bles \u012bstenot visas savas v\u0113lmes, par kuriem par\u016bp\u0113sies m\u016bsu kvalific\u0113tie meistari, ar kuriem esam sadarboju\u0161ies jau iepriek\u0161 un esam sa\u0146\u0113mu\u0161i labas atsauksmes no m\u016bsu klientiem.<\/span><\/p>\n<blockquote>\n<p><span style=\"font-size: 14pt;\"><strong>M\u0113dz sac\u012bt, ka viegl\u0101k esot p\u0101rdz\u012bvot ugunsgr\u0113ku nek\u0101 p\u0101rcel\u0161anos. Dro\u0161i vien p\u0101rdz\u012bvot dz\u012bvok\u013ca remontu ir v\u0113l gr\u016bt\u0101k, t\u0101 vismaz apgalvo tie, kas to piedz\u012bvoju\u0161i.<\/strong><\/span><\/p>\n<\/blockquote>\n<p>REALAT property management\u00a0ir meistaru komanda, kurus vieno ilggad\u0113ja pieredze dz\u012bvojamo un komerci\u0101lo \u012bpa\u0161umu celtniec\u012bb\u0101 un\u00a0remont\u0101.\u00a0Str\u0101d\u0101jam vis\u0101 R\u012bg\u0101, R\u012bgas rajon\u0101 un J\u016brmal\u0101.<\/p>\n<p>Ja v\u0113laties, lai J\u016bsu \u012bpa\u0161uma remonts tiktu veikts\u00a0kvalitat\u012bvi un laik\u0101, tad aicinam izv\u0113l\u0113ties m\u016bsu komandu.<\/p>\n<p>M\u0113s pret katru darba uzdevumu\u00a0izturamies ar r\u016bp\u012bbu\u00a0\u2013 t\u0101 k\u0101 to dar\u012btu, ja remontu veiktu pa\u0161i sav\u0101 \u012bpa\u0161um\u0101.<\/p>\n<div class=\"grid_24 plr_1\">\n<h1 class=\"section_title\">Pakalpojumi<\/h1>\n<\/div>\n<div class=\"grid_24 md_grid_12 plr_1 mtb0_ul\">\n<blockquote>\n<p>Gr\u012bdas beton\u0113\u0161ana, izl\u012bdzin\u0101\u0161ana, melngr\u012bdas mont\u0101\u017ea<\/p>\n<p>Gr\u012bdas un sienu hidroizol\u0101cija<\/p>\n<p>Gr\u012bdas d\u0113\u013cu iekl\u0101\u0161ana (sl\u012bp\u0113\u0161ana, beic\u0113\u0161ana, lako\u0161ana)<\/p>\n<p>Lamin\u0101ta, linoleja iekl\u0101\u0161ana, gr\u012bdl\u012bstu uzst\u0101d\u012b\u0161ana<\/p>\n<p>Logu mont\u0101\u017ea un demont\u0101\u017ea<\/p>\n<p>Visa veida santehnikas darbi<\/p>\n<p>\u0100r\u0113j\u0101s fas\u0101des remonts, siltin\u0101\u0161anas darbi<\/p>\n<p>Visa veida demont\u0101\u017eas darbi<\/p>\n<p>\u0122ip\u0161kartona sienu, starpsienu un griestu izstr\u0101de<\/p>\n<p>Piekaramo griestu mont\u0101\u017ea<\/p>\n<p>Sienu un griestu \u0161paktel\u0113\u0161ana; sl\u012bp\u0113\u0161ana; grunt\u0113\u0161ana<\/p>\n<p>Gr\u012bdas, sienu un grist kr\u0101so\u0161ana, tape\u0161u l\u012bm\u0113\u0161ana, kr\u0101so\u0161ana<\/p>\n<p>Fl\u012bz\u0113\u0161anas darbi<\/p>\n<p>Visa veida nestandarta remonta darbi<\/p>\n<\/blockquote>\n<\/div>\n<p><\/p>","protected":false},"excerpt":{"rendered":"<p>Nop\u0113rkot nekustamo \u012bpa\u0161umu, bie\u017ei vien taj\u0101 b\u016bs nepiecie\u0161ams k\u0101ds ieguld\u012bjums, atkar\u012bb\u0101 no \u012bpa\u0161uma st\u0101vok\u013ca. M\u0113s varam priec\u0101ties, ka esam dzimu\u0161i \u00a0iesp\u0113ju laikmet\u0101,\u00a0kur J\u016bs par l\u012bdzek\u013ciem varat bez piep\u016bles \u012bstenot visas&#8230; <\/p>\n","protected":false},"author":2,"featured_media":7444,"parent":0,"menu_order":0,"comment_status":"closed","ping_status":"closed","template":"single.php","meta":{"footnotes":""},"class_list":["post-4283","page","type-page","status-publish","has-post-thumbnail","hentry"],"yoast_head":"<!-- This site is optimized with the Yoast SEO plugin v26.9 - https:\/\/yoast.com\/product\/yoast-seo-wordpress\/ -->\n<title>Celtniec\u012bba un remonts - REALAT.lv<\/title>\n<meta name=\"robots\" content=\"index, follow, max-snippet:-1, max-image-preview:large, max-video-preview:-1\" \/>\n<meta name=\"twitter:card\" content=\"summary_large_image\" \/>\n<meta name=\"twitter:title\" content=\"Celtniec\u012bba un remonts - REALAT.lv\" \/>\n<meta name=\"twitter:description\" content=\"Nop\u0113rkot nekustamo \u012bpa\u0161umu, bie\u017ei vien taj\u0101 b\u016bs nepiecie\u0161ams k\u0101ds ieguld\u012bjums, atkar\u012bb\u0101 no \u012bpa\u0161uma st\u0101vok\u013ca. M\u0113s varam priec\u0101ties, ka esam dzimu\u0161i \u00a0iesp\u0113ju laikmet\u0101,\u00a0kur J\u016bs par l\u012bdzek\u013ciem varat bez piep\u016bles \u012bstenot visas...\" \/>\n<meta name=\"twitter:image\" content=\"https:\/\/www2.realat.lv\/wp-content\/uploads\/2015\/06\/12345678.jpg\" \/>\n<meta name=\"twitter:label1\" content=\"Est. reading time\" \/>\n\t<meta name=\"twitter:data1\" content=\"2 minutes\" \/>\n<script type=\"application\/ld+json\" class=\"yoast-schema-graph\">{\"@context\":\"https:\/\/schema.org\",\"@graph\":[{\"@type\":\"WebPage\",\"@id\":\"https:\/\/www2.realat.lv\/ru\/celtnieciba-un-remonts\/\",\"url\":\"https:\/\/www2.realat.lv\/ru\/celtnieciba-un-remonts\/\",\"name\":\"Celtniec\u012bba un remonts - REALAT.lv\",\"isPartOf\":{\"@id\":\"https:\/\/www2.realat.lv\/en\/#website\"},\"primaryImageOfPage\":{\"@id\":\"https:\/\/www2.realat.lv\/ru\/celtnieciba-un-remonts\/#primaryimage\"},\"image\":{\"@id\":\"https:\/\/www2.realat.lv\/ru\/celtnieciba-un-remonts\/#primaryimage\"},\"thumbnailUrl\":\"https:\/\/www2.realat.lv\/wp-content\/uploads\/2015\/06\/12345678.jpg\",\"datePublished\":\"2015-06-11T12:34:37+00:00\",\"dateModified\":\"2016-04-22T07:46:28+00:00\",\"breadcrumb\":{\"@id\":\"https:\/\/www2.realat.lv\/ru\/celtnieciba-un-remonts\/#breadcrumb\"},\"inLanguage\":\"lv-LV\",\"potentialAction\":[{\"@type\":\"ReadAction\",\"target\":[\"https:\/\/www2.realat.lv\/ru\/celtnieciba-un-remonts\/\"]}]},{\"@type\":\"ImageObject\",\"inLanguage\":\"lv-LV\",\"@id\":\"https:\/\/www2.realat.lv\/ru\/celtnieciba-un-remonts\/#primaryimage\",\"url\":\"https:\/\/www2.realat.lv\/wp-content\/uploads\/2015\/06\/12345678.jpg\",\"contentUrl\":\"https:\/\/www2.realat.lv\/wp-content\/uploads\/2015\/06\/12345678.jpg\",\"width\":1800,\"height\":614},{\"@type\":\"BreadcrumbList\",\"@id\":\"https:\/\/www2.realat.lv\/ru\/celtnieciba-un-remonts\/#breadcrumb\",\"itemListElement\":[{\"@type\":\"ListItem\",\"position\":1,\"name\":\"Home\",\"item\":\"https:\/\/www2.realat.lv\/en\/\"},{\"@type\":\"ListItem\",\"position\":2,\"name\":\"\u0421\u0442\u0440\u043e\u0438\u0442\u0435\u043b\u044c\u0441\u0442\u0432\u043e \u0438 \u0440\u0435\u043c\u043e\u043d\u0442\"}]},{\"@type\":\"WebSite\",\"@id\":\"https:\/\/www2.realat.lv\/en\/#website\",\"url\":\"https:\/\/www2.realat.lv\/en\/\",\"name\":\"REALAT.lv\",\"description\":\"Nekustamie \u012bpa\u0161umi, iz\u012br\u0113, iznom\u0101 un p\u0101rdod, dz\u012bvok\u013ci, m\u0101jas, zemes, komerc\u012bpa\u0161umi, invest\u012bciju projekti, starpniec\u012bbas pakalpojumi.\",\"potentialAction\":[{\"@type\":\"SearchAction\",\"target\":{\"@type\":\"EntryPoint\",\"urlTemplate\":\"https:\/\/www2.realat.lv\/en\/?s={search_term_string}\"},\"query-input\":{\"@type\":\"PropertyValueSpecification\",\"valueRequired\":true,\"valueName\":\"search_term_string\"}}],\"inLanguage\":\"lv-LV\"}]}<\/script>\n<!-- \/ Yoast SEO plugin. -->","yoast_head_json":{"title":"Celtniec\u012bba un remonts - REALAT.lv","robots":{"index":"index","follow":"follow","max-snippet":"max-snippet:-1","max-image-preview":"max-image-preview:large","max-video-preview":"max-video-preview:-1"},"twitter_card":"summary_large_image","twitter_title":"Celtniec\u012bba un remonts - REALAT.lv","twitter_description":"Nop\u0113rkot nekustamo \u012bpa\u0161umu, bie\u017ei vien taj\u0101 b\u016bs nepiecie\u0161ams k\u0101ds ieguld\u012bjums, atkar\u012bb\u0101 no \u012bpa\u0161uma st\u0101vok\u013ca. M\u0113s varam priec\u0101ties, ka esam dzimu\u0161i \u00a0iesp\u0113ju laikmet\u0101,\u00a0kur J\u016bs par l\u012bdzek\u013ciem varat bez piep\u016bles \u012bstenot visas...","twitter_image":"https:\/\/www2.realat.lv\/wp-content\/uploads\/2015\/06\/12345678.jpg","twitter_misc":{"Est. reading time":"2 minutes"},"schema":{"@context":"https:\/\/schema.org","@graph":[{"@type":"WebPage","@id":"https:\/\/www2.realat.lv\/ru\/celtnieciba-un-remonts\/","url":"https:\/\/www2.realat.lv\/ru\/celtnieciba-un-remonts\/","name":"Celtniec\u012bba un remonts - REALAT.lv","isPartOf":{"@id":"https:\/\/www2.realat.lv\/en\/#website"},"primaryImageOfPage":{"@id":"https:\/\/www2.realat.lv\/ru\/celtnieciba-un-remonts\/#primaryimage"},"image":{"@id":"https:\/\/www2.realat.lv\/ru\/celtnieciba-un-remonts\/#primaryimage"},"thumbnailUrl":"https:\/\/www2.realat.lv\/wp-content\/uploads\/2015\/06\/12345678.jpg","datePublished":"2015-06-11T12:34:37+00:00","dateModified":"2016-04-22T07:46:28+00:00","breadcrumb":{"@id":"https:\/\/www2.realat.lv\/ru\/celtnieciba-un-remonts\/#breadcrumb"},"inLanguage":"lv-LV","potentialAction":[{"@type":"ReadAction","target":["https:\/\/www2.realat.lv\/ru\/celtnieciba-un-remonts\/"]}]},{"@type":"ImageObject","inLanguage":"lv-LV","@id":"https:\/\/www2.realat.lv\/ru\/celtnieciba-un-remonts\/#primaryimage","url":"https:\/\/www2.realat.lv\/wp-content\/uploads\/2015\/06\/12345678.jpg","contentUrl":"https:\/\/www2.realat.lv\/wp-content\/uploads\/2015\/06\/12345678.jpg","width":1800,"height":614},{"@type":"BreadcrumbList","@id":"https:\/\/www2.realat.lv\/ru\/celtnieciba-un-remonts\/#breadcrumb","itemListElement":[{"@type":"ListItem","position":1,"name":"Home","item":"https:\/\/www2.realat.lv\/en\/"},{"@type":"ListItem","position":2,"name":"\u0421\u0442\u0440\u043e\u0438\u0442\u0435\u043b\u044c\u0441\u0442\u0432\u043e \u0438 \u0440\u0435\u043c\u043e\u043d\u0442"}]},{"@type":"WebSite","@id":"https:\/\/www2.realat.lv\/en\/#website","url":"https:\/\/www2.realat.lv\/en\/","name":"REALAT.lv","description":"Nekustamie \u012bpa\u0161umi, iz\u012br\u0113, iznom\u0101 un p\u0101rdod, dz\u012bvok\u013ci, m\u0101jas, zemes, komerc\u012bpa\u0161umi, invest\u012bciju projekti, starpniec\u012bbas pakalpojumi.","potentialAction":[{"@type":"SearchAction","target":{"@type":"EntryPoint","urlTemplate":"https:\/\/www2.realat.lv\/en\/?s={search_term_string}"},"query-input":{"@type":"PropertyValueSpecification","valueRequired":true,"valueName":"search_term_string"}}],"inLanguage":"lv-LV"}]}},"post_mailing_queue_ids":[],"_links":{"self":[{"href":"https:\/\/www2.realat.lv\/lv\/wp-json\/wp\/v2\/pages\/4283","targetHints":{"allow":["GET"]}}],"collection":[{"href":"https:\/\/www2.realat.lv\/lv\/wp-json\/wp\/v2\/pages"}],"about":[{"href":"https:\/\/www2.realat.lv\/lv\/wp-json\/wp\/v2\/types\/page"}],"author":[{"embeddable":true,"href":"https:\/\/www2.realat.lv\/lv\/wp-json\/wp\/v2\/users\/2"}],"replies":[{"embeddable":true,"href":"https:\/\/www2.realat.lv\/lv\/wp-json\/wp\/v2\/comments?post=4283"}],"version-history":[{"count":0,"href":"https:\/\/www2.realat.lv\/lv\/wp-json\/wp\/v2\/pages\/4283\/revisions"}],"wp:featuredmedia":[{"embeddable":true,"href":"https:\/\/www2.realat.lv\/lv\/wp-json\/wp\/v2\/media\/7444"}],"wp:attachment":[{"href":"https:\/\/www2.realat.lv\/lv\/wp-json\/wp\/v2\/media?parent=4283"}],"curies":[{"name":"wp","href":"https:\/\/api.w.org\/{rel}","templated":true}]}}