{"id":4285,"date":"2015-06-11T12:35:44","date_gmt":"2015-06-11T12:35:44","guid":{"rendered":"http:\/\/lux.www2.realat.lv\/wordpress\/?page_id=4285"},"modified":"2026-01-08T19:37:52","modified_gmt":"2026-01-08T17:37:52","slug":"par-mums","status":"publish","type":"page","link":"https:\/\/www2.realat.lv\/lv\/par-mums\/","title":{"rendered":"Par mums"},"content":{"rendered":"<p><\/p>\n<h1 style=\"text-align: center;\"><strong>J\u016bsu Strat\u0113\u0123iskais <span style=\"color: #00ccff;\">Partneris<\/span><\/strong><\/h1>\n<p style=\"text-align: center;\"><span data-path-to-node=\"7,1\"><span class=\"citation-105\">REALAT ir nekustamo \u012bpa\u0161umu nozares eksperts, kas kop\u0161 2010. gada konsekventi nodro\u0161ina strat\u0113\u0123iski izsv\u0113rtus un uz klientu orient\u0113tus risin\u0101jumus<\/span><\/span><span data-path-to-node=\"7,3\">. <\/span><span data-path-to-node=\"7,5\"><span class=\"citation-104\">M\u016bsu misija ir rad\u012bt vidi, kur\u0101 ikviens klients var justies dro\u0161i un p\u0101rliecin\u0101ti par sava \u012bpa\u0161uma dar\u012bjumiem, nodro\u0161inot uzticamus, efekt\u012bvus un inovat\u012bvus pakalpojumus<\/span><\/span><span data-path-to-node=\"7,7\">.<\/span><\/p>\n<h2 style=\"text-align: center;\" data-path-to-node=\"8\"><strong>M\u0113s <span style=\"color: #00ccff;\">Skait\u013cos<\/span><\/strong><\/h2>\n<table style=\"border-collapse: collapse; width: 99.776036%; height: 310px;\">\n<tbody>\n<tr style=\"height: 310px;\">\n<td style=\"width: 50%; text-align: center; height: 310px;\">\n<p><a  href=\"https:\/\/www2.realat.lv\/wp-content\/uploads\/2026\/01\/3545.jpg\" data-rel=\"lightbox-gallery-0\" data-rl_title=\"\" data-rl_caption=\"\" title=\"\"><img fetchpriority=\"high\" decoding=\"async\" class=\"wp-image-2048739 size-medium aligncenter\" src=\"https:\/\/www2.realat.lv\/wp-content\/uploads\/2026\/01\/3545-e1767893697320-300x207.jpg\" alt=\"\" width=\"300\" height=\"207\" srcset=\"https:\/\/www2.realat.lv\/wp-content\/uploads\/2026\/01\/3545-e1767893697320-300x207.jpg 300w, https:\/\/www2.realat.lv\/wp-content\/uploads\/2026\/01\/3545-e1767893697320-1024x706.jpg 1024w, https:\/\/www2.realat.lv\/wp-content\/uploads\/2026\/01\/3545-e1767893697320-768x529.jpg 768w, https:\/\/www2.realat.lv\/wp-content\/uploads\/2026\/01\/3545-e1767893697320-1536x1059.jpg 1536w, https:\/\/www2.realat.lv\/wp-content\/uploads\/2026\/01\/3545-e1767893697320.jpg 1921w\" sizes=\"(max-width: 300px) 100vw, 300px\" \/><\/a><\/p>\n<\/td>\n<td style=\"width: 50%; height: 310px;\">\n<p style=\"text-align: left;\" data-path-to-node=\"10,0,1\"><span data-path-to-node=\"10,0,1,0\"><span style=\"color: #00ccff;\"><b data-path-to-node=\"10,0,1,0\" data-index-in-node=\"0\"><span class=\"citation-103\">15 gadu<\/span><\/b><\/span><span class=\"citation-103\"> pieredze tirg\u016b<\/span><\/span><span data-path-to-node=\"10,0,1,2\">.<\/span><\/p>\n<p style=\"text-align: left;\" data-path-to-node=\"10,1,1\"><span data-path-to-node=\"10,1,1,0\"><span style=\"color: #00ccff;\"><b data-path-to-node=\"10,1,1,0\" data-index-in-node=\"0\"><span class=\"citation-102\">2000+<\/span><\/b><\/span><span class=\"citation-102\"> veiksm\u012bgi nosl\u0113gti dar\u012bjumi<\/span><\/span><span data-path-to-node=\"10,1,1,2\">.<\/span><\/p>\n<p style=\"text-align: left;\" data-path-to-node=\"10,2,1\"><span data-path-to-node=\"10,2,1,0\"><span style=\"color: #00ccff;\"><b data-path-to-node=\"10,2,1,0\" data-index-in-node=\"0\"><span class=\"citation-101\">70M+ \u20ac<\/span><\/b><\/span><span class=\"citation-101\"> kop\u0113j\u0101 p\u0101rdoto \u012bpa\u0161umu v\u0113rt\u012bba<\/span><\/span><span data-path-to-node=\"10,2,1,2\">.<\/span><\/p>\n<p style=\"text-align: left;\" data-path-to-node=\"10,3,1\"><span data-path-to-node=\"10,3,1,0\"><span style=\"color: #00ccff;\"><b data-path-to-node=\"10,3,1,0\" data-index-in-node=\"0\"><span class=\"citation-100\">22% d\u0101rg\u0101k<\/span><\/b><\/span><span class=\"citation-100\"> p\u0101rdoti \u012bpa\u0161umi, nek\u0101 vid\u0113j\u0101 tirgus v\u0113rt\u012bba<\/span><\/span><span data-path-to-node=\"10,3,1,2\">.<\/span><\/p>\n<p style=\"text-align: left;\" data-path-to-node=\"10,4,1\"><span data-path-to-node=\"10,4,1,0\"><span style=\"color: #00ccff;\"><b data-path-to-node=\"10,4,1,0\" data-index-in-node=\"0\"><span class=\"citation-99\">97% klientu<\/span><\/b><\/span><span class=\"citation-99\"> m\u016bs ieteiktu saviem draugiem<\/span><\/span><span data-path-to-node=\"10,4,1,2\">.<\/span><\/p>\n<\/td>\n<\/tr>\n<\/tbody>\n<\/table>\n<h2 style=\"text-align: center;\" data-path-to-node=\"12\"><b data-path-to-node=\"12\" data-index-in-node=\"0\">Ekspert\u012bze, kas Rada <span style=\"color: #00ccff;\">Pievienoto V\u0113rt\u012bbu<\/span><\/b><\/h2>\n<p style=\"text-align: left;\" data-path-to-node=\"13\"><span data-path-to-node=\"13,1\"><span class=\"citation-98\">M\u0113s str\u0101d\u0101jam t\u0101, lai katr\u0101 nekustamo \u012bpa\u0161umu segment\u0101 mums b\u016btu zino\u0161u profesion\u0101\u013cu komanda, kas seko l\u012bdzi tirgus aktualit\u0101t\u0113m un klientu individu\u0101laj\u0101m vajadz\u012bb\u0101m<\/span><\/span><span data-path-to-node=\"13,3\">. <\/span><span data-path-to-node=\"13,5\"><span class=\"citation-97\">Apvienojot tehnolo\u0123iju inov\u0101cijas ar padzi\u013cin\u0101tu tirgus anal\u012bzi, m\u0113s garant\u0113jam ienes\u012bgus un dro\u0161us dar\u012bjumus<\/span><\/span><span data-path-to-node=\"13,7\">.<\/span><\/p>\n<p style=\"text-align: center;\" data-path-to-node=\"14\"><b data-path-to-node=\"14\" data-index-in-node=\"0\">M\u016bsu Pamatv\u0113rt\u012bbas:<\/b><\/p>\n<p style=\"text-align: left;\" data-path-to-node=\"15,0,1\"><span data-path-to-node=\"15,0,1,0\"><b data-path-to-node=\"15,0,1,0\" data-index-in-node=\"0\"><span class=\"citation-96\">Izcil\u012bba un Profesionalit\u0101te:<\/span><\/b><span class=\"citation-96\"> Str\u0101d\u0101jam ar augst\u0101ko precizit\u0101ti un atbild\u012bbu<\/span><\/span><span data-path-to-node=\"15,0,1,2\">.<\/span><\/p>\n<div class=\"source-inline-chip-container ng-star-inserted\" style=\"text-align: left;\"><span data-path-to-node=\"15,1,1,0\"><b data-path-to-node=\"15,1,1,0\" data-index-in-node=\"0\"><span class=\"citation-95\">Inovat\u012bva Pieeja:<\/span><\/b><span class=\"citation-95\"> Izmantojam m\u016bsdien\u012bgus r\u012bkus dar\u012bjumu efektivit\u0101tes paaugstin\u0101\u0161anai<\/span><\/span><span data-path-to-node=\"15,1,1,2\">.<\/span><\/div>\n<p style=\"text-align: left;\" data-path-to-node=\"15,2,1\"><span data-path-to-node=\"15,2,1,0\"><b data-path-to-node=\"15,2,1,0\" data-index-in-node=\"0\"><span class=\"citation-94\">Caursp\u012bd\u012bgums un Uztic\u012bba:<\/span><\/b><span class=\"citation-94\"> Veidojam ilgtermi\u0146a attiec\u012bbas, kur klients vienm\u0113r ir 1. viet\u0101<\/span><\/span><span data-path-to-node=\"15,2,1,2\">.<\/span><\/p>\n<p>&nbsp;<\/p>\n<h2 style=\"text-align: center;\"><strong>Nozares Profesion\u0101\u013ci <span style=\"color: #00ccff;\">J\u016bsu R\u012bc\u012bb\u0101<\/span><\/strong><\/h2>\n<p style=\"text-align: left;\"><span data-path-to-node=\"18,1\"><span class=\"citation-93\">M\u016bsu komand\u0101 ir 15+ pieredz\u0113ju\u0161i speci\u0101listi<\/span><\/span><span data-path-to-node=\"18,3\">. <\/span><span data-path-to-node=\"18,5\"><span class=\"citation-92\">M\u0113s neesam vienk\u0101r\u0161i a\u0123enti \u2013 m\u0113s esam nekustamo \u012bpa\u0161umu dar\u012bjumu p\u0101rvald\u012bt\u0101ji<\/span><\/span><span data-path-to-node=\"18,8\"><span class=\"citation-91\">, kuri p\u0101rzina juridiskos aspektus, nodok\u013cu nianses un cenu veido\u0161anas metodes<\/span><\/span><span data-path-to-node=\"18,10\">.<\/span><\/p>\n<table style=\"border-collapse: collapse; width: 100%; height: 379px;\">\n<tbody>\n<tr style=\"height: 379px;\">\n<td style=\"width: 33.333333%; text-align: center; height: 379px;\">\n<p><a href=\"https:\/\/www2.realat.lv\/lv\/pardevejiem\/\"><img decoding=\"async\" class=\"wp-image-2048727 size-medium aligncenter\" src=\"https:\/\/www2.realat.lv\/wp-content\/uploads\/2026\/01\/Screenshot-2026-01-08-at-00.54.24-207x300.png\" alt=\"\" width=\"207\" height=\"300\" srcset=\"https:\/\/www2.realat.lv\/wp-content\/uploads\/2026\/01\/Screenshot-2026-01-08-at-00.54.24-207x300.png 207w, https:\/\/www2.realat.lv\/wp-content\/uploads\/2026\/01\/Screenshot-2026-01-08-at-00.54.24-707x1024.png 707w, https:\/\/www2.realat.lv\/wp-content\/uploads\/2026\/01\/Screenshot-2026-01-08-at-00.54.24-768x1112.png 768w, https:\/\/www2.realat.lv\/wp-content\/uploads\/2026\/01\/Screenshot-2026-01-08-at-00.54.24.png 804w\" sizes=\"(max-width: 207px) 100vw, 207px\" \/><\/a><\/p>\n<p><span style=\"text-decoration: underline;\"><span style=\"color: #003366;\"><a style=\"color: #003366;\" href=\"https:\/\/www2.realat.lv\/lv\/pardevejiem\/\"><strong>P\u0101rdev\u0113jiem<\/strong><\/a><\/span><\/span><\/p>\n<\/td>\n<td style=\"width: 33.333333%; text-align: center; height: 379px;\">\n<p><a href=\"https:\/\/www2.realat.lv\/lv\/investiciju-pakalpojumi\/\"><img decoding=\"async\" class=\"size-medium wp-image-2048728 aligncenter\" src=\"https:\/\/www2.realat.lv\/wp-content\/uploads\/2026\/01\/Screenshot-2026-01-08-at-00.55.03-208x300.png\" alt=\"\" width=\"208\" height=\"300\" srcset=\"https:\/\/www2.realat.lv\/wp-content\/uploads\/2026\/01\/Screenshot-2026-01-08-at-00.55.03-208x300.png 208w, https:\/\/www2.realat.lv\/wp-content\/uploads\/2026\/01\/Screenshot-2026-01-08-at-00.55.03-710x1024.png 710w, https:\/\/www2.realat.lv\/wp-content\/uploads\/2026\/01\/Screenshot-2026-01-08-at-00.55.03-768x1108.png 768w, https:\/\/www2.realat.lv\/wp-content\/uploads\/2026\/01\/Screenshot-2026-01-08-at-00.55.03.png 804w\" sizes=\"(max-width: 208px) 100vw, 208px\" \/><\/a><\/p>\n<p><span style=\"text-decoration: underline;\"><span style=\"color: #003366;\"><a style=\"color: #003366;\" href=\"https:\/\/www2.realat.lv\/lv\/investiciju-pakalpojumi\/\"><strong>Investoriem<\/strong><\/a><\/span><\/span><\/p>\n<\/td>\n<td style=\"width: 33.333333%; text-align: center; height: 379px;\">\n<p><a href=\"https:\/\/www2.realat.lv\/lv\/karjera\/\"><img loading=\"lazy\" decoding=\"async\" class=\"size-medium wp-image-2048726 aligncenter\" src=\"https:\/\/www2.realat.lv\/wp-content\/uploads\/2026\/01\/Screenshot-2026-01-08-at-00.55.34-215x300.png\" alt=\"\" width=\"215\" height=\"300\" srcset=\"https:\/\/www2.realat.lv\/wp-content\/uploads\/2026\/01\/Screenshot-2026-01-08-at-00.55.34-215x300.png 215w, https:\/\/www2.realat.lv\/wp-content\/uploads\/2026\/01\/Screenshot-2026-01-08-at-00.55.34-735x1024.png 735w, https:\/\/www2.realat.lv\/wp-content\/uploads\/2026\/01\/Screenshot-2026-01-08-at-00.55.34-768x1070.png 768w, https:\/\/www2.realat.lv\/wp-content\/uploads\/2026\/01\/Screenshot-2026-01-08-at-00.55.34.png 830w\" sizes=\"(max-width: 215px) 100vw, 215px\" \/><\/a><\/p>\n<p><span style=\"text-decoration: underline;\"><span style=\"color: #003366;\"><a style=\"color: #003366;\" href=\"https:\/\/www2.realat.lv\/lv\/karjera\/\"><strong>Karjera<\/strong><\/a><\/span><\/span><\/p>\n<\/td>\n<\/tr>\n<\/tbody>\n<\/table>\n<p>&nbsp;<\/p>\n<div class=\"agent-block\" style=\"width:100%;position:relative;\"><div class=\"center-block\"><h2 class=\"center osLight pt20\" style=\"color:#9D9FA2;font-size:30px;\">Izv\u0113lies savu A\u0123entu<\/h2><div class=\"underline\"><img decoding=\"async\" src=\"https:\/\/www.www2.realat.lv\/wp-content\/themes\/realeswp\/images\/line.png\"\/><\/div><div class=\"row\" style=\"width:100%\"><div id=\"home-agents\" class=\"carousel slide carousel-wb\" ><div class=\"carousel-inner\"><div class=\"item active\"><div class=\"agent\"><div class=\"agent-avat col-md-6 col-lg-6 col-sm-12 col-xs-12 hidden-xs\"><div class=\"agent-mind\"><img decoding=\"async\" class=\"lazy2\" src=\"\" data-src=\"https:\/\/www.www2.realat.lv\/wp-content\/themes\/realeswp\/images\/agent_mind.png\"\/><\/div><div class=\"agent-pencil\"><\/div><a href=\"https:\/\/www2.realat.lv\/lv\/agents\/liga\/\" ><img decoding=\"async\"  class=\"lazy\" src=\"\" data-src=\"https:\/\/img.realat.lv\/users\/wp_team_1539898347.jpg\"  style=\"padding-left:10px;width:441px;height:auto;display: block;\"  alt=\"L\u012bga Up\u012bte\"\/><\/a><\/div><div class=\"agent-info col-md-6 col-lg-6 col-sm-12 col-xs-12\"><div class=\"agent-name\">L\u012bga Up\u012bte<\/div><div class=\"agent-about\">Dz\u012bvojamo plat\u012bbu konsultante<\/div><div class=\"agent-contact\"><div>T\u0101lr.: (+371) 67210010<\/div><div>Mob.: (+371) 26368834<\/div><div>E-pasts: liga@www2.realat.lv<\/div><\/div><a class=\"btn btn-default morebutton\" href=\"https:\/\/www2.realat.lv\/lv\/agents\/liga\/\" role=\"button\">Iepaz\u012bties vair\u0101k<\/a><\/div><\/div><\/div><\/div><\/div><\/div><\/div><\/div>\n<p><\/p>","protected":false},"excerpt":{"rendered":"<p>J\u016bsu Strat\u0113\u0123iskais Partneris REALAT ir nekustamo \u012bpa\u0161umu nozares eksperts, kas kop\u0161 2010. gada konsekventi nodro\u0161ina strat\u0113\u0123iski izsv\u0113rtus un uz klientu orient\u0113tus risin\u0101jumus. M\u016bsu misija ir rad\u012bt vidi, kur\u0101 ikviens klients&#8230; <\/p>\n","protected":false},"author":2,"featured_media":1373991,"parent":0,"menu_order":0,"comment_status":"closed","ping_status":"closed","template":"single.php","meta":{"footnotes":""},"class_list":["post-4285","page","type-page","status-publish","has-post-thumbnail","hentry"],"yoast_head":"<!-- This site is optimized with the Yoast SEO plugin v26.9 - https:\/\/yoast.com\/product\/yoast-seo-wordpress\/ -->\n<title>Par mums - REALAT.lv<\/title>\n<meta name=\"description\" content=\"Realat - pilna servisa nekustamo \u012bpa\u0161umu a\u0123ent\u016bra, kas pozicion\u0113ta uz veiksm\u012bgu rezult\u0101tu sasnieg\u0161anu dar\u012bjumos ar nekustamo \u012bpa\u0161umu.\" \/>\n<meta name=\"robots\" content=\"index, follow, max-snippet:-1, max-image-preview:large, max-video-preview:-1\" \/>\n<meta name=\"twitter:card\" content=\"summary_large_image\" \/>\n<meta name=\"twitter:title\" content=\"Par mums - REALAT.lv\" \/>\n<meta name=\"twitter:description\" content=\"{:lv}Realat - pilna servisa nekustamo \u012bpa\u0161umu a\u0123ent\u016bra, kas pozicion\u0113ta uz veiksm\u012bgu rezult\u0101tu sasnieg\u0161anu dar\u012bjumos ar nekustamo \u012bpa\u0161umu.{:}\" \/>\n<meta name=\"twitter:image\" content=\"https:\/\/www2.realat.lv\/wp-content\/uploads\/2015\/06\/6a58461e91d52112369c3cf736607bc1-e1485387859311.jpg\" \/>\n<meta name=\"twitter:label1\" content=\"Est. reading time\" \/>\n\t<meta name=\"twitter:data1\" content=\"2 minutes\" \/>\n<script type=\"application\/ld+json\" class=\"yoast-schema-graph\">{\"@context\":\"https:\/\/schema.org\",\"@graph\":[{\"@type\":\"WebPage\",\"@id\":\"https:\/\/www2.realat.lv\/lv\/par-mums\/\",\"url\":\"https:\/\/www2.realat.lv\/lv\/par-mums\/\",\"name\":\"Par mums - REALAT.lv\",\"isPartOf\":{\"@id\":\"https:\/\/www2.realat.lv\/en\/#website\"},\"primaryImageOfPage\":{\"@id\":\"https:\/\/www2.realat.lv\/lv\/par-mums\/#primaryimage\"},\"image\":{\"@id\":\"https:\/\/www2.realat.lv\/lv\/par-mums\/#primaryimage\"},\"thumbnailUrl\":\"https:\/\/www2.realat.lv\/wp-content\/uploads\/2015\/06\/6a58461e91d52112369c3cf736607bc1-e1485387859311.jpg\",\"datePublished\":\"2015-06-11T12:35:44+00:00\",\"dateModified\":\"2026-01-08T17:37:52+00:00\",\"description\":\"{:lv}Realat - pilna servisa nekustamo \u012bpa\u0161umu a\u0123ent\u016bra, kas pozicion\u0113ta uz veiksm\u012bgu rezult\u0101tu sasnieg\u0161anu dar\u012bjumos ar nekustamo \u012bpa\u0161umu.{:}\",\"breadcrumb\":{\"@id\":\"https:\/\/www2.realat.lv\/lv\/par-mums\/#breadcrumb\"},\"inLanguage\":\"lv-LV\",\"potentialAction\":[{\"@type\":\"ReadAction\",\"target\":[\"https:\/\/www2.realat.lv\/lv\/par-mums\/\"]}]},{\"@type\":\"ImageObject\",\"inLanguage\":\"lv-LV\",\"@id\":\"https:\/\/www2.realat.lv\/lv\/par-mums\/#primaryimage\",\"url\":\"https:\/\/www2.realat.lv\/wp-content\/uploads\/2015\/06\/6a58461e91d52112369c3cf736607bc1-e1485387859311.jpg\",\"contentUrl\":\"https:\/\/www2.realat.lv\/wp-content\/uploads\/2015\/06\/6a58461e91d52112369c3cf736607bc1-e1485387859311.jpg\",\"width\":2000,\"height\":872},{\"@type\":\"BreadcrumbList\",\"@id\":\"https:\/\/www2.realat.lv\/lv\/par-mums\/#breadcrumb\",\"itemListElement\":[{\"@type\":\"ListItem\",\"position\":1,\"name\":\"Home\",\"item\":\"https:\/\/www2.realat.lv\/en\/\"},{\"@type\":\"ListItem\",\"position\":2,\"name\":\"Par mums\"}]},{\"@type\":\"WebSite\",\"@id\":\"https:\/\/www2.realat.lv\/en\/#website\",\"url\":\"https:\/\/www2.realat.lv\/en\/\",\"name\":\"REALAT.lv\",\"description\":\"Nekustamie \u012bpa\u0161umi, iz\u012br\u0113, iznom\u0101 un p\u0101rdod, dz\u012bvok\u013ci, m\u0101jas, zemes, komerc\u012bpa\u0161umi, invest\u012bciju projekti, starpniec\u012bbas pakalpojumi.\",\"potentialAction\":[{\"@type\":\"SearchAction\",\"target\":{\"@type\":\"EntryPoint\",\"urlTemplate\":\"https:\/\/www2.realat.lv\/en\/?s={search_term_string}\"},\"query-input\":{\"@type\":\"PropertyValueSpecification\",\"valueRequired\":true,\"valueName\":\"search_term_string\"}}],\"inLanguage\":\"lv-LV\"}]}<\/script>\n<!-- \/ Yoast SEO plugin. -->","yoast_head_json":{"title":"Par mums - REALAT.lv","description":"Realat - pilna servisa nekustamo \u012bpa\u0161umu a\u0123ent\u016bra, kas pozicion\u0113ta uz veiksm\u012bgu rezult\u0101tu sasnieg\u0161anu dar\u012bjumos ar nekustamo \u012bpa\u0161umu.","robots":{"index":"index","follow":"follow","max-snippet":"max-snippet:-1","max-image-preview":"max-image-preview:large","max-video-preview":"max-video-preview:-1"},"twitter_card":"summary_large_image","twitter_title":"Par mums - REALAT.lv","twitter_description":"{:lv}Realat - pilna servisa nekustamo \u012bpa\u0161umu a\u0123ent\u016bra, kas pozicion\u0113ta uz veiksm\u012bgu rezult\u0101tu sasnieg\u0161anu dar\u012bjumos ar nekustamo \u012bpa\u0161umu.{:}","twitter_image":"https:\/\/www2.realat.lv\/wp-content\/uploads\/2015\/06\/6a58461e91d52112369c3cf736607bc1-e1485387859311.jpg","twitter_misc":{"Est. reading time":"2 minutes"},"schema":{"@context":"https:\/\/schema.org","@graph":[{"@type":"WebPage","@id":"https:\/\/www2.realat.lv\/lv\/par-mums\/","url":"https:\/\/www2.realat.lv\/lv\/par-mums\/","name":"Par mums - REALAT.lv","isPartOf":{"@id":"https:\/\/www2.realat.lv\/en\/#website"},"primaryImageOfPage":{"@id":"https:\/\/www2.realat.lv\/lv\/par-mums\/#primaryimage"},"image":{"@id":"https:\/\/www2.realat.lv\/lv\/par-mums\/#primaryimage"},"thumbnailUrl":"https:\/\/www2.realat.lv\/wp-content\/uploads\/2015\/06\/6a58461e91d52112369c3cf736607bc1-e1485387859311.jpg","datePublished":"2015-06-11T12:35:44+00:00","dateModified":"2026-01-08T17:37:52+00:00","description":"{:lv}Realat - pilna servisa nekustamo \u012bpa\u0161umu a\u0123ent\u016bra, kas pozicion\u0113ta uz veiksm\u012bgu rezult\u0101tu sasnieg\u0161anu dar\u012bjumos ar nekustamo \u012bpa\u0161umu.{:}","breadcrumb":{"@id":"https:\/\/www2.realat.lv\/lv\/par-mums\/#breadcrumb"},"inLanguage":"lv-LV","potentialAction":[{"@type":"ReadAction","target":["https:\/\/www2.realat.lv\/lv\/par-mums\/"]}]},{"@type":"ImageObject","inLanguage":"lv-LV","@id":"https:\/\/www2.realat.lv\/lv\/par-mums\/#primaryimage","url":"https:\/\/www2.realat.lv\/wp-content\/uploads\/2015\/06\/6a58461e91d52112369c3cf736607bc1-e1485387859311.jpg","contentUrl":"https:\/\/www2.realat.lv\/wp-content\/uploads\/2015\/06\/6a58461e91d52112369c3cf736607bc1-e1485387859311.jpg","width":2000,"height":872},{"@type":"BreadcrumbList","@id":"https:\/\/www2.realat.lv\/lv\/par-mums\/#breadcrumb","itemListElement":[{"@type":"ListItem","position":1,"name":"Home","item":"https:\/\/www2.realat.lv\/en\/"},{"@type":"ListItem","position":2,"name":"Par mums"}]},{"@type":"WebSite","@id":"https:\/\/www2.realat.lv\/en\/#website","url":"https:\/\/www2.realat.lv\/en\/","name":"REALAT.lv","description":"Nekustamie \u012bpa\u0161umi, iz\u012br\u0113, iznom\u0101 un p\u0101rdod, dz\u012bvok\u013ci, m\u0101jas, zemes, komerc\u012bpa\u0161umi, invest\u012bciju projekti, starpniec\u012bbas pakalpojumi.","potentialAction":[{"@type":"SearchAction","target":{"@type":"EntryPoint","urlTemplate":"https:\/\/www2.realat.lv\/en\/?s={search_term_string}"},"query-input":{"@type":"PropertyValueSpecification","valueRequired":true,"valueName":"search_term_string"}}],"inLanguage":"lv-LV"}]}},"post_mailing_queue_ids":[],"_links":{"self":[{"href":"https:\/\/www2.realat.lv\/lv\/wp-json\/wp\/v2\/pages\/4285","targetHints":{"allow":["GET"]}}],"collection":[{"href":"https:\/\/www2.realat.lv\/lv\/wp-json\/wp\/v2\/pages"}],"about":[{"href":"https:\/\/www2.realat.lv\/lv\/wp-json\/wp\/v2\/types\/page"}],"author":[{"embeddable":true,"href":"https:\/\/www2.realat.lv\/lv\/wp-json\/wp\/v2\/users\/2"}],"replies":[{"embeddable":true,"href":"https:\/\/www2.realat.lv\/lv\/wp-json\/wp\/v2\/comments?post=4285"}],"version-history":[{"count":0,"href":"https:\/\/www2.realat.lv\/lv\/wp-json\/wp\/v2\/pages\/4285\/revisions"}],"wp:featuredmedia":[{"embeddable":true,"href":"https:\/\/www2.realat.lv\/lv\/wp-json\/wp\/v2\/media\/1373991"}],"wp:attachment":[{"href":"https:\/\/www2.realat.lv\/lv\/wp-json\/wp\/v2\/media?parent=4285"}],"curies":[{"name":"wp","href":"https:\/\/api.w.org\/{rel}","templated":true}]}}