{"id":4291,"date":"2015-06-11T12:40:28","date_gmt":"2015-06-11T12:40:28","guid":{"rendered":"http:\/\/lux.www2.realat.lv\/wordpress\/?page_id=4291"},"modified":"2024-05-24T17:33:05","modified_gmt":"2024-05-24T14:33:05","slug":"kontakti","status":"publish","type":"page","link":"https:\/\/www2.realat.lv\/lv\/kontakti\/","title":{"rendered":"Kontakti"},"content":{"rendered":"\t\t<div data-elementor-type=\"wp-page\" data-elementor-id=\"4291\" class=\"elementor elementor-4291\">\n\t\t\t\t\t\t<section class=\"elementor-section elementor-top-section elementor-element elementor-element-10b98b6a elementor-section-boxed elementor-section-height-default elementor-section-height-default\" data-id=\"10b98b6a\" data-element_type=\"section\" data-e-type=\"section\">\n\t\t\t\t\t\t<div class=\"elementor-container elementor-column-gap-default\">\n\t\t\t\t\t<div class=\"elementor-column elementor-col-100 elementor-top-column elementor-element elementor-element-765d54cc\" data-id=\"765d54cc\" data-element_type=\"column\" data-e-type=\"column\">\n\t\t\t<div class=\"elementor-widget-wrap elementor-element-populated\">\n\t\t\t\t\t\t<div class=\"elementor-element elementor-element-30dfd46b elementor-widget elementor-widget-text-editor\" data-id=\"30dfd46b\" data-element_type=\"widget\" data-e-type=\"widget\" data-widget_type=\"text-editor.default\">\n\t\t\t\t<div class=\"elementor-widget-container\">\n\t\t\t\t\t\t\t\t\t<p><\/p>\n<p><span style=\"font-size: 14pt;\">SIA REALAT<\/span><\/p>\n<p>&nbsp;<\/p>\n<p>PVN Re\u0123. Nr.: LV40103352357<\/p>\n<p>Juridisk\u0101 adrese: L\u0101\u010dpl\u0113\u0161a iela 57, R\u012bga, LV-1011<\/p>\n<p>Swedbank AS LV27HABA0551029724890&nbsp;<\/p>\n<p>HABALV22<\/p>\n<p>&nbsp;<\/p>\n<p>Faktisk\u0101 adrese: L\u0101\u010dpl\u0113\u0161a iela 57, R\u012bga, LV-1011<\/p>\n<p>T\u0101lr.: +371 67210010<\/p>\n<p>E-pasts:&nbsp;info@www2.realat.lv<\/p>\n<p>&nbsp;<\/p>\n<p>www2.realat.lv<\/p>\n<p><\/p>\t\t\t\t\t\t\t\t<\/div>\n\t\t\t\t<\/div>\n\t\t\t\t\t<\/div>\n\t\t<\/div>\n\t\t\t\t\t<\/div>\n\t\t<\/section>\n\t\t\t\t<\/div>\n\t\t","protected":false},"excerpt":{"rendered":"<p>SIA REALAT &nbsp; PVN Re\u0123. Nr.: LV40103352357 Juridisk\u0101 adrese: L\u0101\u010dpl\u0113\u0161a iela 57, R\u012bga, LV-1011 Swedbank AS LV27HABA0551029724890&nbsp; HABALV22 &nbsp; Faktisk\u0101 adrese: L\u0101\u010dpl\u0113\u0161a iela 57, R\u012bga, LV-1011 T\u0101lr.: +371 67210010 E-pasts:&nbsp;info@www2.realat.lv&#8230; <\/p>\n","protected":false},"author":2,"featured_media":1365767,"parent":0,"menu_order":0,"comment_status":"closed","ping_status":"closed","template":"contact-page.php","meta":{"footnotes":""},"class_list":["post-4291","page","type-page","status-publish","has-post-thumbnail","hentry"],"yoast_head":"<!-- This site is optimized with the Yoast SEO plugin v26.9 - https:\/\/yoast.com\/product\/yoast-seo-wordpress\/ -->\n<title>Kontakti - REALAT.lv<\/title>\n<meta name=\"description\" content=\"Sazinieties ar m\u016bsu nekustamo \u012bpa\u0161umu speci\u0101listiem. Ar liel\u0101ko prieku pal\u012bdz\u0113sim realiz\u0113t sapni par savu nekustamo \u012bpa\u0161umu.\" \/>\n<meta name=\"robots\" content=\"index, follow, max-snippet:-1, max-image-preview:large, max-video-preview:-1\" \/>\n<meta name=\"twitter:card\" content=\"summary_large_image\" \/>\n<meta name=\"twitter:title\" content=\"Kontakti - REALAT.lv\" \/>\n<meta name=\"twitter:description\" content=\"{:lv}Sazinieties ar m\u016bsu nekustamo \u012bpa\u0161umu speci\u0101listiem. Ar liel\u0101ko prieku pal\u012bdz\u0113sim realiz\u0113t sapni par savu nekustamo \u012bpa\u0161umu.{:}\" \/>\n<meta name=\"twitter:image\" content=\"https:\/\/www2.realat.lv\/wp-content\/uploads\/2015\/12\/1793017.jpg\" \/>\n<meta name=\"twitter:label1\" content=\"Est. reading time\" \/>\n\t<meta name=\"twitter:data1\" content=\"1 minute\" \/>\n<script type=\"application\/ld+json\" class=\"yoast-schema-graph\">{\"@context\":\"https:\/\/schema.org\",\"@graph\":[{\"@type\":\"WebPage\",\"@id\":\"https:\/\/www2.realat.lv\/lv\/kontakti\/\",\"url\":\"https:\/\/www2.realat.lv\/lv\/kontakti\/\",\"name\":\"Kontakti - REALAT.lv\",\"isPartOf\":{\"@id\":\"https:\/\/www2.realat.lv\/en\/#website\"},\"primaryImageOfPage\":{\"@id\":\"https:\/\/www2.realat.lv\/lv\/kontakti\/#primaryimage\"},\"image\":{\"@id\":\"https:\/\/www2.realat.lv\/lv\/kontakti\/#primaryimage\"},\"thumbnailUrl\":\"https:\/\/www2.realat.lv\/wp-content\/uploads\/2015\/12\/1793017.jpg\",\"datePublished\":\"2015-06-11T12:40:28+00:00\",\"dateModified\":\"2024-05-24T14:33:05+00:00\",\"description\":\"{:lv}Sazinieties ar m\u016bsu nekustamo \u012bpa\u0161umu speci\u0101listiem. Ar liel\u0101ko prieku pal\u012bdz\u0113sim realiz\u0113t sapni par savu nekustamo \u012bpa\u0161umu.{:}\",\"breadcrumb\":{\"@id\":\"https:\/\/www2.realat.lv\/lv\/kontakti\/#breadcrumb\"},\"inLanguage\":\"lv-LV\",\"potentialAction\":[{\"@type\":\"ReadAction\",\"target\":[\"https:\/\/www2.realat.lv\/lv\/kontakti\/\"]}]},{\"@type\":\"ImageObject\",\"inLanguage\":\"lv-LV\",\"@id\":\"https:\/\/www2.realat.lv\/lv\/kontakti\/#primaryimage\",\"url\":\"https:\/\/www2.realat.lv\/wp-content\/uploads\/2015\/12\/1793017.jpg\",\"contentUrl\":\"https:\/\/www2.realat.lv\/wp-content\/uploads\/2015\/12\/1793017.jpg\",\"width\":1920,\"height\":1200},{\"@type\":\"BreadcrumbList\",\"@id\":\"https:\/\/www2.realat.lv\/lv\/kontakti\/#breadcrumb\",\"itemListElement\":[{\"@type\":\"ListItem\",\"position\":1,\"name\":\"Home\",\"item\":\"https:\/\/www2.realat.lv\/en\/\"},{\"@type\":\"ListItem\",\"position\":2,\"name\":\"[:lv]Kontakti[:en]Contacts[:ru]\u041a\u043e\u043d\u0442\u0430\u043a\u0442\u044b[:]\"}]},{\"@type\":\"WebSite\",\"@id\":\"https:\/\/www2.realat.lv\/en\/#website\",\"url\":\"https:\/\/www2.realat.lv\/en\/\",\"name\":\"REALAT.lv\",\"description\":\"Nekustamie \u012bpa\u0161umi, iz\u012br\u0113, iznom\u0101 un p\u0101rdod, dz\u012bvok\u013ci, m\u0101jas, zemes, komerc\u012bpa\u0161umi, invest\u012bciju projekti, starpniec\u012bbas pakalpojumi.\",\"potentialAction\":[{\"@type\":\"SearchAction\",\"target\":{\"@type\":\"EntryPoint\",\"urlTemplate\":\"https:\/\/www2.realat.lv\/en\/?s={search_term_string}\"},\"query-input\":{\"@type\":\"PropertyValueSpecification\",\"valueRequired\":true,\"valueName\":\"search_term_string\"}}],\"inLanguage\":\"lv-LV\"}]}<\/script>\n<!-- \/ Yoast SEO plugin. -->","yoast_head_json":{"title":"Kontakti - REALAT.lv","description":"Sazinieties ar m\u016bsu nekustamo \u012bpa\u0161umu speci\u0101listiem. Ar liel\u0101ko prieku pal\u012bdz\u0113sim realiz\u0113t sapni par savu nekustamo \u012bpa\u0161umu.","robots":{"index":"index","follow":"follow","max-snippet":"max-snippet:-1","max-image-preview":"max-image-preview:large","max-video-preview":"max-video-preview:-1"},"twitter_card":"summary_large_image","twitter_title":"Kontakti - REALAT.lv","twitter_description":"{:lv}Sazinieties ar m\u016bsu nekustamo \u012bpa\u0161umu speci\u0101listiem. Ar liel\u0101ko prieku pal\u012bdz\u0113sim realiz\u0113t sapni par savu nekustamo \u012bpa\u0161umu.{:}","twitter_image":"https:\/\/www2.realat.lv\/wp-content\/uploads\/2015\/12\/1793017.jpg","twitter_misc":{"Est. reading time":"1 minute"},"schema":{"@context":"https:\/\/schema.org","@graph":[{"@type":"WebPage","@id":"https:\/\/www2.realat.lv\/lv\/kontakti\/","url":"https:\/\/www2.realat.lv\/lv\/kontakti\/","name":"Kontakti - REALAT.lv","isPartOf":{"@id":"https:\/\/www2.realat.lv\/en\/#website"},"primaryImageOfPage":{"@id":"https:\/\/www2.realat.lv\/lv\/kontakti\/#primaryimage"},"image":{"@id":"https:\/\/www2.realat.lv\/lv\/kontakti\/#primaryimage"},"thumbnailUrl":"https:\/\/www2.realat.lv\/wp-content\/uploads\/2015\/12\/1793017.jpg","datePublished":"2015-06-11T12:40:28+00:00","dateModified":"2024-05-24T14:33:05+00:00","description":"{:lv}Sazinieties ar m\u016bsu nekustamo \u012bpa\u0161umu speci\u0101listiem. Ar liel\u0101ko prieku pal\u012bdz\u0113sim realiz\u0113t sapni par savu nekustamo \u012bpa\u0161umu.{:}","breadcrumb":{"@id":"https:\/\/www2.realat.lv\/lv\/kontakti\/#breadcrumb"},"inLanguage":"lv-LV","potentialAction":[{"@type":"ReadAction","target":["https:\/\/www2.realat.lv\/lv\/kontakti\/"]}]},{"@type":"ImageObject","inLanguage":"lv-LV","@id":"https:\/\/www2.realat.lv\/lv\/kontakti\/#primaryimage","url":"https:\/\/www2.realat.lv\/wp-content\/uploads\/2015\/12\/1793017.jpg","contentUrl":"https:\/\/www2.realat.lv\/wp-content\/uploads\/2015\/12\/1793017.jpg","width":1920,"height":1200},{"@type":"BreadcrumbList","@id":"https:\/\/www2.realat.lv\/lv\/kontakti\/#breadcrumb","itemListElement":[{"@type":"ListItem","position":1,"name":"Home","item":"https:\/\/www2.realat.lv\/en\/"},{"@type":"ListItem","position":2,"name":"[:lv]Kontakti[:en]Contacts[:ru]\u041a\u043e\u043d\u0442\u0430\u043a\u0442\u044b[:]"}]},{"@type":"WebSite","@id":"https:\/\/www2.realat.lv\/en\/#website","url":"https:\/\/www2.realat.lv\/en\/","name":"REALAT.lv","description":"Nekustamie \u012bpa\u0161umi, iz\u012br\u0113, iznom\u0101 un p\u0101rdod, dz\u012bvok\u013ci, m\u0101jas, zemes, komerc\u012bpa\u0161umi, invest\u012bciju projekti, starpniec\u012bbas pakalpojumi.","potentialAction":[{"@type":"SearchAction","target":{"@type":"EntryPoint","urlTemplate":"https:\/\/www2.realat.lv\/en\/?s={search_term_string}"},"query-input":{"@type":"PropertyValueSpecification","valueRequired":true,"valueName":"search_term_string"}}],"inLanguage":"lv-LV"}]}},"post_mailing_queue_ids":[],"_links":{"self":[{"href":"https:\/\/www2.realat.lv\/lv\/wp-json\/wp\/v2\/pages\/4291","targetHints":{"allow":["GET"]}}],"collection":[{"href":"https:\/\/www2.realat.lv\/lv\/wp-json\/wp\/v2\/pages"}],"about":[{"href":"https:\/\/www2.realat.lv\/lv\/wp-json\/wp\/v2\/types\/page"}],"author":[{"embeddable":true,"href":"https:\/\/www2.realat.lv\/lv\/wp-json\/wp\/v2\/users\/2"}],"replies":[{"embeddable":true,"href":"https:\/\/www2.realat.lv\/lv\/wp-json\/wp\/v2\/comments?post=4291"}],"version-history":[{"count":0,"href":"https:\/\/www2.realat.lv\/lv\/wp-json\/wp\/v2\/pages\/4291\/revisions"}],"wp:featuredmedia":[{"embeddable":true,"href":"https:\/\/www2.realat.lv\/lv\/wp-json\/wp\/v2\/media\/1365767"}],"wp:attachment":[{"href":"https:\/\/www2.realat.lv\/lv\/wp-json\/wp\/v2\/media?parent=4291"}],"curies":[{"name":"wp","href":"https:\/\/api.w.org\/{rel}","templated":true}]}}