{"id":4298,"date":"2015-06-11T12:47:29","date_gmt":"2015-06-11T12:47:29","guid":{"rendered":"http:\/\/lux.www2.realat.lv\/wordpress\/?page_id=4298"},"modified":"2019-02-17T18:19:01","modified_gmt":"2019-02-17T16:19:01","slug":"musu-klienti-mekle","status":"publish","type":"page","link":"https:\/\/www2.realat.lv\/lv\/musu-klienti-mekle\/","title":{"rendered":"M\u016bsu klienti mekl\u0113"},"content":{"rendered":"","protected":false},"excerpt":{"rendered":"","protected":false},"author":2,"featured_media":7288,"parent":0,"menu_order":0,"comment_status":"closed","ping_status":"closed","template":"klienti-mekle.php","meta":{"footnotes":""},"class_list":["post-4298","page","type-page","status-publish","has-post-thumbnail","hentry"],"yoast_head":"<!-- This site is optimized with the Yoast SEO plugin v26.9 - https:\/\/yoast.com\/product\/yoast-seo-wordpress\/ -->\n<title>M\u016bsu klienti mekl\u0113 - REALAT.lv<\/title>\n<meta name=\"description\" content=\"Lai ar\u012b k\u0101das b\u016btu m\u016bsu klientu pras\u012bbas un v\u0113lmes saist\u012bb\u0101 ar nekustamo \u012bpa\u0161umu, m\u0113s atrad\u012bsim piem\u0113rot\u0101ko risin\u0101jumu. Dro\u0161i sazinies ar mums!\" \/>\n<meta name=\"robots\" content=\"index, follow, max-snippet:-1, max-image-preview:large, max-video-preview:-1\" \/>\n<meta name=\"twitter:card\" content=\"summary_large_image\" \/>\n<meta name=\"twitter:title\" content=\"M\u016bsu klienti mekl\u0113 - REALAT.lv\" \/>\n<meta name=\"twitter:description\" content=\"Lai ar\u012b k\u0101das b\u016btu m\u016bsu klientu pras\u012bbas un v\u0113lmes saist\u012bb\u0101 ar nekustamo \u012bpa\u0161umu, m\u0113s atrad\u012bsim piem\u0113rot\u0101ko risin\u0101jumu. Dro\u0161i sazinies ar mums!\" \/>\n<meta name=\"twitter:image\" content=\"https:\/\/www2.realat.lv\/wp-content\/uploads\/2015\/10\/white-brick-wall-with-grey-concrete-floor.jpg\" \/>\n<script type=\"application\/ld+json\" class=\"yoast-schema-graph\">{\"@context\":\"https:\/\/schema.org\",\"@graph\":[{\"@type\":\"WebPage\",\"@id\":\"https:\/\/www2.realat.lv\/ru\/%d0%bd%d0%b0%d1%88%d0%b8-%d0%ba%d0%bb%d0%b8%d0%b5%d0%bd%d1%82%d1%8b-%d0%b8%d1%89%d1%83%d1%82\/\",\"url\":\"https:\/\/www2.realat.lv\/ru\/%d0%bd%d0%b0%d1%88%d0%b8-%d0%ba%d0%bb%d0%b8%d0%b5%d0%bd%d1%82%d1%8b-%d0%b8%d1%89%d1%83%d1%82\/\",\"name\":\"M\u016bsu klienti mekl\u0113 - REALAT.lv\",\"isPartOf\":{\"@id\":\"https:\/\/www2.realat.lv\/en\/#website\"},\"primaryImageOfPage\":{\"@id\":\"https:\/\/www2.realat.lv\/ru\/%d0%bd%d0%b0%d1%88%d0%b8-%d0%ba%d0%bb%d0%b8%d0%b5%d0%bd%d1%82%d1%8b-%d0%b8%d1%89%d1%83%d1%82\/#primaryimage\"},\"image\":{\"@id\":\"https:\/\/www2.realat.lv\/ru\/%d0%bd%d0%b0%d1%88%d0%b8-%d0%ba%d0%bb%d0%b8%d0%b5%d0%bd%d1%82%d1%8b-%d0%b8%d1%89%d1%83%d1%82\/#primaryimage\"},\"thumbnailUrl\":\"https:\/\/www2.realat.lv\/wp-content\/uploads\/2015\/10\/white-brick-wall-with-grey-concrete-floor.jpg\",\"datePublished\":\"2015-06-11T12:47:29+00:00\",\"dateModified\":\"2019-02-17T16:19:01+00:00\",\"description\":\"Lai ar\u012b k\u0101das b\u016btu m\u016bsu klientu pras\u012bbas un v\u0113lmes saist\u012bb\u0101 ar nekustamo \u012bpa\u0161umu, m\u0113s atrad\u012bsim piem\u0113rot\u0101ko risin\u0101jumu. Dro\u0161i sazinies ar mums!\",\"breadcrumb\":{\"@id\":\"https:\/\/www2.realat.lv\/ru\/%d0%bd%d0%b0%d1%88%d0%b8-%d0%ba%d0%bb%d0%b8%d0%b5%d0%bd%d1%82%d1%8b-%d0%b8%d1%89%d1%83%d1%82\/#breadcrumb\"},\"inLanguage\":\"lv-LV\",\"potentialAction\":[{\"@type\":\"ReadAction\",\"target\":[\"https:\/\/www2.realat.lv\/ru\/%d0%bd%d0%b0%d1%88%d0%b8-%d0%ba%d0%bb%d0%b8%d0%b5%d0%bd%d1%82%d1%8b-%d0%b8%d1%89%d1%83%d1%82\/\"]}]},{\"@type\":\"ImageObject\",\"inLanguage\":\"lv-LV\",\"@id\":\"https:\/\/www2.realat.lv\/ru\/%d0%bd%d0%b0%d1%88%d0%b8-%d0%ba%d0%bb%d0%b8%d0%b5%d0%bd%d1%82%d1%8b-%d0%b8%d1%89%d1%83%d1%82\/#primaryimage\",\"url\":\"https:\/\/www2.realat.lv\/wp-content\/uploads\/2015\/10\/white-brick-wall-with-grey-concrete-floor.jpg\",\"contentUrl\":\"https:\/\/www2.realat.lv\/wp-content\/uploads\/2015\/10\/white-brick-wall-with-grey-concrete-floor.jpg\",\"width\":1920,\"height\":1080},{\"@type\":\"BreadcrumbList\",\"@id\":\"https:\/\/www2.realat.lv\/ru\/%d0%bd%d0%b0%d1%88%d0%b8-%d0%ba%d0%bb%d0%b8%d0%b5%d0%bd%d1%82%d1%8b-%d0%b8%d1%89%d1%83%d1%82\/#breadcrumb\",\"itemListElement\":[{\"@type\":\"ListItem\",\"position\":1,\"name\":\"Home\",\"item\":\"https:\/\/www2.realat.lv\/en\/\"},{\"@type\":\"ListItem\",\"position\":2,\"name\":\"\u041d\u0430\u0448\u0438 \u043a\u043b\u0438\u0435\u043d\u0442\u044b \u0438\u0449\u0443\u0442\"}]},{\"@type\":\"WebSite\",\"@id\":\"https:\/\/www2.realat.lv\/en\/#website\",\"url\":\"https:\/\/www2.realat.lv\/en\/\",\"name\":\"REALAT.lv\",\"description\":\"Nekustamie \u012bpa\u0161umi, iz\u012br\u0113, iznom\u0101 un p\u0101rdod, dz\u012bvok\u013ci, m\u0101jas, zemes, komerc\u012bpa\u0161umi, invest\u012bciju projekti, starpniec\u012bbas pakalpojumi.\",\"potentialAction\":[{\"@type\":\"SearchAction\",\"target\":{\"@type\":\"EntryPoint\",\"urlTemplate\":\"https:\/\/www2.realat.lv\/en\/?s={search_term_string}\"},\"query-input\":{\"@type\":\"PropertyValueSpecification\",\"valueRequired\":true,\"valueName\":\"search_term_string\"}}],\"inLanguage\":\"lv-LV\"}]}<\/script>\n<!-- \/ Yoast SEO plugin. -->","yoast_head_json":{"title":"M\u016bsu klienti mekl\u0113 - REALAT.lv","description":"Lai ar\u012b k\u0101das b\u016btu m\u016bsu klientu pras\u012bbas un v\u0113lmes saist\u012bb\u0101 ar nekustamo \u012bpa\u0161umu, m\u0113s atrad\u012bsim piem\u0113rot\u0101ko risin\u0101jumu. Dro\u0161i sazinies ar mums!","robots":{"index":"index","follow":"follow","max-snippet":"max-snippet:-1","max-image-preview":"max-image-preview:large","max-video-preview":"max-video-preview:-1"},"twitter_card":"summary_large_image","twitter_title":"M\u016bsu klienti mekl\u0113 - REALAT.lv","twitter_description":"Lai ar\u012b k\u0101das b\u016btu m\u016bsu klientu pras\u012bbas un v\u0113lmes saist\u012bb\u0101 ar nekustamo \u012bpa\u0161umu, m\u0113s atrad\u012bsim piem\u0113rot\u0101ko risin\u0101jumu. Dro\u0161i sazinies ar mums!","twitter_image":"https:\/\/www2.realat.lv\/wp-content\/uploads\/2015\/10\/white-brick-wall-with-grey-concrete-floor.jpg","schema":{"@context":"https:\/\/schema.org","@graph":[{"@type":"WebPage","@id":"https:\/\/www2.realat.lv\/ru\/%d0%bd%d0%b0%d1%88%d0%b8-%d0%ba%d0%bb%d0%b8%d0%b5%d0%bd%d1%82%d1%8b-%d0%b8%d1%89%d1%83%d1%82\/","url":"https:\/\/www2.realat.lv\/ru\/%d0%bd%d0%b0%d1%88%d0%b8-%d0%ba%d0%bb%d0%b8%d0%b5%d0%bd%d1%82%d1%8b-%d0%b8%d1%89%d1%83%d1%82\/","name":"M\u016bsu klienti mekl\u0113 - REALAT.lv","isPartOf":{"@id":"https:\/\/www2.realat.lv\/en\/#website"},"primaryImageOfPage":{"@id":"https:\/\/www2.realat.lv\/ru\/%d0%bd%d0%b0%d1%88%d0%b8-%d0%ba%d0%bb%d0%b8%d0%b5%d0%bd%d1%82%d1%8b-%d0%b8%d1%89%d1%83%d1%82\/#primaryimage"},"image":{"@id":"https:\/\/www2.realat.lv\/ru\/%d0%bd%d0%b0%d1%88%d0%b8-%d0%ba%d0%bb%d0%b8%d0%b5%d0%bd%d1%82%d1%8b-%d0%b8%d1%89%d1%83%d1%82\/#primaryimage"},"thumbnailUrl":"https:\/\/www2.realat.lv\/wp-content\/uploads\/2015\/10\/white-brick-wall-with-grey-concrete-floor.jpg","datePublished":"2015-06-11T12:47:29+00:00","dateModified":"2019-02-17T16:19:01+00:00","description":"Lai ar\u012b k\u0101das b\u016btu m\u016bsu klientu pras\u012bbas un v\u0113lmes saist\u012bb\u0101 ar nekustamo \u012bpa\u0161umu, m\u0113s atrad\u012bsim piem\u0113rot\u0101ko risin\u0101jumu. Dro\u0161i sazinies ar mums!","breadcrumb":{"@id":"https:\/\/www2.realat.lv\/ru\/%d0%bd%d0%b0%d1%88%d0%b8-%d0%ba%d0%bb%d0%b8%d0%b5%d0%bd%d1%82%d1%8b-%d0%b8%d1%89%d1%83%d1%82\/#breadcrumb"},"inLanguage":"lv-LV","potentialAction":[{"@type":"ReadAction","target":["https:\/\/www2.realat.lv\/ru\/%d0%bd%d0%b0%d1%88%d0%b8-%d0%ba%d0%bb%d0%b8%d0%b5%d0%bd%d1%82%d1%8b-%d0%b8%d1%89%d1%83%d1%82\/"]}]},{"@type":"ImageObject","inLanguage":"lv-LV","@id":"https:\/\/www2.realat.lv\/ru\/%d0%bd%d0%b0%d1%88%d0%b8-%d0%ba%d0%bb%d0%b8%d0%b5%d0%bd%d1%82%d1%8b-%d0%b8%d1%89%d1%83%d1%82\/#primaryimage","url":"https:\/\/www2.realat.lv\/wp-content\/uploads\/2015\/10\/white-brick-wall-with-grey-concrete-floor.jpg","contentUrl":"https:\/\/www2.realat.lv\/wp-content\/uploads\/2015\/10\/white-brick-wall-with-grey-concrete-floor.jpg","width":1920,"height":1080},{"@type":"BreadcrumbList","@id":"https:\/\/www2.realat.lv\/ru\/%d0%bd%d0%b0%d1%88%d0%b8-%d0%ba%d0%bb%d0%b8%d0%b5%d0%bd%d1%82%d1%8b-%d0%b8%d1%89%d1%83%d1%82\/#breadcrumb","itemListElement":[{"@type":"ListItem","position":1,"name":"Home","item":"https:\/\/www2.realat.lv\/en\/"},{"@type":"ListItem","position":2,"name":"\u041d\u0430\u0448\u0438 \u043a\u043b\u0438\u0435\u043d\u0442\u044b \u0438\u0449\u0443\u0442"}]},{"@type":"WebSite","@id":"https:\/\/www2.realat.lv\/en\/#website","url":"https:\/\/www2.realat.lv\/en\/","name":"REALAT.lv","description":"Nekustamie \u012bpa\u0161umi, iz\u012br\u0113, iznom\u0101 un p\u0101rdod, dz\u012bvok\u013ci, m\u0101jas, zemes, komerc\u012bpa\u0161umi, invest\u012bciju projekti, starpniec\u012bbas pakalpojumi.","potentialAction":[{"@type":"SearchAction","target":{"@type":"EntryPoint","urlTemplate":"https:\/\/www2.realat.lv\/en\/?s={search_term_string}"},"query-input":{"@type":"PropertyValueSpecification","valueRequired":true,"valueName":"search_term_string"}}],"inLanguage":"lv-LV"}]}},"post_mailing_queue_ids":[],"_links":{"self":[{"href":"https:\/\/www2.realat.lv\/lv\/wp-json\/wp\/v2\/pages\/4298","targetHints":{"allow":["GET"]}}],"collection":[{"href":"https:\/\/www2.realat.lv\/lv\/wp-json\/wp\/v2\/pages"}],"about":[{"href":"https:\/\/www2.realat.lv\/lv\/wp-json\/wp\/v2\/types\/page"}],"author":[{"embeddable":true,"href":"https:\/\/www2.realat.lv\/lv\/wp-json\/wp\/v2\/users\/2"}],"replies":[{"embeddable":true,"href":"https:\/\/www2.realat.lv\/lv\/wp-json\/wp\/v2\/comments?post=4298"}],"version-history":[{"count":0,"href":"https:\/\/www2.realat.lv\/lv\/wp-json\/wp\/v2\/pages\/4298\/revisions"}],"wp:featuredmedia":[{"embeddable":true,"href":"https:\/\/www2.realat.lv\/lv\/wp-json\/wp\/v2\/media\/7288"}],"wp:attachment":[{"href":"https:\/\/www2.realat.lv\/lv\/wp-json\/wp\/v2\/media?parent=4298"}],"curies":[{"name":"wp","href":"https:\/\/api.w.org\/{rel}","templated":true}]}}