{"id":4302,"date":"2015-06-11T12:49:51","date_gmt":"2015-06-11T12:49:51","guid":{"rendered":"http:\/\/lux.www2.realat.lv\/wordpress\/?page_id=4302"},"modified":"2019-02-17T17:00:17","modified_gmt":"2019-02-17T15:00:17","slug":"pieteikt-viziti","status":"publish","type":"page","link":"https:\/\/www2.realat.lv\/lv\/pieteikt-viziti\/","title":{"rendered":"Pieteikt viz\u012bti"},"content":{"rendered":"","protected":false},"excerpt":{"rendered":"","protected":false},"author":2,"featured_media":7305,"parent":0,"menu_order":0,"comment_status":"closed","ping_status":"closed","template":"pieteikt-viziti.php","meta":{"footnotes":""},"class_list":["post-4302","page","type-page","status-publish","has-post-thumbnail","hentry"],"yoast_head":"<!-- This site is optimized with the Yoast SEO plugin v26.9 - https:\/\/yoast.com\/product\/yoast-seo-wordpress\/ -->\n<title>Pieteikt viz\u012bti - REALAT.lv<\/title>\n<meta name=\"description\" content=\"Ja pl\u0101no aktivit\u0101tes ar nekustamo \u012bpa\u0161umu - ieg\u0101d\u0101ties, p\u0101rdot, \u012br\u0113t vai nom\u0101t, dro\u0161i sazinies un piesaki tik\u0161anos ar mums. M\u0113s noteikti pal\u012bdz\u0113sim!\" \/>\n<meta name=\"robots\" content=\"index, follow, max-snippet:-1, max-image-preview:large, max-video-preview:-1\" \/>\n<meta name=\"twitter:card\" content=\"summary_large_image\" \/>\n<meta name=\"twitter:title\" content=\"Pieteikt viz\u012bti - REALAT.lv\" \/>\n<meta name=\"twitter:description\" content=\"Ja pl\u0101no aktivit\u0101tes ar nekustamo \u012bpa\u0161umu - ieg\u0101d\u0101ties, p\u0101rdot, \u012br\u0113t vai nom\u0101t, dro\u0161i sazinies un piesaki tik\u0161anos ar mums. M\u0113s noteikti pal\u012bdz\u0113sim!\" \/>\n<meta name=\"twitter:image\" content=\"https:\/\/www2.realat.lv\/wp-content\/uploads\/2015\/06\/122.jpg\" \/>\n<script type=\"application\/ld+json\" class=\"yoast-schema-graph\">{\"@context\":\"https:\/\/schema.org\",\"@graph\":[{\"@type\":\"WebPage\",\"@id\":\"https:\/\/www2.realat.lv\/lv\/pieteikt-viziti\/\",\"url\":\"https:\/\/www2.realat.lv\/lv\/pieteikt-viziti\/\",\"name\":\"Pieteikt viz\u012bti - REALAT.lv\",\"isPartOf\":{\"@id\":\"https:\/\/www2.realat.lv\/en\/#website\"},\"primaryImageOfPage\":{\"@id\":\"https:\/\/www2.realat.lv\/lv\/pieteikt-viziti\/#primaryimage\"},\"image\":{\"@id\":\"https:\/\/www2.realat.lv\/lv\/pieteikt-viziti\/#primaryimage\"},\"thumbnailUrl\":\"https:\/\/www2.realat.lv\/wp-content\/uploads\/2015\/06\/122.jpg\",\"datePublished\":\"2015-06-11T12:49:51+00:00\",\"dateModified\":\"2019-02-17T15:00:17+00:00\",\"description\":\"Ja pl\u0101no aktivit\u0101tes ar nekustamo \u012bpa\u0161umu - ieg\u0101d\u0101ties, p\u0101rdot, \u012br\u0113t vai nom\u0101t, dro\u0161i sazinies un piesaki tik\u0161anos ar mums. M\u0113s noteikti pal\u012bdz\u0113sim!\",\"breadcrumb\":{\"@id\":\"https:\/\/www2.realat.lv\/lv\/pieteikt-viziti\/#breadcrumb\"},\"inLanguage\":\"lv-LV\",\"potentialAction\":[{\"@type\":\"ReadAction\",\"target\":[\"https:\/\/www2.realat.lv\/lv\/pieteikt-viziti\/\"]}]},{\"@type\":\"ImageObject\",\"inLanguage\":\"lv-LV\",\"@id\":\"https:\/\/www2.realat.lv\/lv\/pieteikt-viziti\/#primaryimage\",\"url\":\"https:\/\/www2.realat.lv\/wp-content\/uploads\/2015\/06\/122.jpg\",\"contentUrl\":\"https:\/\/www2.realat.lv\/wp-content\/uploads\/2015\/06\/122.jpg\",\"width\":1200,\"height\":422},{\"@type\":\"BreadcrumbList\",\"@id\":\"https:\/\/www2.realat.lv\/lv\/pieteikt-viziti\/#breadcrumb\",\"itemListElement\":[{\"@type\":\"ListItem\",\"position\":1,\"name\":\"Home\",\"item\":\"https:\/\/www2.realat.lv\/en\/\"},{\"@type\":\"ListItem\",\"position\":2,\"name\":\"Pieteikt viz\u012bti\"}]},{\"@type\":\"WebSite\",\"@id\":\"https:\/\/www2.realat.lv\/en\/#website\",\"url\":\"https:\/\/www2.realat.lv\/en\/\",\"name\":\"REALAT.lv\",\"description\":\"Nekustamie \u012bpa\u0161umi, iz\u012br\u0113, iznom\u0101 un p\u0101rdod, dz\u012bvok\u013ci, m\u0101jas, zemes, komerc\u012bpa\u0161umi, invest\u012bciju projekti, starpniec\u012bbas pakalpojumi.\",\"potentialAction\":[{\"@type\":\"SearchAction\",\"target\":{\"@type\":\"EntryPoint\",\"urlTemplate\":\"https:\/\/www2.realat.lv\/en\/?s={search_term_string}\"},\"query-input\":{\"@type\":\"PropertyValueSpecification\",\"valueRequired\":true,\"valueName\":\"search_term_string\"}}],\"inLanguage\":\"lv-LV\"}]}<\/script>\n<!-- \/ Yoast SEO plugin. -->","yoast_head_json":{"title":"Pieteikt viz\u012bti - REALAT.lv","description":"Ja pl\u0101no aktivit\u0101tes ar nekustamo \u012bpa\u0161umu - ieg\u0101d\u0101ties, p\u0101rdot, \u012br\u0113t vai nom\u0101t, dro\u0161i sazinies un piesaki tik\u0161anos ar mums. M\u0113s noteikti pal\u012bdz\u0113sim!","robots":{"index":"index","follow":"follow","max-snippet":"max-snippet:-1","max-image-preview":"max-image-preview:large","max-video-preview":"max-video-preview:-1"},"twitter_card":"summary_large_image","twitter_title":"Pieteikt viz\u012bti - REALAT.lv","twitter_description":"Ja pl\u0101no aktivit\u0101tes ar nekustamo \u012bpa\u0161umu - ieg\u0101d\u0101ties, p\u0101rdot, \u012br\u0113t vai nom\u0101t, dro\u0161i sazinies un piesaki tik\u0161anos ar mums. M\u0113s noteikti pal\u012bdz\u0113sim!","twitter_image":"https:\/\/www2.realat.lv\/wp-content\/uploads\/2015\/06\/122.jpg","schema":{"@context":"https:\/\/schema.org","@graph":[{"@type":"WebPage","@id":"https:\/\/www2.realat.lv\/lv\/pieteikt-viziti\/","url":"https:\/\/www2.realat.lv\/lv\/pieteikt-viziti\/","name":"Pieteikt viz\u012bti - REALAT.lv","isPartOf":{"@id":"https:\/\/www2.realat.lv\/en\/#website"},"primaryImageOfPage":{"@id":"https:\/\/www2.realat.lv\/lv\/pieteikt-viziti\/#primaryimage"},"image":{"@id":"https:\/\/www2.realat.lv\/lv\/pieteikt-viziti\/#primaryimage"},"thumbnailUrl":"https:\/\/www2.realat.lv\/wp-content\/uploads\/2015\/06\/122.jpg","datePublished":"2015-06-11T12:49:51+00:00","dateModified":"2019-02-17T15:00:17+00:00","description":"Ja pl\u0101no aktivit\u0101tes ar nekustamo \u012bpa\u0161umu - ieg\u0101d\u0101ties, p\u0101rdot, \u012br\u0113t vai nom\u0101t, dro\u0161i sazinies un piesaki tik\u0161anos ar mums. M\u0113s noteikti pal\u012bdz\u0113sim!","breadcrumb":{"@id":"https:\/\/www2.realat.lv\/lv\/pieteikt-viziti\/#breadcrumb"},"inLanguage":"lv-LV","potentialAction":[{"@type":"ReadAction","target":["https:\/\/www2.realat.lv\/lv\/pieteikt-viziti\/"]}]},{"@type":"ImageObject","inLanguage":"lv-LV","@id":"https:\/\/www2.realat.lv\/lv\/pieteikt-viziti\/#primaryimage","url":"https:\/\/www2.realat.lv\/wp-content\/uploads\/2015\/06\/122.jpg","contentUrl":"https:\/\/www2.realat.lv\/wp-content\/uploads\/2015\/06\/122.jpg","width":1200,"height":422},{"@type":"BreadcrumbList","@id":"https:\/\/www2.realat.lv\/lv\/pieteikt-viziti\/#breadcrumb","itemListElement":[{"@type":"ListItem","position":1,"name":"Home","item":"https:\/\/www2.realat.lv\/en\/"},{"@type":"ListItem","position":2,"name":"Pieteikt viz\u012bti"}]},{"@type":"WebSite","@id":"https:\/\/www2.realat.lv\/en\/#website","url":"https:\/\/www2.realat.lv\/en\/","name":"REALAT.lv","description":"Nekustamie \u012bpa\u0161umi, iz\u012br\u0113, iznom\u0101 un p\u0101rdod, dz\u012bvok\u013ci, m\u0101jas, zemes, komerc\u012bpa\u0161umi, invest\u012bciju projekti, starpniec\u012bbas pakalpojumi.","potentialAction":[{"@type":"SearchAction","target":{"@type":"EntryPoint","urlTemplate":"https:\/\/www2.realat.lv\/en\/?s={search_term_string}"},"query-input":{"@type":"PropertyValueSpecification","valueRequired":true,"valueName":"search_term_string"}}],"inLanguage":"lv-LV"}]}},"post_mailing_queue_ids":[],"_links":{"self":[{"href":"https:\/\/www2.realat.lv\/lv\/wp-json\/wp\/v2\/pages\/4302","targetHints":{"allow":["GET"]}}],"collection":[{"href":"https:\/\/www2.realat.lv\/lv\/wp-json\/wp\/v2\/pages"}],"about":[{"href":"https:\/\/www2.realat.lv\/lv\/wp-json\/wp\/v2\/types\/page"}],"author":[{"embeddable":true,"href":"https:\/\/www2.realat.lv\/lv\/wp-json\/wp\/v2\/users\/2"}],"replies":[{"embeddable":true,"href":"https:\/\/www2.realat.lv\/lv\/wp-json\/wp\/v2\/comments?post=4302"}],"version-history":[{"count":0,"href":"https:\/\/www2.realat.lv\/lv\/wp-json\/wp\/v2\/pages\/4302\/revisions"}],"wp:featuredmedia":[{"embeddable":true,"href":"https:\/\/www2.realat.lv\/lv\/wp-json\/wp\/v2\/media\/7305"}],"wp:attachment":[{"href":"https:\/\/www2.realat.lv\/lv\/wp-json\/wp\/v2\/media?parent=4302"}],"curies":[{"name":"wp","href":"https:\/\/api.w.org\/{rel}","templated":true}]}}