{"id":4337,"date":"2015-06-11T13:05:49","date_gmt":"2015-06-11T13:05:49","guid":{"rendered":"http:\/\/lux.www2.realat.lv\/wordpress\/?page_id=4337"},"modified":"2022-04-19T23:18:29","modified_gmt":"2022-04-19T20:18:29","slug":"jautajumi-un-atbildes","status":"publish","type":"page","link":"https:\/\/www2.realat.lv\/lv\/jautajumi-un-atbildes\/","title":{"rendered":"Jaut\u0101jumi un atbildes"},"content":{"rendered":"<p><\/p>\n<p><span style=\"font-weight: 400;\">Dro\u0161i vien Jums ir sakr\u0101ju\u0161ies daudzi jaut\u0101jumi par un ap nekustamie \u012bpa\u0161umiem, protams, jo nekustamo \u012bpa\u0161umu tirgus ir atbild\u012bgs un apsv\u0113rumu pilns, t\u0101p\u0113c aicinam J\u016bs uz tik\u0161anos m\u016bsu biroj\u0101, kur p\u0101rrunu telp\u0101, pie gar\u0161\u012bgas kafijas tases m\u0113s apspried\u012bsim m\u016bsu potenci\u0101lo sadarb\u012bbu.<\/span><\/p>\n<p><\/p>","protected":false},"excerpt":{"rendered":"<p>Dro\u0161i vien Jums ir sakr\u0101ju\u0161ies daudzi jaut\u0101jumi par un ap nekustamie \u012bpa\u0161umiem, protams, jo nekustamo \u012bpa\u0161umu tirgus ir atbild\u012bgs un apsv\u0113rumu pilns, t\u0101p\u0113c aicinam J\u016bs uz tik\u0161anos m\u016bsu biroj\u0101, kur&#8230; <\/p>\n","protected":false},"author":2,"featured_media":1373994,"parent":0,"menu_order":0,"comment_status":"open","ping_status":"closed","template":"jautajumi_atbildes.php","meta":{"footnotes":""},"class_list":["post-4337","page","type-page","status-publish","has-post-thumbnail","hentry"],"yoast_head":"<!-- This site is optimized with the Yoast SEO plugin v26.9 - https:\/\/yoast.com\/product\/yoast-seo-wordpress\/ -->\n<title>Jaut\u0101jumi un atbildes - REALAT.lv<\/title>\n<meta name=\"description\" content=\"J\u016bsu jaut\u0101jumi, m\u016bsu atbildes par nekustamo \u012bpa\u0161umu. Dar\u012bjumi ar nekustamo \u012bpa\u0161umu ir nopietni un apsv\u0113rumu pilni. Ar prieku atbild\u0113sim uz tiem ar\u012b \u0161eit!\" \/>\n<meta name=\"robots\" content=\"index, follow, max-snippet:-1, max-image-preview:large, max-video-preview:-1\" \/>\n<meta name=\"twitter:card\" content=\"summary_large_image\" \/>\n<meta name=\"twitter:title\" content=\"Jaut\u0101jumi un atbildes - REALAT.lv\" \/>\n<meta name=\"twitter:description\" content=\"J\u016bsu jaut\u0101jumi, m\u016bsu atbildes par nekustamo \u012bpa\u0161umu. Dar\u012bjumi ar nekustamo \u012bpa\u0161umu ir nopietni un apsv\u0113rumu pilni. Ar prieku atbild\u0113sim uz tiem ar\u012b \u0161eit!\" \/>\n<meta name=\"twitter:image\" content=\"https:\/\/www2.realat.lv\/wp-content\/uploads\/2015\/06\/bc9151533eee78c82da6392d19fcd8a7.jpg\" \/>\n<script type=\"application\/ld+json\" class=\"yoast-schema-graph\">{\"@context\":\"https:\/\/schema.org\",\"@graph\":[{\"@type\":\"WebPage\",\"@id\":\"https:\/\/www2.realat.lv\/lv\/jautajumi-un-atbildes\/\",\"url\":\"https:\/\/www2.realat.lv\/lv\/jautajumi-un-atbildes\/\",\"name\":\"Jaut\u0101jumi un atbildes - REALAT.lv\",\"isPartOf\":{\"@id\":\"https:\/\/www2.realat.lv\/en\/#website\"},\"primaryImageOfPage\":{\"@id\":\"https:\/\/www2.realat.lv\/lv\/jautajumi-un-atbildes\/#primaryimage\"},\"image\":{\"@id\":\"https:\/\/www2.realat.lv\/lv\/jautajumi-un-atbildes\/#primaryimage\"},\"thumbnailUrl\":\"https:\/\/www2.realat.lv\/wp-content\/uploads\/2015\/06\/bc9151533eee78c82da6392d19fcd8a7.jpg\",\"datePublished\":\"2015-06-11T13:05:49+00:00\",\"dateModified\":\"2022-04-19T20:18:29+00:00\",\"description\":\"J\u016bsu jaut\u0101jumi, m\u016bsu atbildes par nekustamo \u012bpa\u0161umu. Dar\u012bjumi ar nekustamo \u012bpa\u0161umu ir nopietni un apsv\u0113rumu pilni. Ar prieku atbild\u0113sim uz tiem ar\u012b \u0161eit!\",\"breadcrumb\":{\"@id\":\"https:\/\/www2.realat.lv\/lv\/jautajumi-un-atbildes\/#breadcrumb\"},\"inLanguage\":\"lv-LV\",\"potentialAction\":[{\"@type\":\"ReadAction\",\"target\":[\"https:\/\/www2.realat.lv\/lv\/jautajumi-un-atbildes\/\"]}]},{\"@type\":\"ImageObject\",\"inLanguage\":\"lv-LV\",\"@id\":\"https:\/\/www2.realat.lv\/lv\/jautajumi-un-atbildes\/#primaryimage\",\"url\":\"https:\/\/www2.realat.lv\/wp-content\/uploads\/2015\/06\/bc9151533eee78c82da6392d19fcd8a7.jpg\",\"contentUrl\":\"https:\/\/www2.realat.lv\/wp-content\/uploads\/2015\/06\/bc9151533eee78c82da6392d19fcd8a7.jpg\",\"width\":800,\"height\":631},{\"@type\":\"BreadcrumbList\",\"@id\":\"https:\/\/www2.realat.lv\/lv\/jautajumi-un-atbildes\/#breadcrumb\",\"itemListElement\":[{\"@type\":\"ListItem\",\"position\":1,\"name\":\"Home\",\"item\":\"https:\/\/www2.realat.lv\/en\/\"},{\"@type\":\"ListItem\",\"position\":2,\"name\":\"Jaut\u0101jumi un atbildes\"}]},{\"@type\":\"WebSite\",\"@id\":\"https:\/\/www2.realat.lv\/en\/#website\",\"url\":\"https:\/\/www2.realat.lv\/en\/\",\"name\":\"REALAT.lv\",\"description\":\"Nekustamie \u012bpa\u0161umi, iz\u012br\u0113, iznom\u0101 un p\u0101rdod, dz\u012bvok\u013ci, m\u0101jas, zemes, komerc\u012bpa\u0161umi, invest\u012bciju projekti, starpniec\u012bbas pakalpojumi.\",\"potentialAction\":[{\"@type\":\"SearchAction\",\"target\":{\"@type\":\"EntryPoint\",\"urlTemplate\":\"https:\/\/www2.realat.lv\/en\/?s={search_term_string}\"},\"query-input\":{\"@type\":\"PropertyValueSpecification\",\"valueRequired\":true,\"valueName\":\"search_term_string\"}}],\"inLanguage\":\"lv-LV\"}]}<\/script>\n<!-- \/ Yoast SEO plugin. -->","yoast_head_json":{"title":"Jaut\u0101jumi un atbildes - REALAT.lv","description":"J\u016bsu jaut\u0101jumi, m\u016bsu atbildes par nekustamo \u012bpa\u0161umu. Dar\u012bjumi ar nekustamo \u012bpa\u0161umu ir nopietni un apsv\u0113rumu pilni. Ar prieku atbild\u0113sim uz tiem ar\u012b \u0161eit!","robots":{"index":"index","follow":"follow","max-snippet":"max-snippet:-1","max-image-preview":"max-image-preview:large","max-video-preview":"max-video-preview:-1"},"twitter_card":"summary_large_image","twitter_title":"Jaut\u0101jumi un atbildes - REALAT.lv","twitter_description":"J\u016bsu jaut\u0101jumi, m\u016bsu atbildes par nekustamo \u012bpa\u0161umu. Dar\u012bjumi ar nekustamo \u012bpa\u0161umu ir nopietni un apsv\u0113rumu pilni. Ar prieku atbild\u0113sim uz tiem ar\u012b \u0161eit!","twitter_image":"https:\/\/www2.realat.lv\/wp-content\/uploads\/2015\/06\/bc9151533eee78c82da6392d19fcd8a7.jpg","schema":{"@context":"https:\/\/schema.org","@graph":[{"@type":"WebPage","@id":"https:\/\/www2.realat.lv\/lv\/jautajumi-un-atbildes\/","url":"https:\/\/www2.realat.lv\/lv\/jautajumi-un-atbildes\/","name":"Jaut\u0101jumi un atbildes - REALAT.lv","isPartOf":{"@id":"https:\/\/www2.realat.lv\/en\/#website"},"primaryImageOfPage":{"@id":"https:\/\/www2.realat.lv\/lv\/jautajumi-un-atbildes\/#primaryimage"},"image":{"@id":"https:\/\/www2.realat.lv\/lv\/jautajumi-un-atbildes\/#primaryimage"},"thumbnailUrl":"https:\/\/www2.realat.lv\/wp-content\/uploads\/2015\/06\/bc9151533eee78c82da6392d19fcd8a7.jpg","datePublished":"2015-06-11T13:05:49+00:00","dateModified":"2022-04-19T20:18:29+00:00","description":"J\u016bsu jaut\u0101jumi, m\u016bsu atbildes par nekustamo \u012bpa\u0161umu. Dar\u012bjumi ar nekustamo \u012bpa\u0161umu ir nopietni un apsv\u0113rumu pilni. Ar prieku atbild\u0113sim uz tiem ar\u012b \u0161eit!","breadcrumb":{"@id":"https:\/\/www2.realat.lv\/lv\/jautajumi-un-atbildes\/#breadcrumb"},"inLanguage":"lv-LV","potentialAction":[{"@type":"ReadAction","target":["https:\/\/www2.realat.lv\/lv\/jautajumi-un-atbildes\/"]}]},{"@type":"ImageObject","inLanguage":"lv-LV","@id":"https:\/\/www2.realat.lv\/lv\/jautajumi-un-atbildes\/#primaryimage","url":"https:\/\/www2.realat.lv\/wp-content\/uploads\/2015\/06\/bc9151533eee78c82da6392d19fcd8a7.jpg","contentUrl":"https:\/\/www2.realat.lv\/wp-content\/uploads\/2015\/06\/bc9151533eee78c82da6392d19fcd8a7.jpg","width":800,"height":631},{"@type":"BreadcrumbList","@id":"https:\/\/www2.realat.lv\/lv\/jautajumi-un-atbildes\/#breadcrumb","itemListElement":[{"@type":"ListItem","position":1,"name":"Home","item":"https:\/\/www2.realat.lv\/en\/"},{"@type":"ListItem","position":2,"name":"Jaut\u0101jumi un atbildes"}]},{"@type":"WebSite","@id":"https:\/\/www2.realat.lv\/en\/#website","url":"https:\/\/www2.realat.lv\/en\/","name":"REALAT.lv","description":"Nekustamie \u012bpa\u0161umi, iz\u012br\u0113, iznom\u0101 un p\u0101rdod, dz\u012bvok\u013ci, m\u0101jas, zemes, komerc\u012bpa\u0161umi, invest\u012bciju projekti, starpniec\u012bbas pakalpojumi.","potentialAction":[{"@type":"SearchAction","target":{"@type":"EntryPoint","urlTemplate":"https:\/\/www2.realat.lv\/en\/?s={search_term_string}"},"query-input":{"@type":"PropertyValueSpecification","valueRequired":true,"valueName":"search_term_string"}}],"inLanguage":"lv-LV"}]}},"post_mailing_queue_ids":[],"_links":{"self":[{"href":"https:\/\/www2.realat.lv\/lv\/wp-json\/wp\/v2\/pages\/4337","targetHints":{"allow":["GET"]}}],"collection":[{"href":"https:\/\/www2.realat.lv\/lv\/wp-json\/wp\/v2\/pages"}],"about":[{"href":"https:\/\/www2.realat.lv\/lv\/wp-json\/wp\/v2\/types\/page"}],"author":[{"embeddable":true,"href":"https:\/\/www2.realat.lv\/lv\/wp-json\/wp\/v2\/users\/2"}],"replies":[{"embeddable":true,"href":"https:\/\/www2.realat.lv\/lv\/wp-json\/wp\/v2\/comments?post=4337"}],"version-history":[{"count":0,"href":"https:\/\/www2.realat.lv\/lv\/wp-json\/wp\/v2\/pages\/4337\/revisions"}],"wp:featuredmedia":[{"embeddable":true,"href":"https:\/\/www2.realat.lv\/lv\/wp-json\/wp\/v2\/media\/1373994"}],"wp:attachment":[{"href":"https:\/\/www2.realat.lv\/lv\/wp-json\/wp\/v2\/media?parent=4337"}],"curies":[{"name":"wp","href":"https:\/\/api.w.org\/{rel}","templated":true}]}}