{"id":7293,"date":"2015-11-24T12:33:07","date_gmt":"2015-11-24T12:33:07","guid":{"rendered":"http:\/\/lux.www2.realat.lv\/wordpress\/?page_id=7293"},"modified":"2022-10-06T11:45:09","modified_gmt":"2022-10-06T08:45:09","slug":"suti-savu-pieprasijumu","status":"publish","type":"page","link":"https:\/\/www2.realat.lv\/lv\/suti-savu-pieprasijumu\/","title":{"rendered":"S\u016bti savu piepras\u012bjumu"},"content":{"rendered":"<p><\/p>\n<p><strong><span style=\"font-size: 14pt;\">Neizdodas atrast to ko mekl\u0113!<\/span><\/strong><\/p>\n<p>Net\u0113r\u0113 laiku, s\u016btiet mums detaliz\u0113tu piepras\u012bjumu, un m\u0113s Jums piemekl\u0113sim\u00a0atbilsto\u0161\u0101ko variantu jau tuv\u0101kaj\u0101 laik\u0101!<\/p>\n<blockquote>\n<p><span style=\"font-size: 14pt;\">Ietaupi savu d\u0101rgo laiku &#8211; uzticies profesion\u0101\u013ciem!<\/span><\/p>\n<\/blockquote>\n<p><\/p>","protected":false},"excerpt":{"rendered":"<p>Neizdodas atrast to ko mekl\u0113! Net\u0113r\u0113 laiku, s\u016btiet mums detaliz\u0113tu piepras\u012bjumu, un m\u0113s Jums piemekl\u0113sim\u00a0atbilsto\u0161\u0101ko variantu jau tuv\u0101kaj\u0101 laik\u0101! Ietaupi savu d\u0101rgo laiku &#8211; uzticies profesion\u0101\u013ciem!<\/p>\n","protected":false},"author":2,"featured_media":7430,"parent":0,"menu_order":0,"comment_status":"closed","ping_status":"closed","template":"suti-pieprasijumu.php","meta":{"footnotes":""},"class_list":["post-7293","page","type-page","status-publish","has-post-thumbnail","hentry"],"yoast_head":"<!-- This site is optimized with the Yoast SEO plugin v26.9 - https:\/\/yoast.com\/product\/yoast-seo-wordpress\/ -->\n<title>S\u016bti savu piepras\u012bjumu - REALAT.lv<\/title>\n<meta name=\"robots\" content=\"index, follow, max-snippet:-1, max-image-preview:large, max-video-preview:-1\" \/>\n<meta name=\"twitter:card\" content=\"summary_large_image\" \/>\n<meta name=\"twitter:title\" content=\"S\u016bti savu piepras\u012bjumu - REALAT.lv\" \/>\n<meta name=\"twitter:description\" content=\"Neizdodas atrast to ko mekl\u0113! Net\u0113r\u0113 laiku, s\u016btiet mums detaliz\u0113tu piepras\u012bjumu, un m\u0113s Jums piemekl\u0113sim\u00a0atbilsto\u0161\u0101ko variantu jau tuv\u0101kaj\u0101 laik\u0101! Ietaupi savu d\u0101rgo laiku &#8211; uzticies profesion\u0101\u013ciem!\" \/>\n<meta name=\"twitter:image\" content=\"https:\/\/www2.realat.lv\/wp-content\/uploads\/2015\/11\/interior-wooden-wall-wood-texture-wall-sculpture.jpg\" \/>\n<meta name=\"twitter:label1\" content=\"Est. reading time\" \/>\n\t<meta name=\"twitter:data1\" content=\"1 minute\" \/>\n<script type=\"application\/ld+json\" class=\"yoast-schema-graph\">{\"@context\":\"https:\/\/schema.org\",\"@graph\":[{\"@type\":\"WebPage\",\"@id\":\"https:\/\/www2.realat.lv\/lv\/suti-savu-pieprasijumu\/\",\"url\":\"https:\/\/www2.realat.lv\/lv\/suti-savu-pieprasijumu\/\",\"name\":\"S\u016bti savu piepras\u012bjumu - REALAT.lv\",\"isPartOf\":{\"@id\":\"https:\/\/www2.realat.lv\/en\/#website\"},\"primaryImageOfPage\":{\"@id\":\"https:\/\/www2.realat.lv\/lv\/suti-savu-pieprasijumu\/#primaryimage\"},\"image\":{\"@id\":\"https:\/\/www2.realat.lv\/lv\/suti-savu-pieprasijumu\/#primaryimage\"},\"thumbnailUrl\":\"https:\/\/www2.realat.lv\/wp-content\/uploads\/2015\/11\/interior-wooden-wall-wood-texture-wall-sculpture.jpg\",\"datePublished\":\"2015-11-24T12:33:07+00:00\",\"dateModified\":\"2022-10-06T08:45:09+00:00\",\"breadcrumb\":{\"@id\":\"https:\/\/www2.realat.lv\/lv\/suti-savu-pieprasijumu\/#breadcrumb\"},\"inLanguage\":\"lv-LV\",\"potentialAction\":[{\"@type\":\"ReadAction\",\"target\":[\"https:\/\/www2.realat.lv\/lv\/suti-savu-pieprasijumu\/\"]}]},{\"@type\":\"ImageObject\",\"inLanguage\":\"lv-LV\",\"@id\":\"https:\/\/www2.realat.lv\/lv\/suti-savu-pieprasijumu\/#primaryimage\",\"url\":\"https:\/\/www2.realat.lv\/wp-content\/uploads\/2015\/11\/interior-wooden-wall-wood-texture-wall-sculpture.jpg\",\"contentUrl\":\"https:\/\/www2.realat.lv\/wp-content\/uploads\/2015\/11\/interior-wooden-wall-wood-texture-wall-sculpture.jpg\",\"width\":2048,\"height\":1350},{\"@type\":\"BreadcrumbList\",\"@id\":\"https:\/\/www2.realat.lv\/lv\/suti-savu-pieprasijumu\/#breadcrumb\",\"itemListElement\":[{\"@type\":\"ListItem\",\"position\":1,\"name\":\"Home\",\"item\":\"https:\/\/www2.realat.lv\/en\/\"},{\"@type\":\"ListItem\",\"position\":2,\"name\":\"S\u016bti savu piepras\u012bjumu\"}]},{\"@type\":\"WebSite\",\"@id\":\"https:\/\/www2.realat.lv\/en\/#website\",\"url\":\"https:\/\/www2.realat.lv\/en\/\",\"name\":\"REALAT.lv\",\"description\":\"Nekustamie \u012bpa\u0161umi, iz\u012br\u0113, iznom\u0101 un p\u0101rdod, dz\u012bvok\u013ci, m\u0101jas, zemes, komerc\u012bpa\u0161umi, invest\u012bciju projekti, starpniec\u012bbas pakalpojumi.\",\"potentialAction\":[{\"@type\":\"SearchAction\",\"target\":{\"@type\":\"EntryPoint\",\"urlTemplate\":\"https:\/\/www2.realat.lv\/en\/?s={search_term_string}\"},\"query-input\":{\"@type\":\"PropertyValueSpecification\",\"valueRequired\":true,\"valueName\":\"search_term_string\"}}],\"inLanguage\":\"lv-LV\"}]}<\/script>\n<!-- \/ Yoast SEO plugin. -->","yoast_head_json":{"title":"S\u016bti savu piepras\u012bjumu - REALAT.lv","robots":{"index":"index","follow":"follow","max-snippet":"max-snippet:-1","max-image-preview":"max-image-preview:large","max-video-preview":"max-video-preview:-1"},"twitter_card":"summary_large_image","twitter_title":"S\u016bti savu piepras\u012bjumu - REALAT.lv","twitter_description":"Neizdodas atrast to ko mekl\u0113! Net\u0113r\u0113 laiku, s\u016btiet mums detaliz\u0113tu piepras\u012bjumu, un m\u0113s Jums piemekl\u0113sim\u00a0atbilsto\u0161\u0101ko variantu jau tuv\u0101kaj\u0101 laik\u0101! Ietaupi savu d\u0101rgo laiku &#8211; uzticies profesion\u0101\u013ciem!","twitter_image":"https:\/\/www2.realat.lv\/wp-content\/uploads\/2015\/11\/interior-wooden-wall-wood-texture-wall-sculpture.jpg","twitter_misc":{"Est. reading time":"1 minute"},"schema":{"@context":"https:\/\/schema.org","@graph":[{"@type":"WebPage","@id":"https:\/\/www2.realat.lv\/lv\/suti-savu-pieprasijumu\/","url":"https:\/\/www2.realat.lv\/lv\/suti-savu-pieprasijumu\/","name":"S\u016bti savu piepras\u012bjumu - REALAT.lv","isPartOf":{"@id":"https:\/\/www2.realat.lv\/en\/#website"},"primaryImageOfPage":{"@id":"https:\/\/www2.realat.lv\/lv\/suti-savu-pieprasijumu\/#primaryimage"},"image":{"@id":"https:\/\/www2.realat.lv\/lv\/suti-savu-pieprasijumu\/#primaryimage"},"thumbnailUrl":"https:\/\/www2.realat.lv\/wp-content\/uploads\/2015\/11\/interior-wooden-wall-wood-texture-wall-sculpture.jpg","datePublished":"2015-11-24T12:33:07+00:00","dateModified":"2022-10-06T08:45:09+00:00","breadcrumb":{"@id":"https:\/\/www2.realat.lv\/lv\/suti-savu-pieprasijumu\/#breadcrumb"},"inLanguage":"lv-LV","potentialAction":[{"@type":"ReadAction","target":["https:\/\/www2.realat.lv\/lv\/suti-savu-pieprasijumu\/"]}]},{"@type":"ImageObject","inLanguage":"lv-LV","@id":"https:\/\/www2.realat.lv\/lv\/suti-savu-pieprasijumu\/#primaryimage","url":"https:\/\/www2.realat.lv\/wp-content\/uploads\/2015\/11\/interior-wooden-wall-wood-texture-wall-sculpture.jpg","contentUrl":"https:\/\/www2.realat.lv\/wp-content\/uploads\/2015\/11\/interior-wooden-wall-wood-texture-wall-sculpture.jpg","width":2048,"height":1350},{"@type":"BreadcrumbList","@id":"https:\/\/www2.realat.lv\/lv\/suti-savu-pieprasijumu\/#breadcrumb","itemListElement":[{"@type":"ListItem","position":1,"name":"Home","item":"https:\/\/www2.realat.lv\/en\/"},{"@type":"ListItem","position":2,"name":"S\u016bti savu piepras\u012bjumu"}]},{"@type":"WebSite","@id":"https:\/\/www2.realat.lv\/en\/#website","url":"https:\/\/www2.realat.lv\/en\/","name":"REALAT.lv","description":"Nekustamie \u012bpa\u0161umi, iz\u012br\u0113, iznom\u0101 un p\u0101rdod, dz\u012bvok\u013ci, m\u0101jas, zemes, komerc\u012bpa\u0161umi, invest\u012bciju projekti, starpniec\u012bbas pakalpojumi.","potentialAction":[{"@type":"SearchAction","target":{"@type":"EntryPoint","urlTemplate":"https:\/\/www2.realat.lv\/en\/?s={search_term_string}"},"query-input":{"@type":"PropertyValueSpecification","valueRequired":true,"valueName":"search_term_string"}}],"inLanguage":"lv-LV"}]}},"post_mailing_queue_ids":[],"_links":{"self":[{"href":"https:\/\/www2.realat.lv\/lv\/wp-json\/wp\/v2\/pages\/7293","targetHints":{"allow":["GET"]}}],"collection":[{"href":"https:\/\/www2.realat.lv\/lv\/wp-json\/wp\/v2\/pages"}],"about":[{"href":"https:\/\/www2.realat.lv\/lv\/wp-json\/wp\/v2\/types\/page"}],"author":[{"embeddable":true,"href":"https:\/\/www2.realat.lv\/lv\/wp-json\/wp\/v2\/users\/2"}],"replies":[{"embeddable":true,"href":"https:\/\/www2.realat.lv\/lv\/wp-json\/wp\/v2\/comments?post=7293"}],"version-history":[{"count":0,"href":"https:\/\/www2.realat.lv\/lv\/wp-json\/wp\/v2\/pages\/7293\/revisions"}],"wp:featuredmedia":[{"embeddable":true,"href":"https:\/\/www2.realat.lv\/lv\/wp-json\/wp\/v2\/media\/7430"}],"wp:attachment":[{"href":"https:\/\/www2.realat.lv\/lv\/wp-json\/wp\/v2\/media?parent=7293"}],"curies":[{"name":"wp","href":"https:\/\/api.w.org\/{rel}","templated":true}]}}