{"id":7570,"date":"2015-12-17T08:07:50","date_gmt":"2015-12-17T08:07:50","guid":{"rendered":"http:\/\/lux.www2.realat.lv\/wordpress\/?page_id=7570"},"modified":"2021-08-30T22:59:44","modified_gmt":"2021-08-30T20:59:44","slug":"komercplatibu-starpnieciba","status":"publish","type":"page","link":"https:\/\/www2.realat.lv\/lv\/komercplatibu-starpnieciba\/","title":{"rendered":"Komerc\u012bpa\u0161umu realiz\u0101cija"},"content":{"rendered":"<p><\/p>\n<blockquote>\n<p style=\"text-align: left;\"><span style=\"font-size: 14pt;\">REALAT konsultantiem\u00a0ir ilggad\u0113ja pieredze darbojoties komercplat\u012bbu segment\u0101 un m\u0113s esam sapratu\u0161i, ka m\u016bsu virsm\u0113r\u0137is ir pal\u012bdz\u0113t uz\u0146\u0113m\u012bgiem cilv\u0113kiem atrast savam biznesam piem\u0113rotu vidi, kur tie b\u016btu sp\u0113j\u012bgi augt un att\u012bst\u012bties.<\/span><\/p>\n<\/blockquote>\n<p style=\"text-align: left;\">\nLai tas b\u016btu iesp\u0113jams m\u0113s piev\u0113r\u0161am uzman\u012bbu deta\u013c\u0101m, iedzi\u013cinoties katra klienta v\u0113lm\u0113s, jo dz\u012bve, t\u0101pat k\u0101 \u00a0bizness, sast\u0101v no s\u012bkumiem.<\/p>\n<p style=\"text-align: left;\">M\u016bsu ide\u0101li ir m\u016bsu sadarb\u012bbas partneri un klienti \u2013 cilv\u0113ki, kuri ap\u0146\u0113mu\u0161ies sev izvirz\u012bt m\u0113r\u0137us nevis t\u0101p\u0113c, ka tie ir viegli, bet t\u0101p\u0113c, ka tie ir gr\u016bti sasniedzami.<\/p>\n<blockquote>\n<p>\n<span style=\"font-size: 14pt;\">M\u0113s zin\u0101m, ka veiksm\u012bgai uz\u0146\u0113muma att\u012bst\u012bbai ir nepiecie\u0161ama attiec\u012bga vieta, glu\u017ei k\u0101 s\u0113klai, kurai ir\u00a0vajadz\u012bga sagatavota zeme, kur n\u0101kotn\u0113 izaugs koks un nes\u012bs daudz aug\u013cus.<\/span><\/p>\n<\/blockquote>\n<p style=\"text-align: left;\">Aizpildi \u0161o \u012bso pieteikumu, un m\u016bsu komerc\u012bpa\u0161umu a\u0123ents ar jums sazin\u0101sies p\u0101ris stundu laik\u0101:<br \/>\n\n<div class=\"wpcf7 no-js\" id=\"wpcf7-f2033491-o1\" lang=\"lv-LV\" dir=\"ltr\" data-wpcf7-id=\"2033491\">\n<div class=\"screen-reader-response\"><p role=\"status\" aria-live=\"polite\" aria-atomic=\"true\"><\/p> <ul><\/ul><\/div>\n<form action=\"\/lv\/wp-json\/wp\/v2\/pages\/7570#wpcf7-f2033491-o1\" method=\"post\" class=\"wpcf7-form init\" aria-label=\"Contact form\" novalidate=\"novalidate\" data-status=\"init\">\n<fieldset class=\"hidden-fields-container\"><input type=\"hidden\" name=\"_wpcf7\" value=\"2033491\" \/><input type=\"hidden\" name=\"_wpcf7_version\" value=\"6.1.5\" \/><input type=\"hidden\" name=\"_wpcf7_locale\" value=\"lv_LV\" \/><input type=\"hidden\" name=\"_wpcf7_unit_tag\" value=\"wpcf7-f2033491-o1\" \/><input type=\"hidden\" name=\"_wpcf7_container_post\" value=\"0\" \/><input type=\"hidden\" name=\"_wpcf7_posted_data_hash\" value=\"\" \/><input type=\"hidden\" name=\"_wpcf7_recaptcha_response\" value=\"\" \/>\n<\/fieldset>\n<div style=\"padding-top:10px;\">\n<\/div>\n<div class=\"row\">\n\t<div class=\"col-xs-12 col-sm-12 col-md-4 col-lg-12\" style=\"padding-top:5px;\">\n\t\t<p>V\u0101rds, Uzv\u0101rds <span class=\"text-red\">*<\/span>\n\t\t<\/p>\n\t\t<p><span class=\"wpcf7-form-control-wrap\" data-name=\"your-name\"><input size=\"40\" maxlength=\"400\" class=\"wpcf7-form-control wpcf7-text wpcf7-validates-as-required\" aria-required=\"true\" aria-invalid=\"false\" value=\"\" type=\"text\" name=\"your-name\" \/><\/span>\n\t\t<\/p>\n\t<\/div>\n\t<div class=\"col-xs-12 col-sm-12 col-md-4 col-lg-12\" style=\"padding-top:5px;\">\n\t\t<p>E-pasts <span class=\"text-red\">*<\/span>\n\t\t<\/p>\n\t\t<p><span class=\"wpcf7-form-control-wrap\" data-name=\"your-email\"><input size=\"40\" maxlength=\"400\" class=\"wpcf7-form-control wpcf7-email wpcf7-validates-as-required wpcf7-text wpcf7-validates-as-email\" aria-required=\"true\" aria-invalid=\"false\" value=\"\" type=\"email\" name=\"your-email\" \/><\/span>\n\t\t<\/p>\n\t<\/div>\n\t<div class=\"col-xs-12 col-sm-12 col-md-4 col-lg-12\" style=\"padding-top:5px;\">\n\t\t<p>T\u0101lr. <span class=\"text-red\">*<\/span>\n\t\t<\/p>\n\t\t<p><span class=\"wpcf7-form-control-wrap\" data-name=\"your-tel\"><input size=\"40\" maxlength=\"400\" class=\"wpcf7-form-control wpcf7-tel wpcf7-validates-as-required wpcf7-text wpcf7-validates-as-tel\" aria-required=\"true\" aria-invalid=\"false\" value=\"\" type=\"tel\" name=\"your-tel\" \/><\/span>\n\t\t<\/p>\n\t<\/div>\n\t<div class=\"col-xs-12 col-sm-12 col-md-4 col-lg-12\" style=\"padding-top:5px;\">\n\t\t<p>Apraksts <span class=\"text-red\"><\/span>\n\t\t<\/p>\n\t\t<p><span class=\"wpcf7-form-control-wrap\" data-name=\"Apraksts\"><textarea cols=\"40\" rows=\"10\" maxlength=\"2000\" class=\"wpcf7-form-control wpcf7-textarea\" aria-invalid=\"false\" name=\"Apraksts\"><\/textarea><\/span>\n\t\t<\/p>\n\t<\/div>\n\t<div class=\"col-xs-12 col-sm-12 col-md-2 col-lg-2\" style=\"padding-top:15px;\">\n\t\t<p><input class=\"wpcf7-form-control wpcf7-submit has-spinner\" type=\"submit\" value=\"NOS\u016aT\u012aT\" \/>\n\t\t<\/p>\n\t<\/div>\n<\/div><div class=\"wpcf7-response-output\" aria-hidden=\"true\"><\/div>\n<\/form>\n<\/div>\n<\/p>\n<p style=\"text-align: left;\">\u00a0<\/p>\n<p style=\"text-align: left;\"><strong>REALAT ekspertu komand\u0101 darbojas cilv\u0113ki, kuri savu darb\u012bbu balsta zin\u0101\u0161an\u0101s un rado\u0161\u0101 pieej\u0101, kas ir atsl\u0113ga uz pan\u0101kumiem.<\/strong><\/p>\n<p style=\"text-align: left;\">\nLai tas b\u016btu iesp\u0113jams, m\u0113s nodro\u0161in\u0101m Jums pakalpojumu, kas ietver sev\u012b kvalit\u0101ti, laika ekonomiju, attiec\u012bgu tirgus ekspert\u012bzi, specifiskas zin\u0101\u0161anas, pla\u0161u tirg\u016b pieejamo objektu kl\u0101stu, gan ar\u012b pied\u0101v\u0101jam \u012bpa\u0161umus, kuri netiek publiski reklam\u0113ti.<\/p>\n<p style=\"text-align: left;\">\nM\u016bsu komp\u0101nija ar\u012b pied\u0101v\u0101 par\u016bp\u0113ties par J\u016bsu \u012bpa\u0161umu apsaimnieko\u0161anu, pied\u0101v\u0101jot izdev\u012bgus risin\u0101jumus un augstv\u0113rt\u012bgu kvalit\u0101ti.<\/p>\n<p style=\"text-align: left;\">REALAT komp\u0101nijas darb\u012bbas virzieni nosedz pilna spektra komercplat\u012bbu segmentu.<\/p>\n<p style=\"text-align: left;\">Komercplat\u012bbu\u00a0segment\u0101 str\u0101d\u0101jam ar visa veida biroja telp\u0101m, visa veida tirdzniec\u012bbas telp\u0101m, nam\u012bpa\u0161umiem, noliktav\u0101m, ra\u017eotn\u0113m, k\u0101 ar\u012b komercapb\u016bvei paredz\u0113to zemju iznom\u0101\u0161anu un tirdzniec\u012bbu, \u0113din\u0101\u0161anas nozares, salona un izklaides iest\u0101\u017eu telp\u0101m.<\/p>\n<p style=\"text-align: left;\"><a href=\"http:\/\/www2.realat.lv\/lv\/izire-un-pardod\/telpas\/visi\/properties-search-results\/?sc=0&amp;ss=0&amp;scat=33&amp;spst=0&amp;smir=&amp;smar=&amp;smia=&amp;smaa=&amp;smif=&amp;smaf=&amp;smip=&amp;smap=&amp;view=saraksts\" target=\"_blank\" rel=\"noopener\">Apskati m\u016bsu pied\u0101v\u0101jumus publiskaj\u0101 datu b\u0101z\u0113<\/a><\/p>\n<p>&nbsp;<\/p>\n<p>&nbsp;<\/p>\n<p><\/p>","protected":false},"excerpt":{"rendered":"<p>REALAT konsultantiem\u00a0ir ilggad\u0113ja pieredze darbojoties komercplat\u012bbu segment\u0101 un m\u0113s esam sapratu\u0161i, ka m\u016bsu virsm\u0113r\u0137is ir pal\u012bdz\u0113t uz\u0146\u0113m\u012bgiem cilv\u0113kiem atrast savam biznesam piem\u0113rotu vidi, kur tie b\u016btu sp\u0113j\u012bgi augt un att\u012bst\u012bties&#8230;. <\/p>\n","protected":false},"author":2,"featured_media":1373979,"parent":0,"menu_order":0,"comment_status":"closed","ping_status":"closed","template":"single.php","meta":{"footnotes":""},"class_list":["post-7570","page","type-page","status-publish","has-post-thumbnail","hentry"],"yoast_head":"<!-- This site is optimized with the Yoast SEO plugin v26.9 - https:\/\/yoast.com\/product\/yoast-seo-wordpress\/ -->\n<title>Komerc\u012bpa\u0161umu starpniec\u012bba - Noma - Tirdzniec\u012bba - REALAT.lv<\/title>\n<meta name=\"description\" content=\"REALAT komanda\u00a0apzin\u0101s, ka m\u016bsu m\u0113r\u0137is ir pal\u012bdz\u0113t uz\u0146\u0113m\u012bgiem cilv\u0113kiem atrast savam biznesam piem\u0113rotu vidi, kur tie b\u016btu sp\u0113j\u012bgi augt un att\u012bst\u012bties.\" \/>\n<meta name=\"robots\" content=\"index, follow, max-snippet:-1, max-image-preview:large, max-video-preview:-1\" \/>\n<meta name=\"twitter:card\" content=\"summary_large_image\" \/>\n<meta name=\"twitter:title\" content=\"Komerc\u012bpa\u0161umu starpniec\u012bba - Noma - Tirdzniec\u012bba - REALAT.lv\" \/>\n<meta name=\"twitter:description\" content=\"REALAT komanda\u00a0apzin\u0101s, ka m\u016bsu m\u0113r\u0137is ir pal\u012bdz\u0113t uz\u0146\u0113m\u012bgiem cilv\u0113kiem atrast savam biznesam piem\u0113rotu vidi, kur tie b\u016btu sp\u0113j\u012bgi augt un att\u012bst\u012bties.\" \/>\n<meta name=\"twitter:image\" content=\"https:\/\/www2.realat.lv\/wp-content\/uploads\/2017\/01\/architecture-1727806.jpg\" \/>\n<meta name=\"twitter:label1\" content=\"Est. reading time\" \/>\n\t<meta name=\"twitter:data1\" content=\"2 minutes\" \/>\n<script type=\"application\/ld+json\" class=\"yoast-schema-graph\">{\"@context\":\"https:\/\/schema.org\",\"@graph\":[{\"@type\":\"WebPage\",\"@id\":\"https:\/\/www2.realat.lv\/lv\/komercplatibu-starpnieciba\/\",\"url\":\"https:\/\/www2.realat.lv\/lv\/komercplatibu-starpnieciba\/\",\"name\":\"Komerc\u012bpa\u0161umu starpniec\u012bba - Noma - Tirdzniec\u012bba - REALAT.lv\",\"isPartOf\":{\"@id\":\"https:\/\/www2.realat.lv\/en\/#website\"},\"primaryImageOfPage\":{\"@id\":\"https:\/\/www2.realat.lv\/lv\/komercplatibu-starpnieciba\/#primaryimage\"},\"image\":{\"@id\":\"https:\/\/www2.realat.lv\/lv\/komercplatibu-starpnieciba\/#primaryimage\"},\"thumbnailUrl\":\"https:\/\/www2.realat.lv\/wp-content\/uploads\/2017\/01\/architecture-1727806.jpg\",\"datePublished\":\"2015-12-17T08:07:50+00:00\",\"dateModified\":\"2021-08-30T20:59:44+00:00\",\"description\":\"REALAT komanda\u00a0apzin\u0101s, ka m\u016bsu m\u0113r\u0137is ir pal\u012bdz\u0113t uz\u0146\u0113m\u012bgiem cilv\u0113kiem atrast savam biznesam piem\u0113rotu vidi, kur tie b\u016btu sp\u0113j\u012bgi augt un att\u012bst\u012bties.\",\"breadcrumb\":{\"@id\":\"https:\/\/www2.realat.lv\/lv\/komercplatibu-starpnieciba\/#breadcrumb\"},\"inLanguage\":\"lv-LV\",\"potentialAction\":[{\"@type\":\"ReadAction\",\"target\":[\"https:\/\/www2.realat.lv\/lv\/komercplatibu-starpnieciba\/\"]}]},{\"@type\":\"ImageObject\",\"inLanguage\":\"lv-LV\",\"@id\":\"https:\/\/www2.realat.lv\/lv\/komercplatibu-starpnieciba\/#primaryimage\",\"url\":\"https:\/\/www2.realat.lv\/wp-content\/uploads\/2017\/01\/architecture-1727806.jpg\",\"contentUrl\":\"https:\/\/www2.realat.lv\/wp-content\/uploads\/2017\/01\/architecture-1727806.jpg\",\"width\":2048,\"height\":1365},{\"@type\":\"BreadcrumbList\",\"@id\":\"https:\/\/www2.realat.lv\/lv\/komercplatibu-starpnieciba\/#breadcrumb\",\"itemListElement\":[{\"@type\":\"ListItem\",\"position\":1,\"name\":\"Home\",\"item\":\"https:\/\/www2.realat.lv\/en\/\"},{\"@type\":\"ListItem\",\"position\":2,\"name\":\"Komerc\u012bpa\u0161umu realiz\u0101cija\"}]},{\"@type\":\"WebSite\",\"@id\":\"https:\/\/www2.realat.lv\/en\/#website\",\"url\":\"https:\/\/www2.realat.lv\/en\/\",\"name\":\"REALAT.lv\",\"description\":\"Nekustamie \u012bpa\u0161umi, iz\u012br\u0113, iznom\u0101 un p\u0101rdod, dz\u012bvok\u013ci, m\u0101jas, zemes, komerc\u012bpa\u0161umi, invest\u012bciju projekti, starpniec\u012bbas pakalpojumi.\",\"potentialAction\":[{\"@type\":\"SearchAction\",\"target\":{\"@type\":\"EntryPoint\",\"urlTemplate\":\"https:\/\/www2.realat.lv\/en\/?s={search_term_string}\"},\"query-input\":{\"@type\":\"PropertyValueSpecification\",\"valueRequired\":true,\"valueName\":\"search_term_string\"}}],\"inLanguage\":\"lv-LV\"}]}<\/script>\n<!-- \/ Yoast SEO plugin. -->","yoast_head_json":{"title":"Komerc\u012bpa\u0161umu starpniec\u012bba - Noma - Tirdzniec\u012bba - REALAT.lv","description":"REALAT komanda\u00a0apzin\u0101s, ka m\u016bsu m\u0113r\u0137is ir pal\u012bdz\u0113t uz\u0146\u0113m\u012bgiem cilv\u0113kiem atrast savam biznesam piem\u0113rotu vidi, kur tie b\u016btu sp\u0113j\u012bgi augt un att\u012bst\u012bties.","robots":{"index":"index","follow":"follow","max-snippet":"max-snippet:-1","max-image-preview":"max-image-preview:large","max-video-preview":"max-video-preview:-1"},"twitter_card":"summary_large_image","twitter_title":"Komerc\u012bpa\u0161umu starpniec\u012bba - Noma - Tirdzniec\u012bba - REALAT.lv","twitter_description":"REALAT komanda\u00a0apzin\u0101s, ka m\u016bsu m\u0113r\u0137is ir pal\u012bdz\u0113t uz\u0146\u0113m\u012bgiem cilv\u0113kiem atrast savam biznesam piem\u0113rotu vidi, kur tie b\u016btu sp\u0113j\u012bgi augt un att\u012bst\u012bties.","twitter_image":"https:\/\/www2.realat.lv\/wp-content\/uploads\/2017\/01\/architecture-1727806.jpg","twitter_misc":{"Est. reading time":"2 minutes"},"schema":{"@context":"https:\/\/schema.org","@graph":[{"@type":"WebPage","@id":"https:\/\/www2.realat.lv\/lv\/komercplatibu-starpnieciba\/","url":"https:\/\/www2.realat.lv\/lv\/komercplatibu-starpnieciba\/","name":"Komerc\u012bpa\u0161umu starpniec\u012bba - Noma - Tirdzniec\u012bba - REALAT.lv","isPartOf":{"@id":"https:\/\/www2.realat.lv\/en\/#website"},"primaryImageOfPage":{"@id":"https:\/\/www2.realat.lv\/lv\/komercplatibu-starpnieciba\/#primaryimage"},"image":{"@id":"https:\/\/www2.realat.lv\/lv\/komercplatibu-starpnieciba\/#primaryimage"},"thumbnailUrl":"https:\/\/www2.realat.lv\/wp-content\/uploads\/2017\/01\/architecture-1727806.jpg","datePublished":"2015-12-17T08:07:50+00:00","dateModified":"2021-08-30T20:59:44+00:00","description":"REALAT komanda\u00a0apzin\u0101s, ka m\u016bsu m\u0113r\u0137is ir pal\u012bdz\u0113t uz\u0146\u0113m\u012bgiem cilv\u0113kiem atrast savam biznesam piem\u0113rotu vidi, kur tie b\u016btu sp\u0113j\u012bgi augt un att\u012bst\u012bties.","breadcrumb":{"@id":"https:\/\/www2.realat.lv\/lv\/komercplatibu-starpnieciba\/#breadcrumb"},"inLanguage":"lv-LV","potentialAction":[{"@type":"ReadAction","target":["https:\/\/www2.realat.lv\/lv\/komercplatibu-starpnieciba\/"]}]},{"@type":"ImageObject","inLanguage":"lv-LV","@id":"https:\/\/www2.realat.lv\/lv\/komercplatibu-starpnieciba\/#primaryimage","url":"https:\/\/www2.realat.lv\/wp-content\/uploads\/2017\/01\/architecture-1727806.jpg","contentUrl":"https:\/\/www2.realat.lv\/wp-content\/uploads\/2017\/01\/architecture-1727806.jpg","width":2048,"height":1365},{"@type":"BreadcrumbList","@id":"https:\/\/www2.realat.lv\/lv\/komercplatibu-starpnieciba\/#breadcrumb","itemListElement":[{"@type":"ListItem","position":1,"name":"Home","item":"https:\/\/www2.realat.lv\/en\/"},{"@type":"ListItem","position":2,"name":"Komerc\u012bpa\u0161umu realiz\u0101cija"}]},{"@type":"WebSite","@id":"https:\/\/www2.realat.lv\/en\/#website","url":"https:\/\/www2.realat.lv\/en\/","name":"REALAT.lv","description":"Nekustamie \u012bpa\u0161umi, iz\u012br\u0113, iznom\u0101 un p\u0101rdod, dz\u012bvok\u013ci, m\u0101jas, zemes, komerc\u012bpa\u0161umi, invest\u012bciju projekti, starpniec\u012bbas pakalpojumi.","potentialAction":[{"@type":"SearchAction","target":{"@type":"EntryPoint","urlTemplate":"https:\/\/www2.realat.lv\/en\/?s={search_term_string}"},"query-input":{"@type":"PropertyValueSpecification","valueRequired":true,"valueName":"search_term_string"}}],"inLanguage":"lv-LV"}]}},"post_mailing_queue_ids":[],"_links":{"self":[{"href":"https:\/\/www2.realat.lv\/lv\/wp-json\/wp\/v2\/pages\/7570","targetHints":{"allow":["GET"]}}],"collection":[{"href":"https:\/\/www2.realat.lv\/lv\/wp-json\/wp\/v2\/pages"}],"about":[{"href":"https:\/\/www2.realat.lv\/lv\/wp-json\/wp\/v2\/types\/page"}],"author":[{"embeddable":true,"href":"https:\/\/www2.realat.lv\/lv\/wp-json\/wp\/v2\/users\/2"}],"replies":[{"embeddable":true,"href":"https:\/\/www2.realat.lv\/lv\/wp-json\/wp\/v2\/comments?post=7570"}],"version-history":[{"count":0,"href":"https:\/\/www2.realat.lv\/lv\/wp-json\/wp\/v2\/pages\/7570\/revisions"}],"wp:featuredmedia":[{"embeddable":true,"href":"https:\/\/www2.realat.lv\/lv\/wp-json\/wp\/v2\/media\/1373979"}],"wp:attachment":[{"href":"https:\/\/www2.realat.lv\/lv\/wp-json\/wp\/v2\/media?parent=7570"}],"curies":[{"name":"wp","href":"https:\/\/api.w.org\/{rel}","templated":true}]}}