{"id":9790,"date":"2015-12-21T21:10:23","date_gmt":"2015-12-21T21:10:23","guid":{"rendered":"http:\/\/lux.www2.realat.lv\/wordpress\/?page_id=9790"},"modified":"2019-02-18T11:50:43","modified_gmt":"2019-02-18T09:50:43","slug":"%d0%bf%d0%be%d0%ba%d1%83%d0%bf%d0%b0%d1%82%d0%b5%d0%bb%d1%8f%d0%bc","status":"publish","type":"page","link":"https:\/\/www2.realat.lv\/lv\/pircejiem\/","title":{"rendered":"Pirc\u0113jiem"},"content":{"rendered":"<p><\/p>\n<p><strong>M\u0113s apzin\u0101mies, ka nekustam\u0101 \u012bpa\u0161uma ieg\u0101de\u00a0ir atbild\u012bgs solis, tie\u0161i t\u0101p\u0113c m\u0113s sp\u0113jam nodro\u0161in\u0101t maksim\u0101lu pakalpojumu kvalit\u0101ti augst\u0101kaj\u0101 l\u012bmen\u012b.<\/strong><\/p>\n<blockquote>\n<p><span style=\"font-size: 14pt;\">J\u016bs var\u0113siet ieg\u0101d\u0101ties\u00a0un noform\u0113t nekustamo \u012bpa\u0161umu pie mums ar profesion\u0101lu atbalstu \u2013 ietaupot\u00a0savu laiku un l\u012bdzek\u013cus.<\/span><\/p>\n<\/blockquote>\n<p>&nbsp;<\/p>\n<p><span style=\"font-size: 14pt;\"><b>\u012apa\u0161uma mekl\u0113\u0161ana<\/b><\/span><\/p>\n<p><span style=\"font-weight: 400;\">\u012apa\u0161uma mekl\u0113\u0161anas process bie\u017ei pat\u0113r\u0113 \u013coti daudz laika, t\u0101 viet\u0101 var\u0113tu dar\u012bt savas iem\u012b\u013cot\u0101s lietas, k\u0101 piem\u0113ram: las\u012bt gr\u0101matu, sportot vai vienk\u0101r\u0161i velt\u012bt nedal\u012btu uzman\u012bbu \u0123imenei un tml.<\/span><\/p>\n<p><b>Uzticiet mums savu laiku un m\u0113s Jums garant\u0113jam pozit\u012bvu \u00a0rezult\u0101tu!<\/b><\/p>\n<p>&nbsp;<\/p>\n<p><span style=\"font-weight: 400;\">M\u016bsu pieredzes bag\u0101tie eksperti\u00a0piemekl\u0113s Jums visatbilsto\u0161\u0101kos \u012bpa\u0161umus, atbilsto\u0161i\u00a0J\u016bsu pras\u012bb\u0101m.<\/span><\/p>\n<p><b>M\u016bsu priorit\u0101te ir J\u016bsu ietaup\u012btais laiks!<\/b><\/p>\n<blockquote>\n<p><span style=\"font-weight: 400;\">\u0101tra un efekt\u012bva \u012bpa\u0161uma piemekl\u0113\u0161anas programma;<\/span><\/p>\n<p><span style=\"font-weight: 400;\">juridiskais atbalsts, l\u012bgumu form\u0113\u0161ana;<\/span><\/p>\n<p><span style=\"font-weight: 400;\">eksperta\u00a0atbalsts ar\u012b p\u0113c dar\u012bjuma nosl\u0113g\u0161anas;<\/span><\/p>\n<p><span style=\"font-weight: 400;\">remonta un dizaineru pakalpojumi;<\/span><\/p>\n<p><span style=\"font-weight: 400;\">transporta pakalpojumi;<\/span><\/p>\n<\/blockquote>\n<p>\n<span style=\"font-size: 14pt;\"><span style=\"font-weight: 400;\">Lai ieg\u016btu pla\u0161\u0101ku inform\u0101ciju\u00a0<\/span><a href=\"http:\/\/www2.realat.lv\/lv\/team\/\" target=\"_blank\" rel=\"noopener\"><b>s<\/b><b>azinieties ar m\u016bsu ekspertiem.<\/b><\/a><\/span><\/p>\n<p>&nbsp;<\/p>\n<p>&nbsp;<\/p>\n<h2 class=\"centered osLight\">Nekustam\u0101 \u012bpa\u0161uma zi\u0146as<\/h2><div class=\"row pb40\"><div class=\"col-xs-12 col-sm-4 col-md-4 col-lg-4\"><div class=\"article bg-w\"><a href=\"https:\/\/www2.realat.lv\/lv\/zina\/krapnieciba-nekustamo-ipasumu-darijumos-ka-pasargat-sevi-2026-gada\/\" class=\"image\"><div class=\"img\" style=\"background-image: url(https:\/\/www2.realat.lv\/wp-content\/uploads\/2026\/02\/upscalemedia-transformed.webp)\"><\/div><\/a><div class=\"article-category\"><a class=\"text-green\" href=\"https:\/\/www2.realat.lv\/lv\/category\/zina\/\" title=\"View all posts in ZI\u0145AS\">ZI\u0145AS<\/a><\/div><h3><a href=\"https:\/\/www2.realat.lv\/lv\/zina\/krapnieciba-nekustamo-ipasumu-darijumos-ka-pasargat-sevi-2026-gada\/\">Kr\u0101pniec\u012bba nekustamo \u012bpa\u0161umu dar\u012bjumos: k\u0101 pasarg\u0101t sevi 2026. gad\u0101<\/a><\/h3><div class=\"footer\">realat, febru\u0101ris 25, 2026<\/div><\/div><\/div><div class=\"col-xs-12 col-sm-4 col-md-4 col-lg-4\"><div class=\"article bg-w\"><a href=\"https:\/\/www2.realat.lv\/lv\/zina\/rokasnauda-nekustama-ipasuma-darijuma-2026-gada\/\" class=\"image\"><div class=\"img\" style=\"background-image: url(https:\/\/www2.realat.lv\/wp-content\/uploads\/2026\/02\/contract-management-in-procurement.jpg)\"><\/div><\/a><div class=\"article-category\"><a class=\"text-green\" href=\"https:\/\/www2.realat.lv\/lv\/category\/likumi-un-izmainas\/\" title=\"View all posts in Likumi un izmai\u0146as\">Likumi un izmai\u0146as<\/a> <a class=\"text-green\" href=\"https:\/\/www2.realat.lv\/lv\/category\/zina\/\" title=\"View all posts in ZI\u0145AS\">ZI\u0145AS<\/a><\/div><h3><a href=\"https:\/\/www2.realat.lv\/lv\/zina\/rokasnauda-nekustama-ipasuma-darijuma-2026-gada\/\">Rokasnauda nekustam\u0101 \u012bpa\u0161uma dar\u012bjum\u0101 2026. gad\u0101<\/a><\/h3><div class=\"footer\">realat, febru\u0101ris 23, 2026<\/div><\/div><\/div><div class=\"col-xs-12 col-sm-4 col-md-4 col-lg-4\"><div class=\"article bg-w\"><a href=\"https:\/\/www2.realat.lv\/lv\/realat\/rigas-dzivoklu-tirgus-2025-gada\/\" class=\"image\"><div class=\"img\" style=\"background-image: url(https:\/\/www2.realat.lv\/wp-content\/uploads\/2026\/02\/1832117913.jpg)\"><\/div><\/a><div class=\"article-category\"><a class=\"text-green\" href=\"https:\/\/www2.realat.lv\/lv\/category\/realat\/\" title=\"View all posts in REALAT\">REALAT<\/a><\/div><h3><a href=\"https:\/\/www2.realat.lv\/lv\/realat\/rigas-dzivoklu-tirgus-2025-gada\/\">R\u012bgas dz\u012bvok\u013cu tirgus 2025. gad\u0101<\/a><\/h3><div class=\"footer\">realat, febru\u0101ris 18, 2026<\/div><\/div><\/div><\/div>\n<p>&nbsp;<\/p>\n<div class=\"agent-block\" style=\"width:100%;position:relative;\"><div class=\"center-block\"><h2 class=\"center osLight pt20\" style=\"color:#9D9FA2;font-size:30px;\">Izv\u0113lies savu A\u0123entu<\/h2><div class=\"underline\"><img decoding=\"async\" src=\"https:\/\/www.www2.realat.lv\/wp-content\/themes\/realeswp\/images\/line.png\"\/><\/div><div class=\"row\" style=\"width:100%\"><div id=\"home-agents\" class=\"carousel slide carousel-wb\" ><div class=\"carousel-inner\"><div class=\"item active\"><div class=\"agent\"><div class=\"agent-avat col-md-6 col-lg-6 col-sm-12 col-xs-12 hidden-xs\"><div class=\"agent-mind\"><img decoding=\"async\" class=\"lazy2\" src=\"\" data-src=\"https:\/\/www.www2.realat.lv\/wp-content\/themes\/realeswp\/images\/agent_mind.png\"\/><\/div><div class=\"agent-pencil\"><\/div><a href=\"https:\/\/www2.realat.lv\/lv\/agents\/ilze\/\" ><img decoding=\"async\"  class=\"lazy\" src=\"\" data-src=\"https:\/\/img.realat.lv\/users\/wp_team_1744028970728.jpg\"  style=\"padding-left:10px;width:441px;height:auto;display: block;\"  alt=\"Liene P\u013cavi\u0146a\"\/><\/a><\/div><div class=\"agent-info col-md-6 col-lg-6 col-sm-12 col-xs-12\"><div class=\"agent-name\">Liene P\u013cavi\u0146a<\/div><div class=\"agent-about\">Dz\u012bvojamo plat\u012bbu konsultante<\/div><div class=\"agent-contact\"><div>T\u0101lr.: (+371) 67210010<\/div><div>Mob.: (+371) 20026459<\/div><div>E-pasts: liene@www2.realat.lv<\/div><\/div><a class=\"btn btn-default morebutton\" href=\"https:\/\/www2.realat.lv\/lv\/agents\/ilze\/\" role=\"button\">Iepaz\u012bties vair\u0101k<\/a><\/div><\/div><\/div><\/div><\/div><\/div><\/div><\/div>\n<p><\/p>","protected":false},"excerpt":{"rendered":"<p>M\u0113s apzin\u0101mies, ka nekustam\u0101 \u012bpa\u0161uma ieg\u0101de\u00a0ir atbild\u012bgs solis, tie\u0161i t\u0101p\u0113c m\u0113s sp\u0113jam nodro\u0161in\u0101t maksim\u0101lu pakalpojumu kvalit\u0101ti augst\u0101kaj\u0101 l\u012bmen\u012b. J\u016bs var\u0113siet ieg\u0101d\u0101ties\u00a0un noform\u0113t nekustamo \u012bpa\u0161umu pie mums ar profesion\u0101lu atbalstu \u2013&#8230; <\/p>\n","protected":false},"author":2,"featured_media":1365786,"parent":0,"menu_order":0,"comment_status":"closed","ping_status":"closed","template":"single.php","meta":{"footnotes":""},"class_list":["post-9790","page","type-page","status-publish","has-post-thumbnail","hentry"],"yoast_head":"<!-- This site is optimized with the Yoast SEO plugin v26.9 - https:\/\/yoast.com\/product\/yoast-seo-wordpress\/ -->\n<title>Pirc\u0113jiem - REALAT.lv<\/title>\n<meta name=\"description\" content=\"M\u0113s apzin\u0101mies, ka nekustam\u0101 \u012bpa\u0161uma ieg\u0101de ir atbild\u012bgs solis, tie\u0161i t\u0101p\u0113c m\u0113s sp\u0113jam nodro\u0161in\u0101t maksim\u0101lu pakalpojumu kvalit\u0101ti augst\u0101kaj\u0101 l\u012bmen\u012b.\" \/>\n<meta name=\"robots\" content=\"index, follow, max-snippet:-1, max-image-preview:large, max-video-preview:-1\" \/>\n<meta name=\"twitter:card\" content=\"summary_large_image\" \/>\n<meta name=\"twitter:title\" content=\"Pirc\u0113jiem - REALAT.lv\" \/>\n<meta name=\"twitter:description\" content=\"M\u0113s apzin\u0101mies, ka nekustam\u0101 \u012bpa\u0161uma ieg\u0101de ir atbild\u012bgs solis, tie\u0161i t\u0101p\u0113c m\u0113s sp\u0113jam nodro\u0161in\u0101t maksim\u0101lu pakalpojumu kvalit\u0101ti augst\u0101kaj\u0101 l\u012bmen\u012b.\" \/>\n<meta name=\"twitter:image\" content=\"https:\/\/www2.realat.lv\/wp-content\/uploads\/2015\/12\/22.jpg\" \/>\n<meta name=\"twitter:label1\" content=\"Est. reading time\" \/>\n\t<meta name=\"twitter:data1\" content=\"2 minutes\" \/>\n<script type=\"application\/ld+json\" class=\"yoast-schema-graph\">{\"@context\":\"https:\/\/schema.org\",\"@graph\":[{\"@type\":\"WebPage\",\"@id\":\"https:\/\/www2.realat.lv\/lv\/pircejiem\/\",\"url\":\"https:\/\/www2.realat.lv\/lv\/pircejiem\/\",\"name\":\"Pirc\u0113jiem - REALAT.lv\",\"isPartOf\":{\"@id\":\"https:\/\/www2.realat.lv\/en\/#website\"},\"primaryImageOfPage\":{\"@id\":\"https:\/\/www2.realat.lv\/lv\/pircejiem\/#primaryimage\"},\"image\":{\"@id\":\"https:\/\/www2.realat.lv\/lv\/pircejiem\/#primaryimage\"},\"thumbnailUrl\":\"https:\/\/www2.realat.lv\/wp-content\/uploads\/2015\/12\/22.jpg\",\"datePublished\":\"2015-12-21T21:10:23+00:00\",\"dateModified\":\"2019-02-18T09:50:43+00:00\",\"description\":\"M\u0113s apzin\u0101mies, ka nekustam\u0101 \u012bpa\u0161uma ieg\u0101de ir atbild\u012bgs solis, tie\u0161i t\u0101p\u0113c m\u0113s sp\u0113jam nodro\u0161in\u0101t maksim\u0101lu pakalpojumu kvalit\u0101ti augst\u0101kaj\u0101 l\u012bmen\u012b.\",\"breadcrumb\":{\"@id\":\"https:\/\/www2.realat.lv\/lv\/pircejiem\/#breadcrumb\"},\"inLanguage\":\"lv-LV\",\"potentialAction\":[{\"@type\":\"ReadAction\",\"target\":[\"https:\/\/www2.realat.lv\/lv\/pircejiem\/\"]}]},{\"@type\":\"ImageObject\",\"inLanguage\":\"lv-LV\",\"@id\":\"https:\/\/www2.realat.lv\/lv\/pircejiem\/#primaryimage\",\"url\":\"https:\/\/www2.realat.lv\/wp-content\/uploads\/2015\/12\/22.jpg\",\"contentUrl\":\"https:\/\/www2.realat.lv\/wp-content\/uploads\/2015\/12\/22.jpg\",\"width\":1920,\"height\":802,\"caption\":\"P\u0113rkam J\u016bsu \u012bpa\u0161umu - dz\u012bvokli, m\u0101ju, zemi, komerc\u012bpa\u0161umu\"},{\"@type\":\"BreadcrumbList\",\"@id\":\"https:\/\/www2.realat.lv\/lv\/pircejiem\/#breadcrumb\",\"itemListElement\":[{\"@type\":\"ListItem\",\"position\":1,\"name\":\"Home\",\"item\":\"https:\/\/www2.realat.lv\/en\/\"},{\"@type\":\"ListItem\",\"position\":2,\"name\":\"Pirc\u0113jiem\"}]},{\"@type\":\"WebSite\",\"@id\":\"https:\/\/www2.realat.lv\/en\/#website\",\"url\":\"https:\/\/www2.realat.lv\/en\/\",\"name\":\"REALAT.lv\",\"description\":\"Nekustamie \u012bpa\u0161umi, iz\u012br\u0113, iznom\u0101 un p\u0101rdod, dz\u012bvok\u013ci, m\u0101jas, zemes, komerc\u012bpa\u0161umi, invest\u012bciju projekti, starpniec\u012bbas pakalpojumi.\",\"potentialAction\":[{\"@type\":\"SearchAction\",\"target\":{\"@type\":\"EntryPoint\",\"urlTemplate\":\"https:\/\/www2.realat.lv\/en\/?s={search_term_string}\"},\"query-input\":{\"@type\":\"PropertyValueSpecification\",\"valueRequired\":true,\"valueName\":\"search_term_string\"}}],\"inLanguage\":\"lv-LV\"}]}<\/script>\n<!-- \/ Yoast SEO plugin. -->","yoast_head_json":{"title":"Pirc\u0113jiem - REALAT.lv","description":"M\u0113s apzin\u0101mies, ka nekustam\u0101 \u012bpa\u0161uma ieg\u0101de ir atbild\u012bgs solis, tie\u0161i t\u0101p\u0113c m\u0113s sp\u0113jam nodro\u0161in\u0101t maksim\u0101lu pakalpojumu kvalit\u0101ti augst\u0101kaj\u0101 l\u012bmen\u012b.","robots":{"index":"index","follow":"follow","max-snippet":"max-snippet:-1","max-image-preview":"max-image-preview:large","max-video-preview":"max-video-preview:-1"},"twitter_card":"summary_large_image","twitter_title":"Pirc\u0113jiem - REALAT.lv","twitter_description":"M\u0113s apzin\u0101mies, ka nekustam\u0101 \u012bpa\u0161uma ieg\u0101de ir atbild\u012bgs solis, tie\u0161i t\u0101p\u0113c m\u0113s sp\u0113jam nodro\u0161in\u0101t maksim\u0101lu pakalpojumu kvalit\u0101ti augst\u0101kaj\u0101 l\u012bmen\u012b.","twitter_image":"https:\/\/www2.realat.lv\/wp-content\/uploads\/2015\/12\/22.jpg","twitter_misc":{"Est. reading time":"2 minutes"},"schema":{"@context":"https:\/\/schema.org","@graph":[{"@type":"WebPage","@id":"https:\/\/www2.realat.lv\/lv\/pircejiem\/","url":"https:\/\/www2.realat.lv\/lv\/pircejiem\/","name":"Pirc\u0113jiem - REALAT.lv","isPartOf":{"@id":"https:\/\/www2.realat.lv\/en\/#website"},"primaryImageOfPage":{"@id":"https:\/\/www2.realat.lv\/lv\/pircejiem\/#primaryimage"},"image":{"@id":"https:\/\/www2.realat.lv\/lv\/pircejiem\/#primaryimage"},"thumbnailUrl":"https:\/\/www2.realat.lv\/wp-content\/uploads\/2015\/12\/22.jpg","datePublished":"2015-12-21T21:10:23+00:00","dateModified":"2019-02-18T09:50:43+00:00","description":"M\u0113s apzin\u0101mies, ka nekustam\u0101 \u012bpa\u0161uma ieg\u0101de ir atbild\u012bgs solis, tie\u0161i t\u0101p\u0113c m\u0113s sp\u0113jam nodro\u0161in\u0101t maksim\u0101lu pakalpojumu kvalit\u0101ti augst\u0101kaj\u0101 l\u012bmen\u012b.","breadcrumb":{"@id":"https:\/\/www2.realat.lv\/lv\/pircejiem\/#breadcrumb"},"inLanguage":"lv-LV","potentialAction":[{"@type":"ReadAction","target":["https:\/\/www2.realat.lv\/lv\/pircejiem\/"]}]},{"@type":"ImageObject","inLanguage":"lv-LV","@id":"https:\/\/www2.realat.lv\/lv\/pircejiem\/#primaryimage","url":"https:\/\/www2.realat.lv\/wp-content\/uploads\/2015\/12\/22.jpg","contentUrl":"https:\/\/www2.realat.lv\/wp-content\/uploads\/2015\/12\/22.jpg","width":1920,"height":802,"caption":"P\u0113rkam J\u016bsu \u012bpa\u0161umu - dz\u012bvokli, m\u0101ju, zemi, komerc\u012bpa\u0161umu"},{"@type":"BreadcrumbList","@id":"https:\/\/www2.realat.lv\/lv\/pircejiem\/#breadcrumb","itemListElement":[{"@type":"ListItem","position":1,"name":"Home","item":"https:\/\/www2.realat.lv\/en\/"},{"@type":"ListItem","position":2,"name":"Pirc\u0113jiem"}]},{"@type":"WebSite","@id":"https:\/\/www2.realat.lv\/en\/#website","url":"https:\/\/www2.realat.lv\/en\/","name":"REALAT.lv","description":"Nekustamie \u012bpa\u0161umi, iz\u012br\u0113, iznom\u0101 un p\u0101rdod, dz\u012bvok\u013ci, m\u0101jas, zemes, komerc\u012bpa\u0161umi, invest\u012bciju projekti, starpniec\u012bbas pakalpojumi.","potentialAction":[{"@type":"SearchAction","target":{"@type":"EntryPoint","urlTemplate":"https:\/\/www2.realat.lv\/en\/?s={search_term_string}"},"query-input":{"@type":"PropertyValueSpecification","valueRequired":true,"valueName":"search_term_string"}}],"inLanguage":"lv-LV"}]}},"post_mailing_queue_ids":[],"_links":{"self":[{"href":"https:\/\/www2.realat.lv\/lv\/wp-json\/wp\/v2\/pages\/9790","targetHints":{"allow":["GET"]}}],"collection":[{"href":"https:\/\/www2.realat.lv\/lv\/wp-json\/wp\/v2\/pages"}],"about":[{"href":"https:\/\/www2.realat.lv\/lv\/wp-json\/wp\/v2\/types\/page"}],"author":[{"embeddable":true,"href":"https:\/\/www2.realat.lv\/lv\/wp-json\/wp\/v2\/users\/2"}],"replies":[{"embeddable":true,"href":"https:\/\/www2.realat.lv\/lv\/wp-json\/wp\/v2\/comments?post=9790"}],"version-history":[{"count":0,"href":"https:\/\/www2.realat.lv\/lv\/wp-json\/wp\/v2\/pages\/9790\/revisions"}],"wp:featuredmedia":[{"embeddable":true,"href":"https:\/\/www2.realat.lv\/lv\/wp-json\/wp\/v2\/media\/1365786"}],"wp:attachment":[{"href":"https:\/\/www2.realat.lv\/lv\/wp-json\/wp\/v2\/media?parent=9790"}],"curies":[{"name":"wp","href":"https:\/\/api.w.org\/{rel}","templated":true}]}}