{"id":1026,"date":"2015-04-08T06:59:41","date_gmt":"2015-04-08T06:59:41","guid":{"rendered":"http:\/\/lux.www2.realat.lv\/wordpress\/?page_id=1026"},"modified":"2020-01-22T20:42:27","modified_gmt":"2020-01-22T18:42:27","slug":"sakums","status":"publish","type":"page","link":"https:\/\/www2.realat.lv\/ru\/","title":{"rendered":"Home"},"content":{"rendered":"<p><\/p>\n<p><div class=\"prop-count-bg\"><div class=\"center-block pt40 mobpt\"><h1 class=\"center osLight pt20\" style=\"color:#9D9FA2;font-size:30px;\">\u041d\u0435\u0434\u0432\u0438\u0436\u0438\u043c\u043e\u0441\u0442\u0438 \u0432 \u041b\u0430\u0442\u0432\u0438\u0438<\/h1><div class=\"underline\"><img decoding=\"async\" src=\"https:\/\/www2.realat.lv\/wp-content\/themes\/realeswp\/images\/line.png\"\/><\/div><div class=\"row pb40\"><div class=\"prop-count\"><div class=\"col-md-2 col-sm-4 col-xs-4 text-center mob-stype bt br bl bb desktop-hidden\"><a href=\"https:\/\/www2.realat.lv\/url.php?scat=1481&view=rezgis&lang=ru\"><img decoding=\"async\" src=\"https:\/\/www2.realat.lv\/wp-content\/themes\/realeswp\/images\/3.png\"\/><div class=\"ico-home-title mob-stype-tilte\">\u0414\u043e\u043c\u0430<\/div><\/a><div class=\"prop-count-font\"><span class=\"counter\">183<\/span><\/div><\/div><div class=\"col-md-2 col-sm-4 col-xs-4 text-center mob-stype bt br bl bb mob-hidden\"><a href=\"https:\/\/www2.realat.lv\/url.php?scat=1481&view=saraksts&lang=ru\"><img decoding=\"async\" src=\"https:\/\/www2.realat.lv\/wp-content\/themes\/realeswp\/images\/3.png\"\/><div class=\"ico-home-title mob-stype-tilte\">\u0414\u043e\u043c\u0430<\/div><\/a><div class=\"prop-count-font\"><span class=\"counter\">183<\/span><\/div><\/div><div class=\"col-md-2 col-sm-4 col-xs-4 text-center mob-stype bt br bl bb\"><a href=\"https:\/\/www2.realat.lv\/ru\/novie-proekti\/?newproj=1599&view=rezgis\"><img decoding=\"async\" src=\"https:\/\/www2.realat.lv\/wp-content\/themes\/realeswp\/images\/Jaunie_projekti.png\"\/><div class=\"ico-home-title mob-stype-tilte\">\u041d\u043e\u0432\u044b\u0435 \u043f\u0440\u043e\u0435\u043a\u0442\u044b<\/div><\/a><div class=\"prop-count-font\"><span class=\"counter\">529<\/span><\/div><\/div><div class=\"col-md-2 col-sm-4 col-xs-4 text-center mob-stype bt br bl bb desktop-hidden\"><a href=\"https:\/\/www2.realat.lv\/url.php?scat=1483&view=rezgis&lang=ru\"><img decoding=\"async\" src=\"https:\/\/www2.realat.lv\/wp-content\/themes\/realeswp\/images\/1.png\"\/><div class=\"ico-home-title mob-stype-tilte\">\u041a\u0432\u0430\u0440\u0442\u0438\u0440\u044b<\/div><\/a><div class=\"prop-count-font\"><span class=\"counter\">436<\/span><\/div><\/div><div class=\"col-md-2 col-sm-4 col-xs-4 text-center mob-stype bt br bl bb mob-hidden\"><a href=\"https:\/\/www2.realat.lv\/url.php?scat=1483&view=saraksts&lang=ru\"><img decoding=\"async\" src=\"https:\/\/www2.realat.lv\/wp-content\/themes\/realeswp\/images\/1.png\"\/><div class=\"ico-home-title mob-stype-tilte\">\u041a\u0432\u0430\u0440\u0442\u0438\u0440\u044b<\/div><\/a><div class=\"prop-count-font\"><span class=\"counter\">436<\/span><\/div><\/div><div class=\"col-md-2 col-sm-4 col-xs-4 text-center mob-stype bt br bl bb desktop-hidden\"><a href=\"https:\/\/www2.realat.lv\/url.php?scat=1501&view=rezgis&lang=ru\"><img decoding=\"async\" src=\"https:\/\/www2.realat.lv\/wp-content\/themes\/realeswp\/images\/8.png\"\/><div class=\"ico-home-title mob-stype-tilte\">\u0417\u0435\u043c\u043b\u044f<\/div><\/a><div class=\"prop-count-font\"><span class=\"counter\">87<\/span><\/div><\/div><div class=\"col-md-2 col-sm-4 col-xs-4 text-center mob-stype bt br bl bb mob-hidden\"><a href=\"https:\/\/www2.realat.lv\/url.php?scat=1501&view=saraksts&lang=ru\"><img decoding=\"async\" src=\"https:\/\/www2.realat.lv\/wp-content\/themes\/realeswp\/images\/8.png\"\/><div class=\"ico-home-title mob-stype-tilte\">\u0417\u0435\u043c\u043b\u044f<\/div><\/a><div class=\"prop-count-font\"><span class=\"counter\">87<\/span><\/div><\/div><div class=\"col-md-2 col-sm-4 col-xs-4 text-center mob-stype bt br bl bb desktop-hidden\"><a href=\"https:\/\/www2.realat.lv\/url.php?scat=1514&view=rezgis&lang=ru\"><img decoding=\"async\" src=\"https:\/\/www2.realat.lv\/wp-content\/themes\/realeswp\/images\/4.png\"\/><div class=\"ico-home-title mob-stype-tilte\">\u041a\u043e\u043c\u043c\u0435\u0440\u0447\u0435\u0441\u043a\u0438\u0435 \u043f\u043e\u043c\u0435\u0449\u0435\u043d\u0438\u044f<\/div><\/a><div class=\"prop-count-font\"><span class=\"counter\">647<\/span><\/div><\/div><div class=\"col-md-2 col-sm-4 col-xs-4 text-center mob-stype bt br bl bb mob-hidden\"><a href=\"https:\/\/www2.realat.lv\/url.php?scat=1514&view=saraksts&lang=ru\"><img decoding=\"async\" src=\"https:\/\/www2.realat.lv\/wp-content\/themes\/realeswp\/images\/4.png\"\/><div class=\"ico-home-title mob-stype-tilte\">\u041a\u043e\u043c\u043c\u0435\u0440\u0447\u0435\u0441\u043a\u0438\u0435 \u043f\u043e\u043c\u0435\u0449\u0435\u043d\u0438\u044f<\/div><\/a><div class=\"prop-count-font\"><span class=\"counter\">647<\/span><\/div><\/div><div class=\"col-md-2 col-sm-4 col-xs-4 text-center mob-stype bt br bl bb desktop-hidden\"><a href=\"https:\/\/www2.realat.lv\/url.php?scat=1538&view=rezgis&lang=ru\"><img decoding=\"async\" src=\"https:\/\/www2.realat.lv\/wp-content\/themes\/realeswp\/images\/9.png\"\/><div class=\"ico-home-title mob-stype-tilte\">\u0418\u043d\u0432\u0435\u0441\u0442\u0438\u0446\u0438\u043e\u043d\u043d\u044b\u0435 \u043f\u0440\u043e\u0435\u043a\u0442\u044b<\/div><\/a><div class=\"prop-count-font\"><span class=\"counter\">11<\/span><\/div><\/div><div class=\"col-md-2 col-sm-4 col-xs-4 text-center mob-stype bt br bl bb mob-hidden\"><a href=\"https:\/\/www2.realat.lv\/url.php?scat=1538&view=saraksts&lang=ru\"><img decoding=\"async\" src=\"https:\/\/www2.realat.lv\/wp-content\/themes\/realeswp\/images\/9.png\"\/><div class=\"ico-home-title mob-stype-tilte\">\u0418\u043d\u0432\u0435\u0441\u0442\u0438\u0446\u0438\u043e\u043d\u043d\u044b\u0435 \u043f\u0440\u043e\u0435\u043a\u0442\u044b<\/div><\/a><div class=\"prop-count-font\"><span class=\"counter\">11<\/span><\/div><\/div><\/div><\/div><\/div><\/div> <div class=\"bg hidden-xs hidden-sm\">\r\n    <div class=\"cont-nav\">\r\n        <div class=\"center-block\">\r\n            <div class=\"cont-nav-pic\">\r\n                <a id=\"content_menu_link\" href=\"\" target=\"_blank\">\r\n                    <img decoding=\"async\" id=\"content_menu_img\" src=\"\" alt=\"image\" \/>\r\n                <\/a>\r\n            <\/div>\r\n            <div class=\"cont-nav-links\">\r\n                <div class=\"row\">\r\n                    <div class=\"col-xs-12 col-sm-8 col-md-4 col-lg-4 s-menu-item2\">\r\n                        <a href=\"https:\/\/www2.realat.lv\/ru\/jaunumi\/?news=1\">\r\n                            <span class=\"icon-news s-icon3\"><\/span>\r\n                            <div class=\"s-content\">\r\n                                <h2 class=\"centered s-main2 osLight\">\u041d\u043e\u0432\u043e\u0441\u0442\u0438<\/h2>\r\n                            <\/div>\r\n                        <\/a>\r\n                    <\/div>\r\n                    <div class=\"col-xs-12 col-sm-8 col-md-4 col-lg-4 s-menu-item2\">\r\n                        <a href=\"https:\/\/www2.realat.lv\/ru\/poisk\/?newproj=1601&view=rezgis\">\r\n                            <span class=\"icon-business s-icon3\"><\/span>\r\n                            <div class=\"s-content\">\r\n                                <h2 class=\"centered s-main2 osLight\">\u0411\u0438\u0437\u043d\u0435\u0441-\u0446\u0435\u043d\u0442\u0440\u044b<\/h2>\r\n                            <\/div>\r\n                        <\/a>\r\n                    <\/div>\r\n                    <div class=\"col-xs-12 col-sm-8 col-md-4 col-lg-4 s-menu-item2\">\r\n                        <a href=\"https:\/\/www2.realat.lv\/ru\/poisk\/?newproj=1598&view=rezgis\">\r\n                            <span class=\"icon-office s-icon3\" style=\"font-size: 45px\"><\/span>\r\n                            <div class=\"s-content\">\r\n                                <h2 class=\"centered s-main2 osLight\"><\/h2>\r\n                            <\/div>\r\n                        <\/a>\r\n                    <\/div>\r\n                    <div class=\"col-xs-12 col-sm-8 col-md-4 col-lg-4 s-menu-item2\">\r\n                        <a href=\"https:\/\/www2.realat.lv\/ru\/dizains\/\">\r\n                            <span class=\"icon-design s-icon3\"><\/span>\r\n                            <div class=\"s-content\">\r\n                                <h2 class=\"centered s-main2 osLight\">\u0414\u0438\u0437\u0430\u0439\u043d<\/h2>\r\n                            <\/div>\r\n                        <\/a>\r\n                    <\/div>\r\n                    <div class=\"col-xs-12 col-sm-8 col-md-4 col-lg-4 s-menu-item2\">\r\n                        <a href=\"https:\/\/www2.realat.lv\/ru\/remonts\/\">\r\n                            <span class=\"icon-repair s-icon3\"><\/span>\r\n                            <div class=\"s-content\">\r\n                                <h2 class=\"centered s-main2 osLight\">\u0420\u0435\u043c\u043e\u043d\u0442<\/h2>\r\n                            <\/div>\r\n                        <\/a>\r\n                    <\/div>\r\n                    <div class=\"col-xs-12 col-sm-8 col-md-4 col-lg-4 s-menu-item2\">\r\n                        <a href=\"https:\/\/www2.realat.lv\/ru\/parvaksanas-pakalpojumi\/\">\r\n                            <span class=\"icon-moving s-icon3\"><\/span>\r\n                            <div class=\"s-content\">\r\n                                <h2 class=\"centered s-main2 osLight\">\u0423\u0441\u043b\u0443\u0433\u0438 \u0430\u0431\u0441\u043e\u0440\u0431\u0446\u0438\u0438<\/h2>\r\n                            <\/div>\r\n                        <\/a>\r\n                    <\/div>\r\n                <\/div>\r\n            <\/div>\r\n        <\/div>\r\n    <\/div>\r\n<\/div>\r\n    \r\n<script language=\"javascript\">\r\nvar banners = [\r\n    {\"url\":\"https:\\\/\\\/bit.ly\\\/2S3Tlta\",\"img\":\"https:\\\/\\\/img.www2.realat.lv\\\/wp\\\/images\\\/banner3.jpg\"}\r\n];\r\nvar id = parseInt(Math.random() * (banners.length) + 1);\r\nvar banner = banners[id - 1];\r\ndocument.getElementById('content_menu_img').src = banner.img;\r\ndocument.getElementById('content_menu_link').href = banner.url;\r\n<\/script> <div class=\"center-block\"><h2 class=\"center osLight pt20\" style=\"color:#9D9FA2;font-size:30px;\">\u041e\u0442\u0437\u044b\u0432\u044b<\/h2><div class=\"underline\"><img decoding=\"async\" src=\"https:\/\/www.www2.realat.lv\/wp-content\/themes\/realeswp\/images\/line.png\"\/><\/div><div class=\"row pb40\"><div id=\"home-testimonials\" class=\"carousel slide carousel-wb mb20\" data-ride=\"carousel\"><ol class=\"carousel-indicators\"><li data-target=\"#home-testimonials\" data-slide-to=\"0\"class=\"active\" ><\/li><li data-target=\"#home-testimonials\" data-slide-to=\"1\" ><\/li><li data-target=\"#home-testimonials\" data-slide-to=\"2\" ><\/li><\/ol><div class=\"carousel-inner\" style=\"padding-left:20px;padding-right:20px;height:100px\"><div class=\"item active\"><div style=\"background-size:100px;position:absolute;background-image:url(https:\/\/www2.realat.lv\/wp-content\/themes\/realeswp\/images\/avatar.png);background-position:center;background-repeat:no-repeat;\"><img decoding=\"async\" src=\"https:\/\/www2.realat.lv\/wp-content\/themes\/realeswp\/images\/big_agent_frame.png\" alt=\"Darja Loseva\" class=\"home-testim-avatar\" style=\"height:100px;\"><\/div><div class=\"home-testim\" style=\"padding-bottom:20px;\"><div class=\"home-testim-text\">Paldies Laimai par izcilu profesion\u0101lo pieeju un pal\u012bdz\u012bbu. Es noteikti v\u0113rsos pie vi\u0146as n\u0101kotne ja bus nepiecie\u0161ama v\u0113l k\u0101da nekustam\u0101 \u012bpa\u0161uma ieg\u0101de. Darja Loseva <strong><a class=\"read-more\" href=\"https:\/\/www2.realat.lv\/ru\/otzivi\/darja-loseva\/\">\u0427\u0438\u0442\u0430\u0442\u044c \u0434\u0430\u043b\u0435\u0435<\/a><\/strong><\/div><div class=\"home-testim-name\">Darja Loseva<\/div><\/div><\/div><div class=\"item\"><div style=\"background-size:auto 100%;position:absolute;background-image:url(https:\/\/www2.realat.lv\/wp-content\/uploads\/2021\/02\/72580345_2684994254878344_5049897288210579456_n.jpg);background-position:center;background-repeat:no-repeat;\"><img decoding=\"async\" src=\"https:\/\/www2.realat.lv\/wp-content\/themes\/realeswp\/images\/big_agent_frame.png\" alt=\"Sergejs \u0160urpickis\" class=\"home-testim-avatar\" style=\"height:100px;\"><\/div><div class=\"home-testim\" style=\"padding-bottom:20px;\"><div class=\"home-testim-text\">Lielisks savas jomas speci\u0101lists. Skaidra komunik\u0101cija, saprotami izskaidro juridiskos procesus un lietu virz\u012bbu. <strong><a class=\"read-more\" href=\"https:\/\/www2.realat.lv\/ru\/otzivi\/sergejs-surpickis\/\">\u0427\u0438\u0442\u0430\u0442\u044c \u0434\u0430\u043b\u0435\u0435<\/a><\/strong><\/div><div class=\"home-testim-name\">Sergejs \u0160urpickis<\/div><\/div><\/div><div class=\"item\"><div style=\"background-size:auto 100%;position:absolute;background-image:url(https:\/\/www2.realat.lv\/wp-content\/uploads\/2021\/10\/WhatsApp-Image-2021-09-07-at-16.35.51.jpeg);background-position:center;background-repeat:no-repeat;\"><img decoding=\"async\" src=\"https:\/\/www2.realat.lv\/wp-content\/themes\/realeswp\/images\/big_agent_frame.png\" alt=\"Mei-li Llorente\" class=\"home-testim-avatar\" style=\"height:100px;\"><\/div><div class=\"home-testim\" style=\"padding-bottom:20px;\"><div class=\"home-testim-text\">Elvis helped me when, honestly, almost no one was willing to help. I had a tight budget, 2 dogs, very little time, and lots of expectations. Not only Elvis helped me to find an AMAZING&hellip; <strong><a class=\"read-more\" href=\"https:\/\/www2.realat.lv\/ru\/otzivi\/mei-li-llorente\/\">\u0427\u0438\u0442\u0430\u0442\u044c \u0434\u0430\u043b\u0435\u0435<\/a><\/strong><\/div><div class=\"home-testim-name\">Mei-li Llorente<\/div><\/div><\/div><\/div><\/div><\/div><\/div> <div class=\"agent-block\" style=\"width:100%;position:relative;\"><div class=\"center-block\"><h2 class=\"center osLight pt20\" style=\"color:#9D9FA2;font-size:30px;\">\u041d\u0430\u0439\u0442\u0438 \u0441\u0432\u043e\u0439 \u0410\u0433\u0435\u043d\u0442<\/h2><div class=\"underline\"><img decoding=\"async\" src=\"https:\/\/www.www2.realat.lv\/wp-content\/themes\/realeswp\/images\/line.png\"\/><\/div><div class=\"row\" style=\"width:100%\"><div id=\"home-agents\" class=\"carousel slide carousel-wb\" ><div class=\"carousel-inner\"><div class=\"item active\"><div class=\"agent\"><div class=\"agent-avat col-md-6 col-lg-6 col-sm-12 col-xs-12 hidden-xs\"><div class=\"agent-mind\"><img decoding=\"async\" class=\"lazy2\" src=\"\" data-src=\"https:\/\/www.www2.realat.lv\/wp-content\/themes\/realeswp\/images\/agent_mind.png\"\/><\/div><div class=\"agent-pencil\"><\/div><a href=\"https:\/\/www2.realat.lv\/lv\/agents\/liga\/\" ><img decoding=\"async\"  class=\"lazy\" src=\"\" data-src=\"https:\/\/img.realat.lv\/users\/wp_team_1539898347.jpg\"  style=\"padding-left:10px;width:441px;height:auto;display: block;\"  alt=\"L\u012bga Up\u012bte\"\/><\/a><\/div><div class=\"agent-info col-md-6 col-lg-6 col-sm-12 col-xs-12\"><div class=\"agent-name\">L\u012bga Up\u012bte<\/div><div class=\"agent-about\">\u041a\u043e\u043d\u0441\u0443\u043b\u044c\u0442\u0430\u043d\u0442 \u043f\u043e \u0436\u0438\u043b\u044c\u044e<\/div><div class=\"agent-contact\"><div>\u0422\u0435\u043b.: (+371) 67210010<\/div><div>\u041c\u043e\u0431.: (+371) 26368834<\/div><div>\u042d-\u043f\u043e\u0447\u0442\u0430: liga@www2.realat.lv<\/div><\/div><a class=\"btn btn-default morebutton\" href=\"https:\/\/www2.realat.lv\/lv\/agents\/liga\/\" role=\"button\">\u041e\u0437\u043d\u0430\u043a\u043e\u043c\u0438\u0442\u0441\u044f \u043f\u043e\u0434\u0440\u043e\u0431\u043d\u0435\u0435<\/a><\/div><\/div><\/div><\/div><\/div><\/div><\/div><\/div> <div class=\"services-milda\"><div class=\"services-milda-color\"><div class=\"center-block pt40\"><h2 class=\"osLight centered white pt20\">\u0423\u0441\u043b\u0443\u0433\u0438 \u043f\u043e \u0443\u043f\u0440\u0430\u0432\u043b\u0435\u043d\u0438\u044e<\/h2><div class=\"row\" style=\"width:100%;\"><div class=\"row\"><div class=\"milda-serv\"><div class=\"col-xs-12 col-sm-6 col-lg-3 s-menu-item2\"><a href=\"\/\u043f\u0440\u0435\u0434\u043b\u043e\u0436\u0438\u0442\u044c-\u043d\u0435\u0434\u0432\u0438\u0436\u0438\u043c\u043e\u0441\u0442\u044c\/\"><span class=\"icon-announce s-icon3\"><\/span><div class=\"s-content\"><h2 class=\"centered s-main2 osLight\">\u041f\u0440\u0435\u0434\u043b\u043e\u0436\u0438\u0442 \u043d\u0435\u0434\u0432\u0438\u0436\u0438\u043c\u043e\u0441\u0442\u0438<\/h2><h3 class=\"s-sub2 osLight\">\u0414\u043e\u0432\u0435\u0440\u044f\u0439\u0442\u0435 \u0432\u0430\u0448\u0435\u0439 \u043d\u0435\u0434\u0432\u0438\u0436\u0438\u043c\u043e\u0441\u0442\u0438 \u043f\u0440\u043e\u0444\u0435\u0441\u0441\u0438\u043e\u043d\u0430\u043b\u0430\u043c<\/h3><\/div><\/a><\/div><div class=\"col-xs-12 col-sm-6 col-lg-3 s-menu-item2\"><a href=\"\/\u043a\u043e\u043c\u0430\u043d\u0434\u0430\/\"><span class=\"icon-agent s-icon3\"><\/span><div class=\"s-content\"><h2 class=\"centered s-main2 osLight\">\u0412\u044b\u0431\u0435\u0440\u0438\u0442\u0435 \u0432\u0430\u0448 \u0430\u0433\u0435\u043d\u0442<\/h2><h3 class=\"s-sub2 osLight\">\u0421\u043f\u0435\u0446\u0438\u0430\u043b\u0438\u0441\u0442\u043e\u0432 \u0438\u0437 \u0440\u0430\u0437\u043b\u0438\u0447\u043d\u044b\u0445 \u0441\u0435\u043a\u0442\u043e\u0440\u043e\u0432, \u0431\u0443\u0434\u0443\u0442 \u043f\u043e\u043c\u043e\u0433\u0430\u0442\u044c \u0438 \u043a\u043e\u043d\u0441\u0443\u043b\u044c\u0442\u0438\u0440\u043e\u0432\u0430\u0442\u044c<\/h3><\/div><\/a><\/div><div class=\"col-xs-12 col-sm-6 col-lg-3 s-menu-item2\"><a href=\"\/\u043e\u0446\u0435\u043d\u043a\u0430-\u043d\u0435\u0434\u0432\u0438\u0436\u0438\u043c\u043e\u0433\u043e-\u0438\u043c\u0443\u0449\u0435\u0441\u0442\u0432\u0430\/\"><span class=\"icon-Vertejuma_pasutisana s-icon3\"><\/span><div class=\"s-content\"><h2 class=\"centered s-main2 osLight\">\u0417\u0430\u043a\u0430\u0437\u0430\u0442\u044c \u043e\u0446\u0435\u043d\u043a\u0443<\/h2><h3 class=\"s-sub2 osLight\">\u0423\u0437\u043d\u0430\u0439\u0442\u0435 \u043f\u0440\u0435\u0434\u0441\u043a\u0430\u0437\u0443\u0435\u043c\u043e\u0439 \u043e\u0446\u0435\u043d\u043a\u0443 \u0437\u0430 \u043f\u0430\u0440\u0443 \u0447\u0430\u0441\u043e\u0432<\/h3><\/div><\/a><\/div><div class=\"col-xs-12 col-sm-6 col-lg-3 s-menu-item2\"><a href=\"\/\u0432\u0435\u0434\u0435\u043d\u0438\u0435-\u0445\u043e\u0437\u044f\u0438\u0441\u0442\u0432\u0430-\u0438-\u0443\u043f\u0440\u0430\u0432\u043b\u0435\u043d\u0438\u0435\/\"><span class=\"icon-manage s-icon3\"><\/span><div class=\"s-content\"><h2 class=\"centered s-main2 osLight\">\u0423\u0441\u043b\u0443\u0433\u0438 \u043f\u043e \u0443\u043f\u0440\u0430\u0432\u043b\u0435\u043d\u0438\u044e<\/h2><h3 class=\"s-sub2 osLight\">\u041e\u0431\u0435\u0441\u043f\u0435\u0447\u0438\u0432\u0430\u044e\u0442 \u043f\u043e\u043b\u043d\u043e\u0435 \u0443\u043f\u0440\u0430\u0432\u043b\u0435\u043d\u0438\u0435 \u0441\u043b\u0443\u0436\u0431\u044b \u0446\u0438\u043a\u043b<\/h3><\/div><\/a><\/div><\/div><\/div><\/div><\/div><\/div><\/p>\n<p><\/p>","protected":false},"excerpt":{"rendered":"","protected":false},"author":2,"featured_media":0,"parent":0,"menu_order":0,"comment_status":"closed","ping_status":"closed","template":"fullwidth.php","meta":{"footnotes":""},"class_list":["post-1026","page","type-page","status-publish","hentry"],"yoast_head":"<!-- This site is optimized with the Yoast SEO plugin v26.9 - https:\/\/yoast.com\/product\/yoast-seo-wordpress\/ -->\n<title>REALAT.lv Real Estate | Apartments, Houses, Premises | Sale and Rent<\/title>\n<meta name=\"description\" content=\"Full Service Real Estate Agency in Latvia With Over 10 Years of Experience. Real Estate in Latvia - Apartments, Houses and Premises for Sale and Rent.\" \/>\n<meta name=\"robots\" content=\"index, follow, max-snippet:-1, max-image-preview:large, max-video-preview:-1\" \/>\n<meta name=\"twitter:card\" content=\"summary_large_image\" \/>\n<meta name=\"twitter:title\" content=\"REALAT.lv Real Estate | Apartments, Houses, Premises | Sale and Rent\" \/>\n<meta name=\"twitter:description\" content=\"Full Service Real Estate Agency in Latvia With Over 10 Years of Experience. Real Estate in Latvia - Apartments, Houses and Premises for Sale and Rent.\" \/>\n<meta name=\"twitter:label1\" content=\"Est. reading time\" \/>\n\t<meta name=\"twitter:data1\" content=\"2 minutes\" \/>\n<script type=\"application\/ld+json\" class=\"yoast-schema-graph\">{\"@context\":\"https:\/\/schema.org\",\"@graph\":[{\"@type\":\"WebPage\",\"@id\":\"https:\/\/www2.realat.lv\/en\/\",\"url\":\"https:\/\/www2.realat.lv\/en\/\",\"name\":\"REALAT.lv Real Estate | Apartments, Houses, Premises | Sale and Rent\",\"isPartOf\":{\"@id\":\"https:\/\/www2.realat.lv\/en\/#website\"},\"datePublished\":\"2015-04-08T06:59:41+00:00\",\"dateModified\":\"2020-01-22T18:42:27+00:00\",\"description\":\"Full Service Real Estate Agency in Latvia With Over 10 Years of Experience. Real Estate in Latvia - Apartments, Houses and Premises for Sale and Rent.\",\"breadcrumb\":{\"@id\":\"https:\/\/www2.realat.lv\/en\/#breadcrumb\"},\"inLanguage\":\"ru\",\"potentialAction\":[{\"@type\":\"ReadAction\",\"target\":[\"https:\/\/www2.realat.lv\/en\/\"]}]},{\"@type\":\"BreadcrumbList\",\"@id\":\"https:\/\/www2.realat.lv\/en\/#breadcrumb\",\"itemListElement\":[{\"@type\":\"ListItem\",\"position\":1,\"name\":\"Home\",\"item\":\"https:\/\/www2.realat.lv\/en\/\"},{\"@type\":\"ListItem\",\"position\":2,\"name\":\"Home\"}]},{\"@type\":\"WebSite\",\"@id\":\"https:\/\/www2.realat.lv\/en\/#website\",\"url\":\"https:\/\/www2.realat.lv\/en\/\",\"name\":\"REALAT.lv\",\"description\":\"Nekustamie \u012bpa\u0161umi, iz\u012br\u0113, iznom\u0101 un p\u0101rdod, dz\u012bvok\u013ci, m\u0101jas, zemes, komerc\u012bpa\u0161umi, invest\u012bciju projekti, starpniec\u012bbas pakalpojumi.\",\"potentialAction\":[{\"@type\":\"SearchAction\",\"target\":{\"@type\":\"EntryPoint\",\"urlTemplate\":\"https:\/\/www2.realat.lv\/en\/?s={search_term_string}\"},\"query-input\":{\"@type\":\"PropertyValueSpecification\",\"valueRequired\":true,\"valueName\":\"search_term_string\"}}],\"inLanguage\":\"ru\"}]}<\/script>\n<!-- \/ Yoast SEO plugin. -->","yoast_head_json":{"title":"REALAT.lv Real Estate | Apartments, Houses, Premises | Sale and Rent","description":"Full Service Real Estate Agency in Latvia With Over 10 Years of Experience. Real Estate in Latvia - Apartments, Houses and Premises for Sale and Rent.","robots":{"index":"index","follow":"follow","max-snippet":"max-snippet:-1","max-image-preview":"max-image-preview:large","max-video-preview":"max-video-preview:-1"},"twitter_card":"summary_large_image","twitter_title":"REALAT.lv Real Estate | Apartments, Houses, Premises | Sale and Rent","twitter_description":"Full Service Real Estate Agency in Latvia With Over 10 Years of Experience. Real Estate in Latvia - Apartments, Houses and Premises for Sale and Rent.","twitter_misc":{"Est. reading time":"2 minutes"},"schema":{"@context":"https:\/\/schema.org","@graph":[{"@type":"WebPage","@id":"https:\/\/www2.realat.lv\/en\/","url":"https:\/\/www2.realat.lv\/en\/","name":"REALAT.lv Real Estate | Apartments, Houses, Premises | Sale and Rent","isPartOf":{"@id":"https:\/\/www2.realat.lv\/en\/#website"},"datePublished":"2015-04-08T06:59:41+00:00","dateModified":"2020-01-22T18:42:27+00:00","description":"Full Service Real Estate Agency in Latvia With Over 10 Years of Experience. Real Estate in Latvia - Apartments, Houses and Premises for Sale and Rent.","breadcrumb":{"@id":"https:\/\/www2.realat.lv\/en\/#breadcrumb"},"inLanguage":"ru","potentialAction":[{"@type":"ReadAction","target":["https:\/\/www2.realat.lv\/en\/"]}]},{"@type":"BreadcrumbList","@id":"https:\/\/www2.realat.lv\/en\/#breadcrumb","itemListElement":[{"@type":"ListItem","position":1,"name":"Home","item":"https:\/\/www2.realat.lv\/en\/"},{"@type":"ListItem","position":2,"name":"Home"}]},{"@type":"WebSite","@id":"https:\/\/www2.realat.lv\/en\/#website","url":"https:\/\/www2.realat.lv\/en\/","name":"REALAT.lv","description":"Nekustamie \u012bpa\u0161umi, iz\u012br\u0113, iznom\u0101 un p\u0101rdod, dz\u012bvok\u013ci, m\u0101jas, zemes, komerc\u012bpa\u0161umi, invest\u012bciju projekti, starpniec\u012bbas pakalpojumi.","potentialAction":[{"@type":"SearchAction","target":{"@type":"EntryPoint","urlTemplate":"https:\/\/www2.realat.lv\/en\/?s={search_term_string}"},"query-input":{"@type":"PropertyValueSpecification","valueRequired":true,"valueName":"search_term_string"}}],"inLanguage":"ru"}]}},"post_mailing_queue_ids":[],"_links":{"self":[{"href":"https:\/\/www2.realat.lv\/ru\/wp-json\/wp\/v2\/pages\/1026","targetHints":{"allow":["GET"]}}],"collection":[{"href":"https:\/\/www2.realat.lv\/ru\/wp-json\/wp\/v2\/pages"}],"about":[{"href":"https:\/\/www2.realat.lv\/ru\/wp-json\/wp\/v2\/types\/page"}],"author":[{"embeddable":true,"href":"https:\/\/www2.realat.lv\/ru\/wp-json\/wp\/v2\/users\/2"}],"replies":[{"embeddable":true,"href":"https:\/\/www2.realat.lv\/ru\/wp-json\/wp\/v2\/comments?post=1026"}],"version-history":[{"count":0,"href":"https:\/\/www2.realat.lv\/ru\/wp-json\/wp\/v2\/pages\/1026\/revisions"}],"wp:attachment":[{"href":"https:\/\/www2.realat.lv\/ru\/wp-json\/wp\/v2\/media?parent=1026"}],"curies":[{"name":"wp","href":"https:\/\/api.w.org\/{rel}","templated":true}]}}