{"id":4104,"date":"2015-05-21T17:57:29","date_gmt":"2015-05-21T17:57:29","guid":{"rendered":"http:\/\/lux.www2.realat.lv\/wordpress\/?page_id=4104"},"modified":"2022-11-06T20:41:19","modified_gmt":"2022-11-06T18:41:19","slug":"vertesana","status":"publish","type":"page","link":"https:\/\/www2.realat.lv\/ru\/%d0%be%d1%86%d0%b5%d0%bd%d0%ba%d0%b0-%d0%bd%d0%b5%d0%b4%d0%b2%d0%b8%d0%b6%d0%b8%d0%bc%d0%be%d0%b3%d0%be-%d0%b8%d0%bc%d1%83%d1%89%d0%b5%d1%81%d1%82%d0%b2%d0%b0\/","title":{"rendered":"\u041e\u0446\u0435\u043d\u043a\u0430 \u043d\u0435\u0434\u0432\u0438\u0436\u0438\u043c\u043e\u0433\u043e \u0438\u043c\u0443\u0449\u0435\u0441\u0442\u0432\u0430"},"content":{"rendered":"<p><\/p>\n<p>\u041e\u0446\u0435\u043d\u043a\u0430 \u043d\u0435\u0434\u0432\u0438\u0436\u0438\u043c\u043e\u0433\u043e \u0438\u043c\u0443\u0449\u0435\u0441\u0442\u0432\u0430 \u043d\u0435\u043e\u0431\u0445\u043e\u0434\u0438\u043c\u0430 \u0434\u043b\u044f \u0442\u043e\u0433\u043e \u0447\u0442\u043e \u0431\u044b \u043f\u043e\u043b\u0443\u0447\u0438\u0442\u044c \u043a\u0440\u0435\u0434\u0438\u0442 \u043f\u043e\u0434 \u0437\u0430\u043b\u043e\u0433 \u043d\u0435\u0434\u0432\u0438\u0436\u0438\u043c\u043e\u0439 \u0441\u043e\u0431\u0441\u0442\u0432\u0435\u043d\u043d\u043e\u0441\u0442\u0438. \u0422\u0430\u043a\u0438\u043c \u043e\u0431\u0440\u0430\u0437\u043e\u043c, \u0431\u0430\u043d\u043a \u043c\u043e\u0436\u0435\u0442 \u0443\u0431\u0435\u0434\u0438\u0442\u044c\u0441\u044f \u0432 \u0440\u044b\u043d\u043e\u0447\u043d\u043e\u0439 \u0441\u0442\u043e\u0438\u043c\u043e\u0441\u0442\u0438 \u043d\u0435\u0434\u0432\u0438\u0436\u0438\u043c\u043e\u0433\u043e \u0438\u043c\u0443\u0449\u0435\u0441\u0442\u0432\u0430, \u0438 \u043e\u0446\u0435\u043d\u043a\u0430, \u0432 \u0441\u0432\u043e\u044e \u043e\u0447\u0435\u0440\u0435\u0434\u044c, \u044f\u0432\u043b\u044f\u0435\u0442\u0441\u044f \u043e\u0434\u043d\u0438\u043c \u0438\u0437 \u043f\u0430\u0440\u0430\u043c\u0435\u0442\u0440\u043e\u0432, \u043f\u043e \u043a\u043e\u0442\u043e\u0440\u044b\u043c \u043e\u043f\u0440\u0435\u0434\u0435\u043b\u044f\u044e\u0442 \u0441\u0443\u043c\u043c\u0443 \u043a\u0440\u0435\u0434\u0438\u0442\u0430.<\/p>\n<p>\u041e\u0446\u0435\u043d\u0438\u0432\u0430\u044f \u043d\u0435\u0434\u0432\u0438\u0436\u0438\u043c\u043e\u0435 \u0438\u043c\u0443\u0449\u0435\u0441\u0442\u0432\u043e, \u0431\u0435\u0440\u0451\u0442\u0441\u044f \u0432\u043e \u0432\u043d\u0438\u043c\u0430\u043d\u0438\u0435 \u043c\u0435\u0441\u0442\u043e\u043d\u0430\u0445\u043e\u0436\u0434\u0435\u043d\u0438\u0435 \u0437\u0434\u0430\u043d\u0438\u044f, \u0442\u0435\u0445\u043d\u0438\u0447\u0435\u0441\u043a\u043e\u0435 \u0441\u043e\u0441\u0442\u043e\u044f\u043d\u0438\u0435 \u0434\u043e\u043c\u0430 \u0438\u043b\u0438 \u043a\u0432\u0430\u0440\u0442\u0438\u0440\u044b\/\u0432\u0441\u0435\u0433\u043e \u0437\u0434\u0430\u043d\u0438\u044f, \u0440\u0430\u0441\u043f\u043e\u043b\u043e\u0436\u0435\u043d\u0438\u0435 \u043a\u0432\u0430\u0440\u0442\u0438\u0440\u044b\/\u0434\u043e\u043c\u0430. \u0423\u0442\u043e\u0447\u043d\u044f\u0435\u0442\u0441\u044f \u0442\u0430\u043a\u0436\u0435 \u0438 \u043b\u0438\u0446\u043e, \u043e\u0431\u0441\u043b\u0443\u0436\u0438\u0432\u0430\u044e\u0449\u0435\u0435 \u0441\u043e\u0431\u0441\u0442\u0432\u0435\u043d\u043d\u043e\u0441\u0442\u044c.<\/p>\n<p><span style=\"font-size: 14pt;\">\u041f\u0440\u0438\u0431\u043b\u0438\u0437\u0438\u0442\u0435\u043b\u044c\u043d\u0430\u044f \u0441\u0442\u043e\u0438\u043c\u043e\u0441\u0442\u044c \u043e\u0446\u0435\u043d\u043a\u0438:<\/span><\/p>\n<blockquote>\n<p>\u041a\u0432\u0430\u0440\u0442\u0438\u0440\u044b \u2013 \u043e\u0442 Eur \u00a0140<\/p>\n<p>\u0414\u043e\u043c\u0430 \u2013 \u043e\u0442 Eur 240<\/p>\n<\/blockquote>\n<p><strong>\u00a0<\/strong><\/p>\n<p>\u0416\u0435\u043b\u0430\u0435\u0442\u0435 \u0443\u0437\u043d\u0430\u0442\u044c \u0441\u0442\u043e\u0438\u043c\u043e\u0441\u0442\u044c \u0441\u0432\u043e\u0435\u0433\u043e \u0438\u043c\u0443\u0449\u0435\u0441\u0442\u0432\u0430?<\/p>\n<p>\u0412\u044b\u0448\u043b\u0438\u0442\u0435 \u043d\u0430\u043c \u0437\u0430\u043f\u0440\u043e\u0441, \u0438 \u043c\u044b \u043e\u0442\u0432\u0435\u0442\u0438\u043c \u0412\u0430\u043c \u0443\u0436\u0435 \u0432 \u0431\u043b\u0438\u0436\u0430\u0439\u0448\u0435\u0435 \u0432\u0440\u0435\u043c\u044f!<\/p>\n<p><\/p>","protected":false},"excerpt":{"rendered":"<p>\u041e\u0446\u0435\u043d\u043a\u0430 \u043d\u0435\u0434\u0432\u0438\u0436\u0438\u043c\u043e\u0433\u043e \u0438\u043c\u0443\u0449\u0435\u0441\u0442\u0432\u0430 \u043d\u0435\u043e\u0431\u0445\u043e\u0434\u0438\u043c\u0430 \u0434\u043b\u044f \u0442\u043e\u0433\u043e \u0447\u0442\u043e \u0431\u044b \u043f\u043e\u043b\u0443\u0447\u0438\u0442\u044c \u043a\u0440\u0435\u0434\u0438\u0442 \u043f\u043e\u0434 \u0437\u0430\u043b\u043e\u0433 \u043d\u0435\u0434\u0432\u0438\u0436\u0438\u043c\u043e\u0439 \u0441\u043e\u0431\u0441\u0442\u0432\u0435\u043d\u043d\u043e\u0441\u0442\u0438. \u0422\u0430\u043a\u0438\u043c \u043e\u0431\u0440\u0430\u0437\u043e\u043c, \u0431\u0430\u043d\u043a \u043c\u043e\u0436\u0435\u0442 \u0443\u0431\u0435\u0434\u0438\u0442\u044c\u0441\u044f \u0432 \u0440\u044b\u043d\u043e\u0447\u043d\u043e\u0439 \u0441\u0442\u043e\u0438\u043c\u043e\u0441\u0442\u0438 \u043d\u0435\u0434\u0432\u0438\u0436\u0438\u043c\u043e\u0433\u043e \u0438\u043c\u0443\u0449\u0435\u0441\u0442\u0432\u0430, \u0438 \u043e\u0446\u0435\u043d\u043a\u0430, \u0432 \u0441\u0432\u043e\u044e \u043e\u0447\u0435\u0440\u0435\u0434\u044c, \u044f\u0432\u043b\u044f\u0435\u0442\u0441\u044f&#8230; <\/p>\n","protected":false},"author":2,"featured_media":1373988,"parent":0,"menu_order":0,"comment_status":"closed","ping_status":"closed","template":"single.php","meta":{"footnotes":""},"class_list":["post-4104","page","type-page","status-publish","has-post-thumbnail","hentry"],"yoast_head":"<!-- This site is optimized with the Yoast SEO plugin v26.9 - https:\/\/yoast.com\/product\/yoast-seo-wordpress\/ -->\n<title>\u041e\u0446\u0435\u043d\u043a\u0430 \u043d\u0435\u0434\u0432\u0438\u0436\u0438\u043c\u043e\u0433\u043e \u0438\u043c\u0443\u0449\u0435\u0441\u0442\u0432\u0430 - REALAT.lv<\/title>\n<meta name=\"description\" content=\"Nekustam\u0101 \u012bpa\u0161uma v\u0113rt\u0113jums ir nepiecie\u0161ams, lai sa\u0146emtu kred\u012btu pret nekustam\u0101 \u012bpa\u0161uma \u0137\u012blu. V\u0113rt\u0113jumu atz\u012bst visas Latvijas komercbankas. Piesaki \u0161eit!\" \/>\n<meta name=\"robots\" content=\"index, follow, max-snippet:-1, max-image-preview:large, max-video-preview:-1\" \/>\n<meta name=\"twitter:card\" content=\"summary_large_image\" \/>\n<meta name=\"twitter:title\" content=\"\u041e\u0446\u0435\u043d\u043a\u0430 \u043d\u0435\u0434\u0432\u0438\u0436\u0438\u043c\u043e\u0433\u043e \u0438\u043c\u0443\u0449\u0435\u0441\u0442\u0432\u0430 - REALAT.lv\" \/>\n<meta name=\"twitter:description\" content=\"{:lv}Nekustam\u0101 \u012bpa\u0161uma v\u0113rt\u0113jums ir nepiecie\u0161ams, lai sa\u0146emtu kred\u012btu pret nekustam\u0101 \u012bpa\u0161uma \u0137\u012blu. V\u0113rt\u0113jumu atz\u012bst visas Latvijas komercbankas. Piesaki \u0161eit!{:}\" \/>\n<meta name=\"twitter:image\" content=\"https:\/\/www2.realat.lv\/wp-content\/uploads\/2015\/05\/borrow-step3-visual.jpg\" \/>\n<meta name=\"twitter:label1\" content=\"Est. reading time\" \/>\n\t<meta name=\"twitter:data1\" content=\"2 minutes\" \/>\n<script type=\"application\/ld+json\" class=\"yoast-schema-graph\">{\"@context\":\"https:\/\/schema.org\",\"@graph\":[{\"@type\":\"WebPage\",\"@id\":\"https:\/\/www2.realat.lv\/lv\/nekustama-ipasuma-vertesana\/\",\"url\":\"https:\/\/www2.realat.lv\/lv\/nekustama-ipasuma-vertesana\/\",\"name\":\"\u041e\u0446\u0435\u043d\u043a\u0430 \u043d\u0435\u0434\u0432\u0438\u0436\u0438\u043c\u043e\u0433\u043e \u0438\u043c\u0443\u0449\u0435\u0441\u0442\u0432\u0430 - REALAT.lv\",\"isPartOf\":{\"@id\":\"https:\/\/www2.realat.lv\/en\/#website\"},\"primaryImageOfPage\":{\"@id\":\"https:\/\/www2.realat.lv\/lv\/nekustama-ipasuma-vertesana\/#primaryimage\"},\"image\":{\"@id\":\"https:\/\/www2.realat.lv\/lv\/nekustama-ipasuma-vertesana\/#primaryimage\"},\"thumbnailUrl\":\"https:\/\/www2.realat.lv\/wp-content\/uploads\/2015\/05\/borrow-step3-visual.jpg\",\"datePublished\":\"2015-05-21T17:57:29+00:00\",\"dateModified\":\"2022-11-06T18:41:19+00:00\",\"description\":\"{:lv}Nekustam\u0101 \u012bpa\u0161uma v\u0113rt\u0113jums ir nepiecie\u0161ams, lai sa\u0146emtu kred\u012btu pret nekustam\u0101 \u012bpa\u0161uma \u0137\u012blu. V\u0113rt\u0113jumu atz\u012bst visas Latvijas komercbankas. Piesaki \u0161eit!{:}\",\"breadcrumb\":{\"@id\":\"https:\/\/www2.realat.lv\/lv\/nekustama-ipasuma-vertesana\/#breadcrumb\"},\"inLanguage\":\"ru\",\"potentialAction\":[{\"@type\":\"ReadAction\",\"target\":[\"https:\/\/www2.realat.lv\/lv\/nekustama-ipasuma-vertesana\/\"]}]},{\"@type\":\"ImageObject\",\"inLanguage\":\"ru\",\"@id\":\"https:\/\/www2.realat.lv\/lv\/nekustama-ipasuma-vertesana\/#primaryimage\",\"url\":\"https:\/\/www2.realat.lv\/wp-content\/uploads\/2015\/05\/borrow-step3-visual.jpg\",\"contentUrl\":\"https:\/\/www2.realat.lv\/wp-content\/uploads\/2015\/05\/borrow-step3-visual.jpg\",\"width\":1580,\"height\":350},{\"@type\":\"BreadcrumbList\",\"@id\":\"https:\/\/www2.realat.lv\/lv\/nekustama-ipasuma-vertesana\/#breadcrumb\",\"itemListElement\":[{\"@type\":\"ListItem\",\"position\":1,\"name\":\"Home\",\"item\":\"https:\/\/www2.realat.lv\/en\/\"},{\"@type\":\"ListItem\",\"position\":2,\"name\":\"Nekustam\u0101 \u012bpa\u0161uma v\u0113rt\u0113\u0161ana\"}]},{\"@type\":\"WebSite\",\"@id\":\"https:\/\/www2.realat.lv\/en\/#website\",\"url\":\"https:\/\/www2.realat.lv\/en\/\",\"name\":\"REALAT.lv\",\"description\":\"Nekustamie \u012bpa\u0161umi, iz\u012br\u0113, iznom\u0101 un p\u0101rdod, dz\u012bvok\u013ci, m\u0101jas, zemes, komerc\u012bpa\u0161umi, invest\u012bciju projekti, starpniec\u012bbas pakalpojumi.\",\"potentialAction\":[{\"@type\":\"SearchAction\",\"target\":{\"@type\":\"EntryPoint\",\"urlTemplate\":\"https:\/\/www2.realat.lv\/en\/?s={search_term_string}\"},\"query-input\":{\"@type\":\"PropertyValueSpecification\",\"valueRequired\":true,\"valueName\":\"search_term_string\"}}],\"inLanguage\":\"ru\"}]}<\/script>\n<!-- \/ Yoast SEO plugin. -->","yoast_head_json":{"title":"\u041e\u0446\u0435\u043d\u043a\u0430 \u043d\u0435\u0434\u0432\u0438\u0436\u0438\u043c\u043e\u0433\u043e \u0438\u043c\u0443\u0449\u0435\u0441\u0442\u0432\u0430 - REALAT.lv","description":"Nekustam\u0101 \u012bpa\u0161uma v\u0113rt\u0113jums ir nepiecie\u0161ams, lai sa\u0146emtu kred\u012btu pret nekustam\u0101 \u012bpa\u0161uma \u0137\u012blu. V\u0113rt\u0113jumu atz\u012bst visas Latvijas komercbankas. Piesaki \u0161eit!","robots":{"index":"index","follow":"follow","max-snippet":"max-snippet:-1","max-image-preview":"max-image-preview:large","max-video-preview":"max-video-preview:-1"},"twitter_card":"summary_large_image","twitter_title":"\u041e\u0446\u0435\u043d\u043a\u0430 \u043d\u0435\u0434\u0432\u0438\u0436\u0438\u043c\u043e\u0433\u043e \u0438\u043c\u0443\u0449\u0435\u0441\u0442\u0432\u0430 - REALAT.lv","twitter_description":"{:lv}Nekustam\u0101 \u012bpa\u0161uma v\u0113rt\u0113jums ir nepiecie\u0161ams, lai sa\u0146emtu kred\u012btu pret nekustam\u0101 \u012bpa\u0161uma \u0137\u012blu. V\u0113rt\u0113jumu atz\u012bst visas Latvijas komercbankas. Piesaki \u0161eit!{:}","twitter_image":"https:\/\/www2.realat.lv\/wp-content\/uploads\/2015\/05\/borrow-step3-visual.jpg","twitter_misc":{"Est. reading time":"2 minutes"},"schema":{"@context":"https:\/\/schema.org","@graph":[{"@type":"WebPage","@id":"https:\/\/www2.realat.lv\/lv\/nekustama-ipasuma-vertesana\/","url":"https:\/\/www2.realat.lv\/lv\/nekustama-ipasuma-vertesana\/","name":"\u041e\u0446\u0435\u043d\u043a\u0430 \u043d\u0435\u0434\u0432\u0438\u0436\u0438\u043c\u043e\u0433\u043e \u0438\u043c\u0443\u0449\u0435\u0441\u0442\u0432\u0430 - REALAT.lv","isPartOf":{"@id":"https:\/\/www2.realat.lv\/en\/#website"},"primaryImageOfPage":{"@id":"https:\/\/www2.realat.lv\/lv\/nekustama-ipasuma-vertesana\/#primaryimage"},"image":{"@id":"https:\/\/www2.realat.lv\/lv\/nekustama-ipasuma-vertesana\/#primaryimage"},"thumbnailUrl":"https:\/\/www2.realat.lv\/wp-content\/uploads\/2015\/05\/borrow-step3-visual.jpg","datePublished":"2015-05-21T17:57:29+00:00","dateModified":"2022-11-06T18:41:19+00:00","description":"{:lv}Nekustam\u0101 \u012bpa\u0161uma v\u0113rt\u0113jums ir nepiecie\u0161ams, lai sa\u0146emtu kred\u012btu pret nekustam\u0101 \u012bpa\u0161uma \u0137\u012blu. V\u0113rt\u0113jumu atz\u012bst visas Latvijas komercbankas. Piesaki \u0161eit!{:}","breadcrumb":{"@id":"https:\/\/www2.realat.lv\/lv\/nekustama-ipasuma-vertesana\/#breadcrumb"},"inLanguage":"ru","potentialAction":[{"@type":"ReadAction","target":["https:\/\/www2.realat.lv\/lv\/nekustama-ipasuma-vertesana\/"]}]},{"@type":"ImageObject","inLanguage":"ru","@id":"https:\/\/www2.realat.lv\/lv\/nekustama-ipasuma-vertesana\/#primaryimage","url":"https:\/\/www2.realat.lv\/wp-content\/uploads\/2015\/05\/borrow-step3-visual.jpg","contentUrl":"https:\/\/www2.realat.lv\/wp-content\/uploads\/2015\/05\/borrow-step3-visual.jpg","width":1580,"height":350},{"@type":"BreadcrumbList","@id":"https:\/\/www2.realat.lv\/lv\/nekustama-ipasuma-vertesana\/#breadcrumb","itemListElement":[{"@type":"ListItem","position":1,"name":"Home","item":"https:\/\/www2.realat.lv\/en\/"},{"@type":"ListItem","position":2,"name":"Nekustam\u0101 \u012bpa\u0161uma v\u0113rt\u0113\u0161ana"}]},{"@type":"WebSite","@id":"https:\/\/www2.realat.lv\/en\/#website","url":"https:\/\/www2.realat.lv\/en\/","name":"REALAT.lv","description":"Nekustamie \u012bpa\u0161umi, iz\u012br\u0113, iznom\u0101 un p\u0101rdod, dz\u012bvok\u013ci, m\u0101jas, zemes, komerc\u012bpa\u0161umi, invest\u012bciju projekti, starpniec\u012bbas pakalpojumi.","potentialAction":[{"@type":"SearchAction","target":{"@type":"EntryPoint","urlTemplate":"https:\/\/www2.realat.lv\/en\/?s={search_term_string}"},"query-input":{"@type":"PropertyValueSpecification","valueRequired":true,"valueName":"search_term_string"}}],"inLanguage":"ru"}]}},"post_mailing_queue_ids":[],"_links":{"self":[{"href":"https:\/\/www2.realat.lv\/ru\/wp-json\/wp\/v2\/pages\/4104","targetHints":{"allow":["GET"]}}],"collection":[{"href":"https:\/\/www2.realat.lv\/ru\/wp-json\/wp\/v2\/pages"}],"about":[{"href":"https:\/\/www2.realat.lv\/ru\/wp-json\/wp\/v2\/types\/page"}],"author":[{"embeddable":true,"href":"https:\/\/www2.realat.lv\/ru\/wp-json\/wp\/v2\/users\/2"}],"replies":[{"embeddable":true,"href":"https:\/\/www2.realat.lv\/ru\/wp-json\/wp\/v2\/comments?post=4104"}],"version-history":[{"count":0,"href":"https:\/\/www2.realat.lv\/ru\/wp-json\/wp\/v2\/pages\/4104\/revisions"}],"wp:featuredmedia":[{"embeddable":true,"href":"https:\/\/www2.realat.lv\/ru\/wp-json\/wp\/v2\/media\/1373988"}],"wp:attachment":[{"href":"https:\/\/www2.realat.lv\/ru\/wp-json\/wp\/v2\/media?parent=4104"}],"curies":[{"name":"wp","href":"https:\/\/api.w.org\/{rel}","templated":true}]}}