{"id":4110,"date":"2015-05-21T17:59:13","date_gmt":"2015-05-21T17:59:13","guid":{"rendered":"http:\/\/lux.www2.realat.lv\/wordpress\/?page_id=4110"},"modified":"2019-02-17T19:24:17","modified_gmt":"2019-02-17T17:24:17","slug":"parvaksanas-pakalpojumi","status":"publish","type":"page","link":"https:\/\/www2.realat.lv\/ru\/%d1%83%d1%81%d0%bb%d1%83%d0%b3%d0%b8-%d0%bf%d0%b5%d1%80%d0%b5%d0%b5%d0%b7%d0%b4%d0%b0\/","title":{"rendered":"\u0423\u0441\u043b\u0443\u0433\u0438 \u043f\u0435\u0440\u0435\u0435\u0437\u0434\u0430"},"content":{"rendered":"<p><\/p>\n<p>\u041f\u0435\u0440\u0435\u0441\u0435\u043b\u0435\u043d\u0438\u0435 \u0438\u0437 \u043e\u0434\u043d\u043e\u0433\u043e \u0436\u0438\u043b\u0438\u0449\u0430 \u0432 \u0434\u0440\u0443\u0433\u043e\u0435 \u0442\u0440\u0435\u0431\u0443\u0435\u0442 \u043c\u043d\u043e\u0433\u043e \u0443\u0441\u0438\u043b\u0438\u0439, \u0445\u043e\u0440\u043e\u0448\u0435\u0433\u043e \u043f\u043b\u0430\u043d\u0438\u0440\u043e\u0432\u0430\u043d\u0438\u044f \u0438 &#8220;\u043f\u043e\u0442\u0440\u0430\u0447\u0435\u043d\u043d\u044b\u0445 \u043d\u0435\u0440\u0432\u043e\u0432&#8221;.<\/p>\n<p><span style=\"font-size: 14pt;\"><strong>\u041d\u0435 \u0434\u043e\u0441\u0442\u0430\u0432\u043b\u044f\u0439\u0442\u0435 \u0441\u0435\u0431\u0435 \u0442\u0430\u043a\u0438\u0435 \u043d\u0435\u0443\u0434\u043e\u0431\u0441\u0442\u0432\u0430!<\/strong><\/span><\/p>\n<p>\u0413\u0430\u0440\u0430\u043d\u0442\u0438\u0440\u0443\u0435\u043c \u0437\u0430\u043c\u0435\u0447\u0430\u0442\u0435\u043b\u044c\u043d\u043e \u0440\u0430\u0441\u043f\u043b\u0430\u043d\u0438\u0440\u043e\u0432\u0430\u043d\u043d\u043e\u0435 \u0438 \u043c\u0430\u043a\u0441\u0438\u043c\u0430\u043b\u044c\u043d\u043e \u043a\u043e\u043c\u0444\u043e\u0440\u0442\u0430\u0431\u0435\u043b\u044c\u043d\u043e\u0435 \u043f\u0435\u0440\u0435\u0441\u0435\u043b\u0435\u043d\u0438\u0435 \u0432 \u043a\u043e\u0440\u043e\u0442\u043a\u0438\u0439 \u043f\u0435\u0440\u0438\u043e\u0434 \u0432\u0440\u0435\u043c\u0435\u043d\u0438!!<\/p>\n<p>\u0422\u0430\u043a\u0436\u0435 \u043f\u043e\u043c\u043e\u0436\u0435\u043c \u043f\u0435\u0440\u0435\u0441\u0435\u043b\u0438\u0442\u044c\u0441\u044f \u0442\u043e\u0433\u0434\u0430, \u043a\u043e\u0433\u0434\u0430 \u043e\u0442\u043f\u0440\u0430\u0432\u043b\u044f\u0435\u0442\u0435\u0441\u044c \u0436\u0438\u0442\u044c \u0432 \u0434\u0440\u0443\u0433\u043e\u0435 \u0433\u043e\u0441\u0443\u0434\u0430\u0440\u0441\u0442\u0432\u043e.<\/p>\n<p>&nbsp;<\/p>\n<p>\u041a\u043e\u043d\u0441\u0443\u043b\u044c\u0442\u0430\u0446\u0438\u0438 \u0438 \u043f\u043b\u0430\u043d\u0438\u0440\u043e\u0432\u0430\u043d\u0438\u0435!<\/p>\n<p><span style=\"font-size: 14pt;\"><strong>\u0412 \u0443\u0441\u043b\u0443\u0433\u0438 \u043f\u043e \u043f\u0435\u0440\u0435\u0441\u0435\u043b\u0435\u043d\u0438\u044e \u0432\u0445\u043e\u0434\u0438\u0442:<\/strong><\/span><\/p>\n<blockquote>\n<p><em>\u043f\u0435\u0440\u0435\u0432\u043e\u0437\u043a\u0430 \u0433\u0440\u0443\u0437\u043e\u0432;<\/em><\/p>\n<p><em>\u0443\u0441\u043b\u0443\u0433\u0438 \u0433\u0440\u0443\u0437\u0447\u0438\u043a\u043e\u0432;<\/em><\/p>\n<p><em>\u0443\u043f\u0430\u043a\u043e\u0432\u043a\u0430;<\/em><\/p>\n<p><em>\u0442\u0440\u0430\u043d\u0441\u043f\u043e\u0440\u0442\u043d\u044b\u0435 \u0443\u0441\u043b\u0443\u0433\u0438;<\/em><\/p>\n<p><em>\u0434\u0435\u043c\u043e\u043d\u0442\u0430\u0436 \u0438\/\u0438\u043b\u0438 \u043c\u043e\u043d\u0442\u0430\u0436 \u043c\u0435\u0431\u0435\u043b\u0438;<\/em><\/p>\n<p><em>\u043d\u0430\u0434\u0451\u0436\u043d\u0430\u044f \u0443\u043f\u0430\u043a\u043e\u0432\u043a\u0430 \u0445\u0440\u0443\u043f\u043a\u0438\u0445 \u043f\u0440\u0435\u0434\u043c\u0435\u0442\u043e\u0432;<\/em><\/p>\n<p><em>\u043a\u043e\u043d\u0441\u0443\u043b\u044c\u0442\u0430\u0446\u0438\u0438 \u0438 \u043f\u043b\u0430\u043d\u0438\u0440\u043e\u0432\u0430\u043d\u0438\u0435;<\/em><\/p>\n<p><em>\u0443\u0441\u043b\u0443\u0433\u0438<\/em><em> \u043f\u043e<\/em><em> \u043f\u0435\u0440\u0435<\/em><em>\u0441\u0435\u043b\u0435\u043d\u0438\u044e<\/em> <em>\u0432 \u0434\u0440\u0443\u0433\u043e\u0435 \u0433\u043e\u0441\u0443\u0434\u0430\u0440\u0441\u0442\u0432\u043e.<\/em><\/p>\n<\/blockquote>\n<p>&nbsp;<\/p>\n<p>\u0417\u0430\u043f\u043e\u043b\u043d\u0438\u0442\u0435 \u0437\u0430\u044f\u0432\u043a\u0443 \u0438 \u0440\u0435\u0437\u0435\u0440\u0432\u0438\u0440\u0443\u0439\u0442\u0435 \u0432\u044b\u0431\u0440\u0430\u043d\u0443\u044e \u0412\u0430\u043c\u0438 \u0443\u0441\u043b\u0443\u0433\u0443!<\/p>\n<p><\/p>","protected":false},"excerpt":{"rendered":"<p>\u041f\u0435\u0440\u0435\u0441\u0435\u043b\u0435\u043d\u0438\u0435 \u0438\u0437 \u043e\u0434\u043d\u043e\u0433\u043e \u0436\u0438\u043b\u0438\u0449\u0430 \u0432 \u0434\u0440\u0443\u0433\u043e\u0435 \u0442\u0440\u0435\u0431\u0443\u0435\u0442 \u043c\u043d\u043e\u0433\u043e \u0443\u0441\u0438\u043b\u0438\u0439, \u0445\u043e\u0440\u043e\u0448\u0435\u0433\u043e \u043f\u043b\u0430\u043d\u0438\u0440\u043e\u0432\u0430\u043d\u0438\u044f \u0438 &#8220;\u043f\u043e\u0442\u0440\u0430\u0447\u0435\u043d\u043d\u044b\u0445 \u043d\u0435\u0440\u0432\u043e\u0432&#8221;. \u041d\u0435 \u0434\u043e\u0441\u0442\u0430\u0432\u043b\u044f\u0439\u0442\u0435 \u0441\u0435\u0431\u0435 \u0442\u0430\u043a\u0438\u0435 \u043d\u0435\u0443\u0434\u043e\u0431\u0441\u0442\u0432\u0430! \u0413\u0430\u0440\u0430\u043d\u0442\u0438\u0440\u0443\u0435\u043c \u0437\u0430\u043c\u0435\u0447\u0430\u0442\u0435\u043b\u044c\u043d\u043e \u0440\u0430\u0441\u043f\u043b\u0430\u043d\u0438\u0440\u043e\u0432\u0430\u043d\u043d\u043e\u0435 \u0438 \u043c\u0430\u043a\u0441\u0438\u043c\u0430\u043b\u044c\u043d\u043e \u043a\u043e\u043c\u0444\u043e\u0440\u0442\u0430\u0431\u0435\u043b\u044c\u043d\u043e\u0435 \u043f\u0435\u0440\u0435\u0441\u0435\u043b\u0435\u043d\u0438\u0435 \u0432 \u043a\u043e\u0440\u043e\u0442\u043a\u0438\u0439 \u043f\u0435\u0440\u0438\u043e\u0434 \u0432\u0440\u0435\u043c\u0435\u043d\u0438!!&#8230; <\/p>\n","protected":false},"author":2,"featured_media":7443,"parent":0,"menu_order":0,"comment_status":"closed","ping_status":"closed","template":"single.php","meta":{"footnotes":""},"class_list":["post-4110","page","type-page","status-publish","has-post-thumbnail","hentry"],"yoast_head":"<!-- This site is optimized with the Yoast SEO plugin v26.9 - https:\/\/yoast.com\/product\/yoast-seo-wordpress\/ -->\n<title>\u0423\u0441\u043b\u0443\u0433\u0438 \u043f\u0435\u0440\u0435\u0435\u0437\u0434\u0430 - REALAT.lv<\/title>\n<meta name=\"description\" content=\"P\u0101rcel\u0161an\u0101s no viena m\u0101jok\u013ca uz otru prasa daudz p\u016b\u013cu, labu pl\u0101no\u0161anu un daudz nervu. Aiztaupiet sev \u0161\u012bs ne\u0113rt\u012bbas! Pal\u012bdz\u0113sim komfortabli p\u0101rcelties.\" \/>\n<meta name=\"robots\" content=\"index, follow, max-snippet:-1, max-image-preview:large, max-video-preview:-1\" \/>\n<meta name=\"twitter:card\" content=\"summary_large_image\" \/>\n<meta name=\"twitter:title\" content=\"\u0423\u0441\u043b\u0443\u0433\u0438 \u043f\u0435\u0440\u0435\u0435\u0437\u0434\u0430 - REALAT.lv\" \/>\n<meta name=\"twitter:description\" content=\"P\u0101rcel\u0161an\u0101s no viena m\u0101jok\u013ca uz otru prasa daudz p\u016b\u013cu, labu pl\u0101no\u0161anu un daudz nervu. Aiztaupiet sev \u0161\u012bs ne\u0113rt\u012bbas! Pal\u012bdz\u0113sim komfortabli p\u0101rcelties.\" \/>\n<meta name=\"twitter:image\" content=\"https:\/\/www2.realat.lv\/wp-content\/uploads\/2015\/05\/123321.jpg\" \/>\n<meta name=\"twitter:label1\" content=\"Est. reading time\" \/>\n\t<meta name=\"twitter:data1\" content=\"1 minute\" \/>\n<script type=\"application\/ld+json\" class=\"yoast-schema-graph\">{\"@context\":\"https:\/\/schema.org\",\"@graph\":[{\"@type\":\"WebPage\",\"@id\":\"https:\/\/www2.realat.lv\/en\/moving-services\/\",\"url\":\"https:\/\/www2.realat.lv\/en\/moving-services\/\",\"name\":\"\u0423\u0441\u043b\u0443\u0433\u0438 \u043f\u0435\u0440\u0435\u0435\u0437\u0434\u0430 - REALAT.lv\",\"isPartOf\":{\"@id\":\"https:\/\/www2.realat.lv\/en\/#website\"},\"primaryImageOfPage\":{\"@id\":\"https:\/\/www2.realat.lv\/en\/moving-services\/#primaryimage\"},\"image\":{\"@id\":\"https:\/\/www2.realat.lv\/en\/moving-services\/#primaryimage\"},\"thumbnailUrl\":\"https:\/\/www2.realat.lv\/wp-content\/uploads\/2015\/05\/123321.jpg\",\"datePublished\":\"2015-05-21T17:59:13+00:00\",\"dateModified\":\"2019-02-17T17:24:17+00:00\",\"description\":\"P\u0101rcel\u0161an\u0101s no viena m\u0101jok\u013ca uz otru prasa daudz p\u016b\u013cu, labu pl\u0101no\u0161anu un daudz nervu. Aiztaupiet sev \u0161\u012bs ne\u0113rt\u012bbas! Pal\u012bdz\u0113sim komfortabli p\u0101rcelties.\",\"breadcrumb\":{\"@id\":\"https:\/\/www2.realat.lv\/en\/moving-services\/#breadcrumb\"},\"inLanguage\":\"ru\",\"potentialAction\":[{\"@type\":\"ReadAction\",\"target\":[\"https:\/\/www2.realat.lv\/en\/moving-services\/\"]}]},{\"@type\":\"ImageObject\",\"inLanguage\":\"ru\",\"@id\":\"https:\/\/www2.realat.lv\/en\/moving-services\/#primaryimage\",\"url\":\"https:\/\/www2.realat.lv\/wp-content\/uploads\/2015\/05\/123321.jpg\",\"contentUrl\":\"https:\/\/www2.realat.lv\/wp-content\/uploads\/2015\/05\/123321.jpg\",\"width\":1400,\"height\":393},{\"@type\":\"BreadcrumbList\",\"@id\":\"https:\/\/www2.realat.lv\/en\/moving-services\/#breadcrumb\",\"itemListElement\":[{\"@type\":\"ListItem\",\"position\":1,\"name\":\"Home\",\"item\":\"https:\/\/www2.realat.lv\/en\/\"},{\"@type\":\"ListItem\",\"position\":2,\"name\":\"Removals Services\"}]},{\"@type\":\"WebSite\",\"@id\":\"https:\/\/www2.realat.lv\/en\/#website\",\"url\":\"https:\/\/www2.realat.lv\/en\/\",\"name\":\"REALAT.lv\",\"description\":\"Nekustamie \u012bpa\u0161umi, iz\u012br\u0113, iznom\u0101 un p\u0101rdod, dz\u012bvok\u013ci, m\u0101jas, zemes, komerc\u012bpa\u0161umi, invest\u012bciju projekti, starpniec\u012bbas pakalpojumi.\",\"potentialAction\":[{\"@type\":\"SearchAction\",\"target\":{\"@type\":\"EntryPoint\",\"urlTemplate\":\"https:\/\/www2.realat.lv\/en\/?s={search_term_string}\"},\"query-input\":{\"@type\":\"PropertyValueSpecification\",\"valueRequired\":true,\"valueName\":\"search_term_string\"}}],\"inLanguage\":\"ru\"}]}<\/script>\n<!-- \/ Yoast SEO plugin. -->","yoast_head_json":{"title":"\u0423\u0441\u043b\u0443\u0433\u0438 \u043f\u0435\u0440\u0435\u0435\u0437\u0434\u0430 - REALAT.lv","description":"P\u0101rcel\u0161an\u0101s no viena m\u0101jok\u013ca uz otru prasa daudz p\u016b\u013cu, labu pl\u0101no\u0161anu un daudz nervu. Aiztaupiet sev \u0161\u012bs ne\u0113rt\u012bbas! Pal\u012bdz\u0113sim komfortabli p\u0101rcelties.","robots":{"index":"index","follow":"follow","max-snippet":"max-snippet:-1","max-image-preview":"max-image-preview:large","max-video-preview":"max-video-preview:-1"},"twitter_card":"summary_large_image","twitter_title":"\u0423\u0441\u043b\u0443\u0433\u0438 \u043f\u0435\u0440\u0435\u0435\u0437\u0434\u0430 - REALAT.lv","twitter_description":"P\u0101rcel\u0161an\u0101s no viena m\u0101jok\u013ca uz otru prasa daudz p\u016b\u013cu, labu pl\u0101no\u0161anu un daudz nervu. Aiztaupiet sev \u0161\u012bs ne\u0113rt\u012bbas! Pal\u012bdz\u0113sim komfortabli p\u0101rcelties.","twitter_image":"https:\/\/www2.realat.lv\/wp-content\/uploads\/2015\/05\/123321.jpg","twitter_misc":{"Est. reading time":"1 minute"},"schema":{"@context":"https:\/\/schema.org","@graph":[{"@type":"WebPage","@id":"https:\/\/www2.realat.lv\/en\/moving-services\/","url":"https:\/\/www2.realat.lv\/en\/moving-services\/","name":"\u0423\u0441\u043b\u0443\u0433\u0438 \u043f\u0435\u0440\u0435\u0435\u0437\u0434\u0430 - REALAT.lv","isPartOf":{"@id":"https:\/\/www2.realat.lv\/en\/#website"},"primaryImageOfPage":{"@id":"https:\/\/www2.realat.lv\/en\/moving-services\/#primaryimage"},"image":{"@id":"https:\/\/www2.realat.lv\/en\/moving-services\/#primaryimage"},"thumbnailUrl":"https:\/\/www2.realat.lv\/wp-content\/uploads\/2015\/05\/123321.jpg","datePublished":"2015-05-21T17:59:13+00:00","dateModified":"2019-02-17T17:24:17+00:00","description":"P\u0101rcel\u0161an\u0101s no viena m\u0101jok\u013ca uz otru prasa daudz p\u016b\u013cu, labu pl\u0101no\u0161anu un daudz nervu. Aiztaupiet sev \u0161\u012bs ne\u0113rt\u012bbas! Pal\u012bdz\u0113sim komfortabli p\u0101rcelties.","breadcrumb":{"@id":"https:\/\/www2.realat.lv\/en\/moving-services\/#breadcrumb"},"inLanguage":"ru","potentialAction":[{"@type":"ReadAction","target":["https:\/\/www2.realat.lv\/en\/moving-services\/"]}]},{"@type":"ImageObject","inLanguage":"ru","@id":"https:\/\/www2.realat.lv\/en\/moving-services\/#primaryimage","url":"https:\/\/www2.realat.lv\/wp-content\/uploads\/2015\/05\/123321.jpg","contentUrl":"https:\/\/www2.realat.lv\/wp-content\/uploads\/2015\/05\/123321.jpg","width":1400,"height":393},{"@type":"BreadcrumbList","@id":"https:\/\/www2.realat.lv\/en\/moving-services\/#breadcrumb","itemListElement":[{"@type":"ListItem","position":1,"name":"Home","item":"https:\/\/www2.realat.lv\/en\/"},{"@type":"ListItem","position":2,"name":"Removals Services"}]},{"@type":"WebSite","@id":"https:\/\/www2.realat.lv\/en\/#website","url":"https:\/\/www2.realat.lv\/en\/","name":"REALAT.lv","description":"Nekustamie \u012bpa\u0161umi, iz\u012br\u0113, iznom\u0101 un p\u0101rdod, dz\u012bvok\u013ci, m\u0101jas, zemes, komerc\u012bpa\u0161umi, invest\u012bciju projekti, starpniec\u012bbas pakalpojumi.","potentialAction":[{"@type":"SearchAction","target":{"@type":"EntryPoint","urlTemplate":"https:\/\/www2.realat.lv\/en\/?s={search_term_string}"},"query-input":{"@type":"PropertyValueSpecification","valueRequired":true,"valueName":"search_term_string"}}],"inLanguage":"ru"}]}},"post_mailing_queue_ids":[],"_links":{"self":[{"href":"https:\/\/www2.realat.lv\/ru\/wp-json\/wp\/v2\/pages\/4110","targetHints":{"allow":["GET"]}}],"collection":[{"href":"https:\/\/www2.realat.lv\/ru\/wp-json\/wp\/v2\/pages"}],"about":[{"href":"https:\/\/www2.realat.lv\/ru\/wp-json\/wp\/v2\/types\/page"}],"author":[{"embeddable":true,"href":"https:\/\/www2.realat.lv\/ru\/wp-json\/wp\/v2\/users\/2"}],"replies":[{"embeddable":true,"href":"https:\/\/www2.realat.lv\/ru\/wp-json\/wp\/v2\/comments?post=4110"}],"version-history":[{"count":0,"href":"https:\/\/www2.realat.lv\/ru\/wp-json\/wp\/v2\/pages\/4110\/revisions"}],"wp:featuredmedia":[{"embeddable":true,"href":"https:\/\/www2.realat.lv\/ru\/wp-json\/wp\/v2\/media\/7443"}],"wp:attachment":[{"href":"https:\/\/www2.realat.lv\/ru\/wp-json\/wp\/v2\/media?parent=4110"}],"curies":[{"name":"wp","href":"https:\/\/api.w.org\/{rel}","templated":true}]}}