{"id":4253,"date":"2015-06-11T12:24:57","date_gmt":"2015-06-11T12:24:57","guid":{"rendered":"http:\/\/lux.www2.realat.lv\/wordpress\/?page_id=4253"},"modified":"2025-07-29T10:58:38","modified_gmt":"2025-07-29T07:58:38","slug":"kapec-realat","status":"publish","type":"page","link":"https:\/\/www2.realat.lv\/ru\/%d0%bf%d0%be%d1%87%d0%b5%d0%bc%d1%83-%d1%80%d0%b5%d0%b0%d0%bb%d0%b0%d1%82\/","title":{"rendered":"\u041f\u043e\u0447\u0435\u043c\u0443 REALAT"},"content":{"rendered":"<p><\/p>\n<p><strong>\u041c\u044b \u043f\u0440\u0435\u0434\u043f\u0440\u0438\u044f\u0442\u0438\u0435 \u0441 \u0434\u043e\u043b\u0433\u043e\u043b\u0435\u0442\u043d\u0438\u043c \u043e\u043f\u044b\u0442\u043e\u043c \u0438 \u0441\u0442\u0430\u0431\u0438\u043b\u044c\u043d\u043e\u0435 \u0438\u043c\u044f \u043d\u0430 \u0440\u044b\u043d\u043a\u0435 \u043d\u0435\u0434\u0432\u0438\u0436\u0438\u043c\u043e\u0441\u0442\u0438 \u041b\u0430\u0442\u0432\u0438\u0438, \u043a\u043e\u0442\u043e\u0440\u043e\u0435 \u0443\u0434\u0430\u0447\u043d\u043e \u043e\u0431\u044a\u0435\u0434\u0438\u043d\u044f\u0435\u0442 \u0441\u0430\u043c\u044b\u0445 \u043e\u0431\u0440\u0430\u0437\u043e\u0432\u0430\u043d\u043d\u044b\u0445 \u0441\u043f\u0435\u0446\u0438\u0430\u043b\u0438\u0441\u0442\u043e\u0432 \u043e\u0442\u0440\u0430\u0441\u043b\u0438 \u0438 \u0441\u043e\u0437\u0434\u0430\u043b \u044d\u0444\u0444\u0435\u043a\u0442\u0438\u0432\u043d\u0443\u044e \u043f\u043b\u0430\u0442\u0444\u043e\u0440\u043c\u0443 \u0443\u0441\u043b\u0443\u0433.<\/strong><\/p>\n<p>\u041d\u0435 \u043d\u0430\u043f\u0440\u0430\u0441\u043d\u043e \u043d\u0430\u0448 \u0434\u0435\u0432\u0438\u0437 &#8211; &#8220;\u0411\u041e\u041b\u042c\u0428\u0415 \u0427\u0415\u041c \u0418\u041c\u0423\u0429\u0415\u0421\u0422\u0412\u041e&#8221;, \u043d\u0430\u0448\u0435 \u043e\u0444\u0438\u0441 &#8211; \u043c\u0435\u0441\u0442\u043e, \u0432 \u043a\u043e\u0442\u043e\u0440\u043e\u043c \u0440\u043e\u0436\u0434\u0430\u0435\u0442\u0441\u044f \u0432\u0438\u0434\u0435\u043d\u044c\u0435 \u043f\u043e \u043f\u043e\u0432\u043e\u0434\u0443 \u0441\u0434\u0435\u043b\u043e\u043a \u0441\u00a0 \u043d\u0435\u0434\u0432\u0438\u0436\u0438\u043c\u043e\u0441\u0442\u044c\u044e, \u0441\u0442\u0440\u0430\u0442\u0435\u0433\u0438\u044e \u0438\u0445 \u043d\u0430\u043f\u0440\u0430\u0432\u043b\u044f\u044e\u0449\u0435\u0439 \u0438 \u0440\u0435\u0430\u043b\u0438\u0437\u0430\u0446\u0438\u044e \u0441\u0434\u0435\u043b\u043a\u0438. \u041d\u0430\u0448\u0430 \u0431\u0430\u0437\u0430 \u0434\u0430\u043d\u043d\u044b\u0445 \u043a\u0430\u043a \u0432\u0440\u0435\u043c\u0435\u043d\u043d\u043e\u0435 \u043f\u0440\u0438\u0441\u0442\u0430\u043d\u0438\u0449\u0435 \u0434\u043b\u044f \u0438\u043c\u0443\u0449\u0435\u0441\u0442\u0432\u0430, \u043a\u043e\u0442\u043e\u0440\u043e\u0435 \u043f\u0440\u043e\u0434\u0430\u0451\u0442\u0441\u044f, \u043c\u044b \u0435\u0433\u043e \u0444\u043e\u0442\u043e\u0433\u0440\u0430\u0444\u0438\u0440\u0443\u0435\u043c, \u0441\u043e\u0441\u0442\u0430\u0432\u043b\u044f\u0435\u043c \u043e\u043f\u0438\u0441\u0430\u043d\u0438\u0435, \u0441\u043e\u0437\u0434\u0430\u0451\u043c\\\u0441\u043e\u0441\u0442\u0430\u0432\u043b\u044f\u0435\u043c \u043f\u0440\u0438\u0441\u043e\u0435\u0434\u0438\u043d\u0435\u043d\u043d\u0443\u044e \u043a \u043d\u0435\u043c\u0443 \u0441\u0442\u043e\u0438\u043c\u043e\u0441\u0442\u044c \u0438 \u0441\u0442\u0440\u0430\u0442\u0435\u0433\u0438\u044e \u043f\u0440\u043e\u0434\u0430\u0436\u0438, \u0430 \u0442\u0430\u043a\u0436\u0435, \u043a\u043e\u043d\u0435\u0447\u043d\u043e, \u043d\u0430\u0445\u043e\u0434\u0438\u043c \u0441\u0430\u043c\u043e\u0433\u043e \u0441\u043e\u043e\u0442\u0432\u0435\u0442\u0441\u0442\u0432\u0435\u043d\u043d\u043e\u0433\u043e \u043d\u043e\u0432\u043e\u0433\u043e \u0445\u043e\u0437\u044f\u0438\u043d\u0430, \u043d\u043e \u044d\u0442\u043e \u0432\u0441\u0435 \u0432\u043e\u0437\u043c\u043e\u0436\u043d\u043e \u0442\u043e\u043b\u044c\u043a\u043e \u0431\u043b\u0430\u0433\u043e\u0434\u0430\u0440\u044f \u043d\u0430\u0448\u0435\u0439 \u043a\u043e\u043c\u0430\u043d\u0434\u0435 \u044d\u043a\u0441\u043f\u0435\u0440\u0442\u043e\u0432. \u0421 \u043d\u0430\u043c\u0438 \u0440\u0430\u0431\u043e\u0442\u0430\u044e\u0442 \u044d\u043d\u0435\u0440\u0433\u0438\u0447\u043d\u044b\u0435, \u0442\u0432\u043e\u0440\u0447\u0435\u0441\u043a\u0438\u0435, \u0434\u0435\u043b\u043e\u0432\u044b\u0435, \u0437\u043d\u0430\u044e\u0449\u0438\u0435 \u043f\u0440\u043e\u0444\u0435\u0441\u0441\u0438\u043e\u043d\u0430\u043b\u044b, \u043a\u043e\u0442\u043e\u0440\u044b\u0435 \u0441\u043e\u0437\u0434\u0430\u044e\u0442 \u043f\u0440\u0438\u044f\u0442\u043d\u043e\u0435 \u0438 \u043d\u0430\u0434\u0451\u0436\u043d\u043e\u0435 \u043e\u0449\u0443\u0449\u0435\u043d\u0438\u0435 \u0432 \u043d\u0430\u0448\u0435\u0439 \u043e\u0442\u0440\u0430\u0441\u043b\u0438.<\/p>\n<p>\u041c\u044b \u043f\u043e\u043c\u043e\u0436\u0435\u043c \u043f\u0440\u043e\u0434\u0430\u0442\u044c \u0412\u0430\u0448\u0435 \u0438\u043c\u0443\u0449\u0435\u0441\u0442\u0432\u043e, \u043d\u0435 \u043f\u043e\u0442\u043e\u043c\u0443, \u0447\u0442\u043e \u044d\u0442\u043e \u043d\u0430\u0448\u0430 \u0440\u0430\u0431\u043e\u0442\u0430 &#8211; \u0430 \u043f\u043e\u0442\u043e\u043c\u0443, \u0447\u0442\u043e \u044d\u0442\u043e \u043d\u0430\u0448 \u043e\u0431\u0440\u0430\u0437 \u0436\u0438\u0437\u043d\u0438.<\/p>\n<blockquote>\n<p><span style=\"font-size: 14pt;\"><em>\u041f\u0440\u0438\u043e\u0440\u0438\u0442\u0435\u0442 \u043d\u0430\u0448\u0438\u0445 \u0430\u0433\u0435\u043d\u0442\u043e\u0432 &#8211; \u044d\u0442\u043e \u044f\u0441\u043d\u043e \u043f\u043e\u043d\u0438\u043c\u0430\u0442\u044c \u0436\u0435\u043b\u0430\u043d\u0438\u0435 \u043a\u043b\u0438\u0435\u043d\u0442\u0430 \u0434\u043b\u044f \u0442\u043e\u0433\u043e, \u0447\u0442\u043e\u0431\u044b\u00a0 \u0443\u0434\u0430\u0447\u043d\u0435\u0435 \u043d\u0430\u0439\u0442\u0438\u00a0 \u0431\u043e\u043b\u0435\u0435 \u0441\u043e\u043e\u0442\u0432\u0435\u0442\u0441\u0442\u0432\u0443\u044e\u0449\u0443\u044e \u0441\u0442\u0440\u0430\u0442\u0435\u0433\u0438\u044e \u0441\u0434\u0435\u043b\u043a\u0438.<\/em><\/span><\/p>\n<\/blockquote>\n<p>&nbsp;<\/p>\n<p><strong>\u041c\u044b \u043e\u0441\u043e\u0437\u043d\u0430\u0451\u043c, \u0447\u0442\u043e \u043f\u0440\u043e\u0434\u0430\u0436\u0430 \u043d\u0435\u0434\u0432\u0438\u0436\u0438\u043c\u043e\u0441\u0442\u0438 &#8211; \u043e\u0442\u0432\u0435\u0442\u0441\u0442\u0432\u0435\u043d\u043d\u044b\u0439 \u0448\u0430\u0433, \u0438\u043c\u0435\u043d\u043d\u043e \u043f\u043e\u044d\u0442\u043e\u043c\u0443 \u043c\u044b \u043c\u043e\u0436\u0435\u043c \u043e\u0431\u0435\u0441\u043f\u0435\u0447\u0438\u0442\u044c \u043c\u0430\u043a\u0441\u0438\u043c\u0430\u043b\u044c\u043d\u043e\u0435 \u043a\u0430\u0447\u0435\u0441\u0442\u0432\u043e \u0443\u0441\u043b\u0443\u0433 \u043d\u0430 \u0441\u0430\u043c\u043e\u043c \u0432\u044b\u0441\u043e\u043a\u043e\u043c \u0443\u0440\u043e\u0432\u043d\u0435.<\/strong><\/p>\n<p>\u0423 \u043d\u0430\u0441 \u0412\u044b \u0441\u043c\u043e\u0436\u0435\u0442\u0435 \u043f\u0440\u043e\u0434\u0430\u0442\u044c \u0438 \u043e\u0444\u043e\u0440\u043c\u0438\u0442\u044c \u043d\u0435\u0434\u0432\u0438\u0436\u0438\u043c\u043e\u0441\u0442\u044c \u0441 \u043f\u0440\u043e\u0444\u0435\u0441\u0441\u0438\u043e\u043d\u0430\u043b\u044c\u043d\u043e\u0439 \u043f\u043e\u0434\u0434\u0435\u0440\u0436\u043a\u043e\u0439 &#8211; \u0441\u044d\u043a\u043e\u043d\u043e\u043c\u0438\u0432 \u0441\u0432\u043e\u0451 \u0432\u0440\u0435\u043c\u044f \u0438 \u0441\u0440\u0435\u0434\u0441\u0442\u0432\u0430.<\/p>\n<p>&nbsp;<\/p>\n<blockquote>\n<p><span style=\"font-size: 14pt;\"><em>\u0414\u043e\u0441\u0442\u0438\u0436\u0435\u043d\u0438\u0435 \u0443\u0434\u0430\u0447\u043d\u043e\u0439 \u0441\u0434\u0435\u043b\u043a\u0438 \u043e\u0441\u043d\u043e\u0432\u0430\u043d\u043e \u043d\u0430 \u043f\u0440\u043e\u0444\u0435\u0441\u0441\u0438\u043e\u043d\u0430\u043b\u0438\u0437\u043c\u0435 \u0438 \u043d\u0430\u0434\u0451\u0436\u043d\u043e\u0441\u0442\u0438.<\/em><\/span><\/p>\n<\/blockquote>\n<p>&nbsp;<\/p>\n<div class=\"center-block\"><h2 class=\"centered osLight\">\u041d\u0435\u0434\u0430\u0432\u043d\u043e \u0432\u044b\u0441\u0442\u0430\u0432\u043b\u0435\u043d\u043d\u044b\u0435 \u043d\u0430 \u043f\u0440\u043e\u0434\u0430\u0436\u0443 \u043e\u0431\u044a\u0435\u043a\u0442\u044b \u043d\u0435\u0434\u0432\u0438\u0436\u0438\u043c\u043e\u0441\u0442\u0438<\/h2><div class=\"row pb40\"><div class=\"col-xs-12 col-sm-6 col-md-4 col-lg-4\"><a href=\"https:\/\/www2.realat.lv\/ru\/svoistva\/50509\/\" class=\"propWidget-2\"><div class=\"fig\"><img decoding=\"async\" src=\"https:\/\/img.realat.lv\/?type=wm2&#038;id=299826\" alt=\"\u0414\u043e\u043c\u043e\u0432\u043b\u0430\u0434\u0435\u043d\u0438\u0435 | \u0416\u0438\u043b\u043e\u0439 \u0434\u043e\u043c\" class=\"scale\" data-scale=\"best-fill\" data-align=\"center\"><img decoding=\"async\" src=\"https:\/\/img.realat.lv\/?type=wm2&#038;id=299826\" alt=\"\u0414\u043e\u043c\u043e\u0432\u043b\u0430\u0434\u0435\u043d\u0438\u0435 | \u0416\u0438\u043b\u043e\u0439 \u0434\u043e\u043c\" class=\"blur scale\" data-scale=\"best-fill\" data-align=\"center\"><div class=\"opac\"><\/div><div class=\"priceCap osLight\"><span>EUR6,000,000<\/span><\/div><div class=\"figType\">\u041f\u0440\u043e\u0434\u0430\u0436\u0430<\/div><h3 class=\"osLight\">\u0414\u043e\u043c\u043e\u0432\u043b\u0430\u0434\u0435\u043d\u0438\u0435 | \u0416\u0438\u043b\u043e\u0439 \u0434\u043e\u043c<\/h3><div class=\"address\">\u041a\u0430\u0442\u043e\u043b\u0443 \u0443\u043b\u0438\u0446\u0430, \u0420\u0438\u0433\u0430, <\/div><\/div><\/a><\/div><div class=\"col-xs-12 col-sm-6 col-md-4 col-lg-4\"><a href=\"https:\/\/www2.realat.lv\/ru\/svoistva\/50508\/\" class=\"propWidget-2\"><div class=\"fig\"><img decoding=\"async\" src=\"https:\/\/img.realat.lv\/?type=wm2&#038;id=299784\" alt=\"\u0414\u043e\u043c\u0430 | \u0414\u0430\u0447\u0430\" class=\"scale\" data-scale=\"best-fill\" data-align=\"center\"><img decoding=\"async\" src=\"https:\/\/img.realat.lv\/?type=wm2&#038;id=299784\" alt=\"\u0414\u043e\u043c\u0430 | \u0414\u0430\u0447\u0430\" class=\"blur scale\" data-scale=\"best-fill\" data-align=\"center\"><div class=\"opac\"><\/div><div class=\"priceCap osLight\"><span>EUR249,900<\/span><\/div><div class=\"figType\">\u041f\u0440\u043e\u0434\u0430\u0436\u0430<\/div><h3 class=\"osLight\">\u0414\u043e\u043c\u0430 | \u0414\u0430\u0447\u0430<\/h3><div class=\"address\">Rudzupu\u0137u iela, \u0420\u0438\u0436\u0441\u043a\u0438\u0439 \u0440\u0430\u0439\u043e\u043d, <\/div><\/div><\/a><\/div><div class=\"col-xs-12 col-sm-6 col-md-4 col-lg-4\"><a href=\"https:\/\/www2.realat.lv\/ru\/svoistva\/50504\/\" class=\"propWidget-2\"><div class=\"fig\"><img decoding=\"async\" src=\"https:\/\/img.realat.lv\/?type=wm2&#038;id=299732\" alt=\"\u0414\u043e\u043c\u0430 | \u0420\u044f\u0434\u043d\u044b\u0439 \u0434\u043e\u043c\" class=\"scale\" data-scale=\"best-fill\" data-align=\"center\"><img decoding=\"async\" src=\"https:\/\/img.realat.lv\/?type=wm2&#038;id=299732\" alt=\"\u0414\u043e\u043c\u0430 | \u0420\u044f\u0434\u043d\u044b\u0439 \u0434\u043e\u043c\" class=\"blur scale\" data-scale=\"best-fill\" data-align=\"center\"><div class=\"opac\"><\/div><div class=\"priceCap osLight\"><span>EUR249,000<\/span><\/div><div class=\"figType\">\u041f\u0440\u043e\u0434\u0430\u0436\u0430<\/div><h3 class=\"osLight\">\u0414\u043e\u043c\u0430 | \u0420\u044f\u0434\u043d\u044b\u0439 \u0434\u043e\u043c<\/h3><div class=\"address\">Rudzupu\u0137u iela, \u0420\u0438\u0436\u0441\u043a\u0438\u0439 \u0440\u0430\u0439\u043e\u043d, <\/div><\/div><\/a><\/div><div class=\"col-xs-12 col-sm-6 col-md-4 col-lg-4\"><a href=\"https:\/\/www2.realat.lv\/ru\/svoistva\/50506\/\" class=\"propWidget-2\"><div class=\"fig\"><img decoding=\"async\" src=\"https:\/\/img.realat.lv\/?type=wm2&#038;id=299756\" alt=\"\u0414\u043e\u043c\u0430 | \u0420\u044f\u0434\u043d\u044b\u0439 \u0434\u043e\u043c\" class=\"scale\" data-scale=\"best-fill\" data-align=\"center\"><img decoding=\"async\" src=\"https:\/\/img.realat.lv\/?type=wm2&#038;id=299756\" alt=\"\u0414\u043e\u043c\u0430 | \u0420\u044f\u0434\u043d\u044b\u0439 \u0434\u043e\u043c\" class=\"blur scale\" data-scale=\"best-fill\" data-align=\"center\"><div class=\"opac\"><\/div><div class=\"priceCap osLight\"><span>EUR239,900<\/span><\/div><div class=\"figType\">\u041f\u0440\u043e\u0434\u0430\u0436\u0430<\/div><h3 class=\"osLight\">\u0414\u043e\u043c\u0430 | \u0420\u044f\u0434\u043d\u044b\u0439 \u0434\u043e\u043c<\/h3><div class=\"address\">Rudzupu\u0137u iela, \u0420\u0438\u0436\u0441\u043a\u0438\u0439 \u0440\u0430\u0439\u043e\u043d, <\/div><\/div><\/a><\/div><div class=\"col-xs-12 col-sm-6 col-md-4 col-lg-4\"><a href=\"https:\/\/www2.realat.lv\/ru\/svoistva\/50501\/\" class=\"propWidget-2\"><div class=\"fig\"><img decoding=\"async\" src=\"https:\/\/img.realat.lv\/?type=wm2&#038;id=299702\" alt=\"\u0414\u043e\u043c\u0430 | \u0420\u044f\u0434\u043d\u044b\u0439 \u0434\u043e\u043c\" class=\"scale\" data-scale=\"best-fill\" data-align=\"center\"><img decoding=\"async\" src=\"https:\/\/img.realat.lv\/?type=wm2&#038;id=299702\" alt=\"\u0414\u043e\u043c\u0430 | \u0420\u044f\u0434\u043d\u044b\u0439 \u0434\u043e\u043c\" class=\"blur scale\" data-scale=\"best-fill\" data-align=\"center\"><div class=\"opac\"><\/div><div class=\"priceCap osLight\"><span>EUR249,900<\/span><\/div><div class=\"figType\">\u041f\u0440\u043e\u0434\u0430\u0436\u0430<\/div><h3 class=\"osLight\">\u0414\u043e\u043c\u0430 | \u0420\u044f\u0434\u043d\u044b\u0439 \u0434\u043e\u043c<\/h3><div class=\"address\">Rudzupu\u0137u iela, \u0420\u0438\u0436\u0441\u043a\u0438\u0439 \u0440\u0430\u0439\u043e\u043d, <\/div><\/div><\/a><\/div><div class=\"col-xs-12 col-sm-6 col-md-4 col-lg-4\"><a href=\"https:\/\/www2.realat.lv\/ru\/svoistva\/50502\/\" class=\"propWidget-2\"><div class=\"fig\"><img decoding=\"async\" src=\"https:\/\/img.realat.lv\/?type=wm2&#038;id=299713\" alt=\"\u0414\u043e\u043c\u0430 | \u0420\u044f\u0434\u043d\u044b\u0439 \u0434\u043e\u043c\" class=\"scale\" data-scale=\"best-fill\" data-align=\"center\"><img decoding=\"async\" src=\"https:\/\/img.realat.lv\/?type=wm2&#038;id=299713\" alt=\"\u0414\u043e\u043c\u0430 | \u0420\u044f\u0434\u043d\u044b\u0439 \u0434\u043e\u043c\" class=\"blur scale\" data-scale=\"best-fill\" data-align=\"center\"><div class=\"opac\"><\/div><div class=\"priceCap osLight\"><span>EUR279,900<\/span><\/div><div class=\"figType\">\u041f\u0440\u043e\u0434\u0430\u0436\u0430<\/div><h3 class=\"osLight\">\u0414\u043e\u043c\u0430 | \u0420\u044f\u0434\u043d\u044b\u0439 \u0434\u043e\u043c<\/h3><div class=\"address\">Rudzupu\u0137u iela, \u0420\u0438\u0436\u0441\u043a\u0438\u0439 \u0440\u0430\u0439\u043e\u043d, <\/div><\/div><\/a><\/div><\/div><\/div>\n<p>&nbsp;<\/p>\n<div class=\"agent-block\" style=\"width:100%;position:relative;\"><div class=\"center-block\"><h2 class=\"center osLight pt20\" style=\"color:#9D9FA2;font-size:30px;\">\u041d\u0430\u0439\u0442\u0438 \u0441\u0432\u043e\u0439 \u0410\u0433\u0435\u043d\u0442<\/h2><div class=\"underline\"><img decoding=\"async\" src=\"https:\/\/www.www2.realat.lv\/wp-content\/themes\/realeswp\/images\/line.png\"\/><\/div><div class=\"row\" style=\"width:100%\"><div id=\"home-agents\" class=\"carousel slide carousel-wb\" ><div class=\"carousel-inner\"><div class=\"item active\"><div class=\"agent\"><div class=\"agent-avat col-md-6 col-lg-6 col-sm-12 col-xs-12 hidden-xs\"><div class=\"agent-mind\"><img decoding=\"async\" class=\"lazy2\" src=\"\" data-src=\"https:\/\/www.www2.realat.lv\/wp-content\/themes\/realeswp\/images\/agent_mind.png\"\/><\/div><div class=\"agent-pencil\"><\/div><a href=\"https:\/\/www2.realat.lv\/lv\/agents\/uldis\/\" ><img decoding=\"async\"  class=\"lazy\" src=\"\" data-src=\"https:\/\/img.realat.lv\/users\/wp_team_1767888645465.jpg\"  style=\"padding-left:10px;width:441px;height:auto;display: block;\"  alt=\"Reg\u012bna Janberga\"\/><\/a><\/div><div class=\"agent-info col-md-6 col-lg-6 col-sm-12 col-xs-12\"><div class=\"agent-name\">Reg\u012bna Janberga<\/div><div class=\"agent-about\">\u041a\u043e\u043d\u0441\u0443\u043b\u044c\u0442\u0430\u043d\u0442 \u043f\u043e \u0436\u0438\u043b\u044c\u044e<\/div><div class=\"agent-contact\"><div>\u0422\u0435\u043b.: (+371) 67210010<\/div><div>\u041c\u043e\u0431.: (+371) 20377735<\/div><div>\u042d-\u043f\u043e\u0447\u0442\u0430: regina@www2.realat.lv<\/div><\/div><a class=\"btn btn-default morebutton\" href=\"https:\/\/www2.realat.lv\/lv\/agents\/uldis\/\" role=\"button\">\u041e\u0437\u043d\u0430\u043a\u043e\u043c\u0438\u0442\u0441\u044f \u043f\u043e\u0434\u0440\u043e\u0431\u043d\u0435\u0435<\/a><\/div><\/div><\/div><\/div><\/div><\/div><\/div><\/div>\n<p><\/p>","protected":false},"excerpt":{"rendered":"<p>\u041c\u044b \u043f\u0440\u0435\u0434\u043f\u0440\u0438\u044f\u0442\u0438\u0435 \u0441 \u0434\u043e\u043b\u0433\u043e\u043b\u0435\u0442\u043d\u0438\u043c \u043e\u043f\u044b\u0442\u043e\u043c \u0438 \u0441\u0442\u0430\u0431\u0438\u043b\u044c\u043d\u043e\u0435 \u0438\u043c\u044f \u043d\u0430 \u0440\u044b\u043d\u043a\u0435 \u043d\u0435\u0434\u0432\u0438\u0436\u0438\u043c\u043e\u0441\u0442\u0438 \u041b\u0430\u0442\u0432\u0438\u0438, \u043a\u043e\u0442\u043e\u0440\u043e\u0435 \u0443\u0434\u0430\u0447\u043d\u043e \u043e\u0431\u044a\u0435\u0434\u0438\u043d\u044f\u0435\u0442 \u0441\u0430\u043c\u044b\u0445 \u043e\u0431\u0440\u0430\u0437\u043e\u0432\u0430\u043d\u043d\u044b\u0445 \u0441\u043f\u0435\u0446\u0438\u0430\u043b\u0438\u0441\u0442\u043e\u0432 \u043e\u0442\u0440\u0430\u0441\u043b\u0438 \u0438 \u0441\u043e\u0437\u0434\u0430\u043b \u044d\u0444\u0444\u0435\u043a\u0442\u0438\u0432\u043d\u0443\u044e \u043f\u043b\u0430\u0442\u0444\u043e\u0440\u043c\u0443 \u0443\u0441\u043b\u0443\u0433. \u041d\u0435 \u043d\u0430\u043f\u0440\u0430\u0441\u043d\u043e \u043d\u0430\u0448 \u0434\u0435\u0432\u0438\u0437 &#8211; &#8220;\u0411\u041e\u041b\u042c\u0428\u0415&#8230; <\/p>\n","protected":false},"author":2,"featured_media":2029080,"parent":0,"menu_order":0,"comment_status":"closed","ping_status":"closed","template":"single.php","meta":{"footnotes":""},"class_list":["post-4253","page","type-page","status-publish","has-post-thumbnail","hentry"],"yoast_head":"<!-- This site is optimized with the Yoast SEO plugin v26.9 - https:\/\/yoast.com\/product\/yoast-seo-wordpress\/ -->\n<title>K\u0101p\u0113c REALAT - REALAT.lv<\/title>\n<meta name=\"description\" content=\"REALAT ir\u00a0uz\u0146\u0113mums ar ilggad\u0113ju pieredzi un stabilu v\u0101rdu Latvijas nekustamo \u012bpa\u0161umu tirg\u016b, kur\u0161 sp\u0113jis veiksm\u012bgi apvienot zino\u0161\u0101kos nozares speci\u0101listus.\" \/>\n<meta name=\"robots\" content=\"index, follow, max-snippet:-1, max-image-preview:large, max-video-preview:-1\" \/>\n<meta name=\"twitter:card\" content=\"summary_large_image\" \/>\n<meta name=\"twitter:title\" content=\"[:lv]K\u0101p\u0113c REALAT - REALAT.lv[:en]Kap\u0113c REALAT - REALAT.lv[:ru]K\u0101p\u0113c REALAT - REALAT.lv[:]\" \/>\n<meta name=\"twitter:description\" content=\"REALAT ir\u00a0uz\u0146\u0113mums ar ilggad\u0113ju pieredzi un stabilu v\u0101rdu Latvijas nekustamo \u012bpa\u0161umu tirg\u016b, kur\u0161 sp\u0113jis veiksm\u012bgi apvienot zino\u0161\u0101kos nozares speci\u0101listus.\" \/>\n<meta name=\"twitter:image\" content=\"https:\/\/www2.realat.lv\/wp-content\/uploads\/2021\/05\/2_1_2468958462.jpg\" \/>\n<meta name=\"twitter:label1\" content=\"Est. reading time\" \/>\n\t<meta name=\"twitter:data1\" content=\"2 minutes\" \/>\n<script type=\"application\/ld+json\" class=\"yoast-schema-graph\">{\"@context\":\"https:\/\/schema.org\",\"@graph\":[{\"@type\":\"WebPage\",\"@id\":\"https:\/\/www2.realat.lv\/lv\/kapec-realat\/\",\"url\":\"https:\/\/www2.realat.lv\/lv\/kapec-realat\/\",\"name\":\"[:lv]K\u0101p\u0113c REALAT - REALAT.lv[:en]Kap\u0113c REALAT - REALAT.lv[:ru]K\u0101p\u0113c REALAT - REALAT.lv[:]\",\"isPartOf\":{\"@id\":\"https:\/\/www2.realat.lv\/en\/#website\"},\"primaryImageOfPage\":{\"@id\":\"https:\/\/www2.realat.lv\/lv\/kapec-realat\/#primaryimage\"},\"image\":{\"@id\":\"https:\/\/www2.realat.lv\/lv\/kapec-realat\/#primaryimage\"},\"thumbnailUrl\":\"https:\/\/www2.realat.lv\/wp-content\/uploads\/2021\/05\/2_1_2468958462.jpg\",\"datePublished\":\"2015-06-11T12:24:57+00:00\",\"dateModified\":\"2025-07-29T07:58:38+00:00\",\"description\":\"REALAT ir\u00a0uz\u0146\u0113mums ar ilggad\u0113ju pieredzi un stabilu v\u0101rdu Latvijas nekustamo \u012bpa\u0161umu tirg\u016b, kur\u0161 sp\u0113jis veiksm\u012bgi apvienot zino\u0161\u0101kos nozares speci\u0101listus.\",\"breadcrumb\":{\"@id\":\"https:\/\/www2.realat.lv\/lv\/kapec-realat\/#breadcrumb\"},\"inLanguage\":\"ru\",\"potentialAction\":[{\"@type\":\"ReadAction\",\"target\":[\"https:\/\/www2.realat.lv\/lv\/kapec-realat\/\"]}]},{\"@type\":\"ImageObject\",\"inLanguage\":\"ru\",\"@id\":\"https:\/\/www2.realat.lv\/lv\/kapec-realat\/#primaryimage\",\"url\":\"https:\/\/www2.realat.lv\/wp-content\/uploads\/2021\/05\/2_1_2468958462.jpg\",\"contentUrl\":\"https:\/\/www2.realat.lv\/wp-content\/uploads\/2021\/05\/2_1_2468958462.jpg\",\"width\":1500,\"height\":1000},{\"@type\":\"BreadcrumbList\",\"@id\":\"https:\/\/www2.realat.lv\/lv\/kapec-realat\/#breadcrumb\",\"itemListElement\":[{\"@type\":\"ListItem\",\"position\":1,\"name\":\"Home\",\"item\":\"https:\/\/www2.realat.lv\/en\/\"},{\"@type\":\"ListItem\",\"position\":2,\"name\":\"K\u0101p\u0113c REALAT\"}]},{\"@type\":\"WebSite\",\"@id\":\"https:\/\/www2.realat.lv\/en\/#website\",\"url\":\"https:\/\/www2.realat.lv\/en\/\",\"name\":\"REALAT.lv\",\"description\":\"Nekustamie \u012bpa\u0161umi, iz\u012br\u0113, iznom\u0101 un p\u0101rdod, dz\u012bvok\u013ci, m\u0101jas, zemes, komerc\u012bpa\u0161umi, invest\u012bciju projekti, starpniec\u012bbas pakalpojumi.\",\"potentialAction\":[{\"@type\":\"SearchAction\",\"target\":{\"@type\":\"EntryPoint\",\"urlTemplate\":\"https:\/\/www2.realat.lv\/en\/?s={search_term_string}\"},\"query-input\":{\"@type\":\"PropertyValueSpecification\",\"valueRequired\":true,\"valueName\":\"search_term_string\"}}],\"inLanguage\":\"ru\"}]}<\/script>\n<!-- \/ Yoast SEO plugin. -->","yoast_head_json":{"title":"K\u0101p\u0113c REALAT - REALAT.lv","description":"REALAT ir\u00a0uz\u0146\u0113mums ar ilggad\u0113ju pieredzi un stabilu v\u0101rdu Latvijas nekustamo \u012bpa\u0161umu tirg\u016b, kur\u0161 sp\u0113jis veiksm\u012bgi apvienot zino\u0161\u0101kos nozares speci\u0101listus.","robots":{"index":"index","follow":"follow","max-snippet":"max-snippet:-1","max-image-preview":"max-image-preview:large","max-video-preview":"max-video-preview:-1"},"twitter_card":"summary_large_image","twitter_title":"[:lv]K\u0101p\u0113c REALAT - REALAT.lv[:en]Kap\u0113c REALAT - REALAT.lv[:ru]K\u0101p\u0113c REALAT - REALAT.lv[:]","twitter_description":"REALAT ir\u00a0uz\u0146\u0113mums ar ilggad\u0113ju pieredzi un stabilu v\u0101rdu Latvijas nekustamo \u012bpa\u0161umu tirg\u016b, kur\u0161 sp\u0113jis veiksm\u012bgi apvienot zino\u0161\u0101kos nozares speci\u0101listus.","twitter_image":"https:\/\/www2.realat.lv\/wp-content\/uploads\/2021\/05\/2_1_2468958462.jpg","twitter_misc":{"Est. reading time":"2 minutes"},"schema":{"@context":"https:\/\/schema.org","@graph":[{"@type":"WebPage","@id":"https:\/\/www2.realat.lv\/lv\/kapec-realat\/","url":"https:\/\/www2.realat.lv\/lv\/kapec-realat\/","name":"[:lv]K\u0101p\u0113c REALAT - REALAT.lv[:en]Kap\u0113c REALAT - REALAT.lv[:ru]K\u0101p\u0113c REALAT - REALAT.lv[:]","isPartOf":{"@id":"https:\/\/www2.realat.lv\/en\/#website"},"primaryImageOfPage":{"@id":"https:\/\/www2.realat.lv\/lv\/kapec-realat\/#primaryimage"},"image":{"@id":"https:\/\/www2.realat.lv\/lv\/kapec-realat\/#primaryimage"},"thumbnailUrl":"https:\/\/www2.realat.lv\/wp-content\/uploads\/2021\/05\/2_1_2468958462.jpg","datePublished":"2015-06-11T12:24:57+00:00","dateModified":"2025-07-29T07:58:38+00:00","description":"REALAT ir\u00a0uz\u0146\u0113mums ar ilggad\u0113ju pieredzi un stabilu v\u0101rdu Latvijas nekustamo \u012bpa\u0161umu tirg\u016b, kur\u0161 sp\u0113jis veiksm\u012bgi apvienot zino\u0161\u0101kos nozares speci\u0101listus.","breadcrumb":{"@id":"https:\/\/www2.realat.lv\/lv\/kapec-realat\/#breadcrumb"},"inLanguage":"ru","potentialAction":[{"@type":"ReadAction","target":["https:\/\/www2.realat.lv\/lv\/kapec-realat\/"]}]},{"@type":"ImageObject","inLanguage":"ru","@id":"https:\/\/www2.realat.lv\/lv\/kapec-realat\/#primaryimage","url":"https:\/\/www2.realat.lv\/wp-content\/uploads\/2021\/05\/2_1_2468958462.jpg","contentUrl":"https:\/\/www2.realat.lv\/wp-content\/uploads\/2021\/05\/2_1_2468958462.jpg","width":1500,"height":1000},{"@type":"BreadcrumbList","@id":"https:\/\/www2.realat.lv\/lv\/kapec-realat\/#breadcrumb","itemListElement":[{"@type":"ListItem","position":1,"name":"Home","item":"https:\/\/www2.realat.lv\/en\/"},{"@type":"ListItem","position":2,"name":"K\u0101p\u0113c REALAT"}]},{"@type":"WebSite","@id":"https:\/\/www2.realat.lv\/en\/#website","url":"https:\/\/www2.realat.lv\/en\/","name":"REALAT.lv","description":"Nekustamie \u012bpa\u0161umi, iz\u012br\u0113, iznom\u0101 un p\u0101rdod, dz\u012bvok\u013ci, m\u0101jas, zemes, komerc\u012bpa\u0161umi, invest\u012bciju projekti, starpniec\u012bbas pakalpojumi.","potentialAction":[{"@type":"SearchAction","target":{"@type":"EntryPoint","urlTemplate":"https:\/\/www2.realat.lv\/en\/?s={search_term_string}"},"query-input":{"@type":"PropertyValueSpecification","valueRequired":true,"valueName":"search_term_string"}}],"inLanguage":"ru"}]}},"post_mailing_queue_ids":[],"_links":{"self":[{"href":"https:\/\/www2.realat.lv\/ru\/wp-json\/wp\/v2\/pages\/4253","targetHints":{"allow":["GET"]}}],"collection":[{"href":"https:\/\/www2.realat.lv\/ru\/wp-json\/wp\/v2\/pages"}],"about":[{"href":"https:\/\/www2.realat.lv\/ru\/wp-json\/wp\/v2\/types\/page"}],"author":[{"embeddable":true,"href":"https:\/\/www2.realat.lv\/ru\/wp-json\/wp\/v2\/users\/2"}],"replies":[{"embeddable":true,"href":"https:\/\/www2.realat.lv\/ru\/wp-json\/wp\/v2\/comments?post=4253"}],"version-history":[{"count":0,"href":"https:\/\/www2.realat.lv\/ru\/wp-json\/wp\/v2\/pages\/4253\/revisions"}],"wp:featuredmedia":[{"embeddable":true,"href":"https:\/\/www2.realat.lv\/ru\/wp-json\/wp\/v2\/media\/2029080"}],"wp:attachment":[{"href":"https:\/\/www2.realat.lv\/ru\/wp-json\/wp\/v2\/media?parent=4253"}],"curies":[{"name":"wp","href":"https:\/\/api.w.org\/{rel}","templated":true}]}}