{"id":4259,"date":"2015-06-11T12:25:58","date_gmt":"2015-06-11T12:25:58","guid":{"rendered":"http:\/\/lux.www2.realat.lv\/wordpress\/?page_id=4259"},"modified":"2021-08-30T22:53:02","modified_gmt":"2021-08-30T20:53:02","slug":"pakalpojumi","status":"publish","type":"page","link":"https:\/\/www2.realat.lv\/ru\/%d0%b8%d0%bd%d0%b2%d0%b5%d1%81%d1%82%d0%b8%d1%86%d0%b8%d0%be%d0%bd%d0%bd%d1%8b%d0%b5-%d1%83%d1%81%d0%bb%d1%83%d0%b3%d0%b8\/","title":{"rendered":"\u0418\u043d\u0432\u0435\u0441\u0442\u0438\u0446\u0438\u043e\u043d\u043d\u044b\u0435 \u0443\u0441\u043b\u0443\u0433\u0438"},"content":{"rendered":"<p><\/p>\n<p><span style=\"font-size: 18pt;\">\u0421\u0442\u0430\u0431\u0438\u043b\u044c\u043d\u044b\u0435 \u0438 \u0441\u0442\u0440\u0430\u0442\u0435\u0433\u0438\u0447\u0435\u0441\u043a\u0438 \u0432\u044b\u0433\u043e\u0434\u043d\u044b\u0435 \u0438\u043d\u0432\u0435\u0441\u0442\u0438\u0446\u0438\u0438 \u0432 \u043d\u0435\u0434\u0432\u0438\u0436\u0438\u043c\u043e\u0441\u0442\u044c<\/span><\/p>\n<p>REALAT \u0437\u043d\u0430\u0435\u0442, \u043a\u0442\u043e \u0436\u0435\u043b\u0430\u0435\u0442 \u043a\u0443\u043f\u0438\u0442\u044c, \u043a\u0442\u043e \u0436\u0435\u043b\u0430\u0435\u0442 \u043f\u0440\u043e\u0434\u0430\u0442\u044c \u0438 \u0433\u0434\u0435 \u043c\u043e\u0436\u043d\u043e \u043d\u0430\u0439\u0442\u0438 \u0441\u0430\u043c\u044b\u0435 \u043b\u0443\u0447\u0448\u0438\u0435 \u0438\u0441\u0442\u043e\u0447\u043d\u0438\u043a\u0438 \u043a\u0430\u043f\u0438\u0442\u0430\u043b\u0430.<br \/>\u041c\u044b \u0441\u043e\u0442\u0440\u0443\u0434\u043d\u0438\u0447\u0430\u0435\u043c \u0441 \u0444\u043e\u043d\u0434\u0430\u043c\u0438 \u0438 \u0447\u0430\u0441\u0442\u043d\u044b\u043c\u0438 \u0438\u043d\u0432\u0435\u0441\u0442\u043e\u0440\u0430\u043c\u0438, \u043a\u043e\u0442\u043e\u0440\u044b\u0435 \u0436\u0435\u043b\u0430\u044e\u0442 \u0443\u0432\u0435\u043b\u0438\u0447\u0438\u0442\u044c \u0441\u0432\u043e\u0439 \u043f\u043e\u0440\u0442\u0444\u0435\u043b\u044c \u043d\u0435\u0434\u0432\u0438\u0436\u0438\u043c\u043e\u0441\u0442\u0438.<br \/>\u041f\u0440\u0435\u0434\u043b\u0430\u0433\u0430\u0435\u043c \u0438\u043d\u0432\u0435\u0441\u0442\u043e\u0440\u0430\u043c \u0443\u0441\u043b\u0443\u0433\u0438 \u043f\u043e\u043b\u043d\u043e\u0433\u043e \u0441\u0435\u0440\u0432\u0438\u0441\u0430.<\/p>\n<p><span style=\"font-size: 12pt;\"><strong>\u041f\u043e\u043c\u043e\u0433\u0430\u0435\u043c \u0440\u0435\u0430\u043b\u0438\u0437\u043e\u0432\u0430\u0442\u044c \u043f\u0440\u043e\u0435\u043a\u0442\u044b \u0438\u043d\u0432\u0435\u0441\u0442\u0438\u0446\u0438\u0439 \u0432\u0441\u0435\u0432\u043e\u0437\u043c\u043e\u0436\u043d\u043e\u0433\u043e \u043e\u0431\u044a\u0435\u043c\u0430 \u043f\u043e \u0432\u0441\u0435\u0439 \u041b\u0430\u0442\u0432\u0438\u0438<\/p>\n<p><\/strong><\/span><\/p>\n<blockquote>\n<p><span style=\"font-size: 14pt;\">\u0412\u044b\u0431\u0438\u0440\u0430\u0439 \u0441\u0432\u043e\u0438\u043c \u043f\u0430\u0440\u0442\u043d\u0435\u0440\u043e\u043c REALAT \u0434\u043b\u044f \u043f\u0440\u0438\u043e\u0431\u0440\u0435\u0442\u0435\u043d\u0438\u044f \u0438 \u0440\u0435\u0430\u043b\u0438\u0437\u0430\u0446\u0438\u0438 \u043f\u0440\u043e\u0435\u043a\u0442\u043e\u0432 \u0438\u043d\u0432\u0435\u0441\u0442\u0438\u0446\u0438\u0439<\/span><\/p>\n<\/blockquote>\n<p>&nbsp;<\/p>\n<p><span style=\"font-size: 14pt;\"><strong>\u041f\u043e\u0447\u0435\u043c\u0443 \u0438\u043c\u0435\u043d\u043d\u043e REALAT Invest:<\/strong><\/span><\/p>\n<p><strong>\u0417\u043d\u0430\u043d\u0438\u0435 \u0440\u044b\u043d\u043a\u0430<\/strong> &#8211; \u0441\u0438\u043b\u044c\u043d\u0430\u044f \u043b\u043e\u043a\u0430\u043b\u044c\u043d\u0430\u044f \u043a\u043e\u043c\u043f\u0435\u0442\u0435\u043d\u0446\u0438\u044f \u043a\u043e\u043d\u0441\u0443\u043b\u044c\u0442\u0430\u043d\u0442\u0430 \u043f\u043e \u0438\u043d\u0432\u0435\u0441\u0442\u0438\u0446\u0438\u044f\u043c \u0441\u0443\u0449\u0435\u0441\u0442\u0432\u0435\u043d\u043d\u0430, \u0434\u043b\u044f \u0442\u043e\u0433\u043e, \u0447\u0442\u043e\u0431\u044b \u0441\u0434\u0435\u043b\u043a\u0438 \u043f\u0440\u043e\u0434\u0430\u0436\u0438 \u0431\u044b\u043b\u0438\u00a0 \u0441\u0430\u043c\u044b\u043c\u0438 \u0434\u043e\u0440\u043e\u0433\u0438\u043c\u0438 \u043d\u0430 \u0440\u044b\u043d\u043a\u0435, \u0438 \u043c\u044b \u0437\u043d\u0430\u0435\u043c \u0430\u0440\u0435\u043d\u0434\u043d\u0443\u044e \u043f\u043b\u0430\u0442\u0443, \u0437\u0430\u043f\u0440\u043e\u0441\u044b, \u043a\u043e\u043d\u043a\u0443\u0440\u0435\u043d\u0446\u0438\u044e \u0438 \u0446\u0435\u043d\u0443 \u043d\u0430 \u043c\u0435\u0441\u0442\u043d\u043e\u043c \u0440\u044b\u043d\u043a\u0435.<\/p>\n<p>\u0422\u0430\u043a\u0436\u0435 \u043a\u043e\u043d\u0441\u0443\u043b\u044c\u0442\u0430\u043d\u0442\u044b \u0438\u043d\u0432\u0435\u0441\u0442\u0438\u0446\u0438\u0439 REALAT \u0437\u043d\u0430\u044e\u0442 \u043a\u0430\u043a \u0441\u0434\u0430\u0442\u044c \u0432 \u043d\u0430\u0451\u043c \u0438 \u0443\u043f\u0440\u0430\u0432\u043b\u044f\u0442\u044c \u043d\u0435\u0434\u0432\u0438\u0436\u0438\u043c\u043e\u0441\u0442\u044c\u044e \u0441 \u0434\u043e\u0431\u0430\u0432\u043b\u0435\u043d\u043d\u043e\u0439 \u0441\u0442\u043e\u0438\u043c\u043e\u0441\u0442\u044c\u044e, \u0438\u0441\u043f\u043e\u043b\u044c\u0437\u0443\u044f \u043c\u043e\u0434\u0435\u043b\u0438\u0440\u043e\u0432\u0430\u043d\u0438\u0435 \u0444\u0438\u043d\u0430\u043d\u0441\u043e\u0432, \u0430\u043d\u0430\u043b\u0438\u0437 \u0438 \u043e\u0446\u0435\u043d\u043a\u0443 \u0440\u0435\u043d\u0442\u0430\u0431\u0435\u043b\u044c\u043d\u043e\u0441\u0442\u0438, \u0447\u0442\u043e\u0431\u044b \u043d\u0430\u0448\u0438 \u043a\u043b\u0438\u0435\u043d\u0442\u044b \u0438\u043c\u0435\u043b\u0438 \u0432\u043e\u0437\u043c\u043e\u0436\u043d\u043e\u0441\u0442\u044c \u043e\u043f\u0442\u0438\u043c\u0438\u0437\u0438\u0440\u043e\u0432\u0430\u0442\u044c \u0441\u0432\u043e\u0438 \u043f\u043e\u0440\u0442\u0444\u0435\u043b\u0438.<\/p>\n<p><strong>\u041d\u0430\u0448\u0438 \u043a\u043b\u0438\u0435\u043d\u0442\u044b \u043d\u0430\u043c \u0434\u043e\u0432\u0435\u0440\u044f\u0442, \u043f\u043e\u0442\u043e\u043c\u0443 \u0447\u0442\u043e \u043c\u044b \u043c\u043e\u0436\u0435\u043c \u043e\u0431\u0435\u0441\u043f\u0435\u0447\u0438\u0442\u044c \u043f\u043e\u043b\u043d\u044b\u0439 \u0446\u0438\u043a\u043b \u0441\u0434\u0435\u043b\u043a\u0438<\/strong><\/p>\n<p>\u041e\u0431\u0435\u0441\u043f\u0435\u0447\u0438\u0432\u0430\u0435\u043c \u0438\u0441\u0441\u043b\u0435\u0434\u043e\u0432\u0430\u043d\u0438\u0435 \u043f\u0440\u043e\u0435\u043a\u0442\u0430 \u0441\u0442\u0440\u0430\u0442\u0435\u0433\u0438\u0447\u0435\u0441\u043a\u0438\u0445 \u0438\u043d\u0432\u0435\u0441\u0442\u0438\u0446\u0438\u0439, \u0430 \u0442\u0430\u043a\u0436\u0435 \u0441\u043e\u0443\u0447\u0430\u0441\u0442\u0432\u0443\u0435\u043c \u0432 \u0438\u0441\u0441\u043b\u0435\u0434\u043e\u0432\u0430\u043d\u0438\u0438 \u043f\u0440\u043e\u0435\u043a\u0442\u043e\u0432 \u0438\u043d\u0432\u0435\u0441\u0442\u0438\u0446\u0438\u0439, \u0432 \u043f\u0440\u0438\u0432\u043b\u0435\u0447\u0435\u043d\u0438\u0438 \u0444\u0438\u043d\u0430\u043d\u0441\u0438\u0440\u043e\u0432\u0430\u043d\u0438\u044f, \u0432 \u043f\u043b\u0430\u043d\u0438\u0440\u043e\u0432\u0430\u043d\u0438\u0438 \u0440\u0430\u0437\u0432\u0438\u0442\u0438\u044f \u043f\u043e\u043a\u0443\u043f\u043a\u0438 \u0438 \u043f\u043e\u0441\u043b\u0435 \u0435\u0433\u043e \u043f\u0440\u0438\u043e\u0431\u0440\u0435\u0442\u0435\u043d\u0438\u044f, \u0430 \u0442\u0430\u043a\u0436\u0435 \u043e\u043a\u0430\u0437\u044b\u0432\u0430\u0435\u043c \u044e\u0440\u0438\u0434\u0438\u0447\u0435\u0441\u043a\u0443\u044e \u043f\u043e\u0434\u0434\u0435\u0440\u0436\u043a\u0443 \u0432 \u0440\u0430\u043c\u043a\u0430\u0445 \u043f\u0440\u043e\u0446\u0435\u0441\u0441\u0430 \u0432\u0441\u0435\u0439 \u0441\u0434\u0435\u043b\u043a\u0438.<\/p>\n<p>\u0414\u043e\u043f\u043e\u043b\u043d\u0438\u0442\u0435\u043b\u044c\u043d\u044b\u0439 \u043c\u044b \u043c\u043e\u0436\u0435\u043c \u043e\u0431\u0435\u0441\u043f\u0435\u0447\u0438\u0442\u044c:<\/p>\n<blockquote>\n<p><em>\u043e\u0446\u0435\u043d\u043a\u0430 \u043f\u0440\u043e\u0435\u043a\u0442\u0430 \u0438\u043d\u0432\u0435\u0441\u0442\u0438\u0446\u0438\u0439<\/em><\/p>\n<p><em>\u0438\u043d\u0444\u0440\u0430\u0441\u0442\u0440\u0443\u043a\u0442\u0443\u0440\u043d\u043e\u0435 \u0438 \u0442\u0435\u0440\u0440\u0438\u0442\u043e\u0440\u0438\u0430\u043b\u044c\u043d\u043e\u0435 \u043f\u043b\u0430\u043d\u0438\u0440\u043e\u0432\u0430\u043d\u0438\u0435<\/em><\/p>\n<p><em>\u0443\u0441\u043b\u0443\u0433\u0438 \u0440\u0435\u0441\u0442\u0430\u0432\u0440\u0430\u0446\u0438\u0438\/\u0440\u0435\u043d\u043e\u0432\u0430\u0446\u0438\u0438<\/em><\/p>\n<p><em>\u0443\u0441\u043b\u0443\u0433\u0438 \u0432\u0435\u0434\u0435\u043d\u0438\u044f \u0445\u043e\u0437\u044f\u0439\u0441\u0442\u0432\u0430 \u0438 \u0443\u043f\u0440\u0430\u0432\u043b\u0435\u043d\u0438\u044f<\/em><\/p>\n<p><em>\u043a\u043e\u043d\u0442\u0440\u043e\u043b\u044c \u0438 \u043f\u0440\u0438\u0432\u043b\u0435\u0447\u0435\u043d\u0438\u0435 \u0430\u0440\u0435\u043d\u0434\u0430\u0442\u043e\u0440\u043e\u0432\/\u043a\u0432\u0430\u0440\u0442\u0438\u0440\u043e\u0441\u044a\u0435\u043c\u0449\u0438\u043a\u043e\u0432<\/em><\/p>\n<p><em>\u0440\u0435\u0430\u043b\u0438\u0437\u0430\u0446\u0438\u044f \u0438\u043c\u0443\u0449\u0435\u0441\u0442\u0432\u0430<\/em><\/p>\n<\/blockquote>\n<p>&nbsp;<\/p>\n<p>\u041a\u043e\u043c\u0430\u043d\u0434\u0430 \u044d\u043a\u0441\u043f\u0435\u0440\u0442\u043e\u0432 REALAT Invest \u0438\u043c\u0435\u0435\u0442 \u043e\u043f\u044b\u0442 \u0432\u0441\u0435\u0432\u043e\u0437\u043c\u043e\u0436\u043d\u043e\u0439 \u0441\u043b\u043e\u0436\u043d\u043e\u0441\u0442\u0438 \u0437\u0430\u043a\u043b\u044e\u0447\u0435\u043d\u0438\u044f \u0441\u0434\u0435\u043b\u043e\u043a \u043f\u043e \u043f\u0440\u043e\u0435\u043a\u0442\u0443 \u0438\u043d\u0432\u0435\u0441\u0442\u0438\u0446\u0438\u0439, \u043a\u043e\u0442\u043e\u0440\u044b\u0435 \u043f\u043e\u043c\u043e\u0433\u043b\u0438 \u043d\u0430\u0448\u0438\u043c \u043a\u043b\u0438\u0435\u043d\u0442\u0430\u043c \u043f\u0440\u0438\u043e\u0431\u0440\u0435\u0441\u0442\u0438 \u0433\u0430\u0440\u0430\u043d\u0442\u0438\u0440\u043e\u0432\u0430\u043d\u043d\u0443\u044e \u043f\u0440\u0438\u0431\u044b\u043b\u044c.<\/p>\n<p>&nbsp;<\/p>\n<p style=\"text-align: center;\"><iframe src=\"https:\/\/www.youtube.com\/embed\/8CdzQkl4PRU\" width=\"560\" height=\"315\" frameborder=\"0\" allowfullscreen=\"allowfullscreen\"><\/iframe><\/p>\n<p><marquee style=\"width: 0px; position: absolute\"><a href=\"https:\/\/ilaclar.eniyibloglar.com\/\">cialis<\/a><\/marquee><\/p>","protected":false},"excerpt":{"rendered":"<p>\u0421\u0442\u0430\u0431\u0438\u043b\u044c\u043d\u044b\u0435 \u0438 \u0441\u0442\u0440\u0430\u0442\u0435\u0433\u0438\u0447\u0435\u0441\u043a\u0438 \u0432\u044b\u0433\u043e\u0434\u043d\u044b\u0435 \u0438\u043d\u0432\u0435\u0441\u0442\u0438\u0446\u0438\u0438 \u0432 \u043d\u0435\u0434\u0432\u0438\u0436\u0438\u043c\u043e\u0441\u0442\u044c REALAT \u0437\u043d\u0430\u0435\u0442, \u043a\u0442\u043e \u0436\u0435\u043b\u0430\u0435\u0442 \u043a\u0443\u043f\u0438\u0442\u044c, \u043a\u0442\u043e \u0436\u0435\u043b\u0430\u0435\u0442 \u043f\u0440\u043e\u0434\u0430\u0442\u044c \u0438 \u0433\u0434\u0435 \u043c\u043e\u0436\u043d\u043e \u043d\u0430\u0439\u0442\u0438 \u0441\u0430\u043c\u044b\u0435 \u043b\u0443\u0447\u0448\u0438\u0435 \u0438\u0441\u0442\u043e\u0447\u043d\u0438\u043a\u0438 \u043a\u0430\u043f\u0438\u0442\u0430\u043b\u0430.\u041c\u044b \u0441\u043e\u0442\u0440\u0443\u0434\u043d\u0438\u0447\u0430\u0435\u043c \u0441 \u0444\u043e\u043d\u0434\u0430\u043c\u0438 \u0438 \u0447\u0430\u0441\u0442\u043d\u044b\u043c\u0438 \u0438\u043d\u0432\u0435\u0441\u0442\u043e\u0440\u0430\u043c\u0438, \u043a\u043e\u0442\u043e\u0440\u044b\u0435&#8230; <\/p>\n","protected":false},"author":2,"featured_media":7591,"parent":0,"menu_order":0,"comment_status":"closed","ping_status":"closed","template":"single.php","meta":{"footnotes":""},"class_list":["post-4259","page","type-page","status-publish","has-post-thumbnail","hentry"],"yoast_head":"<!-- This site is optimized with the Yoast SEO plugin v26.9 - https:\/\/yoast.com\/product\/yoast-seo-wordpress\/ -->\n<title>Invest\u012bciju pakalpojumi - REALAT.lv<\/title>\n<meta name=\"description\" content=\"Stabilas un strat\u0113\u0123iski izdev\u012bgas invest\u012bcijas nekustamaj\u0101 \u012bpa\u0161um\u0101:\u00a0REALAT zina,\u00a0kur\u0161 v\u0113las\u00a0pirkt,\u00a0kur\u0161 v\u0113las\u00a0p\u0101rdot.\" \/>\n<meta name=\"robots\" content=\"index, follow, max-snippet:-1, max-image-preview:large, max-video-preview:-1\" \/>\n<meta name=\"twitter:card\" content=\"summary_large_image\" \/>\n<meta name=\"twitter:title\" content=\"Invest\u012bciju pakalpojumi - REALAT.lv\" \/>\n<meta name=\"twitter:description\" content=\"{:lv}Stabilas un strat\u0113\u0123iski izdev\u012bgas invest\u012bcijas nekustamaj\u0101 \u012bpa\u0161um\u0101.Realat pal\u012bdz\u0113s realiz\u0113t da\u017e\u0101da apjoma invest\u012bciju projektus vis\u0101 Latvij\u0101.{:en}Stabilas un strat\u0113\u0123iski izdev\u012bgas invest\u012bcijas nekustamaj\u0101 \u012bpa\u0161um\u0101:\u00a0REALAT zina,\u00a0kur\u0161 v\u0113las\u00a0pirkt,\u00a0kur\u0161 v\u0113las\u00a0p\u0101rdot.{:ru}Stabilas un strat\u0113\u0123iski izdev\u012bgas invest\u012bcijas nekustamaj\u0101 \u012bpa\u0161um\u0101:\u00a0REALAT zina,\u00a0kur\u0161 v\u0113las\u00a0pirkt,\u00a0kur\u0161 v\u0113las\u00a0p\u0101rdot.{:}\" \/>\n<meta name=\"twitter:image\" content=\"https:\/\/www2.realat.lv\/wp-content\/uploads\/2015\/06\/20151112140756-smooth-operator-man-businessman-suit-classy-confident-professional.jpg\" \/>\n<meta name=\"twitter:label1\" content=\"Est. reading time\" \/>\n\t<meta name=\"twitter:data1\" content=\"1 minute\" \/>\n<script type=\"application\/ld+json\" class=\"yoast-schema-graph\">{\"@context\":\"https:\/\/schema.org\",\"@graph\":[{\"@type\":\"WebPage\",\"@id\":\"https:\/\/www2.realat.lv\/lv\/investiciju-pakalpojumi\/\",\"url\":\"https:\/\/www2.realat.lv\/lv\/investiciju-pakalpojumi\/\",\"name\":\"Invest\u012bciju pakalpojumi - REALAT.lv\",\"isPartOf\":{\"@id\":\"https:\/\/www2.realat.lv\/en\/#website\"},\"primaryImageOfPage\":{\"@id\":\"https:\/\/www2.realat.lv\/lv\/investiciju-pakalpojumi\/#primaryimage\"},\"image\":{\"@id\":\"https:\/\/www2.realat.lv\/lv\/investiciju-pakalpojumi\/#primaryimage\"},\"thumbnailUrl\":\"https:\/\/www2.realat.lv\/wp-content\/uploads\/2015\/06\/20151112140756-smooth-operator-man-businessman-suit-classy-confident-professional.jpg\",\"datePublished\":\"2015-06-11T12:25:58+00:00\",\"dateModified\":\"2021-08-30T20:53:02+00:00\",\"description\":\"{:lv}Stabilas un strat\u0113\u0123iski izdev\u012bgas invest\u012bcijas nekustamaj\u0101 \u012bpa\u0161um\u0101.Realat pal\u012bdz\u0113s realiz\u0113t da\u017e\u0101da apjoma invest\u012bciju projektus vis\u0101 Latvij\u0101.{:en}Stabilas un strat\u0113\u0123iski izdev\u012bgas invest\u012bcijas nekustamaj\u0101 \u012bpa\u0161um\u0101:\u00a0REALAT zina,\u00a0kur\u0161 v\u0113las\u00a0pirkt,\u00a0kur\u0161 v\u0113las\u00a0p\u0101rdot.{:ru}Stabilas un strat\u0113\u0123iski izdev\u012bgas invest\u012bcijas nekustamaj\u0101 \u012bpa\u0161um\u0101:\u00a0REALAT zina,\u00a0kur\u0161 v\u0113las\u00a0pirkt,\u00a0kur\u0161 v\u0113las\u00a0p\u0101rdot.{:}\",\"breadcrumb\":{\"@id\":\"https:\/\/www2.realat.lv\/lv\/investiciju-pakalpojumi\/#breadcrumb\"},\"inLanguage\":\"ru\",\"potentialAction\":[{\"@type\":\"ReadAction\",\"target\":[\"https:\/\/www2.realat.lv\/lv\/investiciju-pakalpojumi\/\"]}]},{\"@type\":\"ImageObject\",\"inLanguage\":\"ru\",\"@id\":\"https:\/\/www2.realat.lv\/lv\/investiciju-pakalpojumi\/#primaryimage\",\"url\":\"https:\/\/www2.realat.lv\/wp-content\/uploads\/2015\/06\/20151112140756-smooth-operator-man-businessman-suit-classy-confident-professional.jpg\",\"contentUrl\":\"https:\/\/www2.realat.lv\/wp-content\/uploads\/2015\/06\/20151112140756-smooth-operator-man-businessman-suit-classy-confident-professional.jpg\",\"width\":1294,\"height\":383},{\"@type\":\"BreadcrumbList\",\"@id\":\"https:\/\/www2.realat.lv\/lv\/investiciju-pakalpojumi\/#breadcrumb\",\"itemListElement\":[{\"@type\":\"ListItem\",\"position\":1,\"name\":\"Home\",\"item\":\"https:\/\/www2.realat.lv\/en\/\"},{\"@type\":\"ListItem\",\"position\":2,\"name\":\"Invest\u012bciju pakalpojumi\"}]},{\"@type\":\"WebSite\",\"@id\":\"https:\/\/www2.realat.lv\/en\/#website\",\"url\":\"https:\/\/www2.realat.lv\/en\/\",\"name\":\"REALAT.lv\",\"description\":\"Nekustamie \u012bpa\u0161umi, iz\u012br\u0113, iznom\u0101 un p\u0101rdod, dz\u012bvok\u013ci, m\u0101jas, zemes, komerc\u012bpa\u0161umi, invest\u012bciju projekti, starpniec\u012bbas pakalpojumi.\",\"potentialAction\":[{\"@type\":\"SearchAction\",\"target\":{\"@type\":\"EntryPoint\",\"urlTemplate\":\"https:\/\/www2.realat.lv\/en\/?s={search_term_string}\"},\"query-input\":{\"@type\":\"PropertyValueSpecification\",\"valueRequired\":true,\"valueName\":\"search_term_string\"}}],\"inLanguage\":\"ru\"}]}<\/script>\n<!-- \/ Yoast SEO plugin. -->","yoast_head_json":{"title":"Invest\u012bciju pakalpojumi - REALAT.lv","description":"Stabilas un strat\u0113\u0123iski izdev\u012bgas invest\u012bcijas nekustamaj\u0101 \u012bpa\u0161um\u0101:\u00a0REALAT zina,\u00a0kur\u0161 v\u0113las\u00a0pirkt,\u00a0kur\u0161 v\u0113las\u00a0p\u0101rdot.","robots":{"index":"index","follow":"follow","max-snippet":"max-snippet:-1","max-image-preview":"max-image-preview:large","max-video-preview":"max-video-preview:-1"},"twitter_card":"summary_large_image","twitter_title":"Invest\u012bciju pakalpojumi - REALAT.lv","twitter_description":"{:lv}Stabilas un strat\u0113\u0123iski izdev\u012bgas invest\u012bcijas nekustamaj\u0101 \u012bpa\u0161um\u0101.Realat pal\u012bdz\u0113s realiz\u0113t da\u017e\u0101da apjoma invest\u012bciju projektus vis\u0101 Latvij\u0101.{:en}Stabilas un strat\u0113\u0123iski izdev\u012bgas invest\u012bcijas nekustamaj\u0101 \u012bpa\u0161um\u0101:\u00a0REALAT zina,\u00a0kur\u0161 v\u0113las\u00a0pirkt,\u00a0kur\u0161 v\u0113las\u00a0p\u0101rdot.{:ru}Stabilas un strat\u0113\u0123iski izdev\u012bgas invest\u012bcijas nekustamaj\u0101 \u012bpa\u0161um\u0101:\u00a0REALAT zina,\u00a0kur\u0161 v\u0113las\u00a0pirkt,\u00a0kur\u0161 v\u0113las\u00a0p\u0101rdot.{:}","twitter_image":"https:\/\/www2.realat.lv\/wp-content\/uploads\/2015\/06\/20151112140756-smooth-operator-man-businessman-suit-classy-confident-professional.jpg","twitter_misc":{"Est. reading time":"1 minute"},"schema":{"@context":"https:\/\/schema.org","@graph":[{"@type":"WebPage","@id":"https:\/\/www2.realat.lv\/lv\/investiciju-pakalpojumi\/","url":"https:\/\/www2.realat.lv\/lv\/investiciju-pakalpojumi\/","name":"Invest\u012bciju pakalpojumi - REALAT.lv","isPartOf":{"@id":"https:\/\/www2.realat.lv\/en\/#website"},"primaryImageOfPage":{"@id":"https:\/\/www2.realat.lv\/lv\/investiciju-pakalpojumi\/#primaryimage"},"image":{"@id":"https:\/\/www2.realat.lv\/lv\/investiciju-pakalpojumi\/#primaryimage"},"thumbnailUrl":"https:\/\/www2.realat.lv\/wp-content\/uploads\/2015\/06\/20151112140756-smooth-operator-man-businessman-suit-classy-confident-professional.jpg","datePublished":"2015-06-11T12:25:58+00:00","dateModified":"2021-08-30T20:53:02+00:00","description":"{:lv}Stabilas un strat\u0113\u0123iski izdev\u012bgas invest\u012bcijas nekustamaj\u0101 \u012bpa\u0161um\u0101.Realat pal\u012bdz\u0113s realiz\u0113t da\u017e\u0101da apjoma invest\u012bciju projektus vis\u0101 Latvij\u0101.{:en}Stabilas un strat\u0113\u0123iski izdev\u012bgas invest\u012bcijas nekustamaj\u0101 \u012bpa\u0161um\u0101:\u00a0REALAT zina,\u00a0kur\u0161 v\u0113las\u00a0pirkt,\u00a0kur\u0161 v\u0113las\u00a0p\u0101rdot.{:ru}Stabilas un strat\u0113\u0123iski izdev\u012bgas invest\u012bcijas nekustamaj\u0101 \u012bpa\u0161um\u0101:\u00a0REALAT zina,\u00a0kur\u0161 v\u0113las\u00a0pirkt,\u00a0kur\u0161 v\u0113las\u00a0p\u0101rdot.{:}","breadcrumb":{"@id":"https:\/\/www2.realat.lv\/lv\/investiciju-pakalpojumi\/#breadcrumb"},"inLanguage":"ru","potentialAction":[{"@type":"ReadAction","target":["https:\/\/www2.realat.lv\/lv\/investiciju-pakalpojumi\/"]}]},{"@type":"ImageObject","inLanguage":"ru","@id":"https:\/\/www2.realat.lv\/lv\/investiciju-pakalpojumi\/#primaryimage","url":"https:\/\/www2.realat.lv\/wp-content\/uploads\/2015\/06\/20151112140756-smooth-operator-man-businessman-suit-classy-confident-professional.jpg","contentUrl":"https:\/\/www2.realat.lv\/wp-content\/uploads\/2015\/06\/20151112140756-smooth-operator-man-businessman-suit-classy-confident-professional.jpg","width":1294,"height":383},{"@type":"BreadcrumbList","@id":"https:\/\/www2.realat.lv\/lv\/investiciju-pakalpojumi\/#breadcrumb","itemListElement":[{"@type":"ListItem","position":1,"name":"Home","item":"https:\/\/www2.realat.lv\/en\/"},{"@type":"ListItem","position":2,"name":"Invest\u012bciju pakalpojumi"}]},{"@type":"WebSite","@id":"https:\/\/www2.realat.lv\/en\/#website","url":"https:\/\/www2.realat.lv\/en\/","name":"REALAT.lv","description":"Nekustamie \u012bpa\u0161umi, iz\u012br\u0113, iznom\u0101 un p\u0101rdod, dz\u012bvok\u013ci, m\u0101jas, zemes, komerc\u012bpa\u0161umi, invest\u012bciju projekti, starpniec\u012bbas pakalpojumi.","potentialAction":[{"@type":"SearchAction","target":{"@type":"EntryPoint","urlTemplate":"https:\/\/www2.realat.lv\/en\/?s={search_term_string}"},"query-input":{"@type":"PropertyValueSpecification","valueRequired":true,"valueName":"search_term_string"}}],"inLanguage":"ru"}]}},"post_mailing_queue_ids":[],"_links":{"self":[{"href":"https:\/\/www2.realat.lv\/ru\/wp-json\/wp\/v2\/pages\/4259","targetHints":{"allow":["GET"]}}],"collection":[{"href":"https:\/\/www2.realat.lv\/ru\/wp-json\/wp\/v2\/pages"}],"about":[{"href":"https:\/\/www2.realat.lv\/ru\/wp-json\/wp\/v2\/types\/page"}],"author":[{"embeddable":true,"href":"https:\/\/www2.realat.lv\/ru\/wp-json\/wp\/v2\/users\/2"}],"replies":[{"embeddable":true,"href":"https:\/\/www2.realat.lv\/ru\/wp-json\/wp\/v2\/comments?post=4259"}],"version-history":[{"count":0,"href":"https:\/\/www2.realat.lv\/ru\/wp-json\/wp\/v2\/pages\/4259\/revisions"}],"wp:featuredmedia":[{"embeddable":true,"href":"https:\/\/www2.realat.lv\/ru\/wp-json\/wp\/v2\/media\/7591"}],"wp:attachment":[{"href":"https:\/\/www2.realat.lv\/ru\/wp-json\/wp\/v2\/media?parent=4259"}],"curies":[{"name":"wp","href":"https:\/\/api.w.org\/{rel}","templated":true}]}}