{"id":4269,"date":"2015-06-11T12:29:36","date_gmt":"2015-06-11T12:29:36","guid":{"rendered":"http:\/\/lux.www2.realat.lv\/wordpress\/?page_id=4269"},"modified":"2021-08-02T12:26:38","modified_gmt":"2021-08-02T10:26:38","slug":"ipasuma-pardosana","status":"publish","type":"page","link":"https:\/\/www2.realat.lv\/ru\/%d0%bf%d0%be%d1%81%d1%80%d0%b5%d0%b4%d0%bd%d0%b8%d1%87%d0%b5%d1%81%d1%82%d0%b2%d0%be-%d0%b2-%d0%b2%d0%be%d0%bf%d1%80%d0%be%d1%81%d0%b0%d0%bc-%d0%b6%d0%b8%d0%bb%d1%8b%d1%85-%d0%bf%d0%bb%d0%be%d1%89\/","title":{"rendered":"\u041f\u043e\u0441\u0440\u0435\u0434\u043d\u0438\u0447\u0435\u0441\u0442\u0432\u043e \u0432 \u0432\u043e\u043f\u0440\u043e\u0441\u0430\u043c \u0436\u0438\u043b\u044b\u0445 \u043f\u043b\u043e\u0449\u0430\u0434\u0435\u0439"},"content":{"rendered":"<p><\/p>\n<p>\u0421\u0435\u0433\u043e\u0434\u043d\u044f \u0441\u0430\u043c\u044b\u0439 \u0432\u0430\u0436\u043d\u044b\u0439 \u0444\u0430\u043a\u0442\u043e\u0440 \u0434\u043b\u044f \u043d\u0430\u0447\u0438\u043d\u0430\u043d\u0438\u044f \u0443\u0434\u0430\u0447\u043d\u043e\u0433\u043e \u0431\u0438\u0437\u043d\u0435\u0441\u0430, \u0441\u043e\u0442\u0440\u0443\u0434\u043d\u0438\u0447\u0435\u0441\u0442\u0432\u0430 \u043b\u0438\u0431\u043e \u043a\u043e\u043c\u043c\u0443\u043d\u0438\u043a\u0430\u0446\u0438\u0438 -\u044d\u0442\u043e \u0434\u043e\u0432\u0435\u0440\u0438\u0435. \u042d\u0442\u043e, \u043f\u043e \u043c\u043d\u0435\u043d\u0438\u044e \u043b\u044e\u0434\u0435\u0439, \u0437\u043d\u0430\u0447\u0438\u0442\u0435\u043b\u044c\u043d\u0430\u044f \u0441\u043e\u0441\u0442\u0430\u0432\u043d\u0430\u044f \u0447\u0430\u0441\u0442\u044c \u043b\u044e\u0431\u043e\u0439\u00a0 \u0441\u0434\u0435\u043b\u043a\u0438. \u0415\u0441\u043b\u0438 \u043c\u044b \u043d\u0435 \u043f\u043e\u043d\u0438\u043c\u0430\u0435\u043c \u043a\u0430\u043a\u0438\u0435-\u0442\u043e \u0434\u0435\u043b\u0430 \u0434\u043e \u043a\u043e\u043d\u0446\u0430, \u043c\u044b \u0430\u0432\u0442\u043e\u043c\u0430\u0442\u0438\u0447\u0435\u0441\u043a\u0438 \u043f\u043e\u0434\u0432\u0435\u0440\u0433\u0430\u0435\u043c \u0441\u0435\u0431\u044f \u0440\u0438\u0441\u043a\u0443 \u0441\u0434\u0435\u043b\u0430\u0442\u044c \u043a\u0430\u043a\u043e\u0439-\u043b\u0438\u0431\u043e \u0448\u0430\u0433\\\u043f\u043e\u0441\u0442\u0443\u043f\u043e\u043a \u0432 \u043d\u0435\u043f\u0440\u0430\u0432\u0438\u043b\u044c\u043d\u043e\u043c \u043d\u0430\u043f\u0440\u0430\u0432\u043b\u0435\u043d\u0438\u0438.<\/p>\n<p>\u041c\u044b \u043f\u0440\u0435\u043a\u0440\u0430\u0441\u043d\u043e \u043f\u043e\u043d\u0438\u043c\u0430\u0435\u043c, \u0447\u0442\u043e \u0441 \u043e\u0434\u043d\u043e\u0433\u043e \u043f\u0440\u0430\u0432\u0438\u043b\u044c\u043d\u043e \u0441\u043a\u0430\u0437\u0430\u043d\u043d\u043e\u0433\u043e \u0441\u043b\u043e\u0432\u0430 \u0438\u043b\u0438 \u043a\u0440\u0430\u0441\u0438\u0432\u043e\u0439 \u0443\u043b\u044b\u0431\u043a\u0438 \u0431\u0443\u0434\u0435\u0442 \u043c\u0430\u043b\u043e \u0434\u043b\u044f \u0442\u043e\u0433\u043e, \u0447\u0442\u043e\u0431\u044b \u0447\u0435\u043b\u043e\u0432\u0435\u043a \u043d\u0430\u0447\u0430\u043b \u0434\u043e\u0432\u0435\u0440\u044f\u0442\u044c.<\/p>\n<p>\u0413\u0440\u043e\u043c\u0447\u0435 \u0441\u043b\u043e\u0432 \u0432 \u0433\u043e\u0432\u043e\u0440\u044f\u0442 \u0434\u0435\u043b\u0430 \u0447\u0435\u043b\u043e\u0432\u0435\u043a\u0430. \u0412 \u0442\u0435\u0447\u0435\u043d\u0438\u0438 \u043d\u0435\u0441\u043a\u043e\u043b\u044c\u043a\u0438\u0445 \u043b\u0435\u0442 \u0432 \u0440\u0435\u0437\u0443\u043b\u044c\u0442\u0430\u0442\u0435 \u0438\u043d\u0442\u0435\u043d\u0441\u0438\u0432\u043d\u043e\u0439 \u0440\u0430\u0431\u043e\u0442\u044b \u043c\u044b \u0437\u0430\u0441\u043b\u0443\u0436\u0438\u043b\u0438 \u043f\u0440\u0438\u0437\u043d\u0430\u043d\u0438\u0435 \u043d\u0435\u0441\u0447\u0438\u0442\u0430\u043d\u043d\u043e\u0435 \u043a\u043e\u043b\u0438\u0447\u0435\u0441\u0442\u0432\u043e \u0443\u0434\u043e\u0432\u043b\u0435\u0442\u0432\u043e\u0440\u0435\u043d\u043d\u044b\u0445 \u043a\u043b\u0438\u0435\u043d\u0442\u043e\u0432, \u0430 \u044d\u0442\u043e \u0437\u043d\u0430\u0447\u0438\u0442 \u0434\u043e\u0432\u0435\u0440\u0438\u0435 \u043a \u0441\u0442\u0430\u0431\u0438\u043b\u044c\u043d\u043e\u043c\u0443 \u0438 \u043f\u0440\u043e\u0444\u0435\u0441\u0441\u0438\u043e\u043d\u0430\u043b\u044c\u043d\u043e\u043c\u0443 \u043f\u0430\u0440\u0442\u043d\u0435\u0440\u0443 \u0432 \u0440\u0435\u0430\u043b\u0438\u0437\u0430\u0446\u0438\u0438 \u0438 \u043f\u0440\u0438\u043e\u0431\u0440\u0435\u0442\u0435\u043d\u0438\u0438 \u0438\u043c\u0443\u0449\u0435\u0441\u0442\u0432\u0430.<\/p>\n<blockquote>\n<p><span style=\"font-size: 14pt;\">\u041e\u0437\u043d\u0430\u043a\u043e\u043c\u044c\u0441\u044f \u0441 \u043e\u0442\u0437\u044b\u0432\u0430\u043c\u0438 \u043d\u0430\u0448\u0438\u0445 \u043a\u043b\u0438\u0435\u043d\u0442\u043e\u0432<\/span><\/p>\n<\/blockquote>\n<p>\u0415\u0441\u043b\u0438 \u0412\u0430\u043c \u0432\u0430\u0436\u043d\u043e \u0432\u0440\u0435\u043c\u044f \u0438 \u0431\u0435\u0437\u043e\u043f\u0430\u0441\u043d\u043e\u0441\u0442\u044c \u0441\u0434\u0435\u043b\u043a\u0438, \u0442\u043e\u0433\u0434\u0430 \u0431\u0443\u0434\u0435\u043c \u043c\u044b \u0440\u0430\u0434\u044b \u043e\u043f\u0440\u0430\u0432\u0434\u0430\u0442\u044c \u0412\u0430\u0448\u0438 \u043d\u0430\u0434\u0435\u0436\u0434\u044b \u043d\u0430 \u0432\u0441\u0435 100%.<\/p>\n<p><span style=\"font-size: 18pt;\">REALAT \u0433\u0430\u0440\u0430\u043d\u0442\u0438\u0440\u0443\u0435\u0442:<\/span><\/p>\n<blockquote>\n<p><em><span style=\"font-size: 14pt;\">\u041a\u043e\u043d\u0444\u0438\u0434\u0435\u043d\u0446\u0438\u0430\u043b\u044c\u043d\u043e\u0441\u0442\u044c, \u0442\u043e\u0447\u043d\u043e\u0441\u0442\u044c \u0438 \u043a\u043e\u043c\u043f\u0435\u0442\u0435\u043d\u0446\u0438\u044e \u0432 \u0441\u0434\u0435\u043b\u043a\u0430\u0445;<\/span><\/em><\/p>\n<p><span style=\"font-size: 14pt;\"><em>\u041e\u0431\u0448\u0438\u0440\u043d\u0443\u044e \u043a\u043b\u0438\u0435\u043d\u0442\u0441\u043a\u0430\u044f \u0431\u0430\u0437\u0443 \u0434\u0430\u043d\u043d\u044b\u0445 \u0441 \u0431\u043e\u043b\u044c\u0448\u0435, \u0447\u0435\u043c 1000 \u043f\u043e\u0442\u0435\u043d\u0446\u0438\u0430\u043b\u044c\u043d\u044b\u0445 \u043f\u043e\u043a\u0443\u043f\u0430\u0442\u0435\u043b\u0435\u0439\/\u0441\u044a\u0451\u043c\u0449\u0438\u043a\u043e\u0432\\ \u0438\u043d\u0432\u0435\u0441\u0442\u043e\u0440\u043e\u0432 &#8211; 75% \u0420\u0435\u0437\u0438\u0434\u0435\u043d\u0442\u043e\u0432 \u0438 25% \u041d\u0435\u0440\u0435\u0437\u0438\u0434\u0435\u043d\u0442\u043e\u0432;<\/em><\/span><\/p>\n<p><span style=\"font-size: 14pt;\"><em>\u0421\u0432\u043e\u0435\u0432\u0440\u0435\u043c\u0435\u043d\u043d\u0443\u044e \u0438\u043d\u0444\u043e\u0440\u043c\u0430\u0446\u0438\u044e \u043e \u0445\u043e\u0434\u0435 \u0438 \u0441\u0442\u0440\u0443\u043a\u0442\u0443\u0440\u0435 \u0441\u0434\u0435\u043b\u043a\u0438;<\/em><\/span><\/p>\n<p><span style=\"font-size: 14pt;\"><em>\u0421\u043e\u0432\u0435\u0442\u044b \u043f\u0440\u043e\u0444\u0435\u0441\u0441\u0438\u043e\u043d\u0430\u043b\u044c\u043d\u044b\u0445 \u043a\u043e\u043d\u0441\u0443\u043b\u044c\u0442\u0430\u043d\u0442\u043e\u0432 \u0438 \u0441\u043e\u0432\u0435\u0442\u044b \u043f\u043e \u043d\u0435\u044f\u0441\u043d\u044b\u043c \u0432\u043e\u043f\u0440\u043e\u0441\u0430\u043c;<\/em><\/span><\/p>\n<\/blockquote>\n<p>&nbsp;<\/p>\n<p>\u041c\u044b \u0431\u0443\u0434\u0435\u043c \u0431\u043b\u0430\u0433\u043e\u0434\u0430\u0440\u043d\u044b, \u0435\u0441\u043b\u0438 \u0412\u0430\u0448 \u043f\u0435\u0440\u0432\u044b\u0439 \u0432\u044b\u0431\u043e\u0440 \u0432 \u043f\u0440\u043e\u0434\u0430\u0436\u0435 \u0438\u043c\u0443\u0449\u0435\u0441\u0442\u0432\u0430\/\u0441\u0434\u0430\u0447\u0435 \u0432 \u043d\u0430\u0451\u043c \u0431\u0443\u0434\u0435\u0442 REALAT.<\/p>\n<p>\u0414\u043e\u0432\u0435\u0440\u044f\u0439\u0442\u0435 \u043d\u0430\u043c \u0441\u0432\u043e\u0451 \u0438\u043c\u0443\u0449\u0435\u0441\u0442\u0432\u043e, \u0438 \u043c\u044b \u0433\u0430\u0440\u0430\u043d\u0442\u0438\u0440\u0443\u0435\u043c \u0412\u0430\u043c \u0441\u0430\u043c\u044b\u0439 \u0445\u043e\u0440\u043e\u0448\u0438\u0439 \u0440\u0435\u0437\u0443\u043b\u044c\u0442\u0430\u0442.<\/p>\n<p>\u0427\u0442\u043e\u0431\u044b \u043f\u043e\u043b\u0443\u0447\u0438\u0442\u044c \u0431\u043e\u043b\u044c\u0448\u0435 \u0438\u043d\u0444\u043e\u0440\u043c\u0430\u0446\u0438\u0438,<a href=\"http:\/\/www2.realat.lv\/lv\/team\/\"> <strong>\u0441\u0432\u044f\u0436\u0438\u0442\u0435\u0441\u044c \u0441 \u043d\u0430\u0448\u0438\u043c\u0438 \u0430\u0433\u0435\u043d\u0442\u0430\u043c\u0438<\/strong><\/a><strong>.<\/strong><\/p>\n<p><\/p>","protected":false},"excerpt":{"rendered":"<p>\u0421\u0435\u0433\u043e\u0434\u043d\u044f \u0441\u0430\u043c\u044b\u0439 \u0432\u0430\u0436\u043d\u044b\u0439 \u0444\u0430\u043a\u0442\u043e\u0440 \u0434\u043b\u044f \u043d\u0430\u0447\u0438\u043d\u0430\u043d\u0438\u044f \u0443\u0434\u0430\u0447\u043d\u043e\u0433\u043e \u0431\u0438\u0437\u043d\u0435\u0441\u0430, \u0441\u043e\u0442\u0440\u0443\u0434\u043d\u0438\u0447\u0435\u0441\u0442\u0432\u0430 \u043b\u0438\u0431\u043e \u043a\u043e\u043c\u043c\u0443\u043d\u0438\u043a\u0430\u0446\u0438\u0438 -\u044d\u0442\u043e \u0434\u043e\u0432\u0435\u0440\u0438\u0435. \u042d\u0442\u043e, \u043f\u043e \u043c\u043d\u0435\u043d\u0438\u044e \u043b\u044e\u0434\u0435\u0439, \u0437\u043d\u0430\u0447\u0438\u0442\u0435\u043b\u044c\u043d\u0430\u044f \u0441\u043e\u0441\u0442\u0430\u0432\u043d\u0430\u044f \u0447\u0430\u0441\u0442\u044c \u043b\u044e\u0431\u043e\u0439\u00a0 \u0441\u0434\u0435\u043b\u043a\u0438. \u0415\u0441\u043b\u0438 \u043c\u044b \u043d\u0435 \u043f\u043e\u043d\u0438\u043c\u0430\u0435\u043c \u043a\u0430\u043a\u0438\u0435-\u0442\u043e \u0434\u0435\u043b\u0430 \u0434\u043e \u043a\u043e\u043d\u0446\u0430,&#8230; <\/p>\n","protected":false},"author":2,"featured_media":1373993,"parent":0,"menu_order":0,"comment_status":"closed","ping_status":"open","template":"single.php","meta":{"footnotes":""},"class_list":["post-4269","page","type-page","status-publish","has-post-thumbnail","hentry"],"yoast_head":"<!-- This site is optimized with the Yoast SEO plugin v26.9 - https:\/\/yoast.com\/product\/yoast-seo-wordpress\/ -->\n<title>Dz\u012bvojamo plat\u012bbu starpniec\u012bba - REALAT.lv<\/title>\n<meta name=\"description\" content=\"\u0160odien pats svar\u012bg\u0101kais faktors veiksm\u012bga biznesa, sadarb\u012bbas vai komunik\u0101cijas uzs\u0101k\u0161anai ir uztic\u0113\u0161an\u0101s. T\u0101, p\u0113c cilv\u0113ka b\u016bt\u012bbas, ir noz\u012bm\u012bg\u0101k\u0101 jebkura dar\u012bjuma sast\u0101vda\u013ca. Ja neizprotam kaut k\u0101das lietas l\u012bdz galam, m\u0113s autom\u0101tiski pak\u013caujam sevi riskam spert k\u0101du soli piln\u012bgi sve\u0161\u0101 un nedro\u0161\u0101 virzien\u0101.\" \/>\n<meta name=\"robots\" content=\"index, follow, max-snippet:-1, max-image-preview:large, max-video-preview:-1\" \/>\n<meta name=\"twitter:card\" content=\"summary_large_image\" \/>\n<meta name=\"twitter:title\" content=\"Dz\u012bvojamo plat\u012bbu starpniec\u012bba - REALAT.lv\" \/>\n<meta name=\"twitter:description\" content=\"\u0160odien pats svar\u012bg\u0101kais faktors veiksm\u012bga biznesa, sadarb\u012bbas vai komunik\u0101cijas uzs\u0101k\u0161anai ir uztic\u0113\u0161an\u0101s. T\u0101, p\u0113c cilv\u0113ka b\u016bt\u012bbas, ir noz\u012bm\u012bg\u0101k\u0101 jebkura dar\u012bjuma sast\u0101vda\u013ca. Ja neizprotam kaut k\u0101das lietas l\u012bdz galam, m\u0113s autom\u0101tiski pak\u013caujam sevi riskam spert k\u0101du soli piln\u012bgi sve\u0161\u0101 un nedro\u0161\u0101 virzien\u0101.\" \/>\n<meta name=\"twitter:image\" content=\"https:\/\/www2.realat.lv\/wp-content\/uploads\/2015\/06\/minimalist-low-profile-furniture.jpg\" \/>\n<meta name=\"twitter:label1\" content=\"Est. reading time\" \/>\n\t<meta name=\"twitter:data1\" content=\"1 minute\" \/>\n<script type=\"application\/ld+json\" class=\"yoast-schema-graph\">{\"@context\":\"https:\/\/schema.org\",\"@graph\":[{\"@type\":\"WebPage\",\"@id\":\"https:\/\/www2.realat.lv\/en\/residential-brokerage\/\",\"url\":\"https:\/\/www2.realat.lv\/en\/residential-brokerage\/\",\"name\":\"Dz\u012bvojamo plat\u012bbu starpniec\u012bba - REALAT.lv\",\"isPartOf\":{\"@id\":\"https:\/\/www2.realat.lv\/en\/#website\"},\"primaryImageOfPage\":{\"@id\":\"https:\/\/www2.realat.lv\/en\/residential-brokerage\/#primaryimage\"},\"image\":{\"@id\":\"https:\/\/www2.realat.lv\/en\/residential-brokerage\/#primaryimage\"},\"thumbnailUrl\":\"https:\/\/www2.realat.lv\/wp-content\/uploads\/2015\/06\/minimalist-low-profile-furniture.jpg\",\"datePublished\":\"2015-06-11T12:29:36+00:00\",\"dateModified\":\"2021-08-02T10:26:38+00:00\",\"description\":\"\u0160odien pats svar\u012bg\u0101kais faktors veiksm\u012bga biznesa, sadarb\u012bbas vai komunik\u0101cijas uzs\u0101k\u0161anai ir uztic\u0113\u0161an\u0101s. T\u0101, p\u0113c cilv\u0113ka b\u016bt\u012bbas, ir noz\u012bm\u012bg\u0101k\u0101 jebkura dar\u012bjuma sast\u0101vda\u013ca. Ja neizprotam kaut k\u0101das lietas l\u012bdz galam, m\u0113s autom\u0101tiski pak\u013caujam sevi riskam spert k\u0101du soli piln\u012bgi sve\u0161\u0101 un nedro\u0161\u0101 virzien\u0101.\",\"breadcrumb\":{\"@id\":\"https:\/\/www2.realat.lv\/en\/residential-brokerage\/#breadcrumb\"},\"inLanguage\":\"ru\",\"potentialAction\":[{\"@type\":\"ReadAction\",\"target\":[\"https:\/\/www2.realat.lv\/en\/residential-brokerage\/\"]}]},{\"@type\":\"ImageObject\",\"inLanguage\":\"ru\",\"@id\":\"https:\/\/www2.realat.lv\/en\/residential-brokerage\/#primaryimage\",\"url\":\"https:\/\/www2.realat.lv\/wp-content\/uploads\/2015\/06\/minimalist-low-profile-furniture.jpg\",\"contentUrl\":\"https:\/\/www2.realat.lv\/wp-content\/uploads\/2015\/06\/minimalist-low-profile-furniture.jpg\",\"width\":1200,\"height\":676},{\"@type\":\"BreadcrumbList\",\"@id\":\"https:\/\/www2.realat.lv\/en\/residential-brokerage\/#breadcrumb\",\"itemListElement\":[{\"@type\":\"ListItem\",\"position\":1,\"name\":\"Home\",\"item\":\"https:\/\/www2.realat.lv\/en\/\"},{\"@type\":\"ListItem\",\"position\":2,\"name\":\"Intermediary Services in Living Space Deals\"}]},{\"@type\":\"WebSite\",\"@id\":\"https:\/\/www2.realat.lv\/en\/#website\",\"url\":\"https:\/\/www2.realat.lv\/en\/\",\"name\":\"REALAT.lv\",\"description\":\"Nekustamie \u012bpa\u0161umi, iz\u012br\u0113, iznom\u0101 un p\u0101rdod, dz\u012bvok\u013ci, m\u0101jas, zemes, komerc\u012bpa\u0161umi, invest\u012bciju projekti, starpniec\u012bbas pakalpojumi.\",\"potentialAction\":[{\"@type\":\"SearchAction\",\"target\":{\"@type\":\"EntryPoint\",\"urlTemplate\":\"https:\/\/www2.realat.lv\/en\/?s={search_term_string}\"},\"query-input\":{\"@type\":\"PropertyValueSpecification\",\"valueRequired\":true,\"valueName\":\"search_term_string\"}}],\"inLanguage\":\"ru\"}]}<\/script>\n<!-- \/ Yoast SEO plugin. -->","yoast_head_json":{"title":"Dz\u012bvojamo plat\u012bbu starpniec\u012bba - REALAT.lv","description":"\u0160odien pats svar\u012bg\u0101kais faktors veiksm\u012bga biznesa, sadarb\u012bbas vai komunik\u0101cijas uzs\u0101k\u0161anai ir uztic\u0113\u0161an\u0101s. T\u0101, p\u0113c cilv\u0113ka b\u016bt\u012bbas, ir noz\u012bm\u012bg\u0101k\u0101 jebkura dar\u012bjuma sast\u0101vda\u013ca. Ja neizprotam kaut k\u0101das lietas l\u012bdz galam, m\u0113s autom\u0101tiski pak\u013caujam sevi riskam spert k\u0101du soli piln\u012bgi sve\u0161\u0101 un nedro\u0161\u0101 virzien\u0101.","robots":{"index":"index","follow":"follow","max-snippet":"max-snippet:-1","max-image-preview":"max-image-preview:large","max-video-preview":"max-video-preview:-1"},"twitter_card":"summary_large_image","twitter_title":"Dz\u012bvojamo plat\u012bbu starpniec\u012bba - REALAT.lv","twitter_description":"\u0160odien pats svar\u012bg\u0101kais faktors veiksm\u012bga biznesa, sadarb\u012bbas vai komunik\u0101cijas uzs\u0101k\u0161anai ir uztic\u0113\u0161an\u0101s. T\u0101, p\u0113c cilv\u0113ka b\u016bt\u012bbas, ir noz\u012bm\u012bg\u0101k\u0101 jebkura dar\u012bjuma sast\u0101vda\u013ca. Ja neizprotam kaut k\u0101das lietas l\u012bdz galam, m\u0113s autom\u0101tiski pak\u013caujam sevi riskam spert k\u0101du soli piln\u012bgi sve\u0161\u0101 un nedro\u0161\u0101 virzien\u0101.","twitter_image":"https:\/\/www2.realat.lv\/wp-content\/uploads\/2015\/06\/minimalist-low-profile-furniture.jpg","twitter_misc":{"Est. reading time":"1 minute"},"schema":{"@context":"https:\/\/schema.org","@graph":[{"@type":"WebPage","@id":"https:\/\/www2.realat.lv\/en\/residential-brokerage\/","url":"https:\/\/www2.realat.lv\/en\/residential-brokerage\/","name":"Dz\u012bvojamo plat\u012bbu starpniec\u012bba - REALAT.lv","isPartOf":{"@id":"https:\/\/www2.realat.lv\/en\/#website"},"primaryImageOfPage":{"@id":"https:\/\/www2.realat.lv\/en\/residential-brokerage\/#primaryimage"},"image":{"@id":"https:\/\/www2.realat.lv\/en\/residential-brokerage\/#primaryimage"},"thumbnailUrl":"https:\/\/www2.realat.lv\/wp-content\/uploads\/2015\/06\/minimalist-low-profile-furniture.jpg","datePublished":"2015-06-11T12:29:36+00:00","dateModified":"2021-08-02T10:26:38+00:00","description":"\u0160odien pats svar\u012bg\u0101kais faktors veiksm\u012bga biznesa, sadarb\u012bbas vai komunik\u0101cijas uzs\u0101k\u0161anai ir uztic\u0113\u0161an\u0101s. T\u0101, p\u0113c cilv\u0113ka b\u016bt\u012bbas, ir noz\u012bm\u012bg\u0101k\u0101 jebkura dar\u012bjuma sast\u0101vda\u013ca. Ja neizprotam kaut k\u0101das lietas l\u012bdz galam, m\u0113s autom\u0101tiski pak\u013caujam sevi riskam spert k\u0101du soli piln\u012bgi sve\u0161\u0101 un nedro\u0161\u0101 virzien\u0101.","breadcrumb":{"@id":"https:\/\/www2.realat.lv\/en\/residential-brokerage\/#breadcrumb"},"inLanguage":"ru","potentialAction":[{"@type":"ReadAction","target":["https:\/\/www2.realat.lv\/en\/residential-brokerage\/"]}]},{"@type":"ImageObject","inLanguage":"ru","@id":"https:\/\/www2.realat.lv\/en\/residential-brokerage\/#primaryimage","url":"https:\/\/www2.realat.lv\/wp-content\/uploads\/2015\/06\/minimalist-low-profile-furniture.jpg","contentUrl":"https:\/\/www2.realat.lv\/wp-content\/uploads\/2015\/06\/minimalist-low-profile-furniture.jpg","width":1200,"height":676},{"@type":"BreadcrumbList","@id":"https:\/\/www2.realat.lv\/en\/residential-brokerage\/#breadcrumb","itemListElement":[{"@type":"ListItem","position":1,"name":"Home","item":"https:\/\/www2.realat.lv\/en\/"},{"@type":"ListItem","position":2,"name":"Intermediary Services in Living Space Deals"}]},{"@type":"WebSite","@id":"https:\/\/www2.realat.lv\/en\/#website","url":"https:\/\/www2.realat.lv\/en\/","name":"REALAT.lv","description":"Nekustamie \u012bpa\u0161umi, iz\u012br\u0113, iznom\u0101 un p\u0101rdod, dz\u012bvok\u013ci, m\u0101jas, zemes, komerc\u012bpa\u0161umi, invest\u012bciju projekti, starpniec\u012bbas pakalpojumi.","potentialAction":[{"@type":"SearchAction","target":{"@type":"EntryPoint","urlTemplate":"https:\/\/www2.realat.lv\/en\/?s={search_term_string}"},"query-input":{"@type":"PropertyValueSpecification","valueRequired":true,"valueName":"search_term_string"}}],"inLanguage":"ru"}]}},"post_mailing_queue_ids":[],"_links":{"self":[{"href":"https:\/\/www2.realat.lv\/ru\/wp-json\/wp\/v2\/pages\/4269","targetHints":{"allow":["GET"]}}],"collection":[{"href":"https:\/\/www2.realat.lv\/ru\/wp-json\/wp\/v2\/pages"}],"about":[{"href":"https:\/\/www2.realat.lv\/ru\/wp-json\/wp\/v2\/types\/page"}],"author":[{"embeddable":true,"href":"https:\/\/www2.realat.lv\/ru\/wp-json\/wp\/v2\/users\/2"}],"replies":[{"embeddable":true,"href":"https:\/\/www2.realat.lv\/ru\/wp-json\/wp\/v2\/comments?post=4269"}],"version-history":[{"count":0,"href":"https:\/\/www2.realat.lv\/ru\/wp-json\/wp\/v2\/pages\/4269\/revisions"}],"wp:featuredmedia":[{"embeddable":true,"href":"https:\/\/www2.realat.lv\/ru\/wp-json\/wp\/v2\/media\/1373993"}],"wp:attachment":[{"href":"https:\/\/www2.realat.lv\/ru\/wp-json\/wp\/v2\/media?parent=4269"}],"curies":[{"name":"wp","href":"https:\/\/api.w.org\/{rel}","templated":true}]}}