{"id":4291,"date":"2015-06-11T12:40:28","date_gmt":"2015-06-11T12:40:28","guid":{"rendered":"http:\/\/lux.www2.realat.lv\/wordpress\/?page_id=4291"},"modified":"2024-05-24T17:33:05","modified_gmt":"2024-05-24T14:33:05","slug":"kontakti","status":"publish","type":"page","link":"https:\/\/www2.realat.lv\/ru\/%d0%ba%d0%be%d0%bd%d1%82%d0%b0%d0%ba%d1%82%d0%b8\/","title":{"rendered":"\u041a\u043e\u043d\u0442\u0430\u043a\u0442\u044b"},"content":{"rendered":"\t\t<div data-elementor-type=\"wp-page\" data-elementor-id=\"4291\" class=\"elementor elementor-4291\">\n\t\t\t\t\t\t<section class=\"elementor-section elementor-top-section elementor-element elementor-element-10b98b6a elementor-section-boxed elementor-section-height-default elementor-section-height-default\" data-id=\"10b98b6a\" data-element_type=\"section\" data-e-type=\"section\">\n\t\t\t\t\t\t<div class=\"elementor-container elementor-column-gap-default\">\n\t\t\t\t\t<div class=\"elementor-column elementor-col-100 elementor-top-column elementor-element elementor-element-765d54cc\" data-id=\"765d54cc\" data-element_type=\"column\" data-e-type=\"column\">\n\t\t\t<div class=\"elementor-widget-wrap elementor-element-populated\">\n\t\t\t\t\t\t<div class=\"elementor-element elementor-element-30dfd46b elementor-widget elementor-widget-text-editor\" data-id=\"30dfd46b\" data-element_type=\"widget\" data-e-type=\"widget\" data-widget_type=\"text-editor.default\">\n\t\t\t\t<div class=\"elementor-widget-container\">\n\t\t\t\t\t\t\t\t\t<p><\/p>\n<div><span>\u041e\u041e\u041e&nbsp;REALAT<\/span><\/div>\n<div>&nbsp;<\/div>\n<div><span>\u0420\u0435\u0433\u0438\u0441\u0442\u0440\u0430\u0446\u0438\u044f. \u041d\u043e\u043c\u0435\u0440: LV40103352357<\/span><\/div>\n<div>\u042e\u0440\u0438\u0434\u0438\u0447\u0435\u0441\u043a\u0438\u0439 \u0430\u0434\u0440\u0435\u0441: \u0443\u043b\u0438\u0446\u0430 \u041b\u0430\u0447\u043f\u043b\u0435\u0448\u0430 57, \u0420\u0438\u0433\u0430, LV-1011<\/div>\n<div>Swedbank AS LV27HABA0551029724890<\/div>\n<div>HABALV22<\/div>\n<div>&nbsp;<\/div>\n<div><span>\u0424\u0430\u043a\u0442\u0438\u0447\u0435\u0441\u043a\u0438\u0439 \u0430\u0434\u0440\u0435\u0441: \u0443\u043b\u0438\u0446\u0430 \u041b\u0430\u0447\u043f\u043b\u0435\u0448\u0430 57, \u0420\u0438\u0433\u0430, LV-1011<\/span><\/div>\n<div>&nbsp;<\/div>\n<div><span>\u0422\u0435\u043b\u0435\u0444\u043e\u043d: + 371 6721 0010<\/span><\/div>\n<div><span>E-mail: info@www2.realat.lv<\/span><\/div>\n<div>&nbsp;<\/div>\n<div><span>www2.realat.lv<\/span><\/div>\n<div>&nbsp;<\/div>\n<p><\/p>\t\t\t\t\t\t\t\t<\/div>\n\t\t\t\t<\/div>\n\t\t\t\t\t<\/div>\n\t\t<\/div>\n\t\t\t\t\t<\/div>\n\t\t<\/section>\n\t\t\t\t<\/div>\n\t\t","protected":false},"excerpt":{"rendered":"<p>\u041e\u041e\u041e&nbsp;REALAT &nbsp; \u0420\u0435\u0433\u0438\u0441\u0442\u0440\u0430\u0446\u0438\u044f. \u041d\u043e\u043c\u0435\u0440: LV40103352357 \u042e\u0440\u0438\u0434\u0438\u0447\u0435\u0441\u043a\u0438\u0439 \u0430\u0434\u0440\u0435\u0441: \u0443\u043b\u0438\u0446\u0430 \u041b\u0430\u0447\u043f\u043b\u0435\u0448\u0430 57, \u0420\u0438\u0433\u0430, LV-1011 Swedbank AS LV27HABA0551029724890 HABALV22 &nbsp; \u0424\u0430\u043a\u0442\u0438\u0447\u0435\u0441\u043a\u0438\u0439 \u0430\u0434\u0440\u0435\u0441: \u0443\u043b\u0438\u0446\u0430 \u041b\u0430\u0447\u043f\u043b\u0435\u0448\u0430 57, \u0420\u0438\u0433\u0430, LV-1011 &nbsp; \u0422\u0435\u043b\u0435\u0444\u043e\u043d: + 371 6721 0010&#8230; <\/p>\n","protected":false},"author":2,"featured_media":1365767,"parent":0,"menu_order":0,"comment_status":"closed","ping_status":"closed","template":"contact-page.php","meta":{"footnotes":""},"class_list":["post-4291","page","type-page","status-publish","has-post-thumbnail","hentry"],"yoast_head":"<!-- This site is optimized with the Yoast SEO plugin v26.9 - https:\/\/yoast.com\/product\/yoast-seo-wordpress\/ -->\n<title>\u041a\u043e\u043d\u0442\u0430\u043a\u0442\u044b - REALAT.lv<\/title>\n<meta name=\"description\" content=\"Sazinieties ar m\u016bsu nekustamo \u012bpa\u0161umu speci\u0101listiem. Ar liel\u0101ko prieku pal\u012bdz\u0113sim realiz\u0113t sapni par savu nekustamo \u012bpa\u0161umu.\" \/>\n<meta name=\"robots\" content=\"index, follow, max-snippet:-1, max-image-preview:large, max-video-preview:-1\" \/>\n<meta name=\"twitter:card\" content=\"summary_large_image\" \/>\n<meta name=\"twitter:title\" content=\"\u041a\u043e\u043d\u0442\u0430\u043a\u0442\u044b - REALAT.lv\" \/>\n<meta name=\"twitter:description\" content=\"{:lv}Sazinieties ar m\u016bsu nekustamo \u012bpa\u0161umu speci\u0101listiem. Ar liel\u0101ko prieku pal\u012bdz\u0113sim realiz\u0113t sapni par savu nekustamo \u012bpa\u0161umu.{:}\" \/>\n<meta name=\"twitter:image\" content=\"https:\/\/www2.realat.lv\/wp-content\/uploads\/2015\/12\/1793017.jpg\" \/>\n<meta name=\"twitter:label1\" content=\"Est. reading time\" \/>\n\t<meta name=\"twitter:data1\" content=\"1 minute\" \/>\n<script type=\"application\/ld+json\" class=\"yoast-schema-graph\">{\"@context\":\"https:\/\/schema.org\",\"@graph\":[{\"@type\":\"WebPage\",\"@id\":\"https:\/\/www2.realat.lv\/lv\/kontakti\/\",\"url\":\"https:\/\/www2.realat.lv\/lv\/kontakti\/\",\"name\":\"\u041a\u043e\u043d\u0442\u0430\u043a\u0442\u044b - REALAT.lv\",\"isPartOf\":{\"@id\":\"https:\/\/www2.realat.lv\/en\/#website\"},\"primaryImageOfPage\":{\"@id\":\"https:\/\/www2.realat.lv\/lv\/kontakti\/#primaryimage\"},\"image\":{\"@id\":\"https:\/\/www2.realat.lv\/lv\/kontakti\/#primaryimage\"},\"thumbnailUrl\":\"https:\/\/www2.realat.lv\/wp-content\/uploads\/2015\/12\/1793017.jpg\",\"datePublished\":\"2015-06-11T12:40:28+00:00\",\"dateModified\":\"2024-05-24T14:33:05+00:00\",\"description\":\"{:lv}Sazinieties ar m\u016bsu nekustamo \u012bpa\u0161umu speci\u0101listiem. Ar liel\u0101ko prieku pal\u012bdz\u0113sim realiz\u0113t sapni par savu nekustamo \u012bpa\u0161umu.{:}\",\"breadcrumb\":{\"@id\":\"https:\/\/www2.realat.lv\/lv\/kontakti\/#breadcrumb\"},\"inLanguage\":\"ru\",\"potentialAction\":[{\"@type\":\"ReadAction\",\"target\":[\"https:\/\/www2.realat.lv\/lv\/kontakti\/\"]}]},{\"@type\":\"ImageObject\",\"inLanguage\":\"ru\",\"@id\":\"https:\/\/www2.realat.lv\/lv\/kontakti\/#primaryimage\",\"url\":\"https:\/\/www2.realat.lv\/wp-content\/uploads\/2015\/12\/1793017.jpg\",\"contentUrl\":\"https:\/\/www2.realat.lv\/wp-content\/uploads\/2015\/12\/1793017.jpg\",\"width\":1920,\"height\":1200},{\"@type\":\"BreadcrumbList\",\"@id\":\"https:\/\/www2.realat.lv\/lv\/kontakti\/#breadcrumb\",\"itemListElement\":[{\"@type\":\"ListItem\",\"position\":1,\"name\":\"Home\",\"item\":\"https:\/\/www2.realat.lv\/en\/\"},{\"@type\":\"ListItem\",\"position\":2,\"name\":\"[:lv]Kontakti[:en]Contacts[:ru]\u041a\u043e\u043d\u0442\u0430\u043a\u0442\u044b[:]\"}]},{\"@type\":\"WebSite\",\"@id\":\"https:\/\/www2.realat.lv\/en\/#website\",\"url\":\"https:\/\/www2.realat.lv\/en\/\",\"name\":\"REALAT.lv\",\"description\":\"Nekustamie \u012bpa\u0161umi, iz\u012br\u0113, iznom\u0101 un p\u0101rdod, dz\u012bvok\u013ci, m\u0101jas, zemes, komerc\u012bpa\u0161umi, invest\u012bciju projekti, starpniec\u012bbas pakalpojumi.\",\"potentialAction\":[{\"@type\":\"SearchAction\",\"target\":{\"@type\":\"EntryPoint\",\"urlTemplate\":\"https:\/\/www2.realat.lv\/en\/?s={search_term_string}\"},\"query-input\":{\"@type\":\"PropertyValueSpecification\",\"valueRequired\":true,\"valueName\":\"search_term_string\"}}],\"inLanguage\":\"ru\"}]}<\/script>\n<!-- \/ Yoast SEO plugin. -->","yoast_head_json":{"title":"\u041a\u043e\u043d\u0442\u0430\u043a\u0442\u044b - REALAT.lv","description":"Sazinieties ar m\u016bsu nekustamo \u012bpa\u0161umu speci\u0101listiem. Ar liel\u0101ko prieku pal\u012bdz\u0113sim realiz\u0113t sapni par savu nekustamo \u012bpa\u0161umu.","robots":{"index":"index","follow":"follow","max-snippet":"max-snippet:-1","max-image-preview":"max-image-preview:large","max-video-preview":"max-video-preview:-1"},"twitter_card":"summary_large_image","twitter_title":"\u041a\u043e\u043d\u0442\u0430\u043a\u0442\u044b - REALAT.lv","twitter_description":"{:lv}Sazinieties ar m\u016bsu nekustamo \u012bpa\u0161umu speci\u0101listiem. Ar liel\u0101ko prieku pal\u012bdz\u0113sim realiz\u0113t sapni par savu nekustamo \u012bpa\u0161umu.{:}","twitter_image":"https:\/\/www2.realat.lv\/wp-content\/uploads\/2015\/12\/1793017.jpg","twitter_misc":{"Est. reading time":"1 minute"},"schema":{"@context":"https:\/\/schema.org","@graph":[{"@type":"WebPage","@id":"https:\/\/www2.realat.lv\/lv\/kontakti\/","url":"https:\/\/www2.realat.lv\/lv\/kontakti\/","name":"\u041a\u043e\u043d\u0442\u0430\u043a\u0442\u044b - REALAT.lv","isPartOf":{"@id":"https:\/\/www2.realat.lv\/en\/#website"},"primaryImageOfPage":{"@id":"https:\/\/www2.realat.lv\/lv\/kontakti\/#primaryimage"},"image":{"@id":"https:\/\/www2.realat.lv\/lv\/kontakti\/#primaryimage"},"thumbnailUrl":"https:\/\/www2.realat.lv\/wp-content\/uploads\/2015\/12\/1793017.jpg","datePublished":"2015-06-11T12:40:28+00:00","dateModified":"2024-05-24T14:33:05+00:00","description":"{:lv}Sazinieties ar m\u016bsu nekustamo \u012bpa\u0161umu speci\u0101listiem. Ar liel\u0101ko prieku pal\u012bdz\u0113sim realiz\u0113t sapni par savu nekustamo \u012bpa\u0161umu.{:}","breadcrumb":{"@id":"https:\/\/www2.realat.lv\/lv\/kontakti\/#breadcrumb"},"inLanguage":"ru","potentialAction":[{"@type":"ReadAction","target":["https:\/\/www2.realat.lv\/lv\/kontakti\/"]}]},{"@type":"ImageObject","inLanguage":"ru","@id":"https:\/\/www2.realat.lv\/lv\/kontakti\/#primaryimage","url":"https:\/\/www2.realat.lv\/wp-content\/uploads\/2015\/12\/1793017.jpg","contentUrl":"https:\/\/www2.realat.lv\/wp-content\/uploads\/2015\/12\/1793017.jpg","width":1920,"height":1200},{"@type":"BreadcrumbList","@id":"https:\/\/www2.realat.lv\/lv\/kontakti\/#breadcrumb","itemListElement":[{"@type":"ListItem","position":1,"name":"Home","item":"https:\/\/www2.realat.lv\/en\/"},{"@type":"ListItem","position":2,"name":"[:lv]Kontakti[:en]Contacts[:ru]\u041a\u043e\u043d\u0442\u0430\u043a\u0442\u044b[:]"}]},{"@type":"WebSite","@id":"https:\/\/www2.realat.lv\/en\/#website","url":"https:\/\/www2.realat.lv\/en\/","name":"REALAT.lv","description":"Nekustamie \u012bpa\u0161umi, iz\u012br\u0113, iznom\u0101 un p\u0101rdod, dz\u012bvok\u013ci, m\u0101jas, zemes, komerc\u012bpa\u0161umi, invest\u012bciju projekti, starpniec\u012bbas pakalpojumi.","potentialAction":[{"@type":"SearchAction","target":{"@type":"EntryPoint","urlTemplate":"https:\/\/www2.realat.lv\/en\/?s={search_term_string}"},"query-input":{"@type":"PropertyValueSpecification","valueRequired":true,"valueName":"search_term_string"}}],"inLanguage":"ru"}]}},"post_mailing_queue_ids":[],"_links":{"self":[{"href":"https:\/\/www2.realat.lv\/ru\/wp-json\/wp\/v2\/pages\/4291","targetHints":{"allow":["GET"]}}],"collection":[{"href":"https:\/\/www2.realat.lv\/ru\/wp-json\/wp\/v2\/pages"}],"about":[{"href":"https:\/\/www2.realat.lv\/ru\/wp-json\/wp\/v2\/types\/page"}],"author":[{"embeddable":true,"href":"https:\/\/www2.realat.lv\/ru\/wp-json\/wp\/v2\/users\/2"}],"replies":[{"embeddable":true,"href":"https:\/\/www2.realat.lv\/ru\/wp-json\/wp\/v2\/comments?post=4291"}],"version-history":[{"count":0,"href":"https:\/\/www2.realat.lv\/ru\/wp-json\/wp\/v2\/pages\/4291\/revisions"}],"wp:featuredmedia":[{"embeddable":true,"href":"https:\/\/www2.realat.lv\/ru\/wp-json\/wp\/v2\/media\/1365767"}],"wp:attachment":[{"href":"https:\/\/www2.realat.lv\/ru\/wp-json\/wp\/v2\/media?parent=4291"}],"curies":[{"name":"wp","href":"https:\/\/api.w.org\/{rel}","templated":true}]}}