{"id":4300,"date":"2015-06-11T12:47:46","date_gmt":"2015-06-11T12:47:46","guid":{"rendered":"http:\/\/lux.www2.realat.lv\/wordpress\/?page_id=4300"},"modified":"2026-02-04T10:15:19","modified_gmt":"2026-02-04T08:15:19","slug":"klientu-atsauksmes","status":"publish","type":"page","link":"https:\/\/www2.realat.lv\/ru\/%d0%be%d1%82%d0%b7%d1%8b%d0%b2%d1%8b-%d0%ba%d0%bb%d0%b8%d0%b5%d0%bd%d1%82%d0%be%d0%b2\/","title":{"rendered":"\u041e\u0442\u0437\u044b\u0432\u044b \u043a\u043b\u0438\u0435\u043d\u0442\u043e\u0432"},"content":{"rendered":"<p><\/p>\n<p style=\"text-align: center;\"><span style=\"font-size: 14pt;\">\u041d\u0430\u043c \u0432\u0430\u0436\u043d\u0430 \u0442\u043e\u0447\u043a\u0430 \u0437\u0440\u0435\u043d\u0438\u044f \u043d\u0430\u0448\u0438\u0445 \u043a\u043b\u0438\u0435\u043d\u0442\u043e\u0432 \u0434\u043b\u044f \u0442\u043e\u0433\u043e, \u0447\u0442\u043e\u0431\u044b \u0440\u0430\u0431\u043e\u0442\u0430\u0442\u044c \u0441 \u043f\u043e\u043b\u043d\u043e\u0439 \u043e\u0442\u0434\u0430\u0447\u0435\u0439 \u0438 \u0441\u0442\u0440\u0435\u043c\u0438\u0442\u044c\u0441\u044f \u043a \u0441\u0430\u043c\u044b\u043c \u043b\u0443\u0447\u0448\u0438\u043c \u0440\u0435\u0437\u0443\u043b\u044c\u0442\u0430\u043c, \u043f\u043e\u044d\u0442\u043e\u043c\u0443 \u043c\u044b \u043e\u0431\u043e\u0431\u0449\u0430\u0435\u043c \u0432\u0441\u0435 \u043e\u0442\u0437\u044b\u0432\u044b \u0438 \u0433\u043e\u0440\u0434\u0438\u043c\u0441\u044f \u0438\u043c\u0438, \u0442\u0430\u043a\u0441\u043b\u043e\u0432\u043d\u043e \u044d\u0442\u043e \u043c\u0435\u0434\u0430\u043b\u0438 \u0432 \u043a\u0430\u043a\u0438\u0445-\u0442\u043e \u043e\u0447\u0435\u043d\u044c \u0432\u0430\u0436\u043d\u044b\u0445 \u0441\u043e\u0440\u0435\u0432\u043d\u043e\u0432\u0430\u043d\u0438\u044f\u0445.<\/span><\/p>\n<p><\/p>","protected":false},"excerpt":{"rendered":"<p>\u041d\u0430\u043c \u0432\u0430\u0436\u043d\u0430 \u0442\u043e\u0447\u043a\u0430 \u0437\u0440\u0435\u043d\u0438\u044f \u043d\u0430\u0448\u0438\u0445 \u043a\u043b\u0438\u0435\u043d\u0442\u043e\u0432 \u0434\u043b\u044f \u0442\u043e\u0433\u043e, \u0447\u0442\u043e\u0431\u044b \u0440\u0430\u0431\u043e\u0442\u0430\u0442\u044c \u0441 \u043f\u043e\u043b\u043d\u043e\u0439 \u043e\u0442\u0434\u0430\u0447\u0435\u0439 \u0438 \u0441\u0442\u0440\u0435\u043c\u0438\u0442\u044c\u0441\u044f \u043a \u0441\u0430\u043c\u044b\u043c \u043b\u0443\u0447\u0448\u0438\u043c \u0440\u0435\u0437\u0443\u043b\u044c\u0442\u0430\u043c, \u043f\u043e\u044d\u0442\u043e\u043c\u0443 \u043c\u044b \u043e\u0431\u043e\u0431\u0449\u0430\u0435\u043c \u0432\u0441\u0435 \u043e\u0442\u0437\u044b\u0432\u044b \u0438 \u0433\u043e\u0440\u0434\u0438\u043c\u0441\u044f \u0438\u043c\u0438, \u0442\u0430\u043a\u0441\u043b\u043e\u0432\u043d\u043e \u044d\u0442\u043e \u043c\u0435\u0434\u0430\u043b\u0438&#8230; <\/p>\n","protected":false},"author":2,"featured_media":2048842,"parent":0,"menu_order":0,"comment_status":"closed","ping_status":"closed","template":"atsauksmes.php","meta":{"footnotes":""},"class_list":["post-4300","page","type-page","status-publish","has-post-thumbnail","hentry"],"yoast_head":"<!-- This site is optimized with the Yoast SEO plugin v26.9 - https:\/\/yoast.com\/product\/yoast-seo-wordpress\/ -->\n<title>\u041e\u0442\u0437\u044b\u0432\u044b \u043a\u043b\u0438\u0435\u043d\u0442\u043e\u0432 - REALAT.lv<\/title>\n<meta name=\"description\" content=\"Mums ir svar\u012bgs klientu viedoklis, lai varam str\u0101d\u0101t ar pilnu atdevi un tiekties p\u0113c visaugst\u0101kajiem rezult\u0101tiem. Iepaz\u012bstieties ar to atsauksm\u0113m \u0161eit.\" \/>\n<meta name=\"robots\" content=\"index, follow, max-snippet:-1, max-image-preview:large, max-video-preview:-1\" \/>\n<meta name=\"twitter:card\" content=\"summary_large_image\" \/>\n<meta name=\"twitter:title\" content=\"\u041e\u0442\u0437\u044b\u0432\u044b \u043a\u043b\u0438\u0435\u043d\u0442\u043e\u0432 - REALAT.lv\" \/>\n<meta name=\"twitter:description\" content=\"{:lv}Mums ir svar\u012bgs klientu viedoklis, lai varam str\u0101d\u0101t ar pilnu atdevi un tiekties p\u0113c visaugst\u0101kajiem rezult\u0101tiem. Iepaz\u012bstieties ar to atsauksm\u0113m \u0161eit.{:}\" \/>\n<meta name=\"twitter:image\" content=\"https:\/\/www2.realat.lv\/wp-content\/uploads\/2026\/02\/Screenshot-2026-02-04-at-10.05.07.webp\" \/>\n<meta name=\"twitter:label1\" content=\"Est. reading time\" \/>\n\t<meta name=\"twitter:data1\" content=\"1 minute\" \/>\n<script type=\"application\/ld+json\" class=\"yoast-schema-graph\">{\"@context\":\"https:\/\/schema.org\",\"@graph\":[{\"@type\":\"WebPage\",\"@id\":\"https:\/\/www2.realat.lv\/lv\/klientu-atsauksmes\/\",\"url\":\"https:\/\/www2.realat.lv\/lv\/klientu-atsauksmes\/\",\"name\":\"\u041e\u0442\u0437\u044b\u0432\u044b \u043a\u043b\u0438\u0435\u043d\u0442\u043e\u0432 - REALAT.lv\",\"isPartOf\":{\"@id\":\"https:\/\/www2.realat.lv\/en\/#website\"},\"primaryImageOfPage\":{\"@id\":\"https:\/\/www2.realat.lv\/lv\/klientu-atsauksmes\/#primaryimage\"},\"image\":{\"@id\":\"https:\/\/www2.realat.lv\/lv\/klientu-atsauksmes\/#primaryimage\"},\"thumbnailUrl\":\"https:\/\/www2.realat.lv\/wp-content\/uploads\/2026\/02\/Screenshot-2026-02-04-at-10.05.07.webp\",\"datePublished\":\"2015-06-11T12:47:46+00:00\",\"dateModified\":\"2026-02-04T08:15:19+00:00\",\"description\":\"{:lv}Mums ir svar\u012bgs klientu viedoklis, lai varam str\u0101d\u0101t ar pilnu atdevi un tiekties p\u0113c visaugst\u0101kajiem rezult\u0101tiem. Iepaz\u012bstieties ar to atsauksm\u0113m \u0161eit.{:}\",\"breadcrumb\":{\"@id\":\"https:\/\/www2.realat.lv\/lv\/klientu-atsauksmes\/#breadcrumb\"},\"inLanguage\":\"ru\",\"potentialAction\":[{\"@type\":\"ReadAction\",\"target\":[\"https:\/\/www2.realat.lv\/lv\/klientu-atsauksmes\/\"]}]},{\"@type\":\"ImageObject\",\"inLanguage\":\"ru\",\"@id\":\"https:\/\/www2.realat.lv\/lv\/klientu-atsauksmes\/#primaryimage\",\"url\":\"https:\/\/www2.realat.lv\/wp-content\/uploads\/2026\/02\/Screenshot-2026-02-04-at-10.05.07.webp\",\"contentUrl\":\"https:\/\/www2.realat.lv\/wp-content\/uploads\/2026\/02\/Screenshot-2026-02-04-at-10.05.07.webp\",\"width\":2048,\"height\":746},{\"@type\":\"BreadcrumbList\",\"@id\":\"https:\/\/www2.realat.lv\/lv\/klientu-atsauksmes\/#breadcrumb\",\"itemListElement\":[{\"@type\":\"ListItem\",\"position\":1,\"name\":\"Home\",\"item\":\"https:\/\/www2.realat.lv\/en\/\"},{\"@type\":\"ListItem\",\"position\":2,\"name\":\"Klientu atsauksmes\"}]},{\"@type\":\"WebSite\",\"@id\":\"https:\/\/www2.realat.lv\/en\/#website\",\"url\":\"https:\/\/www2.realat.lv\/en\/\",\"name\":\"REALAT.lv\",\"description\":\"Nekustamie \u012bpa\u0161umi, iz\u012br\u0113, iznom\u0101 un p\u0101rdod, dz\u012bvok\u013ci, m\u0101jas, zemes, komerc\u012bpa\u0161umi, invest\u012bciju projekti, starpniec\u012bbas pakalpojumi.\",\"potentialAction\":[{\"@type\":\"SearchAction\",\"target\":{\"@type\":\"EntryPoint\",\"urlTemplate\":\"https:\/\/www2.realat.lv\/en\/?s={search_term_string}\"},\"query-input\":{\"@type\":\"PropertyValueSpecification\",\"valueRequired\":true,\"valueName\":\"search_term_string\"}}],\"inLanguage\":\"ru\"}]}<\/script>\n<!-- \/ Yoast SEO plugin. -->","yoast_head_json":{"title":"\u041e\u0442\u0437\u044b\u0432\u044b \u043a\u043b\u0438\u0435\u043d\u0442\u043e\u0432 - REALAT.lv","description":"Mums ir svar\u012bgs klientu viedoklis, lai varam str\u0101d\u0101t ar pilnu atdevi un tiekties p\u0113c visaugst\u0101kajiem rezult\u0101tiem. Iepaz\u012bstieties ar to atsauksm\u0113m \u0161eit.","robots":{"index":"index","follow":"follow","max-snippet":"max-snippet:-1","max-image-preview":"max-image-preview:large","max-video-preview":"max-video-preview:-1"},"twitter_card":"summary_large_image","twitter_title":"\u041e\u0442\u0437\u044b\u0432\u044b \u043a\u043b\u0438\u0435\u043d\u0442\u043e\u0432 - REALAT.lv","twitter_description":"{:lv}Mums ir svar\u012bgs klientu viedoklis, lai varam str\u0101d\u0101t ar pilnu atdevi un tiekties p\u0113c visaugst\u0101kajiem rezult\u0101tiem. Iepaz\u012bstieties ar to atsauksm\u0113m \u0161eit.{:}","twitter_image":"https:\/\/www2.realat.lv\/wp-content\/uploads\/2026\/02\/Screenshot-2026-02-04-at-10.05.07.webp","twitter_misc":{"Est. reading time":"1 minute"},"schema":{"@context":"https:\/\/schema.org","@graph":[{"@type":"WebPage","@id":"https:\/\/www2.realat.lv\/lv\/klientu-atsauksmes\/","url":"https:\/\/www2.realat.lv\/lv\/klientu-atsauksmes\/","name":"\u041e\u0442\u0437\u044b\u0432\u044b \u043a\u043b\u0438\u0435\u043d\u0442\u043e\u0432 - REALAT.lv","isPartOf":{"@id":"https:\/\/www2.realat.lv\/en\/#website"},"primaryImageOfPage":{"@id":"https:\/\/www2.realat.lv\/lv\/klientu-atsauksmes\/#primaryimage"},"image":{"@id":"https:\/\/www2.realat.lv\/lv\/klientu-atsauksmes\/#primaryimage"},"thumbnailUrl":"https:\/\/www2.realat.lv\/wp-content\/uploads\/2026\/02\/Screenshot-2026-02-04-at-10.05.07.webp","datePublished":"2015-06-11T12:47:46+00:00","dateModified":"2026-02-04T08:15:19+00:00","description":"{:lv}Mums ir svar\u012bgs klientu viedoklis, lai varam str\u0101d\u0101t ar pilnu atdevi un tiekties p\u0113c visaugst\u0101kajiem rezult\u0101tiem. Iepaz\u012bstieties ar to atsauksm\u0113m \u0161eit.{:}","breadcrumb":{"@id":"https:\/\/www2.realat.lv\/lv\/klientu-atsauksmes\/#breadcrumb"},"inLanguage":"ru","potentialAction":[{"@type":"ReadAction","target":["https:\/\/www2.realat.lv\/lv\/klientu-atsauksmes\/"]}]},{"@type":"ImageObject","inLanguage":"ru","@id":"https:\/\/www2.realat.lv\/lv\/klientu-atsauksmes\/#primaryimage","url":"https:\/\/www2.realat.lv\/wp-content\/uploads\/2026\/02\/Screenshot-2026-02-04-at-10.05.07.webp","contentUrl":"https:\/\/www2.realat.lv\/wp-content\/uploads\/2026\/02\/Screenshot-2026-02-04-at-10.05.07.webp","width":2048,"height":746},{"@type":"BreadcrumbList","@id":"https:\/\/www2.realat.lv\/lv\/klientu-atsauksmes\/#breadcrumb","itemListElement":[{"@type":"ListItem","position":1,"name":"Home","item":"https:\/\/www2.realat.lv\/en\/"},{"@type":"ListItem","position":2,"name":"Klientu atsauksmes"}]},{"@type":"WebSite","@id":"https:\/\/www2.realat.lv\/en\/#website","url":"https:\/\/www2.realat.lv\/en\/","name":"REALAT.lv","description":"Nekustamie \u012bpa\u0161umi, iz\u012br\u0113, iznom\u0101 un p\u0101rdod, dz\u012bvok\u013ci, m\u0101jas, zemes, komerc\u012bpa\u0161umi, invest\u012bciju projekti, starpniec\u012bbas pakalpojumi.","potentialAction":[{"@type":"SearchAction","target":{"@type":"EntryPoint","urlTemplate":"https:\/\/www2.realat.lv\/en\/?s={search_term_string}"},"query-input":{"@type":"PropertyValueSpecification","valueRequired":true,"valueName":"search_term_string"}}],"inLanguage":"ru"}]}},"post_mailing_queue_ids":[],"_links":{"self":[{"href":"https:\/\/www2.realat.lv\/ru\/wp-json\/wp\/v2\/pages\/4300","targetHints":{"allow":["GET"]}}],"collection":[{"href":"https:\/\/www2.realat.lv\/ru\/wp-json\/wp\/v2\/pages"}],"about":[{"href":"https:\/\/www2.realat.lv\/ru\/wp-json\/wp\/v2\/types\/page"}],"author":[{"embeddable":true,"href":"https:\/\/www2.realat.lv\/ru\/wp-json\/wp\/v2\/users\/2"}],"replies":[{"embeddable":true,"href":"https:\/\/www2.realat.lv\/ru\/wp-json\/wp\/v2\/comments?post=4300"}],"version-history":[{"count":0,"href":"https:\/\/www2.realat.lv\/ru\/wp-json\/wp\/v2\/pages\/4300\/revisions"}],"wp:featuredmedia":[{"embeddable":true,"href":"https:\/\/www2.realat.lv\/ru\/wp-json\/wp\/v2\/media\/2048842"}],"wp:attachment":[{"href":"https:\/\/www2.realat.lv\/ru\/wp-json\/wp\/v2\/media?parent=4300"}],"curies":[{"name":"wp","href":"https:\/\/api.w.org\/{rel}","templated":true}]}}