{"id":7293,"date":"2015-11-24T12:33:07","date_gmt":"2015-11-24T12:33:07","guid":{"rendered":"http:\/\/lux.www2.realat.lv\/wordpress\/?page_id=7293"},"modified":"2022-10-06T11:45:09","modified_gmt":"2022-10-06T08:45:09","slug":"suti-savu-pieprasijumu","status":"publish","type":"page","link":"https:\/\/www2.realat.lv\/ru\/o%d1%82%d0%bf%d1%80%d0%b0%d0%b2%d0%b8%d1%82%d1%8c-%d0%b7%d0%b0%d0%bf%d1%80%d0%be%d1%81\/","title":{"rendered":"\u041e\u0442\u043f\u0440\u0430\u0432\u0438\u0442\u044c \u0437\u0430\u043f\u0440\u043e\u0441"},"content":{"rendered":"<p><\/p>\n<div><span style=\"font-size: 14pt;\"><strong><span id=\"noHighlight_0.9258374895434827\">\u041d\u0435 \u0443\u0434\u0430\u0435\u0442\u0441\u044f \u043d\u0430\u0439\u0442\u0438 \u0442\u043e, \u0447\u0442\u043e \u0432\u044b \u0438\u0441\u043a\u0430\u043b\u0438 \u0435\u0433\u043e!<\/span><\/strong><\/span><\/div>\n<div>\u00a0<\/div>\n<div><span id=\"noHighlight_0.18826099298894405\">\u041d\u0435 \u0442\u0440\u0430\u0442\u044c\u0442\u0435 \u0432\u0440\u0435\u043c\u044f, \u043e\u0442\u043f\u0440\u0430\u0432\u044c\u0442\u0435 \u043d\u0430\u043c \u043f\u043e\u0434\u0440\u043e\u0431\u043d\u043e\u0435 \u0437\u0430\u043f\u0440\u043e\u0441<\/span><\/div>\n<div>\u00a0<\/div>\n<blockquote><p><span style=\"font-size: 14pt;\">\u042d\u043a\u043e\u043d\u043e\u043c\u044c\u0442\u0435 \u0412\u0430\u0448\u0435 \u0434\u0440\u0430\u0433\u043e\u0446\u0435\u043d\u043d\u043e\u0435 \u0432\u0440\u0435\u043c\u044f \u0434\u043e\u0432\u0435\u0440\u0438\u0435 \u043f\u0440\u043e\u0444\u0435\u0441\u0441\u0438\u043e\u043d\u0430\u043b\u043e\u0432!<\/span><\/p><\/blockquote>\n<p><\/p>","protected":false},"excerpt":{"rendered":"<p>\u041d\u0435 \u0443\u0434\u0430\u0435\u0442\u0441\u044f \u043d\u0430\u0439\u0442\u0438 \u0442\u043e, \u0447\u0442\u043e \u0432\u044b \u0438\u0441\u043a\u0430\u043b\u0438 \u0435\u0433\u043e! \u00a0 \u041d\u0435 \u0442\u0440\u0430\u0442\u044c\u0442\u0435 \u0432\u0440\u0435\u043c\u044f, \u043e\u0442\u043f\u0440\u0430\u0432\u044c\u0442\u0435 \u043d\u0430\u043c \u043f\u043e\u0434\u0440\u043e\u0431\u043d\u043e\u0435 \u0437\u0430\u043f\u0440\u043e\u0441 \u00a0 \u042d\u043a\u043e\u043d\u043e\u043c\u044c\u0442\u0435 \u0412\u0430\u0448\u0435 \u0434\u0440\u0430\u0433\u043e\u0446\u0435\u043d\u043d\u043e\u0435 \u0432\u0440\u0435\u043c\u044f \u0434\u043e\u0432\u0435\u0440\u0438\u0435 \u043f\u0440\u043e\u0444\u0435\u0441\u0441\u0438\u043e\u043d\u0430\u043b\u043e\u0432!<\/p>\n","protected":false},"author":2,"featured_media":7430,"parent":0,"menu_order":0,"comment_status":"closed","ping_status":"closed","template":"suti-pieprasijumu.php","meta":{"footnotes":""},"class_list":["post-7293","page","type-page","status-publish","has-post-thumbnail","hentry"],"yoast_head":"<!-- This site is optimized with the Yoast SEO plugin v26.9 - https:\/\/yoast.com\/product\/yoast-seo-wordpress\/ -->\n<title>\u041e\u0442\u043f\u0440\u0430\u0432\u0438\u0442\u044c \u0437\u0430\u043f\u0440\u043e\u0441 - REALAT.lv<\/title>\n<meta name=\"robots\" content=\"index, follow, max-snippet:-1, max-image-preview:large, max-video-preview:-1\" \/>\n<meta name=\"twitter:card\" content=\"summary_large_image\" \/>\n<meta name=\"twitter:title\" content=\"\u041e\u0442\u043f\u0440\u0430\u0432\u0438\u0442\u044c \u0437\u0430\u043f\u0440\u043e\u0441 - REALAT.lv\" \/>\n<meta name=\"twitter:description\" content=\"\u041d\u0435 \u0443\u0434\u0430\u0435\u0442\u0441\u044f \u043d\u0430\u0439\u0442\u0438 \u0442\u043e, \u0447\u0442\u043e \u0432\u044b \u0438\u0441\u043a\u0430\u043b\u0438 \u0435\u0433\u043e! \u00a0 \u041d\u0435 \u0442\u0440\u0430\u0442\u044c\u0442\u0435 \u0432\u0440\u0435\u043c\u044f, \u043e\u0442\u043f\u0440\u0430\u0432\u044c\u0442\u0435 \u043d\u0430\u043c \u043f\u043e\u0434\u0440\u043e\u0431\u043d\u043e\u0435 \u0437\u0430\u043f\u0440\u043e\u0441 \u00a0 \u042d\u043a\u043e\u043d\u043e\u043c\u044c\u0442\u0435 \u0412\u0430\u0448\u0435 \u0434\u0440\u0430\u0433\u043e\u0446\u0435\u043d\u043d\u043e\u0435 \u0432\u0440\u0435\u043c\u044f \u0434\u043e\u0432\u0435\u0440\u0438\u0435 \u043f\u0440\u043e\u0444\u0435\u0441\u0441\u0438\u043e\u043d\u0430\u043b\u043e\u0432!\" \/>\n<meta name=\"twitter:image\" content=\"https:\/\/www2.realat.lv\/wp-content\/uploads\/2015\/11\/interior-wooden-wall-wood-texture-wall-sculpture.jpg\" \/>\n<meta name=\"twitter:label1\" content=\"Est. reading time\" \/>\n\t<meta name=\"twitter:data1\" content=\"1 minute\" \/>\n<script type=\"application\/ld+json\" class=\"yoast-schema-graph\">{\"@context\":\"https:\/\/schema.org\",\"@graph\":[{\"@type\":\"WebPage\",\"@id\":\"https:\/\/www2.realat.lv\/lv\/suti-savu-pieprasijumu\/\",\"url\":\"https:\/\/www2.realat.lv\/lv\/suti-savu-pieprasijumu\/\",\"name\":\"\u041e\u0442\u043f\u0440\u0430\u0432\u0438\u0442\u044c \u0437\u0430\u043f\u0440\u043e\u0441 - REALAT.lv\",\"isPartOf\":{\"@id\":\"https:\/\/www2.realat.lv\/en\/#website\"},\"primaryImageOfPage\":{\"@id\":\"https:\/\/www2.realat.lv\/lv\/suti-savu-pieprasijumu\/#primaryimage\"},\"image\":{\"@id\":\"https:\/\/www2.realat.lv\/lv\/suti-savu-pieprasijumu\/#primaryimage\"},\"thumbnailUrl\":\"https:\/\/www2.realat.lv\/wp-content\/uploads\/2015\/11\/interior-wooden-wall-wood-texture-wall-sculpture.jpg\",\"datePublished\":\"2015-11-24T12:33:07+00:00\",\"dateModified\":\"2022-10-06T08:45:09+00:00\",\"breadcrumb\":{\"@id\":\"https:\/\/www2.realat.lv\/lv\/suti-savu-pieprasijumu\/#breadcrumb\"},\"inLanguage\":\"ru\",\"potentialAction\":[{\"@type\":\"ReadAction\",\"target\":[\"https:\/\/www2.realat.lv\/lv\/suti-savu-pieprasijumu\/\"]}]},{\"@type\":\"ImageObject\",\"inLanguage\":\"ru\",\"@id\":\"https:\/\/www2.realat.lv\/lv\/suti-savu-pieprasijumu\/#primaryimage\",\"url\":\"https:\/\/www2.realat.lv\/wp-content\/uploads\/2015\/11\/interior-wooden-wall-wood-texture-wall-sculpture.jpg\",\"contentUrl\":\"https:\/\/www2.realat.lv\/wp-content\/uploads\/2015\/11\/interior-wooden-wall-wood-texture-wall-sculpture.jpg\",\"width\":2048,\"height\":1350},{\"@type\":\"BreadcrumbList\",\"@id\":\"https:\/\/www2.realat.lv\/lv\/suti-savu-pieprasijumu\/#breadcrumb\",\"itemListElement\":[{\"@type\":\"ListItem\",\"position\":1,\"name\":\"Home\",\"item\":\"https:\/\/www2.realat.lv\/en\/\"},{\"@type\":\"ListItem\",\"position\":2,\"name\":\"S\u016bti savu piepras\u012bjumu\"}]},{\"@type\":\"WebSite\",\"@id\":\"https:\/\/www2.realat.lv\/en\/#website\",\"url\":\"https:\/\/www2.realat.lv\/en\/\",\"name\":\"REALAT.lv\",\"description\":\"Nekustamie \u012bpa\u0161umi, iz\u012br\u0113, iznom\u0101 un p\u0101rdod, dz\u012bvok\u013ci, m\u0101jas, zemes, komerc\u012bpa\u0161umi, invest\u012bciju projekti, starpniec\u012bbas pakalpojumi.\",\"potentialAction\":[{\"@type\":\"SearchAction\",\"target\":{\"@type\":\"EntryPoint\",\"urlTemplate\":\"https:\/\/www2.realat.lv\/en\/?s={search_term_string}\"},\"query-input\":{\"@type\":\"PropertyValueSpecification\",\"valueRequired\":true,\"valueName\":\"search_term_string\"}}],\"inLanguage\":\"ru\"}]}<\/script>\n<!-- \/ Yoast SEO plugin. -->","yoast_head_json":{"title":"\u041e\u0442\u043f\u0440\u0430\u0432\u0438\u0442\u044c \u0437\u0430\u043f\u0440\u043e\u0441 - REALAT.lv","robots":{"index":"index","follow":"follow","max-snippet":"max-snippet:-1","max-image-preview":"max-image-preview:large","max-video-preview":"max-video-preview:-1"},"twitter_card":"summary_large_image","twitter_title":"\u041e\u0442\u043f\u0440\u0430\u0432\u0438\u0442\u044c \u0437\u0430\u043f\u0440\u043e\u0441 - REALAT.lv","twitter_description":"\u041d\u0435 \u0443\u0434\u0430\u0435\u0442\u0441\u044f \u043d\u0430\u0439\u0442\u0438 \u0442\u043e, \u0447\u0442\u043e \u0432\u044b \u0438\u0441\u043a\u0430\u043b\u0438 \u0435\u0433\u043e! \u00a0 \u041d\u0435 \u0442\u0440\u0430\u0442\u044c\u0442\u0435 \u0432\u0440\u0435\u043c\u044f, \u043e\u0442\u043f\u0440\u0430\u0432\u044c\u0442\u0435 \u043d\u0430\u043c \u043f\u043e\u0434\u0440\u043e\u0431\u043d\u043e\u0435 \u0437\u0430\u043f\u0440\u043e\u0441 \u00a0 \u042d\u043a\u043e\u043d\u043e\u043c\u044c\u0442\u0435 \u0412\u0430\u0448\u0435 \u0434\u0440\u0430\u0433\u043e\u0446\u0435\u043d\u043d\u043e\u0435 \u0432\u0440\u0435\u043c\u044f \u0434\u043e\u0432\u0435\u0440\u0438\u0435 \u043f\u0440\u043e\u0444\u0435\u0441\u0441\u0438\u043e\u043d\u0430\u043b\u043e\u0432!","twitter_image":"https:\/\/www2.realat.lv\/wp-content\/uploads\/2015\/11\/interior-wooden-wall-wood-texture-wall-sculpture.jpg","twitter_misc":{"Est. reading time":"1 minute"},"schema":{"@context":"https:\/\/schema.org","@graph":[{"@type":"WebPage","@id":"https:\/\/www2.realat.lv\/lv\/suti-savu-pieprasijumu\/","url":"https:\/\/www2.realat.lv\/lv\/suti-savu-pieprasijumu\/","name":"\u041e\u0442\u043f\u0440\u0430\u0432\u0438\u0442\u044c \u0437\u0430\u043f\u0440\u043e\u0441 - REALAT.lv","isPartOf":{"@id":"https:\/\/www2.realat.lv\/en\/#website"},"primaryImageOfPage":{"@id":"https:\/\/www2.realat.lv\/lv\/suti-savu-pieprasijumu\/#primaryimage"},"image":{"@id":"https:\/\/www2.realat.lv\/lv\/suti-savu-pieprasijumu\/#primaryimage"},"thumbnailUrl":"https:\/\/www2.realat.lv\/wp-content\/uploads\/2015\/11\/interior-wooden-wall-wood-texture-wall-sculpture.jpg","datePublished":"2015-11-24T12:33:07+00:00","dateModified":"2022-10-06T08:45:09+00:00","breadcrumb":{"@id":"https:\/\/www2.realat.lv\/lv\/suti-savu-pieprasijumu\/#breadcrumb"},"inLanguage":"ru","potentialAction":[{"@type":"ReadAction","target":["https:\/\/www2.realat.lv\/lv\/suti-savu-pieprasijumu\/"]}]},{"@type":"ImageObject","inLanguage":"ru","@id":"https:\/\/www2.realat.lv\/lv\/suti-savu-pieprasijumu\/#primaryimage","url":"https:\/\/www2.realat.lv\/wp-content\/uploads\/2015\/11\/interior-wooden-wall-wood-texture-wall-sculpture.jpg","contentUrl":"https:\/\/www2.realat.lv\/wp-content\/uploads\/2015\/11\/interior-wooden-wall-wood-texture-wall-sculpture.jpg","width":2048,"height":1350},{"@type":"BreadcrumbList","@id":"https:\/\/www2.realat.lv\/lv\/suti-savu-pieprasijumu\/#breadcrumb","itemListElement":[{"@type":"ListItem","position":1,"name":"Home","item":"https:\/\/www2.realat.lv\/en\/"},{"@type":"ListItem","position":2,"name":"S\u016bti savu piepras\u012bjumu"}]},{"@type":"WebSite","@id":"https:\/\/www2.realat.lv\/en\/#website","url":"https:\/\/www2.realat.lv\/en\/","name":"REALAT.lv","description":"Nekustamie \u012bpa\u0161umi, iz\u012br\u0113, iznom\u0101 un p\u0101rdod, dz\u012bvok\u013ci, m\u0101jas, zemes, komerc\u012bpa\u0161umi, invest\u012bciju projekti, starpniec\u012bbas pakalpojumi.","potentialAction":[{"@type":"SearchAction","target":{"@type":"EntryPoint","urlTemplate":"https:\/\/www2.realat.lv\/en\/?s={search_term_string}"},"query-input":{"@type":"PropertyValueSpecification","valueRequired":true,"valueName":"search_term_string"}}],"inLanguage":"ru"}]}},"post_mailing_queue_ids":[],"_links":{"self":[{"href":"https:\/\/www2.realat.lv\/ru\/wp-json\/wp\/v2\/pages\/7293","targetHints":{"allow":["GET"]}}],"collection":[{"href":"https:\/\/www2.realat.lv\/ru\/wp-json\/wp\/v2\/pages"}],"about":[{"href":"https:\/\/www2.realat.lv\/ru\/wp-json\/wp\/v2\/types\/page"}],"author":[{"embeddable":true,"href":"https:\/\/www2.realat.lv\/ru\/wp-json\/wp\/v2\/users\/2"}],"replies":[{"embeddable":true,"href":"https:\/\/www2.realat.lv\/ru\/wp-json\/wp\/v2\/comments?post=7293"}],"version-history":[{"count":0,"href":"https:\/\/www2.realat.lv\/ru\/wp-json\/wp\/v2\/pages\/7293\/revisions"}],"wp:featuredmedia":[{"embeddable":true,"href":"https:\/\/www2.realat.lv\/ru\/wp-json\/wp\/v2\/media\/7430"}],"wp:attachment":[{"href":"https:\/\/www2.realat.lv\/ru\/wp-json\/wp\/v2\/media?parent=7293"}],"curies":[{"name":"wp","href":"https:\/\/api.w.org\/{rel}","templated":true}]}}