{"id":9790,"date":"2015-12-21T21:10:23","date_gmt":"2015-12-21T21:10:23","guid":{"rendered":"http:\/\/lux.www2.realat.lv\/wordpress\/?page_id=9790"},"modified":"2019-02-18T11:50:43","modified_gmt":"2019-02-18T09:50:43","slug":"%d0%bf%d0%be%d0%ba%d1%83%d0%bf%d0%b0%d1%82%d0%b5%d0%bb%d1%8f%d0%bc","status":"publish","type":"page","link":"https:\/\/www2.realat.lv\/ru\/%d0%b4%d0%bb%d1%8f-%d0%bf%d0%be%d0%ba%d1%83%d0%bf%d0%b0%d1%82%d0%b5%d0%bb%d0%b5%d0%b8\/","title":{"rendered":"\u0414\u043b\u044f \u043f\u043e\u043a\u0443\u043f\u0430\u0442\u0435\u043b\u0435\u0439"},"content":{"rendered":"<p><\/p>\n<p><strong>\u041c\u044b \u043e\u0441\u043e\u0437\u043d\u0430\u0435\u043c, \u0447\u0442\u043e \u043f\u0440\u0438\u043e\u0431\u0440\u0435\u0442\u0435\u043d\u0438\u0435 \u043d\u0435\u0434\u0432\u0438\u0436\u0438\u043c\u043e\u0441\u0442\u0438 &#8211; \u043e\u0442\u0432\u0435\u0442\u0441\u0442\u0432\u0435\u043d\u043d\u044b\u0439 \u0448\u0430\u0433, \u0438\u043c\u0435\u043d\u043d\u043e \u043f\u043e\u044d\u0442\u043e\u043c\u0443 \u043c\u044b \u043c\u043e\u0436\u0435\u043c \u043e\u0431\u0435\u0441\u043f\u0435\u0447\u0438\u0442\u044c\u00a0 \u043c\u0430\u043a\u0441\u0438\u043c\u0430\u043b\u044c\u043d\u043e\u0435 \u043a\u0430\u0447\u0435\u0441\u0442\u0432\u043e \u0443\u0441\u043b\u0443\u0433 \u043d\u0430 \u0432\u044b\u0441\u0448\u0435\u043c \u0443\u0440\u043e\u0432\u043d\u0435.<\/strong><\/p>\n<blockquote>\n<p><span style=\"font-size: 14pt;\"><em>\u0423 \u043d\u0430\u0441 \u0412\u044b \u0441\u043c\u043e\u0436\u0435\u0442\u0435 \u043f\u0440\u0438\u043e\u0431\u0440\u0435\u0441\u0442\u0438 \u0438 \u043e\u0444\u043e\u0440\u043c\u0438\u0442\u044c \u043d\u0435\u0434\u0432\u0438\u0436\u0438\u043c\u043e\u0441\u0442\u044c \u043f\u0440\u0438 \u043f\u043e\u0434\u0434\u0435\u0440\u0436\u043a\u0435 \u043f\u0440\u043e\u0444\u0435\u0441\u0441\u0438\u043e\u043d\u0430\u043b\u043e\u0432, \u0441\u044d\u043a\u043e\u043d\u043e\u043c\u0438\u0432 \u0441\u0432\u043e\u0451 \u0432\u0440\u0435\u043c\u044f \u0438 \u0441\u0440\u0435\u0434\u0441\u0442\u0432\u0430.<\/em><\/span><\/p>\n<\/blockquote>\n<p>&nbsp;<\/p>\n<p><span style=\"font-size: 14pt;\"><strong>\u041f\u043e\u0438\u0441\u043a \u0438\u043c\u0443\u0449\u0435\u0441\u0442\u0432\u0430<\/strong><\/span><\/p>\n<p>\u041f\u0440\u043e\u0446\u0435\u0441\u0441 \u043f\u043e\u0438\u0441\u043a\u0430 \u0438\u043c\u0443\u0449\u0435\u0441\u0442\u0432\u0430 \u0447\u0430\u0441\u0442\u043e \u0437\u0430\u043d\u0438\u043c\u0430\u0435\u0442 \u043e\u0447\u0435\u043d\u044c \u043c\u043d\u043e\u0433\u043e \u0432\u0440\u0435\u043c\u0435\u043d\u0438, \u0432\u043c\u0435\u0441\u0442\u043e \u044d\u0442\u043e\u0433\u043e \u043c\u043e\u0436\u043d\u043e \u0431\u044b\u043b\u043e \u0431\u044b \u0437\u0430\u043d\u0438\u043c\u0430\u0442\u044c\u0441\u044f \u0441\u0432\u043e\u0438\u043c\u0438 \u043b\u044e\u0431\u0438\u043c\u044b\u043c\u0438 \u0434\u0435\u043b\u0430\u043c\u0438, \u043d\u0430\u043f\u0440\u0438\u043c\u0435\u0440: \u0447\u0438\u0442\u0430\u0442\u044c \u043a\u043d\u0438\u0433\u0443, \u0437\u0430\u043d\u044f\u0442\u044c\u0441\u044f \u0441\u043f\u043e\u0440\u0442\u043e\u043c \u043b\u0438\u0431\u043e \u043f\u0440\u043e\u0441\u0442\u043e \u043f\u043e\u0441\u0432\u044f\u0442\u0438\u0442\u044c \u0432\u0441\u0451 \u0441\u0432\u043e\u0451 \u0432\u0440\u0435\u043c\u044f \u0441\u0435\u043c\u044c\u0435 \u0438 \u0442\u0434..<\/p>\n<p><strong>\u0414\u043e\u0432\u0435\u0440\u044c\u0442\u0435 \u043d\u0430\u043c \u0441\u0432\u043e\u0451 \u0432\u0440\u0435\u043c\u044f, \u0438 \u043c\u044b \u0412\u0430\u043c \u0433\u0430\u0440\u0430\u043d\u0442\u0438\u0440\u0443\u0435\u043c \u043f\u043e\u0437\u0438\u0442\u0438\u0432\u043d\u044b\u0439\u00a0 \u0440\u0435\u0437\u0443\u043b\u044c\u0442\u0430\u0442!<\/strong><\/p>\n<p>&nbsp;<\/p>\n<p>\u041d\u0430\u0448\u0438 \u043e\u043f\u044b\u0442\u043d\u044b\u0435 \u044d\u043a\u0441\u043f\u0435\u0440\u0442\u044b \u043f\u043e\u0434\u044b\u0449\u0443\u0442 \u0412\u0430\u043c \u0441\u0430\u043c\u043e\u0435 \u0441\u043e\u043e\u0442\u0432\u0435\u0442\u0441\u0442\u0432\u0443\u044e\u0449\u0435\u0435 \u0412\u0430\u0448\u0438\u043c \u0442\u0440\u0435\u0431\u043e\u0432\u0430\u043d\u0438\u044f\u043c \u0438\u043c\u0443\u0449\u0435\u0441\u0442\u0432\u043e.<\/p>\n<p><strong>\u041d\u0430\u0448 \u043f\u0440\u0438\u043e\u0440\u0438\u0442\u0435\u0442 &#8211; \u0412\u0430\u0448\u0435 \u0441\u044d\u043a\u043e\u043d\u043e\u043c\u043b\u0435\u043d\u043d\u043e\u0435 \u0432\u0440\u0435\u043c\u044f!<\/strong><\/p>\n<blockquote>\n<p><span style=\"font-size: 14pt;\"><em>\u043f\u0440\u043e\u0433\u0440\u0430\u043c\u043c\u0430 \u0431\u044b\u0441\u0442\u0440\u043e\u0433\u043e \u0438 \u044d\u0444\u0444\u0435\u043a\u0442\u0438\u0432\u043d\u043e\u0433\u043e \u043f\u043e\u0438\u0441\u043a\u0430 \u0438\u043c\u0443\u0449\u0435\u0441\u0442\u0432\u0430;<\/em><\/span><\/p>\n<p><span style=\"font-size: 14pt;\"><em>\u044e\u0440\u0438\u0434\u0438\u0447\u0435\u0441\u043a\u0430\u044f \u043f\u043e\u0434\u0434\u0435\u0440\u0436\u043a\u0430, \u0441\u043e\u0441\u0442\u0430\u0432\u043b\u0435\u043d\u0438\u0435 \u0434\u043e\u0433\u043e\u0432\u043e\u0440\u043e\u0432;<\/em><\/span><\/p>\n<p><span style=\"font-size: 14pt;\"><em>\u043f\u043e\u0434\u0434\u0435\u0440\u0436\u043a\u0430 \u044d\u043a\u0441\u043f\u0435\u0440\u0442\u0430 \u0438 \u043f\u043e\u0441\u043b\u0435 \u0437\u0430\u043a\u043b\u044e\u0447\u0435\u043d\u0438\u044f \u0441\u0434\u0435\u043b\u043a\u0438;<\/em><\/span><\/p>\n<p><span style=\"font-size: 14pt;\"><em>\u0440\u0435\u043c\u043e\u043d\u0442\u043d\u044b\u0435 \u0438 \u0434\u0438\u0437\u0430\u0439\u043d\u0435\u0440\u0441\u043a\u0438\u0435 \u0443\u0441\u043b\u0443\u0433\u0438;<\/em><\/span><\/p>\n<p><span style=\"font-size: 14pt;\"><em>\u0442\u0440\u0430\u043d\u0441\u043f\u043e\u0440\u0442\u043d\u044b\u0435 \u0443\u0441\u043b\u0443\u0433\u0438;<\/em><\/span><\/p>\n<\/blockquote>\n<p>&nbsp;<\/p>\n<p><span style=\"font-size: 14pt;\">\u0414\u043b\u044f \u043f\u043e\u043b\u0443\u0447\u0435\u043d\u0438\u0435 \u0431\u043e\u043b\u0435\u0435 \u043f\u043e\u0434\u0440\u043e\u0431\u043d\u043e\u0439 \u0438\u043d\u0444\u043e\u0440\u043c\u0430\u0446\u0438\u0438 <a href=\"http:\/\/www2.realat.lv\/lv\/team\/\"><strong>\u0441\u0432\u044f\u0436\u0438\u0442\u0435\u0441\u044c \u0441 \u043d\u0430\u0448\u0438\u043c\u0438 \u044d\u043a\u0441\u043f\u0435\u0440\u0442\u0430\u043c\u0438.<\/strong><\/a><\/span><\/p>\n<p>&nbsp;<\/p>\n<p><\/p>","protected":false},"excerpt":{"rendered":"<p>\u041c\u044b \u043e\u0441\u043e\u0437\u043d\u0430\u0435\u043c, \u0447\u0442\u043e \u043f\u0440\u0438\u043e\u0431\u0440\u0435\u0442\u0435\u043d\u0438\u0435 \u043d\u0435\u0434\u0432\u0438\u0436\u0438\u043c\u043e\u0441\u0442\u0438 &#8211; \u043e\u0442\u0432\u0435\u0442\u0441\u0442\u0432\u0435\u043d\u043d\u044b\u0439 \u0448\u0430\u0433, \u0438\u043c\u0435\u043d\u043d\u043e \u043f\u043e\u044d\u0442\u043e\u043c\u0443 \u043c\u044b \u043c\u043e\u0436\u0435\u043c \u043e\u0431\u0435\u0441\u043f\u0435\u0447\u0438\u0442\u044c\u00a0 \u043c\u0430\u043a\u0441\u0438\u043c\u0430\u043b\u044c\u043d\u043e\u0435 \u043a\u0430\u0447\u0435\u0441\u0442\u0432\u043e \u0443\u0441\u043b\u0443\u0433 \u043d\u0430 \u0432\u044b\u0441\u0448\u0435\u043c \u0443\u0440\u043e\u0432\u043d\u0435. \u0423 \u043d\u0430\u0441 \u0412\u044b \u0441\u043c\u043e\u0436\u0435\u0442\u0435 \u043f\u0440\u0438\u043e\u0431\u0440\u0435\u0441\u0442\u0438 \u0438 \u043e\u0444\u043e\u0440\u043c\u0438\u0442\u044c \u043d\u0435\u0434\u0432\u0438\u0436\u0438\u043c\u043e\u0441\u0442\u044c \u043f\u0440\u0438 \u043f\u043e\u0434\u0434\u0435\u0440\u0436\u043a\u0435 \u043f\u0440\u043e\u0444\u0435\u0441\u0441\u0438\u043e\u043d\u0430\u043b\u043e\u0432,&#8230; <\/p>\n","protected":false},"author":2,"featured_media":1365786,"parent":0,"menu_order":0,"comment_status":"closed","ping_status":"closed","template":"single.php","meta":{"footnotes":""},"class_list":["post-9790","page","type-page","status-publish","has-post-thumbnail","hentry"],"yoast_head":"<!-- This site is optimized with the Yoast SEO plugin v26.9 - https:\/\/yoast.com\/product\/yoast-seo-wordpress\/ -->\n<title>Pirc\u0113jiem - REALAT.lv<\/title>\n<meta name=\"description\" content=\"M\u0113s apzin\u0101mies, ka nekustam\u0101 \u012bpa\u0161uma ieg\u0101de ir atbild\u012bgs solis, tie\u0161i t\u0101p\u0113c m\u0113s sp\u0113jam nodro\u0161in\u0101t maksim\u0101lu pakalpojumu kvalit\u0101ti augst\u0101kaj\u0101 l\u012bmen\u012b.\" \/>\n<meta name=\"robots\" content=\"index, follow, max-snippet:-1, max-image-preview:large, max-video-preview:-1\" \/>\n<meta name=\"twitter:card\" content=\"summary_large_image\" \/>\n<meta name=\"twitter:title\" content=\"Pirc\u0113jiem - REALAT.lv\" \/>\n<meta name=\"twitter:description\" content=\"M\u0113s apzin\u0101mies, ka nekustam\u0101 \u012bpa\u0161uma ieg\u0101de ir atbild\u012bgs solis, tie\u0161i t\u0101p\u0113c m\u0113s sp\u0113jam nodro\u0161in\u0101t maksim\u0101lu pakalpojumu kvalit\u0101ti augst\u0101kaj\u0101 l\u012bmen\u012b.\" \/>\n<meta name=\"twitter:image\" content=\"https:\/\/www2.realat.lv\/wp-content\/uploads\/2015\/12\/22.jpg\" \/>\n<meta name=\"twitter:label1\" content=\"Est. reading time\" \/>\n\t<meta name=\"twitter:data1\" content=\"2 minutes\" \/>\n<script type=\"application\/ld+json\" class=\"yoast-schema-graph\">{\"@context\":\"https:\/\/schema.org\",\"@graph\":[{\"@type\":\"WebPage\",\"@id\":\"https:\/\/www2.realat.lv\/lv\/pircejiem\/\",\"url\":\"https:\/\/www2.realat.lv\/lv\/pircejiem\/\",\"name\":\"Pirc\u0113jiem - REALAT.lv\",\"isPartOf\":{\"@id\":\"https:\/\/www2.realat.lv\/en\/#website\"},\"primaryImageOfPage\":{\"@id\":\"https:\/\/www2.realat.lv\/lv\/pircejiem\/#primaryimage\"},\"image\":{\"@id\":\"https:\/\/www2.realat.lv\/lv\/pircejiem\/#primaryimage\"},\"thumbnailUrl\":\"https:\/\/www2.realat.lv\/wp-content\/uploads\/2015\/12\/22.jpg\",\"datePublished\":\"2015-12-21T21:10:23+00:00\",\"dateModified\":\"2019-02-18T09:50:43+00:00\",\"description\":\"M\u0113s apzin\u0101mies, ka nekustam\u0101 \u012bpa\u0161uma ieg\u0101de ir atbild\u012bgs solis, tie\u0161i t\u0101p\u0113c m\u0113s sp\u0113jam nodro\u0161in\u0101t maksim\u0101lu pakalpojumu kvalit\u0101ti augst\u0101kaj\u0101 l\u012bmen\u012b.\",\"breadcrumb\":{\"@id\":\"https:\/\/www2.realat.lv\/lv\/pircejiem\/#breadcrumb\"},\"inLanguage\":\"ru\",\"potentialAction\":[{\"@type\":\"ReadAction\",\"target\":[\"https:\/\/www2.realat.lv\/lv\/pircejiem\/\"]}]},{\"@type\":\"ImageObject\",\"inLanguage\":\"ru\",\"@id\":\"https:\/\/www2.realat.lv\/lv\/pircejiem\/#primaryimage\",\"url\":\"https:\/\/www2.realat.lv\/wp-content\/uploads\/2015\/12\/22.jpg\",\"contentUrl\":\"https:\/\/www2.realat.lv\/wp-content\/uploads\/2015\/12\/22.jpg\",\"width\":1920,\"height\":802,\"caption\":\"P\u0113rkam J\u016bsu \u012bpa\u0161umu - dz\u012bvokli, m\u0101ju, zemi, komerc\u012bpa\u0161umu\"},{\"@type\":\"BreadcrumbList\",\"@id\":\"https:\/\/www2.realat.lv\/lv\/pircejiem\/#breadcrumb\",\"itemListElement\":[{\"@type\":\"ListItem\",\"position\":1,\"name\":\"Home\",\"item\":\"https:\/\/www2.realat.lv\/en\/\"},{\"@type\":\"ListItem\",\"position\":2,\"name\":\"Pirc\u0113jiem\"}]},{\"@type\":\"WebSite\",\"@id\":\"https:\/\/www2.realat.lv\/en\/#website\",\"url\":\"https:\/\/www2.realat.lv\/en\/\",\"name\":\"REALAT.lv\",\"description\":\"Nekustamie \u012bpa\u0161umi, iz\u012br\u0113, iznom\u0101 un p\u0101rdod, dz\u012bvok\u013ci, m\u0101jas, zemes, komerc\u012bpa\u0161umi, invest\u012bciju projekti, starpniec\u012bbas pakalpojumi.\",\"potentialAction\":[{\"@type\":\"SearchAction\",\"target\":{\"@type\":\"EntryPoint\",\"urlTemplate\":\"https:\/\/www2.realat.lv\/en\/?s={search_term_string}\"},\"query-input\":{\"@type\":\"PropertyValueSpecification\",\"valueRequired\":true,\"valueName\":\"search_term_string\"}}],\"inLanguage\":\"ru\"}]}<\/script>\n<!-- \/ Yoast SEO plugin. -->","yoast_head_json":{"title":"Pirc\u0113jiem - REALAT.lv","description":"M\u0113s apzin\u0101mies, ka nekustam\u0101 \u012bpa\u0161uma ieg\u0101de ir atbild\u012bgs solis, tie\u0161i t\u0101p\u0113c m\u0113s sp\u0113jam nodro\u0161in\u0101t maksim\u0101lu pakalpojumu kvalit\u0101ti augst\u0101kaj\u0101 l\u012bmen\u012b.","robots":{"index":"index","follow":"follow","max-snippet":"max-snippet:-1","max-image-preview":"max-image-preview:large","max-video-preview":"max-video-preview:-1"},"twitter_card":"summary_large_image","twitter_title":"Pirc\u0113jiem - REALAT.lv","twitter_description":"M\u0113s apzin\u0101mies, ka nekustam\u0101 \u012bpa\u0161uma ieg\u0101de ir atbild\u012bgs solis, tie\u0161i t\u0101p\u0113c m\u0113s sp\u0113jam nodro\u0161in\u0101t maksim\u0101lu pakalpojumu kvalit\u0101ti augst\u0101kaj\u0101 l\u012bmen\u012b.","twitter_image":"https:\/\/www2.realat.lv\/wp-content\/uploads\/2015\/12\/22.jpg","twitter_misc":{"Est. reading time":"2 minutes"},"schema":{"@context":"https:\/\/schema.org","@graph":[{"@type":"WebPage","@id":"https:\/\/www2.realat.lv\/lv\/pircejiem\/","url":"https:\/\/www2.realat.lv\/lv\/pircejiem\/","name":"Pirc\u0113jiem - REALAT.lv","isPartOf":{"@id":"https:\/\/www2.realat.lv\/en\/#website"},"primaryImageOfPage":{"@id":"https:\/\/www2.realat.lv\/lv\/pircejiem\/#primaryimage"},"image":{"@id":"https:\/\/www2.realat.lv\/lv\/pircejiem\/#primaryimage"},"thumbnailUrl":"https:\/\/www2.realat.lv\/wp-content\/uploads\/2015\/12\/22.jpg","datePublished":"2015-12-21T21:10:23+00:00","dateModified":"2019-02-18T09:50:43+00:00","description":"M\u0113s apzin\u0101mies, ka nekustam\u0101 \u012bpa\u0161uma ieg\u0101de ir atbild\u012bgs solis, tie\u0161i t\u0101p\u0113c m\u0113s sp\u0113jam nodro\u0161in\u0101t maksim\u0101lu pakalpojumu kvalit\u0101ti augst\u0101kaj\u0101 l\u012bmen\u012b.","breadcrumb":{"@id":"https:\/\/www2.realat.lv\/lv\/pircejiem\/#breadcrumb"},"inLanguage":"ru","potentialAction":[{"@type":"ReadAction","target":["https:\/\/www2.realat.lv\/lv\/pircejiem\/"]}]},{"@type":"ImageObject","inLanguage":"ru","@id":"https:\/\/www2.realat.lv\/lv\/pircejiem\/#primaryimage","url":"https:\/\/www2.realat.lv\/wp-content\/uploads\/2015\/12\/22.jpg","contentUrl":"https:\/\/www2.realat.lv\/wp-content\/uploads\/2015\/12\/22.jpg","width":1920,"height":802,"caption":"P\u0113rkam J\u016bsu \u012bpa\u0161umu - dz\u012bvokli, m\u0101ju, zemi, komerc\u012bpa\u0161umu"},{"@type":"BreadcrumbList","@id":"https:\/\/www2.realat.lv\/lv\/pircejiem\/#breadcrumb","itemListElement":[{"@type":"ListItem","position":1,"name":"Home","item":"https:\/\/www2.realat.lv\/en\/"},{"@type":"ListItem","position":2,"name":"Pirc\u0113jiem"}]},{"@type":"WebSite","@id":"https:\/\/www2.realat.lv\/en\/#website","url":"https:\/\/www2.realat.lv\/en\/","name":"REALAT.lv","description":"Nekustamie \u012bpa\u0161umi, iz\u012br\u0113, iznom\u0101 un p\u0101rdod, dz\u012bvok\u013ci, m\u0101jas, zemes, komerc\u012bpa\u0161umi, invest\u012bciju projekti, starpniec\u012bbas pakalpojumi.","potentialAction":[{"@type":"SearchAction","target":{"@type":"EntryPoint","urlTemplate":"https:\/\/www2.realat.lv\/en\/?s={search_term_string}"},"query-input":{"@type":"PropertyValueSpecification","valueRequired":true,"valueName":"search_term_string"}}],"inLanguage":"ru"}]}},"post_mailing_queue_ids":[],"_links":{"self":[{"href":"https:\/\/www2.realat.lv\/ru\/wp-json\/wp\/v2\/pages\/9790","targetHints":{"allow":["GET"]}}],"collection":[{"href":"https:\/\/www2.realat.lv\/ru\/wp-json\/wp\/v2\/pages"}],"about":[{"href":"https:\/\/www2.realat.lv\/ru\/wp-json\/wp\/v2\/types\/page"}],"author":[{"embeddable":true,"href":"https:\/\/www2.realat.lv\/ru\/wp-json\/wp\/v2\/users\/2"}],"replies":[{"embeddable":true,"href":"https:\/\/www2.realat.lv\/ru\/wp-json\/wp\/v2\/comments?post=9790"}],"version-history":[{"count":0,"href":"https:\/\/www2.realat.lv\/ru\/wp-json\/wp\/v2\/pages\/9790\/revisions"}],"wp:featuredmedia":[{"embeddable":true,"href":"https:\/\/www2.realat.lv\/ru\/wp-json\/wp\/v2\/media\/1365786"}],"wp:attachment":[{"href":"https:\/\/www2.realat.lv\/ru\/wp-json\/wp\/v2\/media?parent=9790"}],"curies":[{"name":"wp","href":"https:\/\/api.w.org\/{rel}","templated":true}]}}